{"id":31189,"date":"2022-02-13T14:54:31","date_gmt":"2022-02-13T13:54:31","guid":{"rendered":"https:\/\/ajatutaja.com\/?post_type=product&#038;p=31189"},"modified":"2026-03-12T14:38:47","modified_gmt":"2026-03-12T13:38:47","slug":"uppababy-cupholder-vista-cruz-minu","status":"publish","type":"product","link":"https:\/\/ajatutaja.com\/hr\/proizvod\/uppababy-cupholder-vista-cruz-minu\/","title":{"rendered":"UPPAbaby cupholder (Vista\/Cruz\/Minu)"},"content":{"rendered":"<p>[vc_row][vc_column][vc_column_text]<\/p>\n<div class=\"short-desc\">\n<p>Uppababy cupholder je nepogre\u0161ljiv dodatek na vozi\u010dku za star\u0161e, ki so veliko na poti &#8211; primeren za razli\u010dne oblike in dimenzije stekleni\u010dk, lon\u010dkov in ostalih potovalnih skodelic.<\/p>\n<ul>\n<li>Na okvir vozi\u010dka ga pritrdite z enostavnim klikom v le nekaj sekundah.<\/li>\n<li>Fleksibilen vlo\u017eek varno dr\u017ei razli\u010dne velikosti in oblike steklenic.<\/li>\n<li>Stranske odprtine omogo\u010dajo prilagajanje razli\u010dnim oblikam in velikostim.<\/li>\n<li>Pritrjeno dr\u017ealo ne ovira zlaganja vozi\u010dka.<\/li>\n<\/ul>\n<\/div>\n<p>[\/vc_column_text][\/vc_column][\/vc_row]<\/p>\n","protected":false},"excerpt":{"rendered":"<p>Uppababy cupholder je dr\u017ealo za fla\u0161ko, ki ga lahko namestimo na vozi\u010dke Uppababy VISTA, CRUZ in MINU.<\/p>\n","protected":false},"featured_media":31190,"template":"","meta":[],"pwb-brand":[2381,2374],"product_brand":[],"product_cat":[2370,2360],"product_tag":[4499,4287,4500],"class_list":{"0":"post-31189","1":"product","2":"type-product","3":"status-publish","4":"has-post-thumbnail","6":"pwb-brand-uppababy-vozicki","7":"pwb-brand-vozicki","8":"product_cat-dodatna-oprema-vozicki","9":"product_cat-vozicki","10":"product_tag-cruz","11":"product_tag-uppababy","12":"product_tag-vista-v2","14":"first","15":"instock","16":"taxable","17":"shipping-taxable","18":"purchasable","19":"product-type-simple","20":"add-to-wishlist-before_image"},"yoast_head":"<!-- This site is optimized with the Yoast SEO plugin v27.6 - https:\/\/yoast.com\/product\/yoast-seo-wordpress\/ -->\n<title>UPPAbaby cupholder (Vista\/Cruz\/Minu) | Ajatutaja<\/title>\n<meta name=\"description\" content=\"Uppababy cupholder je dr\u017ealo za fla\u0161ko, ki ga lahko namestimo na vozi\u010dke Uppababy VISTA, CRUZ in MINU.\" \/>\n<meta name=\"robots\" content=\"index, follow, max-snippet:-1, max-image-preview:large, max-video-preview:-1\" \/>\n<link rel=\"canonical\" href=\"https:\/\/ajatutaja.com\/izdelek\/uppababy-cupholder-vista-cruz-minu\/\" \/>\n<meta property=\"og:locale\" content=\"hr_HR\" \/>\n<meta property=\"og:type\" content=\"article\" \/>\n<meta property=\"og:title\" content=\"UPPAbaby cupholder (Vista\/Cruz\/Minu) | Ajatutaja\" \/>\n<meta property=\"og:description\" content=\"Uppababy cupholder je dr\u017ealo za fla\u0161ko, ki ga lahko namestimo na vozi\u010dke Uppababy VISTA, CRUZ in MINU.\" \/>\n<meta property=\"og:url\" content=\"https:\/\/ajatutaja.com\/izdelek\/uppababy-cupholder-vista-cruz-minu\/\" \/>\n<meta property=\"og:site_name\" content=\"Ajatutaja\" \/>\n<meta property=\"article:modified_time\" content=\"2026-03-12T13:38:47+00:00\" \/>\n<meta property=\"og:image\" content=\"https:\/\/ajatutaja.com\/wp-content\/uploads\/2022\/02\/Cupholder-uppababy-ajatutaja-1.jpg\" \/>\n\t<meta property=\"og:image:width\" content=\"1000\" \/>\n\t<meta property=\"og:image:height\" content=\"1000\" \/>\n\t<meta property=\"og:image:type\" content=\"image\/jpeg\" \/>\n<meta name=\"twitter:card\" content=\"summary_large_image\" \/>\n<meta name=\"twitter:label1\" content=\"Procijenjeno vrijeme \u010ditanja\" \/>\n\t<meta name=\"twitter:data1\" content=\"1 minuta\" \/>\n<script type=\"application\/ld+json\" class=\"yoast-schema-graph\">{\"@context\":\"https:\\\/\\\/schema.org\",\"@graph\":[{\"@type\":\"WebPage\",\"@id\":\"https:\\\/\\\/ajatutaja.com\\\/izdelek\\\/uppababy-cupholder-vista-cruz-minu\\\/\",\"url\":\"https:\\\/\\\/ajatutaja.com\\\/izdelek\\\/uppababy-cupholder-vista-cruz-minu\\\/\",\"name\":\"UPPAbaby cupholder (Vista\\\/Cruz\\\/Minu) | Ajatutaja\",\"isPartOf\":{\"@id\":\"https:\\\/\\\/ajatutaja.com\\\/#website\"},\"primaryImageOfPage\":{\"@id\":\"https:\\\/\\\/ajatutaja.com\\\/izdelek\\\/uppababy-cupholder-vista-cruz-minu\\\/#primaryimage\"},\"image\":{\"@id\":\"https:\\\/\\\/ajatutaja.com\\\/izdelek\\\/uppababy-cupholder-vista-cruz-minu\\\/#primaryimage\"},\"thumbnailUrl\":\"https:\\\/\\\/ajatutaja.com\\\/wp-content\\\/uploads\\\/2022\\\/02\\\/Cupholder-uppababy-ajatutaja-1.jpg\",\"datePublished\":\"2022-02-13T13:54:31+00:00\",\"dateModified\":\"2026-03-12T13:38:47+00:00\",\"description\":\"Uppababy cupholder je dr\u017ealo za fla\u0161ko, ki ga lahko namestimo na vozi\u010dke Uppababy VISTA, CRUZ in MINU.\",\"breadcrumb\":{\"@id\":\"https:\\\/\\\/ajatutaja.com\\\/izdelek\\\/uppababy-cupholder-vista-cruz-minu\\\/#breadcrumb\"},\"inLanguage\":\"hr\",\"potentialAction\":[{\"@type\":\"ReadAction\",\"target\":[\"https:\\\/\\\/ajatutaja.com\\\/izdelek\\\/uppababy-cupholder-vista-cruz-minu\\\/\"]}]},{\"@type\":\"ImageObject\",\"inLanguage\":\"hr\",\"@id\":\"https:\\\/\\\/ajatutaja.com\\\/izdelek\\\/uppababy-cupholder-vista-cruz-minu\\\/#primaryimage\",\"url\":\"https:\\\/\\\/ajatutaja.com\\\/wp-content\\\/uploads\\\/2022\\\/02\\\/Cupholder-uppababy-ajatutaja-1.jpg\",\"contentUrl\":\"https:\\\/\\\/ajatutaja.com\\\/wp-content\\\/uploads\\\/2022\\\/02\\\/Cupholder-uppababy-ajatutaja-1.jpg\",\"width\":1000,\"height\":1000},{\"@type\":\"BreadcrumbList\",\"@id\":\"https:\\\/\\\/ajatutaja.com\\\/izdelek\\\/uppababy-cupholder-vista-cruz-minu\\\/#breadcrumb\",\"itemListElement\":[{\"@type\":\"ListItem\",\"position\":1,\"name\":\"Home\",\"item\":\"https:\\\/\\\/ajatutaja.com\\\/hr\\\/\"},{\"@type\":\"ListItem\",\"position\":2,\"name\":\"Trgovina\",\"item\":\"https:\\\/\\\/ajatutaja.com\\\/hr\\\/trgovina\\\/\"},{\"@type\":\"ListItem\",\"position\":3,\"name\":\"UPPAbaby cupholder (Vista\\\/Cruz\\\/Minu)\"}]},{\"@type\":\"WebSite\",\"@id\":\"https:\\\/\\\/ajatutaja.com\\\/#website\",\"url\":\"https:\\\/\\\/ajatutaja.com\\\/\",\"name\":\"Ajatutaja\",\"description\":\"Otro\u0161ka spletna trgovina AJATUTAJA\",\"publisher\":{\"@id\":\"https:\\\/\\\/ajatutaja.com\\\/#organization\"},\"potentialAction\":[{\"@type\":\"SearchAction\",\"target\":{\"@type\":\"EntryPoint\",\"urlTemplate\":\"https:\\\/\\\/ajatutaja.com\\\/?s={search_term_string}\"},\"query-input\":{\"@type\":\"PropertyValueSpecification\",\"valueRequired\":true,\"valueName\":\"search_term_string\"}}],\"inLanguage\":\"hr\"},{\"@type\":\"Organization\",\"@id\":\"https:\\\/\\\/ajatutaja.com\\\/#organization\",\"name\":\"Ajatutaja\",\"url\":\"https:\\\/\\\/ajatutaja.com\\\/\",\"logo\":{\"@type\":\"ImageObject\",\"inLanguage\":\"hr\",\"@id\":\"https:\\\/\\\/ajatutaja.com\\\/#\\\/schema\\\/logo\\\/image\\\/\",\"url\":\"https:\\\/\\\/ajatutaja.com\\\/wp-content\\\/uploads\\\/2021\\\/10\\\/logo.png\",\"contentUrl\":\"https:\\\/\\\/ajatutaja.com\\\/wp-content\\\/uploads\\\/2021\\\/10\\\/logo.png\",\"width\":555,\"height\":150,\"caption\":\"Ajatutaja\"},\"image\":{\"@id\":\"https:\\\/\\\/ajatutaja.com\\\/#\\\/schema\\\/logo\\\/image\\\/\"}}]}<\/script>\n<!-- \/ Yoast SEO plugin. -->","yoast_head_json":{"title":"UPPAbaby cupholder (Vista\/Cruz\/Minu) | Ajatutaja","description":"Uppababy cupholder je dr\u017ealo za fla\u0161ko, ki ga lahko namestimo na vozi\u010dke Uppababy VISTA, CRUZ in MINU.","robots":{"index":"index","follow":"follow","max-snippet":"max-snippet:-1","max-image-preview":"max-image-preview:large","max-video-preview":"max-video-preview:-1"},"canonical":"https:\/\/ajatutaja.com\/izdelek\/uppababy-cupholder-vista-cruz-minu\/","og_locale":"hr_HR","og_type":"article","og_title":"UPPAbaby cupholder (Vista\/Cruz\/Minu) | Ajatutaja","og_description":"Uppababy cupholder je dr\u017ealo za fla\u0161ko, ki ga lahko namestimo na vozi\u010dke Uppababy VISTA, CRUZ in MINU.","og_url":"https:\/\/ajatutaja.com\/izdelek\/uppababy-cupholder-vista-cruz-minu\/","og_site_name":"Ajatutaja","article_modified_time":"2026-03-12T13:38:47+00:00","og_image":[{"width":1000,"height":1000,"url":"https:\/\/ajatutaja.com\/wp-content\/uploads\/2022\/02\/Cupholder-uppababy-ajatutaja-1.jpg","type":"image\/jpeg"}],"twitter_card":"summary_large_image","twitter_misc":{"Procijenjeno vrijeme \u010ditanja":"1 minuta"},"schema":{"@context":"https:\/\/schema.org","@graph":[{"@type":"WebPage","@id":"https:\/\/ajatutaja.com\/izdelek\/uppababy-cupholder-vista-cruz-minu\/","url":"https:\/\/ajatutaja.com\/izdelek\/uppababy-cupholder-vista-cruz-minu\/","name":"UPPAbaby cupholder (Vista\/Cruz\/Minu) | Ajatutaja","isPartOf":{"@id":"https:\/\/ajatutaja.com\/#website"},"primaryImageOfPage":{"@id":"https:\/\/ajatutaja.com\/izdelek\/uppababy-cupholder-vista-cruz-minu\/#primaryimage"},"image":{"@id":"https:\/\/ajatutaja.com\/izdelek\/uppababy-cupholder-vista-cruz-minu\/#primaryimage"},"thumbnailUrl":"https:\/\/ajatutaja.com\/wp-content\/uploads\/2022\/02\/Cupholder-uppababy-ajatutaja-1.jpg","datePublished":"2022-02-13T13:54:31+00:00","dateModified":"2026-03-12T13:38:47+00:00","description":"Uppababy cupholder je dr\u017ealo za fla\u0161ko, ki ga lahko namestimo na vozi\u010dke Uppababy VISTA, CRUZ in MINU.","breadcrumb":{"@id":"https:\/\/ajatutaja.com\/izdelek\/uppababy-cupholder-vista-cruz-minu\/#breadcrumb"},"inLanguage":"hr","potentialAction":[{"@type":"ReadAction","target":["https:\/\/ajatutaja.com\/izdelek\/uppababy-cupholder-vista-cruz-minu\/"]}]},{"@type":"ImageObject","inLanguage":"hr","@id":"https:\/\/ajatutaja.com\/izdelek\/uppababy-cupholder-vista-cruz-minu\/#primaryimage","url":"https:\/\/ajatutaja.com\/wp-content\/uploads\/2022\/02\/Cupholder-uppababy-ajatutaja-1.jpg","contentUrl":"https:\/\/ajatutaja.com\/wp-content\/uploads\/2022\/02\/Cupholder-uppababy-ajatutaja-1.jpg","width":1000,"height":1000},{"@type":"BreadcrumbList","@id":"https:\/\/ajatutaja.com\/izdelek\/uppababy-cupholder-vista-cruz-minu\/#breadcrumb","itemListElement":[{"@type":"ListItem","position":1,"name":"Home","item":"https:\/\/ajatutaja.com\/hr\/"},{"@type":"ListItem","position":2,"name":"Trgovina","item":"https:\/\/ajatutaja.com\/hr\/trgovina\/"},{"@type":"ListItem","position":3,"name":"UPPAbaby cupholder (Vista\/Cruz\/Minu)"}]},{"@type":"WebSite","@id":"https:\/\/ajatutaja.com\/#website","url":"https:\/\/ajatutaja.com\/","name":"Ajatutaja","description":"Otro\u0161ka spletna trgovina AJATUTAJA","publisher":{"@id":"https:\/\/ajatutaja.com\/#organization"},"potentialAction":[{"@type":"SearchAction","target":{"@type":"EntryPoint","urlTemplate":"https:\/\/ajatutaja.com\/?s={search_term_string}"},"query-input":{"@type":"PropertyValueSpecification","valueRequired":true,"valueName":"search_term_string"}}],"inLanguage":"hr"},{"@type":"Organization","@id":"https:\/\/ajatutaja.com\/#organization","name":"Ajatutaja","url":"https:\/\/ajatutaja.com\/","logo":{"@type":"ImageObject","inLanguage":"hr","@id":"https:\/\/ajatutaja.com\/#\/schema\/logo\/image\/","url":"https:\/\/ajatutaja.com\/wp-content\/uploads\/2021\/10\/logo.png","contentUrl":"https:\/\/ajatutaja.com\/wp-content\/uploads\/2021\/10\/logo.png","width":555,"height":150,"caption":"Ajatutaja"},"image":{"@id":"https:\/\/ajatutaja.com\/#\/schema\/logo\/image\/"}}]}},"brands":[{"id":2381,"name":"UPPABaby","slug":"uppababy-vozicki"},{"id":2374,"name":"Vozi\u010dki","slug":"vozicki"}],"_links":{"self":[{"href":"https:\/\/ajatutaja.com\/hr\/wp-json\/wp\/v2\/product\/31189","targetHints":{"allow":["GET"]}}],"collection":[{"href":"https:\/\/ajatutaja.com\/hr\/wp-json\/wp\/v2\/product"}],"about":[{"href":"https:\/\/ajatutaja.com\/hr\/wp-json\/wp\/v2\/types\/product"}],"wp:featuredmedia":[{"embeddable":true,"href":"https:\/\/ajatutaja.com\/hr\/wp-json\/wp\/v2\/media\/31190"}],"wp:attachment":[{"href":"https:\/\/ajatutaja.com\/hr\/wp-json\/wp\/v2\/media?parent=31189"}],"wp:term":[{"taxonomy":"pwb-brand","embeddable":true,"href":"https:\/\/ajatutaja.com\/hr\/wp-json\/wp\/v2\/pwb-brand?post=31189"},{"taxonomy":"product_brand","embeddable":true,"href":"https:\/\/ajatutaja.com\/hr\/wp-json\/wp\/v2\/product_brand?post=31189"},{"taxonomy":"product_cat","embeddable":true,"href":"https:\/\/ajatutaja.com\/hr\/wp-json\/wp\/v2\/product_cat?post=31189"},{"taxonomy":"product_tag","embeddable":true,"href":"https:\/\/ajatutaja.com\/hr\/wp-json\/wp\/v2\/product_tag?post=31189"}],"curies":[{"name":"wp","href":"https:\/\/api.w.org\/{rel}","templated":true}]}}