{"id":31161,"date":"2022-02-13T12:04:37","date_gmt":"2022-02-13T11:04:37","guid":{"rendered":"https:\/\/ajatutaja.com\/?post_type=product&#038;p=31161"},"modified":"2023-05-02T08:39:18","modified_gmt":"2023-05-02T06:39:18","slug":"uppababy-platnena-kosa-za-stojalo","status":"publish","type":"product","link":"https:\/\/ajatutaja.com\/hr\/proizvod\/uppababy-platnena-kosa-za-stojalo\/","title":{"rendered":"UPPAbaby platnena ko\u0161a za stojalo"},"content":{"rendered":"<p>[vc_row][vc_column][vc_column_text]<\/p>\n<div class=\"short-desc\">\n<p>Podalj\u0161ajte \u017eivljensko dobo va\u0161ega stojala za Uppababy ko\u0161aro in ga spremennite v ko\u0161 za obla\u010dila. Stojalo se kupi lo\u010deno!<\/p>\n<h3>Dimenzije stojala Uppababy:<\/h3>\n<div id=\"controls-specs\" class=\"accordion-panel\" role=\"region\" aria-labelledby=\"accordion-specs\">\n<div class=\"tab-content\">\n<ul>\n<li>Odprto stojalo: 73,7 cm (d) x 48,9 cm (\u0161) x 71,8 cm (v)<\/li>\n<li>Zaprto stojalo: 77,4 cm (d) x 12,7 cm (\u0161) x 85,1 cm (v)<\/li>\n<li>Spodnja polica: 68,6 (d) x 38,1 (\u0161)<\/li>\n<li>Maksimalna vi\u0161ina le\u017ei\u0161\u010da: 63,5 cm<\/li>\n<li>Maksimalna nosilnost: 9 kg<\/li>\n<\/ul>\n<\/div>\n<\/div>\n<\/div>\n<p>[\/vc_column_text][\/vc_column][\/vc_row]<\/p>\n","protected":false},"excerpt":{"rendered":"<p>Podalj\u0161ajte \u017eivljensko dobo va\u0161ega stojala za Uppababy ko\u0161aro in ga spremennite v ko\u0161 za obla\u010dila. Stojalo se kupi lo\u010deno!<\/p>\n","protected":false},"featured_media":31162,"template":"","meta":[],"pwb-brand":[2381,2374],"product_brand":[],"product_cat":[2370,2360],"product_tag":[4499,4287,4500],"class_list":{"0":"post-31161","1":"product","2":"type-product","3":"status-publish","4":"has-post-thumbnail","6":"pwb-brand-uppababy-vozicki","7":"pwb-brand-vozicki","8":"product_cat-dodatna-oprema-vozicki","9":"product_cat-vozicki","10":"product_tag-cruz","11":"product_tag-uppababy","12":"product_tag-vista-v2","14":"first","15":"instock","16":"taxable","17":"shipping-taxable","18":"purchasable","19":"product-type-simple","20":"add-to-wishlist-before_image"},"yoast_head":"<!-- This site is optimized with the Yoast SEO plugin v27.6 - https:\/\/yoast.com\/product\/yoast-seo-wordpress\/ -->\n<title>UPPAbaby platnena ko\u0161a za stojalo | Ajatutaja<\/title>\n<meta name=\"description\" content=\"Podalj\u0161ajte \u017eivljensko dobo va\u0161ega stojala za Uppababy ko\u0161aro in ga spremennite v ko\u0161 za obla\u010dila. Stojalo se kupi lo\u010deno!\" \/>\n<meta name=\"robots\" content=\"index, follow, max-snippet:-1, max-image-preview:large, max-video-preview:-1\" \/>\n<link rel=\"canonical\" href=\"https:\/\/ajatutaja.com\/izdelek\/uppababy-platnena-kosa-za-stojalo\/\" \/>\n<meta property=\"og:locale\" content=\"hr_HR\" \/>\n<meta property=\"og:type\" content=\"article\" \/>\n<meta property=\"og:title\" content=\"UPPAbaby platnena ko\u0161a za stojalo | Ajatutaja\" \/>\n<meta property=\"og:description\" content=\"Podalj\u0161ajte \u017eivljensko dobo va\u0161ega stojala za Uppababy ko\u0161aro in ga spremennite v ko\u0161 za obla\u010dila. Stojalo se kupi lo\u010deno!\" \/>\n<meta property=\"og:url\" content=\"https:\/\/ajatutaja.com\/izdelek\/uppababy-platnena-kosa-za-stojalo\/\" \/>\n<meta property=\"og:site_name\" content=\"Ajatutaja\" \/>\n<meta property=\"article:modified_time\" content=\"2023-05-02T06:39:18+00:00\" \/>\n<meta property=\"og:image\" content=\"https:\/\/ajatutaja.com\/wp-content\/uploads\/2022\/02\/large-ub-hamper-inserts-1.jpg\" \/>\n\t<meta property=\"og:image:width\" content=\"475\" \/>\n\t<meta property=\"og:image:height\" content=\"475\" \/>\n\t<meta property=\"og:image:type\" content=\"image\/jpeg\" \/>\n<meta name=\"twitter:card\" content=\"summary_large_image\" \/>\n<meta name=\"twitter:label1\" content=\"Procijenjeno vrijeme \u010ditanja\" \/>\n\t<meta name=\"twitter:data1\" content=\"1 minuta\" \/>\n<script type=\"application\/ld+json\" class=\"yoast-schema-graph\">{\"@context\":\"https:\\\/\\\/schema.org\",\"@graph\":[{\"@type\":\"WebPage\",\"@id\":\"https:\\\/\\\/ajatutaja.com\\\/izdelek\\\/uppababy-platnena-kosa-za-stojalo\\\/\",\"url\":\"https:\\\/\\\/ajatutaja.com\\\/izdelek\\\/uppababy-platnena-kosa-za-stojalo\\\/\",\"name\":\"UPPAbaby platnena ko\u0161a za stojalo | Ajatutaja\",\"isPartOf\":{\"@id\":\"https:\\\/\\\/ajatutaja.com\\\/#website\"},\"primaryImageOfPage\":{\"@id\":\"https:\\\/\\\/ajatutaja.com\\\/izdelek\\\/uppababy-platnena-kosa-za-stojalo\\\/#primaryimage\"},\"image\":{\"@id\":\"https:\\\/\\\/ajatutaja.com\\\/izdelek\\\/uppababy-platnena-kosa-za-stojalo\\\/#primaryimage\"},\"thumbnailUrl\":\"https:\\\/\\\/ajatutaja.com\\\/wp-content\\\/uploads\\\/2022\\\/02\\\/large-ub-hamper-inserts-1.jpg\",\"datePublished\":\"2022-02-13T11:04:37+00:00\",\"dateModified\":\"2023-05-02T06:39:18+00:00\",\"description\":\"Podalj\u0161ajte \u017eivljensko dobo va\u0161ega stojala za Uppababy ko\u0161aro in ga spremennite v ko\u0161 za obla\u010dila. Stojalo se kupi lo\u010deno!\",\"breadcrumb\":{\"@id\":\"https:\\\/\\\/ajatutaja.com\\\/izdelek\\\/uppababy-platnena-kosa-za-stojalo\\\/#breadcrumb\"},\"inLanguage\":\"hr\",\"potentialAction\":[{\"@type\":\"ReadAction\",\"target\":[\"https:\\\/\\\/ajatutaja.com\\\/izdelek\\\/uppababy-platnena-kosa-za-stojalo\\\/\"]}]},{\"@type\":\"ImageObject\",\"inLanguage\":\"hr\",\"@id\":\"https:\\\/\\\/ajatutaja.com\\\/izdelek\\\/uppababy-platnena-kosa-za-stojalo\\\/#primaryimage\",\"url\":\"https:\\\/\\\/ajatutaja.com\\\/wp-content\\\/uploads\\\/2022\\\/02\\\/large-ub-hamper-inserts-1.jpg\",\"contentUrl\":\"https:\\\/\\\/ajatutaja.com\\\/wp-content\\\/uploads\\\/2022\\\/02\\\/large-ub-hamper-inserts-1.jpg\",\"width\":475,\"height\":475},{\"@type\":\"BreadcrumbList\",\"@id\":\"https:\\\/\\\/ajatutaja.com\\\/izdelek\\\/uppababy-platnena-kosa-za-stojalo\\\/#breadcrumb\",\"itemListElement\":[{\"@type\":\"ListItem\",\"position\":1,\"name\":\"Home\",\"item\":\"https:\\\/\\\/ajatutaja.com\\\/hr\\\/\"},{\"@type\":\"ListItem\",\"position\":2,\"name\":\"Trgovina\",\"item\":\"https:\\\/\\\/ajatutaja.com\\\/hr\\\/trgovina\\\/\"},{\"@type\":\"ListItem\",\"position\":3,\"name\":\"UPPAbaby platnena ko\u0161a za stojalo\"}]},{\"@type\":\"WebSite\",\"@id\":\"https:\\\/\\\/ajatutaja.com\\\/#website\",\"url\":\"https:\\\/\\\/ajatutaja.com\\\/\",\"name\":\"Ajatutaja\",\"description\":\"Otro\u0161ka spletna trgovina AJATUTAJA\",\"publisher\":{\"@id\":\"https:\\\/\\\/ajatutaja.com\\\/#organization\"},\"potentialAction\":[{\"@type\":\"SearchAction\",\"target\":{\"@type\":\"EntryPoint\",\"urlTemplate\":\"https:\\\/\\\/ajatutaja.com\\\/?s={search_term_string}\"},\"query-input\":{\"@type\":\"PropertyValueSpecification\",\"valueRequired\":true,\"valueName\":\"search_term_string\"}}],\"inLanguage\":\"hr\"},{\"@type\":\"Organization\",\"@id\":\"https:\\\/\\\/ajatutaja.com\\\/#organization\",\"name\":\"Ajatutaja\",\"url\":\"https:\\\/\\\/ajatutaja.com\\\/\",\"logo\":{\"@type\":\"ImageObject\",\"inLanguage\":\"hr\",\"@id\":\"https:\\\/\\\/ajatutaja.com\\\/#\\\/schema\\\/logo\\\/image\\\/\",\"url\":\"https:\\\/\\\/ajatutaja.com\\\/wp-content\\\/uploads\\\/2021\\\/10\\\/logo.png\",\"contentUrl\":\"https:\\\/\\\/ajatutaja.com\\\/wp-content\\\/uploads\\\/2021\\\/10\\\/logo.png\",\"width\":555,\"height\":150,\"caption\":\"Ajatutaja\"},\"image\":{\"@id\":\"https:\\\/\\\/ajatutaja.com\\\/#\\\/schema\\\/logo\\\/image\\\/\"}}]}<\/script>\n<!-- \/ Yoast SEO plugin. -->","yoast_head_json":{"title":"UPPAbaby platnena ko\u0161a za stojalo | Ajatutaja","description":"Podalj\u0161ajte \u017eivljensko dobo va\u0161ega stojala za Uppababy ko\u0161aro in ga spremennite v ko\u0161 za obla\u010dila. Stojalo se kupi lo\u010deno!","robots":{"index":"index","follow":"follow","max-snippet":"max-snippet:-1","max-image-preview":"max-image-preview:large","max-video-preview":"max-video-preview:-1"},"canonical":"https:\/\/ajatutaja.com\/izdelek\/uppababy-platnena-kosa-za-stojalo\/","og_locale":"hr_HR","og_type":"article","og_title":"UPPAbaby platnena ko\u0161a za stojalo | Ajatutaja","og_description":"Podalj\u0161ajte \u017eivljensko dobo va\u0161ega stojala za Uppababy ko\u0161aro in ga spremennite v ko\u0161 za obla\u010dila. Stojalo se kupi lo\u010deno!","og_url":"https:\/\/ajatutaja.com\/izdelek\/uppababy-platnena-kosa-za-stojalo\/","og_site_name":"Ajatutaja","article_modified_time":"2023-05-02T06:39:18+00:00","og_image":[{"width":475,"height":475,"url":"https:\/\/ajatutaja.com\/wp-content\/uploads\/2022\/02\/large-ub-hamper-inserts-1.jpg","type":"image\/jpeg"}],"twitter_card":"summary_large_image","twitter_misc":{"Procijenjeno vrijeme \u010ditanja":"1 minuta"},"schema":{"@context":"https:\/\/schema.org","@graph":[{"@type":"WebPage","@id":"https:\/\/ajatutaja.com\/izdelek\/uppababy-platnena-kosa-za-stojalo\/","url":"https:\/\/ajatutaja.com\/izdelek\/uppababy-platnena-kosa-za-stojalo\/","name":"UPPAbaby platnena ko\u0161a za stojalo | Ajatutaja","isPartOf":{"@id":"https:\/\/ajatutaja.com\/#website"},"primaryImageOfPage":{"@id":"https:\/\/ajatutaja.com\/izdelek\/uppababy-platnena-kosa-za-stojalo\/#primaryimage"},"image":{"@id":"https:\/\/ajatutaja.com\/izdelek\/uppababy-platnena-kosa-za-stojalo\/#primaryimage"},"thumbnailUrl":"https:\/\/ajatutaja.com\/wp-content\/uploads\/2022\/02\/large-ub-hamper-inserts-1.jpg","datePublished":"2022-02-13T11:04:37+00:00","dateModified":"2023-05-02T06:39:18+00:00","description":"Podalj\u0161ajte \u017eivljensko dobo va\u0161ega stojala za Uppababy ko\u0161aro in ga spremennite v ko\u0161 za obla\u010dila. Stojalo se kupi lo\u010deno!","breadcrumb":{"@id":"https:\/\/ajatutaja.com\/izdelek\/uppababy-platnena-kosa-za-stojalo\/#breadcrumb"},"inLanguage":"hr","potentialAction":[{"@type":"ReadAction","target":["https:\/\/ajatutaja.com\/izdelek\/uppababy-platnena-kosa-za-stojalo\/"]}]},{"@type":"ImageObject","inLanguage":"hr","@id":"https:\/\/ajatutaja.com\/izdelek\/uppababy-platnena-kosa-za-stojalo\/#primaryimage","url":"https:\/\/ajatutaja.com\/wp-content\/uploads\/2022\/02\/large-ub-hamper-inserts-1.jpg","contentUrl":"https:\/\/ajatutaja.com\/wp-content\/uploads\/2022\/02\/large-ub-hamper-inserts-1.jpg","width":475,"height":475},{"@type":"BreadcrumbList","@id":"https:\/\/ajatutaja.com\/izdelek\/uppababy-platnena-kosa-za-stojalo\/#breadcrumb","itemListElement":[{"@type":"ListItem","position":1,"name":"Home","item":"https:\/\/ajatutaja.com\/hr\/"},{"@type":"ListItem","position":2,"name":"Trgovina","item":"https:\/\/ajatutaja.com\/hr\/trgovina\/"},{"@type":"ListItem","position":3,"name":"UPPAbaby platnena ko\u0161a za stojalo"}]},{"@type":"WebSite","@id":"https:\/\/ajatutaja.com\/#website","url":"https:\/\/ajatutaja.com\/","name":"Ajatutaja","description":"Otro\u0161ka spletna trgovina AJATUTAJA","publisher":{"@id":"https:\/\/ajatutaja.com\/#organization"},"potentialAction":[{"@type":"SearchAction","target":{"@type":"EntryPoint","urlTemplate":"https:\/\/ajatutaja.com\/?s={search_term_string}"},"query-input":{"@type":"PropertyValueSpecification","valueRequired":true,"valueName":"search_term_string"}}],"inLanguage":"hr"},{"@type":"Organization","@id":"https:\/\/ajatutaja.com\/#organization","name":"Ajatutaja","url":"https:\/\/ajatutaja.com\/","logo":{"@type":"ImageObject","inLanguage":"hr","@id":"https:\/\/ajatutaja.com\/#\/schema\/logo\/image\/","url":"https:\/\/ajatutaja.com\/wp-content\/uploads\/2021\/10\/logo.png","contentUrl":"https:\/\/ajatutaja.com\/wp-content\/uploads\/2021\/10\/logo.png","width":555,"height":150,"caption":"Ajatutaja"},"image":{"@id":"https:\/\/ajatutaja.com\/#\/schema\/logo\/image\/"}}]}},"brands":[{"id":2381,"name":"UPPABaby","slug":"uppababy-vozicki"},{"id":2374,"name":"Vozi\u010dki","slug":"vozicki"}],"_links":{"self":[{"href":"https:\/\/ajatutaja.com\/hr\/wp-json\/wp\/v2\/product\/31161","targetHints":{"allow":["GET"]}}],"collection":[{"href":"https:\/\/ajatutaja.com\/hr\/wp-json\/wp\/v2\/product"}],"about":[{"href":"https:\/\/ajatutaja.com\/hr\/wp-json\/wp\/v2\/types\/product"}],"wp:featuredmedia":[{"embeddable":true,"href":"https:\/\/ajatutaja.com\/hr\/wp-json\/wp\/v2\/media\/31162"}],"wp:attachment":[{"href":"https:\/\/ajatutaja.com\/hr\/wp-json\/wp\/v2\/media?parent=31161"}],"wp:term":[{"taxonomy":"pwb-brand","embeddable":true,"href":"https:\/\/ajatutaja.com\/hr\/wp-json\/wp\/v2\/pwb-brand?post=31161"},{"taxonomy":"product_brand","embeddable":true,"href":"https:\/\/ajatutaja.com\/hr\/wp-json\/wp\/v2\/product_brand?post=31161"},{"taxonomy":"product_cat","embeddable":true,"href":"https:\/\/ajatutaja.com\/hr\/wp-json\/wp\/v2\/product_cat?post=31161"},{"taxonomy":"product_tag","embeddable":true,"href":"https:\/\/ajatutaja.com\/hr\/wp-json\/wp\/v2\/product_tag?post=31161"}],"curies":[{"name":"wp","href":"https:\/\/api.w.org\/{rel}","templated":true}]}}