{"id":31150,"date":"2022-02-13T11:19:10","date_gmt":"2022-02-13T10:19:10","guid":{"rendered":"https:\/\/ajatutaja.com\/?post_type=product&#038;p=31150"},"modified":"2024-09-18T20:09:11","modified_gmt":"2024-09-18T18:09:11","slug":"uppababy-vista-spodnji-adapterji-za-besafe-cybex-nuna-joie-in-maxi-cosi","status":"publish","type":"product","link":"https:\/\/ajatutaja.com\/hr\/proizvod\/uppababy-vista-spodnji-adapterji-za-besafe-cybex-nuna-joie-in-maxi-cosi\/","title":{"rendered":"UPPAbaby VISTA spodnji adapterji za BeSafe, Cybex, Nuna, Joie in Maxi Cosi"},"content":{"rendered":"<p>[vc_row][vc_column][vc_column_text]UPPABaby\u00ae Vista omogo\u010da tudi namestitev avtosede\u017ea na spodnje del ogrodja vozi\u010dka VISTA. Adapter se preprosto namesti, ne moti pri zlaganju vozi\u010dka, barvni indikatorji pa pomagajo pri pravilni namestitivi. Preva\u017eanje otroka v lupinici za dalj \u010dasa strokovnjaki odsvetujejo, vseeno pa si to lahko privo\u0161\u010dite ob kraj\u0161ih obiskih trgovine in podobnih prilo\u017enostih.<\/p>\n<h3>Lastnosti Uppababy adapterjev za avtosede\u017e:<\/h3>\n<ul>\n<li>UPPAbaby Vista 2015-2019\/Vista V2\/Cruz V2<\/li>\n<li>Hitra namestitev na vozi\u010dek<\/li>\n<li>Barvno ozna\u010deni kazalni piki zagotavljata pravilno namestitev<\/li>\n<li>Pritrjeni adapterji ne motijo zlaganja vozi\u010dka<\/li>\n<li>Kompatibilni z lupinicami: Maxi-Cosi\u00ae Mico Max 30, Mico NXT, Mico AP, Nuna\u00ae PIPA\u2122, PIPA\u2122 lite, &amp; PIPA\u2122 lite lx, Cybex Aton, Aton 2, Aton Q, Aton M (niso kompatibilni z Maxi-Cosi Prezi)<\/li>\n<\/ul>\n<p>[\/vc_column_text][\/vc_column][\/vc_row]<\/p>\n","protected":false},"excerpt":{"rendered":"<p>S pomo\u010djo adapterjev, lahko <strong>na spodnji del ogrodja<\/strong> vozi\u010dka UPPABaby VISTA namestite avtosede\u017e-lupinico na KLIK. Na tak na\u010din lahko mal\u010dka enostavno prelo\u017eite iz avta v vozi\u010dek, z enostavnim dvigom. Le klik z adapterji vas lo\u010di do avto sede\u017ea v vozi\u010dku in pot se lahko nadaljuje. Otroka lahko tako nemoteno prelo\u017eite iz avta v vozi\u010dek in poskrbite, da se med tem ne prebudi.<\/p>\n<p>Na adapterje lahko namestite avtosede\u017ee &#8211; lupinice razli\u010dnih proizvajalcev: BeSafe, Maxi Cosi, Cybex, Nuna, Joie in BeSafe.<\/p>\n","protected":false},"featured_media":31151,"template":"","meta":[],"pwb-brand":[2381,2374],"product_brand":[],"product_cat":[2370,2360],"product_tag":[4287,4500],"class_list":{"0":"post-31150","1":"product","2":"type-product","3":"status-publish","4":"has-post-thumbnail","6":"pwb-brand-uppababy-vozicki","7":"pwb-brand-vozicki","8":"product_cat-dodatna-oprema-vozicki","9":"product_cat-vozicki","10":"product_tag-uppababy","11":"product_tag-vista-v2","13":"first","14":"instock","15":"taxable","16":"shipping-taxable","17":"purchasable","18":"product-type-simple","19":"add-to-wishlist-before_image"},"yoast_head":"<!-- This site is optimized with the Yoast SEO plugin v27.3 - https:\/\/yoast.com\/product\/yoast-seo-wordpress\/ -->\n<title>UPPAbaby VISTA spodnji adapterji za BeSafe, Cybex, Nuna, Joie in Maxi Cosi | Ajatutaja<\/title>\n<meta name=\"description\" content=\"S pomo\u010djo adapterjev je namestitev avtosede\u017ea-lupinice BeSafe, Cybex, Nuna, Joie ali Maxi Cosi, preprosto na KLIK.\" \/>\n<meta name=\"robots\" content=\"index, follow, max-snippet:-1, max-image-preview:large, max-video-preview:-1\" \/>\n<link rel=\"canonical\" href=\"https:\/\/ajatutaja.com\/izdelek\/uppababy-vista-spodnji-adapterji-za-besafe-cybex-nuna-joie-in-maxi-cosi\/\" \/>\n<meta property=\"og:locale\" content=\"hr_HR\" \/>\n<meta property=\"og:type\" content=\"article\" \/>\n<meta property=\"og:title\" content=\"UPPAbaby VISTA spodnji adapterji za BeSafe, Cybex, Nuna, Joie in Maxi Cosi | Ajatutaja\" \/>\n<meta property=\"og:description\" content=\"S pomo\u010djo adapterjev je namestitev avtosede\u017ea-lupinice BeSafe, Cybex, Nuna, Joie ali Maxi Cosi, preprosto na KLIK.\" \/>\n<meta property=\"og:url\" content=\"https:\/\/ajatutaja.com\/izdelek\/uppababy-vista-spodnji-adapterji-za-besafe-cybex-nuna-joie-in-maxi-cosi\/\" \/>\n<meta property=\"og:site_name\" content=\"Ajatutaja\" \/>\n<meta property=\"article:modified_time\" content=\"2024-09-18T18:09:11+00:00\" \/>\n<meta property=\"og:image\" content=\"https:\/\/ajatutaja.com\/wp-content\/uploads\/2022\/02\/2021-lower-maxi-cosi-02_500x500.jpg\" \/>\n\t<meta property=\"og:image:width\" content=\"500\" \/>\n\t<meta property=\"og:image:height\" content=\"500\" \/>\n\t<meta property=\"og:image:type\" content=\"image\/jpeg\" \/>\n<meta name=\"twitter:card\" content=\"summary_large_image\" \/>\n<meta name=\"twitter:label1\" content=\"Procijenjeno vrijeme \u010ditanja\" \/>\n\t<meta name=\"twitter:data1\" content=\"1 minuta\" \/>\n<script type=\"application\/ld+json\" class=\"yoast-schema-graph\">{\"@context\":\"https:\\\/\\\/schema.org\",\"@graph\":[{\"@type\":\"WebPage\",\"@id\":\"https:\\\/\\\/ajatutaja.com\\\/izdelek\\\/uppababy-vista-spodnji-adapterji-za-besafe-cybex-nuna-joie-in-maxi-cosi\\\/\",\"url\":\"https:\\\/\\\/ajatutaja.com\\\/izdelek\\\/uppababy-vista-spodnji-adapterji-za-besafe-cybex-nuna-joie-in-maxi-cosi\\\/\",\"name\":\"UPPAbaby VISTA spodnji adapterji za BeSafe, Cybex, Nuna, Joie in Maxi Cosi | Ajatutaja\",\"isPartOf\":{\"@id\":\"https:\\\/\\\/ajatutaja.com\\\/#website\"},\"primaryImageOfPage\":{\"@id\":\"https:\\\/\\\/ajatutaja.com\\\/izdelek\\\/uppababy-vista-spodnji-adapterji-za-besafe-cybex-nuna-joie-in-maxi-cosi\\\/#primaryimage\"},\"image\":{\"@id\":\"https:\\\/\\\/ajatutaja.com\\\/izdelek\\\/uppababy-vista-spodnji-adapterji-za-besafe-cybex-nuna-joie-in-maxi-cosi\\\/#primaryimage\"},\"thumbnailUrl\":\"https:\\\/\\\/ajatutaja.com\\\/wp-content\\\/uploads\\\/2022\\\/02\\\/2021-lower-maxi-cosi-02_500x500.jpg\",\"datePublished\":\"2022-02-13T10:19:10+00:00\",\"dateModified\":\"2024-09-18T18:09:11+00:00\",\"description\":\"S pomo\u010djo adapterjev je namestitev avtosede\u017ea-lupinice BeSafe, Cybex, Nuna, Joie ali Maxi Cosi, preprosto na KLIK.\",\"breadcrumb\":{\"@id\":\"https:\\\/\\\/ajatutaja.com\\\/izdelek\\\/uppababy-vista-spodnji-adapterji-za-besafe-cybex-nuna-joie-in-maxi-cosi\\\/#breadcrumb\"},\"inLanguage\":\"hr\",\"potentialAction\":[{\"@type\":\"ReadAction\",\"target\":[\"https:\\\/\\\/ajatutaja.com\\\/izdelek\\\/uppababy-vista-spodnji-adapterji-za-besafe-cybex-nuna-joie-in-maxi-cosi\\\/\"]}]},{\"@type\":\"ImageObject\",\"inLanguage\":\"hr\",\"@id\":\"https:\\\/\\\/ajatutaja.com\\\/izdelek\\\/uppababy-vista-spodnji-adapterji-za-besafe-cybex-nuna-joie-in-maxi-cosi\\\/#primaryimage\",\"url\":\"https:\\\/\\\/ajatutaja.com\\\/wp-content\\\/uploads\\\/2022\\\/02\\\/2021-lower-maxi-cosi-02_500x500.jpg\",\"contentUrl\":\"https:\\\/\\\/ajatutaja.com\\\/wp-content\\\/uploads\\\/2022\\\/02\\\/2021-lower-maxi-cosi-02_500x500.jpg\",\"width\":500,\"height\":500},{\"@type\":\"BreadcrumbList\",\"@id\":\"https:\\\/\\\/ajatutaja.com\\\/izdelek\\\/uppababy-vista-spodnji-adapterji-za-besafe-cybex-nuna-joie-in-maxi-cosi\\\/#breadcrumb\",\"itemListElement\":[{\"@type\":\"ListItem\",\"position\":1,\"name\":\"Home\",\"item\":\"https:\\\/\\\/ajatutaja.com\\\/hr\\\/\"},{\"@type\":\"ListItem\",\"position\":2,\"name\":\"Trgovina\",\"item\":\"https:\\\/\\\/ajatutaja.com\\\/hr\\\/trgovina\\\/\"},{\"@type\":\"ListItem\",\"position\":3,\"name\":\"UPPAbaby VISTA spodnji adapterji za BeSafe, Cybex, Nuna, Joie in Maxi Cosi\"}]},{\"@type\":\"WebSite\",\"@id\":\"https:\\\/\\\/ajatutaja.com\\\/#website\",\"url\":\"https:\\\/\\\/ajatutaja.com\\\/\",\"name\":\"Ajatutaja\",\"description\":\"Otro\u0161ka spletna trgovina AJATUTAJA\",\"publisher\":{\"@id\":\"https:\\\/\\\/ajatutaja.com\\\/#organization\"},\"potentialAction\":[{\"@type\":\"SearchAction\",\"target\":{\"@type\":\"EntryPoint\",\"urlTemplate\":\"https:\\\/\\\/ajatutaja.com\\\/?s={search_term_string}\"},\"query-input\":{\"@type\":\"PropertyValueSpecification\",\"valueRequired\":true,\"valueName\":\"search_term_string\"}}],\"inLanguage\":\"hr\"},{\"@type\":\"Organization\",\"@id\":\"https:\\\/\\\/ajatutaja.com\\\/#organization\",\"name\":\"Ajatutaja\",\"url\":\"https:\\\/\\\/ajatutaja.com\\\/\",\"logo\":{\"@type\":\"ImageObject\",\"inLanguage\":\"hr\",\"@id\":\"https:\\\/\\\/ajatutaja.com\\\/#\\\/schema\\\/logo\\\/image\\\/\",\"url\":\"https:\\\/\\\/ajatutaja.com\\\/wp-content\\\/uploads\\\/2021\\\/10\\\/logo.png\",\"contentUrl\":\"https:\\\/\\\/ajatutaja.com\\\/wp-content\\\/uploads\\\/2021\\\/10\\\/logo.png\",\"width\":555,\"height\":150,\"caption\":\"Ajatutaja\"},\"image\":{\"@id\":\"https:\\\/\\\/ajatutaja.com\\\/#\\\/schema\\\/logo\\\/image\\\/\"}}]}<\/script>\n<!-- \/ Yoast SEO plugin. -->","yoast_head_json":{"title":"UPPAbaby VISTA spodnji adapterji za BeSafe, Cybex, Nuna, Joie in Maxi Cosi | Ajatutaja","description":"S pomo\u010djo adapterjev je namestitev avtosede\u017ea-lupinice BeSafe, Cybex, Nuna, Joie ali Maxi Cosi, preprosto na KLIK.","robots":{"index":"index","follow":"follow","max-snippet":"max-snippet:-1","max-image-preview":"max-image-preview:large","max-video-preview":"max-video-preview:-1"},"canonical":"https:\/\/ajatutaja.com\/izdelek\/uppababy-vista-spodnji-adapterji-za-besafe-cybex-nuna-joie-in-maxi-cosi\/","og_locale":"hr_HR","og_type":"article","og_title":"UPPAbaby VISTA spodnji adapterji za BeSafe, Cybex, Nuna, Joie in Maxi Cosi | Ajatutaja","og_description":"S pomo\u010djo adapterjev je namestitev avtosede\u017ea-lupinice BeSafe, Cybex, Nuna, Joie ali Maxi Cosi, preprosto na KLIK.","og_url":"https:\/\/ajatutaja.com\/izdelek\/uppababy-vista-spodnji-adapterji-za-besafe-cybex-nuna-joie-in-maxi-cosi\/","og_site_name":"Ajatutaja","article_modified_time":"2024-09-18T18:09:11+00:00","og_image":[{"width":500,"height":500,"url":"https:\/\/ajatutaja.com\/wp-content\/uploads\/2022\/02\/2021-lower-maxi-cosi-02_500x500.jpg","type":"image\/jpeg"}],"twitter_card":"summary_large_image","twitter_misc":{"Procijenjeno vrijeme \u010ditanja":"1 minuta"},"schema":{"@context":"https:\/\/schema.org","@graph":[{"@type":"WebPage","@id":"https:\/\/ajatutaja.com\/izdelek\/uppababy-vista-spodnji-adapterji-za-besafe-cybex-nuna-joie-in-maxi-cosi\/","url":"https:\/\/ajatutaja.com\/izdelek\/uppababy-vista-spodnji-adapterji-za-besafe-cybex-nuna-joie-in-maxi-cosi\/","name":"UPPAbaby VISTA spodnji adapterji za BeSafe, Cybex, Nuna, Joie in Maxi Cosi | Ajatutaja","isPartOf":{"@id":"https:\/\/ajatutaja.com\/#website"},"primaryImageOfPage":{"@id":"https:\/\/ajatutaja.com\/izdelek\/uppababy-vista-spodnji-adapterji-za-besafe-cybex-nuna-joie-in-maxi-cosi\/#primaryimage"},"image":{"@id":"https:\/\/ajatutaja.com\/izdelek\/uppababy-vista-spodnji-adapterji-za-besafe-cybex-nuna-joie-in-maxi-cosi\/#primaryimage"},"thumbnailUrl":"https:\/\/ajatutaja.com\/wp-content\/uploads\/2022\/02\/2021-lower-maxi-cosi-02_500x500.jpg","datePublished":"2022-02-13T10:19:10+00:00","dateModified":"2024-09-18T18:09:11+00:00","description":"S pomo\u010djo adapterjev je namestitev avtosede\u017ea-lupinice BeSafe, Cybex, Nuna, Joie ali Maxi Cosi, preprosto na KLIK.","breadcrumb":{"@id":"https:\/\/ajatutaja.com\/izdelek\/uppababy-vista-spodnji-adapterji-za-besafe-cybex-nuna-joie-in-maxi-cosi\/#breadcrumb"},"inLanguage":"hr","potentialAction":[{"@type":"ReadAction","target":["https:\/\/ajatutaja.com\/izdelek\/uppababy-vista-spodnji-adapterji-za-besafe-cybex-nuna-joie-in-maxi-cosi\/"]}]},{"@type":"ImageObject","inLanguage":"hr","@id":"https:\/\/ajatutaja.com\/izdelek\/uppababy-vista-spodnji-adapterji-za-besafe-cybex-nuna-joie-in-maxi-cosi\/#primaryimage","url":"https:\/\/ajatutaja.com\/wp-content\/uploads\/2022\/02\/2021-lower-maxi-cosi-02_500x500.jpg","contentUrl":"https:\/\/ajatutaja.com\/wp-content\/uploads\/2022\/02\/2021-lower-maxi-cosi-02_500x500.jpg","width":500,"height":500},{"@type":"BreadcrumbList","@id":"https:\/\/ajatutaja.com\/izdelek\/uppababy-vista-spodnji-adapterji-za-besafe-cybex-nuna-joie-in-maxi-cosi\/#breadcrumb","itemListElement":[{"@type":"ListItem","position":1,"name":"Home","item":"https:\/\/ajatutaja.com\/hr\/"},{"@type":"ListItem","position":2,"name":"Trgovina","item":"https:\/\/ajatutaja.com\/hr\/trgovina\/"},{"@type":"ListItem","position":3,"name":"UPPAbaby VISTA spodnji adapterji za BeSafe, Cybex, Nuna, Joie in Maxi Cosi"}]},{"@type":"WebSite","@id":"https:\/\/ajatutaja.com\/#website","url":"https:\/\/ajatutaja.com\/","name":"Ajatutaja","description":"Otro\u0161ka spletna trgovina AJATUTAJA","publisher":{"@id":"https:\/\/ajatutaja.com\/#organization"},"potentialAction":[{"@type":"SearchAction","target":{"@type":"EntryPoint","urlTemplate":"https:\/\/ajatutaja.com\/?s={search_term_string}"},"query-input":{"@type":"PropertyValueSpecification","valueRequired":true,"valueName":"search_term_string"}}],"inLanguage":"hr"},{"@type":"Organization","@id":"https:\/\/ajatutaja.com\/#organization","name":"Ajatutaja","url":"https:\/\/ajatutaja.com\/","logo":{"@type":"ImageObject","inLanguage":"hr","@id":"https:\/\/ajatutaja.com\/#\/schema\/logo\/image\/","url":"https:\/\/ajatutaja.com\/wp-content\/uploads\/2021\/10\/logo.png","contentUrl":"https:\/\/ajatutaja.com\/wp-content\/uploads\/2021\/10\/logo.png","width":555,"height":150,"caption":"Ajatutaja"},"image":{"@id":"https:\/\/ajatutaja.com\/#\/schema\/logo\/image\/"}}]}},"brands":[{"id":2381,"name":"UPPABaby","slug":"uppababy-vozicki"},{"id":2374,"name":"Vozi\u010dki","slug":"vozicki"}],"_links":{"self":[{"href":"https:\/\/ajatutaja.com\/hr\/wp-json\/wp\/v2\/product\/31150","targetHints":{"allow":["GET"]}}],"collection":[{"href":"https:\/\/ajatutaja.com\/hr\/wp-json\/wp\/v2\/product"}],"about":[{"href":"https:\/\/ajatutaja.com\/hr\/wp-json\/wp\/v2\/types\/product"}],"wp:featuredmedia":[{"embeddable":true,"href":"https:\/\/ajatutaja.com\/hr\/wp-json\/wp\/v2\/media\/31151"}],"wp:attachment":[{"href":"https:\/\/ajatutaja.com\/hr\/wp-json\/wp\/v2\/media?parent=31150"}],"wp:term":[{"taxonomy":"pwb-brand","embeddable":true,"href":"https:\/\/ajatutaja.com\/hr\/wp-json\/wp\/v2\/pwb-brand?post=31150"},{"taxonomy":"product_brand","embeddable":true,"href":"https:\/\/ajatutaja.com\/hr\/wp-json\/wp\/v2\/product_brand?post=31150"},{"taxonomy":"product_cat","embeddable":true,"href":"https:\/\/ajatutaja.com\/hr\/wp-json\/wp\/v2\/product_cat?post=31150"},{"taxonomy":"product_tag","embeddable":true,"href":"https:\/\/ajatutaja.com\/hr\/wp-json\/wp\/v2\/product_tag?post=31150"}],"curies":[{"name":"wp","href":"https:\/\/api.w.org\/{rel}","templated":true}]}}