{"id":30997,"date":"2022-02-12T18:26:56","date_gmt":"2022-02-12T17:26:56","guid":{"rendered":"https:\/\/ajatutaja.com\/?post_type=product&#038;p=30997"},"modified":"2025-12-10T16:45:04","modified_gmt":"2025-12-10T15:45:04","slug":"posodice-za-zlaganje-little-dutch-blue","status":"publish","type":"product","link":"https:\/\/ajatutaja.com\/hr\/proizvod\/posodice-za-zlaganje-little-dutch-blue\/","title":{"rendered":"Posodice za zlaganje Little Dutch &#8211; Blue"},"content":{"rendered":"<p>Nizozemski proizvajalec Little Dutch izdeluje brez\u010dasne igra\u010de visoke kakovosti, z elegantnimi barvami, odtisi in ilustracijami. Vsi izdelki so skladni z evropskimi direktivami in se proizvajajo brez dela otrok in na dru\u017ebeno odgovoren na\u010din.<\/p>\n<h3>Lastnosti posodic za zlaganje Little Dutch:<\/h3>\n<ul>\n<li>Primerno za starost: 6m+<\/li>\n<li>Dimenzije: stolp se zlo\u017ei do vi\u0161ine 43 cm<\/li>\n<li>v kompletu 8 posodic<\/li>\n<li>Materijal: Polipropile<\/li>\n<li>2 barvi na voljo<\/li>\n<\/ul>\n<p>Varno za otroke \u2013 izdelek je skladen z evropsko uredbo REACH in evropsko direktivo EN-71.<\/p>\n","protected":false},"excerpt":{"rendered":"<p>Ta komplet posodic bo va\u0161ega mal\u010dka spodbudil, da jih zlo\u017ei eno na drugo. Va\u0161 mal\u010dek se bo zabaval s sestavljanjem in podiranjem stolpa. Ure zabave zagotovljene. Vsaka od 8 posodic za zlaganje ima na vrhu svojo \u0161tevilko in se zlahka prilegajo druga na drugo, da se stolp ne zru\u0161i. Va\u0161 mal\u010dek bo spoznaval \u0161tevilke in razvijal dobre motori\u010dne sposobnosti. Stolp lahko sestavite na podlogi, na tleh, v kadi ali peskovniku. Zahvaljujo\u010d vsestranskemu materialu se lahko uporablja res kjerkoli!<\/p>\n","protected":false},"featured_media":30998,"template":"","meta":[],"pwb-brand":[2452,2457],"product_brand":[],"product_cat":[3988,2441,2716,2362,2445],"product_tag":[5248,4002],"class_list":{"0":"post-30997","1":"product","2":"type-product","3":"status-publish","4":"has-post-thumbnail","6":"pwb-brand-igranje","7":"pwb-brand-little-dutch-igra","8":"product_cat-6-mesecev-igrace","9":"product_cat-aktivnostne-igrace","10":"product_cat-darilo-do-30e","11":"product_cat-igranje","12":"product_cat-sestavljanke","13":"product_tag-ld-summer-collection","14":"product_tag-little-dutch","16":"first","17":"instock","18":"taxable","19":"shipping-taxable","20":"purchasable","21":"product-type-simple","22":"add-to-wishlist-before_image"},"yoast_head":"<!-- This site is optimized with the Yoast SEO plugin v27.3 - https:\/\/yoast.com\/product\/yoast-seo-wordpress\/ -->\n<title>Posodice za zlaganje Little Dutch - Blue | Ajatutaja<\/title>\n<meta name=\"description\" content=\"Ta komplet posodic bo va\u0161ega mal\u010dka spodbudil, da jih zlo\u017ei eno na drugo. Va\u0161 mal\u010dek se bo zabaval s sestavljanjem in podiranjem stolpa. Ure zabave zagotovljene.\" \/>\n<meta name=\"robots\" content=\"index, follow, max-snippet:-1, max-image-preview:large, max-video-preview:-1\" \/>\n<link rel=\"canonical\" href=\"https:\/\/ajatutaja.com\/izdelek\/posodice-za-zlaganje-little-dutch-blue\/\" \/>\n<meta property=\"og:locale\" content=\"hr_HR\" \/>\n<meta property=\"og:type\" content=\"article\" \/>\n<meta property=\"og:title\" content=\"Posodice za zlaganje Little Dutch - Blue | Ajatutaja\" \/>\n<meta property=\"og:description\" content=\"Ta komplet posodic bo va\u0161ega mal\u010dka spodbudil, da jih zlo\u017ei eno na drugo. Va\u0161 mal\u010dek se bo zabaval s sestavljanjem in podiranjem stolpa. Ure zabave zagotovljene.\" \/>\n<meta property=\"og:url\" content=\"https:\/\/ajatutaja.com\/izdelek\/posodice-za-zlaganje-little-dutch-blue\/\" \/>\n<meta property=\"og:site_name\" content=\"Ajatutaja\" \/>\n<meta property=\"article:modified_time\" content=\"2025-12-10T15:45:04+00:00\" \/>\n<meta property=\"og:image\" content=\"https:\/\/ajatutaja.com\/wp-content\/uploads\/2022\/02\/posodice-za-zlaganje-little-dutch-blue-ajatutaja-1.jpg\" \/>\n\t<meta property=\"og:image:width\" content=\"400\" \/>\n\t<meta property=\"og:image:height\" content=\"400\" \/>\n\t<meta property=\"og:image:type\" content=\"image\/jpeg\" \/>\n<meta name=\"twitter:card\" content=\"summary_large_image\" \/>\n<script type=\"application\/ld+json\" class=\"yoast-schema-graph\">{\"@context\":\"https:\\\/\\\/schema.org\",\"@graph\":[{\"@type\":\"WebPage\",\"@id\":\"https:\\\/\\\/ajatutaja.com\\\/izdelek\\\/posodice-za-zlaganje-little-dutch-blue\\\/\",\"url\":\"https:\\\/\\\/ajatutaja.com\\\/izdelek\\\/posodice-za-zlaganje-little-dutch-blue\\\/\",\"name\":\"Posodice za zlaganje Little Dutch - Blue | Ajatutaja\",\"isPartOf\":{\"@id\":\"https:\\\/\\\/ajatutaja.com\\\/#website\"},\"primaryImageOfPage\":{\"@id\":\"https:\\\/\\\/ajatutaja.com\\\/izdelek\\\/posodice-za-zlaganje-little-dutch-blue\\\/#primaryimage\"},\"image\":{\"@id\":\"https:\\\/\\\/ajatutaja.com\\\/izdelek\\\/posodice-za-zlaganje-little-dutch-blue\\\/#primaryimage\"},\"thumbnailUrl\":\"https:\\\/\\\/ajatutaja.com\\\/wp-content\\\/uploads\\\/2022\\\/02\\\/posodice-za-zlaganje-little-dutch-blue-ajatutaja-1.jpg\",\"datePublished\":\"2022-02-12T17:26:56+00:00\",\"dateModified\":\"2025-12-10T15:45:04+00:00\",\"description\":\"Ta komplet posodic bo va\u0161ega mal\u010dka spodbudil, da jih zlo\u017ei eno na drugo. Va\u0161 mal\u010dek se bo zabaval s sestavljanjem in podiranjem stolpa. Ure zabave zagotovljene.\",\"breadcrumb\":{\"@id\":\"https:\\\/\\\/ajatutaja.com\\\/izdelek\\\/posodice-za-zlaganje-little-dutch-blue\\\/#breadcrumb\"},\"inLanguage\":\"hr\",\"potentialAction\":[{\"@type\":\"ReadAction\",\"target\":[\"https:\\\/\\\/ajatutaja.com\\\/izdelek\\\/posodice-za-zlaganje-little-dutch-blue\\\/\"]}]},{\"@type\":\"ImageObject\",\"inLanguage\":\"hr\",\"@id\":\"https:\\\/\\\/ajatutaja.com\\\/izdelek\\\/posodice-za-zlaganje-little-dutch-blue\\\/#primaryimage\",\"url\":\"https:\\\/\\\/ajatutaja.com\\\/wp-content\\\/uploads\\\/2022\\\/02\\\/posodice-za-zlaganje-little-dutch-blue-ajatutaja-1.jpg\",\"contentUrl\":\"https:\\\/\\\/ajatutaja.com\\\/wp-content\\\/uploads\\\/2022\\\/02\\\/posodice-za-zlaganje-little-dutch-blue-ajatutaja-1.jpg\",\"width\":400,\"height\":400},{\"@type\":\"BreadcrumbList\",\"@id\":\"https:\\\/\\\/ajatutaja.com\\\/izdelek\\\/posodice-za-zlaganje-little-dutch-blue\\\/#breadcrumb\",\"itemListElement\":[{\"@type\":\"ListItem\",\"position\":1,\"name\":\"Home\",\"item\":\"https:\\\/\\\/ajatutaja.com\\\/hr\\\/\"},{\"@type\":\"ListItem\",\"position\":2,\"name\":\"Trgovina\",\"item\":\"https:\\\/\\\/ajatutaja.com\\\/hr\\\/trgovina\\\/\"},{\"@type\":\"ListItem\",\"position\":3,\"name\":\"Posodice za zlaganje Little Dutch &#8211; Blue\"}]},{\"@type\":\"WebSite\",\"@id\":\"https:\\\/\\\/ajatutaja.com\\\/#website\",\"url\":\"https:\\\/\\\/ajatutaja.com\\\/\",\"name\":\"Ajatutaja\",\"description\":\"Otro\u0161ka spletna trgovina AJATUTAJA\",\"publisher\":{\"@id\":\"https:\\\/\\\/ajatutaja.com\\\/#organization\"},\"potentialAction\":[{\"@type\":\"SearchAction\",\"target\":{\"@type\":\"EntryPoint\",\"urlTemplate\":\"https:\\\/\\\/ajatutaja.com\\\/?s={search_term_string}\"},\"query-input\":{\"@type\":\"PropertyValueSpecification\",\"valueRequired\":true,\"valueName\":\"search_term_string\"}}],\"inLanguage\":\"hr\"},{\"@type\":\"Organization\",\"@id\":\"https:\\\/\\\/ajatutaja.com\\\/#organization\",\"name\":\"Ajatutaja\",\"url\":\"https:\\\/\\\/ajatutaja.com\\\/\",\"logo\":{\"@type\":\"ImageObject\",\"inLanguage\":\"hr\",\"@id\":\"https:\\\/\\\/ajatutaja.com\\\/#\\\/schema\\\/logo\\\/image\\\/\",\"url\":\"https:\\\/\\\/ajatutaja.com\\\/wp-content\\\/uploads\\\/2021\\\/10\\\/logo.png\",\"contentUrl\":\"https:\\\/\\\/ajatutaja.com\\\/wp-content\\\/uploads\\\/2021\\\/10\\\/logo.png\",\"width\":555,\"height\":150,\"caption\":\"Ajatutaja\"},\"image\":{\"@id\":\"https:\\\/\\\/ajatutaja.com\\\/#\\\/schema\\\/logo\\\/image\\\/\"}}]}<\/script>\n<!-- \/ Yoast SEO plugin. -->","yoast_head_json":{"title":"Posodice za zlaganje Little Dutch - Blue | Ajatutaja","description":"Ta komplet posodic bo va\u0161ega mal\u010dka spodbudil, da jih zlo\u017ei eno na drugo. Va\u0161 mal\u010dek se bo zabaval s sestavljanjem in podiranjem stolpa. Ure zabave zagotovljene.","robots":{"index":"index","follow":"follow","max-snippet":"max-snippet:-1","max-image-preview":"max-image-preview:large","max-video-preview":"max-video-preview:-1"},"canonical":"https:\/\/ajatutaja.com\/izdelek\/posodice-za-zlaganje-little-dutch-blue\/","og_locale":"hr_HR","og_type":"article","og_title":"Posodice za zlaganje Little Dutch - Blue | Ajatutaja","og_description":"Ta komplet posodic bo va\u0161ega mal\u010dka spodbudil, da jih zlo\u017ei eno na drugo. Va\u0161 mal\u010dek se bo zabaval s sestavljanjem in podiranjem stolpa. Ure zabave zagotovljene.","og_url":"https:\/\/ajatutaja.com\/izdelek\/posodice-za-zlaganje-little-dutch-blue\/","og_site_name":"Ajatutaja","article_modified_time":"2025-12-10T15:45:04+00:00","og_image":[{"width":400,"height":400,"url":"https:\/\/ajatutaja.com\/wp-content\/uploads\/2022\/02\/posodice-za-zlaganje-little-dutch-blue-ajatutaja-1.jpg","type":"image\/jpeg"}],"twitter_card":"summary_large_image","schema":{"@context":"https:\/\/schema.org","@graph":[{"@type":"WebPage","@id":"https:\/\/ajatutaja.com\/izdelek\/posodice-za-zlaganje-little-dutch-blue\/","url":"https:\/\/ajatutaja.com\/izdelek\/posodice-za-zlaganje-little-dutch-blue\/","name":"Posodice za zlaganje Little Dutch - Blue | Ajatutaja","isPartOf":{"@id":"https:\/\/ajatutaja.com\/#website"},"primaryImageOfPage":{"@id":"https:\/\/ajatutaja.com\/izdelek\/posodice-za-zlaganje-little-dutch-blue\/#primaryimage"},"image":{"@id":"https:\/\/ajatutaja.com\/izdelek\/posodice-za-zlaganje-little-dutch-blue\/#primaryimage"},"thumbnailUrl":"https:\/\/ajatutaja.com\/wp-content\/uploads\/2022\/02\/posodice-za-zlaganje-little-dutch-blue-ajatutaja-1.jpg","datePublished":"2022-02-12T17:26:56+00:00","dateModified":"2025-12-10T15:45:04+00:00","description":"Ta komplet posodic bo va\u0161ega mal\u010dka spodbudil, da jih zlo\u017ei eno na drugo. Va\u0161 mal\u010dek se bo zabaval s sestavljanjem in podiranjem stolpa. Ure zabave zagotovljene.","breadcrumb":{"@id":"https:\/\/ajatutaja.com\/izdelek\/posodice-za-zlaganje-little-dutch-blue\/#breadcrumb"},"inLanguage":"hr","potentialAction":[{"@type":"ReadAction","target":["https:\/\/ajatutaja.com\/izdelek\/posodice-za-zlaganje-little-dutch-blue\/"]}]},{"@type":"ImageObject","inLanguage":"hr","@id":"https:\/\/ajatutaja.com\/izdelek\/posodice-za-zlaganje-little-dutch-blue\/#primaryimage","url":"https:\/\/ajatutaja.com\/wp-content\/uploads\/2022\/02\/posodice-za-zlaganje-little-dutch-blue-ajatutaja-1.jpg","contentUrl":"https:\/\/ajatutaja.com\/wp-content\/uploads\/2022\/02\/posodice-za-zlaganje-little-dutch-blue-ajatutaja-1.jpg","width":400,"height":400},{"@type":"BreadcrumbList","@id":"https:\/\/ajatutaja.com\/izdelek\/posodice-za-zlaganje-little-dutch-blue\/#breadcrumb","itemListElement":[{"@type":"ListItem","position":1,"name":"Home","item":"https:\/\/ajatutaja.com\/hr\/"},{"@type":"ListItem","position":2,"name":"Trgovina","item":"https:\/\/ajatutaja.com\/hr\/trgovina\/"},{"@type":"ListItem","position":3,"name":"Posodice za zlaganje Little Dutch &#8211; Blue"}]},{"@type":"WebSite","@id":"https:\/\/ajatutaja.com\/#website","url":"https:\/\/ajatutaja.com\/","name":"Ajatutaja","description":"Otro\u0161ka spletna trgovina AJATUTAJA","publisher":{"@id":"https:\/\/ajatutaja.com\/#organization"},"potentialAction":[{"@type":"SearchAction","target":{"@type":"EntryPoint","urlTemplate":"https:\/\/ajatutaja.com\/?s={search_term_string}"},"query-input":{"@type":"PropertyValueSpecification","valueRequired":true,"valueName":"search_term_string"}}],"inLanguage":"hr"},{"@type":"Organization","@id":"https:\/\/ajatutaja.com\/#organization","name":"Ajatutaja","url":"https:\/\/ajatutaja.com\/","logo":{"@type":"ImageObject","inLanguage":"hr","@id":"https:\/\/ajatutaja.com\/#\/schema\/logo\/image\/","url":"https:\/\/ajatutaja.com\/wp-content\/uploads\/2021\/10\/logo.png","contentUrl":"https:\/\/ajatutaja.com\/wp-content\/uploads\/2021\/10\/logo.png","width":555,"height":150,"caption":"Ajatutaja"},"image":{"@id":"https:\/\/ajatutaja.com\/#\/schema\/logo\/image\/"}}]}},"brands":[{"id":2452,"name":"Igranje","slug":"igranje"},{"id":2457,"name":"Little Dutch","slug":"little-dutch-igra"}],"_links":{"self":[{"href":"https:\/\/ajatutaja.com\/hr\/wp-json\/wp\/v2\/product\/30997","targetHints":{"allow":["GET"]}}],"collection":[{"href":"https:\/\/ajatutaja.com\/hr\/wp-json\/wp\/v2\/product"}],"about":[{"href":"https:\/\/ajatutaja.com\/hr\/wp-json\/wp\/v2\/types\/product"}],"wp:featuredmedia":[{"embeddable":true,"href":"https:\/\/ajatutaja.com\/hr\/wp-json\/wp\/v2\/media\/30998"}],"wp:attachment":[{"href":"https:\/\/ajatutaja.com\/hr\/wp-json\/wp\/v2\/media?parent=30997"}],"wp:term":[{"taxonomy":"pwb-brand","embeddable":true,"href":"https:\/\/ajatutaja.com\/hr\/wp-json\/wp\/v2\/pwb-brand?post=30997"},{"taxonomy":"product_brand","embeddable":true,"href":"https:\/\/ajatutaja.com\/hr\/wp-json\/wp\/v2\/product_brand?post=30997"},{"taxonomy":"product_cat","embeddable":true,"href":"https:\/\/ajatutaja.com\/hr\/wp-json\/wp\/v2\/product_cat?post=30997"},{"taxonomy":"product_tag","embeddable":true,"href":"https:\/\/ajatutaja.com\/hr\/wp-json\/wp\/v2\/product_tag?post=30997"}],"curies":[{"name":"wp","href":"https:\/\/api.w.org\/{rel}","templated":true}]}}