{"id":30955,"date":"2022-02-12T17:27:07","date_gmt":"2022-02-12T16:27:07","guid":{"rendered":"https:\/\/ajatutaja.com\/?post_type=product&#038;p=30955"},"modified":"2025-10-22T07:30:32","modified_gmt":"2025-10-22T05:30:32","slug":"rozica-za-dudo-little-dutch-flowers-butterflies","status":"publish","type":"product","link":"https:\/\/ajatutaja.com\/hr\/proizvod\/rozica-za-dudo-little-dutch-flowers-butterflies\/","title":{"rendered":"Ro\u017eica za dudo Little Dutch Flowers &amp; Butterflies"},"content":{"rendered":"<p>Nizozemski proizvajalec Little Dutch izdeluje brez\u010dasne igra\u010de visoke kakovosti, z elegantnimi barvami, odtisi in ilustracijami. Vsi izdelki so skladni z evropskimi direktivami in se proizvajajo brez dela otrok in na dru\u017ebeno odgovoren na\u010din.<\/p>\n<h3>Lastnosti ro\u017eice za dudo Little Dutch:<\/h3>\n<ul>\n<li>Veliksot: 17 x 11,5 x 1 cm<\/li>\n<li>Sestava: 100% poliester<\/li>\n<li>Vzdr\u017eevanje: Pranje pri 30\u00b0C. Likanje na nizki temperaturi. Kemi\u010dno \u010di\u0161\u010denje ni dovoljeno. Ne uporabljajte belila. Ni primerno za su\u0161ilni stroj.<\/li>\n<\/ul>\n<p>Varno za otroke \u2013 izdelek je skladen z evropsko uredbo REACH in evropsko direktivo EN-71.<\/p>\n","protected":false},"excerpt":{"rendered":"<p>Zelo mehka ro\u017eica Little Dutch iz kolekcije Flowers &amp; Butterflies je lahko otrokova ninica, ki jo gnete med prstki in se z njo crklja. Slu\u017ei tudi kot dr\u017ealo za dudo, da dudico la\u017eje najdemo, \u010de pade ali se skrije kje v posteljici, torbi ali vozi\u010dku.<\/p>\n","protected":false},"featured_media":30956,"template":"","meta":[],"pwb-brand":[2452,2457],"product_brand":[],"product_cat":[3986,2715,2711,2362,2439],"product_tag":[4796,4002],"class_list":{"0":"post-30955","1":"product","2":"type-product","3":"status-publish","4":"has-post-thumbnail","6":"pwb-brand-igranje","7":"pwb-brand-little-dutch-igra","8":"product_cat-novorojencek-igrace","9":"product_cat-darilo-do-15e","10":"product_cat-darilo-ob-rojstvu","11":"product_cat-igranje","12":"product_cat-ninice-za-dojencke","13":"product_tag-little-dutch-flowers-butterflies","14":"product_tag-little-dutch","16":"first","17":"instock","18":"taxable","19":"shipping-taxable","20":"purchasable","21":"product-type-simple","22":"add-to-wishlist-before_image"},"yoast_head":"<!-- This site is optimized with the Yoast SEO plugin v27.3 - https:\/\/yoast.com\/product\/yoast-seo-wordpress\/ -->\n<title>Ro\u017eica za dudo Little Dutch Flowers &amp; Butterflies | Ajatutaja<\/title>\n<meta name=\"description\" content=\"Zelo mehka ro\u017eica Little Dutch iz kolekcije Flowers &amp; Butterflies je lahko otrokova ninica, ki jo gnete med prstki in se z njo crklja.\" \/>\n<meta name=\"robots\" content=\"index, follow, max-snippet:-1, max-image-preview:large, max-video-preview:-1\" \/>\n<link rel=\"canonical\" href=\"https:\/\/ajatutaja.com\/izdelek\/rozica-za-dudo-little-dutch-flowers-butterflies\/\" \/>\n<meta property=\"og:locale\" content=\"hr_HR\" \/>\n<meta property=\"og:type\" content=\"article\" \/>\n<meta property=\"og:title\" content=\"Ro\u017eica za dudo Little Dutch Flowers &amp; Butterflies | Ajatutaja\" \/>\n<meta property=\"og:description\" content=\"Zelo mehka ro\u017eica Little Dutch iz kolekcije Flowers &amp; Butterflies je lahko otrokova ninica, ki jo gnete med prstki in se z njo crklja.\" \/>\n<meta property=\"og:url\" content=\"https:\/\/ajatutaja.com\/izdelek\/rozica-za-dudo-little-dutch-flowers-butterflies\/\" \/>\n<meta property=\"og:site_name\" content=\"Ajatutaja\" \/>\n<meta property=\"article:modified_time\" content=\"2025-10-22T05:30:32+00:00\" \/>\n<meta property=\"og:image\" content=\"https:\/\/ajatutaja.com\/wp-content\/uploads\/2022\/02\/rozica-za-dudo-little-dutch-flowers-and-butterflies-ajatutaja-1.jpg\" \/>\n\t<meta property=\"og:image:width\" content=\"687\" \/>\n\t<meta property=\"og:image:height\" content=\"686\" \/>\n\t<meta property=\"og:image:type\" content=\"image\/jpeg\" \/>\n<meta name=\"twitter:card\" content=\"summary_large_image\" \/>\n<script type=\"application\/ld+json\" class=\"yoast-schema-graph\">{\"@context\":\"https:\\\/\\\/schema.org\",\"@graph\":[{\"@type\":\"WebPage\",\"@id\":\"https:\\\/\\\/ajatutaja.com\\\/izdelek\\\/rozica-za-dudo-little-dutch-flowers-butterflies\\\/\",\"url\":\"https:\\\/\\\/ajatutaja.com\\\/izdelek\\\/rozica-za-dudo-little-dutch-flowers-butterflies\\\/\",\"name\":\"Ro\u017eica za dudo Little Dutch Flowers &amp; Butterflies | Ajatutaja\",\"isPartOf\":{\"@id\":\"https:\\\/\\\/ajatutaja.com\\\/#website\"},\"primaryImageOfPage\":{\"@id\":\"https:\\\/\\\/ajatutaja.com\\\/izdelek\\\/rozica-za-dudo-little-dutch-flowers-butterflies\\\/#primaryimage\"},\"image\":{\"@id\":\"https:\\\/\\\/ajatutaja.com\\\/izdelek\\\/rozica-za-dudo-little-dutch-flowers-butterflies\\\/#primaryimage\"},\"thumbnailUrl\":\"https:\\\/\\\/ajatutaja.com\\\/wp-content\\\/uploads\\\/2022\\\/02\\\/rozica-za-dudo-little-dutch-flowers-and-butterflies-ajatutaja-1.jpg\",\"datePublished\":\"2022-02-12T16:27:07+00:00\",\"dateModified\":\"2025-10-22T05:30:32+00:00\",\"description\":\"Zelo mehka ro\u017eica Little Dutch iz kolekcije Flowers & Butterflies je lahko otrokova ninica, ki jo gnete med prstki in se z njo crklja.\",\"breadcrumb\":{\"@id\":\"https:\\\/\\\/ajatutaja.com\\\/izdelek\\\/rozica-za-dudo-little-dutch-flowers-butterflies\\\/#breadcrumb\"},\"inLanguage\":\"hr\",\"potentialAction\":[{\"@type\":\"ReadAction\",\"target\":[\"https:\\\/\\\/ajatutaja.com\\\/izdelek\\\/rozica-za-dudo-little-dutch-flowers-butterflies\\\/\"]}]},{\"@type\":\"ImageObject\",\"inLanguage\":\"hr\",\"@id\":\"https:\\\/\\\/ajatutaja.com\\\/izdelek\\\/rozica-za-dudo-little-dutch-flowers-butterflies\\\/#primaryimage\",\"url\":\"https:\\\/\\\/ajatutaja.com\\\/wp-content\\\/uploads\\\/2022\\\/02\\\/rozica-za-dudo-little-dutch-flowers-and-butterflies-ajatutaja-1.jpg\",\"contentUrl\":\"https:\\\/\\\/ajatutaja.com\\\/wp-content\\\/uploads\\\/2022\\\/02\\\/rozica-za-dudo-little-dutch-flowers-and-butterflies-ajatutaja-1.jpg\",\"width\":687,\"height\":686},{\"@type\":\"BreadcrumbList\",\"@id\":\"https:\\\/\\\/ajatutaja.com\\\/izdelek\\\/rozica-za-dudo-little-dutch-flowers-butterflies\\\/#breadcrumb\",\"itemListElement\":[{\"@type\":\"ListItem\",\"position\":1,\"name\":\"Home\",\"item\":\"https:\\\/\\\/ajatutaja.com\\\/hr\\\/\"},{\"@type\":\"ListItem\",\"position\":2,\"name\":\"Trgovina\",\"item\":\"https:\\\/\\\/ajatutaja.com\\\/hr\\\/trgovina\\\/\"},{\"@type\":\"ListItem\",\"position\":3,\"name\":\"Ro\u017eica za dudo Little Dutch Flowers &amp; Butterflies\"}]},{\"@type\":\"WebSite\",\"@id\":\"https:\\\/\\\/ajatutaja.com\\\/#website\",\"url\":\"https:\\\/\\\/ajatutaja.com\\\/\",\"name\":\"Ajatutaja\",\"description\":\"Otro\u0161ka spletna trgovina AJATUTAJA\",\"publisher\":{\"@id\":\"https:\\\/\\\/ajatutaja.com\\\/#organization\"},\"potentialAction\":[{\"@type\":\"SearchAction\",\"target\":{\"@type\":\"EntryPoint\",\"urlTemplate\":\"https:\\\/\\\/ajatutaja.com\\\/?s={search_term_string}\"},\"query-input\":{\"@type\":\"PropertyValueSpecification\",\"valueRequired\":true,\"valueName\":\"search_term_string\"}}],\"inLanguage\":\"hr\"},{\"@type\":\"Organization\",\"@id\":\"https:\\\/\\\/ajatutaja.com\\\/#organization\",\"name\":\"Ajatutaja\",\"url\":\"https:\\\/\\\/ajatutaja.com\\\/\",\"logo\":{\"@type\":\"ImageObject\",\"inLanguage\":\"hr\",\"@id\":\"https:\\\/\\\/ajatutaja.com\\\/#\\\/schema\\\/logo\\\/image\\\/\",\"url\":\"https:\\\/\\\/ajatutaja.com\\\/wp-content\\\/uploads\\\/2021\\\/10\\\/logo.png\",\"contentUrl\":\"https:\\\/\\\/ajatutaja.com\\\/wp-content\\\/uploads\\\/2021\\\/10\\\/logo.png\",\"width\":555,\"height\":150,\"caption\":\"Ajatutaja\"},\"image\":{\"@id\":\"https:\\\/\\\/ajatutaja.com\\\/#\\\/schema\\\/logo\\\/image\\\/\"}}]}<\/script>\n<!-- \/ Yoast SEO plugin. -->","yoast_head_json":{"title":"Ro\u017eica za dudo Little Dutch Flowers &amp; Butterflies | Ajatutaja","description":"Zelo mehka ro\u017eica Little Dutch iz kolekcije Flowers & Butterflies je lahko otrokova ninica, ki jo gnete med prstki in se z njo crklja.","robots":{"index":"index","follow":"follow","max-snippet":"max-snippet:-1","max-image-preview":"max-image-preview:large","max-video-preview":"max-video-preview:-1"},"canonical":"https:\/\/ajatutaja.com\/izdelek\/rozica-za-dudo-little-dutch-flowers-butterflies\/","og_locale":"hr_HR","og_type":"article","og_title":"Ro\u017eica za dudo Little Dutch Flowers &amp; Butterflies | Ajatutaja","og_description":"Zelo mehka ro\u017eica Little Dutch iz kolekcije Flowers & Butterflies je lahko otrokova ninica, ki jo gnete med prstki in se z njo crklja.","og_url":"https:\/\/ajatutaja.com\/izdelek\/rozica-za-dudo-little-dutch-flowers-butterflies\/","og_site_name":"Ajatutaja","article_modified_time":"2025-10-22T05:30:32+00:00","og_image":[{"width":687,"height":686,"url":"https:\/\/ajatutaja.com\/wp-content\/uploads\/2022\/02\/rozica-za-dudo-little-dutch-flowers-and-butterflies-ajatutaja-1.jpg","type":"image\/jpeg"}],"twitter_card":"summary_large_image","schema":{"@context":"https:\/\/schema.org","@graph":[{"@type":"WebPage","@id":"https:\/\/ajatutaja.com\/izdelek\/rozica-za-dudo-little-dutch-flowers-butterflies\/","url":"https:\/\/ajatutaja.com\/izdelek\/rozica-za-dudo-little-dutch-flowers-butterflies\/","name":"Ro\u017eica za dudo Little Dutch Flowers &amp; Butterflies | Ajatutaja","isPartOf":{"@id":"https:\/\/ajatutaja.com\/#website"},"primaryImageOfPage":{"@id":"https:\/\/ajatutaja.com\/izdelek\/rozica-za-dudo-little-dutch-flowers-butterflies\/#primaryimage"},"image":{"@id":"https:\/\/ajatutaja.com\/izdelek\/rozica-za-dudo-little-dutch-flowers-butterflies\/#primaryimage"},"thumbnailUrl":"https:\/\/ajatutaja.com\/wp-content\/uploads\/2022\/02\/rozica-za-dudo-little-dutch-flowers-and-butterflies-ajatutaja-1.jpg","datePublished":"2022-02-12T16:27:07+00:00","dateModified":"2025-10-22T05:30:32+00:00","description":"Zelo mehka ro\u017eica Little Dutch iz kolekcije Flowers & Butterflies je lahko otrokova ninica, ki jo gnete med prstki in se z njo crklja.","breadcrumb":{"@id":"https:\/\/ajatutaja.com\/izdelek\/rozica-za-dudo-little-dutch-flowers-butterflies\/#breadcrumb"},"inLanguage":"hr","potentialAction":[{"@type":"ReadAction","target":["https:\/\/ajatutaja.com\/izdelek\/rozica-za-dudo-little-dutch-flowers-butterflies\/"]}]},{"@type":"ImageObject","inLanguage":"hr","@id":"https:\/\/ajatutaja.com\/izdelek\/rozica-za-dudo-little-dutch-flowers-butterflies\/#primaryimage","url":"https:\/\/ajatutaja.com\/wp-content\/uploads\/2022\/02\/rozica-za-dudo-little-dutch-flowers-and-butterflies-ajatutaja-1.jpg","contentUrl":"https:\/\/ajatutaja.com\/wp-content\/uploads\/2022\/02\/rozica-za-dudo-little-dutch-flowers-and-butterflies-ajatutaja-1.jpg","width":687,"height":686},{"@type":"BreadcrumbList","@id":"https:\/\/ajatutaja.com\/izdelek\/rozica-za-dudo-little-dutch-flowers-butterflies\/#breadcrumb","itemListElement":[{"@type":"ListItem","position":1,"name":"Home","item":"https:\/\/ajatutaja.com\/hr\/"},{"@type":"ListItem","position":2,"name":"Trgovina","item":"https:\/\/ajatutaja.com\/hr\/trgovina\/"},{"@type":"ListItem","position":3,"name":"Ro\u017eica za dudo Little Dutch Flowers &amp; Butterflies"}]},{"@type":"WebSite","@id":"https:\/\/ajatutaja.com\/#website","url":"https:\/\/ajatutaja.com\/","name":"Ajatutaja","description":"Otro\u0161ka spletna trgovina AJATUTAJA","publisher":{"@id":"https:\/\/ajatutaja.com\/#organization"},"potentialAction":[{"@type":"SearchAction","target":{"@type":"EntryPoint","urlTemplate":"https:\/\/ajatutaja.com\/?s={search_term_string}"},"query-input":{"@type":"PropertyValueSpecification","valueRequired":true,"valueName":"search_term_string"}}],"inLanguage":"hr"},{"@type":"Organization","@id":"https:\/\/ajatutaja.com\/#organization","name":"Ajatutaja","url":"https:\/\/ajatutaja.com\/","logo":{"@type":"ImageObject","inLanguage":"hr","@id":"https:\/\/ajatutaja.com\/#\/schema\/logo\/image\/","url":"https:\/\/ajatutaja.com\/wp-content\/uploads\/2021\/10\/logo.png","contentUrl":"https:\/\/ajatutaja.com\/wp-content\/uploads\/2021\/10\/logo.png","width":555,"height":150,"caption":"Ajatutaja"},"image":{"@id":"https:\/\/ajatutaja.com\/#\/schema\/logo\/image\/"}}]}},"brands":[{"id":2452,"name":"Igranje","slug":"igranje"},{"id":2457,"name":"Little Dutch","slug":"little-dutch-igra"}],"_links":{"self":[{"href":"https:\/\/ajatutaja.com\/hr\/wp-json\/wp\/v2\/product\/30955","targetHints":{"allow":["GET"]}}],"collection":[{"href":"https:\/\/ajatutaja.com\/hr\/wp-json\/wp\/v2\/product"}],"about":[{"href":"https:\/\/ajatutaja.com\/hr\/wp-json\/wp\/v2\/types\/product"}],"wp:featuredmedia":[{"embeddable":true,"href":"https:\/\/ajatutaja.com\/hr\/wp-json\/wp\/v2\/media\/30956"}],"wp:attachment":[{"href":"https:\/\/ajatutaja.com\/hr\/wp-json\/wp\/v2\/media?parent=30955"}],"wp:term":[{"taxonomy":"pwb-brand","embeddable":true,"href":"https:\/\/ajatutaja.com\/hr\/wp-json\/wp\/v2\/pwb-brand?post=30955"},{"taxonomy":"product_brand","embeddable":true,"href":"https:\/\/ajatutaja.com\/hr\/wp-json\/wp\/v2\/product_brand?post=30955"},{"taxonomy":"product_cat","embeddable":true,"href":"https:\/\/ajatutaja.com\/hr\/wp-json\/wp\/v2\/product_cat?post=30955"},{"taxonomy":"product_tag","embeddable":true,"href":"https:\/\/ajatutaja.com\/hr\/wp-json\/wp\/v2\/product_tag?post=30955"}],"curies":[{"name":"wp","href":"https:\/\/api.w.org\/{rel}","templated":true}]}}