{"id":30618,"date":"2025-02-10T20:04:58","date_gmt":"2025-02-10T19:04:58","guid":{"rendered":"https:\/\/ajatutaja.com\/?post_type=product&#038;p=30618"},"modified":"2025-07-24T12:00:43","modified_gmt":"2025-07-24T10:00:43","slug":"darilni-set-2-muslin-slinckov-in-silikonske-zlicke-rozica","status":"publish","type":"product","link":"https:\/\/ajatutaja.com\/hr\/proizvod\/darilni-set-2-muslin-slinckov-in-silikonske-zlicke-rozica\/","title":{"rendered":"Darilni set 2 muslin slin\u010dkov in silikonske \u017eli\u010dke &#8211; Ro\u017eica"},"content":{"rendered":"<p>[vc_row][vc_column][vc_column_text]<\/p>\n<p dir=\"ltr\" data-placeholder=\"Translation\">Ta super prikupni kompletek dveh slin\u010dkov iz 100% bomba\u017enega muslina s silikonsko \u017eli\u010dko v enakem motivu je popolno darilo za mamice ob rojstvu otroka ali pa za baby shower. Kompletki navdu\u0161ujejo s svojimi ne\u017enimi barvami in dragocenimi odtisi, ki so kot nala\u0161\u010d za vsakega mal\u010dka v va\u0161em \u017eivljenju.<\/p>\n<p dir=\"ltr\" data-placeholder=\"Translation\">Izjemno zra\u010den in vpojen muslin in super mehka \u017eli\u010dka iz silikona, ki je zasnovana tako, da je odli\u010dna za uvajanje goste hrane in jo je \u0161e vedno mogo\u010de uporabljati z mal\u010dkom, ko s hranjenjem za\u010denja samostojno.<\/p>\n<p dir=\"ltr\" data-placeholder=\"Translation\">Slin\u010dki so pralni v stroju, \u017eli\u010dka pa je popolnoma primerna za pomivanje v pomivalnem stroju.<\/p>\n<p dir=\"ltr\" data-placeholder=\"Translation\">Material:<\/p>\n<ul>\n<li data-placeholder=\"Translation\">2 x Slin\u010dek &#8211; 100% bomba\u017eni muslin<\/li>\n<li data-placeholder=\"Translation\">1x \u017dli\u010dka &#8211; 100% \u017eivilski silikon<\/li>\n<\/ul>\n<p dir=\"ltr\" data-placeholder=\"Translation\">Vzdr\u017eevanje:<\/p>\n<ul>\n<li data-placeholder=\"Translation\">Slin\u010dek: Strojno pranje pri hladnih temperaturah, po potrebi uporabljajte le belilo brez klora.\u00a0 Ne likajte.<\/li>\n<li data-placeholder=\"Translation\">\u017dlica &#8211; varno za pomivalni stroj.<\/li>\n<\/ul>\n<p dir=\"ltr\" data-placeholder=\"Translation\">Dimenzije:<\/p>\n<ul>\n<li data-placeholder=\"Translation\">Slin\u010dek: 21,6 cm x 27,4 cm<\/li>\n<li data-placeholder=\"Translation\">\u017dlica pribli\u017eno: 3,2cm x 15,9cm<\/li>\n<\/ul>\n<p>[\/vc_column_text][\/vc_column][\/vc_row]<\/p>\n","protected":false},"excerpt":{"rendered":"<p>\u010cudovit darilni komplet Stephen Joseph vklju\u010duje 2 super mehka muslin slin\u010dka in silikonsko \u017eli\u010dko v enakem motivu. Nadvse primerno za mal\u010dke pri uvajanju goste hrane.<\/p>\n","protected":false},"featured_media":30619,"template":"","meta":[],"pwb-brand":[2269,4076],"product_brand":[],"product_cat":[2266,2309,2311],"product_tag":[3980],"class_list":{"0":"post-30618","1":"product","2":"type-product","3":"status-publish","4":"has-post-thumbnail","6":"pwb-brand-hranjenje","7":"pwb-brand-stephen-joseph-hranjenje","8":"product_cat-hranjenje","9":"product_cat-otroski-slincki","10":"product_cat-zlicke-in-jedilni-pribor","11":"product_tag-stephen-joseph","13":"first","14":"onbackorder","15":"taxable","16":"shipping-taxable","17":"purchasable","18":"product-type-simple","19":"add-to-wishlist-before_image"},"yoast_head":"<!-- This site is optimized with the Yoast SEO plugin v27.3 - https:\/\/yoast.com\/product\/yoast-seo-wordpress\/ -->\n<title>Darilni set 2 muslin slin\u010dkov in silikonske \u017eli\u010dke - Ro\u017eica | Ajatutaja<\/title>\n<meta name=\"description\" content=\"\u010cudovit darilni komplet Stephen Joseph vklju\u010duje 2 super mehka muslin slin\u010dka in silikonsko \u017eli\u010dko v enakem motivu. Nadvse primerno za mal\u010dke pri uvajanju goste hrane.\" \/>\n<meta name=\"robots\" content=\"index, follow, max-snippet:-1, max-image-preview:large, max-video-preview:-1\" \/>\n<link rel=\"canonical\" href=\"https:\/\/ajatutaja.com\/izdelek\/darilni-set-2-muslin-slinckov-in-silikonske-zlicke-rozica\/\" \/>\n<meta property=\"og:locale\" content=\"hr_HR\" \/>\n<meta property=\"og:type\" content=\"article\" \/>\n<meta property=\"og:title\" content=\"Darilni set 2 muslin slin\u010dkov in silikonske \u017eli\u010dke - Ro\u017eica | Ajatutaja\" \/>\n<meta property=\"og:description\" content=\"\u010cudovit darilni komplet Stephen Joseph vklju\u010duje 2 super mehka muslin slin\u010dka in silikonsko \u017eli\u010dko v enakem motivu. Nadvse primerno za mal\u010dke pri uvajanju goste hrane.\" \/>\n<meta property=\"og:url\" content=\"https:\/\/ajatutaja.com\/izdelek\/darilni-set-2-muslin-slinckov-in-silikonske-zlicke-rozica\/\" \/>\n<meta property=\"og:site_name\" content=\"Ajatutaja\" \/>\n<meta property=\"article:modified_time\" content=\"2025-07-24T10:00:43+00:00\" \/>\n<meta property=\"og:image\" content=\"https:\/\/ajatutaja.com\/wp-content\/uploads\/2022\/02\/Stephen_Joseph_Set_2_muslin_slinckov_in_silikonske_zlicke_ROZICA_Ajatutaja-1.jpg\" \/>\n\t<meta property=\"og:image:width\" content=\"800\" \/>\n\t<meta property=\"og:image:height\" content=\"800\" \/>\n\t<meta property=\"og:image:type\" content=\"image\/jpeg\" \/>\n<meta name=\"twitter:card\" content=\"summary_large_image\" \/>\n<meta name=\"twitter:label1\" content=\"Procijenjeno vrijeme \u010ditanja\" \/>\n\t<meta name=\"twitter:data1\" content=\"1 minuta\" \/>\n<script type=\"application\/ld+json\" class=\"yoast-schema-graph\">{\"@context\":\"https:\\\/\\\/schema.org\",\"@graph\":[{\"@type\":\"WebPage\",\"@id\":\"https:\\\/\\\/ajatutaja.com\\\/izdelek\\\/darilni-set-2-muslin-slinckov-in-silikonske-zlicke-rozica\\\/\",\"url\":\"https:\\\/\\\/ajatutaja.com\\\/izdelek\\\/darilni-set-2-muslin-slinckov-in-silikonske-zlicke-rozica\\\/\",\"name\":\"Darilni set 2 muslin slin\u010dkov in silikonske \u017eli\u010dke - Ro\u017eica | Ajatutaja\",\"isPartOf\":{\"@id\":\"https:\\\/\\\/ajatutaja.com\\\/#website\"},\"primaryImageOfPage\":{\"@id\":\"https:\\\/\\\/ajatutaja.com\\\/izdelek\\\/darilni-set-2-muslin-slinckov-in-silikonske-zlicke-rozica\\\/#primaryimage\"},\"image\":{\"@id\":\"https:\\\/\\\/ajatutaja.com\\\/izdelek\\\/darilni-set-2-muslin-slinckov-in-silikonske-zlicke-rozica\\\/#primaryimage\"},\"thumbnailUrl\":\"https:\\\/\\\/ajatutaja.com\\\/wp-content\\\/uploads\\\/2022\\\/02\\\/Stephen_Joseph_Set_2_muslin_slinckov_in_silikonske_zlicke_ROZICA_Ajatutaja-1.jpg\",\"datePublished\":\"2025-02-10T19:04:58+00:00\",\"dateModified\":\"2025-07-24T10:00:43+00:00\",\"description\":\"\u010cudovit darilni komplet Stephen Joseph vklju\u010duje 2 super mehka muslin slin\u010dka in silikonsko \u017eli\u010dko v enakem motivu. Nadvse primerno za mal\u010dke pri uvajanju goste hrane.\",\"breadcrumb\":{\"@id\":\"https:\\\/\\\/ajatutaja.com\\\/izdelek\\\/darilni-set-2-muslin-slinckov-in-silikonske-zlicke-rozica\\\/#breadcrumb\"},\"inLanguage\":\"hr\",\"potentialAction\":[{\"@type\":\"ReadAction\",\"target\":[\"https:\\\/\\\/ajatutaja.com\\\/izdelek\\\/darilni-set-2-muslin-slinckov-in-silikonske-zlicke-rozica\\\/\"]}]},{\"@type\":\"ImageObject\",\"inLanguage\":\"hr\",\"@id\":\"https:\\\/\\\/ajatutaja.com\\\/izdelek\\\/darilni-set-2-muslin-slinckov-in-silikonske-zlicke-rozica\\\/#primaryimage\",\"url\":\"https:\\\/\\\/ajatutaja.com\\\/wp-content\\\/uploads\\\/2022\\\/02\\\/Stephen_Joseph_Set_2_muslin_slinckov_in_silikonske_zlicke_ROZICA_Ajatutaja-1.jpg\",\"contentUrl\":\"https:\\\/\\\/ajatutaja.com\\\/wp-content\\\/uploads\\\/2022\\\/02\\\/Stephen_Joseph_Set_2_muslin_slinckov_in_silikonske_zlicke_ROZICA_Ajatutaja-1.jpg\",\"width\":800,\"height\":800},{\"@type\":\"BreadcrumbList\",\"@id\":\"https:\\\/\\\/ajatutaja.com\\\/izdelek\\\/darilni-set-2-muslin-slinckov-in-silikonske-zlicke-rozica\\\/#breadcrumb\",\"itemListElement\":[{\"@type\":\"ListItem\",\"position\":1,\"name\":\"Home\",\"item\":\"https:\\\/\\\/ajatutaja.com\\\/hr\\\/\"},{\"@type\":\"ListItem\",\"position\":2,\"name\":\"Trgovina\",\"item\":\"https:\\\/\\\/ajatutaja.com\\\/hr\\\/trgovina\\\/\"},{\"@type\":\"ListItem\",\"position\":3,\"name\":\"Darilni set 2 muslin slin\u010dkov in silikonske \u017eli\u010dke &#8211; Ro\u017eica\"}]},{\"@type\":\"WebSite\",\"@id\":\"https:\\\/\\\/ajatutaja.com\\\/#website\",\"url\":\"https:\\\/\\\/ajatutaja.com\\\/\",\"name\":\"Ajatutaja\",\"description\":\"Otro\u0161ka spletna trgovina AJATUTAJA\",\"publisher\":{\"@id\":\"https:\\\/\\\/ajatutaja.com\\\/#organization\"},\"potentialAction\":[{\"@type\":\"SearchAction\",\"target\":{\"@type\":\"EntryPoint\",\"urlTemplate\":\"https:\\\/\\\/ajatutaja.com\\\/?s={search_term_string}\"},\"query-input\":{\"@type\":\"PropertyValueSpecification\",\"valueRequired\":true,\"valueName\":\"search_term_string\"}}],\"inLanguage\":\"hr\"},{\"@type\":\"Organization\",\"@id\":\"https:\\\/\\\/ajatutaja.com\\\/#organization\",\"name\":\"Ajatutaja\",\"url\":\"https:\\\/\\\/ajatutaja.com\\\/\",\"logo\":{\"@type\":\"ImageObject\",\"inLanguage\":\"hr\",\"@id\":\"https:\\\/\\\/ajatutaja.com\\\/#\\\/schema\\\/logo\\\/image\\\/\",\"url\":\"https:\\\/\\\/ajatutaja.com\\\/wp-content\\\/uploads\\\/2021\\\/10\\\/logo.png\",\"contentUrl\":\"https:\\\/\\\/ajatutaja.com\\\/wp-content\\\/uploads\\\/2021\\\/10\\\/logo.png\",\"width\":555,\"height\":150,\"caption\":\"Ajatutaja\"},\"image\":{\"@id\":\"https:\\\/\\\/ajatutaja.com\\\/#\\\/schema\\\/logo\\\/image\\\/\"}}]}<\/script>\n<!-- \/ Yoast SEO plugin. -->","yoast_head_json":{"title":"Darilni set 2 muslin slin\u010dkov in silikonske \u017eli\u010dke - Ro\u017eica | Ajatutaja","description":"\u010cudovit darilni komplet Stephen Joseph vklju\u010duje 2 super mehka muslin slin\u010dka in silikonsko \u017eli\u010dko v enakem motivu. Nadvse primerno za mal\u010dke pri uvajanju goste hrane.","robots":{"index":"index","follow":"follow","max-snippet":"max-snippet:-1","max-image-preview":"max-image-preview:large","max-video-preview":"max-video-preview:-1"},"canonical":"https:\/\/ajatutaja.com\/izdelek\/darilni-set-2-muslin-slinckov-in-silikonske-zlicke-rozica\/","og_locale":"hr_HR","og_type":"article","og_title":"Darilni set 2 muslin slin\u010dkov in silikonske \u017eli\u010dke - Ro\u017eica | Ajatutaja","og_description":"\u010cudovit darilni komplet Stephen Joseph vklju\u010duje 2 super mehka muslin slin\u010dka in silikonsko \u017eli\u010dko v enakem motivu. Nadvse primerno za mal\u010dke pri uvajanju goste hrane.","og_url":"https:\/\/ajatutaja.com\/izdelek\/darilni-set-2-muslin-slinckov-in-silikonske-zlicke-rozica\/","og_site_name":"Ajatutaja","article_modified_time":"2025-07-24T10:00:43+00:00","og_image":[{"width":800,"height":800,"url":"https:\/\/ajatutaja.com\/wp-content\/uploads\/2022\/02\/Stephen_Joseph_Set_2_muslin_slinckov_in_silikonske_zlicke_ROZICA_Ajatutaja-1.jpg","type":"image\/jpeg"}],"twitter_card":"summary_large_image","twitter_misc":{"Procijenjeno vrijeme \u010ditanja":"1 minuta"},"schema":{"@context":"https:\/\/schema.org","@graph":[{"@type":"WebPage","@id":"https:\/\/ajatutaja.com\/izdelek\/darilni-set-2-muslin-slinckov-in-silikonske-zlicke-rozica\/","url":"https:\/\/ajatutaja.com\/izdelek\/darilni-set-2-muslin-slinckov-in-silikonske-zlicke-rozica\/","name":"Darilni set 2 muslin slin\u010dkov in silikonske \u017eli\u010dke - Ro\u017eica | Ajatutaja","isPartOf":{"@id":"https:\/\/ajatutaja.com\/#website"},"primaryImageOfPage":{"@id":"https:\/\/ajatutaja.com\/izdelek\/darilni-set-2-muslin-slinckov-in-silikonske-zlicke-rozica\/#primaryimage"},"image":{"@id":"https:\/\/ajatutaja.com\/izdelek\/darilni-set-2-muslin-slinckov-in-silikonske-zlicke-rozica\/#primaryimage"},"thumbnailUrl":"https:\/\/ajatutaja.com\/wp-content\/uploads\/2022\/02\/Stephen_Joseph_Set_2_muslin_slinckov_in_silikonske_zlicke_ROZICA_Ajatutaja-1.jpg","datePublished":"2025-02-10T19:04:58+00:00","dateModified":"2025-07-24T10:00:43+00:00","description":"\u010cudovit darilni komplet Stephen Joseph vklju\u010duje 2 super mehka muslin slin\u010dka in silikonsko \u017eli\u010dko v enakem motivu. Nadvse primerno za mal\u010dke pri uvajanju goste hrane.","breadcrumb":{"@id":"https:\/\/ajatutaja.com\/izdelek\/darilni-set-2-muslin-slinckov-in-silikonske-zlicke-rozica\/#breadcrumb"},"inLanguage":"hr","potentialAction":[{"@type":"ReadAction","target":["https:\/\/ajatutaja.com\/izdelek\/darilni-set-2-muslin-slinckov-in-silikonske-zlicke-rozica\/"]}]},{"@type":"ImageObject","inLanguage":"hr","@id":"https:\/\/ajatutaja.com\/izdelek\/darilni-set-2-muslin-slinckov-in-silikonske-zlicke-rozica\/#primaryimage","url":"https:\/\/ajatutaja.com\/wp-content\/uploads\/2022\/02\/Stephen_Joseph_Set_2_muslin_slinckov_in_silikonske_zlicke_ROZICA_Ajatutaja-1.jpg","contentUrl":"https:\/\/ajatutaja.com\/wp-content\/uploads\/2022\/02\/Stephen_Joseph_Set_2_muslin_slinckov_in_silikonske_zlicke_ROZICA_Ajatutaja-1.jpg","width":800,"height":800},{"@type":"BreadcrumbList","@id":"https:\/\/ajatutaja.com\/izdelek\/darilni-set-2-muslin-slinckov-in-silikonske-zlicke-rozica\/#breadcrumb","itemListElement":[{"@type":"ListItem","position":1,"name":"Home","item":"https:\/\/ajatutaja.com\/hr\/"},{"@type":"ListItem","position":2,"name":"Trgovina","item":"https:\/\/ajatutaja.com\/hr\/trgovina\/"},{"@type":"ListItem","position":3,"name":"Darilni set 2 muslin slin\u010dkov in silikonske \u017eli\u010dke &#8211; Ro\u017eica"}]},{"@type":"WebSite","@id":"https:\/\/ajatutaja.com\/#website","url":"https:\/\/ajatutaja.com\/","name":"Ajatutaja","description":"Otro\u0161ka spletna trgovina AJATUTAJA","publisher":{"@id":"https:\/\/ajatutaja.com\/#organization"},"potentialAction":[{"@type":"SearchAction","target":{"@type":"EntryPoint","urlTemplate":"https:\/\/ajatutaja.com\/?s={search_term_string}"},"query-input":{"@type":"PropertyValueSpecification","valueRequired":true,"valueName":"search_term_string"}}],"inLanguage":"hr"},{"@type":"Organization","@id":"https:\/\/ajatutaja.com\/#organization","name":"Ajatutaja","url":"https:\/\/ajatutaja.com\/","logo":{"@type":"ImageObject","inLanguage":"hr","@id":"https:\/\/ajatutaja.com\/#\/schema\/logo\/image\/","url":"https:\/\/ajatutaja.com\/wp-content\/uploads\/2021\/10\/logo.png","contentUrl":"https:\/\/ajatutaja.com\/wp-content\/uploads\/2021\/10\/logo.png","width":555,"height":150,"caption":"Ajatutaja"},"image":{"@id":"https:\/\/ajatutaja.com\/#\/schema\/logo\/image\/"}}]}},"brands":[{"id":2269,"name":"Hranjenje","slug":"hranjenje"},{"id":4076,"name":"Stephen Joseph","slug":"stephen-joseph-hranjenje"}],"_links":{"self":[{"href":"https:\/\/ajatutaja.com\/hr\/wp-json\/wp\/v2\/product\/30618","targetHints":{"allow":["GET"]}}],"collection":[{"href":"https:\/\/ajatutaja.com\/hr\/wp-json\/wp\/v2\/product"}],"about":[{"href":"https:\/\/ajatutaja.com\/hr\/wp-json\/wp\/v2\/types\/product"}],"wp:featuredmedia":[{"embeddable":true,"href":"https:\/\/ajatutaja.com\/hr\/wp-json\/wp\/v2\/media\/30619"}],"wp:attachment":[{"href":"https:\/\/ajatutaja.com\/hr\/wp-json\/wp\/v2\/media?parent=30618"}],"wp:term":[{"taxonomy":"pwb-brand","embeddable":true,"href":"https:\/\/ajatutaja.com\/hr\/wp-json\/wp\/v2\/pwb-brand?post=30618"},{"taxonomy":"product_brand","embeddable":true,"href":"https:\/\/ajatutaja.com\/hr\/wp-json\/wp\/v2\/product_brand?post=30618"},{"taxonomy":"product_cat","embeddable":true,"href":"https:\/\/ajatutaja.com\/hr\/wp-json\/wp\/v2\/product_cat?post=30618"},{"taxonomy":"product_tag","embeddable":true,"href":"https:\/\/ajatutaja.com\/hr\/wp-json\/wp\/v2\/product_tag?post=30618"}],"curies":[{"name":"wp","href":"https:\/\/api.w.org\/{rel}","templated":true}]}}