{"id":30385,"date":"2024-06-24T16:41:03","date_gmt":"2024-06-24T14:41:03","guid":{"rendered":"https:\/\/ajatutaja.com\/?post_type=product&#038;p=30385"},"modified":"2025-07-27T16:43:55","modified_gmt":"2025-07-27T14:43:55","slug":"ubbi-kos-za-plenice-bela","status":"publish","type":"product","link":"https:\/\/ajatutaja.com\/hr\/proizvod\/ubbi-kos-za-plenice-bela\/","title":{"rendered":"Ubbi\u00ae ko\u0161 za plenice &#8211; Matte White"},"content":{"rendered":"<p>[vc_row][vc_column][vc_column_text]Uporaba Ubbi ko\u0161a za plenice je izredno enostavna in var\u010dna! Saj ni potrebno kupovati nikakr\u0161nih posebnih kaset z vre\u010dkami. Uporablja se navadne vre\u010dke za smeti, ki jih uporablja vsako gospodinjstvo. Menjava vre\u010dk in \u010di\u0161\u010denje sta popolnoma enostavna!<\/p>\n<h3>Ubbi\u00ae ko\u0161 za plenice ima naslednje lastnosti:<\/h3>\n<ul>\n<li>Tesno zapiranje z zati\u010dem za zaklepanje zaradi varnosti otrok<\/li>\n<li>Dobitnik ve\u010d nagrad na podro\u010dju pripomo\u010dkov za najmlaj\u0161e \u010dlane dru\u017eine<\/li>\n<li>Za uporabo ne potrebujete posebnih vre\u010dk<\/li>\n<li>Gumijasta tesnila ter inovativen drsni pokrov<\/li>\n<li>Pra\u0161kasto lakirana jeklena konstrukcija<\/li>\n<li>Varen, udoben in ekonomi\u010den<\/li>\n<li>Izdelek okolju prijazen<\/li>\n<li>Zadr\u017ei do 55 pleni\u010dk<\/li>\n<li>Dimenzije:\u00a047 x 50 x 29 cm<\/li>\n<li>Na voljo v razli\u010dnih barvah<\/li>\n<\/ul>\n<p>[\/vc_column_text][\/vc_column][\/vc_row]<\/p>\n","protected":false},"excerpt":{"rendered":"<p style=\"text-align: justify\">Ko\u0161 za plenice Ubbi ne absorbira neprijetnih vonjav, saj je iz jekla in prevle\u010den s posebnim premazom. Tudi pokrov Ubbi ko\u0161a je opremljen s posebnim varovalom za otroke in ga obdaja guma, ki prepre\u010duje izhod vonjav.<\/p>\n","protected":false},"featured_media":78708,"template":"","meta":[],"pwb-brand":[2658,4791],"product_brand":[],"product_cat":[2710,2711,2652],"product_tag":[4306,4793],"class_list":{"0":"post-30385","1":"product","2":"type-product","3":"status-publish","4":"has-post-thumbnail","6":"pwb-brand-nega-in-kopanje","7":"pwb-brand-ubbi","8":"product_cat-babyshower-darila","9":"product_cat-darilo-ob-rojstvu","10":"product_cat-kosi-za-plenice","11":"product_tag-kaj-potrebujem-za-novorojencka","12":"product_tag-ubbi","14":"first","15":"instock","16":"taxable","17":"shipping-taxable","18":"purchasable","19":"product-type-simple","20":"add-to-wishlist-before_image"},"yoast_head":"<!-- This site is optimized with the Yoast SEO plugin v27.3 - https:\/\/yoast.com\/product\/yoast-seo-wordpress\/ -->\n<title>Ubbi\u00ae ko\u0161 za plenice - Matte White | Ajatutaja<\/title>\n<meta name=\"description\" content=\"Uporaba Ubbi ko\u0161a za plenice je izredno enostavna in var\u010dna! Ni potrebno kupovati nikakr\u0161nih posebnih kaset z vre\u010dkami. Izdelan iz jekla in prevle\u010den s posebnim premazom, ki ne absorbira neprijetnih vonjav.\" \/>\n<meta name=\"robots\" content=\"index, follow, max-snippet:-1, max-image-preview:large, max-video-preview:-1\" \/>\n<link rel=\"canonical\" href=\"https:\/\/ajatutaja.com\/hr\/proizvod\/ubbi-kos-za-plenice-bela\/\" \/>\n<meta property=\"og:locale\" content=\"hr_HR\" \/>\n<meta property=\"og:type\" content=\"article\" \/>\n<meta property=\"og:title\" content=\"Ubbi\u00ae ko\u0161 za plenice - Matte White | Ajatutaja\" \/>\n<meta property=\"og:description\" content=\"Uporaba Ubbi ko\u0161a za plenice je izredno enostavna in var\u010dna! Ni potrebno kupovati nikakr\u0161nih posebnih kaset z vre\u010dkami. Izdelan iz jekla in prevle\u010den s posebnim premazom, ki ne absorbira neprijetnih vonjav.\" \/>\n<meta property=\"og:url\" content=\"https:\/\/ajatutaja.com\/hr\/proizvod\/ubbi-kos-za-plenice-bela\/\" \/>\n<meta property=\"og:site_name\" content=\"Ajatutaja\" \/>\n<meta property=\"article:modified_time\" content=\"2025-07-27T14:43:55+00:00\" \/>\n<meta property=\"og:image\" content=\"https:\/\/ajatutaja.com\/wp-content\/uploads\/2022\/02\/Ubbi-Kos-za-plenice-Matte-white-1.jpg\" \/>\n\t<meta property=\"og:image:width\" content=\"1000\" \/>\n\t<meta property=\"og:image:height\" content=\"1000\" \/>\n\t<meta property=\"og:image:type\" content=\"image\/jpeg\" \/>\n<meta name=\"twitter:card\" content=\"summary_large_image\" \/>\n<meta name=\"twitter:label1\" content=\"Procijenjeno vrijeme \u010ditanja\" \/>\n\t<meta name=\"twitter:data1\" content=\"1 minuta\" \/>\n<script type=\"application\/ld+json\" class=\"yoast-schema-graph\">{\"@context\":\"https:\\\/\\\/schema.org\",\"@graph\":[{\"@type\":\"WebPage\",\"@id\":\"https:\\\/\\\/ajatutaja.com\\\/hr\\\/proizvod\\\/ubbi-kos-za-plenice-bela\\\/\",\"url\":\"https:\\\/\\\/ajatutaja.com\\\/hr\\\/proizvod\\\/ubbi-kos-za-plenice-bela\\\/\",\"name\":\"Ubbi\u00ae ko\u0161 za plenice - Matte White | Ajatutaja\",\"isPartOf\":{\"@id\":\"https:\\\/\\\/ajatutaja.com\\\/#website\"},\"primaryImageOfPage\":{\"@id\":\"https:\\\/\\\/ajatutaja.com\\\/hr\\\/proizvod\\\/ubbi-kos-za-plenice-bela\\\/#primaryimage\"},\"image\":{\"@id\":\"https:\\\/\\\/ajatutaja.com\\\/hr\\\/proizvod\\\/ubbi-kos-za-plenice-bela\\\/#primaryimage\"},\"thumbnailUrl\":\"https:\\\/\\\/ajatutaja.com\\\/wp-content\\\/uploads\\\/2022\\\/02\\\/Ubbi-Kos-za-plenice-Matte-white-1.jpg\",\"datePublished\":\"2024-06-24T14:41:03+00:00\",\"dateModified\":\"2025-07-27T14:43:55+00:00\",\"description\":\"Uporaba Ubbi ko\u0161a za plenice je izredno enostavna in var\u010dna! Ni potrebno kupovati nikakr\u0161nih posebnih kaset z vre\u010dkami. Izdelan iz jekla in prevle\u010den s posebnim premazom, ki ne absorbira neprijetnih vonjav.\",\"breadcrumb\":{\"@id\":\"https:\\\/\\\/ajatutaja.com\\\/hr\\\/proizvod\\\/ubbi-kos-za-plenice-bela\\\/#breadcrumb\"},\"inLanguage\":\"hr\",\"potentialAction\":[{\"@type\":\"ReadAction\",\"target\":[\"https:\\\/\\\/ajatutaja.com\\\/hr\\\/proizvod\\\/ubbi-kos-za-plenice-bela\\\/\"]}]},{\"@type\":\"ImageObject\",\"inLanguage\":\"hr\",\"@id\":\"https:\\\/\\\/ajatutaja.com\\\/hr\\\/proizvod\\\/ubbi-kos-za-plenice-bela\\\/#primaryimage\",\"url\":\"https:\\\/\\\/ajatutaja.com\\\/wp-content\\\/uploads\\\/2022\\\/02\\\/Ubbi-Kos-za-plenice-Matte-white-1.jpg\",\"contentUrl\":\"https:\\\/\\\/ajatutaja.com\\\/wp-content\\\/uploads\\\/2022\\\/02\\\/Ubbi-Kos-za-plenice-Matte-white-1.jpg\",\"width\":1000,\"height\":1000},{\"@type\":\"BreadcrumbList\",\"@id\":\"https:\\\/\\\/ajatutaja.com\\\/hr\\\/proizvod\\\/ubbi-kos-za-plenice-bela\\\/#breadcrumb\",\"itemListElement\":[{\"@type\":\"ListItem\",\"position\":1,\"name\":\"Home\",\"item\":\"https:\\\/\\\/ajatutaja.com\\\/hr\\\/\"},{\"@type\":\"ListItem\",\"position\":2,\"name\":\"Trgovina\",\"item\":\"https:\\\/\\\/ajatutaja.com\\\/hr\\\/trgovina\\\/\"},{\"@type\":\"ListItem\",\"position\":3,\"name\":\"Ubbi\u00ae ko\u0161 za plenice &#8211; Matte White\"}]},{\"@type\":\"WebSite\",\"@id\":\"https:\\\/\\\/ajatutaja.com\\\/#website\",\"url\":\"https:\\\/\\\/ajatutaja.com\\\/\",\"name\":\"Ajatutaja\",\"description\":\"Otro\u0161ka spletna trgovina AJATUTAJA\",\"publisher\":{\"@id\":\"https:\\\/\\\/ajatutaja.com\\\/#organization\"},\"potentialAction\":[{\"@type\":\"SearchAction\",\"target\":{\"@type\":\"EntryPoint\",\"urlTemplate\":\"https:\\\/\\\/ajatutaja.com\\\/?s={search_term_string}\"},\"query-input\":{\"@type\":\"PropertyValueSpecification\",\"valueRequired\":true,\"valueName\":\"search_term_string\"}}],\"inLanguage\":\"hr\"},{\"@type\":\"Organization\",\"@id\":\"https:\\\/\\\/ajatutaja.com\\\/#organization\",\"name\":\"Ajatutaja\",\"url\":\"https:\\\/\\\/ajatutaja.com\\\/\",\"logo\":{\"@type\":\"ImageObject\",\"inLanguage\":\"hr\",\"@id\":\"https:\\\/\\\/ajatutaja.com\\\/#\\\/schema\\\/logo\\\/image\\\/\",\"url\":\"https:\\\/\\\/ajatutaja.com\\\/wp-content\\\/uploads\\\/2021\\\/10\\\/logo.png\",\"contentUrl\":\"https:\\\/\\\/ajatutaja.com\\\/wp-content\\\/uploads\\\/2021\\\/10\\\/logo.png\",\"width\":555,\"height\":150,\"caption\":\"Ajatutaja\"},\"image\":{\"@id\":\"https:\\\/\\\/ajatutaja.com\\\/#\\\/schema\\\/logo\\\/image\\\/\"}}]}<\/script>\n<!-- \/ Yoast SEO plugin. -->","yoast_head_json":{"title":"Ubbi\u00ae ko\u0161 za plenice - Matte White | Ajatutaja","description":"Uporaba Ubbi ko\u0161a za plenice je izredno enostavna in var\u010dna! Ni potrebno kupovati nikakr\u0161nih posebnih kaset z vre\u010dkami. Izdelan iz jekla in prevle\u010den s posebnim premazom, ki ne absorbira neprijetnih vonjav.","robots":{"index":"index","follow":"follow","max-snippet":"max-snippet:-1","max-image-preview":"max-image-preview:large","max-video-preview":"max-video-preview:-1"},"canonical":"https:\/\/ajatutaja.com\/hr\/proizvod\/ubbi-kos-za-plenice-bela\/","og_locale":"hr_HR","og_type":"article","og_title":"Ubbi\u00ae ko\u0161 za plenice - Matte White | Ajatutaja","og_description":"Uporaba Ubbi ko\u0161a za plenice je izredno enostavna in var\u010dna! Ni potrebno kupovati nikakr\u0161nih posebnih kaset z vre\u010dkami. Izdelan iz jekla in prevle\u010den s posebnim premazom, ki ne absorbira neprijetnih vonjav.","og_url":"https:\/\/ajatutaja.com\/hr\/proizvod\/ubbi-kos-za-plenice-bela\/","og_site_name":"Ajatutaja","article_modified_time":"2025-07-27T14:43:55+00:00","og_image":[{"width":1000,"height":1000,"url":"https:\/\/ajatutaja.com\/wp-content\/uploads\/2022\/02\/Ubbi-Kos-za-plenice-Matte-white-1.jpg","type":"image\/jpeg"}],"twitter_card":"summary_large_image","twitter_misc":{"Procijenjeno vrijeme \u010ditanja":"1 minuta"},"schema":{"@context":"https:\/\/schema.org","@graph":[{"@type":"WebPage","@id":"https:\/\/ajatutaja.com\/hr\/proizvod\/ubbi-kos-za-plenice-bela\/","url":"https:\/\/ajatutaja.com\/hr\/proizvod\/ubbi-kos-za-plenice-bela\/","name":"Ubbi\u00ae ko\u0161 za plenice - Matte White | Ajatutaja","isPartOf":{"@id":"https:\/\/ajatutaja.com\/#website"},"primaryImageOfPage":{"@id":"https:\/\/ajatutaja.com\/hr\/proizvod\/ubbi-kos-za-plenice-bela\/#primaryimage"},"image":{"@id":"https:\/\/ajatutaja.com\/hr\/proizvod\/ubbi-kos-za-plenice-bela\/#primaryimage"},"thumbnailUrl":"https:\/\/ajatutaja.com\/wp-content\/uploads\/2022\/02\/Ubbi-Kos-za-plenice-Matte-white-1.jpg","datePublished":"2024-06-24T14:41:03+00:00","dateModified":"2025-07-27T14:43:55+00:00","description":"Uporaba Ubbi ko\u0161a za plenice je izredno enostavna in var\u010dna! Ni potrebno kupovati nikakr\u0161nih posebnih kaset z vre\u010dkami. Izdelan iz jekla in prevle\u010den s posebnim premazom, ki ne absorbira neprijetnih vonjav.","breadcrumb":{"@id":"https:\/\/ajatutaja.com\/hr\/proizvod\/ubbi-kos-za-plenice-bela\/#breadcrumb"},"inLanguage":"hr","potentialAction":[{"@type":"ReadAction","target":["https:\/\/ajatutaja.com\/hr\/proizvod\/ubbi-kos-za-plenice-bela\/"]}]},{"@type":"ImageObject","inLanguage":"hr","@id":"https:\/\/ajatutaja.com\/hr\/proizvod\/ubbi-kos-za-plenice-bela\/#primaryimage","url":"https:\/\/ajatutaja.com\/wp-content\/uploads\/2022\/02\/Ubbi-Kos-za-plenice-Matte-white-1.jpg","contentUrl":"https:\/\/ajatutaja.com\/wp-content\/uploads\/2022\/02\/Ubbi-Kos-za-plenice-Matte-white-1.jpg","width":1000,"height":1000},{"@type":"BreadcrumbList","@id":"https:\/\/ajatutaja.com\/hr\/proizvod\/ubbi-kos-za-plenice-bela\/#breadcrumb","itemListElement":[{"@type":"ListItem","position":1,"name":"Home","item":"https:\/\/ajatutaja.com\/hr\/"},{"@type":"ListItem","position":2,"name":"Trgovina","item":"https:\/\/ajatutaja.com\/hr\/trgovina\/"},{"@type":"ListItem","position":3,"name":"Ubbi\u00ae ko\u0161 za plenice &#8211; Matte White"}]},{"@type":"WebSite","@id":"https:\/\/ajatutaja.com\/#website","url":"https:\/\/ajatutaja.com\/","name":"Ajatutaja","description":"Otro\u0161ka spletna trgovina AJATUTAJA","publisher":{"@id":"https:\/\/ajatutaja.com\/#organization"},"potentialAction":[{"@type":"SearchAction","target":{"@type":"EntryPoint","urlTemplate":"https:\/\/ajatutaja.com\/?s={search_term_string}"},"query-input":{"@type":"PropertyValueSpecification","valueRequired":true,"valueName":"search_term_string"}}],"inLanguage":"hr"},{"@type":"Organization","@id":"https:\/\/ajatutaja.com\/#organization","name":"Ajatutaja","url":"https:\/\/ajatutaja.com\/","logo":{"@type":"ImageObject","inLanguage":"hr","@id":"https:\/\/ajatutaja.com\/#\/schema\/logo\/image\/","url":"https:\/\/ajatutaja.com\/wp-content\/uploads\/2021\/10\/logo.png","contentUrl":"https:\/\/ajatutaja.com\/wp-content\/uploads\/2021\/10\/logo.png","width":555,"height":150,"caption":"Ajatutaja"},"image":{"@id":"https:\/\/ajatutaja.com\/#\/schema\/logo\/image\/"}}]}},"brands":[{"id":2658,"name":"Nega in kopanje","slug":"nega-in-kopanje"},{"id":4791,"name":"Ubbi","slug":"ubbi"}],"_links":{"self":[{"href":"https:\/\/ajatutaja.com\/hr\/wp-json\/wp\/v2\/product\/30385","targetHints":{"allow":["GET"]}}],"collection":[{"href":"https:\/\/ajatutaja.com\/hr\/wp-json\/wp\/v2\/product"}],"about":[{"href":"https:\/\/ajatutaja.com\/hr\/wp-json\/wp\/v2\/types\/product"}],"wp:featuredmedia":[{"embeddable":true,"href":"https:\/\/ajatutaja.com\/hr\/wp-json\/wp\/v2\/media\/78708"}],"wp:attachment":[{"href":"https:\/\/ajatutaja.com\/hr\/wp-json\/wp\/v2\/media?parent=30385"}],"wp:term":[{"taxonomy":"pwb-brand","embeddable":true,"href":"https:\/\/ajatutaja.com\/hr\/wp-json\/wp\/v2\/pwb-brand?post=30385"},{"taxonomy":"product_brand","embeddable":true,"href":"https:\/\/ajatutaja.com\/hr\/wp-json\/wp\/v2\/product_brand?post=30385"},{"taxonomy":"product_cat","embeddable":true,"href":"https:\/\/ajatutaja.com\/hr\/wp-json\/wp\/v2\/product_cat?post=30385"},{"taxonomy":"product_tag","embeddable":true,"href":"https:\/\/ajatutaja.com\/hr\/wp-json\/wp\/v2\/product_tag?post=30385"}],"curies":[{"name":"wp","href":"https:\/\/api.w.org\/{rel}","templated":true}]}}