{"id":29936,"date":"2024-09-25T17:02:56","date_gmt":"2024-09-25T15:02:56","guid":{"rendered":"https:\/\/ajatutaja.com\/?post_type=product&#038;p=29936"},"modified":"2024-10-11T07:04:49","modified_gmt":"2024-10-11T05:04:49","slug":"lesene-kastanjete-za-otroke-goki","status":"publish","type":"product","link":"https:\/\/ajatutaja.com\/hr\/proizvod\/lesene-kastanjete-za-otroke-goki\/","title":{"rendered":"Lesene kastanjete za otroke Goki"},"content":{"rendered":"<p>[vc_row][vc_column][vc_column_text]<\/p>\n<h4>Lesene kastanjete Goki imajo naslednje lastnosti:<\/h4>\n<ul>\n<li>Otro\u0161ko glasbilo u\u010di otroka kako dr\u017eati ritem pri pesmici<\/li>\n<li>Zabavna oblika \u017eivali (4 vrste na voljo)<\/li>\n<li>Primerno za otroke starosti 3 leta+<\/li>\n<li style=\"text-align: justify\">Dimenzija izdelka: 8 x 7 x 6 cm<\/li>\n<li>Izdelano iz lesa in pobarvano z barvami in laki na vodni osnovi<\/li>\n<\/ul>\n<p><span class=\"moze-small\"><strong>Opozorilo<\/strong>: Igra\u010da ni primerna za otroke mlaj\u0161e od 3 let, saj vsebuje majhne delce in kroglico, ki bi lahko povzro\u010dili zadu\u0161itev.<\/span>[\/vc_column_text][\/vc_column][\/vc_row]<\/p>\n","protected":false},"excerpt":{"rendered":"<p style=\"text-align: justify\">Lesene kastanjete GOKI so ljubko glasbilo za otroke v obliki \u017eivalice. Pisane in zabavne kastanjete prevzamejo mal\u010dke in jih u\u010dijo ritma.<\/p>\n<p>4 \u017eivalice na voljo!<\/p>\n","protected":false},"featured_media":68440,"template":"","meta":[],"pwb-brand":[2456,2452],"product_brand":[],"product_cat":[3992,2715,2443,2444],"product_tag":[4180],"class_list":{"0":"post-29936","1":"product","2":"type-product","3":"status-publish","4":"has-post-thumbnail","6":"pwb-brand-goki","7":"pwb-brand-igranje","8":"product_cat-3-leta-igrace","9":"product_cat-darilo-do-15e","10":"product_cat-lesene-igrace","11":"product_cat-otroska-glasbila","12":"product_tag-goki","14":"first","15":"instock","16":"taxable","17":"shipping-taxable","18":"purchasable","19":"product-type-variable","20":"add-to-wishlist-before_image"},"yoast_head":"<!-- This site is optimized with the Yoast SEO plugin v27.3 - https:\/\/yoast.com\/product\/yoast-seo-wordpress\/ -->\n<title>Lesene kastanjete za otroke Goki | Ajatutaja<\/title>\n<meta name=\"description\" content=\"Lesene kastanjete GOKI so ljubko glasbilo za otroke v obliki \u017eivalice. Pisane in zabavne kastanjete prevzamejo mal\u010dke in jih u\u010dijo ritma.\" \/>\n<meta name=\"robots\" content=\"index, follow, max-snippet:-1, max-image-preview:large, max-video-preview:-1\" \/>\n<link rel=\"canonical\" href=\"https:\/\/ajatutaja.com\/izdelek\/lesene-kastanjete-za-otroke-goki\/\" \/>\n<meta property=\"og:locale\" content=\"hr_HR\" \/>\n<meta property=\"og:type\" content=\"article\" \/>\n<meta property=\"og:title\" content=\"Lesene kastanjete za otroke Goki | Ajatutaja\" \/>\n<meta property=\"og:description\" content=\"Lesene kastanjete GOKI so ljubko glasbilo za otroke v obliki \u017eivalice. Pisane in zabavne kastanjete prevzamejo mal\u010dke in jih u\u010dijo ritma.\" \/>\n<meta property=\"og:url\" content=\"https:\/\/ajatutaja.com\/izdelek\/lesene-kastanjete-za-otroke-goki\/\" \/>\n<meta property=\"og:site_name\" content=\"Ajatutaja\" \/>\n<meta property=\"article:modified_time\" content=\"2024-10-11T05:04:49+00:00\" \/>\n<meta property=\"og:image\" content=\"https:\/\/ajatutaja.com\/wp-content\/uploads\/2022\/02\/Goki-lesena-kastanjeta-zaba.jpg\" \/>\n\t<meta property=\"og:image:width\" content=\"1000\" \/>\n\t<meta property=\"og:image:height\" content=\"1000\" \/>\n\t<meta property=\"og:image:type\" content=\"image\/jpeg\" \/>\n<meta name=\"twitter:card\" content=\"summary_large_image\" \/>\n<script type=\"application\/ld+json\" class=\"yoast-schema-graph\">{\"@context\":\"https:\\\/\\\/schema.org\",\"@graph\":[{\"@type\":\"WebPage\",\"@id\":\"https:\\\/\\\/ajatutaja.com\\\/izdelek\\\/lesene-kastanjete-za-otroke-goki\\\/\",\"url\":\"https:\\\/\\\/ajatutaja.com\\\/izdelek\\\/lesene-kastanjete-za-otroke-goki\\\/\",\"name\":\"Lesene kastanjete za otroke Goki | Ajatutaja\",\"isPartOf\":{\"@id\":\"https:\\\/\\\/ajatutaja.com\\\/#website\"},\"primaryImageOfPage\":{\"@id\":\"https:\\\/\\\/ajatutaja.com\\\/izdelek\\\/lesene-kastanjete-za-otroke-goki\\\/#primaryimage\"},\"image\":{\"@id\":\"https:\\\/\\\/ajatutaja.com\\\/izdelek\\\/lesene-kastanjete-za-otroke-goki\\\/#primaryimage\"},\"thumbnailUrl\":\"https:\\\/\\\/ajatutaja.com\\\/wp-content\\\/uploads\\\/2022\\\/02\\\/Goki-lesena-kastanjeta-zaba.jpg\",\"datePublished\":\"2024-09-25T15:02:56+00:00\",\"dateModified\":\"2024-10-11T05:04:49+00:00\",\"description\":\"Lesene kastanjete GOKI so ljubko glasbilo za otroke v obliki \u017eivalice. Pisane in zabavne kastanjete prevzamejo mal\u010dke in jih u\u010dijo ritma.\",\"breadcrumb\":{\"@id\":\"https:\\\/\\\/ajatutaja.com\\\/izdelek\\\/lesene-kastanjete-za-otroke-goki\\\/#breadcrumb\"},\"inLanguage\":\"hr\",\"potentialAction\":[{\"@type\":\"ReadAction\",\"target\":[\"https:\\\/\\\/ajatutaja.com\\\/izdelek\\\/lesene-kastanjete-za-otroke-goki\\\/\"]}]},{\"@type\":\"ImageObject\",\"inLanguage\":\"hr\",\"@id\":\"https:\\\/\\\/ajatutaja.com\\\/izdelek\\\/lesene-kastanjete-za-otroke-goki\\\/#primaryimage\",\"url\":\"https:\\\/\\\/ajatutaja.com\\\/wp-content\\\/uploads\\\/2022\\\/02\\\/Goki-lesena-kastanjeta-zaba.jpg\",\"contentUrl\":\"https:\\\/\\\/ajatutaja.com\\\/wp-content\\\/uploads\\\/2022\\\/02\\\/Goki-lesena-kastanjeta-zaba.jpg\",\"width\":1000,\"height\":1000},{\"@type\":\"BreadcrumbList\",\"@id\":\"https:\\\/\\\/ajatutaja.com\\\/izdelek\\\/lesene-kastanjete-za-otroke-goki\\\/#breadcrumb\",\"itemListElement\":[{\"@type\":\"ListItem\",\"position\":1,\"name\":\"Home\",\"item\":\"https:\\\/\\\/ajatutaja.com\\\/hr\\\/\"},{\"@type\":\"ListItem\",\"position\":2,\"name\":\"Trgovina\",\"item\":\"https:\\\/\\\/ajatutaja.com\\\/hr\\\/trgovina\\\/\"},{\"@type\":\"ListItem\",\"position\":3,\"name\":\"Lesene kastanjete za otroke Goki\"}]},{\"@type\":\"WebSite\",\"@id\":\"https:\\\/\\\/ajatutaja.com\\\/#website\",\"url\":\"https:\\\/\\\/ajatutaja.com\\\/\",\"name\":\"Ajatutaja\",\"description\":\"Otro\u0161ka spletna trgovina AJATUTAJA\",\"publisher\":{\"@id\":\"https:\\\/\\\/ajatutaja.com\\\/#organization\"},\"potentialAction\":[{\"@type\":\"SearchAction\",\"target\":{\"@type\":\"EntryPoint\",\"urlTemplate\":\"https:\\\/\\\/ajatutaja.com\\\/?s={search_term_string}\"},\"query-input\":{\"@type\":\"PropertyValueSpecification\",\"valueRequired\":true,\"valueName\":\"search_term_string\"}}],\"inLanguage\":\"hr\"},{\"@type\":\"Organization\",\"@id\":\"https:\\\/\\\/ajatutaja.com\\\/#organization\",\"name\":\"Ajatutaja\",\"url\":\"https:\\\/\\\/ajatutaja.com\\\/\",\"logo\":{\"@type\":\"ImageObject\",\"inLanguage\":\"hr\",\"@id\":\"https:\\\/\\\/ajatutaja.com\\\/#\\\/schema\\\/logo\\\/image\\\/\",\"url\":\"https:\\\/\\\/ajatutaja.com\\\/wp-content\\\/uploads\\\/2021\\\/10\\\/logo.png\",\"contentUrl\":\"https:\\\/\\\/ajatutaja.com\\\/wp-content\\\/uploads\\\/2021\\\/10\\\/logo.png\",\"width\":555,\"height\":150,\"caption\":\"Ajatutaja\"},\"image\":{\"@id\":\"https:\\\/\\\/ajatutaja.com\\\/#\\\/schema\\\/logo\\\/image\\\/\"}}]}<\/script>\n<!-- \/ Yoast SEO plugin. -->","yoast_head_json":{"title":"Lesene kastanjete za otroke Goki | Ajatutaja","description":"Lesene kastanjete GOKI so ljubko glasbilo za otroke v obliki \u017eivalice. Pisane in zabavne kastanjete prevzamejo mal\u010dke in jih u\u010dijo ritma.","robots":{"index":"index","follow":"follow","max-snippet":"max-snippet:-1","max-image-preview":"max-image-preview:large","max-video-preview":"max-video-preview:-1"},"canonical":"https:\/\/ajatutaja.com\/izdelek\/lesene-kastanjete-za-otroke-goki\/","og_locale":"hr_HR","og_type":"article","og_title":"Lesene kastanjete za otroke Goki | Ajatutaja","og_description":"Lesene kastanjete GOKI so ljubko glasbilo za otroke v obliki \u017eivalice. Pisane in zabavne kastanjete prevzamejo mal\u010dke in jih u\u010dijo ritma.","og_url":"https:\/\/ajatutaja.com\/izdelek\/lesene-kastanjete-za-otroke-goki\/","og_site_name":"Ajatutaja","article_modified_time":"2024-10-11T05:04:49+00:00","og_image":[{"width":1000,"height":1000,"url":"https:\/\/ajatutaja.com\/wp-content\/uploads\/2022\/02\/Goki-lesena-kastanjeta-zaba.jpg","type":"image\/jpeg"}],"twitter_card":"summary_large_image","schema":{"@context":"https:\/\/schema.org","@graph":[{"@type":"WebPage","@id":"https:\/\/ajatutaja.com\/izdelek\/lesene-kastanjete-za-otroke-goki\/","url":"https:\/\/ajatutaja.com\/izdelek\/lesene-kastanjete-za-otroke-goki\/","name":"Lesene kastanjete za otroke Goki | Ajatutaja","isPartOf":{"@id":"https:\/\/ajatutaja.com\/#website"},"primaryImageOfPage":{"@id":"https:\/\/ajatutaja.com\/izdelek\/lesene-kastanjete-za-otroke-goki\/#primaryimage"},"image":{"@id":"https:\/\/ajatutaja.com\/izdelek\/lesene-kastanjete-za-otroke-goki\/#primaryimage"},"thumbnailUrl":"https:\/\/ajatutaja.com\/wp-content\/uploads\/2022\/02\/Goki-lesena-kastanjeta-zaba.jpg","datePublished":"2024-09-25T15:02:56+00:00","dateModified":"2024-10-11T05:04:49+00:00","description":"Lesene kastanjete GOKI so ljubko glasbilo za otroke v obliki \u017eivalice. Pisane in zabavne kastanjete prevzamejo mal\u010dke in jih u\u010dijo ritma.","breadcrumb":{"@id":"https:\/\/ajatutaja.com\/izdelek\/lesene-kastanjete-za-otroke-goki\/#breadcrumb"},"inLanguage":"hr","potentialAction":[{"@type":"ReadAction","target":["https:\/\/ajatutaja.com\/izdelek\/lesene-kastanjete-za-otroke-goki\/"]}]},{"@type":"ImageObject","inLanguage":"hr","@id":"https:\/\/ajatutaja.com\/izdelek\/lesene-kastanjete-za-otroke-goki\/#primaryimage","url":"https:\/\/ajatutaja.com\/wp-content\/uploads\/2022\/02\/Goki-lesena-kastanjeta-zaba.jpg","contentUrl":"https:\/\/ajatutaja.com\/wp-content\/uploads\/2022\/02\/Goki-lesena-kastanjeta-zaba.jpg","width":1000,"height":1000},{"@type":"BreadcrumbList","@id":"https:\/\/ajatutaja.com\/izdelek\/lesene-kastanjete-za-otroke-goki\/#breadcrumb","itemListElement":[{"@type":"ListItem","position":1,"name":"Home","item":"https:\/\/ajatutaja.com\/hr\/"},{"@type":"ListItem","position":2,"name":"Trgovina","item":"https:\/\/ajatutaja.com\/hr\/trgovina\/"},{"@type":"ListItem","position":3,"name":"Lesene kastanjete za otroke Goki"}]},{"@type":"WebSite","@id":"https:\/\/ajatutaja.com\/#website","url":"https:\/\/ajatutaja.com\/","name":"Ajatutaja","description":"Otro\u0161ka spletna trgovina AJATUTAJA","publisher":{"@id":"https:\/\/ajatutaja.com\/#organization"},"potentialAction":[{"@type":"SearchAction","target":{"@type":"EntryPoint","urlTemplate":"https:\/\/ajatutaja.com\/?s={search_term_string}"},"query-input":{"@type":"PropertyValueSpecification","valueRequired":true,"valueName":"search_term_string"}}],"inLanguage":"hr"},{"@type":"Organization","@id":"https:\/\/ajatutaja.com\/#organization","name":"Ajatutaja","url":"https:\/\/ajatutaja.com\/","logo":{"@type":"ImageObject","inLanguage":"hr","@id":"https:\/\/ajatutaja.com\/#\/schema\/logo\/image\/","url":"https:\/\/ajatutaja.com\/wp-content\/uploads\/2021\/10\/logo.png","contentUrl":"https:\/\/ajatutaja.com\/wp-content\/uploads\/2021\/10\/logo.png","width":555,"height":150,"caption":"Ajatutaja"},"image":{"@id":"https:\/\/ajatutaja.com\/#\/schema\/logo\/image\/"}}]}},"brands":[{"id":2456,"name":"Goki","slug":"goki"},{"id":2452,"name":"Igranje","slug":"igranje"}],"_links":{"self":[{"href":"https:\/\/ajatutaja.com\/hr\/wp-json\/wp\/v2\/product\/29936","targetHints":{"allow":["GET"]}}],"collection":[{"href":"https:\/\/ajatutaja.com\/hr\/wp-json\/wp\/v2\/product"}],"about":[{"href":"https:\/\/ajatutaja.com\/hr\/wp-json\/wp\/v2\/types\/product"}],"wp:featuredmedia":[{"embeddable":true,"href":"https:\/\/ajatutaja.com\/hr\/wp-json\/wp\/v2\/media\/68440"}],"wp:attachment":[{"href":"https:\/\/ajatutaja.com\/hr\/wp-json\/wp\/v2\/media?parent=29936"}],"wp:term":[{"taxonomy":"pwb-brand","embeddable":true,"href":"https:\/\/ajatutaja.com\/hr\/wp-json\/wp\/v2\/pwb-brand?post=29936"},{"taxonomy":"product_brand","embeddable":true,"href":"https:\/\/ajatutaja.com\/hr\/wp-json\/wp\/v2\/product_brand?post=29936"},{"taxonomy":"product_cat","embeddable":true,"href":"https:\/\/ajatutaja.com\/hr\/wp-json\/wp\/v2\/product_cat?post=29936"},{"taxonomy":"product_tag","embeddable":true,"href":"https:\/\/ajatutaja.com\/hr\/wp-json\/wp\/v2\/product_tag?post=29936"}],"curies":[{"name":"wp","href":"https:\/\/api.w.org\/{rel}","templated":true}]}}