{"id":29896,"date":"2022-01-31T10:47:53","date_gmt":"2022-01-31T09:47:53","guid":{"rendered":"https:\/\/ajatutaja.com\/?post_type=product&#038;p=29896"},"modified":"2026-01-30T09:47:26","modified_gmt":"2026-01-30T08:47:26","slug":"lesena-ropotuljica-little-dutch-ocean","status":"publish","type":"product","link":"https:\/\/ajatutaja.com\/hr\/proizvod\/lesena-ropotuljica-little-dutch-ocean\/","title":{"rendered":"Lesena ropotuljica Little Dutch &#8211; Forest"},"content":{"rendered":"<p>[vc_row][vc_column][vc_column_text]Nizozemski proizvajalec Little Dutch izdeluje brez\u010dasne igra\u010de visoke kakovosti, z elegantnimi barvami, odtisi in ilustracijami. Vsi izdelki so skladni z evropskimi direktivami in se proizvajajo brez dela otrok in na dru\u017ebeno odgovoren na\u010din.<\/p>\n<h3>Lastnosti lesene ropotujice Little Dutch:<\/h3>\n<ul>\n<li>Izdelano iz lesa<\/li>\n<li>Barvano z otrokom prijaznimi barvami na vodni osnovi<\/li>\n<li>Dimenzije:\u00a07x7x7,5 cm<\/li>\n<li>Starost: 3m+<\/li>\n<li>\u010ci\u0161\u010denje z mehko in vla\u017eno krpo<\/li>\n<\/ul>\n<p>[\/vc_column_text][\/vc_column][\/vc_row]<\/p>\n","protected":false},"excerpt":{"rendered":"<p>Lesena ropotuljica Little Dutch je enostavna za prijem in oddaja prijeten zvok, ko se premika in kotali. Zato jo vsi otroci obo\u017eujejo! Ropotuljica je izdelana iz masivnega borovega lesa in je pobarvana z otrokom prijazno barvo na vodni osnovi.<\/p>\n","protected":false},"featured_media":83810,"template":"","meta":[],"pwb-brand":[2452,2457],"product_brand":[],"product_cat":[3987,2715,2712,2443,2442],"product_tag":[5596,4002],"class_list":{"0":"post-29896","1":"product","2":"type-product","3":"status-publish","4":"has-post-thumbnail","6":"pwb-brand-igranje","7":"pwb-brand-little-dutch-igra","8":"product_cat-3-mesece-igrace","9":"product_cat-darilo-do-15e","10":"product_cat-darilo-za-decka","11":"product_cat-lesene-igrace","12":"product_cat-senzoricne-igrace","13":"product_tag-forest-friends","14":"product_tag-little-dutch","16":"first","17":"instock","18":"taxable","19":"shipping-taxable","20":"purchasable","21":"product-type-simple","22":"add-to-wishlist-before_image"},"yoast_head":"<!-- This site is optimized with the Yoast SEO plugin v27.3 - https:\/\/yoast.com\/product\/yoast-seo-wordpress\/ -->\n<title>Lesena ropotuljica Little Dutch - Forest | Ajatutaja<\/title>\n<meta name=\"description\" content=\"Lesena ropotuljica Little Dutch je enostavna za prijem in oddaja prijeten zvok, ko se premika in kotali. Zato jo vsi otroci obo\u017eujejo!\" \/>\n<meta name=\"robots\" content=\"index, follow, max-snippet:-1, max-image-preview:large, max-video-preview:-1\" \/>\n<link rel=\"canonical\" href=\"https:\/\/ajatutaja.com\/izdelek\/lesena-ropotuljica-little-dutch-ocean\/\" \/>\n<meta property=\"og:locale\" content=\"hr_HR\" \/>\n<meta property=\"og:type\" content=\"article\" \/>\n<meta property=\"og:title\" content=\"Lesena ropotuljica Little Dutch - Forest | Ajatutaja\" \/>\n<meta property=\"og:description\" content=\"Lesena ropotuljica Little Dutch je enostavna za prijem in oddaja prijeten zvok, ko se premika in kotali. Zato jo vsi otroci obo\u017eujejo!\" \/>\n<meta property=\"og:url\" content=\"https:\/\/ajatutaja.com\/izdelek\/lesena-ropotuljica-little-dutch-ocean\/\" \/>\n<meta property=\"og:site_name\" content=\"Ajatutaja\" \/>\n<meta property=\"article:modified_time\" content=\"2026-01-30T08:47:26+00:00\" \/>\n<meta property=\"og:image\" content=\"https:\/\/ajatutaja.com\/wp-content\/uploads\/2022\/01\/Lesena-ropotuljica-little-dutch-ajatutaja-Forest-1.webp\" \/>\n\t<meta property=\"og:image:width\" content=\"1080\" \/>\n\t<meta property=\"og:image:height\" content=\"1080\" \/>\n\t<meta property=\"og:image:type\" content=\"image\/webp\" \/>\n<meta name=\"twitter:card\" content=\"summary_large_image\" \/>\n<script type=\"application\/ld+json\" class=\"yoast-schema-graph\">{\"@context\":\"https:\\\/\\\/schema.org\",\"@graph\":[{\"@type\":\"WebPage\",\"@id\":\"https:\\\/\\\/ajatutaja.com\\\/izdelek\\\/lesena-ropotuljica-little-dutch-ocean\\\/\",\"url\":\"https:\\\/\\\/ajatutaja.com\\\/izdelek\\\/lesena-ropotuljica-little-dutch-ocean\\\/\",\"name\":\"Lesena ropotuljica Little Dutch - Forest | Ajatutaja\",\"isPartOf\":{\"@id\":\"https:\\\/\\\/ajatutaja.com\\\/#website\"},\"primaryImageOfPage\":{\"@id\":\"https:\\\/\\\/ajatutaja.com\\\/izdelek\\\/lesena-ropotuljica-little-dutch-ocean\\\/#primaryimage\"},\"image\":{\"@id\":\"https:\\\/\\\/ajatutaja.com\\\/izdelek\\\/lesena-ropotuljica-little-dutch-ocean\\\/#primaryimage\"},\"thumbnailUrl\":\"https:\\\/\\\/ajatutaja.com\\\/wp-content\\\/uploads\\\/2022\\\/01\\\/Lesena-ropotuljica-little-dutch-ajatutaja-Forest-1.webp\",\"datePublished\":\"2022-01-31T09:47:53+00:00\",\"dateModified\":\"2026-01-30T08:47:26+00:00\",\"description\":\"Lesena ropotuljica Little Dutch je enostavna za prijem in oddaja prijeten zvok, ko se premika in kotali. Zato jo vsi otroci obo\u017eujejo!\",\"breadcrumb\":{\"@id\":\"https:\\\/\\\/ajatutaja.com\\\/izdelek\\\/lesena-ropotuljica-little-dutch-ocean\\\/#breadcrumb\"},\"inLanguage\":\"hr\",\"potentialAction\":[{\"@type\":\"ReadAction\",\"target\":[\"https:\\\/\\\/ajatutaja.com\\\/izdelek\\\/lesena-ropotuljica-little-dutch-ocean\\\/\"]}]},{\"@type\":\"ImageObject\",\"inLanguage\":\"hr\",\"@id\":\"https:\\\/\\\/ajatutaja.com\\\/izdelek\\\/lesena-ropotuljica-little-dutch-ocean\\\/#primaryimage\",\"url\":\"https:\\\/\\\/ajatutaja.com\\\/wp-content\\\/uploads\\\/2022\\\/01\\\/Lesena-ropotuljica-little-dutch-ajatutaja-Forest-1.webp\",\"contentUrl\":\"https:\\\/\\\/ajatutaja.com\\\/wp-content\\\/uploads\\\/2022\\\/01\\\/Lesena-ropotuljica-little-dutch-ajatutaja-Forest-1.webp\",\"width\":1080,\"height\":1080},{\"@type\":\"BreadcrumbList\",\"@id\":\"https:\\\/\\\/ajatutaja.com\\\/izdelek\\\/lesena-ropotuljica-little-dutch-ocean\\\/#breadcrumb\",\"itemListElement\":[{\"@type\":\"ListItem\",\"position\":1,\"name\":\"Home\",\"item\":\"https:\\\/\\\/ajatutaja.com\\\/hr\\\/\"},{\"@type\":\"ListItem\",\"position\":2,\"name\":\"Trgovina\",\"item\":\"https:\\\/\\\/ajatutaja.com\\\/hr\\\/trgovina\\\/\"},{\"@type\":\"ListItem\",\"position\":3,\"name\":\"Lesena ropotuljica Little Dutch &#8211; Forest\"}]},{\"@type\":\"WebSite\",\"@id\":\"https:\\\/\\\/ajatutaja.com\\\/#website\",\"url\":\"https:\\\/\\\/ajatutaja.com\\\/\",\"name\":\"Ajatutaja\",\"description\":\"Otro\u0161ka spletna trgovina AJATUTAJA\",\"publisher\":{\"@id\":\"https:\\\/\\\/ajatutaja.com\\\/#organization\"},\"potentialAction\":[{\"@type\":\"SearchAction\",\"target\":{\"@type\":\"EntryPoint\",\"urlTemplate\":\"https:\\\/\\\/ajatutaja.com\\\/?s={search_term_string}\"},\"query-input\":{\"@type\":\"PropertyValueSpecification\",\"valueRequired\":true,\"valueName\":\"search_term_string\"}}],\"inLanguage\":\"hr\"},{\"@type\":\"Organization\",\"@id\":\"https:\\\/\\\/ajatutaja.com\\\/#organization\",\"name\":\"Ajatutaja\",\"url\":\"https:\\\/\\\/ajatutaja.com\\\/\",\"logo\":{\"@type\":\"ImageObject\",\"inLanguage\":\"hr\",\"@id\":\"https:\\\/\\\/ajatutaja.com\\\/#\\\/schema\\\/logo\\\/image\\\/\",\"url\":\"https:\\\/\\\/ajatutaja.com\\\/wp-content\\\/uploads\\\/2021\\\/10\\\/logo.png\",\"contentUrl\":\"https:\\\/\\\/ajatutaja.com\\\/wp-content\\\/uploads\\\/2021\\\/10\\\/logo.png\",\"width\":555,\"height\":150,\"caption\":\"Ajatutaja\"},\"image\":{\"@id\":\"https:\\\/\\\/ajatutaja.com\\\/#\\\/schema\\\/logo\\\/image\\\/\"}}]}<\/script>\n<!-- \/ Yoast SEO plugin. -->","yoast_head_json":{"title":"Lesena ropotuljica Little Dutch - Forest | Ajatutaja","description":"Lesena ropotuljica Little Dutch je enostavna za prijem in oddaja prijeten zvok, ko se premika in kotali. Zato jo vsi otroci obo\u017eujejo!","robots":{"index":"index","follow":"follow","max-snippet":"max-snippet:-1","max-image-preview":"max-image-preview:large","max-video-preview":"max-video-preview:-1"},"canonical":"https:\/\/ajatutaja.com\/izdelek\/lesena-ropotuljica-little-dutch-ocean\/","og_locale":"hr_HR","og_type":"article","og_title":"Lesena ropotuljica Little Dutch - Forest | Ajatutaja","og_description":"Lesena ropotuljica Little Dutch je enostavna za prijem in oddaja prijeten zvok, ko se premika in kotali. Zato jo vsi otroci obo\u017eujejo!","og_url":"https:\/\/ajatutaja.com\/izdelek\/lesena-ropotuljica-little-dutch-ocean\/","og_site_name":"Ajatutaja","article_modified_time":"2026-01-30T08:47:26+00:00","og_image":[{"width":1080,"height":1080,"url":"https:\/\/ajatutaja.com\/wp-content\/uploads\/2022\/01\/Lesena-ropotuljica-little-dutch-ajatutaja-Forest-1.webp","type":"image\/webp"}],"twitter_card":"summary_large_image","schema":{"@context":"https:\/\/schema.org","@graph":[{"@type":"WebPage","@id":"https:\/\/ajatutaja.com\/izdelek\/lesena-ropotuljica-little-dutch-ocean\/","url":"https:\/\/ajatutaja.com\/izdelek\/lesena-ropotuljica-little-dutch-ocean\/","name":"Lesena ropotuljica Little Dutch - Forest | Ajatutaja","isPartOf":{"@id":"https:\/\/ajatutaja.com\/#website"},"primaryImageOfPage":{"@id":"https:\/\/ajatutaja.com\/izdelek\/lesena-ropotuljica-little-dutch-ocean\/#primaryimage"},"image":{"@id":"https:\/\/ajatutaja.com\/izdelek\/lesena-ropotuljica-little-dutch-ocean\/#primaryimage"},"thumbnailUrl":"https:\/\/ajatutaja.com\/wp-content\/uploads\/2022\/01\/Lesena-ropotuljica-little-dutch-ajatutaja-Forest-1.webp","datePublished":"2022-01-31T09:47:53+00:00","dateModified":"2026-01-30T08:47:26+00:00","description":"Lesena ropotuljica Little Dutch je enostavna za prijem in oddaja prijeten zvok, ko se premika in kotali. Zato jo vsi otroci obo\u017eujejo!","breadcrumb":{"@id":"https:\/\/ajatutaja.com\/izdelek\/lesena-ropotuljica-little-dutch-ocean\/#breadcrumb"},"inLanguage":"hr","potentialAction":[{"@type":"ReadAction","target":["https:\/\/ajatutaja.com\/izdelek\/lesena-ropotuljica-little-dutch-ocean\/"]}]},{"@type":"ImageObject","inLanguage":"hr","@id":"https:\/\/ajatutaja.com\/izdelek\/lesena-ropotuljica-little-dutch-ocean\/#primaryimage","url":"https:\/\/ajatutaja.com\/wp-content\/uploads\/2022\/01\/Lesena-ropotuljica-little-dutch-ajatutaja-Forest-1.webp","contentUrl":"https:\/\/ajatutaja.com\/wp-content\/uploads\/2022\/01\/Lesena-ropotuljica-little-dutch-ajatutaja-Forest-1.webp","width":1080,"height":1080},{"@type":"BreadcrumbList","@id":"https:\/\/ajatutaja.com\/izdelek\/lesena-ropotuljica-little-dutch-ocean\/#breadcrumb","itemListElement":[{"@type":"ListItem","position":1,"name":"Home","item":"https:\/\/ajatutaja.com\/hr\/"},{"@type":"ListItem","position":2,"name":"Trgovina","item":"https:\/\/ajatutaja.com\/hr\/trgovina\/"},{"@type":"ListItem","position":3,"name":"Lesena ropotuljica Little Dutch &#8211; Forest"}]},{"@type":"WebSite","@id":"https:\/\/ajatutaja.com\/#website","url":"https:\/\/ajatutaja.com\/","name":"Ajatutaja","description":"Otro\u0161ka spletna trgovina AJATUTAJA","publisher":{"@id":"https:\/\/ajatutaja.com\/#organization"},"potentialAction":[{"@type":"SearchAction","target":{"@type":"EntryPoint","urlTemplate":"https:\/\/ajatutaja.com\/?s={search_term_string}"},"query-input":{"@type":"PropertyValueSpecification","valueRequired":true,"valueName":"search_term_string"}}],"inLanguage":"hr"},{"@type":"Organization","@id":"https:\/\/ajatutaja.com\/#organization","name":"Ajatutaja","url":"https:\/\/ajatutaja.com\/","logo":{"@type":"ImageObject","inLanguage":"hr","@id":"https:\/\/ajatutaja.com\/#\/schema\/logo\/image\/","url":"https:\/\/ajatutaja.com\/wp-content\/uploads\/2021\/10\/logo.png","contentUrl":"https:\/\/ajatutaja.com\/wp-content\/uploads\/2021\/10\/logo.png","width":555,"height":150,"caption":"Ajatutaja"},"image":{"@id":"https:\/\/ajatutaja.com\/#\/schema\/logo\/image\/"}}]}},"brands":[{"id":2452,"name":"Igranje","slug":"igranje"},{"id":2457,"name":"Little Dutch","slug":"little-dutch-igra"}],"_links":{"self":[{"href":"https:\/\/ajatutaja.com\/hr\/wp-json\/wp\/v2\/product\/29896","targetHints":{"allow":["GET"]}}],"collection":[{"href":"https:\/\/ajatutaja.com\/hr\/wp-json\/wp\/v2\/product"}],"about":[{"href":"https:\/\/ajatutaja.com\/hr\/wp-json\/wp\/v2\/types\/product"}],"wp:featuredmedia":[{"embeddable":true,"href":"https:\/\/ajatutaja.com\/hr\/wp-json\/wp\/v2\/media\/83810"}],"wp:attachment":[{"href":"https:\/\/ajatutaja.com\/hr\/wp-json\/wp\/v2\/media?parent=29896"}],"wp:term":[{"taxonomy":"pwb-brand","embeddable":true,"href":"https:\/\/ajatutaja.com\/hr\/wp-json\/wp\/v2\/pwb-brand?post=29896"},{"taxonomy":"product_brand","embeddable":true,"href":"https:\/\/ajatutaja.com\/hr\/wp-json\/wp\/v2\/product_brand?post=29896"},{"taxonomy":"product_cat","embeddable":true,"href":"https:\/\/ajatutaja.com\/hr\/wp-json\/wp\/v2\/product_cat?post=29896"},{"taxonomy":"product_tag","embeddable":true,"href":"https:\/\/ajatutaja.com\/hr\/wp-json\/wp\/v2\/product_tag?post=29896"}],"curies":[{"name":"wp","href":"https:\/\/api.w.org\/{rel}","templated":true}]}}