{"id":28837,"date":"2022-01-18T17:45:59","date_gmt":"2022-01-18T16:45:59","guid":{"rendered":"https:\/\/ajatutaja.com\/?post_type=product&#038;p=28837"},"modified":"2026-03-24T13:00:54","modified_gmt":"2026-03-24T12:00:54","slug":"frida-mom-poporodne-spodnjice","status":"publish","type":"product","link":"https:\/\/ajatutaja.com\/hr\/proizvod\/frida-mom-poporodne-spodnjice\/","title":{"rendered":"Frida Mom\u00ae poporodne spodnjice za enkratno uporabo &#8211; Boyshort (8 kosov)"},"content":{"rendered":"<p>[vc_row][vc_column][vc_column_text]Lastnosti spodnjic Frida Mom:<\/p>\n<ul>\n<li>8 kosov spodnjic v kompletu<\/li>\n<li>Za enkratno uporabo<\/li>\n<li>Spodnje perilo za enkratno uporabo je drugi korak Frida Mom re\u017eima od petih korakov okrevanja po porodu.<\/li>\n<li>Material je izdelan iz zdravilnega nepozebnika, brez\u00a0 kemikalij in barve+BL25<\/li>\n<li>Surovinska sestava: Mikrovlakna in spandex. Super mehko, zra\u010dno, brez mre\u017eic in brez lateksa (za razliko od neudobnega, prozornega in mre\u017eastega spodnjega perila iz bolni\u0161nice).<\/li>\n<li>Zasnovano tako, da ohranja vse na svojem mestu &#8211; od okrevanja po porodu do naslednjih 6 tednov.<\/li>\n<\/ul>\n<p>Marsikatera mamica opisuje svoje poporodno obdobje kot stresno in bole\u010de. Revolucionarni izdelki Frida Mom poskrbijo, da so dnevi po porodu \u010dim bolj prijetni in zagotavljajo hitrej\u0161e okrevanje. Obiski v kopalnici pa bodo zagotovo manj bole\u010di. \u0160vedsko podjetje Frida\u00ae vsem mamicam priporo\u010da prav poseben komplet za okrevanje po porodu, ki vklju\u010duje vse, kar potrebujete za hitro okrevanje med prvimi obiski WC in kopalnice \u2013 hlajenje, vpijanje, umirjanje in laj\u0161anje bole\u010din v predelu presredka. V kompletu Frida Mom najdete spodnje perilo za enkratno uporabo po porodu, Instant Ice hladilne vlo\u017eke, obloge za hlajenje presredka in peno za presredek iz nepozebnika.[\/vc_column_text][\/vc_column][\/vc_row]<\/p>\n","protected":false},"excerpt":{"rendered":"<p style=\"text-align: justify\">Frida Mom komplet 8 spodnjic za enkratno uprabo, poskrbi da ostane vlo\u017eek na svojem mestu. Ne\u017eno objame, ne ti\u0161\u010di in ne ve\u017ee. Prijazen do ob\u010dutljive ko\u017ee. Perilo je izdelano iz mikrovlaken in spandexa, zato je mehko, zra\u010dno, brez mre\u017eic in lateksa.<\/p>\n","protected":false},"featured_media":28843,"template":"","meta":[],"pwb-brand":[2268,2587,2588,2267],"product_brand":[],"product_cat":[2261,2258,2250],"product_tag":[4536],"class_list":{"0":"post-28837","1":"product","2":"type-product","3":"status-publish","4":"has-post-thumbnail","6":"pwb-brand-dojenje","7":"pwb-brand-frida-mom","8":"pwb-brand-frida-dojenje","9":"pwb-brand-nosecnost","10":"product_cat-nega-nosecnice","11":"product_cat-nosecnisko-spodnje-perilo","12":"product_cat-nosecnost","13":"product_tag-fridamom","15":"first","16":"instock","17":"taxable","18":"shipping-taxable","19":"purchasable","20":"product-type-simple","21":"add-to-wishlist-before_image"},"yoast_head":"<!-- This site is optimized with the Yoast SEO plugin v27.3 - https:\/\/yoast.com\/product\/yoast-seo-wordpress\/ -->\n<title>Frida Mom\u00ae poporodne spodnjice za enkratno uporabo - Boyshort (8 kosov) | Ajatutaja<\/title>\n<meta name=\"description\" content=\"Frida Mom komplet 8 spodnjic za enkratno uprabo poskrbi, da ostane vse na svojem mestu - od okrevanja po porodu dalje. Brez kemikalij in lateksa.\" \/>\n<meta name=\"robots\" content=\"index, follow, max-snippet:-1, max-image-preview:large, max-video-preview:-1\" \/>\n<link rel=\"canonical\" href=\"https:\/\/ajatutaja.com\/izdelek\/frida-mom-poporodne-spodnjice\/\" \/>\n<meta property=\"og:locale\" content=\"hr_HR\" \/>\n<meta property=\"og:type\" content=\"article\" \/>\n<meta property=\"og:title\" content=\"Frida Mom\u00ae poporodne spodnjice za enkratno uporabo - Boyshort (8 kosov) | Ajatutaja\" \/>\n<meta property=\"og:description\" content=\"Frida Mom komplet 8 spodnjic za enkratno uprabo poskrbi, da ostane vse na svojem mestu - od okrevanja po porodu dalje. Brez kemikalij in lateksa.\" \/>\n<meta property=\"og:url\" content=\"https:\/\/ajatutaja.com\/izdelek\/frida-mom-poporodne-spodnjice\/\" \/>\n<meta property=\"og:site_name\" content=\"Ajatutaja\" \/>\n<meta property=\"article:modified_time\" content=\"2026-03-24T12:00:54+00:00\" \/>\n<meta property=\"og:image\" content=\"https:\/\/ajatutaja.com\/wp-content\/uploads\/2022\/01\/boyshort-ajatutaja-4.jpg\" \/>\n\t<meta property=\"og:image:width\" content=\"1000\" \/>\n\t<meta property=\"og:image:height\" content=\"1000\" \/>\n\t<meta property=\"og:image:type\" content=\"image\/jpeg\" \/>\n<meta name=\"twitter:card\" content=\"summary_large_image\" \/>\n<meta name=\"twitter:label1\" content=\"Procijenjeno vrijeme \u010ditanja\" \/>\n\t<meta name=\"twitter:data1\" content=\"1 minuta\" \/>\n<script type=\"application\/ld+json\" class=\"yoast-schema-graph\">{\"@context\":\"https:\\\/\\\/schema.org\",\"@graph\":[{\"@type\":\"WebPage\",\"@id\":\"https:\\\/\\\/ajatutaja.com\\\/izdelek\\\/frida-mom-poporodne-spodnjice\\\/\",\"url\":\"https:\\\/\\\/ajatutaja.com\\\/izdelek\\\/frida-mom-poporodne-spodnjice\\\/\",\"name\":\"Frida Mom\u00ae poporodne spodnjice za enkratno uporabo - Boyshort (8 kosov) | Ajatutaja\",\"isPartOf\":{\"@id\":\"https:\\\/\\\/ajatutaja.com\\\/#website\"},\"primaryImageOfPage\":{\"@id\":\"https:\\\/\\\/ajatutaja.com\\\/izdelek\\\/frida-mom-poporodne-spodnjice\\\/#primaryimage\"},\"image\":{\"@id\":\"https:\\\/\\\/ajatutaja.com\\\/izdelek\\\/frida-mom-poporodne-spodnjice\\\/#primaryimage\"},\"thumbnailUrl\":\"https:\\\/\\\/ajatutaja.com\\\/wp-content\\\/uploads\\\/2022\\\/01\\\/boyshort-ajatutaja-4.jpg\",\"datePublished\":\"2022-01-18T16:45:59+00:00\",\"dateModified\":\"2026-03-24T12:00:54+00:00\",\"description\":\"Frida Mom komplet 8 spodnjic za enkratno uprabo poskrbi, da ostane vse na svojem mestu - od okrevanja po porodu dalje. Brez kemikalij in lateksa.\",\"breadcrumb\":{\"@id\":\"https:\\\/\\\/ajatutaja.com\\\/izdelek\\\/frida-mom-poporodne-spodnjice\\\/#breadcrumb\"},\"inLanguage\":\"hr\",\"potentialAction\":[{\"@type\":\"ReadAction\",\"target\":[\"https:\\\/\\\/ajatutaja.com\\\/izdelek\\\/frida-mom-poporodne-spodnjice\\\/\"]}]},{\"@type\":\"ImageObject\",\"inLanguage\":\"hr\",\"@id\":\"https:\\\/\\\/ajatutaja.com\\\/izdelek\\\/frida-mom-poporodne-spodnjice\\\/#primaryimage\",\"url\":\"https:\\\/\\\/ajatutaja.com\\\/wp-content\\\/uploads\\\/2022\\\/01\\\/boyshort-ajatutaja-4.jpg\",\"contentUrl\":\"https:\\\/\\\/ajatutaja.com\\\/wp-content\\\/uploads\\\/2022\\\/01\\\/boyshort-ajatutaja-4.jpg\",\"width\":1000,\"height\":1000},{\"@type\":\"BreadcrumbList\",\"@id\":\"https:\\\/\\\/ajatutaja.com\\\/izdelek\\\/frida-mom-poporodne-spodnjice\\\/#breadcrumb\",\"itemListElement\":[{\"@type\":\"ListItem\",\"position\":1,\"name\":\"Home\",\"item\":\"https:\\\/\\\/ajatutaja.com\\\/hr\\\/\"},{\"@type\":\"ListItem\",\"position\":2,\"name\":\"Trgovina\",\"item\":\"https:\\\/\\\/ajatutaja.com\\\/hr\\\/trgovina\\\/\"},{\"@type\":\"ListItem\",\"position\":3,\"name\":\"Frida Mom\u00ae poporodne spodnjice za enkratno uporabo &#8211; Boyshort (8 kosov)\"}]},{\"@type\":\"WebSite\",\"@id\":\"https:\\\/\\\/ajatutaja.com\\\/#website\",\"url\":\"https:\\\/\\\/ajatutaja.com\\\/\",\"name\":\"Ajatutaja\",\"description\":\"Otro\u0161ka spletna trgovina AJATUTAJA\",\"publisher\":{\"@id\":\"https:\\\/\\\/ajatutaja.com\\\/#organization\"},\"potentialAction\":[{\"@type\":\"SearchAction\",\"target\":{\"@type\":\"EntryPoint\",\"urlTemplate\":\"https:\\\/\\\/ajatutaja.com\\\/?s={search_term_string}\"},\"query-input\":{\"@type\":\"PropertyValueSpecification\",\"valueRequired\":true,\"valueName\":\"search_term_string\"}}],\"inLanguage\":\"hr\"},{\"@type\":\"Organization\",\"@id\":\"https:\\\/\\\/ajatutaja.com\\\/#organization\",\"name\":\"Ajatutaja\",\"url\":\"https:\\\/\\\/ajatutaja.com\\\/\",\"logo\":{\"@type\":\"ImageObject\",\"inLanguage\":\"hr\",\"@id\":\"https:\\\/\\\/ajatutaja.com\\\/#\\\/schema\\\/logo\\\/image\\\/\",\"url\":\"https:\\\/\\\/ajatutaja.com\\\/wp-content\\\/uploads\\\/2021\\\/10\\\/logo.png\",\"contentUrl\":\"https:\\\/\\\/ajatutaja.com\\\/wp-content\\\/uploads\\\/2021\\\/10\\\/logo.png\",\"width\":555,\"height\":150,\"caption\":\"Ajatutaja\"},\"image\":{\"@id\":\"https:\\\/\\\/ajatutaja.com\\\/#\\\/schema\\\/logo\\\/image\\\/\"}}]}<\/script>\n<!-- \/ Yoast SEO plugin. -->","yoast_head_json":{"title":"Frida Mom\u00ae poporodne spodnjice za enkratno uporabo - Boyshort (8 kosov) | Ajatutaja","description":"Frida Mom komplet 8 spodnjic za enkratno uprabo poskrbi, da ostane vse na svojem mestu - od okrevanja po porodu dalje. Brez kemikalij in lateksa.","robots":{"index":"index","follow":"follow","max-snippet":"max-snippet:-1","max-image-preview":"max-image-preview:large","max-video-preview":"max-video-preview:-1"},"canonical":"https:\/\/ajatutaja.com\/izdelek\/frida-mom-poporodne-spodnjice\/","og_locale":"hr_HR","og_type":"article","og_title":"Frida Mom\u00ae poporodne spodnjice za enkratno uporabo - Boyshort (8 kosov) | Ajatutaja","og_description":"Frida Mom komplet 8 spodnjic za enkratno uprabo poskrbi, da ostane vse na svojem mestu - od okrevanja po porodu dalje. Brez kemikalij in lateksa.","og_url":"https:\/\/ajatutaja.com\/izdelek\/frida-mom-poporodne-spodnjice\/","og_site_name":"Ajatutaja","article_modified_time":"2026-03-24T12:00:54+00:00","og_image":[{"width":1000,"height":1000,"url":"https:\/\/ajatutaja.com\/wp-content\/uploads\/2022\/01\/boyshort-ajatutaja-4.jpg","type":"image\/jpeg"}],"twitter_card":"summary_large_image","twitter_misc":{"Procijenjeno vrijeme \u010ditanja":"1 minuta"},"schema":{"@context":"https:\/\/schema.org","@graph":[{"@type":"WebPage","@id":"https:\/\/ajatutaja.com\/izdelek\/frida-mom-poporodne-spodnjice\/","url":"https:\/\/ajatutaja.com\/izdelek\/frida-mom-poporodne-spodnjice\/","name":"Frida Mom\u00ae poporodne spodnjice za enkratno uporabo - Boyshort (8 kosov) | Ajatutaja","isPartOf":{"@id":"https:\/\/ajatutaja.com\/#website"},"primaryImageOfPage":{"@id":"https:\/\/ajatutaja.com\/izdelek\/frida-mom-poporodne-spodnjice\/#primaryimage"},"image":{"@id":"https:\/\/ajatutaja.com\/izdelek\/frida-mom-poporodne-spodnjice\/#primaryimage"},"thumbnailUrl":"https:\/\/ajatutaja.com\/wp-content\/uploads\/2022\/01\/boyshort-ajatutaja-4.jpg","datePublished":"2022-01-18T16:45:59+00:00","dateModified":"2026-03-24T12:00:54+00:00","description":"Frida Mom komplet 8 spodnjic za enkratno uprabo poskrbi, da ostane vse na svojem mestu - od okrevanja po porodu dalje. Brez kemikalij in lateksa.","breadcrumb":{"@id":"https:\/\/ajatutaja.com\/izdelek\/frida-mom-poporodne-spodnjice\/#breadcrumb"},"inLanguage":"hr","potentialAction":[{"@type":"ReadAction","target":["https:\/\/ajatutaja.com\/izdelek\/frida-mom-poporodne-spodnjice\/"]}]},{"@type":"ImageObject","inLanguage":"hr","@id":"https:\/\/ajatutaja.com\/izdelek\/frida-mom-poporodne-spodnjice\/#primaryimage","url":"https:\/\/ajatutaja.com\/wp-content\/uploads\/2022\/01\/boyshort-ajatutaja-4.jpg","contentUrl":"https:\/\/ajatutaja.com\/wp-content\/uploads\/2022\/01\/boyshort-ajatutaja-4.jpg","width":1000,"height":1000},{"@type":"BreadcrumbList","@id":"https:\/\/ajatutaja.com\/izdelek\/frida-mom-poporodne-spodnjice\/#breadcrumb","itemListElement":[{"@type":"ListItem","position":1,"name":"Home","item":"https:\/\/ajatutaja.com\/hr\/"},{"@type":"ListItem","position":2,"name":"Trgovina","item":"https:\/\/ajatutaja.com\/hr\/trgovina\/"},{"@type":"ListItem","position":3,"name":"Frida Mom\u00ae poporodne spodnjice za enkratno uporabo &#8211; Boyshort (8 kosov)"}]},{"@type":"WebSite","@id":"https:\/\/ajatutaja.com\/#website","url":"https:\/\/ajatutaja.com\/","name":"Ajatutaja","description":"Otro\u0161ka spletna trgovina AJATUTAJA","publisher":{"@id":"https:\/\/ajatutaja.com\/#organization"},"potentialAction":[{"@type":"SearchAction","target":{"@type":"EntryPoint","urlTemplate":"https:\/\/ajatutaja.com\/?s={search_term_string}"},"query-input":{"@type":"PropertyValueSpecification","valueRequired":true,"valueName":"search_term_string"}}],"inLanguage":"hr"},{"@type":"Organization","@id":"https:\/\/ajatutaja.com\/#organization","name":"Ajatutaja","url":"https:\/\/ajatutaja.com\/","logo":{"@type":"ImageObject","inLanguage":"hr","@id":"https:\/\/ajatutaja.com\/#\/schema\/logo\/image\/","url":"https:\/\/ajatutaja.com\/wp-content\/uploads\/2021\/10\/logo.png","contentUrl":"https:\/\/ajatutaja.com\/wp-content\/uploads\/2021\/10\/logo.png","width":555,"height":150,"caption":"Ajatutaja"},"image":{"@id":"https:\/\/ajatutaja.com\/#\/schema\/logo\/image\/"}}]}},"brands":[{"id":2268,"name":"Dojenje","slug":"dojenje"},{"id":2587,"name":"Frida Mom","slug":"frida-mom"},{"id":2588,"name":"FridaMom","slug":"frida-dojenje"},{"id":2267,"name":"Nose\u010dnost","slug":"nosecnost"}],"_links":{"self":[{"href":"https:\/\/ajatutaja.com\/hr\/wp-json\/wp\/v2\/product\/28837","targetHints":{"allow":["GET"]}}],"collection":[{"href":"https:\/\/ajatutaja.com\/hr\/wp-json\/wp\/v2\/product"}],"about":[{"href":"https:\/\/ajatutaja.com\/hr\/wp-json\/wp\/v2\/types\/product"}],"wp:featuredmedia":[{"embeddable":true,"href":"https:\/\/ajatutaja.com\/hr\/wp-json\/wp\/v2\/media\/28843"}],"wp:attachment":[{"href":"https:\/\/ajatutaja.com\/hr\/wp-json\/wp\/v2\/media?parent=28837"}],"wp:term":[{"taxonomy":"pwb-brand","embeddable":true,"href":"https:\/\/ajatutaja.com\/hr\/wp-json\/wp\/v2\/pwb-brand?post=28837"},{"taxonomy":"product_brand","embeddable":true,"href":"https:\/\/ajatutaja.com\/hr\/wp-json\/wp\/v2\/product_brand?post=28837"},{"taxonomy":"product_cat","embeddable":true,"href":"https:\/\/ajatutaja.com\/hr\/wp-json\/wp\/v2\/product_cat?post=28837"},{"taxonomy":"product_tag","embeddable":true,"href":"https:\/\/ajatutaja.com\/hr\/wp-json\/wp\/v2\/product_tag?post=28837"}],"curies":[{"name":"wp","href":"https:\/\/api.w.org\/{rel}","templated":true}]}}