{"id":28823,"date":"2022-01-18T17:32:56","date_gmt":"2022-01-18T16:32:56","guid":{"rendered":"https:\/\/ajatutaja.com\/?post_type=product&#038;p=28823"},"modified":"2026-03-12T14:47:44","modified_gmt":"2026-03-12T13:47:44","slug":"frida-mom-poporodne-spodnjice-z-visokim-pasom","status":"publish","type":"product","link":"https:\/\/ajatutaja.com\/hr\/proizvod\/frida-mom-poporodne-spodnjice-z-visokim-pasom\/","title":{"rendered":"Frida Mom\u00ae poporodne spodnjice za enkratno uporabo po carskem rezu &#8211; Visoki pas (8 kosov)"},"content":{"rendered":"<p>[vc_row][vc_column][vc_column_text]Lastnosti spodnjic za enkratno uporabo FridaMom:<\/p>\n<ul>\n<li>Poporodne spodnjice z visokim pasom so namenjene mamicam po carskem rezu<\/li>\n<li>8 kosov spodnjic v kompletu<\/li>\n<li>Za enkratno uporabo<\/li>\n<li>Spodnje perilo za enkratno uporabo je drugi korak Frida Mom re\u017eima od petih korakov okrevanja po porodu.<\/li>\n<li>Material je izdelan iz zdravilnega nepozebnika, brez\u00a0 kemikalij in barve+BL25<\/li>\n<li>Surovinska sestava: Mikrovlakna in spandex. Super mehko, zra\u010dno, brez mre\u017eic in brez lateksa (za razliko od neudobnega, prozornega in mre\u017eastega spodnjega perila iz bolni\u0161nice).<\/li>\n<li>Zasnovano tako, da ohranja vse na svojem mestu &#8211; od okrevanja po porodu do naslednjih 6 tednov.<\/li>\n<\/ul>\n<p>Marsikatera mamica opisuje svoje poporodno obdobje kot stresno in bole\u010de. Revolucionarni izdelki Frida Mom poskrbijo, da so dnevi po porodu \u010dim bolj prijetni in zagotavljajo hitrej\u0161e okrevanje. Obiski v kopalnici pa bodo zagotovo manj bole\u010di. \u0160vedsko podjetje Frida\u00ae vsem mamicam priporo\u010da prav poseben komplet za okrevanje po porodu, ki vklju\u010duje vse, kar potrebujete za hitro okrevanje med prvimi obiski WC in kopalnice \u2013 hlajenje, vpijanje, umirjanje in laj\u0161anje bole\u010din v predelu presredka. V kompletu Frida Mom najdete spodnje perilo za enkratno uporabo po porodu, Instant Ice hladilne vlo\u017eke, obloge za hlajenje presredka in peno za presredek iz nepozebnika.[\/vc_column_text][\/vc_column][\/vc_row]<\/p>\n","protected":false},"excerpt":{"rendered":"<p style=\"text-align: justify\">Komplet 8 spodnjic za enkratno uporabo Frida Mom poskrbi, da ostane vlo\u017eek na svojem mestu. Nadvse primerne za uporabo po carskem rezu! Ne\u017eno objamejo telo, ne ti\u0161\u010dijo in ne ve\u017eejo, ter dajejo prijeten ob\u010dutek na ko\u017ei. Perilo je izdelano iz mikrovlaken in spandexa, zato je mehko in zra\u010dno &#8211; brez mre\u017eic in lateksa.<\/p>\n","protected":false},"featured_media":78214,"template":"","meta":[],"pwb-brand":[2268,2587,2588,2267],"product_brand":[],"product_cat":[2261,2258,2250],"product_tag":[5793,4536],"class_list":{"0":"post-28823","1":"product","2":"type-product","3":"status-publish","4":"has-post-thumbnail","6":"pwb-brand-dojenje","7":"pwb-brand-frida-mom","8":"pwb-brand-frida-dojenje","9":"pwb-brand-nosecnost","10":"product_cat-nega-nosecnice","11":"product_cat-nosecnisko-spodnje-perilo","12":"product_cat-nosecnost","13":"product_tag-carski-rez","14":"product_tag-fridamom","16":"first","17":"instock","18":"taxable","19":"shipping-taxable","20":"purchasable","21":"product-type-simple","22":"add-to-wishlist-before_image"},"yoast_head":"<!-- This site is optimized with the Yoast SEO plugin v27.3 - https:\/\/yoast.com\/product\/yoast-seo-wordpress\/ -->\n<title>Frida Mom\u00ae poporodne spodnjice za enkratno uporabo po carskem rezu - Visoki pas (8 kosov) | Ajatutaja<\/title>\n<meta name=\"description\" content=\"FridaMom visoke spodnjice za enkratno uporabo so nadvse primerne za uporabo po carskem rezu. Mehka tkanina se lepo oprime telo - ne ti\u0161\u010di in daje prijeten ob\u010dutek na ko\u017ei.\" \/>\n<meta name=\"robots\" content=\"index, follow, max-snippet:-1, max-image-preview:large, max-video-preview:-1\" \/>\n<link rel=\"canonical\" href=\"https:\/\/ajatutaja.com\/izdelek\/frida-mom-poporodne-spodnjice-z-visokim-pasom\/\" \/>\n<meta property=\"og:locale\" content=\"hr_HR\" \/>\n<meta property=\"og:type\" content=\"article\" \/>\n<meta property=\"og:title\" content=\"Frida Mom\u00ae poporodne spodnjice za enkratno uporabo po carskem rezu - Visoki pas (8 kosov) | Ajatutaja\" \/>\n<meta property=\"og:description\" content=\"FridaMom visoke spodnjice za enkratno uporabo so nadvse primerne za uporabo po carskem rezu. Mehka tkanina se lepo oprime telo - ne ti\u0161\u010di in daje prijeten ob\u010dutek na ko\u017ei.\" \/>\n<meta property=\"og:url\" content=\"https:\/\/ajatutaja.com\/izdelek\/frida-mom-poporodne-spodnjice-z-visokim-pasom\/\" \/>\n<meta property=\"og:site_name\" content=\"Ajatutaja\" \/>\n<meta property=\"article:modified_time\" content=\"2026-03-12T13:47:44+00:00\" \/>\n<meta property=\"og:image\" content=\"https:\/\/ajatutaja.com\/wp-content\/uploads\/2022\/01\/fridamom-spodnje-perilo-z-visokim-pasom-za-enkratno-uporabo-po-porodu-s-carskim-rezom.png\" \/>\n\t<meta property=\"og:image:width\" content=\"1080\" \/>\n\t<meta property=\"og:image:height\" content=\"1080\" \/>\n\t<meta property=\"og:image:type\" content=\"image\/png\" \/>\n<meta name=\"twitter:card\" content=\"summary_large_image\" \/>\n<meta name=\"twitter:label1\" content=\"Procijenjeno vrijeme \u010ditanja\" \/>\n\t<meta name=\"twitter:data1\" content=\"2 minute\" \/>\n<script type=\"application\/ld+json\" class=\"yoast-schema-graph\">{\"@context\":\"https:\\\/\\\/schema.org\",\"@graph\":[{\"@type\":\"WebPage\",\"@id\":\"https:\\\/\\\/ajatutaja.com\\\/izdelek\\\/frida-mom-poporodne-spodnjice-z-visokim-pasom\\\/\",\"url\":\"https:\\\/\\\/ajatutaja.com\\\/izdelek\\\/frida-mom-poporodne-spodnjice-z-visokim-pasom\\\/\",\"name\":\"Frida Mom\u00ae poporodne spodnjice za enkratno uporabo po carskem rezu - Visoki pas (8 kosov) | Ajatutaja\",\"isPartOf\":{\"@id\":\"https:\\\/\\\/ajatutaja.com\\\/#website\"},\"primaryImageOfPage\":{\"@id\":\"https:\\\/\\\/ajatutaja.com\\\/izdelek\\\/frida-mom-poporodne-spodnjice-z-visokim-pasom\\\/#primaryimage\"},\"image\":{\"@id\":\"https:\\\/\\\/ajatutaja.com\\\/izdelek\\\/frida-mom-poporodne-spodnjice-z-visokim-pasom\\\/#primaryimage\"},\"thumbnailUrl\":\"https:\\\/\\\/ajatutaja.com\\\/wp-content\\\/uploads\\\/2022\\\/01\\\/fridamom-spodnje-perilo-z-visokim-pasom-za-enkratno-uporabo-po-porodu-s-carskim-rezom.png\",\"datePublished\":\"2022-01-18T16:32:56+00:00\",\"dateModified\":\"2026-03-12T13:47:44+00:00\",\"description\":\"FridaMom visoke spodnjice za enkratno uporabo so nadvse primerne za uporabo po carskem rezu. Mehka tkanina se lepo oprime telo - ne ti\u0161\u010di in daje prijeten ob\u010dutek na ko\u017ei.\",\"breadcrumb\":{\"@id\":\"https:\\\/\\\/ajatutaja.com\\\/izdelek\\\/frida-mom-poporodne-spodnjice-z-visokim-pasom\\\/#breadcrumb\"},\"inLanguage\":\"hr\",\"potentialAction\":[{\"@type\":\"ReadAction\",\"target\":[\"https:\\\/\\\/ajatutaja.com\\\/izdelek\\\/frida-mom-poporodne-spodnjice-z-visokim-pasom\\\/\"]}]},{\"@type\":\"ImageObject\",\"inLanguage\":\"hr\",\"@id\":\"https:\\\/\\\/ajatutaja.com\\\/izdelek\\\/frida-mom-poporodne-spodnjice-z-visokim-pasom\\\/#primaryimage\",\"url\":\"https:\\\/\\\/ajatutaja.com\\\/wp-content\\\/uploads\\\/2022\\\/01\\\/fridamom-spodnje-perilo-z-visokim-pasom-za-enkratno-uporabo-po-porodu-s-carskim-rezom.png\",\"contentUrl\":\"https:\\\/\\\/ajatutaja.com\\\/wp-content\\\/uploads\\\/2022\\\/01\\\/fridamom-spodnje-perilo-z-visokim-pasom-za-enkratno-uporabo-po-porodu-s-carskim-rezom.png\",\"width\":1080,\"height\":1080},{\"@type\":\"BreadcrumbList\",\"@id\":\"https:\\\/\\\/ajatutaja.com\\\/izdelek\\\/frida-mom-poporodne-spodnjice-z-visokim-pasom\\\/#breadcrumb\",\"itemListElement\":[{\"@type\":\"ListItem\",\"position\":1,\"name\":\"Home\",\"item\":\"https:\\\/\\\/ajatutaja.com\\\/hr\\\/\"},{\"@type\":\"ListItem\",\"position\":2,\"name\":\"Trgovina\",\"item\":\"https:\\\/\\\/ajatutaja.com\\\/hr\\\/trgovina\\\/\"},{\"@type\":\"ListItem\",\"position\":3,\"name\":\"Frida Mom\u00ae poporodne spodnjice za enkratno uporabo po carskem rezu &#8211; Visoki pas (8 kosov)\"}]},{\"@type\":\"WebSite\",\"@id\":\"https:\\\/\\\/ajatutaja.com\\\/#website\",\"url\":\"https:\\\/\\\/ajatutaja.com\\\/\",\"name\":\"Ajatutaja\",\"description\":\"Otro\u0161ka spletna trgovina AJATUTAJA\",\"publisher\":{\"@id\":\"https:\\\/\\\/ajatutaja.com\\\/#organization\"},\"potentialAction\":[{\"@type\":\"SearchAction\",\"target\":{\"@type\":\"EntryPoint\",\"urlTemplate\":\"https:\\\/\\\/ajatutaja.com\\\/?s={search_term_string}\"},\"query-input\":{\"@type\":\"PropertyValueSpecification\",\"valueRequired\":true,\"valueName\":\"search_term_string\"}}],\"inLanguage\":\"hr\"},{\"@type\":\"Organization\",\"@id\":\"https:\\\/\\\/ajatutaja.com\\\/#organization\",\"name\":\"Ajatutaja\",\"url\":\"https:\\\/\\\/ajatutaja.com\\\/\",\"logo\":{\"@type\":\"ImageObject\",\"inLanguage\":\"hr\",\"@id\":\"https:\\\/\\\/ajatutaja.com\\\/#\\\/schema\\\/logo\\\/image\\\/\",\"url\":\"https:\\\/\\\/ajatutaja.com\\\/wp-content\\\/uploads\\\/2021\\\/10\\\/logo.png\",\"contentUrl\":\"https:\\\/\\\/ajatutaja.com\\\/wp-content\\\/uploads\\\/2021\\\/10\\\/logo.png\",\"width\":555,\"height\":150,\"caption\":\"Ajatutaja\"},\"image\":{\"@id\":\"https:\\\/\\\/ajatutaja.com\\\/#\\\/schema\\\/logo\\\/image\\\/\"}}]}<\/script>\n<!-- \/ Yoast SEO plugin. -->","yoast_head_json":{"title":"Frida Mom\u00ae poporodne spodnjice za enkratno uporabo po carskem rezu - Visoki pas (8 kosov) | Ajatutaja","description":"FridaMom visoke spodnjice za enkratno uporabo so nadvse primerne za uporabo po carskem rezu. Mehka tkanina se lepo oprime telo - ne ti\u0161\u010di in daje prijeten ob\u010dutek na ko\u017ei.","robots":{"index":"index","follow":"follow","max-snippet":"max-snippet:-1","max-image-preview":"max-image-preview:large","max-video-preview":"max-video-preview:-1"},"canonical":"https:\/\/ajatutaja.com\/izdelek\/frida-mom-poporodne-spodnjice-z-visokim-pasom\/","og_locale":"hr_HR","og_type":"article","og_title":"Frida Mom\u00ae poporodne spodnjice za enkratno uporabo po carskem rezu - Visoki pas (8 kosov) | Ajatutaja","og_description":"FridaMom visoke spodnjice za enkratno uporabo so nadvse primerne za uporabo po carskem rezu. Mehka tkanina se lepo oprime telo - ne ti\u0161\u010di in daje prijeten ob\u010dutek na ko\u017ei.","og_url":"https:\/\/ajatutaja.com\/izdelek\/frida-mom-poporodne-spodnjice-z-visokim-pasom\/","og_site_name":"Ajatutaja","article_modified_time":"2026-03-12T13:47:44+00:00","og_image":[{"width":1080,"height":1080,"url":"https:\/\/ajatutaja.com\/wp-content\/uploads\/2022\/01\/fridamom-spodnje-perilo-z-visokim-pasom-za-enkratno-uporabo-po-porodu-s-carskim-rezom.png","type":"image\/png"}],"twitter_card":"summary_large_image","twitter_misc":{"Procijenjeno vrijeme \u010ditanja":"2 minute"},"schema":{"@context":"https:\/\/schema.org","@graph":[{"@type":"WebPage","@id":"https:\/\/ajatutaja.com\/izdelek\/frida-mom-poporodne-spodnjice-z-visokim-pasom\/","url":"https:\/\/ajatutaja.com\/izdelek\/frida-mom-poporodne-spodnjice-z-visokim-pasom\/","name":"Frida Mom\u00ae poporodne spodnjice za enkratno uporabo po carskem rezu - Visoki pas (8 kosov) | Ajatutaja","isPartOf":{"@id":"https:\/\/ajatutaja.com\/#website"},"primaryImageOfPage":{"@id":"https:\/\/ajatutaja.com\/izdelek\/frida-mom-poporodne-spodnjice-z-visokim-pasom\/#primaryimage"},"image":{"@id":"https:\/\/ajatutaja.com\/izdelek\/frida-mom-poporodne-spodnjice-z-visokim-pasom\/#primaryimage"},"thumbnailUrl":"https:\/\/ajatutaja.com\/wp-content\/uploads\/2022\/01\/fridamom-spodnje-perilo-z-visokim-pasom-za-enkratno-uporabo-po-porodu-s-carskim-rezom.png","datePublished":"2022-01-18T16:32:56+00:00","dateModified":"2026-03-12T13:47:44+00:00","description":"FridaMom visoke spodnjice za enkratno uporabo so nadvse primerne za uporabo po carskem rezu. Mehka tkanina se lepo oprime telo - ne ti\u0161\u010di in daje prijeten ob\u010dutek na ko\u017ei.","breadcrumb":{"@id":"https:\/\/ajatutaja.com\/izdelek\/frida-mom-poporodne-spodnjice-z-visokim-pasom\/#breadcrumb"},"inLanguage":"hr","potentialAction":[{"@type":"ReadAction","target":["https:\/\/ajatutaja.com\/izdelek\/frida-mom-poporodne-spodnjice-z-visokim-pasom\/"]}]},{"@type":"ImageObject","inLanguage":"hr","@id":"https:\/\/ajatutaja.com\/izdelek\/frida-mom-poporodne-spodnjice-z-visokim-pasom\/#primaryimage","url":"https:\/\/ajatutaja.com\/wp-content\/uploads\/2022\/01\/fridamom-spodnje-perilo-z-visokim-pasom-za-enkratno-uporabo-po-porodu-s-carskim-rezom.png","contentUrl":"https:\/\/ajatutaja.com\/wp-content\/uploads\/2022\/01\/fridamom-spodnje-perilo-z-visokim-pasom-za-enkratno-uporabo-po-porodu-s-carskim-rezom.png","width":1080,"height":1080},{"@type":"BreadcrumbList","@id":"https:\/\/ajatutaja.com\/izdelek\/frida-mom-poporodne-spodnjice-z-visokim-pasom\/#breadcrumb","itemListElement":[{"@type":"ListItem","position":1,"name":"Home","item":"https:\/\/ajatutaja.com\/hr\/"},{"@type":"ListItem","position":2,"name":"Trgovina","item":"https:\/\/ajatutaja.com\/hr\/trgovina\/"},{"@type":"ListItem","position":3,"name":"Frida Mom\u00ae poporodne spodnjice za enkratno uporabo po carskem rezu &#8211; Visoki pas (8 kosov)"}]},{"@type":"WebSite","@id":"https:\/\/ajatutaja.com\/#website","url":"https:\/\/ajatutaja.com\/","name":"Ajatutaja","description":"Otro\u0161ka spletna trgovina AJATUTAJA","publisher":{"@id":"https:\/\/ajatutaja.com\/#organization"},"potentialAction":[{"@type":"SearchAction","target":{"@type":"EntryPoint","urlTemplate":"https:\/\/ajatutaja.com\/?s={search_term_string}"},"query-input":{"@type":"PropertyValueSpecification","valueRequired":true,"valueName":"search_term_string"}}],"inLanguage":"hr"},{"@type":"Organization","@id":"https:\/\/ajatutaja.com\/#organization","name":"Ajatutaja","url":"https:\/\/ajatutaja.com\/","logo":{"@type":"ImageObject","inLanguage":"hr","@id":"https:\/\/ajatutaja.com\/#\/schema\/logo\/image\/","url":"https:\/\/ajatutaja.com\/wp-content\/uploads\/2021\/10\/logo.png","contentUrl":"https:\/\/ajatutaja.com\/wp-content\/uploads\/2021\/10\/logo.png","width":555,"height":150,"caption":"Ajatutaja"},"image":{"@id":"https:\/\/ajatutaja.com\/#\/schema\/logo\/image\/"}}]}},"brands":[{"id":2268,"name":"Dojenje","slug":"dojenje"},{"id":2587,"name":"Frida Mom","slug":"frida-mom"},{"id":2588,"name":"FridaMom","slug":"frida-dojenje"},{"id":2267,"name":"Nose\u010dnost","slug":"nosecnost"}],"_links":{"self":[{"href":"https:\/\/ajatutaja.com\/hr\/wp-json\/wp\/v2\/product\/28823","targetHints":{"allow":["GET"]}}],"collection":[{"href":"https:\/\/ajatutaja.com\/hr\/wp-json\/wp\/v2\/product"}],"about":[{"href":"https:\/\/ajatutaja.com\/hr\/wp-json\/wp\/v2\/types\/product"}],"wp:featuredmedia":[{"embeddable":true,"href":"https:\/\/ajatutaja.com\/hr\/wp-json\/wp\/v2\/media\/78214"}],"wp:attachment":[{"href":"https:\/\/ajatutaja.com\/hr\/wp-json\/wp\/v2\/media?parent=28823"}],"wp:term":[{"taxonomy":"pwb-brand","embeddable":true,"href":"https:\/\/ajatutaja.com\/hr\/wp-json\/wp\/v2\/pwb-brand?post=28823"},{"taxonomy":"product_brand","embeddable":true,"href":"https:\/\/ajatutaja.com\/hr\/wp-json\/wp\/v2\/product_brand?post=28823"},{"taxonomy":"product_cat","embeddable":true,"href":"https:\/\/ajatutaja.com\/hr\/wp-json\/wp\/v2\/product_cat?post=28823"},{"taxonomy":"product_tag","embeddable":true,"href":"https:\/\/ajatutaja.com\/hr\/wp-json\/wp\/v2\/product_tag?post=28823"}],"curies":[{"name":"wp","href":"https:\/\/api.w.org\/{rel}","templated":true}]}}