{"id":28803,"date":"2022-01-18T17:19:24","date_gmt":"2022-01-18T16:19:24","guid":{"rendered":"https:\/\/ajatutaja.com\/?post_type=product&#038;p=28803"},"modified":"2026-03-04T12:57:05","modified_gmt":"2026-03-04T11:57:05","slug":"fridamom-naravne-tablete-za-sedeco-kopel","status":"publish","type":"product","link":"https:\/\/ajatutaja.com\/hr\/proizvod\/fridamom-naravne-tablete-za-sedeco-kopel\/","title":{"rendered":"Frida Mom\u00ae Naravne \u0161ume\u010de tablete za sede\u010do kopel"},"content":{"rendered":"<p>[vc_row][vc_column][vc_column_text]Naravne zeli\u0161\u010dne + Epsom tablete so odli\u010dne za spro\u0161\u010dujo\u010do kopel bole\u010dih intimnih predelov.<\/p>\n<ul>\n<li>PRIPORO\u010cENA UPORABA: 1 x dnevno ali po \u017eelji. Kopel naredite z 1,5 l tople vode, vstavite tableto in pustite, da se stopi. Ko se raztopi, se ne\u017eno usedite v vodo in ostanite v tem polo\u017eaju pribli\u017eno 20 minut.<\/li>\n<li>Sestavine: Brezvodna citronska kislina, kalijev bikarbonat, natrijev bikarbonat, morska sol, izvle\u010dek sivke (lavandula ocinalis), kalcijev karbonat, pesin sok, stearinska kislina, izvle\u010dek cvetov kamilice (matricaria recutita), izvle\u010dek listov zelenega \u010daja (camellia sinensis), nepozebnik, mikrokristalna celuloza, kalcijev silikat, izvle\u010dek grenivkinih pe\u0161k (citrus paradisi), cvetovi rmana v prahu, magnezijev stearat.<\/li>\n<li>Vsebuje: 7 tablet (25 mg)<\/li>\n<\/ul>\n<p>Da bo poporodno obdobje za mamice \u010dim manj bole\u010de in stresno, je \u0161vedsko podjetje Frida\u00ae razvilo poporodni program za nego intimnih predelov FridaMom. Gre za izvrstne izdelke, ki pospe\u0161ijo poporodno okrevanje in olaj\u0161ajo bole\u010dine med prvimi obiski kopalnice po porodu. Na voljo so plastenke za izpiranje presredka, obloge za hlajenje posredka z nepozebnikom in pena iz nepozebnika za posredek, razli\u010dno spodnje perilo za po porodu in naravne rastlinske tablete za sede\u010do kopel.[\/vc_column_text][\/vc_column][\/vc_row]<\/p>\n","protected":false},"excerpt":{"rendered":"<p>Podjetje Frida\u00ae je razvilo naravne zeli\u0161\u010dne tablete z Epsomovo soljo, ki pomagajo bla\u017eiti bole\u010dine in otekline intimnih predelov. Imajo blagodejni u\u010dinek na va\u0161e fizi\u010dno in psihi\u010dno po\u010dutje.<\/p>\n","protected":false},"featured_media":28804,"template":"","meta":[],"pwb-brand":[2268,2588],"product_brand":[],"product_cat":[2261,2250],"product_tag":[4536],"class_list":{"0":"post-28803","1":"product","2":"type-product","3":"status-publish","4":"has-post-thumbnail","6":"pwb-brand-dojenje","7":"pwb-brand-frida-dojenje","8":"product_cat-nega-nosecnice","9":"product_cat-nosecnost","10":"product_tag-fridamom","12":"first","13":"instock","14":"taxable","15":"shipping-taxable","16":"purchasable","17":"product-type-simple","18":"add-to-wishlist-before_image"},"yoast_head":"<!-- This site is optimized with the Yoast SEO plugin v27.3 - https:\/\/yoast.com\/product\/yoast-seo-wordpress\/ -->\n<title>Frida Mom\u00ae Naravne \u0161ume\u010de tablete za sede\u010do kopel | Ajatutaja<\/title>\n<meta name=\"description\" content=\"Podjetje Frida\u00ae je razvilo naravne zeli\u0161\u010dne tablete z Epsomovo soljo, ki pomagajo bla\u017eiti bole\u010dine in otekline intimnih predelov. Imajo blagodejni u\u010dinek na va\u0161e fizi\u010dno in psihi\u010dno po\u010dutje.\" \/>\n<meta name=\"robots\" content=\"index, follow, max-snippet:-1, max-image-preview:large, max-video-preview:-1\" \/>\n<link rel=\"canonical\" href=\"https:\/\/ajatutaja.com\/izdelek\/fridamom-naravne-tablete-za-sedeco-kopel\/\" \/>\n<meta property=\"og:locale\" content=\"hr_HR\" \/>\n<meta property=\"og:type\" content=\"article\" \/>\n<meta property=\"og:title\" content=\"Frida Mom\u00ae Naravne \u0161ume\u010de tablete za sede\u010do kopel | Ajatutaja\" \/>\n<meta property=\"og:description\" content=\"Podjetje Frida\u00ae je razvilo naravne zeli\u0161\u010dne tablete z Epsomovo soljo, ki pomagajo bla\u017eiti bole\u010dine in otekline intimnih predelov. Imajo blagodejni u\u010dinek na va\u0161e fizi\u010dno in psihi\u010dno po\u010dutje.\" \/>\n<meta property=\"og:url\" content=\"https:\/\/ajatutaja.com\/izdelek\/fridamom-naravne-tablete-za-sedeco-kopel\/\" \/>\n<meta property=\"og:site_name\" content=\"Ajatutaja\" \/>\n<meta property=\"article:modified_time\" content=\"2026-03-04T11:57:05+00:00\" \/>\n<meta property=\"og:image\" content=\"https:\/\/ajatutaja.com\/wp-content\/uploads\/2022\/01\/tablete-koper-fridamom-ajatutaja-1.jpg\" \/>\n\t<meta property=\"og:image:width\" content=\"1000\" \/>\n\t<meta property=\"og:image:height\" content=\"1000\" \/>\n\t<meta property=\"og:image:type\" content=\"image\/jpeg\" \/>\n<meta name=\"twitter:card\" content=\"summary_large_image\" \/>\n<meta name=\"twitter:label1\" content=\"Procijenjeno vrijeme \u010ditanja\" \/>\n\t<meta name=\"twitter:data1\" content=\"1 minuta\" \/>\n<script type=\"application\/ld+json\" class=\"yoast-schema-graph\">{\"@context\":\"https:\\\/\\\/schema.org\",\"@graph\":[{\"@type\":\"WebPage\",\"@id\":\"https:\\\/\\\/ajatutaja.com\\\/izdelek\\\/fridamom-naravne-tablete-za-sedeco-kopel\\\/\",\"url\":\"https:\\\/\\\/ajatutaja.com\\\/izdelek\\\/fridamom-naravne-tablete-za-sedeco-kopel\\\/\",\"name\":\"Frida Mom\u00ae Naravne \u0161ume\u010de tablete za sede\u010do kopel | Ajatutaja\",\"isPartOf\":{\"@id\":\"https:\\\/\\\/ajatutaja.com\\\/#website\"},\"primaryImageOfPage\":{\"@id\":\"https:\\\/\\\/ajatutaja.com\\\/izdelek\\\/fridamom-naravne-tablete-za-sedeco-kopel\\\/#primaryimage\"},\"image\":{\"@id\":\"https:\\\/\\\/ajatutaja.com\\\/izdelek\\\/fridamom-naravne-tablete-za-sedeco-kopel\\\/#primaryimage\"},\"thumbnailUrl\":\"https:\\\/\\\/ajatutaja.com\\\/wp-content\\\/uploads\\\/2022\\\/01\\\/tablete-koper-fridamom-ajatutaja-1.jpg\",\"datePublished\":\"2022-01-18T16:19:24+00:00\",\"dateModified\":\"2026-03-04T11:57:05+00:00\",\"description\":\"Podjetje Frida\u00ae je razvilo naravne zeli\u0161\u010dne tablete z Epsomovo soljo, ki pomagajo bla\u017eiti bole\u010dine in otekline intimnih predelov. Imajo blagodejni u\u010dinek na va\u0161e fizi\u010dno in psihi\u010dno po\u010dutje.\",\"breadcrumb\":{\"@id\":\"https:\\\/\\\/ajatutaja.com\\\/izdelek\\\/fridamom-naravne-tablete-za-sedeco-kopel\\\/#breadcrumb\"},\"inLanguage\":\"hr\",\"potentialAction\":[{\"@type\":\"ReadAction\",\"target\":[\"https:\\\/\\\/ajatutaja.com\\\/izdelek\\\/fridamom-naravne-tablete-za-sedeco-kopel\\\/\"]}]},{\"@type\":\"ImageObject\",\"inLanguage\":\"hr\",\"@id\":\"https:\\\/\\\/ajatutaja.com\\\/izdelek\\\/fridamom-naravne-tablete-za-sedeco-kopel\\\/#primaryimage\",\"url\":\"https:\\\/\\\/ajatutaja.com\\\/wp-content\\\/uploads\\\/2022\\\/01\\\/tablete-koper-fridamom-ajatutaja-1.jpg\",\"contentUrl\":\"https:\\\/\\\/ajatutaja.com\\\/wp-content\\\/uploads\\\/2022\\\/01\\\/tablete-koper-fridamom-ajatutaja-1.jpg\",\"width\":1000,\"height\":1000},{\"@type\":\"BreadcrumbList\",\"@id\":\"https:\\\/\\\/ajatutaja.com\\\/izdelek\\\/fridamom-naravne-tablete-za-sedeco-kopel\\\/#breadcrumb\",\"itemListElement\":[{\"@type\":\"ListItem\",\"position\":1,\"name\":\"Home\",\"item\":\"https:\\\/\\\/ajatutaja.com\\\/hr\\\/\"},{\"@type\":\"ListItem\",\"position\":2,\"name\":\"Trgovina\",\"item\":\"https:\\\/\\\/ajatutaja.com\\\/hr\\\/trgovina\\\/\"},{\"@type\":\"ListItem\",\"position\":3,\"name\":\"Frida Mom\u00ae Naravne \u0161ume\u010de tablete za sede\u010do kopel\"}]},{\"@type\":\"WebSite\",\"@id\":\"https:\\\/\\\/ajatutaja.com\\\/#website\",\"url\":\"https:\\\/\\\/ajatutaja.com\\\/\",\"name\":\"Ajatutaja\",\"description\":\"Otro\u0161ka spletna trgovina AJATUTAJA\",\"publisher\":{\"@id\":\"https:\\\/\\\/ajatutaja.com\\\/#organization\"},\"potentialAction\":[{\"@type\":\"SearchAction\",\"target\":{\"@type\":\"EntryPoint\",\"urlTemplate\":\"https:\\\/\\\/ajatutaja.com\\\/?s={search_term_string}\"},\"query-input\":{\"@type\":\"PropertyValueSpecification\",\"valueRequired\":true,\"valueName\":\"search_term_string\"}}],\"inLanguage\":\"hr\"},{\"@type\":\"Organization\",\"@id\":\"https:\\\/\\\/ajatutaja.com\\\/#organization\",\"name\":\"Ajatutaja\",\"url\":\"https:\\\/\\\/ajatutaja.com\\\/\",\"logo\":{\"@type\":\"ImageObject\",\"inLanguage\":\"hr\",\"@id\":\"https:\\\/\\\/ajatutaja.com\\\/#\\\/schema\\\/logo\\\/image\\\/\",\"url\":\"https:\\\/\\\/ajatutaja.com\\\/wp-content\\\/uploads\\\/2021\\\/10\\\/logo.png\",\"contentUrl\":\"https:\\\/\\\/ajatutaja.com\\\/wp-content\\\/uploads\\\/2021\\\/10\\\/logo.png\",\"width\":555,\"height\":150,\"caption\":\"Ajatutaja\"},\"image\":{\"@id\":\"https:\\\/\\\/ajatutaja.com\\\/#\\\/schema\\\/logo\\\/image\\\/\"}}]}<\/script>\n<!-- \/ Yoast SEO plugin. -->","yoast_head_json":{"title":"Frida Mom\u00ae Naravne \u0161ume\u010de tablete za sede\u010do kopel | Ajatutaja","description":"Podjetje Frida\u00ae je razvilo naravne zeli\u0161\u010dne tablete z Epsomovo soljo, ki pomagajo bla\u017eiti bole\u010dine in otekline intimnih predelov. Imajo blagodejni u\u010dinek na va\u0161e fizi\u010dno in psihi\u010dno po\u010dutje.","robots":{"index":"index","follow":"follow","max-snippet":"max-snippet:-1","max-image-preview":"max-image-preview:large","max-video-preview":"max-video-preview:-1"},"canonical":"https:\/\/ajatutaja.com\/izdelek\/fridamom-naravne-tablete-za-sedeco-kopel\/","og_locale":"hr_HR","og_type":"article","og_title":"Frida Mom\u00ae Naravne \u0161ume\u010de tablete za sede\u010do kopel | Ajatutaja","og_description":"Podjetje Frida\u00ae je razvilo naravne zeli\u0161\u010dne tablete z Epsomovo soljo, ki pomagajo bla\u017eiti bole\u010dine in otekline intimnih predelov. Imajo blagodejni u\u010dinek na va\u0161e fizi\u010dno in psihi\u010dno po\u010dutje.","og_url":"https:\/\/ajatutaja.com\/izdelek\/fridamom-naravne-tablete-za-sedeco-kopel\/","og_site_name":"Ajatutaja","article_modified_time":"2026-03-04T11:57:05+00:00","og_image":[{"width":1000,"height":1000,"url":"https:\/\/ajatutaja.com\/wp-content\/uploads\/2022\/01\/tablete-koper-fridamom-ajatutaja-1.jpg","type":"image\/jpeg"}],"twitter_card":"summary_large_image","twitter_misc":{"Procijenjeno vrijeme \u010ditanja":"1 minuta"},"schema":{"@context":"https:\/\/schema.org","@graph":[{"@type":"WebPage","@id":"https:\/\/ajatutaja.com\/izdelek\/fridamom-naravne-tablete-za-sedeco-kopel\/","url":"https:\/\/ajatutaja.com\/izdelek\/fridamom-naravne-tablete-za-sedeco-kopel\/","name":"Frida Mom\u00ae Naravne \u0161ume\u010de tablete za sede\u010do kopel | Ajatutaja","isPartOf":{"@id":"https:\/\/ajatutaja.com\/#website"},"primaryImageOfPage":{"@id":"https:\/\/ajatutaja.com\/izdelek\/fridamom-naravne-tablete-za-sedeco-kopel\/#primaryimage"},"image":{"@id":"https:\/\/ajatutaja.com\/izdelek\/fridamom-naravne-tablete-za-sedeco-kopel\/#primaryimage"},"thumbnailUrl":"https:\/\/ajatutaja.com\/wp-content\/uploads\/2022\/01\/tablete-koper-fridamom-ajatutaja-1.jpg","datePublished":"2022-01-18T16:19:24+00:00","dateModified":"2026-03-04T11:57:05+00:00","description":"Podjetje Frida\u00ae je razvilo naravne zeli\u0161\u010dne tablete z Epsomovo soljo, ki pomagajo bla\u017eiti bole\u010dine in otekline intimnih predelov. Imajo blagodejni u\u010dinek na va\u0161e fizi\u010dno in psihi\u010dno po\u010dutje.","breadcrumb":{"@id":"https:\/\/ajatutaja.com\/izdelek\/fridamom-naravne-tablete-za-sedeco-kopel\/#breadcrumb"},"inLanguage":"hr","potentialAction":[{"@type":"ReadAction","target":["https:\/\/ajatutaja.com\/izdelek\/fridamom-naravne-tablete-za-sedeco-kopel\/"]}]},{"@type":"ImageObject","inLanguage":"hr","@id":"https:\/\/ajatutaja.com\/izdelek\/fridamom-naravne-tablete-za-sedeco-kopel\/#primaryimage","url":"https:\/\/ajatutaja.com\/wp-content\/uploads\/2022\/01\/tablete-koper-fridamom-ajatutaja-1.jpg","contentUrl":"https:\/\/ajatutaja.com\/wp-content\/uploads\/2022\/01\/tablete-koper-fridamom-ajatutaja-1.jpg","width":1000,"height":1000},{"@type":"BreadcrumbList","@id":"https:\/\/ajatutaja.com\/izdelek\/fridamom-naravne-tablete-za-sedeco-kopel\/#breadcrumb","itemListElement":[{"@type":"ListItem","position":1,"name":"Home","item":"https:\/\/ajatutaja.com\/hr\/"},{"@type":"ListItem","position":2,"name":"Trgovina","item":"https:\/\/ajatutaja.com\/hr\/trgovina\/"},{"@type":"ListItem","position":3,"name":"Frida Mom\u00ae Naravne \u0161ume\u010de tablete za sede\u010do kopel"}]},{"@type":"WebSite","@id":"https:\/\/ajatutaja.com\/#website","url":"https:\/\/ajatutaja.com\/","name":"Ajatutaja","description":"Otro\u0161ka spletna trgovina AJATUTAJA","publisher":{"@id":"https:\/\/ajatutaja.com\/#organization"},"potentialAction":[{"@type":"SearchAction","target":{"@type":"EntryPoint","urlTemplate":"https:\/\/ajatutaja.com\/?s={search_term_string}"},"query-input":{"@type":"PropertyValueSpecification","valueRequired":true,"valueName":"search_term_string"}}],"inLanguage":"hr"},{"@type":"Organization","@id":"https:\/\/ajatutaja.com\/#organization","name":"Ajatutaja","url":"https:\/\/ajatutaja.com\/","logo":{"@type":"ImageObject","inLanguage":"hr","@id":"https:\/\/ajatutaja.com\/#\/schema\/logo\/image\/","url":"https:\/\/ajatutaja.com\/wp-content\/uploads\/2021\/10\/logo.png","contentUrl":"https:\/\/ajatutaja.com\/wp-content\/uploads\/2021\/10\/logo.png","width":555,"height":150,"caption":"Ajatutaja"},"image":{"@id":"https:\/\/ajatutaja.com\/#\/schema\/logo\/image\/"}}]}},"brands":[{"id":2268,"name":"Dojenje","slug":"dojenje"},{"id":2588,"name":"FridaMom","slug":"frida-dojenje"}],"_links":{"self":[{"href":"https:\/\/ajatutaja.com\/hr\/wp-json\/wp\/v2\/product\/28803","targetHints":{"allow":["GET"]}}],"collection":[{"href":"https:\/\/ajatutaja.com\/hr\/wp-json\/wp\/v2\/product"}],"about":[{"href":"https:\/\/ajatutaja.com\/hr\/wp-json\/wp\/v2\/types\/product"}],"wp:featuredmedia":[{"embeddable":true,"href":"https:\/\/ajatutaja.com\/hr\/wp-json\/wp\/v2\/media\/28804"}],"wp:attachment":[{"href":"https:\/\/ajatutaja.com\/hr\/wp-json\/wp\/v2\/media?parent=28803"}],"wp:term":[{"taxonomy":"pwb-brand","embeddable":true,"href":"https:\/\/ajatutaja.com\/hr\/wp-json\/wp\/v2\/pwb-brand?post=28803"},{"taxonomy":"product_brand","embeddable":true,"href":"https:\/\/ajatutaja.com\/hr\/wp-json\/wp\/v2\/product_brand?post=28803"},{"taxonomy":"product_cat","embeddable":true,"href":"https:\/\/ajatutaja.com\/hr\/wp-json\/wp\/v2\/product_cat?post=28803"},{"taxonomy":"product_tag","embeddable":true,"href":"https:\/\/ajatutaja.com\/hr\/wp-json\/wp\/v2\/product_tag?post=28803"}],"curies":[{"name":"wp","href":"https:\/\/api.w.org\/{rel}","templated":true}]}}