{"id":28786,"date":"2022-01-18T17:07:17","date_gmt":"2022-01-18T16:07:17","guid":{"rendered":"https:\/\/ajatutaja.com\/?post_type=product&#038;p=28786"},"modified":"2026-04-13T12:24:31","modified_gmt":"2026-04-13T10:24:31","slug":"fridamom-spalna-srajca-za-nosecnost-in-dojenje","status":"publish","type":"product","link":"https:\/\/ajatutaja.com\/hr\/proizvod\/fridamom-spalna-srajca-za-nosecnost-in-dojenje\/","title":{"rendered":"Frida Mom\u00ae Spalna srajca za nose\u010dnost in dojenje"},"content":{"rendered":"<p>[vc_row][vc_column][vc_column_text]Lastnosti spalne srajce Frida Mom:<\/p>\n<ul>\n<li>ZAPENJANJE NA HRBTU: Zaponke na hrbtu za diskretno pokritost med gibanjem in enostaven dostop do monitorja ploda.<\/li>\n<li>ZAPENJANJE NA SPREDNJI STRANI: Zapenja se v pasu za enostaven dostop.<\/li>\n<li>SUPER MEHKI MATERIAL: Zamenjajte staro bolni\u0161ni\u010dno haljo s cvetli\u010dnim vzorcem s to izjemno udobno haljo z \u017eepi. Izdelana je iz 100% zra\u010dne viskoze.<\/li>\n<li>Enojna velikost (XS-XL)<\/li>\n<\/ul>\n<p>Da bo poporodno obdobje za mamice \u010dim manj bole\u010de in stresno, je \u0161vedsko podjetje Frida\u00ae razvilo poporodni program za nego intimnih predelov FridaMom. Gre za izvrstne izdelke, ki pospe\u0161ijo poporodno okrevanje in olaj\u0161ajo bole\u010dine med prvimi obiski kopalnice po porodu. Na voljo so plastenke za izpiranje presredka, obloge za hlajenje posredka z nepozebnikom in pena iz nepozebnika za posredek, razli\u010dno spodnje perilo za po porodu in naravne rastlinske tablete za sede\u010do kopel.[\/vc_column_text][\/vc_column][\/vc_row]<\/p>\n","protected":false},"excerpt":{"rendered":"<p>Spalna srajca Frida Mom je nepogre\u0161ljiv kos, brez katerega ne smete v porodni\u0161nico! Je odli\u010dno alternativa bolni\u0161ni\u010dni halji, s katero boste preprosto dojile. Izdelana je iz 100% zra\u010dne viskoze, v kateri se boste po\u010dutili in izgledali bolje.Enostavno zapenjanje zadaj zagotavlja \u0161e dodatno udobje v \u010dasu hospitalizacije.<\/p>\n<p>Enojna velikost srajce ustreza velikosti XS\u2013XL (pas: 91\u2013121 cm in oprsje: 91\u2013127 cm).<\/p>\n","protected":false},"featured_media":28791,"template":"","meta":[],"pwb-brand":[2268,2587,2588,2267],"product_brand":[],"product_cat":[2710,2262,2265,2250,2257,2285],"product_tag":[4536],"class_list":{"0":"post-28786","1":"product","2":"type-product","3":"status-publish","4":"has-post-thumbnail","6":"pwb-brand-dojenje","7":"pwb-brand-frida-mom","8":"pwb-brand-frida-dojenje","9":"pwb-brand-nosecnost","10":"product_cat-babyshower-darila","11":"product_cat-darilo-za-nosecnico","12":"product_cat-dojenje","13":"product_cat-nosecnost","14":"product_cat-pizame-za-nosecnice-in-mamice","15":"product_cat-spalne-srajce-in-pizame","16":"product_tag-fridamom","18":"first","19":"instock","20":"taxable","21":"shipping-taxable","22":"purchasable","23":"product-type-simple","24":"add-to-wishlist-before_image"},"yoast_head":"<!-- This site is optimized with the Yoast SEO plugin v27.3 - https:\/\/yoast.com\/product\/yoast-seo-wordpress\/ -->\n<title>Frida Mom\u00ae Spalna srajca za nose\u010dnost in dojenje | Ajatutaja<\/title>\n<meta name=\"description\" content=\"Spalna srajca Frida Mom je nepogre\u0161ljiv kos, brez katerega ne smete v porodni\u0161nico! Je odli\u010dno alternativa bolni\u0161ni\u010dni halji, s katero boste preprosto dojile.\" \/>\n<meta name=\"robots\" content=\"index, follow, max-snippet:-1, max-image-preview:large, max-video-preview:-1\" \/>\n<link rel=\"canonical\" href=\"https:\/\/ajatutaja.com\/izdelek\/fridamom-spalna-srajca-za-nosecnost-in-dojenje\/\" \/>\n<meta property=\"og:locale\" content=\"hr_HR\" \/>\n<meta property=\"og:type\" content=\"article\" \/>\n<meta property=\"og:title\" content=\"Frida Mom\u00ae Spalna srajca za nose\u010dnost in dojenje | Ajatutaja\" \/>\n<meta property=\"og:description\" content=\"Spalna srajca Frida Mom je nepogre\u0161ljiv kos, brez katerega ne smete v porodni\u0161nico! Je odli\u010dno alternativa bolni\u0161ni\u010dni halji, s katero boste preprosto dojile.\" \/>\n<meta property=\"og:url\" content=\"https:\/\/ajatutaja.com\/izdelek\/fridamom-spalna-srajca-za-nosecnost-in-dojenje\/\" \/>\n<meta property=\"og:site_name\" content=\"Ajatutaja\" \/>\n<meta property=\"article:modified_time\" content=\"2026-04-13T10:24:31+00:00\" \/>\n<meta property=\"og:image\" content=\"https:\/\/ajatutaja.com\/wp-content\/uploads\/2022\/01\/spalna_srajca-ajatutaja-0.jpg\" \/>\n\t<meta property=\"og:image:width\" content=\"1000\" \/>\n\t<meta property=\"og:image:height\" content=\"1000\" \/>\n\t<meta property=\"og:image:type\" content=\"image\/jpeg\" \/>\n<meta name=\"twitter:card\" content=\"summary_large_image\" \/>\n<meta name=\"twitter:label1\" content=\"Procijenjeno vrijeme \u010ditanja\" \/>\n\t<meta name=\"twitter:data1\" content=\"1 minuta\" \/>\n<script type=\"application\/ld+json\" class=\"yoast-schema-graph\">{\"@context\":\"https:\\\/\\\/schema.org\",\"@graph\":[{\"@type\":\"WebPage\",\"@id\":\"https:\\\/\\\/ajatutaja.com\\\/izdelek\\\/fridamom-spalna-srajca-za-nosecnost-in-dojenje\\\/\",\"url\":\"https:\\\/\\\/ajatutaja.com\\\/izdelek\\\/fridamom-spalna-srajca-za-nosecnost-in-dojenje\\\/\",\"name\":\"Frida Mom\u00ae Spalna srajca za nose\u010dnost in dojenje | Ajatutaja\",\"isPartOf\":{\"@id\":\"https:\\\/\\\/ajatutaja.com\\\/#website\"},\"primaryImageOfPage\":{\"@id\":\"https:\\\/\\\/ajatutaja.com\\\/izdelek\\\/fridamom-spalna-srajca-za-nosecnost-in-dojenje\\\/#primaryimage\"},\"image\":{\"@id\":\"https:\\\/\\\/ajatutaja.com\\\/izdelek\\\/fridamom-spalna-srajca-za-nosecnost-in-dojenje\\\/#primaryimage\"},\"thumbnailUrl\":\"https:\\\/\\\/ajatutaja.com\\\/wp-content\\\/uploads\\\/2022\\\/01\\\/spalna_srajca-ajatutaja-0.jpg\",\"datePublished\":\"2022-01-18T16:07:17+00:00\",\"dateModified\":\"2026-04-13T10:24:31+00:00\",\"description\":\"Spalna srajca Frida Mom je nepogre\u0161ljiv kos, brez katerega ne smete v porodni\u0161nico! Je odli\u010dno alternativa bolni\u0161ni\u010dni halji, s katero boste preprosto dojile.\",\"breadcrumb\":{\"@id\":\"https:\\\/\\\/ajatutaja.com\\\/izdelek\\\/fridamom-spalna-srajca-za-nosecnost-in-dojenje\\\/#breadcrumb\"},\"inLanguage\":\"hr\",\"potentialAction\":[{\"@type\":\"ReadAction\",\"target\":[\"https:\\\/\\\/ajatutaja.com\\\/izdelek\\\/fridamom-spalna-srajca-za-nosecnost-in-dojenje\\\/\"]}]},{\"@type\":\"ImageObject\",\"inLanguage\":\"hr\",\"@id\":\"https:\\\/\\\/ajatutaja.com\\\/izdelek\\\/fridamom-spalna-srajca-za-nosecnost-in-dojenje\\\/#primaryimage\",\"url\":\"https:\\\/\\\/ajatutaja.com\\\/wp-content\\\/uploads\\\/2022\\\/01\\\/spalna_srajca-ajatutaja-0.jpg\",\"contentUrl\":\"https:\\\/\\\/ajatutaja.com\\\/wp-content\\\/uploads\\\/2022\\\/01\\\/spalna_srajca-ajatutaja-0.jpg\",\"width\":1000,\"height\":1000},{\"@type\":\"BreadcrumbList\",\"@id\":\"https:\\\/\\\/ajatutaja.com\\\/izdelek\\\/fridamom-spalna-srajca-za-nosecnost-in-dojenje\\\/#breadcrumb\",\"itemListElement\":[{\"@type\":\"ListItem\",\"position\":1,\"name\":\"Home\",\"item\":\"https:\\\/\\\/ajatutaja.com\\\/hr\\\/\"},{\"@type\":\"ListItem\",\"position\":2,\"name\":\"Trgovina\",\"item\":\"https:\\\/\\\/ajatutaja.com\\\/hr\\\/trgovina\\\/\"},{\"@type\":\"ListItem\",\"position\":3,\"name\":\"Frida Mom\u00ae Spalna srajca za nose\u010dnost in dojenje\"}]},{\"@type\":\"WebSite\",\"@id\":\"https:\\\/\\\/ajatutaja.com\\\/#website\",\"url\":\"https:\\\/\\\/ajatutaja.com\\\/\",\"name\":\"Ajatutaja\",\"description\":\"Otro\u0161ka spletna trgovina AJATUTAJA\",\"publisher\":{\"@id\":\"https:\\\/\\\/ajatutaja.com\\\/#organization\"},\"potentialAction\":[{\"@type\":\"SearchAction\",\"target\":{\"@type\":\"EntryPoint\",\"urlTemplate\":\"https:\\\/\\\/ajatutaja.com\\\/?s={search_term_string}\"},\"query-input\":{\"@type\":\"PropertyValueSpecification\",\"valueRequired\":true,\"valueName\":\"search_term_string\"}}],\"inLanguage\":\"hr\"},{\"@type\":\"Organization\",\"@id\":\"https:\\\/\\\/ajatutaja.com\\\/#organization\",\"name\":\"Ajatutaja\",\"url\":\"https:\\\/\\\/ajatutaja.com\\\/\",\"logo\":{\"@type\":\"ImageObject\",\"inLanguage\":\"hr\",\"@id\":\"https:\\\/\\\/ajatutaja.com\\\/#\\\/schema\\\/logo\\\/image\\\/\",\"url\":\"https:\\\/\\\/ajatutaja.com\\\/wp-content\\\/uploads\\\/2021\\\/10\\\/logo.png\",\"contentUrl\":\"https:\\\/\\\/ajatutaja.com\\\/wp-content\\\/uploads\\\/2021\\\/10\\\/logo.png\",\"width\":555,\"height\":150,\"caption\":\"Ajatutaja\"},\"image\":{\"@id\":\"https:\\\/\\\/ajatutaja.com\\\/#\\\/schema\\\/logo\\\/image\\\/\"}}]}<\/script>\n<!-- \/ Yoast SEO plugin. -->","yoast_head_json":{"title":"Frida Mom\u00ae Spalna srajca za nose\u010dnost in dojenje | Ajatutaja","description":"Spalna srajca Frida Mom je nepogre\u0161ljiv kos, brez katerega ne smete v porodni\u0161nico! Je odli\u010dno alternativa bolni\u0161ni\u010dni halji, s katero boste preprosto dojile.","robots":{"index":"index","follow":"follow","max-snippet":"max-snippet:-1","max-image-preview":"max-image-preview:large","max-video-preview":"max-video-preview:-1"},"canonical":"https:\/\/ajatutaja.com\/izdelek\/fridamom-spalna-srajca-za-nosecnost-in-dojenje\/","og_locale":"hr_HR","og_type":"article","og_title":"Frida Mom\u00ae Spalna srajca za nose\u010dnost in dojenje | Ajatutaja","og_description":"Spalna srajca Frida Mom je nepogre\u0161ljiv kos, brez katerega ne smete v porodni\u0161nico! Je odli\u010dno alternativa bolni\u0161ni\u010dni halji, s katero boste preprosto dojile.","og_url":"https:\/\/ajatutaja.com\/izdelek\/fridamom-spalna-srajca-za-nosecnost-in-dojenje\/","og_site_name":"Ajatutaja","article_modified_time":"2026-04-13T10:24:31+00:00","og_image":[{"width":1000,"height":1000,"url":"https:\/\/ajatutaja.com\/wp-content\/uploads\/2022\/01\/spalna_srajca-ajatutaja-0.jpg","type":"image\/jpeg"}],"twitter_card":"summary_large_image","twitter_misc":{"Procijenjeno vrijeme \u010ditanja":"1 minuta"},"schema":{"@context":"https:\/\/schema.org","@graph":[{"@type":"WebPage","@id":"https:\/\/ajatutaja.com\/izdelek\/fridamom-spalna-srajca-za-nosecnost-in-dojenje\/","url":"https:\/\/ajatutaja.com\/izdelek\/fridamom-spalna-srajca-za-nosecnost-in-dojenje\/","name":"Frida Mom\u00ae Spalna srajca za nose\u010dnost in dojenje | Ajatutaja","isPartOf":{"@id":"https:\/\/ajatutaja.com\/#website"},"primaryImageOfPage":{"@id":"https:\/\/ajatutaja.com\/izdelek\/fridamom-spalna-srajca-za-nosecnost-in-dojenje\/#primaryimage"},"image":{"@id":"https:\/\/ajatutaja.com\/izdelek\/fridamom-spalna-srajca-za-nosecnost-in-dojenje\/#primaryimage"},"thumbnailUrl":"https:\/\/ajatutaja.com\/wp-content\/uploads\/2022\/01\/spalna_srajca-ajatutaja-0.jpg","datePublished":"2022-01-18T16:07:17+00:00","dateModified":"2026-04-13T10:24:31+00:00","description":"Spalna srajca Frida Mom je nepogre\u0161ljiv kos, brez katerega ne smete v porodni\u0161nico! Je odli\u010dno alternativa bolni\u0161ni\u010dni halji, s katero boste preprosto dojile.","breadcrumb":{"@id":"https:\/\/ajatutaja.com\/izdelek\/fridamom-spalna-srajca-za-nosecnost-in-dojenje\/#breadcrumb"},"inLanguage":"hr","potentialAction":[{"@type":"ReadAction","target":["https:\/\/ajatutaja.com\/izdelek\/fridamom-spalna-srajca-za-nosecnost-in-dojenje\/"]}]},{"@type":"ImageObject","inLanguage":"hr","@id":"https:\/\/ajatutaja.com\/izdelek\/fridamom-spalna-srajca-za-nosecnost-in-dojenje\/#primaryimage","url":"https:\/\/ajatutaja.com\/wp-content\/uploads\/2022\/01\/spalna_srajca-ajatutaja-0.jpg","contentUrl":"https:\/\/ajatutaja.com\/wp-content\/uploads\/2022\/01\/spalna_srajca-ajatutaja-0.jpg","width":1000,"height":1000},{"@type":"BreadcrumbList","@id":"https:\/\/ajatutaja.com\/izdelek\/fridamom-spalna-srajca-za-nosecnost-in-dojenje\/#breadcrumb","itemListElement":[{"@type":"ListItem","position":1,"name":"Home","item":"https:\/\/ajatutaja.com\/hr\/"},{"@type":"ListItem","position":2,"name":"Trgovina","item":"https:\/\/ajatutaja.com\/hr\/trgovina\/"},{"@type":"ListItem","position":3,"name":"Frida Mom\u00ae Spalna srajca za nose\u010dnost in dojenje"}]},{"@type":"WebSite","@id":"https:\/\/ajatutaja.com\/#website","url":"https:\/\/ajatutaja.com\/","name":"Ajatutaja","description":"Otro\u0161ka spletna trgovina AJATUTAJA","publisher":{"@id":"https:\/\/ajatutaja.com\/#organization"},"potentialAction":[{"@type":"SearchAction","target":{"@type":"EntryPoint","urlTemplate":"https:\/\/ajatutaja.com\/?s={search_term_string}"},"query-input":{"@type":"PropertyValueSpecification","valueRequired":true,"valueName":"search_term_string"}}],"inLanguage":"hr"},{"@type":"Organization","@id":"https:\/\/ajatutaja.com\/#organization","name":"Ajatutaja","url":"https:\/\/ajatutaja.com\/","logo":{"@type":"ImageObject","inLanguage":"hr","@id":"https:\/\/ajatutaja.com\/#\/schema\/logo\/image\/","url":"https:\/\/ajatutaja.com\/wp-content\/uploads\/2021\/10\/logo.png","contentUrl":"https:\/\/ajatutaja.com\/wp-content\/uploads\/2021\/10\/logo.png","width":555,"height":150,"caption":"Ajatutaja"},"image":{"@id":"https:\/\/ajatutaja.com\/#\/schema\/logo\/image\/"}}]}},"brands":[{"id":2268,"name":"Dojenje","slug":"dojenje"},{"id":2587,"name":"Frida Mom","slug":"frida-mom"},{"id":2588,"name":"FridaMom","slug":"frida-dojenje"},{"id":2267,"name":"Nose\u010dnost","slug":"nosecnost"}],"_links":{"self":[{"href":"https:\/\/ajatutaja.com\/hr\/wp-json\/wp\/v2\/product\/28786","targetHints":{"allow":["GET"]}}],"collection":[{"href":"https:\/\/ajatutaja.com\/hr\/wp-json\/wp\/v2\/product"}],"about":[{"href":"https:\/\/ajatutaja.com\/hr\/wp-json\/wp\/v2\/types\/product"}],"wp:featuredmedia":[{"embeddable":true,"href":"https:\/\/ajatutaja.com\/hr\/wp-json\/wp\/v2\/media\/28791"}],"wp:attachment":[{"href":"https:\/\/ajatutaja.com\/hr\/wp-json\/wp\/v2\/media?parent=28786"}],"wp:term":[{"taxonomy":"pwb-brand","embeddable":true,"href":"https:\/\/ajatutaja.com\/hr\/wp-json\/wp\/v2\/pwb-brand?post=28786"},{"taxonomy":"product_brand","embeddable":true,"href":"https:\/\/ajatutaja.com\/hr\/wp-json\/wp\/v2\/product_brand?post=28786"},{"taxonomy":"product_cat","embeddable":true,"href":"https:\/\/ajatutaja.com\/hr\/wp-json\/wp\/v2\/product_cat?post=28786"},{"taxonomy":"product_tag","embeddable":true,"href":"https:\/\/ajatutaja.com\/hr\/wp-json\/wp\/v2\/product_tag?post=28786"}],"curies":[{"name":"wp","href":"https:\/\/api.w.org\/{rel}","templated":true}]}}