{"id":27159,"date":"2024-01-14T21:33:36","date_gmt":"2024-01-14T20:33:36","guid":{"rendered":"https:\/\/ajatutaja.com\/?post_type=product&#038;p=27159"},"modified":"2025-12-01T21:08:22","modified_gmt":"2025-12-01T20:08:22","slug":"pajacek-za-dojencke-dolg-rokav-iz-plisa-clar-stars","status":"publish","type":"product","link":"https:\/\/ajatutaja.com\/hr\/proizvod\/pajacek-za-dojencke-dolg-rokav-iz-plisa-clar-stars\/","title":{"rendered":"Pajacek za dojen\u010dke dolg rokav iz pli\u0161a Clar &#8211; Stars"},"content":{"rendered":"<p>[vc_row][vc_column][vc_column_text]<\/p>\n<p style=\"text-align: justify\">Body pajacek iz pli\u0161a Clar omogo\u010da nostavno obla\u010denje, saj so netki-pritiska\u010di po celi dol\u017eini pajacka.<\/p>\n<p>Lastnosti pajacka za dojen\u010dke Clar:<\/p>\n<p>\u2022 mehak in topel material<br \/>\n\u2022 celotno stransko odpiranje s pritiska\u010di<br \/>\n\u2022 dodatno odpiranje v koraku<br \/>\n\u2022 elasti\u010dni zaklju\u010dek rokava<br \/>\n\u2022 pajac v celoti s stopalom<\/p>\n<p style=\"text-align: center\"><span style=\"color: #808080\"><em>Surovinska sestava:<\/em><\/span><br \/>\n<span style=\"color: #808080\"><em>80% bomba\u017e 20%poliamid<br \/>\n<\/em><\/span><\/p>\n<p style=\"text-align: center\"><span style=\"color: #3366ff\"><em><span style=\"color: #808080\">VZDR\u017dEVANJE:<\/span><br \/>\n<a href=\"https:\/\/ajatutaja.com\/wp-content\/uploads\/2015\/09\/VZDRZEVANJE.png\"><img loading=\"lazy\" decoding=\"async\" class=\"alignnone size-full wp-image-8157\" src=\"https:\/\/ajatutaja.com\/wp-content\/uploads\/2015\/09\/VZDRZEVANJE.png\" alt=\"VZDRZEVANJE\" width=\"167\" height=\"22\" \/><\/a><br \/>\n<\/em><\/span><\/p>\n<p>[\/vc_column_text][\/vc_column][\/vc_row]<\/p>\n","protected":false},"excerpt":{"rendered":"<p style=\"text-align: justify\">Pajacek za dojen\u010dka Clar je izdelan iz mehkega pli\u0161a v beli barvi na zvezdice, ki lepo greje novorojen\u010dka. Odpiranje pajacka po vsej dol\u017eini omogo\u010da enostavno obla\u010denje in previjanje.<\/p>\n","protected":false},"featured_media":71521,"template":"","meta":[],"pwb-brand":[2701,2696],"product_brand":[],"product_cat":[2609,2682],"product_tag":[4078,4385,4306,4307],"class_list":{"0":"post-27159","1":"product","2":"type-product","3":"status-publish","4":"has-post-thumbnail","6":"pwb-brand-clar","7":"pwb-brand-moda","8":"product_cat-moda","9":"product_cat-oblacila-za-novorojencka","10":"product_tag-clar","11":"product_tag-jesen-zima","12":"product_tag-kaj-potrebujem-za-novorojencka","13":"product_tag-slovenski-proizvod","15":"first","16":"instock","17":"taxable","18":"shipping-taxable","19":"purchasable","20":"product-type-variable","21":"add-to-wishlist-before_image"},"yoast_head":"<!-- This site is optimized with the Yoast SEO plugin v27.3 - https:\/\/yoast.com\/product\/yoast-seo-wordpress\/ -->\n<title>Pajacek za dojen\u010dke dolg rokav iz pli\u0161a Clar - Stars | Ajatutaja<\/title>\n<meta name=\"description\" content=\"Pajacek za dojen\u010dka Clar je izdelan iz mehkega pli\u0161a, ki lepo greje novorojen\u010dka. Odpiranje pajacka po vsej dol\u017eini omogo\u010da enostavno obla\u010denje in previjanje.\" \/>\n<meta name=\"robots\" content=\"index, follow, max-snippet:-1, max-image-preview:large, max-video-preview:-1\" \/>\n<link rel=\"canonical\" href=\"https:\/\/ajatutaja.com\/hr\/proizvod\/pajacek-za-dojencke-dolg-rokav-iz-plisa-clar-stars\/\" \/>\n<meta property=\"og:locale\" content=\"hr_HR\" \/>\n<meta property=\"og:type\" content=\"article\" \/>\n<meta property=\"og:title\" content=\"Pajacek za dojen\u010dke dolg rokav iz pli\u0161a Clar - Stars | Ajatutaja\" \/>\n<meta property=\"og:description\" content=\"Pajacek za dojen\u010dka Clar je izdelan iz mehkega pli\u0161a, ki lepo greje novorojen\u010dka. Odpiranje pajacka po vsej dol\u017eini omogo\u010da enostavno obla\u010denje in previjanje.\" \/>\n<meta property=\"og:url\" content=\"https:\/\/ajatutaja.com\/hr\/proizvod\/pajacek-za-dojencke-dolg-rokav-iz-plisa-clar-stars\/\" \/>\n<meta property=\"og:site_name\" content=\"Ajatutaja\" \/>\n<meta property=\"article:modified_time\" content=\"2025-12-01T20:08:22+00:00\" \/>\n<meta property=\"og:image\" content=\"https:\/\/ajatutaja.com\/wp-content\/uploads\/2024\/01\/Clar-pajacek-za-novorojencka-stars-bela-1.jpg\" \/>\n\t<meta property=\"og:image:width\" content=\"1000\" \/>\n\t<meta property=\"og:image:height\" content=\"1000\" \/>\n\t<meta property=\"og:image:type\" content=\"image\/jpeg\" \/>\n<meta name=\"twitter:card\" content=\"summary_large_image\" \/>\n<script type=\"application\/ld+json\" class=\"yoast-schema-graph\">{\"@context\":\"https:\\\/\\\/schema.org\",\"@graph\":[{\"@type\":\"WebPage\",\"@id\":\"https:\\\/\\\/ajatutaja.com\\\/hr\\\/proizvod\\\/pajacek-za-dojencke-dolg-rokav-iz-plisa-clar-stars\\\/\",\"url\":\"https:\\\/\\\/ajatutaja.com\\\/hr\\\/proizvod\\\/pajacek-za-dojencke-dolg-rokav-iz-plisa-clar-stars\\\/\",\"name\":\"Pajacek za dojen\u010dke dolg rokav iz pli\u0161a Clar - Stars | Ajatutaja\",\"isPartOf\":{\"@id\":\"https:\\\/\\\/ajatutaja.com\\\/#website\"},\"primaryImageOfPage\":{\"@id\":\"https:\\\/\\\/ajatutaja.com\\\/hr\\\/proizvod\\\/pajacek-za-dojencke-dolg-rokav-iz-plisa-clar-stars\\\/#primaryimage\"},\"image\":{\"@id\":\"https:\\\/\\\/ajatutaja.com\\\/hr\\\/proizvod\\\/pajacek-za-dojencke-dolg-rokav-iz-plisa-clar-stars\\\/#primaryimage\"},\"thumbnailUrl\":\"https:\\\/\\\/ajatutaja.com\\\/wp-content\\\/uploads\\\/2024\\\/01\\\/Clar-pajacek-za-novorojencka-stars-bela-1.jpg\",\"datePublished\":\"2024-01-14T20:33:36+00:00\",\"dateModified\":\"2025-12-01T20:08:22+00:00\",\"description\":\"Pajacek za dojen\u010dka Clar je izdelan iz mehkega pli\u0161a, ki lepo greje novorojen\u010dka. Odpiranje pajacka po vsej dol\u017eini omogo\u010da enostavno obla\u010denje in previjanje.\",\"breadcrumb\":{\"@id\":\"https:\\\/\\\/ajatutaja.com\\\/hr\\\/proizvod\\\/pajacek-za-dojencke-dolg-rokav-iz-plisa-clar-stars\\\/#breadcrumb\"},\"inLanguage\":\"hr\",\"potentialAction\":[{\"@type\":\"ReadAction\",\"target\":[\"https:\\\/\\\/ajatutaja.com\\\/hr\\\/proizvod\\\/pajacek-za-dojencke-dolg-rokav-iz-plisa-clar-stars\\\/\"]}]},{\"@type\":\"ImageObject\",\"inLanguage\":\"hr\",\"@id\":\"https:\\\/\\\/ajatutaja.com\\\/hr\\\/proizvod\\\/pajacek-za-dojencke-dolg-rokav-iz-plisa-clar-stars\\\/#primaryimage\",\"url\":\"https:\\\/\\\/ajatutaja.com\\\/wp-content\\\/uploads\\\/2024\\\/01\\\/Clar-pajacek-za-novorojencka-stars-bela-1.jpg\",\"contentUrl\":\"https:\\\/\\\/ajatutaja.com\\\/wp-content\\\/uploads\\\/2024\\\/01\\\/Clar-pajacek-za-novorojencka-stars-bela-1.jpg\",\"width\":1000,\"height\":1000},{\"@type\":\"BreadcrumbList\",\"@id\":\"https:\\\/\\\/ajatutaja.com\\\/hr\\\/proizvod\\\/pajacek-za-dojencke-dolg-rokav-iz-plisa-clar-stars\\\/#breadcrumb\",\"itemListElement\":[{\"@type\":\"ListItem\",\"position\":1,\"name\":\"Home\",\"item\":\"https:\\\/\\\/ajatutaja.com\\\/hr\\\/\"},{\"@type\":\"ListItem\",\"position\":2,\"name\":\"Trgovina\",\"item\":\"https:\\\/\\\/ajatutaja.com\\\/hr\\\/trgovina\\\/\"},{\"@type\":\"ListItem\",\"position\":3,\"name\":\"Pajacek za dojen\u010dke dolg rokav iz pli\u0161a Clar &#8211; Stars\"}]},{\"@type\":\"WebSite\",\"@id\":\"https:\\\/\\\/ajatutaja.com\\\/#website\",\"url\":\"https:\\\/\\\/ajatutaja.com\\\/\",\"name\":\"Ajatutaja\",\"description\":\"Otro\u0161ka spletna trgovina AJATUTAJA\",\"publisher\":{\"@id\":\"https:\\\/\\\/ajatutaja.com\\\/#organization\"},\"potentialAction\":[{\"@type\":\"SearchAction\",\"target\":{\"@type\":\"EntryPoint\",\"urlTemplate\":\"https:\\\/\\\/ajatutaja.com\\\/?s={search_term_string}\"},\"query-input\":{\"@type\":\"PropertyValueSpecification\",\"valueRequired\":true,\"valueName\":\"search_term_string\"}}],\"inLanguage\":\"hr\"},{\"@type\":\"Organization\",\"@id\":\"https:\\\/\\\/ajatutaja.com\\\/#organization\",\"name\":\"Ajatutaja\",\"url\":\"https:\\\/\\\/ajatutaja.com\\\/\",\"logo\":{\"@type\":\"ImageObject\",\"inLanguage\":\"hr\",\"@id\":\"https:\\\/\\\/ajatutaja.com\\\/#\\\/schema\\\/logo\\\/image\\\/\",\"url\":\"https:\\\/\\\/ajatutaja.com\\\/wp-content\\\/uploads\\\/2021\\\/10\\\/logo.png\",\"contentUrl\":\"https:\\\/\\\/ajatutaja.com\\\/wp-content\\\/uploads\\\/2021\\\/10\\\/logo.png\",\"width\":555,\"height\":150,\"caption\":\"Ajatutaja\"},\"image\":{\"@id\":\"https:\\\/\\\/ajatutaja.com\\\/#\\\/schema\\\/logo\\\/image\\\/\"}}]}<\/script>\n<!-- \/ Yoast SEO plugin. -->","yoast_head_json":{"title":"Pajacek za dojen\u010dke dolg rokav iz pli\u0161a Clar - Stars | Ajatutaja","description":"Pajacek za dojen\u010dka Clar je izdelan iz mehkega pli\u0161a, ki lepo greje novorojen\u010dka. Odpiranje pajacka po vsej dol\u017eini omogo\u010da enostavno obla\u010denje in previjanje.","robots":{"index":"index","follow":"follow","max-snippet":"max-snippet:-1","max-image-preview":"max-image-preview:large","max-video-preview":"max-video-preview:-1"},"canonical":"https:\/\/ajatutaja.com\/hr\/proizvod\/pajacek-za-dojencke-dolg-rokav-iz-plisa-clar-stars\/","og_locale":"hr_HR","og_type":"article","og_title":"Pajacek za dojen\u010dke dolg rokav iz pli\u0161a Clar - Stars | Ajatutaja","og_description":"Pajacek za dojen\u010dka Clar je izdelan iz mehkega pli\u0161a, ki lepo greje novorojen\u010dka. Odpiranje pajacka po vsej dol\u017eini omogo\u010da enostavno obla\u010denje in previjanje.","og_url":"https:\/\/ajatutaja.com\/hr\/proizvod\/pajacek-za-dojencke-dolg-rokav-iz-plisa-clar-stars\/","og_site_name":"Ajatutaja","article_modified_time":"2025-12-01T20:08:22+00:00","og_image":[{"width":1000,"height":1000,"url":"https:\/\/ajatutaja.com\/wp-content\/uploads\/2024\/01\/Clar-pajacek-za-novorojencka-stars-bela-1.jpg","type":"image\/jpeg"}],"twitter_card":"summary_large_image","schema":{"@context":"https:\/\/schema.org","@graph":[{"@type":"WebPage","@id":"https:\/\/ajatutaja.com\/hr\/proizvod\/pajacek-za-dojencke-dolg-rokav-iz-plisa-clar-stars\/","url":"https:\/\/ajatutaja.com\/hr\/proizvod\/pajacek-za-dojencke-dolg-rokav-iz-plisa-clar-stars\/","name":"Pajacek za dojen\u010dke dolg rokav iz pli\u0161a Clar - Stars | Ajatutaja","isPartOf":{"@id":"https:\/\/ajatutaja.com\/#website"},"primaryImageOfPage":{"@id":"https:\/\/ajatutaja.com\/hr\/proizvod\/pajacek-za-dojencke-dolg-rokav-iz-plisa-clar-stars\/#primaryimage"},"image":{"@id":"https:\/\/ajatutaja.com\/hr\/proizvod\/pajacek-za-dojencke-dolg-rokav-iz-plisa-clar-stars\/#primaryimage"},"thumbnailUrl":"https:\/\/ajatutaja.com\/wp-content\/uploads\/2024\/01\/Clar-pajacek-za-novorojencka-stars-bela-1.jpg","datePublished":"2024-01-14T20:33:36+00:00","dateModified":"2025-12-01T20:08:22+00:00","description":"Pajacek za dojen\u010dka Clar je izdelan iz mehkega pli\u0161a, ki lepo greje novorojen\u010dka. Odpiranje pajacka po vsej dol\u017eini omogo\u010da enostavno obla\u010denje in previjanje.","breadcrumb":{"@id":"https:\/\/ajatutaja.com\/hr\/proizvod\/pajacek-za-dojencke-dolg-rokav-iz-plisa-clar-stars\/#breadcrumb"},"inLanguage":"hr","potentialAction":[{"@type":"ReadAction","target":["https:\/\/ajatutaja.com\/hr\/proizvod\/pajacek-za-dojencke-dolg-rokav-iz-plisa-clar-stars\/"]}]},{"@type":"ImageObject","inLanguage":"hr","@id":"https:\/\/ajatutaja.com\/hr\/proizvod\/pajacek-za-dojencke-dolg-rokav-iz-plisa-clar-stars\/#primaryimage","url":"https:\/\/ajatutaja.com\/wp-content\/uploads\/2024\/01\/Clar-pajacek-za-novorojencka-stars-bela-1.jpg","contentUrl":"https:\/\/ajatutaja.com\/wp-content\/uploads\/2024\/01\/Clar-pajacek-za-novorojencka-stars-bela-1.jpg","width":1000,"height":1000},{"@type":"BreadcrumbList","@id":"https:\/\/ajatutaja.com\/hr\/proizvod\/pajacek-za-dojencke-dolg-rokav-iz-plisa-clar-stars\/#breadcrumb","itemListElement":[{"@type":"ListItem","position":1,"name":"Home","item":"https:\/\/ajatutaja.com\/hr\/"},{"@type":"ListItem","position":2,"name":"Trgovina","item":"https:\/\/ajatutaja.com\/hr\/trgovina\/"},{"@type":"ListItem","position":3,"name":"Pajacek za dojen\u010dke dolg rokav iz pli\u0161a Clar &#8211; Stars"}]},{"@type":"WebSite","@id":"https:\/\/ajatutaja.com\/#website","url":"https:\/\/ajatutaja.com\/","name":"Ajatutaja","description":"Otro\u0161ka spletna trgovina AJATUTAJA","publisher":{"@id":"https:\/\/ajatutaja.com\/#organization"},"potentialAction":[{"@type":"SearchAction","target":{"@type":"EntryPoint","urlTemplate":"https:\/\/ajatutaja.com\/?s={search_term_string}"},"query-input":{"@type":"PropertyValueSpecification","valueRequired":true,"valueName":"search_term_string"}}],"inLanguage":"hr"},{"@type":"Organization","@id":"https:\/\/ajatutaja.com\/#organization","name":"Ajatutaja","url":"https:\/\/ajatutaja.com\/","logo":{"@type":"ImageObject","inLanguage":"hr","@id":"https:\/\/ajatutaja.com\/#\/schema\/logo\/image\/","url":"https:\/\/ajatutaja.com\/wp-content\/uploads\/2021\/10\/logo.png","contentUrl":"https:\/\/ajatutaja.com\/wp-content\/uploads\/2021\/10\/logo.png","width":555,"height":150,"caption":"Ajatutaja"},"image":{"@id":"https:\/\/ajatutaja.com\/#\/schema\/logo\/image\/"}}]}},"brands":[{"id":2701,"name":"Clar","slug":"clar"},{"id":2696,"name":"Moda","slug":"moda"}],"_links":{"self":[{"href":"https:\/\/ajatutaja.com\/hr\/wp-json\/wp\/v2\/product\/27159","targetHints":{"allow":["GET"]}}],"collection":[{"href":"https:\/\/ajatutaja.com\/hr\/wp-json\/wp\/v2\/product"}],"about":[{"href":"https:\/\/ajatutaja.com\/hr\/wp-json\/wp\/v2\/types\/product"}],"wp:featuredmedia":[{"embeddable":true,"href":"https:\/\/ajatutaja.com\/hr\/wp-json\/wp\/v2\/media\/71521"}],"wp:attachment":[{"href":"https:\/\/ajatutaja.com\/hr\/wp-json\/wp\/v2\/media?parent=27159"}],"wp:term":[{"taxonomy":"pwb-brand","embeddable":true,"href":"https:\/\/ajatutaja.com\/hr\/wp-json\/wp\/v2\/pwb-brand?post=27159"},{"taxonomy":"product_brand","embeddable":true,"href":"https:\/\/ajatutaja.com\/hr\/wp-json\/wp\/v2\/product_brand?post=27159"},{"taxonomy":"product_cat","embeddable":true,"href":"https:\/\/ajatutaja.com\/hr\/wp-json\/wp\/v2\/product_cat?post=27159"},{"taxonomy":"product_tag","embeddable":true,"href":"https:\/\/ajatutaja.com\/hr\/wp-json\/wp\/v2\/product_tag?post=27159"}],"curies":[{"name":"wp","href":"https:\/\/api.w.org\/{rel}","templated":true}]}}