{"id":27010,"date":"2022-01-14T14:53:27","date_gmt":"2022-01-14T13:53:27","guid":{"rendered":"https:\/\/ajatutaja.com\/?post_type=product&#038;p=27010"},"modified":"2026-03-04T19:45:18","modified_gmt":"2026-03-04T18:45:18","slug":"kokoso-baby-nezen-balzam-v-stiku-brez-vonja","status":"publish","type":"product","link":"https:\/\/ajatutaja.com\/hr\/proizvod\/kokoso-baby-nezen-balzam-v-stiku-brez-vonja\/","title":{"rendered":"Kokoso Baby Ne\u017een balzam v stiku &#8211; brez vonja (45g)"},"content":{"rendered":"<p>[vc_row][vc_column][vc_column_text]Lastnosti Kokoso balzama v stiku:<\/p>\n<ul>\n<li>za\u0161\u010dita pred vremenskimi in okoljskimi dejavniki<\/li>\n<li>idealno tudi za za\u0161\u010dito ko\u017ee na obrazu v fazi slinjenja va\u0161ega mal\u010dka<\/li>\n<li>neguje suho ko\u017eo od glave do pet<\/li>\n<li>pomirja bole\u010do in razpokano ko\u017eo<\/li>\n<li>idealno za bu\u0161ke in modrice<\/li>\n<li>primerno za uporabo na ob\u010dutljivi ko\u017ei ali ko\u017ei nagnjeni k ekcemom<\/li>\n<li>100% naraven in organski<\/li>\n<li>Pakiranje: 45 gr<\/li>\n<\/ul>\n<p>Kokoso Baby Ne\u017een balzam v stiku brez vonja je negovalen za\u0161\u010ditni balzam z organskim kokosovim oljem in \u010debeljim voskom. Upo\u0161tevajte, da ima balzam brez vonja prijeten blag vonj naravnih olj, masla in voskov.<\/p>\n<p><strong>Sestavine<\/strong><br \/>\nOlea Europaea (Olive) Oil, Cocos Nucifera (Coconut) Oil, Cera Alba (Beeswax), Copernicia Cerifera (Carnauba) Wax, Butyrospermum Parkii (Shea Butter).[\/vc_column_text][\/vc_column][\/vc_row]<\/p>\n","protected":false},"excerpt":{"rendered":"<p>Vla\u017eilno kokosovo olje, za\u0161\u010ditno shea maslo in \u010debelji vosek za mehko ko\u017eo ne\u017eno poskrbijo za suho ali razdra\u017eeno ko\u017eo kjerkoli na va\u0161em telesu ali telesu va\u0161ega mal\u010dka. Priro\u010den stik je prakti\u010den za uporabo in ga lahko imate vedno pri roki.<\/p>\n","protected":false},"featured_media":27011,"template":"","meta":[],"pwb-brand":[2677,2658],"product_brand":[],"product_cat":[2655,2608],"product_tag":[4511],"class_list":{"0":"post-27010","1":"product","2":"type-product","3":"status-publish","4":"has-post-thumbnail","6":"pwb-brand-kokoso-baby","7":"pwb-brand-nega-in-kopanje","8":"product_cat-kozmetika-za-otroke","9":"product_cat-nega-in-kopanje","10":"product_tag-kokoso","12":"first","13":"instock","14":"taxable","15":"shipping-taxable","16":"purchasable","17":"product-type-simple","18":"add-to-wishlist-before_image"},"yoast_head":"<!-- This site is optimized with the Yoast SEO plugin v27.6 - https:\/\/yoast.com\/product\/yoast-seo-wordpress\/ -->\n<title>Kokoso Baby Ne\u017een balzam v stiku - brez vonja (45g) | Ajatutaja<\/title>\n<meta name=\"description\" content=\"Kokoso Baby Ne\u017een balzam v stiku brez vonja je negovalen za\u0161\u010ditni balzam z organskim kokosovim oljem in \u010debeljim voskom.\" \/>\n<meta name=\"robots\" content=\"index, follow, max-snippet:-1, max-image-preview:large, max-video-preview:-1\" \/>\n<link rel=\"canonical\" href=\"https:\/\/ajatutaja.com\/izdelek\/kokoso-baby-nezen-balzam-v-stiku-brez-vonja\/\" \/>\n<meta property=\"og:locale\" content=\"hr_HR\" \/>\n<meta property=\"og:type\" content=\"article\" \/>\n<meta property=\"og:title\" content=\"Kokoso Baby Ne\u017een balzam v stiku - brez vonja (45g) | Ajatutaja\" \/>\n<meta property=\"og:description\" content=\"Kokoso Baby Ne\u017een balzam v stiku brez vonja je negovalen za\u0161\u010ditni balzam z organskim kokosovim oljem in \u010debeljim voskom.\" \/>\n<meta property=\"og:url\" content=\"https:\/\/ajatutaja.com\/izdelek\/kokoso-baby-nezen-balzam-v-stiku-brez-vonja\/\" \/>\n<meta property=\"og:site_name\" content=\"Ajatutaja\" \/>\n<meta property=\"article:modified_time\" content=\"2026-03-04T18:45:18+00:00\" \/>\n<meta property=\"og:image\" content=\"https:\/\/ajatutaja.com\/wp-content\/uploads\/2022\/01\/kokoso-baby-balzam-v-stiku-ajatutaja-1.jpg\" \/>\n\t<meta property=\"og:image:width\" content=\"2000\" \/>\n\t<meta property=\"og:image:height\" content=\"2000\" \/>\n\t<meta property=\"og:image:type\" content=\"image\/jpeg\" \/>\n<meta name=\"twitter:card\" content=\"summary_large_image\" \/>\n<meta name=\"twitter:label1\" content=\"Procijenjeno vrijeme \u010ditanja\" \/>\n\t<meta name=\"twitter:data1\" content=\"1 minuta\" \/>\n<script type=\"application\/ld+json\" class=\"yoast-schema-graph\">{\"@context\":\"https:\\\/\\\/schema.org\",\"@graph\":[{\"@type\":\"WebPage\",\"@id\":\"https:\\\/\\\/ajatutaja.com\\\/izdelek\\\/kokoso-baby-nezen-balzam-v-stiku-brez-vonja\\\/\",\"url\":\"https:\\\/\\\/ajatutaja.com\\\/izdelek\\\/kokoso-baby-nezen-balzam-v-stiku-brez-vonja\\\/\",\"name\":\"Kokoso Baby Ne\u017een balzam v stiku - brez vonja (45g) | Ajatutaja\",\"isPartOf\":{\"@id\":\"https:\\\/\\\/ajatutaja.com\\\/#website\"},\"primaryImageOfPage\":{\"@id\":\"https:\\\/\\\/ajatutaja.com\\\/izdelek\\\/kokoso-baby-nezen-balzam-v-stiku-brez-vonja\\\/#primaryimage\"},\"image\":{\"@id\":\"https:\\\/\\\/ajatutaja.com\\\/izdelek\\\/kokoso-baby-nezen-balzam-v-stiku-brez-vonja\\\/#primaryimage\"},\"thumbnailUrl\":\"https:\\\/\\\/ajatutaja.com\\\/wp-content\\\/uploads\\\/2022\\\/01\\\/kokoso-baby-balzam-v-stiku-ajatutaja-1.jpg\",\"datePublished\":\"2022-01-14T13:53:27+00:00\",\"dateModified\":\"2026-03-04T18:45:18+00:00\",\"description\":\"Kokoso Baby Ne\u017een balzam v stiku brez vonja je negovalen za\u0161\u010ditni balzam z organskim kokosovim oljem in \u010debeljim voskom.\",\"breadcrumb\":{\"@id\":\"https:\\\/\\\/ajatutaja.com\\\/izdelek\\\/kokoso-baby-nezen-balzam-v-stiku-brez-vonja\\\/#breadcrumb\"},\"inLanguage\":\"hr\",\"potentialAction\":[{\"@type\":\"ReadAction\",\"target\":[\"https:\\\/\\\/ajatutaja.com\\\/izdelek\\\/kokoso-baby-nezen-balzam-v-stiku-brez-vonja\\\/\"]}]},{\"@type\":\"ImageObject\",\"inLanguage\":\"hr\",\"@id\":\"https:\\\/\\\/ajatutaja.com\\\/izdelek\\\/kokoso-baby-nezen-balzam-v-stiku-brez-vonja\\\/#primaryimage\",\"url\":\"https:\\\/\\\/ajatutaja.com\\\/wp-content\\\/uploads\\\/2022\\\/01\\\/kokoso-baby-balzam-v-stiku-ajatutaja-1.jpg\",\"contentUrl\":\"https:\\\/\\\/ajatutaja.com\\\/wp-content\\\/uploads\\\/2022\\\/01\\\/kokoso-baby-balzam-v-stiku-ajatutaja-1.jpg\",\"width\":2000,\"height\":2000},{\"@type\":\"BreadcrumbList\",\"@id\":\"https:\\\/\\\/ajatutaja.com\\\/izdelek\\\/kokoso-baby-nezen-balzam-v-stiku-brez-vonja\\\/#breadcrumb\",\"itemListElement\":[{\"@type\":\"ListItem\",\"position\":1,\"name\":\"Home\",\"item\":\"https:\\\/\\\/ajatutaja.com\\\/hr\\\/\"},{\"@type\":\"ListItem\",\"position\":2,\"name\":\"Trgovina\",\"item\":\"https:\\\/\\\/ajatutaja.com\\\/hr\\\/trgovina\\\/\"},{\"@type\":\"ListItem\",\"position\":3,\"name\":\"Kokoso Baby Ne\u017een balzam v stiku &#8211; brez vonja (45g)\"}]},{\"@type\":\"WebSite\",\"@id\":\"https:\\\/\\\/ajatutaja.com\\\/#website\",\"url\":\"https:\\\/\\\/ajatutaja.com\\\/\",\"name\":\"Ajatutaja\",\"description\":\"Otro\u0161ka spletna trgovina AJATUTAJA\",\"publisher\":{\"@id\":\"https:\\\/\\\/ajatutaja.com\\\/#organization\"},\"potentialAction\":[{\"@type\":\"SearchAction\",\"target\":{\"@type\":\"EntryPoint\",\"urlTemplate\":\"https:\\\/\\\/ajatutaja.com\\\/?s={search_term_string}\"},\"query-input\":{\"@type\":\"PropertyValueSpecification\",\"valueRequired\":true,\"valueName\":\"search_term_string\"}}],\"inLanguage\":\"hr\"},{\"@type\":\"Organization\",\"@id\":\"https:\\\/\\\/ajatutaja.com\\\/#organization\",\"name\":\"Ajatutaja\",\"url\":\"https:\\\/\\\/ajatutaja.com\\\/\",\"logo\":{\"@type\":\"ImageObject\",\"inLanguage\":\"hr\",\"@id\":\"https:\\\/\\\/ajatutaja.com\\\/#\\\/schema\\\/logo\\\/image\\\/\",\"url\":\"https:\\\/\\\/ajatutaja.com\\\/wp-content\\\/uploads\\\/2021\\\/10\\\/logo.png\",\"contentUrl\":\"https:\\\/\\\/ajatutaja.com\\\/wp-content\\\/uploads\\\/2021\\\/10\\\/logo.png\",\"width\":555,\"height\":150,\"caption\":\"Ajatutaja\"},\"image\":{\"@id\":\"https:\\\/\\\/ajatutaja.com\\\/#\\\/schema\\\/logo\\\/image\\\/\"}}]}<\/script>\n<!-- \/ Yoast SEO plugin. -->","yoast_head_json":{"title":"Kokoso Baby Ne\u017een balzam v stiku - brez vonja (45g) | Ajatutaja","description":"Kokoso Baby Ne\u017een balzam v stiku brez vonja je negovalen za\u0161\u010ditni balzam z organskim kokosovim oljem in \u010debeljim voskom.","robots":{"index":"index","follow":"follow","max-snippet":"max-snippet:-1","max-image-preview":"max-image-preview:large","max-video-preview":"max-video-preview:-1"},"canonical":"https:\/\/ajatutaja.com\/izdelek\/kokoso-baby-nezen-balzam-v-stiku-brez-vonja\/","og_locale":"hr_HR","og_type":"article","og_title":"Kokoso Baby Ne\u017een balzam v stiku - brez vonja (45g) | Ajatutaja","og_description":"Kokoso Baby Ne\u017een balzam v stiku brez vonja je negovalen za\u0161\u010ditni balzam z organskim kokosovim oljem in \u010debeljim voskom.","og_url":"https:\/\/ajatutaja.com\/izdelek\/kokoso-baby-nezen-balzam-v-stiku-brez-vonja\/","og_site_name":"Ajatutaja","article_modified_time":"2026-03-04T18:45:18+00:00","og_image":[{"width":2000,"height":2000,"url":"https:\/\/ajatutaja.com\/wp-content\/uploads\/2022\/01\/kokoso-baby-balzam-v-stiku-ajatutaja-1.jpg","type":"image\/jpeg"}],"twitter_card":"summary_large_image","twitter_misc":{"Procijenjeno vrijeme \u010ditanja":"1 minuta"},"schema":{"@context":"https:\/\/schema.org","@graph":[{"@type":"WebPage","@id":"https:\/\/ajatutaja.com\/izdelek\/kokoso-baby-nezen-balzam-v-stiku-brez-vonja\/","url":"https:\/\/ajatutaja.com\/izdelek\/kokoso-baby-nezen-balzam-v-stiku-brez-vonja\/","name":"Kokoso Baby Ne\u017een balzam v stiku - brez vonja (45g) | Ajatutaja","isPartOf":{"@id":"https:\/\/ajatutaja.com\/#website"},"primaryImageOfPage":{"@id":"https:\/\/ajatutaja.com\/izdelek\/kokoso-baby-nezen-balzam-v-stiku-brez-vonja\/#primaryimage"},"image":{"@id":"https:\/\/ajatutaja.com\/izdelek\/kokoso-baby-nezen-balzam-v-stiku-brez-vonja\/#primaryimage"},"thumbnailUrl":"https:\/\/ajatutaja.com\/wp-content\/uploads\/2022\/01\/kokoso-baby-balzam-v-stiku-ajatutaja-1.jpg","datePublished":"2022-01-14T13:53:27+00:00","dateModified":"2026-03-04T18:45:18+00:00","description":"Kokoso Baby Ne\u017een balzam v stiku brez vonja je negovalen za\u0161\u010ditni balzam z organskim kokosovim oljem in \u010debeljim voskom.","breadcrumb":{"@id":"https:\/\/ajatutaja.com\/izdelek\/kokoso-baby-nezen-balzam-v-stiku-brez-vonja\/#breadcrumb"},"inLanguage":"hr","potentialAction":[{"@type":"ReadAction","target":["https:\/\/ajatutaja.com\/izdelek\/kokoso-baby-nezen-balzam-v-stiku-brez-vonja\/"]}]},{"@type":"ImageObject","inLanguage":"hr","@id":"https:\/\/ajatutaja.com\/izdelek\/kokoso-baby-nezen-balzam-v-stiku-brez-vonja\/#primaryimage","url":"https:\/\/ajatutaja.com\/wp-content\/uploads\/2022\/01\/kokoso-baby-balzam-v-stiku-ajatutaja-1.jpg","contentUrl":"https:\/\/ajatutaja.com\/wp-content\/uploads\/2022\/01\/kokoso-baby-balzam-v-stiku-ajatutaja-1.jpg","width":2000,"height":2000},{"@type":"BreadcrumbList","@id":"https:\/\/ajatutaja.com\/izdelek\/kokoso-baby-nezen-balzam-v-stiku-brez-vonja\/#breadcrumb","itemListElement":[{"@type":"ListItem","position":1,"name":"Home","item":"https:\/\/ajatutaja.com\/hr\/"},{"@type":"ListItem","position":2,"name":"Trgovina","item":"https:\/\/ajatutaja.com\/hr\/trgovina\/"},{"@type":"ListItem","position":3,"name":"Kokoso Baby Ne\u017een balzam v stiku &#8211; brez vonja (45g)"}]},{"@type":"WebSite","@id":"https:\/\/ajatutaja.com\/#website","url":"https:\/\/ajatutaja.com\/","name":"Ajatutaja","description":"Otro\u0161ka spletna trgovina AJATUTAJA","publisher":{"@id":"https:\/\/ajatutaja.com\/#organization"},"potentialAction":[{"@type":"SearchAction","target":{"@type":"EntryPoint","urlTemplate":"https:\/\/ajatutaja.com\/?s={search_term_string}"},"query-input":{"@type":"PropertyValueSpecification","valueRequired":true,"valueName":"search_term_string"}}],"inLanguage":"hr"},{"@type":"Organization","@id":"https:\/\/ajatutaja.com\/#organization","name":"Ajatutaja","url":"https:\/\/ajatutaja.com\/","logo":{"@type":"ImageObject","inLanguage":"hr","@id":"https:\/\/ajatutaja.com\/#\/schema\/logo\/image\/","url":"https:\/\/ajatutaja.com\/wp-content\/uploads\/2021\/10\/logo.png","contentUrl":"https:\/\/ajatutaja.com\/wp-content\/uploads\/2021\/10\/logo.png","width":555,"height":150,"caption":"Ajatutaja"},"image":{"@id":"https:\/\/ajatutaja.com\/#\/schema\/logo\/image\/"}}]}},"brands":[{"id":2677,"name":"Kokoso Baby","slug":"kokoso-baby"},{"id":2658,"name":"Nega in kopanje","slug":"nega-in-kopanje"}],"_links":{"self":[{"href":"https:\/\/ajatutaja.com\/hr\/wp-json\/wp\/v2\/product\/27010","targetHints":{"allow":["GET"]}}],"collection":[{"href":"https:\/\/ajatutaja.com\/hr\/wp-json\/wp\/v2\/product"}],"about":[{"href":"https:\/\/ajatutaja.com\/hr\/wp-json\/wp\/v2\/types\/product"}],"wp:featuredmedia":[{"embeddable":true,"href":"https:\/\/ajatutaja.com\/hr\/wp-json\/wp\/v2\/media\/27011"}],"wp:attachment":[{"href":"https:\/\/ajatutaja.com\/hr\/wp-json\/wp\/v2\/media?parent=27010"}],"wp:term":[{"taxonomy":"pwb-brand","embeddable":true,"href":"https:\/\/ajatutaja.com\/hr\/wp-json\/wp\/v2\/pwb-brand?post=27010"},{"taxonomy":"product_brand","embeddable":true,"href":"https:\/\/ajatutaja.com\/hr\/wp-json\/wp\/v2\/product_brand?post=27010"},{"taxonomy":"product_cat","embeddable":true,"href":"https:\/\/ajatutaja.com\/hr\/wp-json\/wp\/v2\/product_cat?post=27010"},{"taxonomy":"product_tag","embeddable":true,"href":"https:\/\/ajatutaja.com\/hr\/wp-json\/wp\/v2\/product_tag?post=27010"}],"curies":[{"name":"wp","href":"https:\/\/api.w.org\/{rel}","templated":true}]}}