{"id":26928,"date":"2024-01-14T12:46:05","date_gmt":"2024-01-14T11:46:05","guid":{"rendered":"https:\/\/ajatutaja.com\/?post_type=product&#038;p=26928"},"modified":"2026-03-04T19:18:37","modified_gmt":"2026-03-04T18:18:37","slug":"prenosni-elektricni-nosni-aspirator-nosiboo-go","status":"publish","type":"product","link":"https:\/\/ajatutaja.com\/hr\/proizvod\/prenosni-elektricni-nosni-aspirator-nosiboo-go\/","title":{"rendered":"Prenosni elektri\u010dni nosni aspirator Nosiboo\u00ae Go"},"content":{"rendered":"<div class=\"product-info-main\">\n<div class=\"product attribute overview\">\n<div><strong>Prenosni<\/strong>\u00a0: Nosiboo Go je bil ustvarjen v duhu prakti\u010dnosti in zagotavlja takoj\u0161njo uporabo za otroke na poti.<br \/>\n<strong>Polnjenje:<\/strong>\u00a0Li-Polymer baterija omogo\u010da polnjenje Nosiboo Go brez nakupa dodatnih baterij.<br \/>\n<strong>UPT tehnologija vrhunske mo\u010di:<\/strong>\u00a0Nosiboo Go deluje z najnovej\u0161o tehnologijo Ultimate Power. Ta u\u010dinkovita in edinstvena tehnologija temelji na pretoku zraka in ustvarja nenehno visoko, a ne\u017eno sesalno mo\u010d.<br \/>\n<strong>Enostaven za \u010di\u0161\u010denje:<\/strong>\u00a0In\u017einirji so ustvarili glavo Penguin, da star\u0161em olaj\u0161ali uporabo pri njihovih mal\u010dkih. Glava je edini del naprave, ki ga je treba po uporabi o\u010distiti. V nekaj sekundah ga lahko razstavite in preprosto operete pod teko\u010do vodo.<br \/>\n<strong>Brez BPA:<\/strong>\u00a0Pri razvoju na\u0161e linije izdelkov uporabljamo izklju\u010dno materiale, ki so za ljudi popolnoma ne\u0161kodljivi. To so se prepri\u010dali s strogim in temeljitim testiranjem.<strong>Lastnosti:<\/strong><br \/>\nZmogljivost motorja: 32 W<br \/>\nDiferencialni tlak: 40<br \/>\nMaksimalni zra\u010dni pretok: 0,8 L\/sek<br \/>\nNapajanje: 100\u2013240 V, 50\u201360 Hz<br \/>\nBaterija: litij-polimerska aku pack<br \/>\nVrsta baterije: 7.4V 1500mAh<br \/>\nU\u010dinkovitost enosmernega polnilnika: 12 W<br \/>\nIP razred: IP 21<br \/>\nZa\u0161\u010ditni razred: II Vrsta uporabljenih delov: BF<br \/>\nUporabljeni deli: celotno ohi\u0161je<br \/>\nNa\u010din delovanja: ne deluje neprekinjeno<br \/>\nTrajanje delovanja: pribli\u017eno 10 minut\/ ponovni zagon<br \/>\nTrajanje neprekinjene uporabe: do 10 minut<br \/>\nPovpre\u010dna temperatura ohi\u0161ja: 30-35\u00b0C po 1 minuti neprekinjene uporabe<br \/>\nNivo hrupa: 55\u201362 dB R<br \/>\nTemperaturno obmo\u010dje: od 10\u00b0C do +40\u00b0C<br \/>\nRelativna vla\u017enost: maks. 75%<br \/>\nPri\u010dakovana \u017eivljenjska doba ohi\u0161ja: 3 leta<br \/>\nPri\u010dakovana \u017eivljenjska doba Penguin glave: 3 mesece<br \/>\nPremer konice nastavka za nos: min. 5.6 mm<br \/>\nDol\u017eina konice nastavka za nos: min. 32 mm<br \/>\nTe\u017ea ohi\u0161ja: 375 g<br \/>\nMere ohi\u0161ja (\u0160xVxG): 77 x 190 x 77 mm<br \/>\nMere celotnega paketa (\u0160xVxG): 95 x 257 x 83 mm<\/div>\n<\/div>\n<\/div>\n","protected":false},"excerpt":{"rendered":"<p>Nosiboo Go predstavlja revolucijo v otro\u0161ki higieni noskov: je prenosna, polnilna in zmogljiva. Naprava je pripravljena, da jo vzamete kamor koli s seboj! Nosiboo Go deluje z najnovej\u0161o tehnologijo (UPT) pri konstantno visoki, u\u010dinkoviti sesalni mo\u010di. Samo daj ga v torbo in pojdi!<\/p>\n","protected":false},"featured_media":26930,"template":"","meta":[],"pwb-brand":[2658,4505],"product_brand":[],"product_cat":[2608,2647],"product_tag":[4509,4508],"class_list":{"0":"post-26928","1":"product","2":"type-product","3":"status-publish","4":"has-post-thumbnail","6":"pwb-brand-nega-in-kopanje","7":"pwb-brand-nosiboo","8":"product_cat-nega-in-kopanje","9":"product_cat-pripomocki-za-nego-kopanje","10":"product_tag-nosiboo","11":"product_tag-nosni-aspirator","13":"first","14":"onbackorder","15":"taxable","16":"shipping-taxable","17":"purchasable","18":"product-type-simple","19":"add-to-wishlist-before_image"},"yoast_head":"<!-- This site is optimized with the Yoast SEO plugin v27.3 - https:\/\/yoast.com\/product\/yoast-seo-wordpress\/ -->\n<title>Prenosni elektri\u010dni nosni aspirator Nosiboo\u00ae Go | Ajatutaja<\/title>\n<meta name=\"description\" content=\"Nosiboo Go predstavlja revolucijo v otro\u0161ki higieni noskov: je prenosna, polnilna in zmogljiva.\" \/>\n<meta name=\"robots\" content=\"index, follow, max-snippet:-1, max-image-preview:large, max-video-preview:-1\" \/>\n<link rel=\"canonical\" href=\"https:\/\/ajatutaja.com\/izdelek\/prenosni-elektricni-nosni-aspirator-nosiboo-go\/\" \/>\n<meta property=\"og:locale\" content=\"hr_HR\" \/>\n<meta property=\"og:type\" content=\"article\" \/>\n<meta property=\"og:title\" content=\"Prenosni elektri\u010dni nosni aspirator Nosiboo\u00ae Go | Ajatutaja\" \/>\n<meta property=\"og:description\" content=\"Nosiboo Go predstavlja revolucijo v otro\u0161ki higieni noskov: je prenosna, polnilna in zmogljiva.\" \/>\n<meta property=\"og:url\" content=\"https:\/\/ajatutaja.com\/izdelek\/prenosni-elektricni-nosni-aspirator-nosiboo-go\/\" \/>\n<meta property=\"og:site_name\" content=\"Ajatutaja\" \/>\n<meta property=\"article:modified_time\" content=\"2026-03-04T18:18:37+00:00\" \/>\n<meta property=\"og:image\" content=\"https:\/\/ajatutaja.com\/wp-content\/uploads\/2022\/01\/Nosiboo-prenostni-nosni-aspirator-ajatutaja-2.jpg\" \/>\n\t<meta property=\"og:image:width\" content=\"1000\" \/>\n\t<meta property=\"og:image:height\" content=\"1000\" \/>\n\t<meta property=\"og:image:type\" content=\"image\/jpeg\" \/>\n<meta name=\"twitter:card\" content=\"summary_large_image\" \/>\n<meta name=\"twitter:label1\" content=\"Procijenjeno vrijeme \u010ditanja\" \/>\n\t<meta name=\"twitter:data1\" content=\"1 minuta\" \/>\n<script type=\"application\/ld+json\" class=\"yoast-schema-graph\">{\"@context\":\"https:\\\/\\\/schema.org\",\"@graph\":[{\"@type\":\"WebPage\",\"@id\":\"https:\\\/\\\/ajatutaja.com\\\/izdelek\\\/prenosni-elektricni-nosni-aspirator-nosiboo-go\\\/\",\"url\":\"https:\\\/\\\/ajatutaja.com\\\/izdelek\\\/prenosni-elektricni-nosni-aspirator-nosiboo-go\\\/\",\"name\":\"Prenosni elektri\u010dni nosni aspirator Nosiboo\u00ae Go | Ajatutaja\",\"isPartOf\":{\"@id\":\"https:\\\/\\\/ajatutaja.com\\\/#website\"},\"primaryImageOfPage\":{\"@id\":\"https:\\\/\\\/ajatutaja.com\\\/izdelek\\\/prenosni-elektricni-nosni-aspirator-nosiboo-go\\\/#primaryimage\"},\"image\":{\"@id\":\"https:\\\/\\\/ajatutaja.com\\\/izdelek\\\/prenosni-elektricni-nosni-aspirator-nosiboo-go\\\/#primaryimage\"},\"thumbnailUrl\":\"https:\\\/\\\/ajatutaja.com\\\/wp-content\\\/uploads\\\/2022\\\/01\\\/Nosiboo-prenostni-nosni-aspirator-ajatutaja-2.jpg\",\"datePublished\":\"2024-01-14T11:46:05+00:00\",\"dateModified\":\"2026-03-04T18:18:37+00:00\",\"description\":\"Nosiboo Go predstavlja revolucijo v otro\u0161ki higieni noskov: je prenosna, polnilna in zmogljiva.\",\"breadcrumb\":{\"@id\":\"https:\\\/\\\/ajatutaja.com\\\/izdelek\\\/prenosni-elektricni-nosni-aspirator-nosiboo-go\\\/#breadcrumb\"},\"inLanguage\":\"hr\",\"potentialAction\":[{\"@type\":\"ReadAction\",\"target\":[\"https:\\\/\\\/ajatutaja.com\\\/izdelek\\\/prenosni-elektricni-nosni-aspirator-nosiboo-go\\\/\"]}]},{\"@type\":\"ImageObject\",\"inLanguage\":\"hr\",\"@id\":\"https:\\\/\\\/ajatutaja.com\\\/izdelek\\\/prenosni-elektricni-nosni-aspirator-nosiboo-go\\\/#primaryimage\",\"url\":\"https:\\\/\\\/ajatutaja.com\\\/wp-content\\\/uploads\\\/2022\\\/01\\\/Nosiboo-prenostni-nosni-aspirator-ajatutaja-2.jpg\",\"contentUrl\":\"https:\\\/\\\/ajatutaja.com\\\/wp-content\\\/uploads\\\/2022\\\/01\\\/Nosiboo-prenostni-nosni-aspirator-ajatutaja-2.jpg\",\"width\":1000,\"height\":1000},{\"@type\":\"BreadcrumbList\",\"@id\":\"https:\\\/\\\/ajatutaja.com\\\/izdelek\\\/prenosni-elektricni-nosni-aspirator-nosiboo-go\\\/#breadcrumb\",\"itemListElement\":[{\"@type\":\"ListItem\",\"position\":1,\"name\":\"Home\",\"item\":\"https:\\\/\\\/ajatutaja.com\\\/hr\\\/\"},{\"@type\":\"ListItem\",\"position\":2,\"name\":\"Trgovina\",\"item\":\"https:\\\/\\\/ajatutaja.com\\\/hr\\\/trgovina\\\/\"},{\"@type\":\"ListItem\",\"position\":3,\"name\":\"Prenosni elektri\u010dni nosni aspirator Nosiboo\u00ae Go\"}]},{\"@type\":\"WebSite\",\"@id\":\"https:\\\/\\\/ajatutaja.com\\\/#website\",\"url\":\"https:\\\/\\\/ajatutaja.com\\\/\",\"name\":\"Ajatutaja\",\"description\":\"Otro\u0161ka spletna trgovina AJATUTAJA\",\"publisher\":{\"@id\":\"https:\\\/\\\/ajatutaja.com\\\/#organization\"},\"potentialAction\":[{\"@type\":\"SearchAction\",\"target\":{\"@type\":\"EntryPoint\",\"urlTemplate\":\"https:\\\/\\\/ajatutaja.com\\\/?s={search_term_string}\"},\"query-input\":{\"@type\":\"PropertyValueSpecification\",\"valueRequired\":true,\"valueName\":\"search_term_string\"}}],\"inLanguage\":\"hr\"},{\"@type\":\"Organization\",\"@id\":\"https:\\\/\\\/ajatutaja.com\\\/#organization\",\"name\":\"Ajatutaja\",\"url\":\"https:\\\/\\\/ajatutaja.com\\\/\",\"logo\":{\"@type\":\"ImageObject\",\"inLanguage\":\"hr\",\"@id\":\"https:\\\/\\\/ajatutaja.com\\\/#\\\/schema\\\/logo\\\/image\\\/\",\"url\":\"https:\\\/\\\/ajatutaja.com\\\/wp-content\\\/uploads\\\/2021\\\/10\\\/logo.png\",\"contentUrl\":\"https:\\\/\\\/ajatutaja.com\\\/wp-content\\\/uploads\\\/2021\\\/10\\\/logo.png\",\"width\":555,\"height\":150,\"caption\":\"Ajatutaja\"},\"image\":{\"@id\":\"https:\\\/\\\/ajatutaja.com\\\/#\\\/schema\\\/logo\\\/image\\\/\"}}]}<\/script>\n<!-- \/ Yoast SEO plugin. -->","yoast_head_json":{"title":"Prenosni elektri\u010dni nosni aspirator Nosiboo\u00ae Go | Ajatutaja","description":"Nosiboo Go predstavlja revolucijo v otro\u0161ki higieni noskov: je prenosna, polnilna in zmogljiva.","robots":{"index":"index","follow":"follow","max-snippet":"max-snippet:-1","max-image-preview":"max-image-preview:large","max-video-preview":"max-video-preview:-1"},"canonical":"https:\/\/ajatutaja.com\/izdelek\/prenosni-elektricni-nosni-aspirator-nosiboo-go\/","og_locale":"hr_HR","og_type":"article","og_title":"Prenosni elektri\u010dni nosni aspirator Nosiboo\u00ae Go | Ajatutaja","og_description":"Nosiboo Go predstavlja revolucijo v otro\u0161ki higieni noskov: je prenosna, polnilna in zmogljiva.","og_url":"https:\/\/ajatutaja.com\/izdelek\/prenosni-elektricni-nosni-aspirator-nosiboo-go\/","og_site_name":"Ajatutaja","article_modified_time":"2026-03-04T18:18:37+00:00","og_image":[{"width":1000,"height":1000,"url":"https:\/\/ajatutaja.com\/wp-content\/uploads\/2022\/01\/Nosiboo-prenostni-nosni-aspirator-ajatutaja-2.jpg","type":"image\/jpeg"}],"twitter_card":"summary_large_image","twitter_misc":{"Procijenjeno vrijeme \u010ditanja":"1 minuta"},"schema":{"@context":"https:\/\/schema.org","@graph":[{"@type":"WebPage","@id":"https:\/\/ajatutaja.com\/izdelek\/prenosni-elektricni-nosni-aspirator-nosiboo-go\/","url":"https:\/\/ajatutaja.com\/izdelek\/prenosni-elektricni-nosni-aspirator-nosiboo-go\/","name":"Prenosni elektri\u010dni nosni aspirator Nosiboo\u00ae Go | Ajatutaja","isPartOf":{"@id":"https:\/\/ajatutaja.com\/#website"},"primaryImageOfPage":{"@id":"https:\/\/ajatutaja.com\/izdelek\/prenosni-elektricni-nosni-aspirator-nosiboo-go\/#primaryimage"},"image":{"@id":"https:\/\/ajatutaja.com\/izdelek\/prenosni-elektricni-nosni-aspirator-nosiboo-go\/#primaryimage"},"thumbnailUrl":"https:\/\/ajatutaja.com\/wp-content\/uploads\/2022\/01\/Nosiboo-prenostni-nosni-aspirator-ajatutaja-2.jpg","datePublished":"2024-01-14T11:46:05+00:00","dateModified":"2026-03-04T18:18:37+00:00","description":"Nosiboo Go predstavlja revolucijo v otro\u0161ki higieni noskov: je prenosna, polnilna in zmogljiva.","breadcrumb":{"@id":"https:\/\/ajatutaja.com\/izdelek\/prenosni-elektricni-nosni-aspirator-nosiboo-go\/#breadcrumb"},"inLanguage":"hr","potentialAction":[{"@type":"ReadAction","target":["https:\/\/ajatutaja.com\/izdelek\/prenosni-elektricni-nosni-aspirator-nosiboo-go\/"]}]},{"@type":"ImageObject","inLanguage":"hr","@id":"https:\/\/ajatutaja.com\/izdelek\/prenosni-elektricni-nosni-aspirator-nosiboo-go\/#primaryimage","url":"https:\/\/ajatutaja.com\/wp-content\/uploads\/2022\/01\/Nosiboo-prenostni-nosni-aspirator-ajatutaja-2.jpg","contentUrl":"https:\/\/ajatutaja.com\/wp-content\/uploads\/2022\/01\/Nosiboo-prenostni-nosni-aspirator-ajatutaja-2.jpg","width":1000,"height":1000},{"@type":"BreadcrumbList","@id":"https:\/\/ajatutaja.com\/izdelek\/prenosni-elektricni-nosni-aspirator-nosiboo-go\/#breadcrumb","itemListElement":[{"@type":"ListItem","position":1,"name":"Home","item":"https:\/\/ajatutaja.com\/hr\/"},{"@type":"ListItem","position":2,"name":"Trgovina","item":"https:\/\/ajatutaja.com\/hr\/trgovina\/"},{"@type":"ListItem","position":3,"name":"Prenosni elektri\u010dni nosni aspirator Nosiboo\u00ae Go"}]},{"@type":"WebSite","@id":"https:\/\/ajatutaja.com\/#website","url":"https:\/\/ajatutaja.com\/","name":"Ajatutaja","description":"Otro\u0161ka spletna trgovina AJATUTAJA","publisher":{"@id":"https:\/\/ajatutaja.com\/#organization"},"potentialAction":[{"@type":"SearchAction","target":{"@type":"EntryPoint","urlTemplate":"https:\/\/ajatutaja.com\/?s={search_term_string}"},"query-input":{"@type":"PropertyValueSpecification","valueRequired":true,"valueName":"search_term_string"}}],"inLanguage":"hr"},{"@type":"Organization","@id":"https:\/\/ajatutaja.com\/#organization","name":"Ajatutaja","url":"https:\/\/ajatutaja.com\/","logo":{"@type":"ImageObject","inLanguage":"hr","@id":"https:\/\/ajatutaja.com\/#\/schema\/logo\/image\/","url":"https:\/\/ajatutaja.com\/wp-content\/uploads\/2021\/10\/logo.png","contentUrl":"https:\/\/ajatutaja.com\/wp-content\/uploads\/2021\/10\/logo.png","width":555,"height":150,"caption":"Ajatutaja"},"image":{"@id":"https:\/\/ajatutaja.com\/#\/schema\/logo\/image\/"}}]}},"brands":[{"id":2658,"name":"Nega in kopanje","slug":"nega-in-kopanje"},{"id":4505,"name":"Nosiboo","slug":"nosiboo"}],"_links":{"self":[{"href":"https:\/\/ajatutaja.com\/hr\/wp-json\/wp\/v2\/product\/26928","targetHints":{"allow":["GET"]}}],"collection":[{"href":"https:\/\/ajatutaja.com\/hr\/wp-json\/wp\/v2\/product"}],"about":[{"href":"https:\/\/ajatutaja.com\/hr\/wp-json\/wp\/v2\/types\/product"}],"wp:featuredmedia":[{"embeddable":true,"href":"https:\/\/ajatutaja.com\/hr\/wp-json\/wp\/v2\/media\/26930"}],"wp:attachment":[{"href":"https:\/\/ajatutaja.com\/hr\/wp-json\/wp\/v2\/media?parent=26928"}],"wp:term":[{"taxonomy":"pwb-brand","embeddable":true,"href":"https:\/\/ajatutaja.com\/hr\/wp-json\/wp\/v2\/pwb-brand?post=26928"},{"taxonomy":"product_brand","embeddable":true,"href":"https:\/\/ajatutaja.com\/hr\/wp-json\/wp\/v2\/product_brand?post=26928"},{"taxonomy":"product_cat","embeddable":true,"href":"https:\/\/ajatutaja.com\/hr\/wp-json\/wp\/v2\/product_cat?post=26928"},{"taxonomy":"product_tag","embeddable":true,"href":"https:\/\/ajatutaja.com\/hr\/wp-json\/wp\/v2\/product_tag?post=26928"}],"curies":[{"name":"wp","href":"https:\/\/api.w.org\/{rel}","templated":true}]}}