{"id":26535,"date":"2025-02-07T21:48:33","date_gmt":"2025-02-07T20:48:33","guid":{"rendered":"https:\/\/ajatutaja.com\/?post_type=product&#038;p=26535"},"modified":"2026-02-07T08:37:12","modified_gmt":"2026-02-07T07:37:12","slug":"sip-snack-flaska-stephen-joseph","status":"publish","type":"product","link":"https:\/\/ajatutaja.com\/hr\/proizvod\/sip-snack-flaska-stephen-joseph\/","title":{"rendered":"Sip&amp;Snack fla\u0161ka Stephen Joseph &#8211; Gradbenik"},"content":{"rendered":"<p>[vc_row][vc_column][vc_column_text]<\/p>\n<h3>Lastnosti Sip&amp;Snack fla\u0161ke Stephen Joseph:<\/h3>\n<ul>\n<li>Sestavljena iz 2 posodic, ki se zapirata na navoj (ve\u010dja za teko\u010dino in manj\u0161a za prigrizke)<\/li>\n<li>Ne poliva in zagotavlja enostavno odpiranje in pitje s pomo\u010djo ustnika s slamico<\/li>\n<li>Primerno za otroke 1 leta+<\/li>\n<li>Enostavno zapiranje in odpiranje, ter izredno varni dodatki iz PP plastike.<\/li>\n<li>Dr\u017ei 300 ml teko\u010dine in manj\u0161o koli\u010dino prigrizkov<\/li>\n<li>Material: Visoko kakovostni tritan. Brez BPA, PVC in ftalatov.<\/li>\n<li>Varno za pomivanje v pomivalnem stroju &#8211; na zgornji ko\u0161ari.<\/li>\n<li>Velikost cca: 7 cm x 7 cm x 17 cm.<\/li>\n<li>Ni primerna za vro\u010de teko\u010dine, gazirane teko\u010dine in goste teko\u010dine<\/li>\n<li>Ni za uporabo v mikrovalovni pe\u010dici!<\/li>\n<\/ul>\n<p>Vse termo fla\u0161ke se lepo kombinirajo tudi z ostalimi izdelki Stephen Joseph, tako lahko v enakem motivu najdete tudi druge izdelke in ustvarite sanjski kompletek.[\/vc_column_text][\/vc_column][\/vc_row]<\/p>\n","protected":false},"excerpt":{"rendered":"<p style=\"text-align: justify\">Edinstvena fla\u0161ka Sip&amp;Snack blagovne znamke Stephen Joseph bo poskrbela, da va\u0161i mal\u010dki ne bodo nikoli la\u010dni ali \u017eejni na sprehodu, potovanju ali drugi aktivnosti. Ta popolna stekleni\u010dka s slamico ima namre\u010d na dnu odstranljvo posodico za prigrizke.<\/p>\n","protected":false},"featured_media":85381,"template":"","meta":[],"pwb-brand":[2269,4076],"product_brand":[],"product_cat":[2307,2266],"product_tag":[4031,3980],"class_list":{"0":"post-26535","1":"product","2":"type-product","3":"status-publish","4":"has-post-thumbnail","6":"pwb-brand-hranjenje","7":"pwb-brand-stephen-joseph-hranjenje","8":"product_cat-flaske-in-steklenicke","9":"product_cat-hranjenje","10":"product_tag-gradbenik","11":"product_tag-stephen-joseph","13":"first","14":"instock","15":"taxable","16":"shipping-taxable","17":"purchasable","18":"product-type-simple","19":"add-to-wishlist-before_image"},"yoast_head":"<!-- This site is optimized with the Yoast SEO plugin v27.3 - https:\/\/yoast.com\/product\/yoast-seo-wordpress\/ -->\n<title>Sip&amp;Snack fla\u0161ka Stephen Joseph - Gradbenik | Ajatutaja<\/title>\n<meta name=\"description\" content=\"Edinstvena fla\u0161ka Sip&amp;Snack blagovne znamke Stephen Joseph bo poskrbela, da va\u0161i mal\u010dki ne bodo nikoli la\u010dni ali \u017eejni na sprehodu, potovanju ali drugi aktivnosti.\" \/>\n<meta name=\"robots\" content=\"index, follow, max-snippet:-1, max-image-preview:large, max-video-preview:-1\" \/>\n<link rel=\"canonical\" href=\"https:\/\/ajatutaja.com\/izdelek\/sip-snack-flaska-stephen-joseph\/\" \/>\n<meta property=\"og:locale\" content=\"hr_HR\" \/>\n<meta property=\"og:type\" content=\"article\" \/>\n<meta property=\"og:title\" content=\"Sip&amp;Snack fla\u0161ka Stephen Joseph - Gradbenik | Ajatutaja\" \/>\n<meta property=\"og:description\" content=\"Edinstvena fla\u0161ka Sip&amp;Snack blagovne znamke Stephen Joseph bo poskrbela, da va\u0161i mal\u010dki ne bodo nikoli la\u010dni ali \u017eejni na sprehodu, potovanju ali drugi aktivnosti.\" \/>\n<meta property=\"og:url\" content=\"https:\/\/ajatutaja.com\/izdelek\/sip-snack-flaska-stephen-joseph\/\" \/>\n<meta property=\"og:site_name\" content=\"Ajatutaja\" \/>\n<meta property=\"article:modified_time\" content=\"2026-02-07T07:37:12+00:00\" \/>\n<meta property=\"og:image\" content=\"https:\/\/ajatutaja.com\/wp-content\/uploads\/2024\/09\/SJ115309-GRADBENIK-1.jpg\" \/>\n\t<meta property=\"og:image:width\" content=\"800\" \/>\n\t<meta property=\"og:image:height\" content=\"800\" \/>\n\t<meta property=\"og:image:type\" content=\"image\/jpeg\" \/>\n<meta name=\"twitter:card\" content=\"summary_large_image\" \/>\n<meta name=\"twitter:label1\" content=\"Procijenjeno vrijeme \u010ditanja\" \/>\n\t<meta name=\"twitter:data1\" content=\"1 minuta\" \/>\n<script type=\"application\/ld+json\" class=\"yoast-schema-graph\">{\"@context\":\"https:\\\/\\\/schema.org\",\"@graph\":[{\"@type\":\"WebPage\",\"@id\":\"https:\\\/\\\/ajatutaja.com\\\/izdelek\\\/sip-snack-flaska-stephen-joseph\\\/\",\"url\":\"https:\\\/\\\/ajatutaja.com\\\/izdelek\\\/sip-snack-flaska-stephen-joseph\\\/\",\"name\":\"Sip&amp;Snack fla\u0161ka Stephen Joseph - Gradbenik | Ajatutaja\",\"isPartOf\":{\"@id\":\"https:\\\/\\\/ajatutaja.com\\\/#website\"},\"primaryImageOfPage\":{\"@id\":\"https:\\\/\\\/ajatutaja.com\\\/izdelek\\\/sip-snack-flaska-stephen-joseph\\\/#primaryimage\"},\"image\":{\"@id\":\"https:\\\/\\\/ajatutaja.com\\\/izdelek\\\/sip-snack-flaska-stephen-joseph\\\/#primaryimage\"},\"thumbnailUrl\":\"https:\\\/\\\/ajatutaja.com\\\/wp-content\\\/uploads\\\/2024\\\/09\\\/SJ115309-GRADBENIK-1.jpg\",\"datePublished\":\"2025-02-07T20:48:33+00:00\",\"dateModified\":\"2026-02-07T07:37:12+00:00\",\"description\":\"Edinstvena fla\u0161ka Sip&Snack blagovne znamke Stephen Joseph bo poskrbela, da va\u0161i mal\u010dki ne bodo nikoli la\u010dni ali \u017eejni na sprehodu, potovanju ali drugi aktivnosti.\",\"breadcrumb\":{\"@id\":\"https:\\\/\\\/ajatutaja.com\\\/izdelek\\\/sip-snack-flaska-stephen-joseph\\\/#breadcrumb\"},\"inLanguage\":\"hr\",\"potentialAction\":[{\"@type\":\"ReadAction\",\"target\":[\"https:\\\/\\\/ajatutaja.com\\\/izdelek\\\/sip-snack-flaska-stephen-joseph\\\/\"]}]},{\"@type\":\"ImageObject\",\"inLanguage\":\"hr\",\"@id\":\"https:\\\/\\\/ajatutaja.com\\\/izdelek\\\/sip-snack-flaska-stephen-joseph\\\/#primaryimage\",\"url\":\"https:\\\/\\\/ajatutaja.com\\\/wp-content\\\/uploads\\\/2024\\\/09\\\/SJ115309-GRADBENIK-1.jpg\",\"contentUrl\":\"https:\\\/\\\/ajatutaja.com\\\/wp-content\\\/uploads\\\/2024\\\/09\\\/SJ115309-GRADBENIK-1.jpg\",\"width\":800,\"height\":800},{\"@type\":\"BreadcrumbList\",\"@id\":\"https:\\\/\\\/ajatutaja.com\\\/izdelek\\\/sip-snack-flaska-stephen-joseph\\\/#breadcrumb\",\"itemListElement\":[{\"@type\":\"ListItem\",\"position\":1,\"name\":\"Home\",\"item\":\"https:\\\/\\\/ajatutaja.com\\\/hr\\\/\"},{\"@type\":\"ListItem\",\"position\":2,\"name\":\"Trgovina\",\"item\":\"https:\\\/\\\/ajatutaja.com\\\/hr\\\/trgovina\\\/\"},{\"@type\":\"ListItem\",\"position\":3,\"name\":\"Sip&amp;Snack fla\u0161ka Stephen Joseph &#8211; Gradbenik\"}]},{\"@type\":\"WebSite\",\"@id\":\"https:\\\/\\\/ajatutaja.com\\\/#website\",\"url\":\"https:\\\/\\\/ajatutaja.com\\\/\",\"name\":\"Ajatutaja\",\"description\":\"Otro\u0161ka spletna trgovina AJATUTAJA\",\"publisher\":{\"@id\":\"https:\\\/\\\/ajatutaja.com\\\/#organization\"},\"potentialAction\":[{\"@type\":\"SearchAction\",\"target\":{\"@type\":\"EntryPoint\",\"urlTemplate\":\"https:\\\/\\\/ajatutaja.com\\\/?s={search_term_string}\"},\"query-input\":{\"@type\":\"PropertyValueSpecification\",\"valueRequired\":true,\"valueName\":\"search_term_string\"}}],\"inLanguage\":\"hr\"},{\"@type\":\"Organization\",\"@id\":\"https:\\\/\\\/ajatutaja.com\\\/#organization\",\"name\":\"Ajatutaja\",\"url\":\"https:\\\/\\\/ajatutaja.com\\\/\",\"logo\":{\"@type\":\"ImageObject\",\"inLanguage\":\"hr\",\"@id\":\"https:\\\/\\\/ajatutaja.com\\\/#\\\/schema\\\/logo\\\/image\\\/\",\"url\":\"https:\\\/\\\/ajatutaja.com\\\/wp-content\\\/uploads\\\/2021\\\/10\\\/logo.png\",\"contentUrl\":\"https:\\\/\\\/ajatutaja.com\\\/wp-content\\\/uploads\\\/2021\\\/10\\\/logo.png\",\"width\":555,\"height\":150,\"caption\":\"Ajatutaja\"},\"image\":{\"@id\":\"https:\\\/\\\/ajatutaja.com\\\/#\\\/schema\\\/logo\\\/image\\\/\"}}]}<\/script>\n<!-- \/ Yoast SEO plugin. -->","yoast_head_json":{"title":"Sip&amp;Snack fla\u0161ka Stephen Joseph - Gradbenik | Ajatutaja","description":"Edinstvena fla\u0161ka Sip&Snack blagovne znamke Stephen Joseph bo poskrbela, da va\u0161i mal\u010dki ne bodo nikoli la\u010dni ali \u017eejni na sprehodu, potovanju ali drugi aktivnosti.","robots":{"index":"index","follow":"follow","max-snippet":"max-snippet:-1","max-image-preview":"max-image-preview:large","max-video-preview":"max-video-preview:-1"},"canonical":"https:\/\/ajatutaja.com\/izdelek\/sip-snack-flaska-stephen-joseph\/","og_locale":"hr_HR","og_type":"article","og_title":"Sip&amp;Snack fla\u0161ka Stephen Joseph - Gradbenik | Ajatutaja","og_description":"Edinstvena fla\u0161ka Sip&Snack blagovne znamke Stephen Joseph bo poskrbela, da va\u0161i mal\u010dki ne bodo nikoli la\u010dni ali \u017eejni na sprehodu, potovanju ali drugi aktivnosti.","og_url":"https:\/\/ajatutaja.com\/izdelek\/sip-snack-flaska-stephen-joseph\/","og_site_name":"Ajatutaja","article_modified_time":"2026-02-07T07:37:12+00:00","og_image":[{"width":800,"height":800,"url":"https:\/\/ajatutaja.com\/wp-content\/uploads\/2024\/09\/SJ115309-GRADBENIK-1.jpg","type":"image\/jpeg"}],"twitter_card":"summary_large_image","twitter_misc":{"Procijenjeno vrijeme \u010ditanja":"1 minuta"},"schema":{"@context":"https:\/\/schema.org","@graph":[{"@type":"WebPage","@id":"https:\/\/ajatutaja.com\/izdelek\/sip-snack-flaska-stephen-joseph\/","url":"https:\/\/ajatutaja.com\/izdelek\/sip-snack-flaska-stephen-joseph\/","name":"Sip&amp;Snack fla\u0161ka Stephen Joseph - Gradbenik | Ajatutaja","isPartOf":{"@id":"https:\/\/ajatutaja.com\/#website"},"primaryImageOfPage":{"@id":"https:\/\/ajatutaja.com\/izdelek\/sip-snack-flaska-stephen-joseph\/#primaryimage"},"image":{"@id":"https:\/\/ajatutaja.com\/izdelek\/sip-snack-flaska-stephen-joseph\/#primaryimage"},"thumbnailUrl":"https:\/\/ajatutaja.com\/wp-content\/uploads\/2024\/09\/SJ115309-GRADBENIK-1.jpg","datePublished":"2025-02-07T20:48:33+00:00","dateModified":"2026-02-07T07:37:12+00:00","description":"Edinstvena fla\u0161ka Sip&Snack blagovne znamke Stephen Joseph bo poskrbela, da va\u0161i mal\u010dki ne bodo nikoli la\u010dni ali \u017eejni na sprehodu, potovanju ali drugi aktivnosti.","breadcrumb":{"@id":"https:\/\/ajatutaja.com\/izdelek\/sip-snack-flaska-stephen-joseph\/#breadcrumb"},"inLanguage":"hr","potentialAction":[{"@type":"ReadAction","target":["https:\/\/ajatutaja.com\/izdelek\/sip-snack-flaska-stephen-joseph\/"]}]},{"@type":"ImageObject","inLanguage":"hr","@id":"https:\/\/ajatutaja.com\/izdelek\/sip-snack-flaska-stephen-joseph\/#primaryimage","url":"https:\/\/ajatutaja.com\/wp-content\/uploads\/2024\/09\/SJ115309-GRADBENIK-1.jpg","contentUrl":"https:\/\/ajatutaja.com\/wp-content\/uploads\/2024\/09\/SJ115309-GRADBENIK-1.jpg","width":800,"height":800},{"@type":"BreadcrumbList","@id":"https:\/\/ajatutaja.com\/izdelek\/sip-snack-flaska-stephen-joseph\/#breadcrumb","itemListElement":[{"@type":"ListItem","position":1,"name":"Home","item":"https:\/\/ajatutaja.com\/hr\/"},{"@type":"ListItem","position":2,"name":"Trgovina","item":"https:\/\/ajatutaja.com\/hr\/trgovina\/"},{"@type":"ListItem","position":3,"name":"Sip&amp;Snack fla\u0161ka Stephen Joseph &#8211; Gradbenik"}]},{"@type":"WebSite","@id":"https:\/\/ajatutaja.com\/#website","url":"https:\/\/ajatutaja.com\/","name":"Ajatutaja","description":"Otro\u0161ka spletna trgovina AJATUTAJA","publisher":{"@id":"https:\/\/ajatutaja.com\/#organization"},"potentialAction":[{"@type":"SearchAction","target":{"@type":"EntryPoint","urlTemplate":"https:\/\/ajatutaja.com\/?s={search_term_string}"},"query-input":{"@type":"PropertyValueSpecification","valueRequired":true,"valueName":"search_term_string"}}],"inLanguage":"hr"},{"@type":"Organization","@id":"https:\/\/ajatutaja.com\/#organization","name":"Ajatutaja","url":"https:\/\/ajatutaja.com\/","logo":{"@type":"ImageObject","inLanguage":"hr","@id":"https:\/\/ajatutaja.com\/#\/schema\/logo\/image\/","url":"https:\/\/ajatutaja.com\/wp-content\/uploads\/2021\/10\/logo.png","contentUrl":"https:\/\/ajatutaja.com\/wp-content\/uploads\/2021\/10\/logo.png","width":555,"height":150,"caption":"Ajatutaja"},"image":{"@id":"https:\/\/ajatutaja.com\/#\/schema\/logo\/image\/"}}]}},"brands":[{"id":2269,"name":"Hranjenje","slug":"hranjenje"},{"id":4076,"name":"Stephen Joseph","slug":"stephen-joseph-hranjenje"}],"_links":{"self":[{"href":"https:\/\/ajatutaja.com\/hr\/wp-json\/wp\/v2\/product\/26535","targetHints":{"allow":["GET"]}}],"collection":[{"href":"https:\/\/ajatutaja.com\/hr\/wp-json\/wp\/v2\/product"}],"about":[{"href":"https:\/\/ajatutaja.com\/hr\/wp-json\/wp\/v2\/types\/product"}],"wp:featuredmedia":[{"embeddable":true,"href":"https:\/\/ajatutaja.com\/hr\/wp-json\/wp\/v2\/media\/85381"}],"wp:attachment":[{"href":"https:\/\/ajatutaja.com\/hr\/wp-json\/wp\/v2\/media?parent=26535"}],"wp:term":[{"taxonomy":"pwb-brand","embeddable":true,"href":"https:\/\/ajatutaja.com\/hr\/wp-json\/wp\/v2\/pwb-brand?post=26535"},{"taxonomy":"product_brand","embeddable":true,"href":"https:\/\/ajatutaja.com\/hr\/wp-json\/wp\/v2\/product_brand?post=26535"},{"taxonomy":"product_cat","embeddable":true,"href":"https:\/\/ajatutaja.com\/hr\/wp-json\/wp\/v2\/product_cat?post=26535"},{"taxonomy":"product_tag","embeddable":true,"href":"https:\/\/ajatutaja.com\/hr\/wp-json\/wp\/v2\/product_tag?post=26535"}],"curies":[{"name":"wp","href":"https:\/\/api.w.org\/{rel}","templated":true}]}}