{"id":25959,"date":"2025-01-04T16:09:28","date_gmt":"2025-01-04T15:09:28","guid":{"rendered":"https:\/\/ajatutaja.com\/?post_type=product&#038;p=25959"},"modified":"2026-01-28T21:17:19","modified_gmt":"2026-01-28T20:17:19","slug":"baby-nova-flaska-pp-240-ml","status":"publish","type":"product","link":"https:\/\/ajatutaja.com\/hr\/proizvod\/baby-nova-flaska-pp-240-ml\/","title":{"rendered":"Baby Nova PP fla\u0161ka ozko grlo 240 ml"},"content":{"rendered":"<p>[vc_row][vc_column][vc_column_text]Baby Nova fla\u0161ka ne vsebuje vsebuje BPA (Bisfenola-A) in ustrezajo Evropskemu standardu EN 14350. Proizvedeno v EU!<\/p>\n<p>Na voljo so stekleni\u010dne z razli\u010dnimi motivi. PP stekleni\u010dke so namenjene dojen\u010dkom in mal\u010dkom od 0 do 24 mesecev starosti. Imajo prilo\u017een okrogel silikonski cucelj z vgrajenim \u00bbanti-colic ventil\u010dkom\u00ab, ki zmanj\u0161uje tlak v stekelni\u010dki in tako vnos zraka. Velikost cuclja M, za mleko.<\/p>\n<p><em>BABY NOVA cuclje uporabljajo tudi v Porodni\u0161nici Ljubljana in na Pediatri\u010dni kliniki v Ljubljani.<\/em><\/p>\n<p><span style=\"color: #ff9900\"><em>Izdelki Baby Nova so na voljo tudi v na\u0161i trgovini Ajatutaja Koper.<\/em><\/span><\/p>\n<p style=\"text-align: justify\">Steklenice so odporne na kuhanje in \u010di\u0161\u010denje v pomivalnem stroju. Steklenice so zelo vzdr\u017eljive in ne absorbirajo vonja ali made\u017eev \u010daja\/mleka\/soka, seveda ob pravilnem vzdr\u017eevanju!<\/p>\n<p><span style=\"color: #999999\"><em><strong>O blagovni znamki BABY-NOVA<\/strong><\/em><\/span><\/p>\n<p style=\"text-align: justify\"><span style=\"color: #999999\"><em>Za izdelki BABY-NOVA stoji nem\u0161ko dru\u017einsko podjetje Novatex GmbH, ki v sodelovanju z zobozdravniki, ortodonti, znanstveniki in star\u0161i \u017ee ve\u010d kot 25 let raziskuje in razvija inovativne re\u0161itve za otro\u0161ko nego in hranjenje. V lasti imajo tovarno v mestu Langenstein v Nem\u010diji.<\/em><\/span><\/p>\n<p style=\"text-align: justify\"><span style=\"color: #999999\"><em>\u0160tevilni izdelki BABY-NOVA so prejemniki ocene \u201codli\u010dno\u201d (Sehr gut), ki jo podeljuje nem\u0161ka revija za potro\u0161nike <span lang=\"SL\"><span lang=\"SL\">\u00d6<\/span>KO<\/span> TEST, duda BABY-NOVA Dentistar pa je prva duda na svetu nagrajena s nazivom \u201czobom prijazna\u201d (Toothfriendly).<\/em><\/span><\/p>\n<p>[\/vc_column_text][\/vc_column][\/vc_row]<\/p>\n","protected":false},"excerpt":{"rendered":"<p>Baby Nova PP stekleni\u010dka 240ml iz polipropilena z mehkim silikonskim cucljem (M pretok za mleko), je namenjena dojen\u010dkom in mal\u010dkom od 0 do 24 mesecev starosti.<\/p>\n<p>3 barve na voljo!<\/p>\n","protected":false},"featured_media":84051,"template":"","meta":[],"pwb-brand":[2325,2269],"product_brand":[],"product_cat":[2307,2266],"product_tag":[3976],"class_list":{"0":"post-25959","1":"product","2":"type-product","3":"status-publish","4":"has-post-thumbnail","6":"pwb-brand-baby-nova-hranjenje","7":"pwb-brand-hranjenje","8":"product_cat-flaske-in-steklenicke","9":"product_cat-hranjenje","10":"product_tag-baby-nova","12":"first","13":"instock","14":"taxable","15":"shipping-taxable","16":"purchasable","17":"product-type-variable","18":"add-to-wishlist-before_image"},"yoast_head":"<!-- This site is optimized with the Yoast SEO plugin v27.3 - https:\/\/yoast.com\/product\/yoast-seo-wordpress\/ -->\n<title>Baby Nova PP fla\u0161ka ozko grlo 240 ml | Ajatutaja<\/title>\n<meta name=\"description\" content=\"Baby Nova PP stekleni\u010dka 240ml iz polipropilena z mehkim silikonskim cucljem (M pretok za mleko), je namenjena dojen\u010dkom in mal\u010dkom od 0 do 24 mesecev starosti.\" \/>\n<meta name=\"robots\" content=\"index, follow, max-snippet:-1, max-image-preview:large, max-video-preview:-1\" \/>\n<link rel=\"canonical\" href=\"https:\/\/ajatutaja.com\/izdelek\/baby-nova-flaska-pp-240-ml\/\" \/>\n<meta property=\"og:locale\" content=\"hr_HR\" \/>\n<meta property=\"og:type\" content=\"article\" \/>\n<meta property=\"og:title\" content=\"Baby Nova PP fla\u0161ka ozko grlo 240 ml | Ajatutaja\" \/>\n<meta property=\"og:description\" content=\"Baby Nova PP stekleni\u010dka 240ml iz polipropilena z mehkim silikonskim cucljem (M pretok za mleko), je namenjena dojen\u010dkom in mal\u010dkom od 0 do 24 mesecev starosti.\" \/>\n<meta property=\"og:url\" content=\"https:\/\/ajatutaja.com\/izdelek\/baby-nova-flaska-pp-240-ml\/\" \/>\n<meta property=\"og:site_name\" content=\"Ajatutaja\" \/>\n<meta property=\"article:modified_time\" content=\"2026-01-28T20:17:19+00:00\" \/>\n<meta name=\"twitter:card\" content=\"summary_large_image\" \/>\n<meta name=\"twitter:label1\" content=\"Procijenjeno vrijeme \u010ditanja\" \/>\n\t<meta name=\"twitter:data1\" content=\"1 minuta\" \/>\n<script type=\"application\/ld+json\" class=\"yoast-schema-graph\">{\"@context\":\"https:\\\/\\\/schema.org\",\"@graph\":[{\"@type\":\"WebPage\",\"@id\":\"https:\\\/\\\/ajatutaja.com\\\/izdelek\\\/baby-nova-flaska-pp-240-ml\\\/\",\"url\":\"https:\\\/\\\/ajatutaja.com\\\/izdelek\\\/baby-nova-flaska-pp-240-ml\\\/\",\"name\":\"Baby Nova PP fla\u0161ka ozko grlo 240 ml | Ajatutaja\",\"isPartOf\":{\"@id\":\"https:\\\/\\\/ajatutaja.com\\\/#website\"},\"primaryImageOfPage\":{\"@id\":\"https:\\\/\\\/ajatutaja.com\\\/izdelek\\\/baby-nova-flaska-pp-240-ml\\\/#primaryimage\"},\"image\":{\"@id\":\"https:\\\/\\\/ajatutaja.com\\\/izdelek\\\/baby-nova-flaska-pp-240-ml\\\/#primaryimage\"},\"thumbnailUrl\":\"https:\\\/\\\/ajatutaja.com\\\/wp-content\\\/uploads\\\/2025\\\/01\\\/Baby-nova-pp-steklenicka-240-ml-ajatutaja-slon-scaled.avif\",\"datePublished\":\"2025-01-04T15:09:28+00:00\",\"dateModified\":\"2026-01-28T20:17:19+00:00\",\"description\":\"Baby Nova PP stekleni\u010dka 240ml iz polipropilena z mehkim silikonskim cucljem (M pretok za mleko), je namenjena dojen\u010dkom in mal\u010dkom od 0 do 24 mesecev starosti.\",\"breadcrumb\":{\"@id\":\"https:\\\/\\\/ajatutaja.com\\\/izdelek\\\/baby-nova-flaska-pp-240-ml\\\/#breadcrumb\"},\"inLanguage\":\"hr\",\"potentialAction\":[{\"@type\":\"ReadAction\",\"target\":[\"https:\\\/\\\/ajatutaja.com\\\/izdelek\\\/baby-nova-flaska-pp-240-ml\\\/\"]}]},{\"@type\":\"ImageObject\",\"inLanguage\":\"hr\",\"@id\":\"https:\\\/\\\/ajatutaja.com\\\/izdelek\\\/baby-nova-flaska-pp-240-ml\\\/#primaryimage\",\"url\":\"https:\\\/\\\/ajatutaja.com\\\/wp-content\\\/uploads\\\/2025\\\/01\\\/Baby-nova-pp-steklenicka-240-ml-ajatutaja-slon-scaled.avif\",\"contentUrl\":\"https:\\\/\\\/ajatutaja.com\\\/wp-content\\\/uploads\\\/2025\\\/01\\\/Baby-nova-pp-steklenicka-240-ml-ajatutaja-slon-scaled.avif\",\"width\":2560,\"height\":2560},{\"@type\":\"BreadcrumbList\",\"@id\":\"https:\\\/\\\/ajatutaja.com\\\/izdelek\\\/baby-nova-flaska-pp-240-ml\\\/#breadcrumb\",\"itemListElement\":[{\"@type\":\"ListItem\",\"position\":1,\"name\":\"Home\",\"item\":\"https:\\\/\\\/ajatutaja.com\\\/hr\\\/\"},{\"@type\":\"ListItem\",\"position\":2,\"name\":\"Trgovina\",\"item\":\"https:\\\/\\\/ajatutaja.com\\\/hr\\\/trgovina\\\/\"},{\"@type\":\"ListItem\",\"position\":3,\"name\":\"Baby Nova PP fla\u0161ka ozko grlo 240 ml\"}]},{\"@type\":\"WebSite\",\"@id\":\"https:\\\/\\\/ajatutaja.com\\\/#website\",\"url\":\"https:\\\/\\\/ajatutaja.com\\\/\",\"name\":\"Ajatutaja\",\"description\":\"Otro\u0161ka spletna trgovina AJATUTAJA\",\"publisher\":{\"@id\":\"https:\\\/\\\/ajatutaja.com\\\/#organization\"},\"potentialAction\":[{\"@type\":\"SearchAction\",\"target\":{\"@type\":\"EntryPoint\",\"urlTemplate\":\"https:\\\/\\\/ajatutaja.com\\\/?s={search_term_string}\"},\"query-input\":{\"@type\":\"PropertyValueSpecification\",\"valueRequired\":true,\"valueName\":\"search_term_string\"}}],\"inLanguage\":\"hr\"},{\"@type\":\"Organization\",\"@id\":\"https:\\\/\\\/ajatutaja.com\\\/#organization\",\"name\":\"Ajatutaja\",\"url\":\"https:\\\/\\\/ajatutaja.com\\\/\",\"logo\":{\"@type\":\"ImageObject\",\"inLanguage\":\"hr\",\"@id\":\"https:\\\/\\\/ajatutaja.com\\\/#\\\/schema\\\/logo\\\/image\\\/\",\"url\":\"https:\\\/\\\/ajatutaja.com\\\/wp-content\\\/uploads\\\/2021\\\/10\\\/logo.png\",\"contentUrl\":\"https:\\\/\\\/ajatutaja.com\\\/wp-content\\\/uploads\\\/2021\\\/10\\\/logo.png\",\"width\":555,\"height\":150,\"caption\":\"Ajatutaja\"},\"image\":{\"@id\":\"https:\\\/\\\/ajatutaja.com\\\/#\\\/schema\\\/logo\\\/image\\\/\"}}]}<\/script>\n<!-- \/ Yoast SEO plugin. -->","yoast_head_json":{"title":"Baby Nova PP fla\u0161ka ozko grlo 240 ml | Ajatutaja","description":"Baby Nova PP stekleni\u010dka 240ml iz polipropilena z mehkim silikonskim cucljem (M pretok za mleko), je namenjena dojen\u010dkom in mal\u010dkom od 0 do 24 mesecev starosti.","robots":{"index":"index","follow":"follow","max-snippet":"max-snippet:-1","max-image-preview":"max-image-preview:large","max-video-preview":"max-video-preview:-1"},"canonical":"https:\/\/ajatutaja.com\/izdelek\/baby-nova-flaska-pp-240-ml\/","og_locale":"hr_HR","og_type":"article","og_title":"Baby Nova PP fla\u0161ka ozko grlo 240 ml | Ajatutaja","og_description":"Baby Nova PP stekleni\u010dka 240ml iz polipropilena z mehkim silikonskim cucljem (M pretok za mleko), je namenjena dojen\u010dkom in mal\u010dkom od 0 do 24 mesecev starosti.","og_url":"https:\/\/ajatutaja.com\/izdelek\/baby-nova-flaska-pp-240-ml\/","og_site_name":"Ajatutaja","article_modified_time":"2026-01-28T20:17:19+00:00","twitter_card":"summary_large_image","twitter_misc":{"Procijenjeno vrijeme \u010ditanja":"1 minuta"},"schema":{"@context":"https:\/\/schema.org","@graph":[{"@type":"WebPage","@id":"https:\/\/ajatutaja.com\/izdelek\/baby-nova-flaska-pp-240-ml\/","url":"https:\/\/ajatutaja.com\/izdelek\/baby-nova-flaska-pp-240-ml\/","name":"Baby Nova PP fla\u0161ka ozko grlo 240 ml | Ajatutaja","isPartOf":{"@id":"https:\/\/ajatutaja.com\/#website"},"primaryImageOfPage":{"@id":"https:\/\/ajatutaja.com\/izdelek\/baby-nova-flaska-pp-240-ml\/#primaryimage"},"image":{"@id":"https:\/\/ajatutaja.com\/izdelek\/baby-nova-flaska-pp-240-ml\/#primaryimage"},"thumbnailUrl":"https:\/\/ajatutaja.com\/wp-content\/uploads\/2025\/01\/Baby-nova-pp-steklenicka-240-ml-ajatutaja-slon-scaled.avif","datePublished":"2025-01-04T15:09:28+00:00","dateModified":"2026-01-28T20:17:19+00:00","description":"Baby Nova PP stekleni\u010dka 240ml iz polipropilena z mehkim silikonskim cucljem (M pretok za mleko), je namenjena dojen\u010dkom in mal\u010dkom od 0 do 24 mesecev starosti.","breadcrumb":{"@id":"https:\/\/ajatutaja.com\/izdelek\/baby-nova-flaska-pp-240-ml\/#breadcrumb"},"inLanguage":"hr","potentialAction":[{"@type":"ReadAction","target":["https:\/\/ajatutaja.com\/izdelek\/baby-nova-flaska-pp-240-ml\/"]}]},{"@type":"ImageObject","inLanguage":"hr","@id":"https:\/\/ajatutaja.com\/izdelek\/baby-nova-flaska-pp-240-ml\/#primaryimage","url":"https:\/\/ajatutaja.com\/wp-content\/uploads\/2025\/01\/Baby-nova-pp-steklenicka-240-ml-ajatutaja-slon-scaled.avif","contentUrl":"https:\/\/ajatutaja.com\/wp-content\/uploads\/2025\/01\/Baby-nova-pp-steklenicka-240-ml-ajatutaja-slon-scaled.avif","width":2560,"height":2560},{"@type":"BreadcrumbList","@id":"https:\/\/ajatutaja.com\/izdelek\/baby-nova-flaska-pp-240-ml\/#breadcrumb","itemListElement":[{"@type":"ListItem","position":1,"name":"Home","item":"https:\/\/ajatutaja.com\/hr\/"},{"@type":"ListItem","position":2,"name":"Trgovina","item":"https:\/\/ajatutaja.com\/hr\/trgovina\/"},{"@type":"ListItem","position":3,"name":"Baby Nova PP fla\u0161ka ozko grlo 240 ml"}]},{"@type":"WebSite","@id":"https:\/\/ajatutaja.com\/#website","url":"https:\/\/ajatutaja.com\/","name":"Ajatutaja","description":"Otro\u0161ka spletna trgovina AJATUTAJA","publisher":{"@id":"https:\/\/ajatutaja.com\/#organization"},"potentialAction":[{"@type":"SearchAction","target":{"@type":"EntryPoint","urlTemplate":"https:\/\/ajatutaja.com\/?s={search_term_string}"},"query-input":{"@type":"PropertyValueSpecification","valueRequired":true,"valueName":"search_term_string"}}],"inLanguage":"hr"},{"@type":"Organization","@id":"https:\/\/ajatutaja.com\/#organization","name":"Ajatutaja","url":"https:\/\/ajatutaja.com\/","logo":{"@type":"ImageObject","inLanguage":"hr","@id":"https:\/\/ajatutaja.com\/#\/schema\/logo\/image\/","url":"https:\/\/ajatutaja.com\/wp-content\/uploads\/2021\/10\/logo.png","contentUrl":"https:\/\/ajatutaja.com\/wp-content\/uploads\/2021\/10\/logo.png","width":555,"height":150,"caption":"Ajatutaja"},"image":{"@id":"https:\/\/ajatutaja.com\/#\/schema\/logo\/image\/"}}]}},"brands":[{"id":2325,"name":"Baby Nova","slug":"baby-nova-hranjenje"},{"id":2269,"name":"Hranjenje","slug":"hranjenje"}],"_links":{"self":[{"href":"https:\/\/ajatutaja.com\/hr\/wp-json\/wp\/v2\/product\/25959","targetHints":{"allow":["GET"]}}],"collection":[{"href":"https:\/\/ajatutaja.com\/hr\/wp-json\/wp\/v2\/product"}],"about":[{"href":"https:\/\/ajatutaja.com\/hr\/wp-json\/wp\/v2\/types\/product"}],"wp:featuredmedia":[{"embeddable":true,"href":"https:\/\/ajatutaja.com\/hr\/wp-json\/wp\/v2\/media\/84051"}],"wp:attachment":[{"href":"https:\/\/ajatutaja.com\/hr\/wp-json\/wp\/v2\/media?parent=25959"}],"wp:term":[{"taxonomy":"pwb-brand","embeddable":true,"href":"https:\/\/ajatutaja.com\/hr\/wp-json\/wp\/v2\/pwb-brand?post=25959"},{"taxonomy":"product_brand","embeddable":true,"href":"https:\/\/ajatutaja.com\/hr\/wp-json\/wp\/v2\/product_brand?post=25959"},{"taxonomy":"product_cat","embeddable":true,"href":"https:\/\/ajatutaja.com\/hr\/wp-json\/wp\/v2\/product_cat?post=25959"},{"taxonomy":"product_tag","embeddable":true,"href":"https:\/\/ajatutaja.com\/hr\/wp-json\/wp\/v2\/product_tag?post=25959"}],"curies":[{"name":"wp","href":"https:\/\/api.w.org\/{rel}","templated":true}]}}