{"id":25897,"date":"2024-08-31T21:03:31","date_gmt":"2024-08-31T19:03:31","guid":{"rendered":"https:\/\/ajatutaja.com\/?post_type=product&#038;p=25897"},"modified":"2025-08-22T07:32:44","modified_gmt":"2025-08-22T05:32:44","slug":"muff-rokavice-za-vozicek-elodie-pure-khaki","status":"publish","type":"product","link":"https:\/\/ajatutaja.com\/hr\/proizvod\/muff-rokavice-za-vozicek-elodie-pure-khaki\/","title":{"rendered":"Elodie Muff rokavice za vozi\u010dek &#8211; Pure Khaki"},"content":{"rendered":"<p>[vc_row][vc_column][vc_column_text]<\/p>\n<p style=\"text-align: justify\">Tople in modne rokavice za vozi\u010dek \u0161vedskega proizvajalca Elodie Details so univerzale velikosti in se prilegajo ve\u010dini vozi\u010dkov. Enostavno se pritrdijo z je\u017ekom na ro\u010daje vozi\u010dka in so izjemno prakti\u010dne za uporabo, saj samo potegnete roke iz njih in jih enostavno vtaknete nazaj. Odporne na vse vremenske razmere, model pa je unisex in ga bodo lahko uporabljali tudi o\u010detje in babice. Zimski sprehodi z vozi\u010dkom, pa bodo tako postali \u0161e prijetnjej\u0161i.<\/p>\n<div class=\"std\">\n<p><strong>Lastnosti:<\/strong><\/p>\n<ul>\n<li>Velikost: univerzalna<\/li>\n<li>Material: 100% poliester<\/li>\n<li>Vzdr\u017eevanje: primerno za pranje v pralnem stroju pri najve\u010d 40\u00b0C.<\/li>\n<\/ul>\n<\/div>\n<p>[\/vc_column_text][\/vc_column][\/vc_row]<\/p>\n","protected":false},"excerpt":{"rendered":"<p style=\"text-align: justify\">Muff &#8211; rokavice za vozi\u010dek so nepogre\u0161ljive sopotnice vsake mamice ob zimskih sprehodih. Enostavno jih namestimo na katerikoli otro\u0161ki vozi\u010dek. Roke pa bodo prijetno tople, kljub vetru in mrazu.<\/p>\n","protected":false},"featured_media":25898,"template":"","meta":[],"pwb-brand":[2412,2409],"product_brand":[],"product_cat":[2710,2360,2372],"product_tag":[4154,4162,4400],"class_list":{"0":"post-25897","1":"product","2":"type-product","3":"status-publish","4":"has-post-thumbnail","6":"pwb-brand-elodie-potepanje","7":"pwb-brand-potepanje","8":"product_cat-babyshower-darila","9":"product_cat-vozicki","10":"product_cat-zimske-vrece-za-vozicek","11":"product_tag-elodie","12":"product_tag-elodie-zimska-vreca","13":"product_tag-muff-za-vozicek","15":"first","16":"instock","17":"taxable","18":"shipping-taxable","19":"purchasable","20":"product-type-simple","21":"add-to-wishlist-before_image"},"yoast_head":"<!-- This site is optimized with the Yoast SEO plugin v27.3 - https:\/\/yoast.com\/product\/yoast-seo-wordpress\/ -->\n<title>Elodie Muff rokavice za vozi\u010dek - Pure Khaki | Ajatutaja<\/title>\n<meta name=\"description\" content=\"Tople in modne rokavice za vozi\u010dek \u0161vedskega proizvajalca Elodie Details so univerzale velikosti in se prilegajo ve\u010dini vozi\u010dkov. Muff se enostvno pritrdi.\" \/>\n<meta name=\"robots\" content=\"index, follow, max-snippet:-1, max-image-preview:large, max-video-preview:-1\" \/>\n<link rel=\"canonical\" href=\"https:\/\/ajatutaja.com\/izdelek\/muff-rokavice-za-vozicek-elodie-pure-khaki\/\" \/>\n<meta property=\"og:locale\" content=\"hr_HR\" \/>\n<meta property=\"og:type\" content=\"article\" \/>\n<meta property=\"og:title\" content=\"Elodie Muff rokavice za vozi\u010dek - Pure Khaki | Ajatutaja\" \/>\n<meta property=\"og:description\" content=\"Tople in modne rokavice za vozi\u010dek \u0161vedskega proizvajalca Elodie Details so univerzale velikosti in se prilegajo ve\u010dini vozi\u010dkov. Muff se enostvno pritrdi.\" \/>\n<meta property=\"og:url\" content=\"https:\/\/ajatutaja.com\/izdelek\/muff-rokavice-za-vozicek-elodie-pure-khaki\/\" \/>\n<meta property=\"og:site_name\" content=\"Ajatutaja\" \/>\n<meta property=\"article:modified_time\" content=\"2025-08-22T05:32:44+00:00\" \/>\n<meta property=\"og:image\" content=\"https:\/\/ajatutaja.com\/wp-content\/uploads\/2022\/01\/elodie-rokavice-za-vozicek-pure-khaki-ajatutaja.jpg\" \/>\n\t<meta property=\"og:image:width\" content=\"650\" \/>\n\t<meta property=\"og:image:height\" content=\"650\" \/>\n\t<meta property=\"og:image:type\" content=\"image\/jpeg\" \/>\n<meta name=\"twitter:card\" content=\"summary_large_image\" \/>\n<meta name=\"twitter:label1\" content=\"Procijenjeno vrijeme \u010ditanja\" \/>\n\t<meta name=\"twitter:data1\" content=\"1 minuta\" \/>\n<script type=\"application\/ld+json\" class=\"yoast-schema-graph\">{\"@context\":\"https:\\\/\\\/schema.org\",\"@graph\":[{\"@type\":\"WebPage\",\"@id\":\"https:\\\/\\\/ajatutaja.com\\\/izdelek\\\/muff-rokavice-za-vozicek-elodie-pure-khaki\\\/\",\"url\":\"https:\\\/\\\/ajatutaja.com\\\/izdelek\\\/muff-rokavice-za-vozicek-elodie-pure-khaki\\\/\",\"name\":\"Elodie Muff rokavice za vozi\u010dek - Pure Khaki | Ajatutaja\",\"isPartOf\":{\"@id\":\"https:\\\/\\\/ajatutaja.com\\\/#website\"},\"primaryImageOfPage\":{\"@id\":\"https:\\\/\\\/ajatutaja.com\\\/izdelek\\\/muff-rokavice-za-vozicek-elodie-pure-khaki\\\/#primaryimage\"},\"image\":{\"@id\":\"https:\\\/\\\/ajatutaja.com\\\/izdelek\\\/muff-rokavice-za-vozicek-elodie-pure-khaki\\\/#primaryimage\"},\"thumbnailUrl\":\"https:\\\/\\\/ajatutaja.com\\\/wp-content\\\/uploads\\\/2022\\\/01\\\/elodie-rokavice-za-vozicek-pure-khaki-ajatutaja.jpg\",\"datePublished\":\"2024-08-31T19:03:31+00:00\",\"dateModified\":\"2025-08-22T05:32:44+00:00\",\"description\":\"Tople in modne rokavice za vozi\u010dek \u0161vedskega proizvajalca Elodie Details so univerzale velikosti in se prilegajo ve\u010dini vozi\u010dkov. Muff se enostvno pritrdi.\",\"breadcrumb\":{\"@id\":\"https:\\\/\\\/ajatutaja.com\\\/izdelek\\\/muff-rokavice-za-vozicek-elodie-pure-khaki\\\/#breadcrumb\"},\"inLanguage\":\"hr\",\"potentialAction\":[{\"@type\":\"ReadAction\",\"target\":[\"https:\\\/\\\/ajatutaja.com\\\/izdelek\\\/muff-rokavice-za-vozicek-elodie-pure-khaki\\\/\"]}]},{\"@type\":\"ImageObject\",\"inLanguage\":\"hr\",\"@id\":\"https:\\\/\\\/ajatutaja.com\\\/izdelek\\\/muff-rokavice-za-vozicek-elodie-pure-khaki\\\/#primaryimage\",\"url\":\"https:\\\/\\\/ajatutaja.com\\\/wp-content\\\/uploads\\\/2022\\\/01\\\/elodie-rokavice-za-vozicek-pure-khaki-ajatutaja.jpg\",\"contentUrl\":\"https:\\\/\\\/ajatutaja.com\\\/wp-content\\\/uploads\\\/2022\\\/01\\\/elodie-rokavice-za-vozicek-pure-khaki-ajatutaja.jpg\",\"width\":650,\"height\":650},{\"@type\":\"BreadcrumbList\",\"@id\":\"https:\\\/\\\/ajatutaja.com\\\/izdelek\\\/muff-rokavice-za-vozicek-elodie-pure-khaki\\\/#breadcrumb\",\"itemListElement\":[{\"@type\":\"ListItem\",\"position\":1,\"name\":\"Home\",\"item\":\"https:\\\/\\\/ajatutaja.com\\\/hr\\\/\"},{\"@type\":\"ListItem\",\"position\":2,\"name\":\"Trgovina\",\"item\":\"https:\\\/\\\/ajatutaja.com\\\/hr\\\/trgovina\\\/\"},{\"@type\":\"ListItem\",\"position\":3,\"name\":\"Elodie Muff rokavice za vozi\u010dek &#8211; Pure Khaki\"}]},{\"@type\":\"WebSite\",\"@id\":\"https:\\\/\\\/ajatutaja.com\\\/#website\",\"url\":\"https:\\\/\\\/ajatutaja.com\\\/\",\"name\":\"Ajatutaja\",\"description\":\"Otro\u0161ka spletna trgovina AJATUTAJA\",\"publisher\":{\"@id\":\"https:\\\/\\\/ajatutaja.com\\\/#organization\"},\"potentialAction\":[{\"@type\":\"SearchAction\",\"target\":{\"@type\":\"EntryPoint\",\"urlTemplate\":\"https:\\\/\\\/ajatutaja.com\\\/?s={search_term_string}\"},\"query-input\":{\"@type\":\"PropertyValueSpecification\",\"valueRequired\":true,\"valueName\":\"search_term_string\"}}],\"inLanguage\":\"hr\"},{\"@type\":\"Organization\",\"@id\":\"https:\\\/\\\/ajatutaja.com\\\/#organization\",\"name\":\"Ajatutaja\",\"url\":\"https:\\\/\\\/ajatutaja.com\\\/\",\"logo\":{\"@type\":\"ImageObject\",\"inLanguage\":\"hr\",\"@id\":\"https:\\\/\\\/ajatutaja.com\\\/#\\\/schema\\\/logo\\\/image\\\/\",\"url\":\"https:\\\/\\\/ajatutaja.com\\\/wp-content\\\/uploads\\\/2021\\\/10\\\/logo.png\",\"contentUrl\":\"https:\\\/\\\/ajatutaja.com\\\/wp-content\\\/uploads\\\/2021\\\/10\\\/logo.png\",\"width\":555,\"height\":150,\"caption\":\"Ajatutaja\"},\"image\":{\"@id\":\"https:\\\/\\\/ajatutaja.com\\\/#\\\/schema\\\/logo\\\/image\\\/\"}}]}<\/script>\n<!-- \/ Yoast SEO plugin. -->","yoast_head_json":{"title":"Elodie Muff rokavice za vozi\u010dek - Pure Khaki | Ajatutaja","description":"Tople in modne rokavice za vozi\u010dek \u0161vedskega proizvajalca Elodie Details so univerzale velikosti in se prilegajo ve\u010dini vozi\u010dkov. Muff se enostvno pritrdi.","robots":{"index":"index","follow":"follow","max-snippet":"max-snippet:-1","max-image-preview":"max-image-preview:large","max-video-preview":"max-video-preview:-1"},"canonical":"https:\/\/ajatutaja.com\/izdelek\/muff-rokavice-za-vozicek-elodie-pure-khaki\/","og_locale":"hr_HR","og_type":"article","og_title":"Elodie Muff rokavice za vozi\u010dek - Pure Khaki | Ajatutaja","og_description":"Tople in modne rokavice za vozi\u010dek \u0161vedskega proizvajalca Elodie Details so univerzale velikosti in se prilegajo ve\u010dini vozi\u010dkov. Muff se enostvno pritrdi.","og_url":"https:\/\/ajatutaja.com\/izdelek\/muff-rokavice-za-vozicek-elodie-pure-khaki\/","og_site_name":"Ajatutaja","article_modified_time":"2025-08-22T05:32:44+00:00","og_image":[{"width":650,"height":650,"url":"https:\/\/ajatutaja.com\/wp-content\/uploads\/2022\/01\/elodie-rokavice-za-vozicek-pure-khaki-ajatutaja.jpg","type":"image\/jpeg"}],"twitter_card":"summary_large_image","twitter_misc":{"Procijenjeno vrijeme \u010ditanja":"1 minuta"},"schema":{"@context":"https:\/\/schema.org","@graph":[{"@type":"WebPage","@id":"https:\/\/ajatutaja.com\/izdelek\/muff-rokavice-za-vozicek-elodie-pure-khaki\/","url":"https:\/\/ajatutaja.com\/izdelek\/muff-rokavice-za-vozicek-elodie-pure-khaki\/","name":"Elodie Muff rokavice za vozi\u010dek - Pure Khaki | Ajatutaja","isPartOf":{"@id":"https:\/\/ajatutaja.com\/#website"},"primaryImageOfPage":{"@id":"https:\/\/ajatutaja.com\/izdelek\/muff-rokavice-za-vozicek-elodie-pure-khaki\/#primaryimage"},"image":{"@id":"https:\/\/ajatutaja.com\/izdelek\/muff-rokavice-za-vozicek-elodie-pure-khaki\/#primaryimage"},"thumbnailUrl":"https:\/\/ajatutaja.com\/wp-content\/uploads\/2022\/01\/elodie-rokavice-za-vozicek-pure-khaki-ajatutaja.jpg","datePublished":"2024-08-31T19:03:31+00:00","dateModified":"2025-08-22T05:32:44+00:00","description":"Tople in modne rokavice za vozi\u010dek \u0161vedskega proizvajalca Elodie Details so univerzale velikosti in se prilegajo ve\u010dini vozi\u010dkov. Muff se enostvno pritrdi.","breadcrumb":{"@id":"https:\/\/ajatutaja.com\/izdelek\/muff-rokavice-za-vozicek-elodie-pure-khaki\/#breadcrumb"},"inLanguage":"hr","potentialAction":[{"@type":"ReadAction","target":["https:\/\/ajatutaja.com\/izdelek\/muff-rokavice-za-vozicek-elodie-pure-khaki\/"]}]},{"@type":"ImageObject","inLanguage":"hr","@id":"https:\/\/ajatutaja.com\/izdelek\/muff-rokavice-za-vozicek-elodie-pure-khaki\/#primaryimage","url":"https:\/\/ajatutaja.com\/wp-content\/uploads\/2022\/01\/elodie-rokavice-za-vozicek-pure-khaki-ajatutaja.jpg","contentUrl":"https:\/\/ajatutaja.com\/wp-content\/uploads\/2022\/01\/elodie-rokavice-za-vozicek-pure-khaki-ajatutaja.jpg","width":650,"height":650},{"@type":"BreadcrumbList","@id":"https:\/\/ajatutaja.com\/izdelek\/muff-rokavice-za-vozicek-elodie-pure-khaki\/#breadcrumb","itemListElement":[{"@type":"ListItem","position":1,"name":"Home","item":"https:\/\/ajatutaja.com\/hr\/"},{"@type":"ListItem","position":2,"name":"Trgovina","item":"https:\/\/ajatutaja.com\/hr\/trgovina\/"},{"@type":"ListItem","position":3,"name":"Elodie Muff rokavice za vozi\u010dek &#8211; Pure Khaki"}]},{"@type":"WebSite","@id":"https:\/\/ajatutaja.com\/#website","url":"https:\/\/ajatutaja.com\/","name":"Ajatutaja","description":"Otro\u0161ka spletna trgovina AJATUTAJA","publisher":{"@id":"https:\/\/ajatutaja.com\/#organization"},"potentialAction":[{"@type":"SearchAction","target":{"@type":"EntryPoint","urlTemplate":"https:\/\/ajatutaja.com\/?s={search_term_string}"},"query-input":{"@type":"PropertyValueSpecification","valueRequired":true,"valueName":"search_term_string"}}],"inLanguage":"hr"},{"@type":"Organization","@id":"https:\/\/ajatutaja.com\/#organization","name":"Ajatutaja","url":"https:\/\/ajatutaja.com\/","logo":{"@type":"ImageObject","inLanguage":"hr","@id":"https:\/\/ajatutaja.com\/#\/schema\/logo\/image\/","url":"https:\/\/ajatutaja.com\/wp-content\/uploads\/2021\/10\/logo.png","contentUrl":"https:\/\/ajatutaja.com\/wp-content\/uploads\/2021\/10\/logo.png","width":555,"height":150,"caption":"Ajatutaja"},"image":{"@id":"https:\/\/ajatutaja.com\/#\/schema\/logo\/image\/"}}]}},"brands":[{"id":2412,"name":"Elodie","slug":"elodie-potepanje"},{"id":2409,"name":"Potepanje","slug":"potepanje"}],"_links":{"self":[{"href":"https:\/\/ajatutaja.com\/hr\/wp-json\/wp\/v2\/product\/25897","targetHints":{"allow":["GET"]}}],"collection":[{"href":"https:\/\/ajatutaja.com\/hr\/wp-json\/wp\/v2\/product"}],"about":[{"href":"https:\/\/ajatutaja.com\/hr\/wp-json\/wp\/v2\/types\/product"}],"wp:featuredmedia":[{"embeddable":true,"href":"https:\/\/ajatutaja.com\/hr\/wp-json\/wp\/v2\/media\/25898"}],"wp:attachment":[{"href":"https:\/\/ajatutaja.com\/hr\/wp-json\/wp\/v2\/media?parent=25897"}],"wp:term":[{"taxonomy":"pwb-brand","embeddable":true,"href":"https:\/\/ajatutaja.com\/hr\/wp-json\/wp\/v2\/pwb-brand?post=25897"},{"taxonomy":"product_brand","embeddable":true,"href":"https:\/\/ajatutaja.com\/hr\/wp-json\/wp\/v2\/product_brand?post=25897"},{"taxonomy":"product_cat","embeddable":true,"href":"https:\/\/ajatutaja.com\/hr\/wp-json\/wp\/v2\/product_cat?post=25897"},{"taxonomy":"product_tag","embeddable":true,"href":"https:\/\/ajatutaja.com\/hr\/wp-json\/wp\/v2\/product_tag?post=25897"}],"curies":[{"name":"wp","href":"https:\/\/api.w.org\/{rel}","templated":true}]}}