{"id":24389,"date":"2021-05-23T18:25:47","date_gmt":"2021-05-23T16:25:47","guid":{"rendered":"https:\/\/ajatutaja.com\/izdelek\/flip-top-jeklenicka-stephen-joseph\/"},"modified":"2024-08-11T12:21:38","modified_gmt":"2024-08-11T10:21:38","slug":"flip-top-jeklenicka-stephen-joseph","status":"publish","type":"product","link":"https:\/\/ajatutaja.com\/hr\/proizvod\/flip-top-jeklenicka-stephen-joseph\/","title":{"rendered":"Flip top jekleni\u010dka Stephen Joseph"},"content":{"rendered":"<p>Otroci bodo navdu\u0161eno srkali teko\u010dino skozi zabavne Flip Top jeklenke Stephen Joseph. Ustnik s slamico se po uporabi poklopi, s tem se za\u0161\u010diti pred umazanijo in je vedno \u010dist, vsebini pa prepre\u010di razlivanje.<\/p>\n<h3>Lastnosti Flip top jek\u010deni\u010dke Stephen Joseph:<\/h3>\n<ul>\n<li>Enostavno zapiranje in odpiranje.<\/li>\n<li>Trpe\u017ena jeklena fla\u0161ka ter izredno varni dodatki iz PP plastike.<\/li>\n<li>Dr\u017ei 500 ml teko\u010dine.<\/li>\n<li>Brez BPA, PVC in ftalatov.<\/li>\n<li>Varno za pomivanje v pomivalnem stroju &#8211; na zgornji ko\u0161ari.<\/li>\n<li>Velikost cca: 7 cm x 7 cm x 16 cm.<\/li>\n<li>Ni za uporabo v mikrovalovni pe\u010dici!<\/li>\n<\/ul>\n<p>Vse termo fla\u0161ke se lepo kombinirajo tudi z ostalimi izdelki Stephen Joseph, tako lahko v enakem motivu najdete tudi druge izdelke in ustvarite sanjski kompletek.<\/p>\n","protected":false},"excerpt":{"rendered":"<p>Flip Top jekleni\u010dka iz nerjave\u010dega jekla in odli\u010dnim na\u010dinom za pitje blagovne znamke Stephen Joseph ohranja teko\u010dino sve\u017eo dlje \u010dasa, nastavek za pitje pa je narejen tako, da se enostavno zapira in otroka ne poliva, ko pije.<\/p>\n","protected":false},"featured_media":24390,"template":"","meta":[],"pwb-brand":[2269,4076],"product_brand":[],"product_cat":[2307,2266],"product_tag":[4077,3980],"class_list":{"0":"post-24389","1":"product","2":"type-product","3":"status-publish","4":"has-post-thumbnail","6":"pwb-brand-hranjenje","7":"pwb-brand-stephen-joseph-hranjenje","8":"product_cat-flaske-in-steklenicke","9":"product_cat-hranjenje","10":"product_tag-sj-fliptop","11":"product_tag-stephen-joseph","13":"first","14":"instock","15":"taxable","16":"shipping-taxable","17":"purchasable","18":"product-type-variable","19":"add-to-wishlist-before_image"},"yoast_head":"<!-- This site is optimized with the Yoast SEO plugin v27.3 - https:\/\/yoast.com\/product\/yoast-seo-wordpress\/ -->\n<title>Flip top jekleni\u010dka Stephen Joseph | Ajatutaja<\/title>\n<meta name=\"description\" content=\"Otroci bodo navdu\u0161eno srkali teko\u010dino skozi zabavne Flip Top jeklenke Stephen Joseph. Ustnik s slamico se po uporabi poklopi, s tem se za\u0161\u010diti pred umazanijo in je vedno \u010dist, vsebini pa prepre\u010di razlivanje.\" \/>\n<meta name=\"robots\" content=\"index, follow, max-snippet:-1, max-image-preview:large, max-video-preview:-1\" \/>\n<link rel=\"canonical\" href=\"https:\/\/ajatutaja.com\/izdelek\/flip-top-jeklenicka-stephen-joseph\/\" \/>\n<meta property=\"og:locale\" content=\"hr_HR\" \/>\n<meta property=\"og:type\" content=\"article\" \/>\n<meta property=\"og:title\" content=\"Flip top jekleni\u010dka Stephen Joseph | Ajatutaja\" \/>\n<meta property=\"og:description\" content=\"Otroci bodo navdu\u0161eno srkali teko\u010dino skozi zabavne Flip Top jeklenke Stephen Joseph. Ustnik s slamico se po uporabi poklopi, s tem se za\u0161\u010diti pred umazanijo in je vedno \u010dist, vsebini pa prepre\u010di razlivanje.\" \/>\n<meta property=\"og:url\" content=\"https:\/\/ajatutaja.com\/izdelek\/flip-top-jeklenicka-stephen-joseph\/\" \/>\n<meta property=\"og:site_name\" content=\"Ajatutaja\" \/>\n<meta property=\"article:modified_time\" content=\"2024-08-11T10:21:38+00:00\" \/>\n<meta property=\"og:image\" content=\"https:\/\/ajatutaja.com\/wp-content\/uploads\/2021\/11\/Stephen-Joseph-flip-top-ajatutaja.jpg\" \/>\n\t<meta property=\"og:image:width\" content=\"800\" \/>\n\t<meta property=\"og:image:height\" content=\"800\" \/>\n\t<meta property=\"og:image:type\" content=\"image\/jpeg\" \/>\n<meta name=\"twitter:card\" content=\"summary_large_image\" \/>\n<meta name=\"twitter:label1\" content=\"Procijenjeno vrijeme \u010ditanja\" \/>\n\t<meta name=\"twitter:data1\" content=\"1 minuta\" \/>\n<script type=\"application\/ld+json\" class=\"yoast-schema-graph\">{\"@context\":\"https:\\\/\\\/schema.org\",\"@graph\":[{\"@type\":\"WebPage\",\"@id\":\"https:\\\/\\\/ajatutaja.com\\\/izdelek\\\/flip-top-jeklenicka-stephen-joseph\\\/\",\"url\":\"https:\\\/\\\/ajatutaja.com\\\/izdelek\\\/flip-top-jeklenicka-stephen-joseph\\\/\",\"name\":\"Flip top jekleni\u010dka Stephen Joseph | Ajatutaja\",\"isPartOf\":{\"@id\":\"https:\\\/\\\/ajatutaja.com\\\/#website\"},\"primaryImageOfPage\":{\"@id\":\"https:\\\/\\\/ajatutaja.com\\\/izdelek\\\/flip-top-jeklenicka-stephen-joseph\\\/#primaryimage\"},\"image\":{\"@id\":\"https:\\\/\\\/ajatutaja.com\\\/izdelek\\\/flip-top-jeklenicka-stephen-joseph\\\/#primaryimage\"},\"thumbnailUrl\":\"https:\\\/\\\/ajatutaja.com\\\/wp-content\\\/uploads\\\/2021\\\/11\\\/Stephen-Joseph-flip-top-ajatutaja.jpg\",\"datePublished\":\"2021-05-23T16:25:47+00:00\",\"dateModified\":\"2024-08-11T10:21:38+00:00\",\"description\":\"Otroci bodo navdu\u0161eno srkali teko\u010dino skozi zabavne Flip Top jeklenke Stephen Joseph. Ustnik s slamico se po uporabi poklopi, s tem se za\u0161\u010diti pred umazanijo in je vedno \u010dist, vsebini pa prepre\u010di razlivanje.\",\"breadcrumb\":{\"@id\":\"https:\\\/\\\/ajatutaja.com\\\/izdelek\\\/flip-top-jeklenicka-stephen-joseph\\\/#breadcrumb\"},\"inLanguage\":\"hr\",\"potentialAction\":[{\"@type\":\"ReadAction\",\"target\":[\"https:\\\/\\\/ajatutaja.com\\\/izdelek\\\/flip-top-jeklenicka-stephen-joseph\\\/\"]}]},{\"@type\":\"ImageObject\",\"inLanguage\":\"hr\",\"@id\":\"https:\\\/\\\/ajatutaja.com\\\/izdelek\\\/flip-top-jeklenicka-stephen-joseph\\\/#primaryimage\",\"url\":\"https:\\\/\\\/ajatutaja.com\\\/wp-content\\\/uploads\\\/2021\\\/11\\\/Stephen-Joseph-flip-top-ajatutaja.jpg\",\"contentUrl\":\"https:\\\/\\\/ajatutaja.com\\\/wp-content\\\/uploads\\\/2021\\\/11\\\/Stephen-Joseph-flip-top-ajatutaja.jpg\",\"width\":800,\"height\":800},{\"@type\":\"BreadcrumbList\",\"@id\":\"https:\\\/\\\/ajatutaja.com\\\/izdelek\\\/flip-top-jeklenicka-stephen-joseph\\\/#breadcrumb\",\"itemListElement\":[{\"@type\":\"ListItem\",\"position\":1,\"name\":\"Home\",\"item\":\"https:\\\/\\\/ajatutaja.com\\\/hr\\\/\"},{\"@type\":\"ListItem\",\"position\":2,\"name\":\"Trgovina\",\"item\":\"https:\\\/\\\/ajatutaja.com\\\/hr\\\/trgovina\\\/\"},{\"@type\":\"ListItem\",\"position\":3,\"name\":\"Flip top jekleni\u010dka Stephen Joseph\"}]},{\"@type\":\"WebSite\",\"@id\":\"https:\\\/\\\/ajatutaja.com\\\/#website\",\"url\":\"https:\\\/\\\/ajatutaja.com\\\/\",\"name\":\"Ajatutaja\",\"description\":\"Otro\u0161ka spletna trgovina AJATUTAJA\",\"publisher\":{\"@id\":\"https:\\\/\\\/ajatutaja.com\\\/#organization\"},\"potentialAction\":[{\"@type\":\"SearchAction\",\"target\":{\"@type\":\"EntryPoint\",\"urlTemplate\":\"https:\\\/\\\/ajatutaja.com\\\/?s={search_term_string}\"},\"query-input\":{\"@type\":\"PropertyValueSpecification\",\"valueRequired\":true,\"valueName\":\"search_term_string\"}}],\"inLanguage\":\"hr\"},{\"@type\":\"Organization\",\"@id\":\"https:\\\/\\\/ajatutaja.com\\\/#organization\",\"name\":\"Ajatutaja\",\"url\":\"https:\\\/\\\/ajatutaja.com\\\/\",\"logo\":{\"@type\":\"ImageObject\",\"inLanguage\":\"hr\",\"@id\":\"https:\\\/\\\/ajatutaja.com\\\/#\\\/schema\\\/logo\\\/image\\\/\",\"url\":\"https:\\\/\\\/ajatutaja.com\\\/wp-content\\\/uploads\\\/2021\\\/10\\\/logo.png\",\"contentUrl\":\"https:\\\/\\\/ajatutaja.com\\\/wp-content\\\/uploads\\\/2021\\\/10\\\/logo.png\",\"width\":555,\"height\":150,\"caption\":\"Ajatutaja\"},\"image\":{\"@id\":\"https:\\\/\\\/ajatutaja.com\\\/#\\\/schema\\\/logo\\\/image\\\/\"}}]}<\/script>\n<!-- \/ Yoast SEO plugin. -->","yoast_head_json":{"title":"Flip top jekleni\u010dka Stephen Joseph | Ajatutaja","description":"Otroci bodo navdu\u0161eno srkali teko\u010dino skozi zabavne Flip Top jeklenke Stephen Joseph. Ustnik s slamico se po uporabi poklopi, s tem se za\u0161\u010diti pred umazanijo in je vedno \u010dist, vsebini pa prepre\u010di razlivanje.","robots":{"index":"index","follow":"follow","max-snippet":"max-snippet:-1","max-image-preview":"max-image-preview:large","max-video-preview":"max-video-preview:-1"},"canonical":"https:\/\/ajatutaja.com\/izdelek\/flip-top-jeklenicka-stephen-joseph\/","og_locale":"hr_HR","og_type":"article","og_title":"Flip top jekleni\u010dka Stephen Joseph | Ajatutaja","og_description":"Otroci bodo navdu\u0161eno srkali teko\u010dino skozi zabavne Flip Top jeklenke Stephen Joseph. Ustnik s slamico se po uporabi poklopi, s tem se za\u0161\u010diti pred umazanijo in je vedno \u010dist, vsebini pa prepre\u010di razlivanje.","og_url":"https:\/\/ajatutaja.com\/izdelek\/flip-top-jeklenicka-stephen-joseph\/","og_site_name":"Ajatutaja","article_modified_time":"2024-08-11T10:21:38+00:00","og_image":[{"width":800,"height":800,"url":"https:\/\/ajatutaja.com\/wp-content\/uploads\/2021\/11\/Stephen-Joseph-flip-top-ajatutaja.jpg","type":"image\/jpeg"}],"twitter_card":"summary_large_image","twitter_misc":{"Procijenjeno vrijeme \u010ditanja":"1 minuta"},"schema":{"@context":"https:\/\/schema.org","@graph":[{"@type":"WebPage","@id":"https:\/\/ajatutaja.com\/izdelek\/flip-top-jeklenicka-stephen-joseph\/","url":"https:\/\/ajatutaja.com\/izdelek\/flip-top-jeklenicka-stephen-joseph\/","name":"Flip top jekleni\u010dka Stephen Joseph | Ajatutaja","isPartOf":{"@id":"https:\/\/ajatutaja.com\/#website"},"primaryImageOfPage":{"@id":"https:\/\/ajatutaja.com\/izdelek\/flip-top-jeklenicka-stephen-joseph\/#primaryimage"},"image":{"@id":"https:\/\/ajatutaja.com\/izdelek\/flip-top-jeklenicka-stephen-joseph\/#primaryimage"},"thumbnailUrl":"https:\/\/ajatutaja.com\/wp-content\/uploads\/2021\/11\/Stephen-Joseph-flip-top-ajatutaja.jpg","datePublished":"2021-05-23T16:25:47+00:00","dateModified":"2024-08-11T10:21:38+00:00","description":"Otroci bodo navdu\u0161eno srkali teko\u010dino skozi zabavne Flip Top jeklenke Stephen Joseph. Ustnik s slamico se po uporabi poklopi, s tem se za\u0161\u010diti pred umazanijo in je vedno \u010dist, vsebini pa prepre\u010di razlivanje.","breadcrumb":{"@id":"https:\/\/ajatutaja.com\/izdelek\/flip-top-jeklenicka-stephen-joseph\/#breadcrumb"},"inLanguage":"hr","potentialAction":[{"@type":"ReadAction","target":["https:\/\/ajatutaja.com\/izdelek\/flip-top-jeklenicka-stephen-joseph\/"]}]},{"@type":"ImageObject","inLanguage":"hr","@id":"https:\/\/ajatutaja.com\/izdelek\/flip-top-jeklenicka-stephen-joseph\/#primaryimage","url":"https:\/\/ajatutaja.com\/wp-content\/uploads\/2021\/11\/Stephen-Joseph-flip-top-ajatutaja.jpg","contentUrl":"https:\/\/ajatutaja.com\/wp-content\/uploads\/2021\/11\/Stephen-Joseph-flip-top-ajatutaja.jpg","width":800,"height":800},{"@type":"BreadcrumbList","@id":"https:\/\/ajatutaja.com\/izdelek\/flip-top-jeklenicka-stephen-joseph\/#breadcrumb","itemListElement":[{"@type":"ListItem","position":1,"name":"Home","item":"https:\/\/ajatutaja.com\/hr\/"},{"@type":"ListItem","position":2,"name":"Trgovina","item":"https:\/\/ajatutaja.com\/hr\/trgovina\/"},{"@type":"ListItem","position":3,"name":"Flip top jekleni\u010dka Stephen Joseph"}]},{"@type":"WebSite","@id":"https:\/\/ajatutaja.com\/#website","url":"https:\/\/ajatutaja.com\/","name":"Ajatutaja","description":"Otro\u0161ka spletna trgovina AJATUTAJA","publisher":{"@id":"https:\/\/ajatutaja.com\/#organization"},"potentialAction":[{"@type":"SearchAction","target":{"@type":"EntryPoint","urlTemplate":"https:\/\/ajatutaja.com\/?s={search_term_string}"},"query-input":{"@type":"PropertyValueSpecification","valueRequired":true,"valueName":"search_term_string"}}],"inLanguage":"hr"},{"@type":"Organization","@id":"https:\/\/ajatutaja.com\/#organization","name":"Ajatutaja","url":"https:\/\/ajatutaja.com\/","logo":{"@type":"ImageObject","inLanguage":"hr","@id":"https:\/\/ajatutaja.com\/#\/schema\/logo\/image\/","url":"https:\/\/ajatutaja.com\/wp-content\/uploads\/2021\/10\/logo.png","contentUrl":"https:\/\/ajatutaja.com\/wp-content\/uploads\/2021\/10\/logo.png","width":555,"height":150,"caption":"Ajatutaja"},"image":{"@id":"https:\/\/ajatutaja.com\/#\/schema\/logo\/image\/"}}]}},"brands":[{"id":2269,"name":"Hranjenje","slug":"hranjenje"},{"id":4076,"name":"Stephen Joseph","slug":"stephen-joseph-hranjenje"}],"_links":{"self":[{"href":"https:\/\/ajatutaja.com\/hr\/wp-json\/wp\/v2\/product\/24389","targetHints":{"allow":["GET"]}}],"collection":[{"href":"https:\/\/ajatutaja.com\/hr\/wp-json\/wp\/v2\/product"}],"about":[{"href":"https:\/\/ajatutaja.com\/hr\/wp-json\/wp\/v2\/types\/product"}],"wp:featuredmedia":[{"embeddable":true,"href":"https:\/\/ajatutaja.com\/hr\/wp-json\/wp\/v2\/media\/24390"}],"wp:attachment":[{"href":"https:\/\/ajatutaja.com\/hr\/wp-json\/wp\/v2\/media?parent=24389"}],"wp:term":[{"taxonomy":"pwb-brand","embeddable":true,"href":"https:\/\/ajatutaja.com\/hr\/wp-json\/wp\/v2\/pwb-brand?post=24389"},{"taxonomy":"product_brand","embeddable":true,"href":"https:\/\/ajatutaja.com\/hr\/wp-json\/wp\/v2\/product_brand?post=24389"},{"taxonomy":"product_cat","embeddable":true,"href":"https:\/\/ajatutaja.com\/hr\/wp-json\/wp\/v2\/product_cat?post=24389"},{"taxonomy":"product_tag","embeddable":true,"href":"https:\/\/ajatutaja.com\/hr\/wp-json\/wp\/v2\/product_tag?post=24389"}],"curies":[{"name":"wp","href":"https:\/\/api.w.org\/{rel}","templated":true}]}}