{"id":24324,"date":"2023-03-23T18:27:36","date_gmt":"2023-03-23T17:27:36","guid":{"rendered":"https:\/\/ajatutaja.com\/izdelek\/majica-za-dojenje-kratek-rokav-s-potiskom-ribic\/"},"modified":"2025-09-09T16:38:41","modified_gmt":"2025-09-09T14:38:41","slug":"majica-za-dojenje-kratek-rokav-s-potiskom-ribic","status":"publish","type":"product","link":"https:\/\/ajatutaja.com\/hr\/proizvod\/majica-za-dojenje-kratek-rokav-s-potiskom-ribic\/","title":{"rendered":"Majica za dojenje kratek rokav &#8211; Ribice (38)"},"content":{"rendered":"<p>[vc_row][vc_column][vc_column_text]<\/p>\n<p style=\"text-align: justify\">Majica za dojenje kratek rokav je nepogre\u0161ljiv kos obla\u010dila za doje\u010de mamice. Z majico za dojenje med dojenjem ne ka\u017ee\u0161 golega hrbta ali trebu\u0161\u010dka!<\/p>\n<ul>\n<li>Majica za dojenje je narejena tako, da zgornji del samo privzdigne\u0161, spodnjega malo spusti\u0161 in dobi\u0161 odprtino za dojenje.<\/li>\n<li>Maj\u010dko lahko zaradi raztegljivega materiala nosi\u0161 \u017ee v \u010dasu nose\u010dnosti ter tudi po koncu dojenja.<\/li>\n<li>Primerna za prosti \u010das, vsakodnevna opravila ali \u0161port.<\/li>\n<li>Majica za dojenje je izredno prijetna in mehka, saj je izdelana iz bomba\u017ea in elastana, ki nudita ko\u017ei prijazen in izjemno udoben ob\u010dutek.<\/li>\n<li>Proizvedeno v Sloveniji.<\/li>\n<li>Surovinska sestava: 92%bomba\u017e; 8% elastan<\/li>\n<\/ul>\n<p>[\/vc_column_text][\/vc_column][\/vc_row]<\/p>\n","protected":false},"excerpt":{"rendered":"<p style=\"text-align: justify\">Z majico za dojenje vam bodo vsakodnevna in ve\u010ddnevna hranjenja va\u0161ega mal\u010dka postala mnogo bolj enostavna in hitra. Posebej pred obiski, na sprehodu ali v parku. Majica je primerna za \u0161portne aktivnosti in tudi za prosti \u010das.<\/p>\n<p>&nbsp;<\/p>\n","protected":false},"featured_media":24323,"template":"","meta":[],"pwb-brand":[2268,2294],"product_brand":[],"product_cat":[2265,2284],"product_tag":[4098,4307],"class_list":{"0":"post-24324","1":"product","2":"type-product","3":"status-publish","4":"has-post-thumbnail","6":"pwb-brand-dojenje","7":"pwb-brand-popek-dojenje","8":"product_cat-dojenje","9":"product_cat-majice-za-dojenje","10":"product_tag-popek","11":"product_tag-slovenski-proizvod","13":"first","14":"instock","15":"taxable","16":"shipping-taxable","17":"purchasable","18":"product-type-variable","19":"add-to-wishlist-before_image"},"yoast_head":"<!-- This site is optimized with the Yoast SEO plugin v27.3 - https:\/\/yoast.com\/product\/yoast-seo-wordpress\/ -->\n<title>Majica za dojenje kratek rokav - Ribice (38) | Ajatutaja<\/title>\n<meta name=\"description\" content=\"Z majico za dojenje iz pro\u017enega bomba\u017ea vam bodo vsakodnevna in ve\u010ddnevna hranjenja va\u0161ega mal\u010dka postala mnogo bolj enostavna in hitra.\" \/>\n<meta name=\"robots\" content=\"index, follow, max-snippet:-1, max-image-preview:large, max-video-preview:-1\" \/>\n<link rel=\"canonical\" href=\"https:\/\/ajatutaja.com\/izdelek\/majica-za-dojenje-kratek-rokav-s-potiskom-ribic\/\" \/>\n<meta property=\"og:locale\" content=\"hr_HR\" \/>\n<meta property=\"og:type\" content=\"article\" \/>\n<meta property=\"og:title\" content=\"Majica za dojenje kratek rokav - Ribice (38) | Ajatutaja\" \/>\n<meta property=\"og:description\" content=\"Z majico za dojenje iz pro\u017enega bomba\u017ea vam bodo vsakodnevna in ve\u010ddnevna hranjenja va\u0161ega mal\u010dka postala mnogo bolj enostavna in hitra.\" \/>\n<meta property=\"og:url\" content=\"https:\/\/ajatutaja.com\/izdelek\/majica-za-dojenje-kratek-rokav-s-potiskom-ribic\/\" \/>\n<meta property=\"og:site_name\" content=\"Ajatutaja\" \/>\n<meta property=\"article:modified_time\" content=\"2025-09-09T14:38:41+00:00\" \/>\n<meta property=\"og:image\" content=\"https:\/\/ajatutaja.com\/wp-content\/uploads\/2021\/11\/majica-za-nosecnost-dojenje-ajatutaja-ribice.jpg\" \/>\n\t<meta property=\"og:image:width\" content=\"700\" \/>\n\t<meta property=\"og:image:height\" content=\"1000\" \/>\n\t<meta property=\"og:image:type\" content=\"image\/jpeg\" \/>\n<meta name=\"twitter:card\" content=\"summary_large_image\" \/>\n<meta name=\"twitter:label1\" content=\"Procijenjeno vrijeme \u010ditanja\" \/>\n\t<meta name=\"twitter:data1\" content=\"1 minuta\" \/>\n<script type=\"application\/ld+json\" class=\"yoast-schema-graph\">{\"@context\":\"https:\\\/\\\/schema.org\",\"@graph\":[{\"@type\":\"WebPage\",\"@id\":\"https:\\\/\\\/ajatutaja.com\\\/izdelek\\\/majica-za-dojenje-kratek-rokav-s-potiskom-ribic\\\/\",\"url\":\"https:\\\/\\\/ajatutaja.com\\\/izdelek\\\/majica-za-dojenje-kratek-rokav-s-potiskom-ribic\\\/\",\"name\":\"Majica za dojenje kratek rokav - Ribice (38) | Ajatutaja\",\"isPartOf\":{\"@id\":\"https:\\\/\\\/ajatutaja.com\\\/#website\"},\"primaryImageOfPage\":{\"@id\":\"https:\\\/\\\/ajatutaja.com\\\/izdelek\\\/majica-za-dojenje-kratek-rokav-s-potiskom-ribic\\\/#primaryimage\"},\"image\":{\"@id\":\"https:\\\/\\\/ajatutaja.com\\\/izdelek\\\/majica-za-dojenje-kratek-rokav-s-potiskom-ribic\\\/#primaryimage\"},\"thumbnailUrl\":\"https:\\\/\\\/ajatutaja.com\\\/wp-content\\\/uploads\\\/2021\\\/11\\\/majica-za-nosecnost-dojenje-ajatutaja-ribice.jpg\",\"datePublished\":\"2023-03-23T17:27:36+00:00\",\"dateModified\":\"2025-09-09T14:38:41+00:00\",\"description\":\"Z majico za dojenje iz pro\u017enega bomba\u017ea vam bodo vsakodnevna in ve\u010ddnevna hranjenja va\u0161ega mal\u010dka postala mnogo bolj enostavna in hitra.\",\"breadcrumb\":{\"@id\":\"https:\\\/\\\/ajatutaja.com\\\/izdelek\\\/majica-za-dojenje-kratek-rokav-s-potiskom-ribic\\\/#breadcrumb\"},\"inLanguage\":\"hr\",\"potentialAction\":[{\"@type\":\"ReadAction\",\"target\":[\"https:\\\/\\\/ajatutaja.com\\\/izdelek\\\/majica-za-dojenje-kratek-rokav-s-potiskom-ribic\\\/\"]}]},{\"@type\":\"ImageObject\",\"inLanguage\":\"hr\",\"@id\":\"https:\\\/\\\/ajatutaja.com\\\/izdelek\\\/majica-za-dojenje-kratek-rokav-s-potiskom-ribic\\\/#primaryimage\",\"url\":\"https:\\\/\\\/ajatutaja.com\\\/wp-content\\\/uploads\\\/2021\\\/11\\\/majica-za-nosecnost-dojenje-ajatutaja-ribice.jpg\",\"contentUrl\":\"https:\\\/\\\/ajatutaja.com\\\/wp-content\\\/uploads\\\/2021\\\/11\\\/majica-za-nosecnost-dojenje-ajatutaja-ribice.jpg\",\"width\":700,\"height\":1000},{\"@type\":\"BreadcrumbList\",\"@id\":\"https:\\\/\\\/ajatutaja.com\\\/izdelek\\\/majica-za-dojenje-kratek-rokav-s-potiskom-ribic\\\/#breadcrumb\",\"itemListElement\":[{\"@type\":\"ListItem\",\"position\":1,\"name\":\"Home\",\"item\":\"https:\\\/\\\/ajatutaja.com\\\/hr\\\/\"},{\"@type\":\"ListItem\",\"position\":2,\"name\":\"Trgovina\",\"item\":\"https:\\\/\\\/ajatutaja.com\\\/hr\\\/trgovina\\\/\"},{\"@type\":\"ListItem\",\"position\":3,\"name\":\"Majica za dojenje kratek rokav &#8211; Ribice (38)\"}]},{\"@type\":\"WebSite\",\"@id\":\"https:\\\/\\\/ajatutaja.com\\\/#website\",\"url\":\"https:\\\/\\\/ajatutaja.com\\\/\",\"name\":\"Ajatutaja\",\"description\":\"Otro\u0161ka spletna trgovina AJATUTAJA\",\"publisher\":{\"@id\":\"https:\\\/\\\/ajatutaja.com\\\/#organization\"},\"potentialAction\":[{\"@type\":\"SearchAction\",\"target\":{\"@type\":\"EntryPoint\",\"urlTemplate\":\"https:\\\/\\\/ajatutaja.com\\\/?s={search_term_string}\"},\"query-input\":{\"@type\":\"PropertyValueSpecification\",\"valueRequired\":true,\"valueName\":\"search_term_string\"}}],\"inLanguage\":\"hr\"},{\"@type\":\"Organization\",\"@id\":\"https:\\\/\\\/ajatutaja.com\\\/#organization\",\"name\":\"Ajatutaja\",\"url\":\"https:\\\/\\\/ajatutaja.com\\\/\",\"logo\":{\"@type\":\"ImageObject\",\"inLanguage\":\"hr\",\"@id\":\"https:\\\/\\\/ajatutaja.com\\\/#\\\/schema\\\/logo\\\/image\\\/\",\"url\":\"https:\\\/\\\/ajatutaja.com\\\/wp-content\\\/uploads\\\/2021\\\/10\\\/logo.png\",\"contentUrl\":\"https:\\\/\\\/ajatutaja.com\\\/wp-content\\\/uploads\\\/2021\\\/10\\\/logo.png\",\"width\":555,\"height\":150,\"caption\":\"Ajatutaja\"},\"image\":{\"@id\":\"https:\\\/\\\/ajatutaja.com\\\/#\\\/schema\\\/logo\\\/image\\\/\"}}]}<\/script>\n<!-- \/ Yoast SEO plugin. -->","yoast_head_json":{"title":"Majica za dojenje kratek rokav - Ribice (38) | Ajatutaja","description":"Z majico za dojenje iz pro\u017enega bomba\u017ea vam bodo vsakodnevna in ve\u010ddnevna hranjenja va\u0161ega mal\u010dka postala mnogo bolj enostavna in hitra.","robots":{"index":"index","follow":"follow","max-snippet":"max-snippet:-1","max-image-preview":"max-image-preview:large","max-video-preview":"max-video-preview:-1"},"canonical":"https:\/\/ajatutaja.com\/izdelek\/majica-za-dojenje-kratek-rokav-s-potiskom-ribic\/","og_locale":"hr_HR","og_type":"article","og_title":"Majica za dojenje kratek rokav - Ribice (38) | Ajatutaja","og_description":"Z majico za dojenje iz pro\u017enega bomba\u017ea vam bodo vsakodnevna in ve\u010ddnevna hranjenja va\u0161ega mal\u010dka postala mnogo bolj enostavna in hitra.","og_url":"https:\/\/ajatutaja.com\/izdelek\/majica-za-dojenje-kratek-rokav-s-potiskom-ribic\/","og_site_name":"Ajatutaja","article_modified_time":"2025-09-09T14:38:41+00:00","og_image":[{"width":700,"height":1000,"url":"https:\/\/ajatutaja.com\/wp-content\/uploads\/2021\/11\/majica-za-nosecnost-dojenje-ajatutaja-ribice.jpg","type":"image\/jpeg"}],"twitter_card":"summary_large_image","twitter_misc":{"Procijenjeno vrijeme \u010ditanja":"1 minuta"},"schema":{"@context":"https:\/\/schema.org","@graph":[{"@type":"WebPage","@id":"https:\/\/ajatutaja.com\/izdelek\/majica-za-dojenje-kratek-rokav-s-potiskom-ribic\/","url":"https:\/\/ajatutaja.com\/izdelek\/majica-za-dojenje-kratek-rokav-s-potiskom-ribic\/","name":"Majica za dojenje kratek rokav - Ribice (38) | Ajatutaja","isPartOf":{"@id":"https:\/\/ajatutaja.com\/#website"},"primaryImageOfPage":{"@id":"https:\/\/ajatutaja.com\/izdelek\/majica-za-dojenje-kratek-rokav-s-potiskom-ribic\/#primaryimage"},"image":{"@id":"https:\/\/ajatutaja.com\/izdelek\/majica-za-dojenje-kratek-rokav-s-potiskom-ribic\/#primaryimage"},"thumbnailUrl":"https:\/\/ajatutaja.com\/wp-content\/uploads\/2021\/11\/majica-za-nosecnost-dojenje-ajatutaja-ribice.jpg","datePublished":"2023-03-23T17:27:36+00:00","dateModified":"2025-09-09T14:38:41+00:00","description":"Z majico za dojenje iz pro\u017enega bomba\u017ea vam bodo vsakodnevna in ve\u010ddnevna hranjenja va\u0161ega mal\u010dka postala mnogo bolj enostavna in hitra.","breadcrumb":{"@id":"https:\/\/ajatutaja.com\/izdelek\/majica-za-dojenje-kratek-rokav-s-potiskom-ribic\/#breadcrumb"},"inLanguage":"hr","potentialAction":[{"@type":"ReadAction","target":["https:\/\/ajatutaja.com\/izdelek\/majica-za-dojenje-kratek-rokav-s-potiskom-ribic\/"]}]},{"@type":"ImageObject","inLanguage":"hr","@id":"https:\/\/ajatutaja.com\/izdelek\/majica-za-dojenje-kratek-rokav-s-potiskom-ribic\/#primaryimage","url":"https:\/\/ajatutaja.com\/wp-content\/uploads\/2021\/11\/majica-za-nosecnost-dojenje-ajatutaja-ribice.jpg","contentUrl":"https:\/\/ajatutaja.com\/wp-content\/uploads\/2021\/11\/majica-za-nosecnost-dojenje-ajatutaja-ribice.jpg","width":700,"height":1000},{"@type":"BreadcrumbList","@id":"https:\/\/ajatutaja.com\/izdelek\/majica-za-dojenje-kratek-rokav-s-potiskom-ribic\/#breadcrumb","itemListElement":[{"@type":"ListItem","position":1,"name":"Home","item":"https:\/\/ajatutaja.com\/hr\/"},{"@type":"ListItem","position":2,"name":"Trgovina","item":"https:\/\/ajatutaja.com\/hr\/trgovina\/"},{"@type":"ListItem","position":3,"name":"Majica za dojenje kratek rokav &#8211; Ribice (38)"}]},{"@type":"WebSite","@id":"https:\/\/ajatutaja.com\/#website","url":"https:\/\/ajatutaja.com\/","name":"Ajatutaja","description":"Otro\u0161ka spletna trgovina AJATUTAJA","publisher":{"@id":"https:\/\/ajatutaja.com\/#organization"},"potentialAction":[{"@type":"SearchAction","target":{"@type":"EntryPoint","urlTemplate":"https:\/\/ajatutaja.com\/?s={search_term_string}"},"query-input":{"@type":"PropertyValueSpecification","valueRequired":true,"valueName":"search_term_string"}}],"inLanguage":"hr"},{"@type":"Organization","@id":"https:\/\/ajatutaja.com\/#organization","name":"Ajatutaja","url":"https:\/\/ajatutaja.com\/","logo":{"@type":"ImageObject","inLanguage":"hr","@id":"https:\/\/ajatutaja.com\/#\/schema\/logo\/image\/","url":"https:\/\/ajatutaja.com\/wp-content\/uploads\/2021\/10\/logo.png","contentUrl":"https:\/\/ajatutaja.com\/wp-content\/uploads\/2021\/10\/logo.png","width":555,"height":150,"caption":"Ajatutaja"},"image":{"@id":"https:\/\/ajatutaja.com\/#\/schema\/logo\/image\/"}}]}},"brands":[{"id":2268,"name":"Dojenje","slug":"dojenje"},{"id":2294,"name":"Popek","slug":"popek-dojenje"}],"_links":{"self":[{"href":"https:\/\/ajatutaja.com\/hr\/wp-json\/wp\/v2\/product\/24324","targetHints":{"allow":["GET"]}}],"collection":[{"href":"https:\/\/ajatutaja.com\/hr\/wp-json\/wp\/v2\/product"}],"about":[{"href":"https:\/\/ajatutaja.com\/hr\/wp-json\/wp\/v2\/types\/product"}],"wp:featuredmedia":[{"embeddable":true,"href":"https:\/\/ajatutaja.com\/hr\/wp-json\/wp\/v2\/media\/24323"}],"wp:attachment":[{"href":"https:\/\/ajatutaja.com\/hr\/wp-json\/wp\/v2\/media?parent=24324"}],"wp:term":[{"taxonomy":"pwb-brand","embeddable":true,"href":"https:\/\/ajatutaja.com\/hr\/wp-json\/wp\/v2\/pwb-brand?post=24324"},{"taxonomy":"product_brand","embeddable":true,"href":"https:\/\/ajatutaja.com\/hr\/wp-json\/wp\/v2\/product_brand?post=24324"},{"taxonomy":"product_cat","embeddable":true,"href":"https:\/\/ajatutaja.com\/hr\/wp-json\/wp\/v2\/product_cat?post=24324"},{"taxonomy":"product_tag","embeddable":true,"href":"https:\/\/ajatutaja.com\/hr\/wp-json\/wp\/v2\/product_tag?post=24324"}],"curies":[{"name":"wp","href":"https:\/\/api.w.org\/{rel}","templated":true}]}}