{"id":24106,"date":"2021-02-02T17:21:14","date_gmt":"2021-02-02T16:21:14","guid":{"rendered":"https:\/\/ajatutaja.com\/izdelek\/bombazni-kompletek-za-novorojencka-sivili-smetana\/"},"modified":"2023-04-12T15:49:25","modified_gmt":"2023-04-12T13:49:25","slug":"bombazni-kompletek-za-novorojencka-sivili-smetana","status":"publish","type":"product","link":"https:\/\/ajatutaja.com\/hr\/proizvod\/bombazni-kompletek-za-novorojencka-sivili-smetana\/","title":{"rendered":"Bomba\u017eni kompletek za novorojen\u010dka Sivili &#8211; Smetana"},"content":{"rendered":"<p>[vc_row][vc_column][vc_column_text]Bomba\u017eni komplet za novorojen\u010dka je sestavljen iz stvari, ki so potrebne, da odnesete svojega novega \u010dlana iz porodni\u0161nice. Narejen je iz mehkega bomba\u017ea v smetana barvi in je sestavljen iz jopice, ki se zapira na gumbke, pro\u017eno kapico in hla\u010dami. Krasi ga tudi simpati\u010dno vezenje.<\/p>\n<p style=\"text-align: center\"><span style=\"font-size: medium\">\u00a0<\/span><em>Surovinska sestava: 100% Bomba\u017e<\/em><\/p>\n<p>[\/vc_column_text][\/vc_column][\/vc_row]<\/p>\n","protected":false},"excerpt":{"rendered":"<p><span style=\"font-size: medium\">3 delni kompletek za novorojen\u010dka Sivili je najbolj\u0161a izbira za va\u0161ega prihajajo\u010dega dru\u017einskega \u010dlana. Kompletek je izdelan iz mehkega bomba\u017ea in je uporaben tako kot prvi kompletek za prihod iz porodni\u0161nice, kot za vsakodnevno rabo.<\/span><\/p>\n","protected":false},"featured_media":24107,"template":"","meta":[],"pwb-brand":[2696,2697],"product_brand":[],"product_cat":[2609,2682,2688],"product_tag":[4306,4024],"class_list":{"0":"post-24106","1":"product","2":"type-product","3":"status-publish","4":"has-post-thumbnail","6":"pwb-brand-moda","7":"pwb-brand-sivili","8":"product_cat-moda","9":"product_cat-oblacila-za-novorojencka","10":"product_cat-otroski-kompleti","11":"product_tag-kaj-potrebujem-za-novorojencka","12":"product_tag-sivili","14":"first","15":"instock","16":"taxable","17":"shipping-taxable","18":"purchasable","19":"product-type-variable","20":"add-to-wishlist-before_image"},"yoast_head":"<!-- This site is optimized with the Yoast SEO plugin v27.3 - https:\/\/yoast.com\/product\/yoast-seo-wordpress\/ -->\n<title>Bomba\u017eni kompletek za novorojen\u010dka Sivili - Smetana | Ajatutaja<\/title>\n<meta name=\"description\" content=\"3 delni kompletek za novorojen\u010dka Sivili je najbolj\u0161a izbira za va\u0161ega prihajajo\u010dega dru\u017einskega \u010dlana. Kompletek je izdelan iz mehkega bomba\u017ea.\" \/>\n<meta name=\"robots\" content=\"index, follow, max-snippet:-1, max-image-preview:large, max-video-preview:-1\" \/>\n<link rel=\"canonical\" href=\"https:\/\/ajatutaja.com\/izdelek\/bombazni-kompletek-za-novorojencka-sivili-smetana\/\" \/>\n<meta property=\"og:locale\" content=\"hr_HR\" \/>\n<meta property=\"og:type\" content=\"article\" \/>\n<meta property=\"og:title\" content=\"Bomba\u017eni kompletek za novorojen\u010dka Sivili - Smetana | Ajatutaja\" \/>\n<meta property=\"og:description\" content=\"3 delni kompletek za novorojen\u010dka Sivili je najbolj\u0161a izbira za va\u0161ega prihajajo\u010dega dru\u017einskega \u010dlana. Kompletek je izdelan iz mehkega bomba\u017ea.\" \/>\n<meta property=\"og:url\" content=\"https:\/\/ajatutaja.com\/izdelek\/bombazni-kompletek-za-novorojencka-sivili-smetana\/\" \/>\n<meta property=\"og:site_name\" content=\"Ajatutaja\" \/>\n<meta property=\"article:modified_time\" content=\"2023-04-12T13:49:25+00:00\" \/>\n<meta property=\"og:image\" content=\"https:\/\/ajatutaja.com\/wp-content\/uploads\/2021\/11\/Otroski-bombazni-komplet-za-dojencka-02801-1.jpg\" \/>\n\t<meta property=\"og:image:width\" content=\"700\" \/>\n\t<meta property=\"og:image:height\" content=\"700\" \/>\n\t<meta property=\"og:image:type\" content=\"image\/jpeg\" \/>\n<meta name=\"twitter:card\" content=\"summary_large_image\" \/>\n<meta name=\"twitter:label1\" content=\"Procijenjeno vrijeme \u010ditanja\" \/>\n\t<meta name=\"twitter:data1\" content=\"1 minuta\" \/>\n<script type=\"application\/ld+json\" class=\"yoast-schema-graph\">{\"@context\":\"https:\\\/\\\/schema.org\",\"@graph\":[{\"@type\":\"WebPage\",\"@id\":\"https:\\\/\\\/ajatutaja.com\\\/izdelek\\\/bombazni-kompletek-za-novorojencka-sivili-smetana\\\/\",\"url\":\"https:\\\/\\\/ajatutaja.com\\\/izdelek\\\/bombazni-kompletek-za-novorojencka-sivili-smetana\\\/\",\"name\":\"Bomba\u017eni kompletek za novorojen\u010dka Sivili - Smetana | Ajatutaja\",\"isPartOf\":{\"@id\":\"https:\\\/\\\/ajatutaja.com\\\/#website\"},\"primaryImageOfPage\":{\"@id\":\"https:\\\/\\\/ajatutaja.com\\\/izdelek\\\/bombazni-kompletek-za-novorojencka-sivili-smetana\\\/#primaryimage\"},\"image\":{\"@id\":\"https:\\\/\\\/ajatutaja.com\\\/izdelek\\\/bombazni-kompletek-za-novorojencka-sivili-smetana\\\/#primaryimage\"},\"thumbnailUrl\":\"https:\\\/\\\/ajatutaja.com\\\/wp-content\\\/uploads\\\/2021\\\/11\\\/Otroski-bombazni-komplet-za-dojencka-02801-1.jpg\",\"datePublished\":\"2021-02-02T16:21:14+00:00\",\"dateModified\":\"2023-04-12T13:49:25+00:00\",\"description\":\"3 delni kompletek za novorojen\u010dka Sivili je najbolj\u0161a izbira za va\u0161ega prihajajo\u010dega dru\u017einskega \u010dlana. Kompletek je izdelan iz mehkega bomba\u017ea.\",\"breadcrumb\":{\"@id\":\"https:\\\/\\\/ajatutaja.com\\\/izdelek\\\/bombazni-kompletek-za-novorojencka-sivili-smetana\\\/#breadcrumb\"},\"inLanguage\":\"hr\",\"potentialAction\":[{\"@type\":\"ReadAction\",\"target\":[\"https:\\\/\\\/ajatutaja.com\\\/izdelek\\\/bombazni-kompletek-za-novorojencka-sivili-smetana\\\/\"]}]},{\"@type\":\"ImageObject\",\"inLanguage\":\"hr\",\"@id\":\"https:\\\/\\\/ajatutaja.com\\\/izdelek\\\/bombazni-kompletek-za-novorojencka-sivili-smetana\\\/#primaryimage\",\"url\":\"https:\\\/\\\/ajatutaja.com\\\/wp-content\\\/uploads\\\/2021\\\/11\\\/Otroski-bombazni-komplet-za-dojencka-02801-1.jpg\",\"contentUrl\":\"https:\\\/\\\/ajatutaja.com\\\/wp-content\\\/uploads\\\/2021\\\/11\\\/Otroski-bombazni-komplet-za-dojencka-02801-1.jpg\",\"width\":700,\"height\":700},{\"@type\":\"BreadcrumbList\",\"@id\":\"https:\\\/\\\/ajatutaja.com\\\/izdelek\\\/bombazni-kompletek-za-novorojencka-sivili-smetana\\\/#breadcrumb\",\"itemListElement\":[{\"@type\":\"ListItem\",\"position\":1,\"name\":\"Home\",\"item\":\"https:\\\/\\\/ajatutaja.com\\\/hr\\\/\"},{\"@type\":\"ListItem\",\"position\":2,\"name\":\"Trgovina\",\"item\":\"https:\\\/\\\/ajatutaja.com\\\/hr\\\/trgovina\\\/\"},{\"@type\":\"ListItem\",\"position\":3,\"name\":\"Bomba\u017eni kompletek za novorojen\u010dka Sivili &#8211; Smetana\"}]},{\"@type\":\"WebSite\",\"@id\":\"https:\\\/\\\/ajatutaja.com\\\/#website\",\"url\":\"https:\\\/\\\/ajatutaja.com\\\/\",\"name\":\"Ajatutaja\",\"description\":\"Otro\u0161ka spletna trgovina AJATUTAJA\",\"publisher\":{\"@id\":\"https:\\\/\\\/ajatutaja.com\\\/#organization\"},\"potentialAction\":[{\"@type\":\"SearchAction\",\"target\":{\"@type\":\"EntryPoint\",\"urlTemplate\":\"https:\\\/\\\/ajatutaja.com\\\/?s={search_term_string}\"},\"query-input\":{\"@type\":\"PropertyValueSpecification\",\"valueRequired\":true,\"valueName\":\"search_term_string\"}}],\"inLanguage\":\"hr\"},{\"@type\":\"Organization\",\"@id\":\"https:\\\/\\\/ajatutaja.com\\\/#organization\",\"name\":\"Ajatutaja\",\"url\":\"https:\\\/\\\/ajatutaja.com\\\/\",\"logo\":{\"@type\":\"ImageObject\",\"inLanguage\":\"hr\",\"@id\":\"https:\\\/\\\/ajatutaja.com\\\/#\\\/schema\\\/logo\\\/image\\\/\",\"url\":\"https:\\\/\\\/ajatutaja.com\\\/wp-content\\\/uploads\\\/2021\\\/10\\\/logo.png\",\"contentUrl\":\"https:\\\/\\\/ajatutaja.com\\\/wp-content\\\/uploads\\\/2021\\\/10\\\/logo.png\",\"width\":555,\"height\":150,\"caption\":\"Ajatutaja\"},\"image\":{\"@id\":\"https:\\\/\\\/ajatutaja.com\\\/#\\\/schema\\\/logo\\\/image\\\/\"}}]}<\/script>\n<!-- \/ Yoast SEO plugin. -->","yoast_head_json":{"title":"Bomba\u017eni kompletek za novorojen\u010dka Sivili - Smetana | Ajatutaja","description":"3 delni kompletek za novorojen\u010dka Sivili je najbolj\u0161a izbira za va\u0161ega prihajajo\u010dega dru\u017einskega \u010dlana. Kompletek je izdelan iz mehkega bomba\u017ea.","robots":{"index":"index","follow":"follow","max-snippet":"max-snippet:-1","max-image-preview":"max-image-preview:large","max-video-preview":"max-video-preview:-1"},"canonical":"https:\/\/ajatutaja.com\/izdelek\/bombazni-kompletek-za-novorojencka-sivili-smetana\/","og_locale":"hr_HR","og_type":"article","og_title":"Bomba\u017eni kompletek za novorojen\u010dka Sivili - Smetana | Ajatutaja","og_description":"3 delni kompletek za novorojen\u010dka Sivili je najbolj\u0161a izbira za va\u0161ega prihajajo\u010dega dru\u017einskega \u010dlana. Kompletek je izdelan iz mehkega bomba\u017ea.","og_url":"https:\/\/ajatutaja.com\/izdelek\/bombazni-kompletek-za-novorojencka-sivili-smetana\/","og_site_name":"Ajatutaja","article_modified_time":"2023-04-12T13:49:25+00:00","og_image":[{"width":700,"height":700,"url":"https:\/\/ajatutaja.com\/wp-content\/uploads\/2021\/11\/Otroski-bombazni-komplet-za-dojencka-02801-1.jpg","type":"image\/jpeg"}],"twitter_card":"summary_large_image","twitter_misc":{"Procijenjeno vrijeme \u010ditanja":"1 minuta"},"schema":{"@context":"https:\/\/schema.org","@graph":[{"@type":"WebPage","@id":"https:\/\/ajatutaja.com\/izdelek\/bombazni-kompletek-za-novorojencka-sivili-smetana\/","url":"https:\/\/ajatutaja.com\/izdelek\/bombazni-kompletek-za-novorojencka-sivili-smetana\/","name":"Bomba\u017eni kompletek za novorojen\u010dka Sivili - Smetana | Ajatutaja","isPartOf":{"@id":"https:\/\/ajatutaja.com\/#website"},"primaryImageOfPage":{"@id":"https:\/\/ajatutaja.com\/izdelek\/bombazni-kompletek-za-novorojencka-sivili-smetana\/#primaryimage"},"image":{"@id":"https:\/\/ajatutaja.com\/izdelek\/bombazni-kompletek-za-novorojencka-sivili-smetana\/#primaryimage"},"thumbnailUrl":"https:\/\/ajatutaja.com\/wp-content\/uploads\/2021\/11\/Otroski-bombazni-komplet-za-dojencka-02801-1.jpg","datePublished":"2021-02-02T16:21:14+00:00","dateModified":"2023-04-12T13:49:25+00:00","description":"3 delni kompletek za novorojen\u010dka Sivili je najbolj\u0161a izbira za va\u0161ega prihajajo\u010dega dru\u017einskega \u010dlana. Kompletek je izdelan iz mehkega bomba\u017ea.","breadcrumb":{"@id":"https:\/\/ajatutaja.com\/izdelek\/bombazni-kompletek-za-novorojencka-sivili-smetana\/#breadcrumb"},"inLanguage":"hr","potentialAction":[{"@type":"ReadAction","target":["https:\/\/ajatutaja.com\/izdelek\/bombazni-kompletek-za-novorojencka-sivili-smetana\/"]}]},{"@type":"ImageObject","inLanguage":"hr","@id":"https:\/\/ajatutaja.com\/izdelek\/bombazni-kompletek-za-novorojencka-sivili-smetana\/#primaryimage","url":"https:\/\/ajatutaja.com\/wp-content\/uploads\/2021\/11\/Otroski-bombazni-komplet-za-dojencka-02801-1.jpg","contentUrl":"https:\/\/ajatutaja.com\/wp-content\/uploads\/2021\/11\/Otroski-bombazni-komplet-za-dojencka-02801-1.jpg","width":700,"height":700},{"@type":"BreadcrumbList","@id":"https:\/\/ajatutaja.com\/izdelek\/bombazni-kompletek-za-novorojencka-sivili-smetana\/#breadcrumb","itemListElement":[{"@type":"ListItem","position":1,"name":"Home","item":"https:\/\/ajatutaja.com\/hr\/"},{"@type":"ListItem","position":2,"name":"Trgovina","item":"https:\/\/ajatutaja.com\/hr\/trgovina\/"},{"@type":"ListItem","position":3,"name":"Bomba\u017eni kompletek za novorojen\u010dka Sivili &#8211; Smetana"}]},{"@type":"WebSite","@id":"https:\/\/ajatutaja.com\/#website","url":"https:\/\/ajatutaja.com\/","name":"Ajatutaja","description":"Otro\u0161ka spletna trgovina AJATUTAJA","publisher":{"@id":"https:\/\/ajatutaja.com\/#organization"},"potentialAction":[{"@type":"SearchAction","target":{"@type":"EntryPoint","urlTemplate":"https:\/\/ajatutaja.com\/?s={search_term_string}"},"query-input":{"@type":"PropertyValueSpecification","valueRequired":true,"valueName":"search_term_string"}}],"inLanguage":"hr"},{"@type":"Organization","@id":"https:\/\/ajatutaja.com\/#organization","name":"Ajatutaja","url":"https:\/\/ajatutaja.com\/","logo":{"@type":"ImageObject","inLanguage":"hr","@id":"https:\/\/ajatutaja.com\/#\/schema\/logo\/image\/","url":"https:\/\/ajatutaja.com\/wp-content\/uploads\/2021\/10\/logo.png","contentUrl":"https:\/\/ajatutaja.com\/wp-content\/uploads\/2021\/10\/logo.png","width":555,"height":150,"caption":"Ajatutaja"},"image":{"@id":"https:\/\/ajatutaja.com\/#\/schema\/logo\/image\/"}}]}},"brands":[{"id":2696,"name":"Moda","slug":"moda"},{"id":2697,"name":"Sivili","slug":"sivili"}],"_links":{"self":[{"href":"https:\/\/ajatutaja.com\/hr\/wp-json\/wp\/v2\/product\/24106","targetHints":{"allow":["GET"]}}],"collection":[{"href":"https:\/\/ajatutaja.com\/hr\/wp-json\/wp\/v2\/product"}],"about":[{"href":"https:\/\/ajatutaja.com\/hr\/wp-json\/wp\/v2\/types\/product"}],"wp:featuredmedia":[{"embeddable":true,"href":"https:\/\/ajatutaja.com\/hr\/wp-json\/wp\/v2\/media\/24107"}],"wp:attachment":[{"href":"https:\/\/ajatutaja.com\/hr\/wp-json\/wp\/v2\/media?parent=24106"}],"wp:term":[{"taxonomy":"pwb-brand","embeddable":true,"href":"https:\/\/ajatutaja.com\/hr\/wp-json\/wp\/v2\/pwb-brand?post=24106"},{"taxonomy":"product_brand","embeddable":true,"href":"https:\/\/ajatutaja.com\/hr\/wp-json\/wp\/v2\/product_brand?post=24106"},{"taxonomy":"product_cat","embeddable":true,"href":"https:\/\/ajatutaja.com\/hr\/wp-json\/wp\/v2\/product_cat?post=24106"},{"taxonomy":"product_tag","embeddable":true,"href":"https:\/\/ajatutaja.com\/hr\/wp-json\/wp\/v2\/product_tag?post=24106"}],"curies":[{"name":"wp","href":"https:\/\/api.w.org\/{rel}","templated":true}]}}