{"id":24060,"date":"2021-01-22T14:00:28","date_gmt":"2021-01-22T13:00:28","guid":{"rendered":"https:\/\/ajatutaja.com\/izdelek\/bibs-okrogla-duda-iz-kavcuka-pak-2-night-sage\/"},"modified":"2026-01-05T08:24:48","modified_gmt":"2026-01-05T07:24:48","slug":"bibs-okrogla-duda-iz-kavcuka-pak-2-night-sage","status":"publish","type":"product","link":"https:\/\/ajatutaja.com\/hr\/proizvod\/bibs-okrogla-duda-iz-kavcuka-pak-2-night-sage\/","title":{"rendered":"BIBS okrogla duda iz kav\u010duka pak.2 Night Glow &#8211; Sage\/Cloud (18+ mes)"},"content":{"rendered":"<p>Svetovno znane BIBS dude z zna\u010dilnim okroglim \u0161\u010ditom in vpojnim delom v obliki \u010de\u0161nje, dajejo otrokom udobje in varnost \u017ee skoraj 50 let.<\/p>\n<p><em>BIBS dudice so na voljo tudi v trgovini Ajatutaja Koper!<\/em><\/p>\n<p>Okrogli, svetlobni \u0161\u010dit je obrnjen pro\u010d od obraza otroka. To zagotavlja oskrbo zraka z ob\u010dutljivo ko\u017eo v obmo\u010dju ust in zmanj\u0161a dra\u017eenje.<\/p>\n<p>Sesalni del\u00a0 dude je izdelan iz 100% naravnega kav\u010duka. Naravni kav\u010duk je svilnat, mehak in fleksibilen ter daje otroku naravni ob\u010dutek sesanja. Okrogli zunanji del dude, pa je oblikovan tako, da je rahlo upognjen pro\u010d od obraza otroka. To zagotavlja oskrbo zraka z ob\u010dutljivo ko\u017eo v obmo\u010dju ust in zmanj\u0161a dra\u017eenje ne\u017ene dojen\u010dkove ko\u017ee.<\/p>\n<p>Lastnosti dudic BIBS:<\/p>\n<ul>\n<li>OKROGLA OBLIKA dudice ponazarja mamino bradavico (zato jo imajo radi tudi dojeni otroci)<\/li>\n<li>PONO\u010cI SE OKROGLI \u0160\u010cIT SVETI<\/li>\n<li>NARAVNI MATERIAL (cucelj je iz naravnega kav\u010duka, ostali deli pa iz kvalitetnega polipropilena, brez BPA, PVC in ftalatov)<\/li>\n<li>EN 1400 + A1 (dude BIBS so izdelane v skladu z najnovej\u0161im evropskim standardom varnosti in kakovosti)<\/li>\n<li>Oblikovano in izdelano na Danskem.<\/li>\n<li>SKLADI\u0160\u010cENJE Duda naj bo vedno suha in za\u0161\u010ditena pred umazanijo, npr. v omari ali na dnu \u0161katle. Izogibajte se dajanju dude v neposredni son\u010dni svetlobi in vro\u010dini, saj lahko to oslabi naravni lateks. Prav tako ne shranjujte dude v razku\u017eilu \/ sterilizirajo\u010di teko\u010dini.<\/li>\n<li>\u010cI\u0160\u010cENJE: Pred prvo uporabo dude, dajte dudo v vrelo vodo za vsaj 5 minut.<\/li>\n<\/ul>\n","protected":false},"excerpt":{"rendered":"<p>No\u010dna verzija BIBS dudic Night Glow imajo obro\u010dek, ki pono\u010di sveti. Kar olaj\u0161a no\u010dno iskanje izgubljene dude. Sesalni del je izdelan iz 100% naravnega kav\u010duka. Naravni kav\u010duk je svilnat, mehak in fleksibilen, ter daje otroku naravni ob\u010dutek sesanja.<\/p>\n","protected":false},"featured_media":24061,"template":"","meta":[],"pwb-brand":[2316,2269],"product_brand":[],"product_cat":[2306,2266],"product_tag":[4118,4457],"class_list":{"0":"post-24060","1":"product","2":"type-product","3":"status-publish","4":"has-post-thumbnail","6":"pwb-brand-bibs","7":"pwb-brand-hranjenje","8":"product_cat-dude-in-priponke","9":"product_cat-hranjenje","10":"product_tag-bibs","11":"product_tag-bibs-night","13":"first","14":"instock","15":"taxable","16":"shipping-taxable","17":"purchasable","18":"product-type-variable","19":"add-to-wishlist-before_image"},"yoast_head":"<!-- This site is optimized with the Yoast SEO plugin v27.3 - https:\/\/yoast.com\/product\/yoast-seo-wordpress\/ -->\n<title>BIBS okrogla duda iz kav\u010duka pak.2 Night Glow - Sage\/Cloud (18+ mes) | Ajatutaja<\/title>\n<meta name=\"description\" content=\"No\u010dna verzija BIBS dudic Night Glow imajo obro\u010dek, ki pono\u010di sveti. Kar olaj\u0161a no\u010dno iskanje izgubljene dude. Sesalni del je izdelan iz 100% naravnega kav\u010duka. Naravni kav\u010duk je svilnat, mehak in fleksibilen, ter daje otroku naravni ob\u010dutek sesanja.\" \/>\n<meta name=\"robots\" content=\"index, follow, max-snippet:-1, max-image-preview:large, max-video-preview:-1\" \/>\n<link rel=\"canonical\" href=\"https:\/\/ajatutaja.com\/izdelek\/bibs-okrogla-duda-iz-kavcuka-pak-2-night-sage\/\" \/>\n<meta property=\"og:locale\" content=\"hr_HR\" \/>\n<meta property=\"og:type\" content=\"article\" \/>\n<meta property=\"og:title\" content=\"BIBS okrogla duda iz kav\u010duka pak.2 Night Glow - Sage\/Cloud (18+ mes) | Ajatutaja\" \/>\n<meta property=\"og:description\" content=\"No\u010dna verzija BIBS dudic Night Glow imajo obro\u010dek, ki pono\u010di sveti. Kar olaj\u0161a no\u010dno iskanje izgubljene dude. Sesalni del je izdelan iz 100% naravnega kav\u010duka. Naravni kav\u010duk je svilnat, mehak in fleksibilen, ter daje otroku naravni ob\u010dutek sesanja.\" \/>\n<meta property=\"og:url\" content=\"https:\/\/ajatutaja.com\/izdelek\/bibs-okrogla-duda-iz-kavcuka-pak-2-night-sage\/\" \/>\n<meta property=\"og:site_name\" content=\"Ajatutaja\" \/>\n<meta property=\"article:modified_time\" content=\"2026-01-05T07:24:48+00:00\" \/>\n<meta property=\"og:image\" content=\"https:\/\/ajatutaja.com\/wp-content\/uploads\/2021\/11\/BIBS-night-duda-iz-kavcuka-sage-ajatutaja-2.jpg\" \/>\n\t<meta property=\"og:image:width\" content=\"450\" \/>\n\t<meta property=\"og:image:height\" content=\"450\" \/>\n\t<meta property=\"og:image:type\" content=\"image\/jpeg\" \/>\n<meta name=\"twitter:card\" content=\"summary_large_image\" \/>\n<meta name=\"twitter:label1\" content=\"Procijenjeno vrijeme \u010ditanja\" \/>\n\t<meta name=\"twitter:data1\" content=\"1 minuta\" \/>\n<script type=\"application\/ld+json\" class=\"yoast-schema-graph\">{\"@context\":\"https:\\\/\\\/schema.org\",\"@graph\":[{\"@type\":\"WebPage\",\"@id\":\"https:\\\/\\\/ajatutaja.com\\\/izdelek\\\/bibs-okrogla-duda-iz-kavcuka-pak-2-night-sage\\\/\",\"url\":\"https:\\\/\\\/ajatutaja.com\\\/izdelek\\\/bibs-okrogla-duda-iz-kavcuka-pak-2-night-sage\\\/\",\"name\":\"BIBS okrogla duda iz kav\u010duka pak.2 Night Glow - Sage\\\/Cloud (18+ mes) | Ajatutaja\",\"isPartOf\":{\"@id\":\"https:\\\/\\\/ajatutaja.com\\\/#website\"},\"primaryImageOfPage\":{\"@id\":\"https:\\\/\\\/ajatutaja.com\\\/izdelek\\\/bibs-okrogla-duda-iz-kavcuka-pak-2-night-sage\\\/#primaryimage\"},\"image\":{\"@id\":\"https:\\\/\\\/ajatutaja.com\\\/izdelek\\\/bibs-okrogla-duda-iz-kavcuka-pak-2-night-sage\\\/#primaryimage\"},\"thumbnailUrl\":\"https:\\\/\\\/ajatutaja.com\\\/wp-content\\\/uploads\\\/2021\\\/11\\\/BIBS-night-duda-iz-kavcuka-sage-ajatutaja-2.jpg\",\"datePublished\":\"2021-01-22T13:00:28+00:00\",\"dateModified\":\"2026-01-05T07:24:48+00:00\",\"description\":\"No\u010dna verzija BIBS dudic Night Glow imajo obro\u010dek, ki pono\u010di sveti. Kar olaj\u0161a no\u010dno iskanje izgubljene dude. Sesalni del je izdelan iz 100% naravnega kav\u010duka. Naravni kav\u010duk je svilnat, mehak in fleksibilen, ter daje otroku naravni ob\u010dutek sesanja.\",\"breadcrumb\":{\"@id\":\"https:\\\/\\\/ajatutaja.com\\\/izdelek\\\/bibs-okrogla-duda-iz-kavcuka-pak-2-night-sage\\\/#breadcrumb\"},\"inLanguage\":\"hr\",\"potentialAction\":[{\"@type\":\"ReadAction\",\"target\":[\"https:\\\/\\\/ajatutaja.com\\\/izdelek\\\/bibs-okrogla-duda-iz-kavcuka-pak-2-night-sage\\\/\"]}]},{\"@type\":\"ImageObject\",\"inLanguage\":\"hr\",\"@id\":\"https:\\\/\\\/ajatutaja.com\\\/izdelek\\\/bibs-okrogla-duda-iz-kavcuka-pak-2-night-sage\\\/#primaryimage\",\"url\":\"https:\\\/\\\/ajatutaja.com\\\/wp-content\\\/uploads\\\/2021\\\/11\\\/BIBS-night-duda-iz-kavcuka-sage-ajatutaja-2.jpg\",\"contentUrl\":\"https:\\\/\\\/ajatutaja.com\\\/wp-content\\\/uploads\\\/2021\\\/11\\\/BIBS-night-duda-iz-kavcuka-sage-ajatutaja-2.jpg\",\"width\":450,\"height\":450},{\"@type\":\"BreadcrumbList\",\"@id\":\"https:\\\/\\\/ajatutaja.com\\\/izdelek\\\/bibs-okrogla-duda-iz-kavcuka-pak-2-night-sage\\\/#breadcrumb\",\"itemListElement\":[{\"@type\":\"ListItem\",\"position\":1,\"name\":\"Home\",\"item\":\"https:\\\/\\\/ajatutaja.com\\\/hr\\\/\"},{\"@type\":\"ListItem\",\"position\":2,\"name\":\"Trgovina\",\"item\":\"https:\\\/\\\/ajatutaja.com\\\/hr\\\/trgovina\\\/\"},{\"@type\":\"ListItem\",\"position\":3,\"name\":\"BIBS okrogla duda iz kav\u010duka pak.2 Night Glow &#8211; Sage\\\/Cloud (18+ mes)\"}]},{\"@type\":\"WebSite\",\"@id\":\"https:\\\/\\\/ajatutaja.com\\\/#website\",\"url\":\"https:\\\/\\\/ajatutaja.com\\\/\",\"name\":\"Ajatutaja\",\"description\":\"Otro\u0161ka spletna trgovina AJATUTAJA\",\"publisher\":{\"@id\":\"https:\\\/\\\/ajatutaja.com\\\/#organization\"},\"potentialAction\":[{\"@type\":\"SearchAction\",\"target\":{\"@type\":\"EntryPoint\",\"urlTemplate\":\"https:\\\/\\\/ajatutaja.com\\\/?s={search_term_string}\"},\"query-input\":{\"@type\":\"PropertyValueSpecification\",\"valueRequired\":true,\"valueName\":\"search_term_string\"}}],\"inLanguage\":\"hr\"},{\"@type\":\"Organization\",\"@id\":\"https:\\\/\\\/ajatutaja.com\\\/#organization\",\"name\":\"Ajatutaja\",\"url\":\"https:\\\/\\\/ajatutaja.com\\\/\",\"logo\":{\"@type\":\"ImageObject\",\"inLanguage\":\"hr\",\"@id\":\"https:\\\/\\\/ajatutaja.com\\\/#\\\/schema\\\/logo\\\/image\\\/\",\"url\":\"https:\\\/\\\/ajatutaja.com\\\/wp-content\\\/uploads\\\/2021\\\/10\\\/logo.png\",\"contentUrl\":\"https:\\\/\\\/ajatutaja.com\\\/wp-content\\\/uploads\\\/2021\\\/10\\\/logo.png\",\"width\":555,\"height\":150,\"caption\":\"Ajatutaja\"},\"image\":{\"@id\":\"https:\\\/\\\/ajatutaja.com\\\/#\\\/schema\\\/logo\\\/image\\\/\"}}]}<\/script>\n<!-- \/ Yoast SEO plugin. -->","yoast_head_json":{"title":"BIBS okrogla duda iz kav\u010duka pak.2 Night Glow - Sage\/Cloud (18+ mes) | Ajatutaja","description":"No\u010dna verzija BIBS dudic Night Glow imajo obro\u010dek, ki pono\u010di sveti. Kar olaj\u0161a no\u010dno iskanje izgubljene dude. Sesalni del je izdelan iz 100% naravnega kav\u010duka. Naravni kav\u010duk je svilnat, mehak in fleksibilen, ter daje otroku naravni ob\u010dutek sesanja.","robots":{"index":"index","follow":"follow","max-snippet":"max-snippet:-1","max-image-preview":"max-image-preview:large","max-video-preview":"max-video-preview:-1"},"canonical":"https:\/\/ajatutaja.com\/izdelek\/bibs-okrogla-duda-iz-kavcuka-pak-2-night-sage\/","og_locale":"hr_HR","og_type":"article","og_title":"BIBS okrogla duda iz kav\u010duka pak.2 Night Glow - Sage\/Cloud (18+ mes) | Ajatutaja","og_description":"No\u010dna verzija BIBS dudic Night Glow imajo obro\u010dek, ki pono\u010di sveti. Kar olaj\u0161a no\u010dno iskanje izgubljene dude. Sesalni del je izdelan iz 100% naravnega kav\u010duka. Naravni kav\u010duk je svilnat, mehak in fleksibilen, ter daje otroku naravni ob\u010dutek sesanja.","og_url":"https:\/\/ajatutaja.com\/izdelek\/bibs-okrogla-duda-iz-kavcuka-pak-2-night-sage\/","og_site_name":"Ajatutaja","article_modified_time":"2026-01-05T07:24:48+00:00","og_image":[{"width":450,"height":450,"url":"https:\/\/ajatutaja.com\/wp-content\/uploads\/2021\/11\/BIBS-night-duda-iz-kavcuka-sage-ajatutaja-2.jpg","type":"image\/jpeg"}],"twitter_card":"summary_large_image","twitter_misc":{"Procijenjeno vrijeme \u010ditanja":"1 minuta"},"schema":{"@context":"https:\/\/schema.org","@graph":[{"@type":"WebPage","@id":"https:\/\/ajatutaja.com\/izdelek\/bibs-okrogla-duda-iz-kavcuka-pak-2-night-sage\/","url":"https:\/\/ajatutaja.com\/izdelek\/bibs-okrogla-duda-iz-kavcuka-pak-2-night-sage\/","name":"BIBS okrogla duda iz kav\u010duka pak.2 Night Glow - Sage\/Cloud (18+ mes) | Ajatutaja","isPartOf":{"@id":"https:\/\/ajatutaja.com\/#website"},"primaryImageOfPage":{"@id":"https:\/\/ajatutaja.com\/izdelek\/bibs-okrogla-duda-iz-kavcuka-pak-2-night-sage\/#primaryimage"},"image":{"@id":"https:\/\/ajatutaja.com\/izdelek\/bibs-okrogla-duda-iz-kavcuka-pak-2-night-sage\/#primaryimage"},"thumbnailUrl":"https:\/\/ajatutaja.com\/wp-content\/uploads\/2021\/11\/BIBS-night-duda-iz-kavcuka-sage-ajatutaja-2.jpg","datePublished":"2021-01-22T13:00:28+00:00","dateModified":"2026-01-05T07:24:48+00:00","description":"No\u010dna verzija BIBS dudic Night Glow imajo obro\u010dek, ki pono\u010di sveti. Kar olaj\u0161a no\u010dno iskanje izgubljene dude. Sesalni del je izdelan iz 100% naravnega kav\u010duka. Naravni kav\u010duk je svilnat, mehak in fleksibilen, ter daje otroku naravni ob\u010dutek sesanja.","breadcrumb":{"@id":"https:\/\/ajatutaja.com\/izdelek\/bibs-okrogla-duda-iz-kavcuka-pak-2-night-sage\/#breadcrumb"},"inLanguage":"hr","potentialAction":[{"@type":"ReadAction","target":["https:\/\/ajatutaja.com\/izdelek\/bibs-okrogla-duda-iz-kavcuka-pak-2-night-sage\/"]}]},{"@type":"ImageObject","inLanguage":"hr","@id":"https:\/\/ajatutaja.com\/izdelek\/bibs-okrogla-duda-iz-kavcuka-pak-2-night-sage\/#primaryimage","url":"https:\/\/ajatutaja.com\/wp-content\/uploads\/2021\/11\/BIBS-night-duda-iz-kavcuka-sage-ajatutaja-2.jpg","contentUrl":"https:\/\/ajatutaja.com\/wp-content\/uploads\/2021\/11\/BIBS-night-duda-iz-kavcuka-sage-ajatutaja-2.jpg","width":450,"height":450},{"@type":"BreadcrumbList","@id":"https:\/\/ajatutaja.com\/izdelek\/bibs-okrogla-duda-iz-kavcuka-pak-2-night-sage\/#breadcrumb","itemListElement":[{"@type":"ListItem","position":1,"name":"Home","item":"https:\/\/ajatutaja.com\/hr\/"},{"@type":"ListItem","position":2,"name":"Trgovina","item":"https:\/\/ajatutaja.com\/hr\/trgovina\/"},{"@type":"ListItem","position":3,"name":"BIBS okrogla duda iz kav\u010duka pak.2 Night Glow &#8211; Sage\/Cloud (18+ mes)"}]},{"@type":"WebSite","@id":"https:\/\/ajatutaja.com\/#website","url":"https:\/\/ajatutaja.com\/","name":"Ajatutaja","description":"Otro\u0161ka spletna trgovina AJATUTAJA","publisher":{"@id":"https:\/\/ajatutaja.com\/#organization"},"potentialAction":[{"@type":"SearchAction","target":{"@type":"EntryPoint","urlTemplate":"https:\/\/ajatutaja.com\/?s={search_term_string}"},"query-input":{"@type":"PropertyValueSpecification","valueRequired":true,"valueName":"search_term_string"}}],"inLanguage":"hr"},{"@type":"Organization","@id":"https:\/\/ajatutaja.com\/#organization","name":"Ajatutaja","url":"https:\/\/ajatutaja.com\/","logo":{"@type":"ImageObject","inLanguage":"hr","@id":"https:\/\/ajatutaja.com\/#\/schema\/logo\/image\/","url":"https:\/\/ajatutaja.com\/wp-content\/uploads\/2021\/10\/logo.png","contentUrl":"https:\/\/ajatutaja.com\/wp-content\/uploads\/2021\/10\/logo.png","width":555,"height":150,"caption":"Ajatutaja"},"image":{"@id":"https:\/\/ajatutaja.com\/#\/schema\/logo\/image\/"}}]}},"brands":[{"id":2316,"name":"Bibs","slug":"bibs"},{"id":2269,"name":"Hranjenje","slug":"hranjenje"}],"_links":{"self":[{"href":"https:\/\/ajatutaja.com\/hr\/wp-json\/wp\/v2\/product\/24060","targetHints":{"allow":["GET"]}}],"collection":[{"href":"https:\/\/ajatutaja.com\/hr\/wp-json\/wp\/v2\/product"}],"about":[{"href":"https:\/\/ajatutaja.com\/hr\/wp-json\/wp\/v2\/types\/product"}],"wp:featuredmedia":[{"embeddable":true,"href":"https:\/\/ajatutaja.com\/hr\/wp-json\/wp\/v2\/media\/24061"}],"wp:attachment":[{"href":"https:\/\/ajatutaja.com\/hr\/wp-json\/wp\/v2\/media?parent=24060"}],"wp:term":[{"taxonomy":"pwb-brand","embeddable":true,"href":"https:\/\/ajatutaja.com\/hr\/wp-json\/wp\/v2\/pwb-brand?post=24060"},{"taxonomy":"product_brand","embeddable":true,"href":"https:\/\/ajatutaja.com\/hr\/wp-json\/wp\/v2\/product_brand?post=24060"},{"taxonomy":"product_cat","embeddable":true,"href":"https:\/\/ajatutaja.com\/hr\/wp-json\/wp\/v2\/product_cat?post=24060"},{"taxonomy":"product_tag","embeddable":true,"href":"https:\/\/ajatutaja.com\/hr\/wp-json\/wp\/v2\/product_tag?post=24060"}],"curies":[{"name":"wp","href":"https:\/\/api.w.org\/{rel}","templated":true}]}}