{"id":23976,"date":"2025-01-03T20:24:40","date_gmt":"2025-01-03T19:24:40","guid":{"rendered":"https:\/\/ajatutaja.com\/izdelek\/skiphop-univerzalni-nosilci-za-vozicek-grabgo\/"},"modified":"2025-11-15T22:17:27","modified_gmt":"2025-11-15T21:17:27","slug":"skiphop-univerzalni-nosilci-za-vozicek-grabgo","status":"publish","type":"product","link":"https:\/\/ajatutaja.com\/hr\/proizvod\/skiphop-univerzalni-nosilci-za-vozicek-grabgo\/","title":{"rendered":"SKIP*HOP univerzalni nosilci za vozi\u010dek Grab&amp;Go"},"content":{"rendered":"<p style=\"text-align: justify\">Skip*Hop Grab&amp;Go univerzalne nosilce enostavno namestimo na ro\u010daj otro\u0161kega vozi\u010dka. S pomo\u010djo velkro trakov je namestitev zelo preprosta. Na spodnjem delu sta zati\u010da, na katere obesimo torbo, nahrbtnik ali vre\u010dko. Ne vsebujejo PVC.<\/p>\n<p>Dimenzije: 3.51 x 0.1 x 30.48 cm<\/p>\n<p style=\"text-align: justify\"><strong>OPOZORILO:<\/strong> V kolikor obesite prekomerno te\u017eko torbo na ro\u010daj vozi\u010dka, obstaja mo\u017enost prevrnitve vozi\u010dka ali nestabilnosti. Zato prosim upo\u0161tevjte navodila proizvajalca vozi\u010dka, ki ga uporabljate.<\/p>\n","protected":false},"excerpt":{"rendered":"<p style=\"text-align: justify\">Univerzalne nosilce za torbe Skip*Hop Grab&amp;Go je mo\u017eno namestiti ro\u010daj kateregakoli otro\u0161kega vozi\u010dka. Bodisi z enojnim ali dvojnimi ro\u010daji. S pomo\u010djo univerzalnih nosilcev, boste lahko na vozi\u010dek pritrdili va\u0161o najljub\u0161o torbico ali pa ustrezno fiksirate odejico ali pleni\u010dko na vozi\u010dek.<\/p>\n","protected":false},"featured_media":23977,"template":"","meta":[],"pwb-brand":[2409,2423],"product_brand":[],"product_cat":[2370,2742,2408,2361],"product_tag":[4022],"class_list":{"0":"post-23976","1":"product","2":"type-product","3":"status-publish","4":"has-post-thumbnail","6":"pwb-brand-potepanje","7":"pwb-brand-skip-hop-potepanje","8":"product_cat-dodatna-oprema-vozicki","9":"product_cat-outlet","10":"product_cat-poletni-pripomocki","11":"product_cat-potepanje","12":"product_tag-skiphop","14":"first","15":"instock","16":"sale","17":"taxable","18":"shipping-taxable","19":"purchasable","20":"product-type-variable","21":"add-to-wishlist-before_image"},"yoast_head":"<!-- This site is optimized with the Yoast SEO plugin v27.6 - https:\/\/yoast.com\/product\/yoast-seo-wordpress\/ -->\n<title>SKIP*HOP univerzalni nosilci za vozi\u010dek Grab&amp;Go | Ajatutaja<\/title>\n<meta name=\"description\" content=\"Univerzalne nosilce za torbe Skip*Hop Grab&amp;Go je mo\u017eno namestiti ro\u010daj kateregakoli otro\u0161kega vozi\u010dka. Bodisi z enojnim ali dvojnimi ro\u010daji. Enostavna namestitev.\" \/>\n<meta name=\"robots\" content=\"index, follow, max-snippet:-1, max-image-preview:large, max-video-preview:-1\" \/>\n<link rel=\"canonical\" href=\"https:\/\/ajatutaja.com\/izdelek\/skiphop-univerzalni-nosilci-za-vozicek-grabgo\/\" \/>\n<meta property=\"og:locale\" content=\"hr_HR\" \/>\n<meta property=\"og:type\" content=\"article\" \/>\n<meta property=\"og:title\" content=\"SKIP*HOP univerzalni nosilci za vozi\u010dek Grab&amp;Go | Ajatutaja\" \/>\n<meta property=\"og:description\" content=\"Univerzalne nosilce za torbe Skip*Hop Grab&amp;Go je mo\u017eno namestiti ro\u010daj kateregakoli otro\u0161kega vozi\u010dka. Bodisi z enojnim ali dvojnimi ro\u010daji. Enostavna namestitev.\" \/>\n<meta property=\"og:url\" content=\"https:\/\/ajatutaja.com\/izdelek\/skiphop-univerzalni-nosilci-za-vozicek-grabgo\/\" \/>\n<meta property=\"og:site_name\" content=\"Ajatutaja\" \/>\n<meta property=\"article:modified_time\" content=\"2025-11-15T21:17:27+00:00\" \/>\n<meta property=\"og:image\" content=\"https:\/\/ajatutaja.com\/wp-content\/uploads\/2021\/11\/skip-hop-grab-go-blanket-clips-lime-49-e1609705591891.jpg\" \/>\n\t<meta property=\"og:image:width\" content=\"600\" \/>\n\t<meta property=\"og:image:height\" content=\"675\" \/>\n\t<meta property=\"og:image:type\" content=\"image\/jpeg\" \/>\n<meta name=\"twitter:card\" content=\"summary_large_image\" \/>\n<script type=\"application\/ld+json\" class=\"yoast-schema-graph\">{\"@context\":\"https:\\\/\\\/schema.org\",\"@graph\":[{\"@type\":\"WebPage\",\"@id\":\"https:\\\/\\\/ajatutaja.com\\\/izdelek\\\/skiphop-univerzalni-nosilci-za-vozicek-grabgo\\\/\",\"url\":\"https:\\\/\\\/ajatutaja.com\\\/izdelek\\\/skiphop-univerzalni-nosilci-za-vozicek-grabgo\\\/\",\"name\":\"SKIP*HOP univerzalni nosilci za vozi\u010dek Grab&amp;Go | Ajatutaja\",\"isPartOf\":{\"@id\":\"https:\\\/\\\/ajatutaja.com\\\/#website\"},\"primaryImageOfPage\":{\"@id\":\"https:\\\/\\\/ajatutaja.com\\\/izdelek\\\/skiphop-univerzalni-nosilci-za-vozicek-grabgo\\\/#primaryimage\"},\"image\":{\"@id\":\"https:\\\/\\\/ajatutaja.com\\\/izdelek\\\/skiphop-univerzalni-nosilci-za-vozicek-grabgo\\\/#primaryimage\"},\"thumbnailUrl\":\"https:\\\/\\\/ajatutaja.com\\\/wp-content\\\/uploads\\\/2021\\\/11\\\/skip-hop-grab-go-blanket-clips-lime-49-e1609705591891.jpg\",\"datePublished\":\"2025-01-03T19:24:40+00:00\",\"dateModified\":\"2025-11-15T21:17:27+00:00\",\"description\":\"Univerzalne nosilce za torbe Skip*Hop Grab&Go je mo\u017eno namestiti ro\u010daj kateregakoli otro\u0161kega vozi\u010dka. Bodisi z enojnim ali dvojnimi ro\u010daji. Enostavna namestitev.\",\"breadcrumb\":{\"@id\":\"https:\\\/\\\/ajatutaja.com\\\/izdelek\\\/skiphop-univerzalni-nosilci-za-vozicek-grabgo\\\/#breadcrumb\"},\"inLanguage\":\"hr\",\"potentialAction\":[{\"@type\":\"ReadAction\",\"target\":[\"https:\\\/\\\/ajatutaja.com\\\/izdelek\\\/skiphop-univerzalni-nosilci-za-vozicek-grabgo\\\/\"]}]},{\"@type\":\"ImageObject\",\"inLanguage\":\"hr\",\"@id\":\"https:\\\/\\\/ajatutaja.com\\\/izdelek\\\/skiphop-univerzalni-nosilci-za-vozicek-grabgo\\\/#primaryimage\",\"url\":\"https:\\\/\\\/ajatutaja.com\\\/wp-content\\\/uploads\\\/2021\\\/11\\\/skip-hop-grab-go-blanket-clips-lime-49-e1609705591891.jpg\",\"contentUrl\":\"https:\\\/\\\/ajatutaja.com\\\/wp-content\\\/uploads\\\/2021\\\/11\\\/skip-hop-grab-go-blanket-clips-lime-49-e1609705591891.jpg\",\"width\":600,\"height\":675},{\"@type\":\"BreadcrumbList\",\"@id\":\"https:\\\/\\\/ajatutaja.com\\\/izdelek\\\/skiphop-univerzalni-nosilci-za-vozicek-grabgo\\\/#breadcrumb\",\"itemListElement\":[{\"@type\":\"ListItem\",\"position\":1,\"name\":\"Home\",\"item\":\"https:\\\/\\\/ajatutaja.com\\\/hr\\\/\"},{\"@type\":\"ListItem\",\"position\":2,\"name\":\"Trgovina\",\"item\":\"https:\\\/\\\/ajatutaja.com\\\/hr\\\/trgovina\\\/\"},{\"@type\":\"ListItem\",\"position\":3,\"name\":\"SKIP*HOP univerzalni nosilci za vozi\u010dek Grab&amp;Go\"}]},{\"@type\":\"WebSite\",\"@id\":\"https:\\\/\\\/ajatutaja.com\\\/#website\",\"url\":\"https:\\\/\\\/ajatutaja.com\\\/\",\"name\":\"Ajatutaja\",\"description\":\"Otro\u0161ka spletna trgovina AJATUTAJA\",\"publisher\":{\"@id\":\"https:\\\/\\\/ajatutaja.com\\\/#organization\"},\"potentialAction\":[{\"@type\":\"SearchAction\",\"target\":{\"@type\":\"EntryPoint\",\"urlTemplate\":\"https:\\\/\\\/ajatutaja.com\\\/?s={search_term_string}\"},\"query-input\":{\"@type\":\"PropertyValueSpecification\",\"valueRequired\":true,\"valueName\":\"search_term_string\"}}],\"inLanguage\":\"hr\"},{\"@type\":\"Organization\",\"@id\":\"https:\\\/\\\/ajatutaja.com\\\/#organization\",\"name\":\"Ajatutaja\",\"url\":\"https:\\\/\\\/ajatutaja.com\\\/\",\"logo\":{\"@type\":\"ImageObject\",\"inLanguage\":\"hr\",\"@id\":\"https:\\\/\\\/ajatutaja.com\\\/#\\\/schema\\\/logo\\\/image\\\/\",\"url\":\"https:\\\/\\\/ajatutaja.com\\\/wp-content\\\/uploads\\\/2021\\\/10\\\/logo.png\",\"contentUrl\":\"https:\\\/\\\/ajatutaja.com\\\/wp-content\\\/uploads\\\/2021\\\/10\\\/logo.png\",\"width\":555,\"height\":150,\"caption\":\"Ajatutaja\"},\"image\":{\"@id\":\"https:\\\/\\\/ajatutaja.com\\\/#\\\/schema\\\/logo\\\/image\\\/\"}}]}<\/script>\n<!-- \/ Yoast SEO plugin. -->","yoast_head_json":{"title":"SKIP*HOP univerzalni nosilci za vozi\u010dek Grab&amp;Go | Ajatutaja","description":"Univerzalne nosilce za torbe Skip*Hop Grab&Go je mo\u017eno namestiti ro\u010daj kateregakoli otro\u0161kega vozi\u010dka. Bodisi z enojnim ali dvojnimi ro\u010daji. Enostavna namestitev.","robots":{"index":"index","follow":"follow","max-snippet":"max-snippet:-1","max-image-preview":"max-image-preview:large","max-video-preview":"max-video-preview:-1"},"canonical":"https:\/\/ajatutaja.com\/izdelek\/skiphop-univerzalni-nosilci-za-vozicek-grabgo\/","og_locale":"hr_HR","og_type":"article","og_title":"SKIP*HOP univerzalni nosilci za vozi\u010dek Grab&amp;Go | Ajatutaja","og_description":"Univerzalne nosilce za torbe Skip*Hop Grab&Go je mo\u017eno namestiti ro\u010daj kateregakoli otro\u0161kega vozi\u010dka. Bodisi z enojnim ali dvojnimi ro\u010daji. Enostavna namestitev.","og_url":"https:\/\/ajatutaja.com\/izdelek\/skiphop-univerzalni-nosilci-za-vozicek-grabgo\/","og_site_name":"Ajatutaja","article_modified_time":"2025-11-15T21:17:27+00:00","og_image":[{"width":600,"height":675,"url":"https:\/\/ajatutaja.com\/wp-content\/uploads\/2021\/11\/skip-hop-grab-go-blanket-clips-lime-49-e1609705591891.jpg","type":"image\/jpeg"}],"twitter_card":"summary_large_image","schema":{"@context":"https:\/\/schema.org","@graph":[{"@type":"WebPage","@id":"https:\/\/ajatutaja.com\/izdelek\/skiphop-univerzalni-nosilci-za-vozicek-grabgo\/","url":"https:\/\/ajatutaja.com\/izdelek\/skiphop-univerzalni-nosilci-za-vozicek-grabgo\/","name":"SKIP*HOP univerzalni nosilci za vozi\u010dek Grab&amp;Go | Ajatutaja","isPartOf":{"@id":"https:\/\/ajatutaja.com\/#website"},"primaryImageOfPage":{"@id":"https:\/\/ajatutaja.com\/izdelek\/skiphop-univerzalni-nosilci-za-vozicek-grabgo\/#primaryimage"},"image":{"@id":"https:\/\/ajatutaja.com\/izdelek\/skiphop-univerzalni-nosilci-za-vozicek-grabgo\/#primaryimage"},"thumbnailUrl":"https:\/\/ajatutaja.com\/wp-content\/uploads\/2021\/11\/skip-hop-grab-go-blanket-clips-lime-49-e1609705591891.jpg","datePublished":"2025-01-03T19:24:40+00:00","dateModified":"2025-11-15T21:17:27+00:00","description":"Univerzalne nosilce za torbe Skip*Hop Grab&Go je mo\u017eno namestiti ro\u010daj kateregakoli otro\u0161kega vozi\u010dka. Bodisi z enojnim ali dvojnimi ro\u010daji. Enostavna namestitev.","breadcrumb":{"@id":"https:\/\/ajatutaja.com\/izdelek\/skiphop-univerzalni-nosilci-za-vozicek-grabgo\/#breadcrumb"},"inLanguage":"hr","potentialAction":[{"@type":"ReadAction","target":["https:\/\/ajatutaja.com\/izdelek\/skiphop-univerzalni-nosilci-za-vozicek-grabgo\/"]}]},{"@type":"ImageObject","inLanguage":"hr","@id":"https:\/\/ajatutaja.com\/izdelek\/skiphop-univerzalni-nosilci-za-vozicek-grabgo\/#primaryimage","url":"https:\/\/ajatutaja.com\/wp-content\/uploads\/2021\/11\/skip-hop-grab-go-blanket-clips-lime-49-e1609705591891.jpg","contentUrl":"https:\/\/ajatutaja.com\/wp-content\/uploads\/2021\/11\/skip-hop-grab-go-blanket-clips-lime-49-e1609705591891.jpg","width":600,"height":675},{"@type":"BreadcrumbList","@id":"https:\/\/ajatutaja.com\/izdelek\/skiphop-univerzalni-nosilci-za-vozicek-grabgo\/#breadcrumb","itemListElement":[{"@type":"ListItem","position":1,"name":"Home","item":"https:\/\/ajatutaja.com\/hr\/"},{"@type":"ListItem","position":2,"name":"Trgovina","item":"https:\/\/ajatutaja.com\/hr\/trgovina\/"},{"@type":"ListItem","position":3,"name":"SKIP*HOP univerzalni nosilci za vozi\u010dek Grab&amp;Go"}]},{"@type":"WebSite","@id":"https:\/\/ajatutaja.com\/#website","url":"https:\/\/ajatutaja.com\/","name":"Ajatutaja","description":"Otro\u0161ka spletna trgovina AJATUTAJA","publisher":{"@id":"https:\/\/ajatutaja.com\/#organization"},"potentialAction":[{"@type":"SearchAction","target":{"@type":"EntryPoint","urlTemplate":"https:\/\/ajatutaja.com\/?s={search_term_string}"},"query-input":{"@type":"PropertyValueSpecification","valueRequired":true,"valueName":"search_term_string"}}],"inLanguage":"hr"},{"@type":"Organization","@id":"https:\/\/ajatutaja.com\/#organization","name":"Ajatutaja","url":"https:\/\/ajatutaja.com\/","logo":{"@type":"ImageObject","inLanguage":"hr","@id":"https:\/\/ajatutaja.com\/#\/schema\/logo\/image\/","url":"https:\/\/ajatutaja.com\/wp-content\/uploads\/2021\/10\/logo.png","contentUrl":"https:\/\/ajatutaja.com\/wp-content\/uploads\/2021\/10\/logo.png","width":555,"height":150,"caption":"Ajatutaja"},"image":{"@id":"https:\/\/ajatutaja.com\/#\/schema\/logo\/image\/"}}]}},"brands":[{"id":2409,"name":"Potepanje","slug":"potepanje"},{"id":2423,"name":"Skip Hop","slug":"skip-hop-potepanje"}],"_links":{"self":[{"href":"https:\/\/ajatutaja.com\/hr\/wp-json\/wp\/v2\/product\/23976","targetHints":{"allow":["GET"]}}],"collection":[{"href":"https:\/\/ajatutaja.com\/hr\/wp-json\/wp\/v2\/product"}],"about":[{"href":"https:\/\/ajatutaja.com\/hr\/wp-json\/wp\/v2\/types\/product"}],"wp:featuredmedia":[{"embeddable":true,"href":"https:\/\/ajatutaja.com\/hr\/wp-json\/wp\/v2\/media\/23977"}],"wp:attachment":[{"href":"https:\/\/ajatutaja.com\/hr\/wp-json\/wp\/v2\/media?parent=23976"}],"wp:term":[{"taxonomy":"pwb-brand","embeddable":true,"href":"https:\/\/ajatutaja.com\/hr\/wp-json\/wp\/v2\/pwb-brand?post=23976"},{"taxonomy":"product_brand","embeddable":true,"href":"https:\/\/ajatutaja.com\/hr\/wp-json\/wp\/v2\/product_brand?post=23976"},{"taxonomy":"product_cat","embeddable":true,"href":"https:\/\/ajatutaja.com\/hr\/wp-json\/wp\/v2\/product_cat?post=23976"},{"taxonomy":"product_tag","embeddable":true,"href":"https:\/\/ajatutaja.com\/hr\/wp-json\/wp\/v2\/product_tag?post=23976"}],"curies":[{"name":"wp","href":"https:\/\/api.w.org\/{rel}","templated":true}]}}