{"id":23939,"date":"2020-12-07T20:28:55","date_gmt":"2020-12-07T19:28:55","guid":{"rendered":"https:\/\/ajatutaja.com\/izdelek\/bodi-na-preklop-dolg-rokav-sivili-bela\/"},"modified":"2025-08-14T16:29:56","modified_gmt":"2025-08-14T14:29:56","slug":"bodi-na-preklop-dolg-rokav-sivili-bela","status":"publish","type":"product","link":"https:\/\/ajatutaja.com\/hr\/proizvod\/bodi-na-preklop-dolg-rokav-sivili-bela\/","title":{"rendered":"Sivili bodi na preklop dolg rokav &#8211; Bela"},"content":{"rendered":"<p>[vc_row][vc_column][vc_column_text]Bodi na preklop Sivili je krojen tako, da ima dovolj prostora za vsako pleni\u010dko. Bodiji Sivili bodo tudi po ve\u010d pranjih ohranili svojo obliko in izgled. Da bo preobla\u010denje va\u0161ega otro\u010dka \u010dim enostavnej\u0161e se bodi zapenja z netki, ki ne vsebujejo \u0161kodljivega niklja.<\/p>\n<p>LASTNOSTI:<\/p>\n<ul>\n<li>Surovinska sestava: 94% bomba\u017e, 6%elastan<\/li>\n<li>Proizvedeno v Sloveniji<\/li>\n<\/ul>\n<p>[\/vc_column_text][\/vc_column][\/vc_row]<\/p>\n","protected":false},"excerpt":{"rendered":"<p>Otro\u0161ki bodi na preklop Sivili z dolgimi rokavi, je pri sodobnem na\u010dinu obla\u010denja postal najbolj priljubljen kos obla\u010dila vsake mamice. Bodi benkice se popolnoma razprejo in olaj\u0161ajo probla\u010denja in menjavo pleni\u010dk pri novorojen\u010dkih. Kljub dolgim rokavom, je ta bodi nadvse primeren za toplej\u0161e mesece, saj je izdelan iz la\u017ejega bomba\u017ea z elastanom.<\/p>\n","protected":false},"featured_media":23937,"template":"","meta":[],"pwb-brand":[2696,2697],"product_brand":[],"product_cat":[2609,2682,2685],"product_tag":[4333,4024],"class_list":{"0":"post-23939","1":"product","2":"type-product","3":"status-publish","4":"has-post-thumbnail","6":"pwb-brand-moda","7":"pwb-brand-sivili","8":"product_cat-moda","9":"product_cat-oblacila-za-novorojencka","10":"product_cat-otroski-bodi","11":"product_tag-pomlad-poletje","12":"product_tag-sivili","14":"first","15":"instock","16":"taxable","17":"shipping-taxable","18":"purchasable","19":"product-type-variable","20":"add-to-wishlist-before_image"},"yoast_head":"<!-- This site is optimized with the Yoast SEO plugin v27.3 - https:\/\/yoast.com\/product\/yoast-seo-wordpress\/ -->\n<title>Sivili bodi na preklop dolg rokav - Bela | Ajatutaja<\/title>\n<meta name=\"description\" content=\"Bodi na preklop Sivili je krojen tako, da ima dovolj prostora za vsako pleni\u010dko. Bodiji Sivili bodo tudi po ve\u010d pranjih ohranili svojo obliko in izgled.\" \/>\n<meta name=\"robots\" content=\"index, follow, max-snippet:-1, max-image-preview:large, max-video-preview:-1\" \/>\n<link rel=\"canonical\" href=\"https:\/\/ajatutaja.com\/izdelek\/bodi-na-preklop-dolg-rokav-sivili-bela\/\" \/>\n<meta property=\"og:locale\" content=\"hr_HR\" \/>\n<meta property=\"og:type\" content=\"article\" \/>\n<meta property=\"og:title\" content=\"Sivili bodi na preklop dolg rokav - Bela | Ajatutaja\" \/>\n<meta property=\"og:description\" content=\"Bodi na preklop Sivili je krojen tako, da ima dovolj prostora za vsako pleni\u010dko. Bodiji Sivili bodo tudi po ve\u010d pranjih ohranili svojo obliko in izgled.\" \/>\n<meta property=\"og:url\" content=\"https:\/\/ajatutaja.com\/izdelek\/bodi-na-preklop-dolg-rokav-sivili-bela\/\" \/>\n<meta property=\"og:site_name\" content=\"Ajatutaja\" \/>\n<meta property=\"article:modified_time\" content=\"2025-08-14T14:29:56+00:00\" \/>\n<meta property=\"og:image\" content=\"https:\/\/ajatutaja.com\/wp-content\/uploads\/2021\/11\/Otroski-bodi-za-dojencka-na-preklop-00101-bela.jpg\" \/>\n\t<meta property=\"og:image:width\" content=\"700\" \/>\n\t<meta property=\"og:image:height\" content=\"700\" \/>\n\t<meta property=\"og:image:type\" content=\"image\/jpeg\" \/>\n<meta name=\"twitter:card\" content=\"summary_large_image\" \/>\n<script type=\"application\/ld+json\" class=\"yoast-schema-graph\">{\"@context\":\"https:\\\/\\\/schema.org\",\"@graph\":[{\"@type\":\"WebPage\",\"@id\":\"https:\\\/\\\/ajatutaja.com\\\/izdelek\\\/bodi-na-preklop-dolg-rokav-sivili-bela\\\/\",\"url\":\"https:\\\/\\\/ajatutaja.com\\\/izdelek\\\/bodi-na-preklop-dolg-rokav-sivili-bela\\\/\",\"name\":\"Sivili bodi na preklop dolg rokav - Bela | Ajatutaja\",\"isPartOf\":{\"@id\":\"https:\\\/\\\/ajatutaja.com\\\/#website\"},\"primaryImageOfPage\":{\"@id\":\"https:\\\/\\\/ajatutaja.com\\\/izdelek\\\/bodi-na-preklop-dolg-rokav-sivili-bela\\\/#primaryimage\"},\"image\":{\"@id\":\"https:\\\/\\\/ajatutaja.com\\\/izdelek\\\/bodi-na-preklop-dolg-rokav-sivili-bela\\\/#primaryimage\"},\"thumbnailUrl\":\"https:\\\/\\\/ajatutaja.com\\\/wp-content\\\/uploads\\\/2021\\\/11\\\/Otroski-bodi-za-dojencka-na-preklop-00101-bela.jpg\",\"datePublished\":\"2020-12-07T19:28:55+00:00\",\"dateModified\":\"2025-08-14T14:29:56+00:00\",\"description\":\"Bodi na preklop Sivili je krojen tako, da ima dovolj prostora za vsako pleni\u010dko. Bodiji Sivili bodo tudi po ve\u010d pranjih ohranili svojo obliko in izgled.\",\"breadcrumb\":{\"@id\":\"https:\\\/\\\/ajatutaja.com\\\/izdelek\\\/bodi-na-preklop-dolg-rokav-sivili-bela\\\/#breadcrumb\"},\"inLanguage\":\"hr\",\"potentialAction\":[{\"@type\":\"ReadAction\",\"target\":[\"https:\\\/\\\/ajatutaja.com\\\/izdelek\\\/bodi-na-preklop-dolg-rokav-sivili-bela\\\/\"]}]},{\"@type\":\"ImageObject\",\"inLanguage\":\"hr\",\"@id\":\"https:\\\/\\\/ajatutaja.com\\\/izdelek\\\/bodi-na-preklop-dolg-rokav-sivili-bela\\\/#primaryimage\",\"url\":\"https:\\\/\\\/ajatutaja.com\\\/wp-content\\\/uploads\\\/2021\\\/11\\\/Otroski-bodi-za-dojencka-na-preklop-00101-bela.jpg\",\"contentUrl\":\"https:\\\/\\\/ajatutaja.com\\\/wp-content\\\/uploads\\\/2021\\\/11\\\/Otroski-bodi-za-dojencka-na-preklop-00101-bela.jpg\",\"width\":700,\"height\":700},{\"@type\":\"BreadcrumbList\",\"@id\":\"https:\\\/\\\/ajatutaja.com\\\/izdelek\\\/bodi-na-preklop-dolg-rokav-sivili-bela\\\/#breadcrumb\",\"itemListElement\":[{\"@type\":\"ListItem\",\"position\":1,\"name\":\"Home\",\"item\":\"https:\\\/\\\/ajatutaja.com\\\/hr\\\/\"},{\"@type\":\"ListItem\",\"position\":2,\"name\":\"Trgovina\",\"item\":\"https:\\\/\\\/ajatutaja.com\\\/hr\\\/trgovina\\\/\"},{\"@type\":\"ListItem\",\"position\":3,\"name\":\"Sivili bodi na preklop dolg rokav &#8211; Bela\"}]},{\"@type\":\"WebSite\",\"@id\":\"https:\\\/\\\/ajatutaja.com\\\/#website\",\"url\":\"https:\\\/\\\/ajatutaja.com\\\/\",\"name\":\"Ajatutaja\",\"description\":\"Otro\u0161ka spletna trgovina AJATUTAJA\",\"publisher\":{\"@id\":\"https:\\\/\\\/ajatutaja.com\\\/#organization\"},\"potentialAction\":[{\"@type\":\"SearchAction\",\"target\":{\"@type\":\"EntryPoint\",\"urlTemplate\":\"https:\\\/\\\/ajatutaja.com\\\/?s={search_term_string}\"},\"query-input\":{\"@type\":\"PropertyValueSpecification\",\"valueRequired\":true,\"valueName\":\"search_term_string\"}}],\"inLanguage\":\"hr\"},{\"@type\":\"Organization\",\"@id\":\"https:\\\/\\\/ajatutaja.com\\\/#organization\",\"name\":\"Ajatutaja\",\"url\":\"https:\\\/\\\/ajatutaja.com\\\/\",\"logo\":{\"@type\":\"ImageObject\",\"inLanguage\":\"hr\",\"@id\":\"https:\\\/\\\/ajatutaja.com\\\/#\\\/schema\\\/logo\\\/image\\\/\",\"url\":\"https:\\\/\\\/ajatutaja.com\\\/wp-content\\\/uploads\\\/2021\\\/10\\\/logo.png\",\"contentUrl\":\"https:\\\/\\\/ajatutaja.com\\\/wp-content\\\/uploads\\\/2021\\\/10\\\/logo.png\",\"width\":555,\"height\":150,\"caption\":\"Ajatutaja\"},\"image\":{\"@id\":\"https:\\\/\\\/ajatutaja.com\\\/#\\\/schema\\\/logo\\\/image\\\/\"}}]}<\/script>\n<!-- \/ Yoast SEO plugin. -->","yoast_head_json":{"title":"Sivili bodi na preklop dolg rokav - Bela | Ajatutaja","description":"Bodi na preklop Sivili je krojen tako, da ima dovolj prostora za vsako pleni\u010dko. Bodiji Sivili bodo tudi po ve\u010d pranjih ohranili svojo obliko in izgled.","robots":{"index":"index","follow":"follow","max-snippet":"max-snippet:-1","max-image-preview":"max-image-preview:large","max-video-preview":"max-video-preview:-1"},"canonical":"https:\/\/ajatutaja.com\/izdelek\/bodi-na-preklop-dolg-rokav-sivili-bela\/","og_locale":"hr_HR","og_type":"article","og_title":"Sivili bodi na preklop dolg rokav - Bela | Ajatutaja","og_description":"Bodi na preklop Sivili je krojen tako, da ima dovolj prostora za vsako pleni\u010dko. Bodiji Sivili bodo tudi po ve\u010d pranjih ohranili svojo obliko in izgled.","og_url":"https:\/\/ajatutaja.com\/izdelek\/bodi-na-preklop-dolg-rokav-sivili-bela\/","og_site_name":"Ajatutaja","article_modified_time":"2025-08-14T14:29:56+00:00","og_image":[{"width":700,"height":700,"url":"https:\/\/ajatutaja.com\/wp-content\/uploads\/2021\/11\/Otroski-bodi-za-dojencka-na-preklop-00101-bela.jpg","type":"image\/jpeg"}],"twitter_card":"summary_large_image","schema":{"@context":"https:\/\/schema.org","@graph":[{"@type":"WebPage","@id":"https:\/\/ajatutaja.com\/izdelek\/bodi-na-preklop-dolg-rokav-sivili-bela\/","url":"https:\/\/ajatutaja.com\/izdelek\/bodi-na-preklop-dolg-rokav-sivili-bela\/","name":"Sivili bodi na preklop dolg rokav - Bela | Ajatutaja","isPartOf":{"@id":"https:\/\/ajatutaja.com\/#website"},"primaryImageOfPage":{"@id":"https:\/\/ajatutaja.com\/izdelek\/bodi-na-preklop-dolg-rokav-sivili-bela\/#primaryimage"},"image":{"@id":"https:\/\/ajatutaja.com\/izdelek\/bodi-na-preklop-dolg-rokav-sivili-bela\/#primaryimage"},"thumbnailUrl":"https:\/\/ajatutaja.com\/wp-content\/uploads\/2021\/11\/Otroski-bodi-za-dojencka-na-preklop-00101-bela.jpg","datePublished":"2020-12-07T19:28:55+00:00","dateModified":"2025-08-14T14:29:56+00:00","description":"Bodi na preklop Sivili je krojen tako, da ima dovolj prostora za vsako pleni\u010dko. Bodiji Sivili bodo tudi po ve\u010d pranjih ohranili svojo obliko in izgled.","breadcrumb":{"@id":"https:\/\/ajatutaja.com\/izdelek\/bodi-na-preklop-dolg-rokav-sivili-bela\/#breadcrumb"},"inLanguage":"hr","potentialAction":[{"@type":"ReadAction","target":["https:\/\/ajatutaja.com\/izdelek\/bodi-na-preklop-dolg-rokav-sivili-bela\/"]}]},{"@type":"ImageObject","inLanguage":"hr","@id":"https:\/\/ajatutaja.com\/izdelek\/bodi-na-preklop-dolg-rokav-sivili-bela\/#primaryimage","url":"https:\/\/ajatutaja.com\/wp-content\/uploads\/2021\/11\/Otroski-bodi-za-dojencka-na-preklop-00101-bela.jpg","contentUrl":"https:\/\/ajatutaja.com\/wp-content\/uploads\/2021\/11\/Otroski-bodi-za-dojencka-na-preklop-00101-bela.jpg","width":700,"height":700},{"@type":"BreadcrumbList","@id":"https:\/\/ajatutaja.com\/izdelek\/bodi-na-preklop-dolg-rokav-sivili-bela\/#breadcrumb","itemListElement":[{"@type":"ListItem","position":1,"name":"Home","item":"https:\/\/ajatutaja.com\/hr\/"},{"@type":"ListItem","position":2,"name":"Trgovina","item":"https:\/\/ajatutaja.com\/hr\/trgovina\/"},{"@type":"ListItem","position":3,"name":"Sivili bodi na preklop dolg rokav &#8211; Bela"}]},{"@type":"WebSite","@id":"https:\/\/ajatutaja.com\/#website","url":"https:\/\/ajatutaja.com\/","name":"Ajatutaja","description":"Otro\u0161ka spletna trgovina AJATUTAJA","publisher":{"@id":"https:\/\/ajatutaja.com\/#organization"},"potentialAction":[{"@type":"SearchAction","target":{"@type":"EntryPoint","urlTemplate":"https:\/\/ajatutaja.com\/?s={search_term_string}"},"query-input":{"@type":"PropertyValueSpecification","valueRequired":true,"valueName":"search_term_string"}}],"inLanguage":"hr"},{"@type":"Organization","@id":"https:\/\/ajatutaja.com\/#organization","name":"Ajatutaja","url":"https:\/\/ajatutaja.com\/","logo":{"@type":"ImageObject","inLanguage":"hr","@id":"https:\/\/ajatutaja.com\/#\/schema\/logo\/image\/","url":"https:\/\/ajatutaja.com\/wp-content\/uploads\/2021\/10\/logo.png","contentUrl":"https:\/\/ajatutaja.com\/wp-content\/uploads\/2021\/10\/logo.png","width":555,"height":150,"caption":"Ajatutaja"},"image":{"@id":"https:\/\/ajatutaja.com\/#\/schema\/logo\/image\/"}}]}},"brands":[{"id":2696,"name":"Moda","slug":"moda"},{"id":2697,"name":"Sivili","slug":"sivili"}],"_links":{"self":[{"href":"https:\/\/ajatutaja.com\/hr\/wp-json\/wp\/v2\/product\/23939","targetHints":{"allow":["GET"]}}],"collection":[{"href":"https:\/\/ajatutaja.com\/hr\/wp-json\/wp\/v2\/product"}],"about":[{"href":"https:\/\/ajatutaja.com\/hr\/wp-json\/wp\/v2\/types\/product"}],"wp:featuredmedia":[{"embeddable":true,"href":"https:\/\/ajatutaja.com\/hr\/wp-json\/wp\/v2\/media\/23937"}],"wp:attachment":[{"href":"https:\/\/ajatutaja.com\/hr\/wp-json\/wp\/v2\/media?parent=23939"}],"wp:term":[{"taxonomy":"pwb-brand","embeddable":true,"href":"https:\/\/ajatutaja.com\/hr\/wp-json\/wp\/v2\/pwb-brand?post=23939"},{"taxonomy":"product_brand","embeddable":true,"href":"https:\/\/ajatutaja.com\/hr\/wp-json\/wp\/v2\/product_brand?post=23939"},{"taxonomy":"product_cat","embeddable":true,"href":"https:\/\/ajatutaja.com\/hr\/wp-json\/wp\/v2\/product_cat?post=23939"},{"taxonomy":"product_tag","embeddable":true,"href":"https:\/\/ajatutaja.com\/hr\/wp-json\/wp\/v2\/product_tag?post=23939"}],"curies":[{"name":"wp","href":"https:\/\/api.w.org\/{rel}","templated":true}]}}