{"id":23841,"date":"2024-09-08T18:55:10","date_gmt":"2024-09-08T16:55:10","guid":{"rendered":"https:\/\/ajatutaja.com\/izdelek\/otroski-vozicek-nuna-triv-komplet-2v1\/"},"modified":"2026-03-31T07:21:17","modified_gmt":"2026-03-31T05:21:17","slug":"otroski-vozicek-nuna-triv-next","status":"publish","type":"product","link":"https:\/\/ajatutaja.com\/hr\/proizvod\/otroski-vozicek-nuna-triv-next\/","title":{"rendered":"Otro\u0161ki vozi\u010dek Nuna\u00ae Triv\u2122 Next &#8211; Biscotti"},"content":{"rendered":"<p>[vc_row][vc_column][vc_column_text]Otro\u0161ki vozi\u010dek nove generacije Nuna Triv Next spreminja standarde in zagotavlja brezskrbnost za vse potovalne dru\u017eine. Na naslednjo po\u010ditni\u0161ko destinacijo z novim Nuna Triv! Poletite novim do\u017eivetjem naproti in se pustite prijetno presenetiti. Zagotovo vas bo navdu\u0161ila mo\u017enost enoro\u010dnega obvladovanja in kompaktnega zlaganja vozi\u010dka z eno roko. Medtem ko z eno roko dr\u017eite dojen\u010dka, lahko z drugo v nekaj sekundah zlo\u017eite vozi\u010dek. Nuna Triv Next je idealen za urbana potovanja, potovanja z javnim prevozom in letalom.<\/p>\n<h3>Lastnosti \u0161portnega vozi\u010dka Nuna\u00ae Triv\u2122 Next :<\/h3>\n<div>\n<ul>\n<li>Uporaba vozi\u010dka od rojstva pa vse do 22 kg telesne te\u017ee<\/li>\n<li>Vzdr\u017eljiva 4 kolesa s penastim polnilom<\/li>\n<li>Mo\u017enost zaklepanja sprednjih koles, ter izjemna fleksibilnost in enostavno zavijanje sprednjih koles<\/li>\n<li>Odli\u010dno vzmetenje omogo\u010da mirno in varno vo\u017enjo \u010dez razli\u010dne terene<\/li>\n<li>Enostavna in hitra zavora in sprostitev blokade koles, ter aktivacija zavore z nogo<\/li>\n<li>Hitro in kompaktno zlaganje vozi\u010dka z eno roko<\/li>\n<li>Enostavno enoro\u010dno vodenje vozi\u010dka<\/li>\n<li>Namestitev \u0161portnega sede\u017ea v smeri vo\u017enje in obratni smeri vo\u017enje<\/li>\n<li>\u0160portni sede\u017e se pole\u017ee vodoravno in nudi 4 mo\u017ene naklone<\/li>\n<li>Spring suspension tehnologija vzmetenja sede\u017ea za bolj udobno vo\u017enjo<\/li>\n<li>Udoben All-season sede\u017e za vse letne \u010dase (mo\u017ena prilagoditev sede\u017ea z dodatnim oblazinjenjem za hladnej\u0161i del leta in prilagoditev v zra\u010dni sede\u017e za vro\u010de poletne dni)<\/li>\n<li>Podalj\u0161ana in zra\u010dna za\u0161\u010ditna, vodoodbojna strehica s podalj\u0161kom in UV za\u0161\u010dito UPF 50+<\/li>\n<li>Snemljiv varovalni lok s prevleko iz eko usnja<\/li>\n<li>Udobna in prilagodljiva opora za noge<\/li>\n<li>Dodatna opora za noge, ki je sestavni del ogrodja vozi\u010dka<\/li>\n<li>Prefinjeno in po vi\u0161ini nastavljivo usnjeno krmilo s kar 5 mo\u017enimi pozicijami (popolno prileganje razli\u010dnim vi\u0161inam)<\/li>\n<li>Hitro dostopna nakupovalna ko\u0161ara<\/li>\n<li>3 ali 5-to\u010dkovni varnostni pas<\/li>\n<li>MagneTech Secure Snap\u2122 samodejna magnetna zaponka varnostnega pasu, ki olaj\u0161a pripenjanje otroka v \u0161portnem sede\u017eu vozi\u010dka<\/li>\n<li>S pomo\u010djo prilo\u017eenega Nuna\u00ae Ring adapterja je mo\u017ena namestitev avtosede\u017ea<\/li>\n<li>Idealen vozi\u010dek za potovanje z letalom<\/li>\n<li>Vsestranski vozi\u010dek za premagovanje urbanih ovir (hitro, kompaktno zlaganje z eno roko)<\/li>\n<li>Odli\u010dna izbira za potovalne dru\u017eine<\/li>\n<li>Zdru\u017euje udobje velikih \u0161portnih vozi\u010dkov in kompaktnost lahkih potovalnih vozi\u010dkov<\/li>\n<li>Tkanina podporne blazine: merino volna, Tencel\u2122 linocelna vlakna<\/li>\n<li>Tkanina: poliester<\/li>\n<li>Na voljo v razli\u010dnih sofisticiranih barvnih odtenkih<\/li>\n<li>Vklju\u010dena de\u017ena za\u0161\u010dita<\/li>\n<\/ul>\n<p><strong>Dimenzije in te\u017ea:<\/strong><\/p>\n<ul>\n<li>Dimenzije vozi\u010dka (dol\u017eina x \u0161irina x vi\u0161ina): 85 x 57,5 x 105,5 cm<\/li>\n<li>Dimenzije zlo\u017eenega vozi\u010dka (dol\u017eina x \u0161irina x vi\u0161ina): 31,5 x 57,5 x 69 cm<\/li>\n<li>Te\u017ea (brez strehice, varovalnega loka in podporne blazine): 8,95\u00a0kg<\/li>\n<\/ul>\n<p><strong>Testi in certifikati:<\/strong><\/p>\n<ul>\n<li>Otro\u0161ki vozi\u010dek Nuna\u00ae Triv\u2122 Next je\u00a0v skladu z evropskim standardom\u00a0EN 1888<\/li>\n<li>Otro\u0161ki vozi\u010dek Nuna\u00ae Triv\u2122 Next dosega standarde kakovosti: ISO 14001, ISO 9001 in OHSAS 18001<\/li>\n<\/ul>\n<p><strong>Prejete nagrade: <\/strong><\/p>\n<ul>\n<li>2022 Red Dot Design Award Winner<\/li>\n<li>Mother and Baby Awards 2024: Best Pushchair<\/li>\n<li>Mother and Baby Awards 2024: Best Travel System skupaj z Nuna\u00ae Otro\u0161ki avtosede\u017e Pipa\u2122 Urbn 0+ (0-13 kg)<\/li>\n<\/ul>\n<p><strong>Dodatki (mo\u017eno dokupiti):<\/strong><\/p>\n<ul>\n<li>Ko\u0161ara za novorojen\u010dka<\/li>\n<li>Avtosede\u017e Nuna\u00ae Pipa\u2122 ali\u00a0Arra\u2122<\/li>\n<li>Ring adapter za \u0161e bolj enostavno namestitev avtosede\u017ea<\/li>\n<li>Zimska vre\u010da<\/li>\n<li>Previjalna torba<\/li>\n<li>Potovalna torba<\/li>\n<\/ul>\n<\/div>\n<p>[\/vc_column_text][\/vc_column][\/vc_row]<\/p>\n","protected":false},"excerpt":{"rendered":"<p>Nuna\u00ae Triv\u2122 Next je izjemno kompakten vsestranski otro\u0161ki vozi\u010dek, prejemnik presti\u017ene nagrade Red Dot Award 2022 Winner. Nuna Triv Next zdru\u017euje udobje velikih \u0161portnih vozi\u010dkov in kompaktnost lahkih potovalnih vozi\u010dkov.<\/p>\n","protected":false},"featured_media":67940,"template":"","meta":[],"pwb-brand":[2379,2374],"product_brand":[],"product_cat":[2367,2366,2360],"product_tag":[4240,4257],"class_list":{"0":"post-23841","1":"product","2":"type-product","3":"status-publish","4":"has-post-thumbnail","6":"pwb-brand-nuna-vozicki","7":"pwb-brand-vozicki","8":"product_cat-lahki-marela-vozicki","9":"product_cat-sportni-otroski-vozicki","10":"product_cat-vozicki","11":"product_tag-nuna","12":"product_tag-nuna-triv","14":"first","15":"instock","16":"taxable","17":"shipping-taxable","18":"purchasable","19":"product-type-simple","20":"add-to-wishlist-before_image"},"yoast_head":"<!-- This site is optimized with the Yoast SEO plugin v27.3 - https:\/\/yoast.com\/product\/yoast-seo-wordpress\/ -->\n<title>Otro\u0161ki vozi\u010dek Nuna\u00ae Triv\u2122 Next - Biscotti | Ajatutaja<\/title>\n<meta name=\"description\" content=\"Nuna Triv Next je kompakten in vsestranski otro\u0161ki vozi\u010dek, ki je primeren za vsakodnevna pohajkovanja in dru\u017einska potovanja. Mo\u017enost namestitve ko\u0161are.\" \/>\n<meta name=\"robots\" content=\"index, follow, max-snippet:-1, max-image-preview:large, max-video-preview:-1\" \/>\n<link rel=\"canonical\" href=\"https:\/\/ajatutaja.com\/izdelek\/otroski-vozicek-nuna-triv-next\/\" \/>\n<meta property=\"og:locale\" content=\"hr_HR\" \/>\n<meta property=\"og:type\" content=\"article\" \/>\n<meta property=\"og:title\" content=\"Otro\u0161ki vozi\u010dek Nuna\u00ae Triv\u2122 Next - Biscotti | Ajatutaja\" \/>\n<meta property=\"og:description\" content=\"Nuna Triv Next je kompakten in vsestranski otro\u0161ki vozi\u010dek, ki je primeren za vsakodnevna pohajkovanja in dru\u017einska potovanja. Mo\u017enost namestitve ko\u0161are.\" \/>\n<meta property=\"og:url\" content=\"https:\/\/ajatutaja.com\/izdelek\/otroski-vozicek-nuna-triv-next\/\" \/>\n<meta property=\"og:site_name\" content=\"Ajatutaja\" \/>\n<meta property=\"article:modified_time\" content=\"2026-03-31T05:21:17+00:00\" \/>\n<meta property=\"og:image\" content=\"https:\/\/ajatutaja.com\/wp-content\/uploads\/2020\/11\/Otroski-vozicek-nuna-triv-next-ajatutaja-koper-1-e1725807718670.jpeg\" \/>\n\t<meta property=\"og:image:width\" content=\"1000\" \/>\n\t<meta property=\"og:image:height\" content=\"1000\" \/>\n\t<meta property=\"og:image:type\" content=\"image\/jpeg\" \/>\n<meta name=\"twitter:card\" content=\"summary_large_image\" \/>\n<meta name=\"twitter:label1\" content=\"Procijenjeno vrijeme \u010ditanja\" \/>\n\t<meta name=\"twitter:data1\" content=\"3 minute\" \/>\n<script type=\"application\/ld+json\" class=\"yoast-schema-graph\">{\"@context\":\"https:\\\/\\\/schema.org\",\"@graph\":[{\"@type\":\"WebPage\",\"@id\":\"https:\\\/\\\/ajatutaja.com\\\/izdelek\\\/otroski-vozicek-nuna-triv-next\\\/\",\"url\":\"https:\\\/\\\/ajatutaja.com\\\/izdelek\\\/otroski-vozicek-nuna-triv-next\\\/\",\"name\":\"Otro\u0161ki vozi\u010dek Nuna\u00ae Triv\u2122 Next - Biscotti | Ajatutaja\",\"isPartOf\":{\"@id\":\"https:\\\/\\\/ajatutaja.com\\\/#website\"},\"primaryImageOfPage\":{\"@id\":\"https:\\\/\\\/ajatutaja.com\\\/izdelek\\\/otroski-vozicek-nuna-triv-next\\\/#primaryimage\"},\"image\":{\"@id\":\"https:\\\/\\\/ajatutaja.com\\\/izdelek\\\/otroski-vozicek-nuna-triv-next\\\/#primaryimage\"},\"thumbnailUrl\":\"https:\\\/\\\/ajatutaja.com\\\/wp-content\\\/uploads\\\/2020\\\/11\\\/Otroski-vozicek-nuna-triv-next-ajatutaja-koper-1-e1725807718670.jpeg\",\"datePublished\":\"2024-09-08T16:55:10+00:00\",\"dateModified\":\"2026-03-31T05:21:17+00:00\",\"description\":\"Nuna Triv Next je kompakten in vsestranski otro\u0161ki vozi\u010dek, ki je primeren za vsakodnevna pohajkovanja in dru\u017einska potovanja. Mo\u017enost namestitve ko\u0161are.\",\"breadcrumb\":{\"@id\":\"https:\\\/\\\/ajatutaja.com\\\/izdelek\\\/otroski-vozicek-nuna-triv-next\\\/#breadcrumb\"},\"inLanguage\":\"hr\",\"potentialAction\":[{\"@type\":\"ReadAction\",\"target\":[\"https:\\\/\\\/ajatutaja.com\\\/izdelek\\\/otroski-vozicek-nuna-triv-next\\\/\"]}]},{\"@type\":\"ImageObject\",\"inLanguage\":\"hr\",\"@id\":\"https:\\\/\\\/ajatutaja.com\\\/izdelek\\\/otroski-vozicek-nuna-triv-next\\\/#primaryimage\",\"url\":\"https:\\\/\\\/ajatutaja.com\\\/wp-content\\\/uploads\\\/2020\\\/11\\\/Otroski-vozicek-nuna-triv-next-ajatutaja-koper-1-e1725807718670.jpeg\",\"contentUrl\":\"https:\\\/\\\/ajatutaja.com\\\/wp-content\\\/uploads\\\/2020\\\/11\\\/Otroski-vozicek-nuna-triv-next-ajatutaja-koper-1-e1725807718670.jpeg\",\"width\":1000,\"height\":1000},{\"@type\":\"BreadcrumbList\",\"@id\":\"https:\\\/\\\/ajatutaja.com\\\/izdelek\\\/otroski-vozicek-nuna-triv-next\\\/#breadcrumb\",\"itemListElement\":[{\"@type\":\"ListItem\",\"position\":1,\"name\":\"Home\",\"item\":\"https:\\\/\\\/ajatutaja.com\\\/hr\\\/\"},{\"@type\":\"ListItem\",\"position\":2,\"name\":\"Trgovina\",\"item\":\"https:\\\/\\\/ajatutaja.com\\\/hr\\\/trgovina\\\/\"},{\"@type\":\"ListItem\",\"position\":3,\"name\":\"Otro\u0161ki vozi\u010dek Nuna\u00ae Triv\u2122 Next &#8211; Biscotti\"}]},{\"@type\":\"WebSite\",\"@id\":\"https:\\\/\\\/ajatutaja.com\\\/#website\",\"url\":\"https:\\\/\\\/ajatutaja.com\\\/\",\"name\":\"Ajatutaja\",\"description\":\"Otro\u0161ka spletna trgovina AJATUTAJA\",\"publisher\":{\"@id\":\"https:\\\/\\\/ajatutaja.com\\\/#organization\"},\"potentialAction\":[{\"@type\":\"SearchAction\",\"target\":{\"@type\":\"EntryPoint\",\"urlTemplate\":\"https:\\\/\\\/ajatutaja.com\\\/?s={search_term_string}\"},\"query-input\":{\"@type\":\"PropertyValueSpecification\",\"valueRequired\":true,\"valueName\":\"search_term_string\"}}],\"inLanguage\":\"hr\"},{\"@type\":\"Organization\",\"@id\":\"https:\\\/\\\/ajatutaja.com\\\/#organization\",\"name\":\"Ajatutaja\",\"url\":\"https:\\\/\\\/ajatutaja.com\\\/\",\"logo\":{\"@type\":\"ImageObject\",\"inLanguage\":\"hr\",\"@id\":\"https:\\\/\\\/ajatutaja.com\\\/#\\\/schema\\\/logo\\\/image\\\/\",\"url\":\"https:\\\/\\\/ajatutaja.com\\\/wp-content\\\/uploads\\\/2021\\\/10\\\/logo.png\",\"contentUrl\":\"https:\\\/\\\/ajatutaja.com\\\/wp-content\\\/uploads\\\/2021\\\/10\\\/logo.png\",\"width\":555,\"height\":150,\"caption\":\"Ajatutaja\"},\"image\":{\"@id\":\"https:\\\/\\\/ajatutaja.com\\\/#\\\/schema\\\/logo\\\/image\\\/\"}}]}<\/script>\n<!-- \/ Yoast SEO plugin. -->","yoast_head_json":{"title":"Otro\u0161ki vozi\u010dek Nuna\u00ae Triv\u2122 Next - Biscotti | Ajatutaja","description":"Nuna Triv Next je kompakten in vsestranski otro\u0161ki vozi\u010dek, ki je primeren za vsakodnevna pohajkovanja in dru\u017einska potovanja. Mo\u017enost namestitve ko\u0161are.","robots":{"index":"index","follow":"follow","max-snippet":"max-snippet:-1","max-image-preview":"max-image-preview:large","max-video-preview":"max-video-preview:-1"},"canonical":"https:\/\/ajatutaja.com\/izdelek\/otroski-vozicek-nuna-triv-next\/","og_locale":"hr_HR","og_type":"article","og_title":"Otro\u0161ki vozi\u010dek Nuna\u00ae Triv\u2122 Next - Biscotti | Ajatutaja","og_description":"Nuna Triv Next je kompakten in vsestranski otro\u0161ki vozi\u010dek, ki je primeren za vsakodnevna pohajkovanja in dru\u017einska potovanja. Mo\u017enost namestitve ko\u0161are.","og_url":"https:\/\/ajatutaja.com\/izdelek\/otroski-vozicek-nuna-triv-next\/","og_site_name":"Ajatutaja","article_modified_time":"2026-03-31T05:21:17+00:00","og_image":[{"width":1000,"height":1000,"url":"https:\/\/ajatutaja.com\/wp-content\/uploads\/2020\/11\/Otroski-vozicek-nuna-triv-next-ajatutaja-koper-1-e1725807718670.jpeg","type":"image\/jpeg"}],"twitter_card":"summary_large_image","twitter_misc":{"Procijenjeno vrijeme \u010ditanja":"3 minute"},"schema":{"@context":"https:\/\/schema.org","@graph":[{"@type":"WebPage","@id":"https:\/\/ajatutaja.com\/izdelek\/otroski-vozicek-nuna-triv-next\/","url":"https:\/\/ajatutaja.com\/izdelek\/otroski-vozicek-nuna-triv-next\/","name":"Otro\u0161ki vozi\u010dek Nuna\u00ae Triv\u2122 Next - Biscotti | Ajatutaja","isPartOf":{"@id":"https:\/\/ajatutaja.com\/#website"},"primaryImageOfPage":{"@id":"https:\/\/ajatutaja.com\/izdelek\/otroski-vozicek-nuna-triv-next\/#primaryimage"},"image":{"@id":"https:\/\/ajatutaja.com\/izdelek\/otroski-vozicek-nuna-triv-next\/#primaryimage"},"thumbnailUrl":"https:\/\/ajatutaja.com\/wp-content\/uploads\/2020\/11\/Otroski-vozicek-nuna-triv-next-ajatutaja-koper-1-e1725807718670.jpeg","datePublished":"2024-09-08T16:55:10+00:00","dateModified":"2026-03-31T05:21:17+00:00","description":"Nuna Triv Next je kompakten in vsestranski otro\u0161ki vozi\u010dek, ki je primeren za vsakodnevna pohajkovanja in dru\u017einska potovanja. Mo\u017enost namestitve ko\u0161are.","breadcrumb":{"@id":"https:\/\/ajatutaja.com\/izdelek\/otroski-vozicek-nuna-triv-next\/#breadcrumb"},"inLanguage":"hr","potentialAction":[{"@type":"ReadAction","target":["https:\/\/ajatutaja.com\/izdelek\/otroski-vozicek-nuna-triv-next\/"]}]},{"@type":"ImageObject","inLanguage":"hr","@id":"https:\/\/ajatutaja.com\/izdelek\/otroski-vozicek-nuna-triv-next\/#primaryimage","url":"https:\/\/ajatutaja.com\/wp-content\/uploads\/2020\/11\/Otroski-vozicek-nuna-triv-next-ajatutaja-koper-1-e1725807718670.jpeg","contentUrl":"https:\/\/ajatutaja.com\/wp-content\/uploads\/2020\/11\/Otroski-vozicek-nuna-triv-next-ajatutaja-koper-1-e1725807718670.jpeg","width":1000,"height":1000},{"@type":"BreadcrumbList","@id":"https:\/\/ajatutaja.com\/izdelek\/otroski-vozicek-nuna-triv-next\/#breadcrumb","itemListElement":[{"@type":"ListItem","position":1,"name":"Home","item":"https:\/\/ajatutaja.com\/hr\/"},{"@type":"ListItem","position":2,"name":"Trgovina","item":"https:\/\/ajatutaja.com\/hr\/trgovina\/"},{"@type":"ListItem","position":3,"name":"Otro\u0161ki vozi\u010dek Nuna\u00ae Triv\u2122 Next &#8211; Biscotti"}]},{"@type":"WebSite","@id":"https:\/\/ajatutaja.com\/#website","url":"https:\/\/ajatutaja.com\/","name":"Ajatutaja","description":"Otro\u0161ka spletna trgovina AJATUTAJA","publisher":{"@id":"https:\/\/ajatutaja.com\/#organization"},"potentialAction":[{"@type":"SearchAction","target":{"@type":"EntryPoint","urlTemplate":"https:\/\/ajatutaja.com\/?s={search_term_string}"},"query-input":{"@type":"PropertyValueSpecification","valueRequired":true,"valueName":"search_term_string"}}],"inLanguage":"hr"},{"@type":"Organization","@id":"https:\/\/ajatutaja.com\/#organization","name":"Ajatutaja","url":"https:\/\/ajatutaja.com\/","logo":{"@type":"ImageObject","inLanguage":"hr","@id":"https:\/\/ajatutaja.com\/#\/schema\/logo\/image\/","url":"https:\/\/ajatutaja.com\/wp-content\/uploads\/2021\/10\/logo.png","contentUrl":"https:\/\/ajatutaja.com\/wp-content\/uploads\/2021\/10\/logo.png","width":555,"height":150,"caption":"Ajatutaja"},"image":{"@id":"https:\/\/ajatutaja.com\/#\/schema\/logo\/image\/"}}]}},"brands":[{"id":2379,"name":"Nuna","slug":"nuna-vozicki"},{"id":2374,"name":"Vozi\u010dki","slug":"vozicki"}],"_links":{"self":[{"href":"https:\/\/ajatutaja.com\/hr\/wp-json\/wp\/v2\/product\/23841","targetHints":{"allow":["GET"]}}],"collection":[{"href":"https:\/\/ajatutaja.com\/hr\/wp-json\/wp\/v2\/product"}],"about":[{"href":"https:\/\/ajatutaja.com\/hr\/wp-json\/wp\/v2\/types\/product"}],"wp:featuredmedia":[{"embeddable":true,"href":"https:\/\/ajatutaja.com\/hr\/wp-json\/wp\/v2\/media\/67940"}],"wp:attachment":[{"href":"https:\/\/ajatutaja.com\/hr\/wp-json\/wp\/v2\/media?parent=23841"}],"wp:term":[{"taxonomy":"pwb-brand","embeddable":true,"href":"https:\/\/ajatutaja.com\/hr\/wp-json\/wp\/v2\/pwb-brand?post=23841"},{"taxonomy":"product_brand","embeddable":true,"href":"https:\/\/ajatutaja.com\/hr\/wp-json\/wp\/v2\/product_brand?post=23841"},{"taxonomy":"product_cat","embeddable":true,"href":"https:\/\/ajatutaja.com\/hr\/wp-json\/wp\/v2\/product_cat?post=23841"},{"taxonomy":"product_tag","embeddable":true,"href":"https:\/\/ajatutaja.com\/hr\/wp-json\/wp\/v2\/product_tag?post=23841"}],"curies":[{"name":"wp","href":"https:\/\/api.w.org\/{rel}","templated":true}]}}