{"id":23815,"date":"2020-11-19T21:20:15","date_gmt":"2020-11-19T20:20:15","guid":{"rendered":"https:\/\/ajatutaja.com\/izdelek\/kinderfeets-lesen-otroski-poganjalec-tiny-tot-plus-2v1\/"},"modified":"2026-04-01T19:16:14","modified_gmt":"2026-04-01T17:16:14","slug":"kinderfeets-lesen-otroski-poganjalec-tiny-tot-plus-2v1","status":"publish","type":"product","link":"https:\/\/ajatutaja.com\/hr\/proizvod\/kinderfeets-lesen-otroski-poganjalec-tiny-tot-plus-2v1\/","title":{"rendered":"Kinderfeets\u00ae lesen otro\u0161ki poganjalec Tiny Tot Plus 2v1"},"content":{"rendered":"<p>[vc_row][vc_column][vc_column_text]<\/p>\n<h3>Zakaj izbrati lesen poganjalec Kindefeets Tiny Tot Plus 2v1?<\/h3>\n<ul>\n<li>Lahek lesen ergonosmko oblikovan poganjalec z nizkim pragom je primeren tudi za najmlaj\u0161e voznike.<\/li>\n<li>Primeren za otroke od 18. meseca pa do 4. leta starosti oz. do te\u017ee otroka 25 kg.<\/li>\n<li>2-v-1 konvertibilen iz tricikla v poganjalec, ko je otrok \u017ee osvojil vo\u017enjo na treh kolesih.<\/li>\n<li>Oblazinjen, nestrupen, zra\u010den, nastavljiv sede\u017e po vi\u0161ini od 25 do 34 cm.<\/li>\n<li>Ekstra \u0161iroke 9 colske pnevmatike za veliko udobja pri vo\u017enji in enostavno ravnote\u017eje.<\/li>\n<li>Ergonomsko oblikovan polo\u017eaj sede\u017ea in krmila spodbuja dobro dr\u017eo in nudi maksimalno udobje.<\/li>\n<\/ul>\n<h3>Katere so bistvene razlike med Kinderfeets Tiny Tot 2v1 in Kinderfeets Tiny Tot Plus 2v1?<\/h3>\n<ul>\n<li>Za razliko od svojega mlaj\u0161ega bratca je nov model Tiny Tot Plus ve\u010dji in primeren za otroke od 18. meseca starosti.<\/li>\n<li>Nastavljiv sede\u017e se nastavi od 25 do 34 cm, kar je kar 5 cm vi\u0161je od poganjalca Kinderfeets Tiny Tot.<\/li>\n<li>Nosilnost te\u017ee otroka je kar 25 kg, kar pomeni, da se lahko otroci vozijo z njim do skoraj 4. leta starosti.<\/li>\n<li>Pastelna kolekcija in nepogre\u0161ljiv Bamboo.<\/li>\n<\/ul>\n<h3>Lastnosti lesenega poganjal\u010dka Kinderfeets\u00ae Tiny Tot Plus 2v1:<\/h3>\n<ul>\n<li>Na voljo\u00a0v\u00a0razli\u010dnih barvah<\/li>\n<li>Patentiran, nizozemsko navdihnjen nizek prag skozi okvir, ki postavlja otrokove noge bli\u017eje tlom, da se po\u010dutijo varne<\/li>\n<li>2-v-1 konvertibilen iz tricikla v poganjalec<\/li>\n<li>Oblazinjen, nestrupen, zra\u010den, nastavljiv sede\u017e po vi\u0161ini od 25 do 34 cm<\/li>\n<li>Ergonomsko oblikovan polo\u017eaj sede\u017ea in krmila spodbuja dobro dr\u017eo in nudi maksimalno udobje<\/li>\n<li>Nestrupena varnostna ro\u010daja za krmiljenje z odbija\u010di za za\u0161\u010dito rok<\/li>\n<li>Ekstra \u0161iroke 9 colske pnevmatike za veliko udobja pri vo\u017enji in enostavno ravnote\u017eje<\/li>\n<li>Ro\u010dno izdelan iz brezovega lesa pridobljenega iz obnovljivih virov in za vsak prodan poganjalec, Kinderfeets posadi drevo.<\/li>\n<li>Primerno za otroke <strong>od 18 mesecov do 4. leta<\/strong><\/li>\n<li>Nosilnost <strong>max. 25 kg<\/strong><\/li>\n<li>Dimenzije: <strong>72 x 45 x 44 cm<\/strong><\/li>\n<li>Te\u017ea: <strong>3 kg<\/strong><\/li>\n<li>Embala\u017ea oz. pakiranje: \u0161katla iz recikliranega papirja, tiskana z barvami na vodni osnovi<\/li>\n<li><strong>2 letna garancija<\/strong><\/li>\n<\/ul>\n<p>Okolju prijazni poganjalci Kinderfeets\u00ae so narejeni iz trajnostno pridelanega brezovega lesa. Pnevmatike priljubljenih poganjal\u010dkov Kinderfeets\u00ae so izdelane iz biorazgradljive gume. Leseni poganjalec ima na krmilo pritrjena nestrupena in nedrse\u010da udobna ro\u010daja, ki omogo\u010data varen oprijem. Za vsak prodan poganjalec blagovna znamka Kinderfeets\u00ae skupaj z organizacijo Trees for the Future posadi drevo in tako skrbi za bolj\u0161i jutri in lep\u0161o prihodnost na\u0161ih otrok. Nalo\u017eba v Kinderfeets\u00ae je nalo\u017eba v prihodnost na\u0161ih otrok.[\/vc_column_text][\/vc_column][\/vc_row]<\/p>\n","protected":false},"excerpt":{"rendered":"<p>Kinderfeets\u00ae Tiny Tot Plus 2v1 je ve\u010dja razli\u010dico \u017ee zelo poznanega Kinderfeets Tiny Tot 2v1. Otro\u0161ki poganjalec in tricikel v enem Kinderfeets\u00ae Tiny Tot\u00a0 je oblikovan za mal\u010dke starosti od 18 mesecev do 4 let. Najprej slu\u017ei kot tricikel in ko je otrok pripravljen na naslednjo stopnjo,\u00a0 se\u00a0enostavno pretvori v poganjalec na 2 kolesih.<\/p>\n<p>Okolju prijazen otro\u0161ki poganjalec je na voljo v prelepih pastelnih barvah.<\/p>\n<p>&nbsp;<\/p>\n","protected":false},"featured_media":23816,"template":"","meta":[],"pwb-brand":[2429,2409],"product_brand":[],"product_cat":[3990,2441,2712,2713,2451,2362,2443,2406,2361],"product_tag":[4025,4219],"class_list":{"0":"post-23815","1":"product","2":"type-product","3":"status-publish","4":"has-post-thumbnail","6":"pwb-brand-kinderfeets","7":"pwb-brand-potepanje","8":"product_cat-18-mesecev-igrace","9":"product_cat-aktivnostne-igrace","10":"product_cat-darilo-za-decka","11":"product_cat-darilo-za-deklico","12":"product_cat-igra-na-prostem","13":"product_cat-igranje","14":"product_cat-lesene-igrace","15":"product_cat-otroski-skiroji-in-poganjalci","16":"product_cat-potepanje","17":"product_tag-kinderfeets","18":"product_tag-kinderfeets-tiny-tot","20":"first","21":"instock","22":"taxable","23":"shipping-taxable","24":"purchasable","25":"product-type-variable","26":"add-to-wishlist-before_image"},"yoast_head":"<!-- This site is optimized with the Yoast SEO plugin v27.3 - https:\/\/yoast.com\/product\/yoast-seo-wordpress\/ -->\n<title>Kinderfeets\u00ae lesen otro\u0161ki poganjalec Tiny Tot Plus 2v1 | Ajatutaja<\/title>\n<meta name=\"description\" content=\"Kinderfeets Tiny Tot, lesen poganjalec 2-v-1, ki se zlahka pretvori iz tricikla v poganjalec na 2 kolesih. za mal\u010dke starosti od 12 do 24 mesecev.\" \/>\n<meta name=\"robots\" content=\"index, follow, max-snippet:-1, max-image-preview:large, max-video-preview:-1\" \/>\n<link rel=\"canonical\" href=\"https:\/\/ajatutaja.com\/izdelek\/kinderfeets-lesen-otroski-poganjalec-tiny-tot-plus-2v1\/\" \/>\n<meta property=\"og:locale\" content=\"hr_HR\" \/>\n<meta property=\"og:type\" content=\"article\" \/>\n<meta property=\"og:title\" content=\"Kinderfeets\u00ae lesen otro\u0161ki poganjalec Tiny Tot Plus 2v1 | Ajatutaja\" \/>\n<meta property=\"og:description\" content=\"Kinderfeets Tiny Tot, lesen poganjalec 2-v-1, ki se zlahka pretvori iz tricikla v poganjalec na 2 kolesih. za mal\u010dke starosti od 12 do 24 mesecev.\" \/>\n<meta property=\"og:url\" content=\"https:\/\/ajatutaja.com\/izdelek\/kinderfeets-lesen-otroski-poganjalec-tiny-tot-plus-2v1\/\" \/>\n<meta property=\"og:site_name\" content=\"Ajatutaja\" \/>\n<meta property=\"article:modified_time\" content=\"2026-04-01T17:16:14+00:00\" \/>\n<meta property=\"og:image\" content=\"https:\/\/ajatutaja.com\/wp-content\/uploads\/2021\/11\/kinderfeets-lesen-poganjalec-tiny-tot-plus-2v1-white-ajatutaja-1.jpg\" \/>\n\t<meta property=\"og:image:width\" content=\"750\" \/>\n\t<meta property=\"og:image:height\" content=\"750\" \/>\n\t<meta property=\"og:image:type\" content=\"image\/jpeg\" \/>\n<meta name=\"twitter:card\" content=\"summary_large_image\" \/>\n<meta name=\"twitter:label1\" content=\"Procijenjeno vrijeme \u010ditanja\" \/>\n\t<meta name=\"twitter:data1\" content=\"2 minute\" \/>\n<script type=\"application\/ld+json\" class=\"yoast-schema-graph\">{\"@context\":\"https:\\\/\\\/schema.org\",\"@graph\":[{\"@type\":\"WebPage\",\"@id\":\"https:\\\/\\\/ajatutaja.com\\\/izdelek\\\/kinderfeets-lesen-otroski-poganjalec-tiny-tot-plus-2v1\\\/\",\"url\":\"https:\\\/\\\/ajatutaja.com\\\/izdelek\\\/kinderfeets-lesen-otroski-poganjalec-tiny-tot-plus-2v1\\\/\",\"name\":\"Kinderfeets\u00ae lesen otro\u0161ki poganjalec Tiny Tot Plus 2v1 | Ajatutaja\",\"isPartOf\":{\"@id\":\"https:\\\/\\\/ajatutaja.com\\\/#website\"},\"primaryImageOfPage\":{\"@id\":\"https:\\\/\\\/ajatutaja.com\\\/izdelek\\\/kinderfeets-lesen-otroski-poganjalec-tiny-tot-plus-2v1\\\/#primaryimage\"},\"image\":{\"@id\":\"https:\\\/\\\/ajatutaja.com\\\/izdelek\\\/kinderfeets-lesen-otroski-poganjalec-tiny-tot-plus-2v1\\\/#primaryimage\"},\"thumbnailUrl\":\"https:\\\/\\\/ajatutaja.com\\\/wp-content\\\/uploads\\\/2021\\\/11\\\/kinderfeets-lesen-poganjalec-tiny-tot-plus-2v1-white-ajatutaja-1.jpg\",\"datePublished\":\"2020-11-19T20:20:15+00:00\",\"dateModified\":\"2026-04-01T17:16:14+00:00\",\"description\":\"Kinderfeets Tiny Tot, lesen poganjalec 2-v-1, ki se zlahka pretvori iz tricikla v poganjalec na 2 kolesih. za mal\u010dke starosti od 12 do 24 mesecev.\",\"breadcrumb\":{\"@id\":\"https:\\\/\\\/ajatutaja.com\\\/izdelek\\\/kinderfeets-lesen-otroski-poganjalec-tiny-tot-plus-2v1\\\/#breadcrumb\"},\"inLanguage\":\"hr\",\"potentialAction\":[{\"@type\":\"ReadAction\",\"target\":[\"https:\\\/\\\/ajatutaja.com\\\/izdelek\\\/kinderfeets-lesen-otroski-poganjalec-tiny-tot-plus-2v1\\\/\"]}]},{\"@type\":\"ImageObject\",\"inLanguage\":\"hr\",\"@id\":\"https:\\\/\\\/ajatutaja.com\\\/izdelek\\\/kinderfeets-lesen-otroski-poganjalec-tiny-tot-plus-2v1\\\/#primaryimage\",\"url\":\"https:\\\/\\\/ajatutaja.com\\\/wp-content\\\/uploads\\\/2021\\\/11\\\/kinderfeets-lesen-poganjalec-tiny-tot-plus-2v1-white-ajatutaja-1.jpg\",\"contentUrl\":\"https:\\\/\\\/ajatutaja.com\\\/wp-content\\\/uploads\\\/2021\\\/11\\\/kinderfeets-lesen-poganjalec-tiny-tot-plus-2v1-white-ajatutaja-1.jpg\",\"width\":750,\"height\":750},{\"@type\":\"BreadcrumbList\",\"@id\":\"https:\\\/\\\/ajatutaja.com\\\/izdelek\\\/kinderfeets-lesen-otroski-poganjalec-tiny-tot-plus-2v1\\\/#breadcrumb\",\"itemListElement\":[{\"@type\":\"ListItem\",\"position\":1,\"name\":\"Home\",\"item\":\"https:\\\/\\\/ajatutaja.com\\\/hr\\\/\"},{\"@type\":\"ListItem\",\"position\":2,\"name\":\"Trgovina\",\"item\":\"https:\\\/\\\/ajatutaja.com\\\/hr\\\/trgovina\\\/\"},{\"@type\":\"ListItem\",\"position\":3,\"name\":\"Kinderfeets\u00ae lesen otro\u0161ki poganjalec Tiny Tot Plus 2v1\"}]},{\"@type\":\"WebSite\",\"@id\":\"https:\\\/\\\/ajatutaja.com\\\/#website\",\"url\":\"https:\\\/\\\/ajatutaja.com\\\/\",\"name\":\"Ajatutaja\",\"description\":\"Otro\u0161ka spletna trgovina AJATUTAJA\",\"publisher\":{\"@id\":\"https:\\\/\\\/ajatutaja.com\\\/#organization\"},\"potentialAction\":[{\"@type\":\"SearchAction\",\"target\":{\"@type\":\"EntryPoint\",\"urlTemplate\":\"https:\\\/\\\/ajatutaja.com\\\/?s={search_term_string}\"},\"query-input\":{\"@type\":\"PropertyValueSpecification\",\"valueRequired\":true,\"valueName\":\"search_term_string\"}}],\"inLanguage\":\"hr\"},{\"@type\":\"Organization\",\"@id\":\"https:\\\/\\\/ajatutaja.com\\\/#organization\",\"name\":\"Ajatutaja\",\"url\":\"https:\\\/\\\/ajatutaja.com\\\/\",\"logo\":{\"@type\":\"ImageObject\",\"inLanguage\":\"hr\",\"@id\":\"https:\\\/\\\/ajatutaja.com\\\/#\\\/schema\\\/logo\\\/image\\\/\",\"url\":\"https:\\\/\\\/ajatutaja.com\\\/wp-content\\\/uploads\\\/2021\\\/10\\\/logo.png\",\"contentUrl\":\"https:\\\/\\\/ajatutaja.com\\\/wp-content\\\/uploads\\\/2021\\\/10\\\/logo.png\",\"width\":555,\"height\":150,\"caption\":\"Ajatutaja\"},\"image\":{\"@id\":\"https:\\\/\\\/ajatutaja.com\\\/#\\\/schema\\\/logo\\\/image\\\/\"}}]}<\/script>\n<!-- \/ Yoast SEO plugin. -->","yoast_head_json":{"title":"Kinderfeets\u00ae lesen otro\u0161ki poganjalec Tiny Tot Plus 2v1 | Ajatutaja","description":"Kinderfeets Tiny Tot, lesen poganjalec 2-v-1, ki se zlahka pretvori iz tricikla v poganjalec na 2 kolesih. za mal\u010dke starosti od 12 do 24 mesecev.","robots":{"index":"index","follow":"follow","max-snippet":"max-snippet:-1","max-image-preview":"max-image-preview:large","max-video-preview":"max-video-preview:-1"},"canonical":"https:\/\/ajatutaja.com\/izdelek\/kinderfeets-lesen-otroski-poganjalec-tiny-tot-plus-2v1\/","og_locale":"hr_HR","og_type":"article","og_title":"Kinderfeets\u00ae lesen otro\u0161ki poganjalec Tiny Tot Plus 2v1 | Ajatutaja","og_description":"Kinderfeets Tiny Tot, lesen poganjalec 2-v-1, ki se zlahka pretvori iz tricikla v poganjalec na 2 kolesih. za mal\u010dke starosti od 12 do 24 mesecev.","og_url":"https:\/\/ajatutaja.com\/izdelek\/kinderfeets-lesen-otroski-poganjalec-tiny-tot-plus-2v1\/","og_site_name":"Ajatutaja","article_modified_time":"2026-04-01T17:16:14+00:00","og_image":[{"width":750,"height":750,"url":"https:\/\/ajatutaja.com\/wp-content\/uploads\/2021\/11\/kinderfeets-lesen-poganjalec-tiny-tot-plus-2v1-white-ajatutaja-1.jpg","type":"image\/jpeg"}],"twitter_card":"summary_large_image","twitter_misc":{"Procijenjeno vrijeme \u010ditanja":"2 minute"},"schema":{"@context":"https:\/\/schema.org","@graph":[{"@type":"WebPage","@id":"https:\/\/ajatutaja.com\/izdelek\/kinderfeets-lesen-otroski-poganjalec-tiny-tot-plus-2v1\/","url":"https:\/\/ajatutaja.com\/izdelek\/kinderfeets-lesen-otroski-poganjalec-tiny-tot-plus-2v1\/","name":"Kinderfeets\u00ae lesen otro\u0161ki poganjalec Tiny Tot Plus 2v1 | Ajatutaja","isPartOf":{"@id":"https:\/\/ajatutaja.com\/#website"},"primaryImageOfPage":{"@id":"https:\/\/ajatutaja.com\/izdelek\/kinderfeets-lesen-otroski-poganjalec-tiny-tot-plus-2v1\/#primaryimage"},"image":{"@id":"https:\/\/ajatutaja.com\/izdelek\/kinderfeets-lesen-otroski-poganjalec-tiny-tot-plus-2v1\/#primaryimage"},"thumbnailUrl":"https:\/\/ajatutaja.com\/wp-content\/uploads\/2021\/11\/kinderfeets-lesen-poganjalec-tiny-tot-plus-2v1-white-ajatutaja-1.jpg","datePublished":"2020-11-19T20:20:15+00:00","dateModified":"2026-04-01T17:16:14+00:00","description":"Kinderfeets Tiny Tot, lesen poganjalec 2-v-1, ki se zlahka pretvori iz tricikla v poganjalec na 2 kolesih. za mal\u010dke starosti od 12 do 24 mesecev.","breadcrumb":{"@id":"https:\/\/ajatutaja.com\/izdelek\/kinderfeets-lesen-otroski-poganjalec-tiny-tot-plus-2v1\/#breadcrumb"},"inLanguage":"hr","potentialAction":[{"@type":"ReadAction","target":["https:\/\/ajatutaja.com\/izdelek\/kinderfeets-lesen-otroski-poganjalec-tiny-tot-plus-2v1\/"]}]},{"@type":"ImageObject","inLanguage":"hr","@id":"https:\/\/ajatutaja.com\/izdelek\/kinderfeets-lesen-otroski-poganjalec-tiny-tot-plus-2v1\/#primaryimage","url":"https:\/\/ajatutaja.com\/wp-content\/uploads\/2021\/11\/kinderfeets-lesen-poganjalec-tiny-tot-plus-2v1-white-ajatutaja-1.jpg","contentUrl":"https:\/\/ajatutaja.com\/wp-content\/uploads\/2021\/11\/kinderfeets-lesen-poganjalec-tiny-tot-plus-2v1-white-ajatutaja-1.jpg","width":750,"height":750},{"@type":"BreadcrumbList","@id":"https:\/\/ajatutaja.com\/izdelek\/kinderfeets-lesen-otroski-poganjalec-tiny-tot-plus-2v1\/#breadcrumb","itemListElement":[{"@type":"ListItem","position":1,"name":"Home","item":"https:\/\/ajatutaja.com\/hr\/"},{"@type":"ListItem","position":2,"name":"Trgovina","item":"https:\/\/ajatutaja.com\/hr\/trgovina\/"},{"@type":"ListItem","position":3,"name":"Kinderfeets\u00ae lesen otro\u0161ki poganjalec Tiny Tot Plus 2v1"}]},{"@type":"WebSite","@id":"https:\/\/ajatutaja.com\/#website","url":"https:\/\/ajatutaja.com\/","name":"Ajatutaja","description":"Otro\u0161ka spletna trgovina AJATUTAJA","publisher":{"@id":"https:\/\/ajatutaja.com\/#organization"},"potentialAction":[{"@type":"SearchAction","target":{"@type":"EntryPoint","urlTemplate":"https:\/\/ajatutaja.com\/?s={search_term_string}"},"query-input":{"@type":"PropertyValueSpecification","valueRequired":true,"valueName":"search_term_string"}}],"inLanguage":"hr"},{"@type":"Organization","@id":"https:\/\/ajatutaja.com\/#organization","name":"Ajatutaja","url":"https:\/\/ajatutaja.com\/","logo":{"@type":"ImageObject","inLanguage":"hr","@id":"https:\/\/ajatutaja.com\/#\/schema\/logo\/image\/","url":"https:\/\/ajatutaja.com\/wp-content\/uploads\/2021\/10\/logo.png","contentUrl":"https:\/\/ajatutaja.com\/wp-content\/uploads\/2021\/10\/logo.png","width":555,"height":150,"caption":"Ajatutaja"},"image":{"@id":"https:\/\/ajatutaja.com\/#\/schema\/logo\/image\/"}}]}},"brands":[{"id":2429,"name":"Kinderfeets","slug":"kinderfeets"},{"id":2409,"name":"Potepanje","slug":"potepanje"}],"_links":{"self":[{"href":"https:\/\/ajatutaja.com\/hr\/wp-json\/wp\/v2\/product\/23815","targetHints":{"allow":["GET"]}}],"collection":[{"href":"https:\/\/ajatutaja.com\/hr\/wp-json\/wp\/v2\/product"}],"about":[{"href":"https:\/\/ajatutaja.com\/hr\/wp-json\/wp\/v2\/types\/product"}],"wp:featuredmedia":[{"embeddable":true,"href":"https:\/\/ajatutaja.com\/hr\/wp-json\/wp\/v2\/media\/23816"}],"wp:attachment":[{"href":"https:\/\/ajatutaja.com\/hr\/wp-json\/wp\/v2\/media?parent=23815"}],"wp:term":[{"taxonomy":"pwb-brand","embeddable":true,"href":"https:\/\/ajatutaja.com\/hr\/wp-json\/wp\/v2\/pwb-brand?post=23815"},{"taxonomy":"product_brand","embeddable":true,"href":"https:\/\/ajatutaja.com\/hr\/wp-json\/wp\/v2\/product_brand?post=23815"},{"taxonomy":"product_cat","embeddable":true,"href":"https:\/\/ajatutaja.com\/hr\/wp-json\/wp\/v2\/product_cat?post=23815"},{"taxonomy":"product_tag","embeddable":true,"href":"https:\/\/ajatutaja.com\/hr\/wp-json\/wp\/v2\/product_tag?post=23815"}],"curies":[{"name":"wp","href":"https:\/\/api.w.org\/{rel}","templated":true}]}}