{"id":23716,"date":"2020-11-08T19:54:19","date_gmt":"2020-11-08T18:54:19","guid":{"rendered":"https:\/\/ajatutaja.com\/izdelek\/avtosedez-uppababy-mesa-i-size-40-75cm-z-isofix-bazo-i-size\/"},"modified":"2023-03-01T08:17:54","modified_gmt":"2023-03-01T07:17:54","slug":"avtosedez-uppababy-mesa-i-size-40-75cm-z-isofix-bazo-i-size","status":"publish","type":"product","link":"https:\/\/ajatutaja.com\/hr\/proizvod\/avtosedez-uppababy-mesa-i-size-40-75cm-z-isofix-bazo-i-size\/","title":{"rendered":"Avtosede\u017e UPPAbaby MESA i-Size (40-75cm) z IsoFix bazo i-Size"},"content":{"rendered":"<p><em>SMARTSECURE tehnologija<\/em><br \/>\nMESA je edini otro\u0161ki sede\u017e s tehnologijo samozategovanja pasu in z indikatorji, ki zagotovijo, da je baza pravilno in varno pritrjena. Enostavna namestitev je eden izmed razlogov, da je MESA dobitnik 5 zvezdic podeljenih pri NHTSA testu.<\/p>\n<p><em>PRILAGODLJIVO NASLONJALO ZA GLAVO Z NAPREDNO ZA\u0160\u010cITO PRED BO\u010cNIMI UDARCI<\/em><br \/>\nNaslonjalo je utrjeno z EPP peno, ki prepre\u010duje premike glave novorojen\u010dka pri bo\u010dnem trku. Kar 51% bo\u010dnih trkov z novorojen\u010dki se kon\u010da s smrtjo*, zato je lupinica MESA narejena z mislijo na varnost in se prilagaja tudi rasti otroka.<\/p>\n<p><em>BREZ PODALJ\u0160EVANJA PASU<\/em><br \/>\nUnikaten varnostni pas ne zahteva razdrtja sistema pri pove\u010devanju, ko otrok raste, zato ste lahko vedno prepri\u010dani, da je pas name\u0161\u010den pravilno.<\/p>\n<p><em>RASTE Z VA\u0160IM OTROKOM<\/em><br \/>\nNizko name\u0161\u010den varnostni pas lahko varno za\u0161\u010diti \u017ee novorojen\u010dke od 2kg dalje. Rasti va\u0161ega otroka se prilagaja tudi MESA \u2013 vse do 16kg. Prilo\u017eena podloga za dojen\u010dke zagotavlja dodatno varnost novorojen\u010dkom in nedono\u0161en\u010dkom od 2 do 3,6kg.<\/p>\n<p><em>ZDRU\u017dLJIV Z VOZI\u010cKOM VISTA<\/em><br \/>\nje brez adapterjev zdru\u017eljiv z vozi\u010dki VISTA in CRUZ, kar zagotavlja najbolj\u0161o mobilnost in varnost. Z vozi\u010dka se odstrani s pritiskom gumba in se v avto prestavi z eno kretnjo.<\/p>\n<p><em>ENOSTAVNO PRANJE<\/em><br \/>\nPrevleka je odstranljiva in pralna. Varnostnega pasu pri tem ni potrebno odstranjevati, zato je vedno name\u0161\u010den pravilno.<\/p>\n<p><em>STREHICA Z ZA\u0160\u010cITO PRED SONCEM S SPF 25+<\/em><br \/>\nVgrajena strehica ponuja dodatno za\u0161\u010dito pred soncem in se priro\u010dno zlo\u017ei, kadar je ne potrebujete.<\/p>\n<h3>TEHNI\u010cNE LASTNOSTI Uppababy MESA i-Size:<\/h3>\n<ul>\n<li>Lupinica: 65,53 cm (D) x 43,18 cm (\u0160) x 58,42 cm (V)<\/li>\n<li>Lupinica z bazo: 71,12 cm (D) x 43,18 cm (\u0160) x 63,5 cm (V)<\/li>\n<li>Lupinica: 4,5 kg<\/li>\n<li>Baza: 4,1 kg<\/li>\n<\/ul>\n","protected":false},"excerpt":{"rendered":"<p>Inovativna tehnologija vgrajena v <strong>avtosede\u017e-lupinico UPPAbaby Mesa i-Size<\/strong> zagotavlja preprosto, pravilno in varno namestitev avtosede\u017ea &#8211; brez ugibanja. Sistem SMART-Secure z vizualnimi indikatorji, ki se iz rde\u010dih spremenijo v zelene, pa omogo\u010da natan\u010dno namestitev in zagotavlja varnost otroka brez kompromisov. UppaBaby MESA zagotavlja najve\u010djo enostavnost in najmanj\u0161o mo\u017enost napake pri namestitvi.<\/p>\n<p>V kompletu:<\/p>\n<ul>\n<li>Avtosede\u017e Uppababy Mesa i-Size, ki je pridobil <a href=\"https:\/\/www.adac.de\/rund-ums-fahrzeug\/tests\/kindersicherheit\/kindersitztest\/details\/638\/uppababy-mesa-i-size\/\" target=\"_blank\" rel=\"noopener\">ADAC<\/a> oceno 1.9 &#8220;GUT&#8221;<\/li>\n<li>IsoFix baza Uppababy Mesa i-Size, ki je pridobil <a href=\"https:\/\/www.adac.de\/rund-ums-fahrzeug\/tests\/kindersicherheit\/kindersitztest\/details\/639\/uppababy-mesa-i-size-plus-i-size-base\/\" target=\"_blank\" rel=\"noopener\">ADAC<\/a> oceno 1.9 &#8220;GUT&#8221;<\/li>\n<\/ul>\n","protected":false},"featured_media":23717,"template":"","meta":[],"pwb-brand":[2351,2355],"product_brand":[],"product_cat":[2339,2346],"product_tag":[4287],"class_list":{"0":"post-23716","1":"product","2":"type-product","3":"status-publish","4":"has-post-thumbnail","6":"pwb-brand-avtosedezi","7":"pwb-brand-uppababy","8":"product_cat-avtosedezi","9":"product_cat-i-size-40-85-cm","10":"product_tag-uppababy","12":"first","13":"instock","14":"taxable","15":"shipping-taxable","16":"purchasable","17":"product-type-variable","18":"add-to-wishlist-before_image"},"yoast_head":"<!-- This site is optimized with the Yoast SEO plugin v27.3 - https:\/\/yoast.com\/product\/yoast-seo-wordpress\/ -->\n<title>Avtosede\u017e UPPAbaby MESA i-Size (40-75cm) z IsoFix bazo i-Size | Ajatutaja<\/title>\n<meta name=\"description\" content=\"Avtosede\u017e Mesa se preprosto namesti na ogrodje vozi\u010dka Uppababy VISTA - brez nikakr\u0161nih adapterjev. ADAC test &quot;GUT&quot; 1.\" \/>\n<meta name=\"robots\" content=\"index, follow, max-snippet:-1, max-image-preview:large, max-video-preview:-1\" \/>\n<link rel=\"canonical\" href=\"https:\/\/ajatutaja.com\/izdelek\/avtosedez-uppababy-mesa-i-size-40-75cm-z-isofix-bazo-i-size\/\" \/>\n<meta property=\"og:locale\" content=\"hr_HR\" \/>\n<meta property=\"og:type\" content=\"article\" \/>\n<meta property=\"og:title\" content=\"Avtosede\u017e UPPAbaby MESA i-Size (40-75cm) z IsoFix bazo i-Size | Ajatutaja\" \/>\n<meta property=\"og:description\" content=\"Avtosede\u017e Mesa se preprosto namesti na ogrodje vozi\u010dka Uppababy VISTA - brez nikakr\u0161nih adapterjev. ADAC test &quot;GUT&quot; 1.\" \/>\n<meta property=\"og:url\" content=\"https:\/\/ajatutaja.com\/izdelek\/avtosedez-uppababy-mesa-i-size-40-75cm-z-isofix-bazo-i-size\/\" \/>\n<meta property=\"og:site_name\" content=\"Ajatutaja\" \/>\n<meta property=\"article:modified_time\" content=\"2023-03-01T07:17:54+00:00\" \/>\n<meta property=\"og:image\" content=\"https:\/\/ajatutaja.com\/wp-content\/uploads\/2021\/11\/iso_fix_baza_uppababy_mesa__i-size_2019_ajatutaja_1-e1604865402201.jpg\" \/>\n\t<meta property=\"og:image:width\" content=\"800\" \/>\n\t<meta property=\"og:image:height\" content=\"800\" \/>\n\t<meta property=\"og:image:type\" content=\"image\/jpeg\" \/>\n<meta name=\"twitter:card\" content=\"summary_large_image\" \/>\n<meta name=\"twitter:label1\" content=\"Procijenjeno vrijeme \u010ditanja\" \/>\n\t<meta name=\"twitter:data1\" content=\"1 minuta\" \/>\n<script type=\"application\/ld+json\" class=\"yoast-schema-graph\">{\"@context\":\"https:\\\/\\\/schema.org\",\"@graph\":[{\"@type\":\"WebPage\",\"@id\":\"https:\\\/\\\/ajatutaja.com\\\/izdelek\\\/avtosedez-uppababy-mesa-i-size-40-75cm-z-isofix-bazo-i-size\\\/\",\"url\":\"https:\\\/\\\/ajatutaja.com\\\/izdelek\\\/avtosedez-uppababy-mesa-i-size-40-75cm-z-isofix-bazo-i-size\\\/\",\"name\":\"Avtosede\u017e UPPAbaby MESA i-Size (40-75cm) z IsoFix bazo i-Size | Ajatutaja\",\"isPartOf\":{\"@id\":\"https:\\\/\\\/ajatutaja.com\\\/#website\"},\"primaryImageOfPage\":{\"@id\":\"https:\\\/\\\/ajatutaja.com\\\/izdelek\\\/avtosedez-uppababy-mesa-i-size-40-75cm-z-isofix-bazo-i-size\\\/#primaryimage\"},\"image\":{\"@id\":\"https:\\\/\\\/ajatutaja.com\\\/izdelek\\\/avtosedez-uppababy-mesa-i-size-40-75cm-z-isofix-bazo-i-size\\\/#primaryimage\"},\"thumbnailUrl\":\"https:\\\/\\\/ajatutaja.com\\\/wp-content\\\/uploads\\\/2021\\\/11\\\/iso_fix_baza_uppababy_mesa__i-size_2019_ajatutaja_1-e1604865402201.jpg\",\"datePublished\":\"2020-11-08T18:54:19+00:00\",\"dateModified\":\"2023-03-01T07:17:54+00:00\",\"description\":\"Avtosede\u017e Mesa se preprosto namesti na ogrodje vozi\u010dka Uppababy VISTA - brez nikakr\u0161nih adapterjev. ADAC test \\\"GUT\\\" 1.\",\"breadcrumb\":{\"@id\":\"https:\\\/\\\/ajatutaja.com\\\/izdelek\\\/avtosedez-uppababy-mesa-i-size-40-75cm-z-isofix-bazo-i-size\\\/#breadcrumb\"},\"inLanguage\":\"hr\",\"potentialAction\":[{\"@type\":\"ReadAction\",\"target\":[\"https:\\\/\\\/ajatutaja.com\\\/izdelek\\\/avtosedez-uppababy-mesa-i-size-40-75cm-z-isofix-bazo-i-size\\\/\"]}]},{\"@type\":\"ImageObject\",\"inLanguage\":\"hr\",\"@id\":\"https:\\\/\\\/ajatutaja.com\\\/izdelek\\\/avtosedez-uppababy-mesa-i-size-40-75cm-z-isofix-bazo-i-size\\\/#primaryimage\",\"url\":\"https:\\\/\\\/ajatutaja.com\\\/wp-content\\\/uploads\\\/2021\\\/11\\\/iso_fix_baza_uppababy_mesa__i-size_2019_ajatutaja_1-e1604865402201.jpg\",\"contentUrl\":\"https:\\\/\\\/ajatutaja.com\\\/wp-content\\\/uploads\\\/2021\\\/11\\\/iso_fix_baza_uppababy_mesa__i-size_2019_ajatutaja_1-e1604865402201.jpg\",\"width\":800,\"height\":800},{\"@type\":\"BreadcrumbList\",\"@id\":\"https:\\\/\\\/ajatutaja.com\\\/izdelek\\\/avtosedez-uppababy-mesa-i-size-40-75cm-z-isofix-bazo-i-size\\\/#breadcrumb\",\"itemListElement\":[{\"@type\":\"ListItem\",\"position\":1,\"name\":\"Home\",\"item\":\"https:\\\/\\\/ajatutaja.com\\\/hr\\\/\"},{\"@type\":\"ListItem\",\"position\":2,\"name\":\"Trgovina\",\"item\":\"https:\\\/\\\/ajatutaja.com\\\/hr\\\/trgovina\\\/\"},{\"@type\":\"ListItem\",\"position\":3,\"name\":\"Avtosede\u017e UPPAbaby MESA i-Size (40-75cm) z IsoFix bazo i-Size\"}]},{\"@type\":\"WebSite\",\"@id\":\"https:\\\/\\\/ajatutaja.com\\\/#website\",\"url\":\"https:\\\/\\\/ajatutaja.com\\\/\",\"name\":\"Ajatutaja\",\"description\":\"Otro\u0161ka spletna trgovina AJATUTAJA\",\"publisher\":{\"@id\":\"https:\\\/\\\/ajatutaja.com\\\/#organization\"},\"potentialAction\":[{\"@type\":\"SearchAction\",\"target\":{\"@type\":\"EntryPoint\",\"urlTemplate\":\"https:\\\/\\\/ajatutaja.com\\\/?s={search_term_string}\"},\"query-input\":{\"@type\":\"PropertyValueSpecification\",\"valueRequired\":true,\"valueName\":\"search_term_string\"}}],\"inLanguage\":\"hr\"},{\"@type\":\"Organization\",\"@id\":\"https:\\\/\\\/ajatutaja.com\\\/#organization\",\"name\":\"Ajatutaja\",\"url\":\"https:\\\/\\\/ajatutaja.com\\\/\",\"logo\":{\"@type\":\"ImageObject\",\"inLanguage\":\"hr\",\"@id\":\"https:\\\/\\\/ajatutaja.com\\\/#\\\/schema\\\/logo\\\/image\\\/\",\"url\":\"https:\\\/\\\/ajatutaja.com\\\/wp-content\\\/uploads\\\/2021\\\/10\\\/logo.png\",\"contentUrl\":\"https:\\\/\\\/ajatutaja.com\\\/wp-content\\\/uploads\\\/2021\\\/10\\\/logo.png\",\"width\":555,\"height\":150,\"caption\":\"Ajatutaja\"},\"image\":{\"@id\":\"https:\\\/\\\/ajatutaja.com\\\/#\\\/schema\\\/logo\\\/image\\\/\"}}]}<\/script>\n<!-- \/ Yoast SEO plugin. -->","yoast_head_json":{"title":"Avtosede\u017e UPPAbaby MESA i-Size (40-75cm) z IsoFix bazo i-Size | Ajatutaja","description":"Avtosede\u017e Mesa se preprosto namesti na ogrodje vozi\u010dka Uppababy VISTA - brez nikakr\u0161nih adapterjev. ADAC test \"GUT\" 1.","robots":{"index":"index","follow":"follow","max-snippet":"max-snippet:-1","max-image-preview":"max-image-preview:large","max-video-preview":"max-video-preview:-1"},"canonical":"https:\/\/ajatutaja.com\/izdelek\/avtosedez-uppababy-mesa-i-size-40-75cm-z-isofix-bazo-i-size\/","og_locale":"hr_HR","og_type":"article","og_title":"Avtosede\u017e UPPAbaby MESA i-Size (40-75cm) z IsoFix bazo i-Size | Ajatutaja","og_description":"Avtosede\u017e Mesa se preprosto namesti na ogrodje vozi\u010dka Uppababy VISTA - brez nikakr\u0161nih adapterjev. ADAC test \"GUT\" 1.","og_url":"https:\/\/ajatutaja.com\/izdelek\/avtosedez-uppababy-mesa-i-size-40-75cm-z-isofix-bazo-i-size\/","og_site_name":"Ajatutaja","article_modified_time":"2023-03-01T07:17:54+00:00","og_image":[{"width":800,"height":800,"url":"https:\/\/ajatutaja.com\/wp-content\/uploads\/2021\/11\/iso_fix_baza_uppababy_mesa__i-size_2019_ajatutaja_1-e1604865402201.jpg","type":"image\/jpeg"}],"twitter_card":"summary_large_image","twitter_misc":{"Procijenjeno vrijeme \u010ditanja":"1 minuta"},"schema":{"@context":"https:\/\/schema.org","@graph":[{"@type":"WebPage","@id":"https:\/\/ajatutaja.com\/izdelek\/avtosedez-uppababy-mesa-i-size-40-75cm-z-isofix-bazo-i-size\/","url":"https:\/\/ajatutaja.com\/izdelek\/avtosedez-uppababy-mesa-i-size-40-75cm-z-isofix-bazo-i-size\/","name":"Avtosede\u017e UPPAbaby MESA i-Size (40-75cm) z IsoFix bazo i-Size | Ajatutaja","isPartOf":{"@id":"https:\/\/ajatutaja.com\/#website"},"primaryImageOfPage":{"@id":"https:\/\/ajatutaja.com\/izdelek\/avtosedez-uppababy-mesa-i-size-40-75cm-z-isofix-bazo-i-size\/#primaryimage"},"image":{"@id":"https:\/\/ajatutaja.com\/izdelek\/avtosedez-uppababy-mesa-i-size-40-75cm-z-isofix-bazo-i-size\/#primaryimage"},"thumbnailUrl":"https:\/\/ajatutaja.com\/wp-content\/uploads\/2021\/11\/iso_fix_baza_uppababy_mesa__i-size_2019_ajatutaja_1-e1604865402201.jpg","datePublished":"2020-11-08T18:54:19+00:00","dateModified":"2023-03-01T07:17:54+00:00","description":"Avtosede\u017e Mesa se preprosto namesti na ogrodje vozi\u010dka Uppababy VISTA - brez nikakr\u0161nih adapterjev. ADAC test \"GUT\" 1.","breadcrumb":{"@id":"https:\/\/ajatutaja.com\/izdelek\/avtosedez-uppababy-mesa-i-size-40-75cm-z-isofix-bazo-i-size\/#breadcrumb"},"inLanguage":"hr","potentialAction":[{"@type":"ReadAction","target":["https:\/\/ajatutaja.com\/izdelek\/avtosedez-uppababy-mesa-i-size-40-75cm-z-isofix-bazo-i-size\/"]}]},{"@type":"ImageObject","inLanguage":"hr","@id":"https:\/\/ajatutaja.com\/izdelek\/avtosedez-uppababy-mesa-i-size-40-75cm-z-isofix-bazo-i-size\/#primaryimage","url":"https:\/\/ajatutaja.com\/wp-content\/uploads\/2021\/11\/iso_fix_baza_uppababy_mesa__i-size_2019_ajatutaja_1-e1604865402201.jpg","contentUrl":"https:\/\/ajatutaja.com\/wp-content\/uploads\/2021\/11\/iso_fix_baza_uppababy_mesa__i-size_2019_ajatutaja_1-e1604865402201.jpg","width":800,"height":800},{"@type":"BreadcrumbList","@id":"https:\/\/ajatutaja.com\/izdelek\/avtosedez-uppababy-mesa-i-size-40-75cm-z-isofix-bazo-i-size\/#breadcrumb","itemListElement":[{"@type":"ListItem","position":1,"name":"Home","item":"https:\/\/ajatutaja.com\/hr\/"},{"@type":"ListItem","position":2,"name":"Trgovina","item":"https:\/\/ajatutaja.com\/hr\/trgovina\/"},{"@type":"ListItem","position":3,"name":"Avtosede\u017e UPPAbaby MESA i-Size (40-75cm) z IsoFix bazo i-Size"}]},{"@type":"WebSite","@id":"https:\/\/ajatutaja.com\/#website","url":"https:\/\/ajatutaja.com\/","name":"Ajatutaja","description":"Otro\u0161ka spletna trgovina AJATUTAJA","publisher":{"@id":"https:\/\/ajatutaja.com\/#organization"},"potentialAction":[{"@type":"SearchAction","target":{"@type":"EntryPoint","urlTemplate":"https:\/\/ajatutaja.com\/?s={search_term_string}"},"query-input":{"@type":"PropertyValueSpecification","valueRequired":true,"valueName":"search_term_string"}}],"inLanguage":"hr"},{"@type":"Organization","@id":"https:\/\/ajatutaja.com\/#organization","name":"Ajatutaja","url":"https:\/\/ajatutaja.com\/","logo":{"@type":"ImageObject","inLanguage":"hr","@id":"https:\/\/ajatutaja.com\/#\/schema\/logo\/image\/","url":"https:\/\/ajatutaja.com\/wp-content\/uploads\/2021\/10\/logo.png","contentUrl":"https:\/\/ajatutaja.com\/wp-content\/uploads\/2021\/10\/logo.png","width":555,"height":150,"caption":"Ajatutaja"},"image":{"@id":"https:\/\/ajatutaja.com\/#\/schema\/logo\/image\/"}}]}},"brands":[{"id":2351,"name":"Avtosede\u017ei","slug":"avtosedezi"},{"id":2355,"name":"UPPABaby","slug":"uppababy"}],"_links":{"self":[{"href":"https:\/\/ajatutaja.com\/hr\/wp-json\/wp\/v2\/product\/23716","targetHints":{"allow":["GET"]}}],"collection":[{"href":"https:\/\/ajatutaja.com\/hr\/wp-json\/wp\/v2\/product"}],"about":[{"href":"https:\/\/ajatutaja.com\/hr\/wp-json\/wp\/v2\/types\/product"}],"wp:featuredmedia":[{"embeddable":true,"href":"https:\/\/ajatutaja.com\/hr\/wp-json\/wp\/v2\/media\/23717"}],"wp:attachment":[{"href":"https:\/\/ajatutaja.com\/hr\/wp-json\/wp\/v2\/media?parent=23716"}],"wp:term":[{"taxonomy":"pwb-brand","embeddable":true,"href":"https:\/\/ajatutaja.com\/hr\/wp-json\/wp\/v2\/pwb-brand?post=23716"},{"taxonomy":"product_brand","embeddable":true,"href":"https:\/\/ajatutaja.com\/hr\/wp-json\/wp\/v2\/product_brand?post=23716"},{"taxonomy":"product_cat","embeddable":true,"href":"https:\/\/ajatutaja.com\/hr\/wp-json\/wp\/v2\/product_cat?post=23716"},{"taxonomy":"product_tag","embeddable":true,"href":"https:\/\/ajatutaja.com\/hr\/wp-json\/wp\/v2\/product_tag?post=23716"}],"curies":[{"name":"wp","href":"https:\/\/api.w.org\/{rel}","templated":true}]}}