{"id":23707,"date":"2024-10-09T16:25:31","date_gmt":"2024-10-09T14:25:31","guid":{"rendered":"https:\/\/ajatutaja.com\/izdelek\/otroski-vozicek-uppababy-vista-v2-4v1\/"},"modified":"2025-12-03T23:33:22","modified_gmt":"2025-12-03T22:33:22","slug":"otroski-vozicek-uppababy-vista-v2-4v1","status":"publish","type":"product","link":"https:\/\/ajatutaja.com\/hr\/proizvod\/otroski-vozicek-uppababy-vista-v2-4v1\/","title":{"rendered":"UPPAbaby VISTA V3 komplet 4v1"},"content":{"rendered":"<p>[vc_row][vc_column][vc_column_text]Otro\u0161ki vozi\u010dek UPPAbaby Vista V3 je zasnovan tako, da raste z dru\u017eino. Kvalitetno in trpe\u017eno ogrodje in vrhunski materiali zagotavljajo brezskrbo uporabo vozi\u010dka za 1 ali 2 otroka iste oz. razli\u010dne starosti. Z namestitvijo rolke Vista, pa se lahko z vozi\u010dkom preva\u017ea tudi tretji otrok.<\/p>\n<p>S svojo prilagodljivostjo in vrhunsko zasnovo poskrbi, da je vo\u017enja udobna in brezskrbna \u2013 tako za star\u0161e kot za otroke. Ne glede na to, ali gre za prve sprehode z novorojen\u010dkom ali za dru\u017einske izlete z ve\u010d otroki, Vista V3 z lahkoto sledi vsakemu koraku dru\u017einskega \u017eivljenja. Z vrsto pametno zasnovanih funkcij zdaj Vista V3 zagotavlja izvrstno vo\u017enjo v vseh letnih \u010dasih.<\/p>\n<h4>Komplet\u00a0 4v1 Uppababy VISTA V3 vklju\u010duje:<\/h4>\n<ul>\n<li>izredno lahko in obenem \u010dvrsto aluminijasto ogrodje z magnezijem Uppababy<\/li>\n<li>4 odli\u010dno vzmetena kolesa, ki so odporna na predrtje<\/li>\n<li>obojestransko nastavljiv \u0161portni del s podalj\u0161ano in zra\u010dno strehico z UV za\u0161\u010dito<\/li>\n<li>veliko ko\u0161aro za novorojen\u010dka s podalj\u0161ano strehico in zra\u010dniki, ter transportno torbo<\/li>\n<li>prekrivalo proti de\u017eju in mre\u017eo proti mr\u010desu za ko\u0161aro in \u0161portni del<\/li>\n<li>zelo veliko in prostorno nakupovalno ko\u0161aro z nosilnostjo 13kg<\/li>\n<li>vtosede\u017e in isofix bazo UPPAbaby MESA i-size<\/li>\n<\/ul>\n<h4>Zakaj izbrati UPPAbaby VISTA V3?<\/h4>\n<ol>\n<li>Strehica \u0161portnega sede\u017ea in ko\u0161are se podalj\u0161a in nudi optimalno UV za\u0161\u010dito va\u0161emu otroku. Strehica \u0161portnega dela ima mre\u017easto okence ter je prilagodljiva tudi po vi\u0161ini, kar omogo\u010da, da raste skupaj z va\u0161im otrokom in mu nudi popolno udobje. Strehica ko\u0161are ima prav tako mre\u017easto okence, ki se razkrije z zadrgo. Na zadnjem delu strehice lahko odprete zadrgo, kar omogo\u010da dodatno zra\u010denje in zagotavlja maksimalno udobje va\u0161emu otroku.<\/li>\n<li>Prilagodljiv teleskopski ro\u010dajvozi\u010dka omogo\u010da enostavno uporabo star\u0161em vseh vi\u0161in, kar zagotavlja maksimalno udobje in ergonomsko uporabo pri vsakodnevnih sprehodih.<\/li>\n<li>\u0160portni sede\u017e vozi\u010dka in globoka ko\u0161ara vklju\u010dujeta odstranljivo podlogo, ki va\u0161emu otroku nudi dodatno udobje v hladnej\u0161ih mesecih. Ko je podloga odstranjena, se razkrije mre\u017easto naslonjalo, ki poleti zagotavlja optimalno kro\u017eenje zraka in prepre\u010duje pregrevanje ter potenje otroka. Ko\u0161ara ima \u0161e dva dodatna mre\u017easta okenca, ki nudita ve\u010djo zra\u010dnost in mo\u017enost, da otrok opazuje okolico na trebu\u0161\u010dku.<\/li>\n<li>Popolnoma prilagodljiv \u0161portni sede\u017e nudi mo\u017enost nagiba do 180\u00b0, kar va\u0161emu mal\u010dku omogo\u010da popolno sprostitev in udoben spanec ali pa pokon\u010dno dr\u017eo, ko \u017eeli radovedno raziskovati okolico. \u0160portni del vozi\u010dka lahko enostavno obrnete v smer vo\u017enje ali nazaj, odvisno od \u017eelja in potreb va\u0161ega otroka.<\/li>\n<li>Inovativni sistem pri modelu UPPAbaby VISTA V3 omogo\u010da enostavno in hitro brezstopenjsko nastavitev vi\u0161ine varnostnih pasov brez zapletenega prestavljanja skozi razli\u010dne re\u017ee. Varnostni pasovi so opremljeni z magnetno zaponko za hitro in varno zapenjanje.<\/li>\n<li>Izjemno velika ko\u0161ara za shranjevanje je nepogre\u0161ljiv pomo\u010dnik za vse va\u0161e otro\u0161ke pripomo\u010dke. Z nosilnostjo do 13,6 kg omogo\u010da varno shranjevanje vsega, kar potrebujete na poti. Ko\u0161ara je opremljena z vgrajenimi odsevniki, ki pove\u010dujejo vidnost in zagotavljajo ve\u010djo varnost pono\u010di.<\/li>\n<li>Velika, vzdr\u017eljiva kolesa vozi\u010dka so opremljena s sistemom bla\u017eenja tresljajev FlexRide, kar zagotavlja udobno in gladko vo\u017enjo po vseh terenih. Kolesa so narejena iz materiala, odpornega na predrtje, tako da nikoli ne boste imeli te\u017eav z izpraznjenimi gumami. Kolesa imajo vgrajene odsevnike za ve\u010djo vidljivost pono\u010di.<\/li>\n<li>Zlaganje vozi\u010dka VISTA V3 v enem samem koraku je izjemno enostavno. Vozi\u010dek se lahko zlo\u017ei s pritrjenim sede\u017eem ali brez njega, kar prihrani dragoceni \u010das. Zlo\u017een vozi\u010dek samostojno stoji.<\/li>\n<li>Ko\u0161aro lahko enostavno in hitro odstranite z vozi\u010dka z eno roko, kar vam omogo\u010da, da spe\u010dega dojen\u010dka prenesete brez te\u017eav kjerkoli potrebujete. Ko\u0161ara UPPAbaby je testirana in certificirana kot posteljica, kar pomeni, da je primerna tudi za varno in udobno no\u010dno spanje va\u0161ega novorojen\u010dka. Na sprednjem in zadnjem delu ko\u0161are sta dve mre\u017easti okenci, ki nudita ve\u010djo zra\u010dnost in mo\u017enost, da otrok opazuje okolico na trebu\u0161\u010dku. Pokrivalo za ko\u0161aro ima dvojno zadrgo, kar zagotavlja hiter in enostaven dostop do dojen\u010dka.<\/li>\n<li>3D zra\u010dna struktura vzmetnice in ventilirano dno ko\u0161are zagotavljata dodatno zra\u010denje, ki poskrbi za udoben in varen po\u010ditek va\u0161ega mal\u010dka. Notranja tkanina ko\u0161are je zasnovana tako, da ne vpija sline, znoja ali drugih teko\u010din, kar zagotavlja, da bo va\u0161 otrok vedno na suhem in udobnem.<\/li>\n<li>Enostavno vzdr\u017eevanje in \u010di\u0161\u010denje. Za preprosto \u010di\u0161\u010denje in vzdr\u017eevanje lahko notranje tkanine ko\u0161are, tkanino strehice, prevleko za vzmetnico in pokrivalo za noge enostavno odstranite z zadrgo in operete.<\/li>\n<li>Vozi\u010dek VISTA je brez dodatnih adapterjev kompatibilen z lupinico UPPAbaby MESA, ki jo namestite z enim klikom, hitro in enostavno.<\/li>\n<li>3-letna garancija (2+1; dodatno leto ob registraciji na UPPAbaby spletni strani).<\/li>\n<li>VISTA V3 nudi 30+ pametnih konfiguracij za vo\u017enjo 1, 2 ali 3 otrok.<\/li>\n<li>GREENGUARD GOLD CERTIFIKAT \u2013 certifikat, ki dokazuje, da je UPPAbaby podjetje zavezano k odgovorni proizvodnji, varnim izdelkom in skrbi za \u010distej\u0161e okolje<\/li>\n<\/ol>\n<h4>LASTNOSTI:<\/h4>\n<ul>\n<li>Uporaba vozi\u010dka s ko\u0161aro od otrokovega rojstva do 9 kg doz. o samostojnega dvigovanja otroka (kar nastopi prej)<\/li>\n<li>Uporaba vozi\u010dka s \u0161portnim sede\u017eem od starosti 6 mesecev do 22 kg (oz. vi\u0161ina otroka do 101 cm)<\/li>\n<li>Udoben \u0161portni sede\u017e za vse vremenske razmere (mre\u017easto hrbti\u0161\u010de za poletje in podloga za sede\u017e za hladnej\u0161e dni)<\/li>\n<li>Magnetna zaponka in brezstopenjska nastavitev varnostnih pasov na \u0161portnem sede\u017eu<\/li>\n<li>Nastavljiv naslon sede\u017ea do 180\u00b0 in prilagodljiva opora za noge<\/li>\n<li>Ko\u0161ara za novorojen\u010dka za vse letne \u010dase z mre\u017eastimi oknci in zra\u010dno vzmetnico brez pene<\/li>\n<li>Brez dodatnih adapterjev kompatibilen z lupinico UPPABaby\u00ae MESA, ki jo namestite z enim klikom<\/li>\n<li>VISTA V3 ponuja kar ve\u010d raznolikih konfiguracij (mo\u017enost izbire poljubnih nastavitev v kombinaciji z eno ali dvema \u0161portnima sede\u017eema, ko\u0161arama za novorojen\u010dka ali lupinicama)<\/li>\n<li>Enostavno \u010di\u0161\u010denje celotnega vozi\u010dka in ko\u0161are (tkanine ko\u0161are se odstranijo)<\/li>\n<li>\u0160tirikolesni vozi\u010dek ima kolesa s posebnim bla\u017eilom pred tresenjem, \u2018zra\u010dni \u017eep\u2019, ter patentiranim sistemom le\u017eajev FlexRide zagotavlja dolgo \u017eivljenjsko dobo in tiho delovanje<\/li>\n<li>Mehko vzmetenje omogo\u010da mirno in varno vo\u017enjo \u010dez razli\u010dne terene koles in izjemna fleksibilnost in enostavno zavijanje sprednjih koles<\/li>\n<li>Mo\u017enost zaklepanja sprednjih koles, ter enostavna sprostitev blokade zadnjih koles<\/li>\n<li>Teleskopski ro\u010daj in varovalna ro\u010dica sta iz pravega usnja (REACH certifikat)<\/li>\n<li>Kolesa in nakupovalna ko\u0161ara sta opremljena z odsevnimi elementi za ve\u010djo vidljivost v mraku oziroma pono\u010di<\/li>\n<\/ul>\n<h4>Dimenzije in te\u017ea:<\/h4>\n<ul>\n<li>Ogrodje s kolesi + sede\u017e: 12,5 kg ( Ogrodje s kolesi: 9 kg \/ Sede\u017e: 3,5 kg \/ Ko\u0161ara: 4,2 kg)<\/li>\n<li>Dimenzija odprtega vozi\u010dka: D: 91,7 cm x \u0160: 65,3 cm x V: 100,3 cm<\/li>\n<li>Dimenzije zlo\u017eenega vozi\u010dka brez sede\u017ea: D: 41,4 cm x \u0160: 65,2 cm x V: 85,8 cm<\/li>\n<li>Dimenzija zlo\u017eenega vozi\u010dka s sede\u017eem:D: 28,7 cm x \u0160: 65,3 cm x V: 82 cm<\/li>\n<li>Dimenzije ko\u0161are za novorojen\u010dka:D: 76,9 cm x \u0160: 42,2 cm x V: 62,9 cm<\/li>\n<li>Dimenzije sprednjih koles: Premer: 20,6 cm \/Dimenzije zadnjih koles:Premer: 28,7 cm<\/li>\n<\/ul>\n<h4>Idealen za velike dru\u017eine in najbolj\u0161a izbira za dru\u017eine z otroki z majhno starostno razliko<\/h4>\n<ul>\n<li>Vozi\u010dek za vo\u017enjo enega ali dveh otrok (Za zagotovitev mo\u017enih kombinacij vo\u017enje dveh otrok, je potrebno dokupiti dodatni \u0161portni sede\u017e\/dodatno ko\u0161aro za novorojen\u010dka\/avtosede\u017e)<\/li>\n<li>Vozi\u010dek za dvoj\u010dke (Za zagotovitev mo\u017enih kombinacij vo\u017enje dveh otrok, je potrebno dokupiti dodatni \u0161portni sede\u017e\/dodatno ko\u0161aro za novorojen\u010dka\/avtosede\u017e) \u2013 v primeru vo\u017enje dveh otrok potrebno dokupiti \u0161portni sede\u017e\/ko\u0161aro\/avtosede\u017e)<\/li>\n<\/ul>\n<p>[\/vc_column_text][\/vc_column][\/vc_row]<\/p>\n","protected":false},"excerpt":{"rendered":"<p style=\"text-align: justify\">Otro\u0161ki vozi\u010dek UPPAbaby Vista V3 je zasnovan tako, da raste z dru\u017eino. Kvalitetno in trpe\u017eno ogrodje in vrhunski materiali zagotavljajo brezskrbo uporabo vozi\u010dka za 1 ali 2 otroka iste oz. razli\u010dne starosti. Z namestitvijo rolke Vista, pa se lahko z vozi\u010dkom preva\u017ea tudi tretji otrok. Namestitev avtosede\u017ea Mesa na ogrodje vozi\u010dka pa je hitra in enostavna &#8211; brez adapterjev.<\/p>\n<h4 style=\"text-align: justify\">Komplet 4v1 Uppababy VISTA V3 vklju\u010duje:<\/h4>\n<ul>\n<li>Otro\u0161ki vozi\u010dek UPPAbaby VISTA V3<\/li>\n<li>Ko\u0161aro za novorojen\u010dka<\/li>\n<li>Avtosede\u017e <a href=\"https:\/\/ajatutaja.com\/izdelek\/avtosedez-uppababy-mesa-i-size-40-75-cm\/\" target=\"_blank\" rel=\"noopener\">Uppababy MESA i-size<\/a> (40-75 cm), ki je na <a href=\"https:\/\/www.adac.de\/rund-ums-fahrzeug\/tests\/kindersicherheit\/kindersitztest\/details\/638\/uppababy-mesa-i-size\/\" target=\"_blank\" rel=\"noopener\">ADAC<\/a> testu dobil oceno 1.9 &#8220;GUT&#8221;<\/li>\n<li>Uppababy MESA IsoFix bazo i-size, ki je na <a href=\"https:\/\/www.adac.de\/rund-ums-fahrzeug\/tests\/kindersicherheit\/kindersitztest\/details\/639\/uppababy-mesa-i-size-plus-i-size-base\/\" target=\"_blank\" rel=\"noopener\">ADAC<\/a> testu dobila oceno 1.9 &#8220;GUT&#8221;<\/li>\n<\/ul>\n","protected":false},"featured_media":69139,"template":"","meta":[],"pwb-brand":[2381,2374],"product_brand":[],"product_cat":[2365,2360],"product_tag":[5402,4287,5637],"class_list":{"0":"post-23707","1":"product","2":"type-product","3":"status-publish","4":"has-post-thumbnail","6":"pwb-brand-uppababy-vozicki","7":"pwb-brand-vozicki","8":"product_cat-otroski-vozicki-4v1","9":"product_cat-vozicki","10":"product_tag-black-friday","11":"product_tag-uppababy","12":"product_tag-vista-v3","14":"first","15":"instock","16":"taxable","17":"shipping-taxable","18":"purchasable","19":"product-type-variable","20":"add-to-wishlist-before_image"},"yoast_head":"<!-- This site is optimized with the Yoast SEO plugin v27.3 - https:\/\/yoast.com\/product\/yoast-seo-wordpress\/ -->\n<title>UPPAbaby VISTA V3 komplet 4v1 | Ajatutaja<\/title>\n<meta name=\"description\" content=\"Otro\u0161ki vozi\u010dek Uppababy VISTA V3 je trpe\u017een, sodoben in dovr\u0161en vozi\u010dek. Ima dovolj prostora za shranjevanje vseh potreb\u0161\u010din in tiha vo\u017enja brez tresljajev bo navdu\u0161ila tudi vas!\" \/>\n<meta name=\"robots\" content=\"index, follow, max-snippet:-1, max-image-preview:large, max-video-preview:-1\" \/>\n<link rel=\"canonical\" href=\"https:\/\/ajatutaja.com\/izdelek\/otroski-vozicek-uppababy-vista-v2-4v1\/\" \/>\n<meta property=\"og:locale\" content=\"hr_HR\" \/>\n<meta property=\"og:type\" content=\"article\" \/>\n<meta property=\"og:title\" content=\"UPPAbaby VISTA V3 komplet 4v1 | Ajatutaja\" \/>\n<meta property=\"og:description\" content=\"Otro\u0161ki vozi\u010dek Uppababy VISTA V3 je trpe\u017een, sodoben in dovr\u0161en vozi\u010dek. Ima dovolj prostora za shranjevanje vseh potreb\u0161\u010din in tiha vo\u017enja brez tresljajev bo navdu\u0161ila tudi vas!\" \/>\n<meta property=\"og:url\" content=\"https:\/\/ajatutaja.com\/izdelek\/otroski-vozicek-uppababy-vista-v2-4v1\/\" \/>\n<meta property=\"og:site_name\" content=\"Ajatutaja\" \/>\n<meta property=\"article:modified_time\" content=\"2025-12-03T22:33:22+00:00\" \/>\n<meta property=\"og:image\" content=\"https:\/\/ajatutaja.com\/wp-content\/uploads\/2024\/10\/Vozicek-uppababy-vista-v3-mesa-i-size-4v1-greyson.jpg\" \/>\n\t<meta property=\"og:image:width\" content=\"640\" \/>\n\t<meta property=\"og:image:height\" content=\"640\" \/>\n\t<meta property=\"og:image:type\" content=\"image\/jpeg\" \/>\n<meta name=\"twitter:card\" content=\"summary_large_image\" \/>\n<meta name=\"twitter:label1\" content=\"Procijenjeno vrijeme \u010ditanja\" \/>\n\t<meta name=\"twitter:data1\" content=\"6 minuta\" \/>\n<script type=\"application\/ld+json\" class=\"yoast-schema-graph\">{\"@context\":\"https:\\\/\\\/schema.org\",\"@graph\":[{\"@type\":\"WebPage\",\"@id\":\"https:\\\/\\\/ajatutaja.com\\\/izdelek\\\/otroski-vozicek-uppababy-vista-v2-4v1\\\/\",\"url\":\"https:\\\/\\\/ajatutaja.com\\\/izdelek\\\/otroski-vozicek-uppababy-vista-v2-4v1\\\/\",\"name\":\"UPPAbaby VISTA V3 komplet 4v1 | Ajatutaja\",\"isPartOf\":{\"@id\":\"https:\\\/\\\/ajatutaja.com\\\/#website\"},\"primaryImageOfPage\":{\"@id\":\"https:\\\/\\\/ajatutaja.com\\\/izdelek\\\/otroski-vozicek-uppababy-vista-v2-4v1\\\/#primaryimage\"},\"image\":{\"@id\":\"https:\\\/\\\/ajatutaja.com\\\/izdelek\\\/otroski-vozicek-uppababy-vista-v2-4v1\\\/#primaryimage\"},\"thumbnailUrl\":\"https:\\\/\\\/ajatutaja.com\\\/wp-content\\\/uploads\\\/2024\\\/10\\\/Vozicek-uppababy-vista-v3-mesa-i-size-4v1-greyson.jpg\",\"datePublished\":\"2024-10-09T14:25:31+00:00\",\"dateModified\":\"2025-12-03T22:33:22+00:00\",\"description\":\"Otro\u0161ki vozi\u010dek Uppababy VISTA V3 je trpe\u017een, sodoben in dovr\u0161en vozi\u010dek. Ima dovolj prostora za shranjevanje vseh potreb\u0161\u010din in tiha vo\u017enja brez tresljajev bo navdu\u0161ila tudi vas!\",\"breadcrumb\":{\"@id\":\"https:\\\/\\\/ajatutaja.com\\\/izdelek\\\/otroski-vozicek-uppababy-vista-v2-4v1\\\/#breadcrumb\"},\"inLanguage\":\"hr\",\"potentialAction\":[{\"@type\":\"ReadAction\",\"target\":[\"https:\\\/\\\/ajatutaja.com\\\/izdelek\\\/otroski-vozicek-uppababy-vista-v2-4v1\\\/\"]}]},{\"@type\":\"ImageObject\",\"inLanguage\":\"hr\",\"@id\":\"https:\\\/\\\/ajatutaja.com\\\/izdelek\\\/otroski-vozicek-uppababy-vista-v2-4v1\\\/#primaryimage\",\"url\":\"https:\\\/\\\/ajatutaja.com\\\/wp-content\\\/uploads\\\/2024\\\/10\\\/Vozicek-uppababy-vista-v3-mesa-i-size-4v1-greyson.jpg\",\"contentUrl\":\"https:\\\/\\\/ajatutaja.com\\\/wp-content\\\/uploads\\\/2024\\\/10\\\/Vozicek-uppababy-vista-v3-mesa-i-size-4v1-greyson.jpg\",\"width\":640,\"height\":640},{\"@type\":\"BreadcrumbList\",\"@id\":\"https:\\\/\\\/ajatutaja.com\\\/izdelek\\\/otroski-vozicek-uppababy-vista-v2-4v1\\\/#breadcrumb\",\"itemListElement\":[{\"@type\":\"ListItem\",\"position\":1,\"name\":\"Home\",\"item\":\"https:\\\/\\\/ajatutaja.com\\\/hr\\\/\"},{\"@type\":\"ListItem\",\"position\":2,\"name\":\"Trgovina\",\"item\":\"https:\\\/\\\/ajatutaja.com\\\/hr\\\/trgovina\\\/\"},{\"@type\":\"ListItem\",\"position\":3,\"name\":\"UPPAbaby VISTA V3 komplet 4v1\"}]},{\"@type\":\"WebSite\",\"@id\":\"https:\\\/\\\/ajatutaja.com\\\/#website\",\"url\":\"https:\\\/\\\/ajatutaja.com\\\/\",\"name\":\"Ajatutaja\",\"description\":\"Otro\u0161ka spletna trgovina AJATUTAJA\",\"publisher\":{\"@id\":\"https:\\\/\\\/ajatutaja.com\\\/#organization\"},\"potentialAction\":[{\"@type\":\"SearchAction\",\"target\":{\"@type\":\"EntryPoint\",\"urlTemplate\":\"https:\\\/\\\/ajatutaja.com\\\/?s={search_term_string}\"},\"query-input\":{\"@type\":\"PropertyValueSpecification\",\"valueRequired\":true,\"valueName\":\"search_term_string\"}}],\"inLanguage\":\"hr\"},{\"@type\":\"Organization\",\"@id\":\"https:\\\/\\\/ajatutaja.com\\\/#organization\",\"name\":\"Ajatutaja\",\"url\":\"https:\\\/\\\/ajatutaja.com\\\/\",\"logo\":{\"@type\":\"ImageObject\",\"inLanguage\":\"hr\",\"@id\":\"https:\\\/\\\/ajatutaja.com\\\/#\\\/schema\\\/logo\\\/image\\\/\",\"url\":\"https:\\\/\\\/ajatutaja.com\\\/wp-content\\\/uploads\\\/2021\\\/10\\\/logo.png\",\"contentUrl\":\"https:\\\/\\\/ajatutaja.com\\\/wp-content\\\/uploads\\\/2021\\\/10\\\/logo.png\",\"width\":555,\"height\":150,\"caption\":\"Ajatutaja\"},\"image\":{\"@id\":\"https:\\\/\\\/ajatutaja.com\\\/#\\\/schema\\\/logo\\\/image\\\/\"}}]}<\/script>\n<!-- \/ Yoast SEO plugin. -->","yoast_head_json":{"title":"UPPAbaby VISTA V3 komplet 4v1 | Ajatutaja","description":"Otro\u0161ki vozi\u010dek Uppababy VISTA V3 je trpe\u017een, sodoben in dovr\u0161en vozi\u010dek. Ima dovolj prostora za shranjevanje vseh potreb\u0161\u010din in tiha vo\u017enja brez tresljajev bo navdu\u0161ila tudi vas!","robots":{"index":"index","follow":"follow","max-snippet":"max-snippet:-1","max-image-preview":"max-image-preview:large","max-video-preview":"max-video-preview:-1"},"canonical":"https:\/\/ajatutaja.com\/izdelek\/otroski-vozicek-uppababy-vista-v2-4v1\/","og_locale":"hr_HR","og_type":"article","og_title":"UPPAbaby VISTA V3 komplet 4v1 | Ajatutaja","og_description":"Otro\u0161ki vozi\u010dek Uppababy VISTA V3 je trpe\u017een, sodoben in dovr\u0161en vozi\u010dek. Ima dovolj prostora za shranjevanje vseh potreb\u0161\u010din in tiha vo\u017enja brez tresljajev bo navdu\u0161ila tudi vas!","og_url":"https:\/\/ajatutaja.com\/izdelek\/otroski-vozicek-uppababy-vista-v2-4v1\/","og_site_name":"Ajatutaja","article_modified_time":"2025-12-03T22:33:22+00:00","og_image":[{"width":640,"height":640,"url":"https:\/\/ajatutaja.com\/wp-content\/uploads\/2024\/10\/Vozicek-uppababy-vista-v3-mesa-i-size-4v1-greyson.jpg","type":"image\/jpeg"}],"twitter_card":"summary_large_image","twitter_misc":{"Procijenjeno vrijeme \u010ditanja":"6 minuta"},"schema":{"@context":"https:\/\/schema.org","@graph":[{"@type":"WebPage","@id":"https:\/\/ajatutaja.com\/izdelek\/otroski-vozicek-uppababy-vista-v2-4v1\/","url":"https:\/\/ajatutaja.com\/izdelek\/otroski-vozicek-uppababy-vista-v2-4v1\/","name":"UPPAbaby VISTA V3 komplet 4v1 | Ajatutaja","isPartOf":{"@id":"https:\/\/ajatutaja.com\/#website"},"primaryImageOfPage":{"@id":"https:\/\/ajatutaja.com\/izdelek\/otroski-vozicek-uppababy-vista-v2-4v1\/#primaryimage"},"image":{"@id":"https:\/\/ajatutaja.com\/izdelek\/otroski-vozicek-uppababy-vista-v2-4v1\/#primaryimage"},"thumbnailUrl":"https:\/\/ajatutaja.com\/wp-content\/uploads\/2024\/10\/Vozicek-uppababy-vista-v3-mesa-i-size-4v1-greyson.jpg","datePublished":"2024-10-09T14:25:31+00:00","dateModified":"2025-12-03T22:33:22+00:00","description":"Otro\u0161ki vozi\u010dek Uppababy VISTA V3 je trpe\u017een, sodoben in dovr\u0161en vozi\u010dek. Ima dovolj prostora za shranjevanje vseh potreb\u0161\u010din in tiha vo\u017enja brez tresljajev bo navdu\u0161ila tudi vas!","breadcrumb":{"@id":"https:\/\/ajatutaja.com\/izdelek\/otroski-vozicek-uppababy-vista-v2-4v1\/#breadcrumb"},"inLanguage":"hr","potentialAction":[{"@type":"ReadAction","target":["https:\/\/ajatutaja.com\/izdelek\/otroski-vozicek-uppababy-vista-v2-4v1\/"]}]},{"@type":"ImageObject","inLanguage":"hr","@id":"https:\/\/ajatutaja.com\/izdelek\/otroski-vozicek-uppababy-vista-v2-4v1\/#primaryimage","url":"https:\/\/ajatutaja.com\/wp-content\/uploads\/2024\/10\/Vozicek-uppababy-vista-v3-mesa-i-size-4v1-greyson.jpg","contentUrl":"https:\/\/ajatutaja.com\/wp-content\/uploads\/2024\/10\/Vozicek-uppababy-vista-v3-mesa-i-size-4v1-greyson.jpg","width":640,"height":640},{"@type":"BreadcrumbList","@id":"https:\/\/ajatutaja.com\/izdelek\/otroski-vozicek-uppababy-vista-v2-4v1\/#breadcrumb","itemListElement":[{"@type":"ListItem","position":1,"name":"Home","item":"https:\/\/ajatutaja.com\/hr\/"},{"@type":"ListItem","position":2,"name":"Trgovina","item":"https:\/\/ajatutaja.com\/hr\/trgovina\/"},{"@type":"ListItem","position":3,"name":"UPPAbaby VISTA V3 komplet 4v1"}]},{"@type":"WebSite","@id":"https:\/\/ajatutaja.com\/#website","url":"https:\/\/ajatutaja.com\/","name":"Ajatutaja","description":"Otro\u0161ka spletna trgovina AJATUTAJA","publisher":{"@id":"https:\/\/ajatutaja.com\/#organization"},"potentialAction":[{"@type":"SearchAction","target":{"@type":"EntryPoint","urlTemplate":"https:\/\/ajatutaja.com\/?s={search_term_string}"},"query-input":{"@type":"PropertyValueSpecification","valueRequired":true,"valueName":"search_term_string"}}],"inLanguage":"hr"},{"@type":"Organization","@id":"https:\/\/ajatutaja.com\/#organization","name":"Ajatutaja","url":"https:\/\/ajatutaja.com\/","logo":{"@type":"ImageObject","inLanguage":"hr","@id":"https:\/\/ajatutaja.com\/#\/schema\/logo\/image\/","url":"https:\/\/ajatutaja.com\/wp-content\/uploads\/2021\/10\/logo.png","contentUrl":"https:\/\/ajatutaja.com\/wp-content\/uploads\/2021\/10\/logo.png","width":555,"height":150,"caption":"Ajatutaja"},"image":{"@id":"https:\/\/ajatutaja.com\/#\/schema\/logo\/image\/"}}]}},"brands":[{"id":2381,"name":"UPPABaby","slug":"uppababy-vozicki"},{"id":2374,"name":"Vozi\u010dki","slug":"vozicki"}],"_links":{"self":[{"href":"https:\/\/ajatutaja.com\/hr\/wp-json\/wp\/v2\/product\/23707","targetHints":{"allow":["GET"]}}],"collection":[{"href":"https:\/\/ajatutaja.com\/hr\/wp-json\/wp\/v2\/product"}],"about":[{"href":"https:\/\/ajatutaja.com\/hr\/wp-json\/wp\/v2\/types\/product"}],"wp:featuredmedia":[{"embeddable":true,"href":"https:\/\/ajatutaja.com\/hr\/wp-json\/wp\/v2\/media\/69139"}],"wp:attachment":[{"href":"https:\/\/ajatutaja.com\/hr\/wp-json\/wp\/v2\/media?parent=23707"}],"wp:term":[{"taxonomy":"pwb-brand","embeddable":true,"href":"https:\/\/ajatutaja.com\/hr\/wp-json\/wp\/v2\/pwb-brand?post=23707"},{"taxonomy":"product_brand","embeddable":true,"href":"https:\/\/ajatutaja.com\/hr\/wp-json\/wp\/v2\/product_brand?post=23707"},{"taxonomy":"product_cat","embeddable":true,"href":"https:\/\/ajatutaja.com\/hr\/wp-json\/wp\/v2\/product_cat?post=23707"},{"taxonomy":"product_tag","embeddable":true,"href":"https:\/\/ajatutaja.com\/hr\/wp-json\/wp\/v2\/product_tag?post=23707"}],"curies":[{"name":"wp","href":"https:\/\/api.w.org\/{rel}","templated":true}]}}