{"id":23564,"date":"2020-10-11T17:37:29","date_gmt":"2020-10-11T15:37:29","guid":{"rendered":"https:\/\/ajatutaja.com\/izdelek\/baby-skornji-snugi-merino-siva\/"},"modified":"2026-01-07T16:43:26","modified_gmt":"2026-01-07T15:43:26","slug":"baby-skornji-snugi-merino-siva","status":"publish","type":"product","link":"https:\/\/ajatutaja.com\/hr\/proizvod\/baby-skornji-snugi-merino-siva\/","title":{"rendered":"Baby \u0161kornji Snugi Merino &#8211; Siva"},"content":{"rendered":"<p>Ro\u010dno izdelani copatki\u00a0 in \u0161kornji Snugi navdu\u0161ujejo slovenske mamice in njihove mal\u010dke! Snugi \u0161korenj\u010dki iz prave merino volne nudijo stopalom toploto in udobje.<\/p>\n<p><em>Izdelki SNUGI so na voljo tudi na poli\u010dkah trgovine Ajatutaja Koper!<\/em><\/p>\n<h3><em>Surovinska sestava Snugi \u0161korenj\u010dkov:<\/em><\/h3>\n<ul>\n<li>Zunanji del: usnje<\/li>\n<li>Notranji del: avstralska merino volna<\/li>\n<li>Podplat: usnje<\/li>\n<\/ul>\n<h3><em>Velikosti in dol\u017eina podplati:<\/em><\/h3>\n<p>0-6 mes (notranja dol\u017eina 10 cm)<br \/>\n6-9 mes (notranja dol\u017eina 11 cm)<br \/>\n9-12 mes (notranja dol\u017eina 12 cm)<\/p>\n","protected":false},"excerpt":{"rendered":"<p>Snugi \u0161korenj\u010dki iz usnja in prave merino volne bodo poskrbeli, da bodo male nogice ostale tople tudi pri zelo nizkih temperaturah. Stransko zapenjanje z je\u017eki omogo\u010da enostavno obuvanje.<\/p>\n<p>Ro\u010dno izdelani baby \u0161kornji Snugi so pakirani v lepi \u0161katli in zato primerni tudi kot darilo za novorojen\u010dka.<\/p>\n","protected":false},"featured_media":23565,"template":"","meta":[],"pwb-brand":[2696,2698],"product_brand":[],"product_cat":[2609,2690,2691],"product_tag":[4222,4270],"class_list":{"0":"post-23564","1":"product","2":"type-product","3":"status-publish","4":"has-post-thumbnail","6":"pwb-brand-moda","7":"pwb-brand-snugi","8":"product_cat-moda","9":"product_cat-otroska-obutev","10":"product_cat-otroski-copati","11":"product_tag-snugi","12":"product_tag-snugi-merino","14":"first","15":"instock","16":"taxable","17":"shipping-taxable","18":"purchasable","19":"product-type-variable","20":"add-to-wishlist-before_image"},"yoast_head":"<!-- This site is optimized with the Yoast SEO plugin v27.3 - https:\/\/yoast.com\/product\/yoast-seo-wordpress\/ -->\n<title>Baby \u0161kornji Snugi Merino - Siva | Ajatutaja<\/title>\n<meta name=\"description\" content=\"Snugi \u0161korenji iz usnja in prave merino volne nudijo stopalom toploto in udobje.Stransko zapiranje na je\u017eka olaj\u0161a obuvanje in sezuvanje. Slovenski proizvod\" \/>\n<meta name=\"robots\" content=\"index, follow, max-snippet:-1, max-image-preview:large, max-video-preview:-1\" \/>\n<link rel=\"canonical\" href=\"https:\/\/ajatutaja.com\/izdelek\/baby-skornji-snugi-merino-siva\/\" \/>\n<meta property=\"og:locale\" content=\"hr_HR\" \/>\n<meta property=\"og:type\" content=\"article\" \/>\n<meta property=\"og:title\" content=\"Baby \u0161kornji Snugi Merino - Siva | Ajatutaja\" \/>\n<meta property=\"og:description\" content=\"Snugi \u0161korenji iz usnja in prave merino volne nudijo stopalom toploto in udobje.Stransko zapiranje na je\u017eka olaj\u0161a obuvanje in sezuvanje. Slovenski proizvod\" \/>\n<meta property=\"og:url\" content=\"https:\/\/ajatutaja.com\/izdelek\/baby-skornji-snugi-merino-siva\/\" \/>\n<meta property=\"og:site_name\" content=\"Ajatutaja\" \/>\n<meta property=\"article:modified_time\" content=\"2026-01-07T15:43:26+00:00\" \/>\n<meta property=\"og:image\" content=\"https:\/\/ajatutaja.com\/wp-content\/uploads\/2021\/11\/Otroski-skorenjcki-merino-snugi-grey-1.jpeg\" \/>\n\t<meta property=\"og:image:width\" content=\"600\" \/>\n\t<meta property=\"og:image:height\" content=\"600\" \/>\n\t<meta property=\"og:image:type\" content=\"image\/jpeg\" \/>\n<meta name=\"twitter:card\" content=\"summary_large_image\" \/>\n<script type=\"application\/ld+json\" class=\"yoast-schema-graph\">{\"@context\":\"https:\\\/\\\/schema.org\",\"@graph\":[{\"@type\":\"WebPage\",\"@id\":\"https:\\\/\\\/ajatutaja.com\\\/izdelek\\\/baby-skornji-snugi-merino-siva\\\/\",\"url\":\"https:\\\/\\\/ajatutaja.com\\\/izdelek\\\/baby-skornji-snugi-merino-siva\\\/\",\"name\":\"Baby \u0161kornji Snugi Merino - Siva | Ajatutaja\",\"isPartOf\":{\"@id\":\"https:\\\/\\\/ajatutaja.com\\\/#website\"},\"primaryImageOfPage\":{\"@id\":\"https:\\\/\\\/ajatutaja.com\\\/izdelek\\\/baby-skornji-snugi-merino-siva\\\/#primaryimage\"},\"image\":{\"@id\":\"https:\\\/\\\/ajatutaja.com\\\/izdelek\\\/baby-skornji-snugi-merino-siva\\\/#primaryimage\"},\"thumbnailUrl\":\"https:\\\/\\\/ajatutaja.com\\\/wp-content\\\/uploads\\\/2021\\\/11\\\/Otroski-skorenjcki-merino-snugi-grey-1.jpeg\",\"datePublished\":\"2020-10-11T15:37:29+00:00\",\"dateModified\":\"2026-01-07T15:43:26+00:00\",\"description\":\"Snugi \u0161korenji iz usnja in prave merino volne nudijo stopalom toploto in udobje.Stransko zapiranje na je\u017eka olaj\u0161a obuvanje in sezuvanje. Slovenski proizvod\",\"breadcrumb\":{\"@id\":\"https:\\\/\\\/ajatutaja.com\\\/izdelek\\\/baby-skornji-snugi-merino-siva\\\/#breadcrumb\"},\"inLanguage\":\"hr\",\"potentialAction\":[{\"@type\":\"ReadAction\",\"target\":[\"https:\\\/\\\/ajatutaja.com\\\/izdelek\\\/baby-skornji-snugi-merino-siva\\\/\"]}]},{\"@type\":\"ImageObject\",\"inLanguage\":\"hr\",\"@id\":\"https:\\\/\\\/ajatutaja.com\\\/izdelek\\\/baby-skornji-snugi-merino-siva\\\/#primaryimage\",\"url\":\"https:\\\/\\\/ajatutaja.com\\\/wp-content\\\/uploads\\\/2021\\\/11\\\/Otroski-skorenjcki-merino-snugi-grey-1.jpeg\",\"contentUrl\":\"https:\\\/\\\/ajatutaja.com\\\/wp-content\\\/uploads\\\/2021\\\/11\\\/Otroski-skorenjcki-merino-snugi-grey-1.jpeg\",\"width\":600,\"height\":600},{\"@type\":\"BreadcrumbList\",\"@id\":\"https:\\\/\\\/ajatutaja.com\\\/izdelek\\\/baby-skornji-snugi-merino-siva\\\/#breadcrumb\",\"itemListElement\":[{\"@type\":\"ListItem\",\"position\":1,\"name\":\"Home\",\"item\":\"https:\\\/\\\/ajatutaja.com\\\/hr\\\/\"},{\"@type\":\"ListItem\",\"position\":2,\"name\":\"Trgovina\",\"item\":\"https:\\\/\\\/ajatutaja.com\\\/hr\\\/trgovina\\\/\"},{\"@type\":\"ListItem\",\"position\":3,\"name\":\"Baby \u0161kornji Snugi Merino &#8211; Siva\"}]},{\"@type\":\"WebSite\",\"@id\":\"https:\\\/\\\/ajatutaja.com\\\/#website\",\"url\":\"https:\\\/\\\/ajatutaja.com\\\/\",\"name\":\"Ajatutaja\",\"description\":\"Otro\u0161ka spletna trgovina AJATUTAJA\",\"publisher\":{\"@id\":\"https:\\\/\\\/ajatutaja.com\\\/#organization\"},\"potentialAction\":[{\"@type\":\"SearchAction\",\"target\":{\"@type\":\"EntryPoint\",\"urlTemplate\":\"https:\\\/\\\/ajatutaja.com\\\/?s={search_term_string}\"},\"query-input\":{\"@type\":\"PropertyValueSpecification\",\"valueRequired\":true,\"valueName\":\"search_term_string\"}}],\"inLanguage\":\"hr\"},{\"@type\":\"Organization\",\"@id\":\"https:\\\/\\\/ajatutaja.com\\\/#organization\",\"name\":\"Ajatutaja\",\"url\":\"https:\\\/\\\/ajatutaja.com\\\/\",\"logo\":{\"@type\":\"ImageObject\",\"inLanguage\":\"hr\",\"@id\":\"https:\\\/\\\/ajatutaja.com\\\/#\\\/schema\\\/logo\\\/image\\\/\",\"url\":\"https:\\\/\\\/ajatutaja.com\\\/wp-content\\\/uploads\\\/2021\\\/10\\\/logo.png\",\"contentUrl\":\"https:\\\/\\\/ajatutaja.com\\\/wp-content\\\/uploads\\\/2021\\\/10\\\/logo.png\",\"width\":555,\"height\":150,\"caption\":\"Ajatutaja\"},\"image\":{\"@id\":\"https:\\\/\\\/ajatutaja.com\\\/#\\\/schema\\\/logo\\\/image\\\/\"}}]}<\/script>\n<!-- \/ Yoast SEO plugin. -->","yoast_head_json":{"title":"Baby \u0161kornji Snugi Merino - Siva | Ajatutaja","description":"Snugi \u0161korenji iz usnja in prave merino volne nudijo stopalom toploto in udobje.Stransko zapiranje na je\u017eka olaj\u0161a obuvanje in sezuvanje. Slovenski proizvod","robots":{"index":"index","follow":"follow","max-snippet":"max-snippet:-1","max-image-preview":"max-image-preview:large","max-video-preview":"max-video-preview:-1"},"canonical":"https:\/\/ajatutaja.com\/izdelek\/baby-skornji-snugi-merino-siva\/","og_locale":"hr_HR","og_type":"article","og_title":"Baby \u0161kornji Snugi Merino - Siva | Ajatutaja","og_description":"Snugi \u0161korenji iz usnja in prave merino volne nudijo stopalom toploto in udobje.Stransko zapiranje na je\u017eka olaj\u0161a obuvanje in sezuvanje. Slovenski proizvod","og_url":"https:\/\/ajatutaja.com\/izdelek\/baby-skornji-snugi-merino-siva\/","og_site_name":"Ajatutaja","article_modified_time":"2026-01-07T15:43:26+00:00","og_image":[{"width":600,"height":600,"url":"https:\/\/ajatutaja.com\/wp-content\/uploads\/2021\/11\/Otroski-skorenjcki-merino-snugi-grey-1.jpeg","type":"image\/jpeg"}],"twitter_card":"summary_large_image","schema":{"@context":"https:\/\/schema.org","@graph":[{"@type":"WebPage","@id":"https:\/\/ajatutaja.com\/izdelek\/baby-skornji-snugi-merino-siva\/","url":"https:\/\/ajatutaja.com\/izdelek\/baby-skornji-snugi-merino-siva\/","name":"Baby \u0161kornji Snugi Merino - Siva | Ajatutaja","isPartOf":{"@id":"https:\/\/ajatutaja.com\/#website"},"primaryImageOfPage":{"@id":"https:\/\/ajatutaja.com\/izdelek\/baby-skornji-snugi-merino-siva\/#primaryimage"},"image":{"@id":"https:\/\/ajatutaja.com\/izdelek\/baby-skornji-snugi-merino-siva\/#primaryimage"},"thumbnailUrl":"https:\/\/ajatutaja.com\/wp-content\/uploads\/2021\/11\/Otroski-skorenjcki-merino-snugi-grey-1.jpeg","datePublished":"2020-10-11T15:37:29+00:00","dateModified":"2026-01-07T15:43:26+00:00","description":"Snugi \u0161korenji iz usnja in prave merino volne nudijo stopalom toploto in udobje.Stransko zapiranje na je\u017eka olaj\u0161a obuvanje in sezuvanje. Slovenski proizvod","breadcrumb":{"@id":"https:\/\/ajatutaja.com\/izdelek\/baby-skornji-snugi-merino-siva\/#breadcrumb"},"inLanguage":"hr","potentialAction":[{"@type":"ReadAction","target":["https:\/\/ajatutaja.com\/izdelek\/baby-skornji-snugi-merino-siva\/"]}]},{"@type":"ImageObject","inLanguage":"hr","@id":"https:\/\/ajatutaja.com\/izdelek\/baby-skornji-snugi-merino-siva\/#primaryimage","url":"https:\/\/ajatutaja.com\/wp-content\/uploads\/2021\/11\/Otroski-skorenjcki-merino-snugi-grey-1.jpeg","contentUrl":"https:\/\/ajatutaja.com\/wp-content\/uploads\/2021\/11\/Otroski-skorenjcki-merino-snugi-grey-1.jpeg","width":600,"height":600},{"@type":"BreadcrumbList","@id":"https:\/\/ajatutaja.com\/izdelek\/baby-skornji-snugi-merino-siva\/#breadcrumb","itemListElement":[{"@type":"ListItem","position":1,"name":"Home","item":"https:\/\/ajatutaja.com\/hr\/"},{"@type":"ListItem","position":2,"name":"Trgovina","item":"https:\/\/ajatutaja.com\/hr\/trgovina\/"},{"@type":"ListItem","position":3,"name":"Baby \u0161kornji Snugi Merino &#8211; Siva"}]},{"@type":"WebSite","@id":"https:\/\/ajatutaja.com\/#website","url":"https:\/\/ajatutaja.com\/","name":"Ajatutaja","description":"Otro\u0161ka spletna trgovina AJATUTAJA","publisher":{"@id":"https:\/\/ajatutaja.com\/#organization"},"potentialAction":[{"@type":"SearchAction","target":{"@type":"EntryPoint","urlTemplate":"https:\/\/ajatutaja.com\/?s={search_term_string}"},"query-input":{"@type":"PropertyValueSpecification","valueRequired":true,"valueName":"search_term_string"}}],"inLanguage":"hr"},{"@type":"Organization","@id":"https:\/\/ajatutaja.com\/#organization","name":"Ajatutaja","url":"https:\/\/ajatutaja.com\/","logo":{"@type":"ImageObject","inLanguage":"hr","@id":"https:\/\/ajatutaja.com\/#\/schema\/logo\/image\/","url":"https:\/\/ajatutaja.com\/wp-content\/uploads\/2021\/10\/logo.png","contentUrl":"https:\/\/ajatutaja.com\/wp-content\/uploads\/2021\/10\/logo.png","width":555,"height":150,"caption":"Ajatutaja"},"image":{"@id":"https:\/\/ajatutaja.com\/#\/schema\/logo\/image\/"}}]}},"brands":[{"id":2696,"name":"Moda","slug":"moda"},{"id":2698,"name":"Snugi","slug":"snugi"}],"_links":{"self":[{"href":"https:\/\/ajatutaja.com\/hr\/wp-json\/wp\/v2\/product\/23564","targetHints":{"allow":["GET"]}}],"collection":[{"href":"https:\/\/ajatutaja.com\/hr\/wp-json\/wp\/v2\/product"}],"about":[{"href":"https:\/\/ajatutaja.com\/hr\/wp-json\/wp\/v2\/types\/product"}],"wp:featuredmedia":[{"embeddable":true,"href":"https:\/\/ajatutaja.com\/hr\/wp-json\/wp\/v2\/media\/23565"}],"wp:attachment":[{"href":"https:\/\/ajatutaja.com\/hr\/wp-json\/wp\/v2\/media?parent=23564"}],"wp:term":[{"taxonomy":"pwb-brand","embeddable":true,"href":"https:\/\/ajatutaja.com\/hr\/wp-json\/wp\/v2\/pwb-brand?post=23564"},{"taxonomy":"product_brand","embeddable":true,"href":"https:\/\/ajatutaja.com\/hr\/wp-json\/wp\/v2\/product_brand?post=23564"},{"taxonomy":"product_cat","embeddable":true,"href":"https:\/\/ajatutaja.com\/hr\/wp-json\/wp\/v2\/product_cat?post=23564"},{"taxonomy":"product_tag","embeddable":true,"href":"https:\/\/ajatutaja.com\/hr\/wp-json\/wp\/v2\/product_tag?post=23564"}],"curies":[{"name":"wp","href":"https:\/\/api.w.org\/{rel}","templated":true}]}}