{"id":23283,"date":"2020-04-05T18:52:21","date_gmt":"2020-04-05T16:52:21","guid":{"rendered":"https:\/\/ajatutaja.com\/izdelek\/avtosedez-nuna-pipa-next-i-size-0-0-13kg\/"},"modified":"2026-01-24T20:01:42","modified_gmt":"2026-01-24T19:01:42","slug":"avtosedez-nuna-pipa-next-i-size-0-0-13kg","status":"publish","type":"product","link":"https:\/\/ajatutaja.com\/hr\/proizvod\/avtosedez-nuna-pipa-next-i-size-0-0-13kg\/","title":{"rendered":"Avtosede\u017e Nuna Pipa Next i-Size 0+ (0-13kg)"},"content":{"rendered":"<p>[vc_row][vc_column][vc_column_text]<\/p>\n<div>\n<div>Nuna Pipa Next omogo\u010da mo\u017enost monta\u017ee z Isofix bazo za lupinico Nuna Pipa Next ali s pomo\u010djo avtomobilskega varnostnega pasu, zato je tudi potovanje z drugim dru\u017einskim avtomobilom ali taksijem povsem enostavno. Avtosede\u017e Nuna Pipa Next s TUV certifikatom za zra\u010dni promet je odobrena tudi za uporabo na letalu.<\/div>\n<div>\n<h3>Zna\u010dilnosti avtosede\u017ea Nuna PIPA NEXT i-Size:<\/h3>\n<div class=\"value\">\n<p><strong>Uporaba:<\/strong><\/p>\n<ul>\n<li>Skupina 0+ avtosede\u017e<\/li>\n<li>Priporo\u010dena uporaba: Od rojstva do 13 kg, vi\u0161ina otroka: 40-83 cm<\/li>\n<li>Namestitev avtosede\u017ea v obratni smeri vo\u017enje<\/li>\n<li>Namestitev avtosede\u017ea z Isofix sistemom na bazo za lupinico Nuna\u00ae Pipa\u2122 Next ali s pomo\u010djo 3-to\u010dkovnega avtomobilskega varnostnega pasu<\/li>\n<\/ul>\n<p><strong>Dimenzije in te\u017ea:<\/strong><\/p>\n<ul>\n<li>Dimenzije avtosede\u017ea (dol\u017eina x \u0161irina x vi\u0161ina): 67-86 x 44-59 x 72-118 cm<\/li>\n<li>Te\u017ea (brez podporne blazine in strehice): 2,8 kg<\/li>\n<\/ul>\n<p><strong>Lastnosti:<\/strong><\/p>\n<ul>\n<li>Hitra namestitev avtosede\u017ea z Isofix sistemom na bazo za lupinico Nuna\u00ae Pipa\u2122 Next, ki je na voljo lo\u010deno<\/li>\n<li>S pomo\u010djo sistema Isofix mo\u017enost nastavitve 10 stopenj odmika<\/li>\n<li>Nuna\u00ae Pipa\u2122 Next baza s podporno nogo zagotovlja ve\u010djo varnost v primerjavi z bazami brez oporne noge za dodatno stabilnost<\/li>\n<li>Nuna\u00ae Pipa\u2122 Next baza zaradi oporne noge za stabilizacijo zmanj\u0161uje mo\u017enost za prekotalitev naprej za kar 90%<\/li>\n<li>Cona v oporni nogi za dodatno stabilnost absorbira silo in zmanj\u0161a energijo na otroka<\/li>\n<li>True lock\u2122 tehnologija pritrditve omogo\u010da hitro, enostavno in varno uporabo v kombinaciji z Isofix sistemom<\/li>\n<li>Barvni indikatorji zmanj\u0161ujejo mo\u017enost nepravilne uporabe baze Nuna\u00ae Pipa\u2122 Next<\/li>\n<li>Ro\u010daj za enostavno prena\u0161anje<\/li>\n<li>Zanesljivo in vzdr\u017eljivo ogrodje avtosede\u017ea<\/li>\n<li>Za\u0161\u010ditna zra\u010dna strehica z UV za\u0161\u010dito 50+ \u0161\u010diti pred mo\u010dnim soncem<\/li>\n<li>Patentirana Taylor tech\u2122 spominska pena in podporna blazina za glavo, hrbti\u0161\u010de in ledveni predel nudita dojen\u010dku dodatno varnost v primeru bo\u010dnega trka<\/li>\n<li>Varnost zagotavlja tudi notranjost iz plastike in fleksibilne pene, ki v primeru trka absorbira udarec<\/li>\n<li>Avtomatski SIP sistem, ki omogo\u010da dodatno stransko za\u0161\u010dito v primeru bo\u010dnega trka<\/li>\n<li>Nastavljiv naslon za glavo omogo\u010da, da se sede\u017e prilagodi otrokovi vi\u0161ini, nastavljivost vi\u0161ine na 7 mo\u017enih pozicij<\/li>\n<li>Reguliranje vi\u0161ine z eno roko<\/li>\n<li>Magnetna zavesica Dream drape\u2122 omogo\u010da dodatno za\u0161\u010dito pred soncem, mrazom, vetrom in drugimi zunanjimi vplivi<\/li>\n<li>3-to\u010dkovni varnostni pas brez vpenjanja z mehkim oblazinjenjem na podro\u010dju ramen in spodnjega zati\u010da<\/li>\n<li>Zra\u010dni materiali izbolj\u0161ujejo pretok zraka<\/li>\n<li>Udobno oblazinjenje in prijetne tkanine za \u0161e ve\u010dje udobje otroka v sede\u017eu<\/li>\n<li>Brez\u010dasen dizajn, eleganca in udobje<\/li>\n<li>Tkanina: vzdr\u017eljivi in zra\u010dni materiali, mikrovlakna, spominska pena in certificitan GOTS\u2122 organski bomba\u017e<\/li>\n<\/ul>\n<p><strong>Testi in certifikati Nuna PIPA NEXT:<\/strong><\/p>\n<ul>\n<li>Avtosede\u017e Nuna Pipa\u2122 Next izpolnjuje i-Size standard ECE R129<\/li>\n<li>Avtosede\u017e Nuna\u00ae Pipa\u2122 Next z Isofix bazo je prejel skupno oceno \u00bbDobro 1,6\u00ab na ADAC \/ Stiftung Warentest 05\/2020<\/li>\n<li>Avtosede\u017e Nuna\u00ae Pipa\u2122 Next brez Isofix baze je prejel skupno oceno \u00bbDobro 2,0\u00ab na ADAC \/ Stiftung Warentest 05\/2020<\/li>\n<li>Avtosede\u017e Nuna\u00ae Pipa\u2122 Next z Isofix bazo je prejel skupno oceno 1,2 za varnost na ADAC \/ Stiftung Warentest 05\/2020 in postal najbolje ocenjen i-Size avtosede\u017e do 83\/85 cm, s SIP sistemom za dodatno stransko za\u0161\u010dito, od leta 2016 dalje<br \/>\n&#8211; Varnost: 1,2 (= Zelo dobro)<br \/>\n&#8211; Bo\u010dni trk: 0,8 (= Zelo dobro)<br \/>\n&#8211; \u010celni trk: 1,1 (= Zelo dobro)<\/li>\n<li>Avtosede\u017e Nuna\u00ae Pipa\u2122 je pri preizkusu materialov prejel visoko oceno 1,5 (=Zelo dobro) na ADAC \/ Stiftung Warentest 05\/20<\/li>\n<li>Avtosede\u017e Nuna Pipa\u2122 Next dosega standarde kakovosti: ISO 14001, ISO 9001 in OHSAS 18001<\/li>\n<li>Avtosede\u017e Nuna Pipa\u2122 Next s certifikatom TUV za zra\u010dni promet je odobren za uporabo na letalu<\/li>\n<\/ul>\n<p><strong>VARNOSTNO OBVESTILO<\/strong><\/p>\n<ul>\n<li>Avtosede\u017e namestite v obratni smeri vo\u017enje<\/li>\n<li>Nikoli ne name\u0161\u010dajte avtosede\u017ea na sede\u017e z aktivno zra\u010dno blazino<\/li>\n<\/ul>\n<\/div>\n<\/div>\n<\/div>\n<p>[\/vc_column_text][\/vc_column][\/vc_row]<\/p>\n","protected":false},"excerpt":{"rendered":"<p style=\"text-align: justify\">Nuna Pipa Next je izredno varna, lahkotna in udobna lupinica, ki navdu\u0161uje s svojimi karakteristikami, kot je za\u0161\u010ditna izvle\u010dna zavesica Dream Drape in te\u017eo zgolj 2,8 kg. Nuna\u00ae Pipa Next\u2122 je prejemnica skupne ADAC ocene 1,2 za varnost in tako presegla vsa pri\u010dakovanja. Tako je postala najbolje ocenjen i-Size avtosede\u017e do 83\/85 cm, s SIP sistemom za dodatno stransko za\u0161\u010dito.<\/p>\n","protected":false},"featured_media":84955,"template":"","meta":[],"pwb-brand":[2351,2354],"product_brand":[],"product_cat":[2339,2346,2340],"product_tag":[4240,4243,4253],"class_list":{"0":"post-23283","1":"product","2":"type-product","3":"status-publish","4":"has-post-thumbnail","6":"pwb-brand-avtosedezi","7":"pwb-brand-nuna","8":"product_cat-avtosedezi","9":"product_cat-i-size-40-85-cm","10":"product_cat-skupina-0-0-13-kg","11":"product_tag-nuna","12":"product_tag-nuna-avtosedezi","13":"product_tag-nuna-pipa","15":"first","16":"instock","17":"taxable","18":"shipping-taxable","19":"purchasable","20":"product-type-variable","21":"add-to-wishlist-before_image"},"yoast_head":"<!-- This site is optimized with the Yoast SEO plugin v27.3 - https:\/\/yoast.com\/product\/yoast-seo-wordpress\/ -->\n<title>Avtosede\u017e Nuna Pipa Next i-Size 0+ (0-13kg) | Ajatutaja<\/title>\n<meta name=\"description\" content=\"Tukaj je nova lupinica Nuna Pipa Next \u2013 zanesljiva, varna, lahkotna in udobna. Navdu\u0161uje s super lastnostmi, kot je za\u0161\u010ditna izvle\u010dna zavesica Dream Drape in te\u017eo zgolj 2,8 kg.\" \/>\n<meta name=\"robots\" content=\"index, follow, max-snippet:-1, max-image-preview:large, max-video-preview:-1\" \/>\n<link rel=\"canonical\" href=\"https:\/\/ajatutaja.com\/izdelek\/avtosedez-nuna-pipa-next-i-size-0-0-13kg\/\" \/>\n<meta property=\"og:locale\" content=\"hr_HR\" \/>\n<meta property=\"og:type\" content=\"article\" \/>\n<meta property=\"og:title\" content=\"Avtosede\u017e Nuna Pipa Next i-Size 0+ (0-13kg) | Ajatutaja\" \/>\n<meta property=\"og:description\" content=\"Tukaj je nova lupinica Nuna Pipa Next \u2013 zanesljiva, varna, lahkotna in udobna. Navdu\u0161uje s super lastnostmi, kot je za\u0161\u010ditna izvle\u010dna zavesica Dream Drape in te\u017eo zgolj 2,8 kg.\" \/>\n<meta property=\"og:url\" content=\"https:\/\/ajatutaja.com\/izdelek\/avtosedez-nuna-pipa-next-i-size-0-0-13kg\/\" \/>\n<meta property=\"og:site_name\" content=\"Ajatutaja\" \/>\n<meta property=\"article:modified_time\" content=\"2026-01-24T19:01:42+00:00\" \/>\n<meta property=\"og:image\" content=\"https:\/\/ajatutaja.com\/wp-content\/uploads\/2020\/04\/Nuna-pipa-next-caviar-ajatutaja-1.webp\" \/>\n\t<meta property=\"og:image:width\" content=\"750\" \/>\n\t<meta property=\"og:image:height\" content=\"750\" \/>\n\t<meta property=\"og:image:type\" content=\"image\/webp\" \/>\n<meta name=\"twitter:card\" content=\"summary_large_image\" \/>\n<meta name=\"twitter:label1\" content=\"Procijenjeno vrijeme \u010ditanja\" \/>\n\t<meta name=\"twitter:data1\" content=\"3 minute\" \/>\n<script type=\"application\/ld+json\" class=\"yoast-schema-graph\">{\"@context\":\"https:\\\/\\\/schema.org\",\"@graph\":[{\"@type\":\"WebPage\",\"@id\":\"https:\\\/\\\/ajatutaja.com\\\/izdelek\\\/avtosedez-nuna-pipa-next-i-size-0-0-13kg\\\/\",\"url\":\"https:\\\/\\\/ajatutaja.com\\\/izdelek\\\/avtosedez-nuna-pipa-next-i-size-0-0-13kg\\\/\",\"name\":\"Avtosede\u017e Nuna Pipa Next i-Size 0+ (0-13kg) | Ajatutaja\",\"isPartOf\":{\"@id\":\"https:\\\/\\\/ajatutaja.com\\\/#website\"},\"primaryImageOfPage\":{\"@id\":\"https:\\\/\\\/ajatutaja.com\\\/izdelek\\\/avtosedez-nuna-pipa-next-i-size-0-0-13kg\\\/#primaryimage\"},\"image\":{\"@id\":\"https:\\\/\\\/ajatutaja.com\\\/izdelek\\\/avtosedez-nuna-pipa-next-i-size-0-0-13kg\\\/#primaryimage\"},\"thumbnailUrl\":\"https:\\\/\\\/ajatutaja.com\\\/wp-content\\\/uploads\\\/2020\\\/04\\\/Nuna-pipa-next-caviar-ajatutaja-1.webp\",\"datePublished\":\"2020-04-05T16:52:21+00:00\",\"dateModified\":\"2026-01-24T19:01:42+00:00\",\"description\":\"Tukaj je nova lupinica Nuna Pipa Next \u2013 zanesljiva, varna, lahkotna in udobna. Navdu\u0161uje s super lastnostmi, kot je za\u0161\u010ditna izvle\u010dna zavesica Dream Drape in te\u017eo zgolj 2,8 kg.\",\"breadcrumb\":{\"@id\":\"https:\\\/\\\/ajatutaja.com\\\/izdelek\\\/avtosedez-nuna-pipa-next-i-size-0-0-13kg\\\/#breadcrumb\"},\"inLanguage\":\"hr\",\"potentialAction\":[{\"@type\":\"ReadAction\",\"target\":[\"https:\\\/\\\/ajatutaja.com\\\/izdelek\\\/avtosedez-nuna-pipa-next-i-size-0-0-13kg\\\/\"]}]},{\"@type\":\"ImageObject\",\"inLanguage\":\"hr\",\"@id\":\"https:\\\/\\\/ajatutaja.com\\\/izdelek\\\/avtosedez-nuna-pipa-next-i-size-0-0-13kg\\\/#primaryimage\",\"url\":\"https:\\\/\\\/ajatutaja.com\\\/wp-content\\\/uploads\\\/2020\\\/04\\\/Nuna-pipa-next-caviar-ajatutaja-1.webp\",\"contentUrl\":\"https:\\\/\\\/ajatutaja.com\\\/wp-content\\\/uploads\\\/2020\\\/04\\\/Nuna-pipa-next-caviar-ajatutaja-1.webp\",\"width\":750,\"height\":750},{\"@type\":\"BreadcrumbList\",\"@id\":\"https:\\\/\\\/ajatutaja.com\\\/izdelek\\\/avtosedez-nuna-pipa-next-i-size-0-0-13kg\\\/#breadcrumb\",\"itemListElement\":[{\"@type\":\"ListItem\",\"position\":1,\"name\":\"Home\",\"item\":\"https:\\\/\\\/ajatutaja.com\\\/hr\\\/\"},{\"@type\":\"ListItem\",\"position\":2,\"name\":\"Trgovina\",\"item\":\"https:\\\/\\\/ajatutaja.com\\\/hr\\\/trgovina\\\/\"},{\"@type\":\"ListItem\",\"position\":3,\"name\":\"Avtosede\u017e Nuna Pipa Next i-Size 0+ (0-13kg)\"}]},{\"@type\":\"WebSite\",\"@id\":\"https:\\\/\\\/ajatutaja.com\\\/#website\",\"url\":\"https:\\\/\\\/ajatutaja.com\\\/\",\"name\":\"Ajatutaja\",\"description\":\"Otro\u0161ka spletna trgovina AJATUTAJA\",\"publisher\":{\"@id\":\"https:\\\/\\\/ajatutaja.com\\\/#organization\"},\"potentialAction\":[{\"@type\":\"SearchAction\",\"target\":{\"@type\":\"EntryPoint\",\"urlTemplate\":\"https:\\\/\\\/ajatutaja.com\\\/?s={search_term_string}\"},\"query-input\":{\"@type\":\"PropertyValueSpecification\",\"valueRequired\":true,\"valueName\":\"search_term_string\"}}],\"inLanguage\":\"hr\"},{\"@type\":\"Organization\",\"@id\":\"https:\\\/\\\/ajatutaja.com\\\/#organization\",\"name\":\"Ajatutaja\",\"url\":\"https:\\\/\\\/ajatutaja.com\\\/\",\"logo\":{\"@type\":\"ImageObject\",\"inLanguage\":\"hr\",\"@id\":\"https:\\\/\\\/ajatutaja.com\\\/#\\\/schema\\\/logo\\\/image\\\/\",\"url\":\"https:\\\/\\\/ajatutaja.com\\\/wp-content\\\/uploads\\\/2021\\\/10\\\/logo.png\",\"contentUrl\":\"https:\\\/\\\/ajatutaja.com\\\/wp-content\\\/uploads\\\/2021\\\/10\\\/logo.png\",\"width\":555,\"height\":150,\"caption\":\"Ajatutaja\"},\"image\":{\"@id\":\"https:\\\/\\\/ajatutaja.com\\\/#\\\/schema\\\/logo\\\/image\\\/\"}}]}<\/script>\n<!-- \/ Yoast SEO plugin. -->","yoast_head_json":{"title":"Avtosede\u017e Nuna Pipa Next i-Size 0+ (0-13kg) | Ajatutaja","description":"Tukaj je nova lupinica Nuna Pipa Next \u2013 zanesljiva, varna, lahkotna in udobna. Navdu\u0161uje s super lastnostmi, kot je za\u0161\u010ditna izvle\u010dna zavesica Dream Drape in te\u017eo zgolj 2,8 kg.","robots":{"index":"index","follow":"follow","max-snippet":"max-snippet:-1","max-image-preview":"max-image-preview:large","max-video-preview":"max-video-preview:-1"},"canonical":"https:\/\/ajatutaja.com\/izdelek\/avtosedez-nuna-pipa-next-i-size-0-0-13kg\/","og_locale":"hr_HR","og_type":"article","og_title":"Avtosede\u017e Nuna Pipa Next i-Size 0+ (0-13kg) | Ajatutaja","og_description":"Tukaj je nova lupinica Nuna Pipa Next \u2013 zanesljiva, varna, lahkotna in udobna. Navdu\u0161uje s super lastnostmi, kot je za\u0161\u010ditna izvle\u010dna zavesica Dream Drape in te\u017eo zgolj 2,8 kg.","og_url":"https:\/\/ajatutaja.com\/izdelek\/avtosedez-nuna-pipa-next-i-size-0-0-13kg\/","og_site_name":"Ajatutaja","article_modified_time":"2026-01-24T19:01:42+00:00","og_image":[{"width":750,"height":750,"url":"https:\/\/ajatutaja.com\/wp-content\/uploads\/2020\/04\/Nuna-pipa-next-caviar-ajatutaja-1.webp","type":"image\/webp"}],"twitter_card":"summary_large_image","twitter_misc":{"Procijenjeno vrijeme \u010ditanja":"3 minute"},"schema":{"@context":"https:\/\/schema.org","@graph":[{"@type":"WebPage","@id":"https:\/\/ajatutaja.com\/izdelek\/avtosedez-nuna-pipa-next-i-size-0-0-13kg\/","url":"https:\/\/ajatutaja.com\/izdelek\/avtosedez-nuna-pipa-next-i-size-0-0-13kg\/","name":"Avtosede\u017e Nuna Pipa Next i-Size 0+ (0-13kg) | Ajatutaja","isPartOf":{"@id":"https:\/\/ajatutaja.com\/#website"},"primaryImageOfPage":{"@id":"https:\/\/ajatutaja.com\/izdelek\/avtosedez-nuna-pipa-next-i-size-0-0-13kg\/#primaryimage"},"image":{"@id":"https:\/\/ajatutaja.com\/izdelek\/avtosedez-nuna-pipa-next-i-size-0-0-13kg\/#primaryimage"},"thumbnailUrl":"https:\/\/ajatutaja.com\/wp-content\/uploads\/2020\/04\/Nuna-pipa-next-caviar-ajatutaja-1.webp","datePublished":"2020-04-05T16:52:21+00:00","dateModified":"2026-01-24T19:01:42+00:00","description":"Tukaj je nova lupinica Nuna Pipa Next \u2013 zanesljiva, varna, lahkotna in udobna. Navdu\u0161uje s super lastnostmi, kot je za\u0161\u010ditna izvle\u010dna zavesica Dream Drape in te\u017eo zgolj 2,8 kg.","breadcrumb":{"@id":"https:\/\/ajatutaja.com\/izdelek\/avtosedez-nuna-pipa-next-i-size-0-0-13kg\/#breadcrumb"},"inLanguage":"hr","potentialAction":[{"@type":"ReadAction","target":["https:\/\/ajatutaja.com\/izdelek\/avtosedez-nuna-pipa-next-i-size-0-0-13kg\/"]}]},{"@type":"ImageObject","inLanguage":"hr","@id":"https:\/\/ajatutaja.com\/izdelek\/avtosedez-nuna-pipa-next-i-size-0-0-13kg\/#primaryimage","url":"https:\/\/ajatutaja.com\/wp-content\/uploads\/2020\/04\/Nuna-pipa-next-caviar-ajatutaja-1.webp","contentUrl":"https:\/\/ajatutaja.com\/wp-content\/uploads\/2020\/04\/Nuna-pipa-next-caviar-ajatutaja-1.webp","width":750,"height":750},{"@type":"BreadcrumbList","@id":"https:\/\/ajatutaja.com\/izdelek\/avtosedez-nuna-pipa-next-i-size-0-0-13kg\/#breadcrumb","itemListElement":[{"@type":"ListItem","position":1,"name":"Home","item":"https:\/\/ajatutaja.com\/hr\/"},{"@type":"ListItem","position":2,"name":"Trgovina","item":"https:\/\/ajatutaja.com\/hr\/trgovina\/"},{"@type":"ListItem","position":3,"name":"Avtosede\u017e Nuna Pipa Next i-Size 0+ (0-13kg)"}]},{"@type":"WebSite","@id":"https:\/\/ajatutaja.com\/#website","url":"https:\/\/ajatutaja.com\/","name":"Ajatutaja","description":"Otro\u0161ka spletna trgovina AJATUTAJA","publisher":{"@id":"https:\/\/ajatutaja.com\/#organization"},"potentialAction":[{"@type":"SearchAction","target":{"@type":"EntryPoint","urlTemplate":"https:\/\/ajatutaja.com\/?s={search_term_string}"},"query-input":{"@type":"PropertyValueSpecification","valueRequired":true,"valueName":"search_term_string"}}],"inLanguage":"hr"},{"@type":"Organization","@id":"https:\/\/ajatutaja.com\/#organization","name":"Ajatutaja","url":"https:\/\/ajatutaja.com\/","logo":{"@type":"ImageObject","inLanguage":"hr","@id":"https:\/\/ajatutaja.com\/#\/schema\/logo\/image\/","url":"https:\/\/ajatutaja.com\/wp-content\/uploads\/2021\/10\/logo.png","contentUrl":"https:\/\/ajatutaja.com\/wp-content\/uploads\/2021\/10\/logo.png","width":555,"height":150,"caption":"Ajatutaja"},"image":{"@id":"https:\/\/ajatutaja.com\/#\/schema\/logo\/image\/"}}]}},"brands":[{"id":2351,"name":"Avtosede\u017ei","slug":"avtosedezi"},{"id":2354,"name":"Nuna","slug":"nuna"}],"_links":{"self":[{"href":"https:\/\/ajatutaja.com\/hr\/wp-json\/wp\/v2\/product\/23283","targetHints":{"allow":["GET"]}}],"collection":[{"href":"https:\/\/ajatutaja.com\/hr\/wp-json\/wp\/v2\/product"}],"about":[{"href":"https:\/\/ajatutaja.com\/hr\/wp-json\/wp\/v2\/types\/product"}],"wp:featuredmedia":[{"embeddable":true,"href":"https:\/\/ajatutaja.com\/hr\/wp-json\/wp\/v2\/media\/84955"}],"wp:attachment":[{"href":"https:\/\/ajatutaja.com\/hr\/wp-json\/wp\/v2\/media?parent=23283"}],"wp:term":[{"taxonomy":"pwb-brand","embeddable":true,"href":"https:\/\/ajatutaja.com\/hr\/wp-json\/wp\/v2\/pwb-brand?post=23283"},{"taxonomy":"product_brand","embeddable":true,"href":"https:\/\/ajatutaja.com\/hr\/wp-json\/wp\/v2\/product_brand?post=23283"},{"taxonomy":"product_cat","embeddable":true,"href":"https:\/\/ajatutaja.com\/hr\/wp-json\/wp\/v2\/product_cat?post=23283"},{"taxonomy":"product_tag","embeddable":true,"href":"https:\/\/ajatutaja.com\/hr\/wp-json\/wp\/v2\/product_tag?post=23283"}],"curies":[{"name":"wp","href":"https:\/\/api.w.org\/{rel}","templated":true}]}}