{"id":23196,"date":"2024-11-25T19:10:35","date_gmt":"2024-11-25T18:10:35","guid":{"rendered":"https:\/\/ajatutaja.com\/izdelek\/kompletek-za-novorojencka-sivili-bio-organski-bombaz\/"},"modified":"2025-03-25T17:19:31","modified_gmt":"2025-03-25T16:19:31","slug":"kompletek-za-novorojencka-sivili-bio-organski-bombaz","status":"publish","type":"product","link":"https:\/\/ajatutaja.com\/hr\/proizvod\/kompletek-za-novorojencka-sivili-bio-organski-bombaz\/","title":{"rendered":"Kompletek za novorojen\u010dka Sivili &#8211; Bio organski bomba\u017e"},"content":{"rendered":"<p>[vc_row][vc_column][vc_column_text]Komplet za novorojen\u010dka Sivili je narejen iz bomba\u017ea, pridelanega po biodinami\u010dnem na\u010dinu kmetovanja, kar potrjuje tudi OCC certifikat. Komletek ima simpati\u010dno vezenje na jopici in simpati\u010dne lesene gumbke za zapenjanje. Tako se zmanj\u0161ajo mo\u017enosti stika \u0161kodljivih materialov z ob\u010dutljivo dojen\u010dkovo ko\u017eo in z njo povezane te\u017eave.<\/p>\n<h3>Komplet za novorojen\u010dka Sivili 190100 sestavljajo naslednji izdelki:<\/h3>\n<ul>\n<li>bodi na preklop z vezenim medvedkom,<\/li>\n<li>podlo\u017eena jopica z vezenim medvedkom,<\/li>\n<li>baggy hla\u010dke s sprednjim \u017eepkom,<\/li>\n<li>kapica z vezenim medvedkom in<\/li>\n<li>copatki s patentom.<\/li>\n<\/ul>\n<p>Izdelek prejmete v svoji embala\u017ei in z vsemi certifikati.<\/p>\n<p style=\"text-align: center\"><span style=\"font-size: medium\">\u00a0<\/span><em>Surovinska sestava: 100% organski bomba\u017e<\/em><\/p>\n<p><em>Izdelki iz naravnega bomba\u017ea\u00a0(obla\u010dila, spodnje perilo, posteljnina,&#8230;) so prijazni do na\u0161e ko\u017ee. So topli, zra\u010dni, udobni, dobro\u00a0vpijajo vlago, prijetno mehki, ne vsebujejo alergenov, so trajnej\u0161i in imajo mo\u010dnej\u0161a vlakna v primerjavi s kemi\u010dno obdelanim bomba\u017eem. To je nadvse pomembno<\/em><em> pri tkaninah, ki so najbolj v stiku\u00a0s ko\u017eo (obla\u010dila za dojen\u010dke in otroke, spodnje perilo za odrasle in posteljnina).<\/em><\/p>\n<p><em>Pri proizvodnji ekolo\u0161kega bomba\u017ea se ne uporabljajo pesticidi &#8211; uporablja se kolobarjenje, namesto uporabe herbicidov se fizi\u010dno odstranjuje plevel, rastline se ro\u010dno okopavajo. Vlo\u017eenega je veliko ve\u010d truda in dela, vendar imajo delavci zavoljo tega bolj\u0161e pogoje za delo in ni nevarnosti, da bi bila podtalnica ogro\u017eena zaradi odtekanja kemikalij v zemljo. Najpomembnej\u0161i je kon\u010dni produkt: bomba\u017e brez strupov.<\/em><\/p>\n<p><em>Neodvisna organizacija Control Union Certifikations, ki podeljuje GOTS certifikat, \u00a0zagotavlja visoko kakovost izdelka , ekolo\u0161ko proizvodnjo in mnogo ve\u010d\u2026.<\/em>[\/vc_column_text][\/vc_column][\/vc_row]<\/p>\n","protected":false},"excerpt":{"rendered":"<p style=\"text-align: justify\">Ta krasen 5 delni kompletek za novorojen\u010dka Sivili iz organskega bomba\u017ea z vezenim medvedkom in lesenimi gumbki,\u00a0 je najbolj\u0161a izbira za va\u0161ega prihajajo\u010dega dru\u017einskega \u010dlana. Kompletek je izdelan iz certificiranega bio organskega bomba\u017ea in je uporaben tako kot prvi kompletek za prihod iz porodni\u0161nice, kot za vsakodnevno rabo.<\/p>\n<p>Komplet za novorojen\u010dka je narejen iz bomba\u017ea pridelanega po biodinami\u010dnem na\u010dinu kmetovanja, kar potrjuje tudi OCC certifikat. Bomba\u017e za izdelavo tega kompleta za novorojen\u010dka ni barvan, ampak je barva naravnega bomba\u017ea odvisna od prsti in koli\u010dine padavin.<\/p>\n","protected":false},"featured_media":54206,"template":"","meta":[],"pwb-brand":[2696,2697],"product_brand":[],"product_cat":[2609,2682,2688],"product_tag":[4306,4024,4307],"class_list":{"0":"post-23196","1":"product","2":"type-product","3":"status-publish","4":"has-post-thumbnail","6":"pwb-brand-moda","7":"pwb-brand-sivili","8":"product_cat-moda","9":"product_cat-oblacila-za-novorojencka","10":"product_cat-otroski-kompleti","11":"product_tag-kaj-potrebujem-za-novorojencka","12":"product_tag-sivili","13":"product_tag-slovenski-proizvod","15":"first","16":"instock","17":"taxable","18":"shipping-taxable","19":"purchasable","20":"product-type-variable","21":"add-to-wishlist-before_image"},"yoast_head":"<!-- This site is optimized with the Yoast SEO plugin v27.3 - https:\/\/yoast.com\/product\/yoast-seo-wordpress\/ -->\n<title>Kompletek za novorojen\u010dka Sivili - Bio organski bomba\u017e | Ajatutaja<\/title>\n<meta name=\"description\" content=\"Komplet za novorojen\u010dka Sivili je narejen iz bomba\u017ea pridelanega po biodinami\u010dnem na\u010dinu kmetovanja, kar potrjuje tudi OCC certifikat.\" \/>\n<meta name=\"robots\" content=\"index, follow, max-snippet:-1, max-image-preview:large, max-video-preview:-1\" \/>\n<link rel=\"canonical\" href=\"https:\/\/ajatutaja.com\/izdelek\/kompletek-za-novorojencka-sivili-bio-organski-bombaz\/\" \/>\n<meta property=\"og:locale\" content=\"hr_HR\" \/>\n<meta property=\"og:type\" content=\"article\" \/>\n<meta property=\"og:title\" content=\"Kompletek za novorojen\u010dka Sivili - Bio organski bomba\u017e | Ajatutaja\" \/>\n<meta property=\"og:description\" content=\"Komplet za novorojen\u010dka Sivili je narejen iz bomba\u017ea pridelanega po biodinami\u010dnem na\u010dinu kmetovanja, kar potrjuje tudi OCC certifikat.\" \/>\n<meta property=\"og:url\" content=\"https:\/\/ajatutaja.com\/izdelek\/kompletek-za-novorojencka-sivili-bio-organski-bombaz\/\" \/>\n<meta property=\"og:site_name\" content=\"Ajatutaja\" \/>\n<meta property=\"article:modified_time\" content=\"2025-03-25T16:19:31+00:00\" \/>\n<meta property=\"og:image\" content=\"https:\/\/ajatutaja.com\/wp-content\/uploads\/2020\/03\/Otroski-komplet-za-novorojencka-iz-porodnisnice-sivili-eko-bombaz-1-e1699977887980.jpg\" \/>\n\t<meta property=\"og:image:width\" content=\"1000\" \/>\n\t<meta property=\"og:image:height\" content=\"1000\" \/>\n\t<meta property=\"og:image:type\" content=\"image\/jpeg\" \/>\n<meta name=\"twitter:card\" content=\"summary_large_image\" \/>\n<meta name=\"twitter:label1\" content=\"Procijenjeno vrijeme \u010ditanja\" \/>\n\t<meta name=\"twitter:data1\" content=\"1 minuta\" \/>\n<script type=\"application\/ld+json\" class=\"yoast-schema-graph\">{\"@context\":\"https:\\\/\\\/schema.org\",\"@graph\":[{\"@type\":\"WebPage\",\"@id\":\"https:\\\/\\\/ajatutaja.com\\\/izdelek\\\/kompletek-za-novorojencka-sivili-bio-organski-bombaz\\\/\",\"url\":\"https:\\\/\\\/ajatutaja.com\\\/izdelek\\\/kompletek-za-novorojencka-sivili-bio-organski-bombaz\\\/\",\"name\":\"Kompletek za novorojen\u010dka Sivili - Bio organski bomba\u017e | Ajatutaja\",\"isPartOf\":{\"@id\":\"https:\\\/\\\/ajatutaja.com\\\/#website\"},\"primaryImageOfPage\":{\"@id\":\"https:\\\/\\\/ajatutaja.com\\\/izdelek\\\/kompletek-za-novorojencka-sivili-bio-organski-bombaz\\\/#primaryimage\"},\"image\":{\"@id\":\"https:\\\/\\\/ajatutaja.com\\\/izdelek\\\/kompletek-za-novorojencka-sivili-bio-organski-bombaz\\\/#primaryimage\"},\"thumbnailUrl\":\"https:\\\/\\\/ajatutaja.com\\\/wp-content\\\/uploads\\\/2020\\\/03\\\/Otroski-komplet-za-novorojencka-iz-porodnisnice-sivili-eko-bombaz-1-e1699977887980.jpg\",\"datePublished\":\"2024-11-25T18:10:35+00:00\",\"dateModified\":\"2025-03-25T16:19:31+00:00\",\"description\":\"Komplet za novorojen\u010dka Sivili je narejen iz bomba\u017ea pridelanega po biodinami\u010dnem na\u010dinu kmetovanja, kar potrjuje tudi OCC certifikat.\",\"breadcrumb\":{\"@id\":\"https:\\\/\\\/ajatutaja.com\\\/izdelek\\\/kompletek-za-novorojencka-sivili-bio-organski-bombaz\\\/#breadcrumb\"},\"inLanguage\":\"hr\",\"potentialAction\":[{\"@type\":\"ReadAction\",\"target\":[\"https:\\\/\\\/ajatutaja.com\\\/izdelek\\\/kompletek-za-novorojencka-sivili-bio-organski-bombaz\\\/\"]}]},{\"@type\":\"ImageObject\",\"inLanguage\":\"hr\",\"@id\":\"https:\\\/\\\/ajatutaja.com\\\/izdelek\\\/kompletek-za-novorojencka-sivili-bio-organski-bombaz\\\/#primaryimage\",\"url\":\"https:\\\/\\\/ajatutaja.com\\\/wp-content\\\/uploads\\\/2020\\\/03\\\/Otroski-komplet-za-novorojencka-iz-porodnisnice-sivili-eko-bombaz-1-e1699977887980.jpg\",\"contentUrl\":\"https:\\\/\\\/ajatutaja.com\\\/wp-content\\\/uploads\\\/2020\\\/03\\\/Otroski-komplet-za-novorojencka-iz-porodnisnice-sivili-eko-bombaz-1-e1699977887980.jpg\",\"width\":1000,\"height\":1000,\"caption\":\"Komplet za dojen\u010dka\"},{\"@type\":\"BreadcrumbList\",\"@id\":\"https:\\\/\\\/ajatutaja.com\\\/izdelek\\\/kompletek-za-novorojencka-sivili-bio-organski-bombaz\\\/#breadcrumb\",\"itemListElement\":[{\"@type\":\"ListItem\",\"position\":1,\"name\":\"Home\",\"item\":\"https:\\\/\\\/ajatutaja.com\\\/hr\\\/\"},{\"@type\":\"ListItem\",\"position\":2,\"name\":\"Trgovina\",\"item\":\"https:\\\/\\\/ajatutaja.com\\\/hr\\\/trgovina\\\/\"},{\"@type\":\"ListItem\",\"position\":3,\"name\":\"Kompletek za novorojen\u010dka Sivili &#8211; Bio organski bomba\u017e\"}]},{\"@type\":\"WebSite\",\"@id\":\"https:\\\/\\\/ajatutaja.com\\\/#website\",\"url\":\"https:\\\/\\\/ajatutaja.com\\\/\",\"name\":\"Ajatutaja\",\"description\":\"Otro\u0161ka spletna trgovina AJATUTAJA\",\"publisher\":{\"@id\":\"https:\\\/\\\/ajatutaja.com\\\/#organization\"},\"potentialAction\":[{\"@type\":\"SearchAction\",\"target\":{\"@type\":\"EntryPoint\",\"urlTemplate\":\"https:\\\/\\\/ajatutaja.com\\\/?s={search_term_string}\"},\"query-input\":{\"@type\":\"PropertyValueSpecification\",\"valueRequired\":true,\"valueName\":\"search_term_string\"}}],\"inLanguage\":\"hr\"},{\"@type\":\"Organization\",\"@id\":\"https:\\\/\\\/ajatutaja.com\\\/#organization\",\"name\":\"Ajatutaja\",\"url\":\"https:\\\/\\\/ajatutaja.com\\\/\",\"logo\":{\"@type\":\"ImageObject\",\"inLanguage\":\"hr\",\"@id\":\"https:\\\/\\\/ajatutaja.com\\\/#\\\/schema\\\/logo\\\/image\\\/\",\"url\":\"https:\\\/\\\/ajatutaja.com\\\/wp-content\\\/uploads\\\/2021\\\/10\\\/logo.png\",\"contentUrl\":\"https:\\\/\\\/ajatutaja.com\\\/wp-content\\\/uploads\\\/2021\\\/10\\\/logo.png\",\"width\":555,\"height\":150,\"caption\":\"Ajatutaja\"},\"image\":{\"@id\":\"https:\\\/\\\/ajatutaja.com\\\/#\\\/schema\\\/logo\\\/image\\\/\"}}]}<\/script>\n<!-- \/ Yoast SEO plugin. -->","yoast_head_json":{"title":"Kompletek za novorojen\u010dka Sivili - Bio organski bomba\u017e | Ajatutaja","description":"Komplet za novorojen\u010dka Sivili je narejen iz bomba\u017ea pridelanega po biodinami\u010dnem na\u010dinu kmetovanja, kar potrjuje tudi OCC certifikat.","robots":{"index":"index","follow":"follow","max-snippet":"max-snippet:-1","max-image-preview":"max-image-preview:large","max-video-preview":"max-video-preview:-1"},"canonical":"https:\/\/ajatutaja.com\/izdelek\/kompletek-za-novorojencka-sivili-bio-organski-bombaz\/","og_locale":"hr_HR","og_type":"article","og_title":"Kompletek za novorojen\u010dka Sivili - Bio organski bomba\u017e | Ajatutaja","og_description":"Komplet za novorojen\u010dka Sivili je narejen iz bomba\u017ea pridelanega po biodinami\u010dnem na\u010dinu kmetovanja, kar potrjuje tudi OCC certifikat.","og_url":"https:\/\/ajatutaja.com\/izdelek\/kompletek-za-novorojencka-sivili-bio-organski-bombaz\/","og_site_name":"Ajatutaja","article_modified_time":"2025-03-25T16:19:31+00:00","og_image":[{"width":1000,"height":1000,"url":"https:\/\/ajatutaja.com\/wp-content\/uploads\/2020\/03\/Otroski-komplet-za-novorojencka-iz-porodnisnice-sivili-eko-bombaz-1-e1699977887980.jpg","type":"image\/jpeg"}],"twitter_card":"summary_large_image","twitter_misc":{"Procijenjeno vrijeme \u010ditanja":"1 minuta"},"schema":{"@context":"https:\/\/schema.org","@graph":[{"@type":"WebPage","@id":"https:\/\/ajatutaja.com\/izdelek\/kompletek-za-novorojencka-sivili-bio-organski-bombaz\/","url":"https:\/\/ajatutaja.com\/izdelek\/kompletek-za-novorojencka-sivili-bio-organski-bombaz\/","name":"Kompletek za novorojen\u010dka Sivili - Bio organski bomba\u017e | Ajatutaja","isPartOf":{"@id":"https:\/\/ajatutaja.com\/#website"},"primaryImageOfPage":{"@id":"https:\/\/ajatutaja.com\/izdelek\/kompletek-za-novorojencka-sivili-bio-organski-bombaz\/#primaryimage"},"image":{"@id":"https:\/\/ajatutaja.com\/izdelek\/kompletek-za-novorojencka-sivili-bio-organski-bombaz\/#primaryimage"},"thumbnailUrl":"https:\/\/ajatutaja.com\/wp-content\/uploads\/2020\/03\/Otroski-komplet-za-novorojencka-iz-porodnisnice-sivili-eko-bombaz-1-e1699977887980.jpg","datePublished":"2024-11-25T18:10:35+00:00","dateModified":"2025-03-25T16:19:31+00:00","description":"Komplet za novorojen\u010dka Sivili je narejen iz bomba\u017ea pridelanega po biodinami\u010dnem na\u010dinu kmetovanja, kar potrjuje tudi OCC certifikat.","breadcrumb":{"@id":"https:\/\/ajatutaja.com\/izdelek\/kompletek-za-novorojencka-sivili-bio-organski-bombaz\/#breadcrumb"},"inLanguage":"hr","potentialAction":[{"@type":"ReadAction","target":["https:\/\/ajatutaja.com\/izdelek\/kompletek-za-novorojencka-sivili-bio-organski-bombaz\/"]}]},{"@type":"ImageObject","inLanguage":"hr","@id":"https:\/\/ajatutaja.com\/izdelek\/kompletek-za-novorojencka-sivili-bio-organski-bombaz\/#primaryimage","url":"https:\/\/ajatutaja.com\/wp-content\/uploads\/2020\/03\/Otroski-komplet-za-novorojencka-iz-porodnisnice-sivili-eko-bombaz-1-e1699977887980.jpg","contentUrl":"https:\/\/ajatutaja.com\/wp-content\/uploads\/2020\/03\/Otroski-komplet-za-novorojencka-iz-porodnisnice-sivili-eko-bombaz-1-e1699977887980.jpg","width":1000,"height":1000,"caption":"Komplet za dojen\u010dka"},{"@type":"BreadcrumbList","@id":"https:\/\/ajatutaja.com\/izdelek\/kompletek-za-novorojencka-sivili-bio-organski-bombaz\/#breadcrumb","itemListElement":[{"@type":"ListItem","position":1,"name":"Home","item":"https:\/\/ajatutaja.com\/hr\/"},{"@type":"ListItem","position":2,"name":"Trgovina","item":"https:\/\/ajatutaja.com\/hr\/trgovina\/"},{"@type":"ListItem","position":3,"name":"Kompletek za novorojen\u010dka Sivili &#8211; Bio organski bomba\u017e"}]},{"@type":"WebSite","@id":"https:\/\/ajatutaja.com\/#website","url":"https:\/\/ajatutaja.com\/","name":"Ajatutaja","description":"Otro\u0161ka spletna trgovina AJATUTAJA","publisher":{"@id":"https:\/\/ajatutaja.com\/#organization"},"potentialAction":[{"@type":"SearchAction","target":{"@type":"EntryPoint","urlTemplate":"https:\/\/ajatutaja.com\/?s={search_term_string}"},"query-input":{"@type":"PropertyValueSpecification","valueRequired":true,"valueName":"search_term_string"}}],"inLanguage":"hr"},{"@type":"Organization","@id":"https:\/\/ajatutaja.com\/#organization","name":"Ajatutaja","url":"https:\/\/ajatutaja.com\/","logo":{"@type":"ImageObject","inLanguage":"hr","@id":"https:\/\/ajatutaja.com\/#\/schema\/logo\/image\/","url":"https:\/\/ajatutaja.com\/wp-content\/uploads\/2021\/10\/logo.png","contentUrl":"https:\/\/ajatutaja.com\/wp-content\/uploads\/2021\/10\/logo.png","width":555,"height":150,"caption":"Ajatutaja"},"image":{"@id":"https:\/\/ajatutaja.com\/#\/schema\/logo\/image\/"}}]}},"brands":[{"id":2696,"name":"Moda","slug":"moda"},{"id":2697,"name":"Sivili","slug":"sivili"}],"_links":{"self":[{"href":"https:\/\/ajatutaja.com\/hr\/wp-json\/wp\/v2\/product\/23196","targetHints":{"allow":["GET"]}}],"collection":[{"href":"https:\/\/ajatutaja.com\/hr\/wp-json\/wp\/v2\/product"}],"about":[{"href":"https:\/\/ajatutaja.com\/hr\/wp-json\/wp\/v2\/types\/product"}],"wp:featuredmedia":[{"embeddable":true,"href":"https:\/\/ajatutaja.com\/hr\/wp-json\/wp\/v2\/media\/54206"}],"wp:attachment":[{"href":"https:\/\/ajatutaja.com\/hr\/wp-json\/wp\/v2\/media?parent=23196"}],"wp:term":[{"taxonomy":"pwb-brand","embeddable":true,"href":"https:\/\/ajatutaja.com\/hr\/wp-json\/wp\/v2\/pwb-brand?post=23196"},{"taxonomy":"product_brand","embeddable":true,"href":"https:\/\/ajatutaja.com\/hr\/wp-json\/wp\/v2\/product_brand?post=23196"},{"taxonomy":"product_cat","embeddable":true,"href":"https:\/\/ajatutaja.com\/hr\/wp-json\/wp\/v2\/product_cat?post=23196"},{"taxonomy":"product_tag","embeddable":true,"href":"https:\/\/ajatutaja.com\/hr\/wp-json\/wp\/v2\/product_tag?post=23196"}],"curies":[{"name":"wp","href":"https:\/\/api.w.org\/{rel}","templated":true}]}}