{"id":23149,"date":"2025-04-01T15:30:46","date_gmt":"2025-04-01T13:30:46","guid":{"rendered":"https:\/\/ajatutaja.com\/izdelek\/abs-komplet-za-plazenje-lupo-baby-boy\/"},"modified":"2025-10-16T13:49:57","modified_gmt":"2025-10-16T11:49:57","slug":"abs-komplet-za-plazenje-lupo-baby-boy","status":"publish","type":"product","link":"https:\/\/ajatutaja.com\/hr\/proizvod\/abs-komplet-za-plazenje-lupo-baby-boy\/","title":{"rendered":"ABS komplet za plazenje Lupo Baby boy"},"content":{"rendered":"<p>[vc_row][vc_column][vc_column_text]Va\u0161 mal\u010dek se bo tako pri plazenju kot pri postavljanju na nogice ali korakanju po\u010dutil bolj stabilnega in sigurnega. ABS kompletek je odli\u010den na drse\u010dih podlagah (laminatu, plo\u0161\u010dicah, &#8230;) zaradi stabilizacije kolkov in kolen v fazi razvoja.<\/p>\n<p>Na kolen\u010dnikih in podplatih so posebni nedrsni elementi iz mehke silikonske gume, ki se doli\u010dno oprimejo podlage. Kolena bodo tako za\u0161\u010ditena, otroku pa se\u00a0pri plazenju ne bo drselo, kar dobro upliva na motoriko in stabilizacijo.<\/p>\n<p>Lastnosti:<\/p>\n<ul>\n<li>Enojna velikost nogice od 16-20 ; starost od 6 mesecev pa tja do enega leta in ve\u010d.<\/li>\n<li>Sestava: 77% Bomba\u017e, 20% Polyamid, 3% Elastan<\/li>\n<\/ul>\n<p>Dr\u017eava porekla: Brazilija[\/vc_column_text][\/vc_column][\/vc_row]<\/p>\n","protected":false},"excerpt":{"rendered":"<p>Komplet protidrsnih nogavi\u010dk in kolen\u010dnikov je\u00a0iz mehkega, prijetnega in elasti\u010dnega materiala, ter se lepo prilagaja velikosti nogice. Na podplatih ABS-k in kolen\u010dnikih so posebni nedrsni elementi iz mehke silikonske gume, ki se odli\u010dno oprimejo podlage.<\/p>\n<p>Komplet je seveda lahko tudi zabavno in prakti\u010dno darilo za mal\u010dka.<\/p>\n","protected":false},"featured_media":23150,"template":"","meta":[],"pwb-brand":[2700,2696],"product_brand":[],"product_cat":[2609,2692],"product_tag":[4454,4224],"class_list":{"0":"post-23149","1":"product","2":"type-product","3":"status-publish","4":"has-post-thumbnail","6":"pwb-brand-lupo-baby","7":"pwb-brand-moda","8":"product_cat-moda","9":"product_cat-nogavice-in-zabice","10":"product_tag-kolencniki","11":"product_tag-lupo-baby","13":"first","14":"instock","15":"taxable","16":"shipping-taxable","17":"purchasable","18":"product-type-simple","19":"add-to-wishlist-before_image"},"yoast_head":"<!-- This site is optimized with the Yoast SEO plugin v27.3 - https:\/\/yoast.com\/product\/yoast-seo-wordpress\/ -->\n<title>ABS komplet za plazenje Lupo Baby boy | Ajatutaja<\/title>\n<meta name=\"description\" content=\"Na podplatih ABS-k in kolen\u010dnikih so posebni nedrsni elementi iz mehke silikonske gume, ki se odli\u010dno oprimejo podlage. Super komplet za plazenje!\" \/>\n<meta name=\"robots\" content=\"index, follow, max-snippet:-1, max-image-preview:large, max-video-preview:-1\" \/>\n<link rel=\"canonical\" href=\"https:\/\/ajatutaja.com\/izdelek\/abs-komplet-za-plazenje-lupo-baby-boy\/\" \/>\n<meta property=\"og:locale\" content=\"hr_HR\" \/>\n<meta property=\"og:type\" content=\"article\" \/>\n<meta property=\"og:title\" content=\"ABS komplet za plazenje Lupo Baby boy | Ajatutaja\" \/>\n<meta property=\"og:description\" content=\"Na podplatih ABS-k in kolen\u010dnikih so posebni nedrsni elementi iz mehke silikonske gume, ki se odli\u010dno oprimejo podlage. Super komplet za plazenje!\" \/>\n<meta property=\"og:url\" content=\"https:\/\/ajatutaja.com\/izdelek\/abs-komplet-za-plazenje-lupo-baby-boy\/\" \/>\n<meta property=\"og:site_name\" content=\"Ajatutaja\" \/>\n<meta property=\"article:modified_time\" content=\"2025-10-16T11:49:57+00:00\" \/>\n<meta property=\"og:image\" content=\"https:\/\/ajatutaja.com\/wp-content\/uploads\/2021\/11\/ABS-komplet-za-plazenje-modri-kolencnik-ajatutaja.png\" \/>\n\t<meta property=\"og:image:width\" content=\"600\" \/>\n\t<meta property=\"og:image:height\" content=\"750\" \/>\n\t<meta property=\"og:image:type\" content=\"image\/png\" \/>\n<meta name=\"twitter:card\" content=\"summary_large_image\" \/>\n<meta name=\"twitter:label1\" content=\"Procijenjeno vrijeme \u010ditanja\" \/>\n\t<meta name=\"twitter:data1\" content=\"1 minuta\" \/>\n<script type=\"application\/ld+json\" class=\"yoast-schema-graph\">{\"@context\":\"https:\\\/\\\/schema.org\",\"@graph\":[{\"@type\":\"WebPage\",\"@id\":\"https:\\\/\\\/ajatutaja.com\\\/izdelek\\\/abs-komplet-za-plazenje-lupo-baby-boy\\\/\",\"url\":\"https:\\\/\\\/ajatutaja.com\\\/izdelek\\\/abs-komplet-za-plazenje-lupo-baby-boy\\\/\",\"name\":\"ABS komplet za plazenje Lupo Baby boy | Ajatutaja\",\"isPartOf\":{\"@id\":\"https:\\\/\\\/ajatutaja.com\\\/#website\"},\"primaryImageOfPage\":{\"@id\":\"https:\\\/\\\/ajatutaja.com\\\/izdelek\\\/abs-komplet-za-plazenje-lupo-baby-boy\\\/#primaryimage\"},\"image\":{\"@id\":\"https:\\\/\\\/ajatutaja.com\\\/izdelek\\\/abs-komplet-za-plazenje-lupo-baby-boy\\\/#primaryimage\"},\"thumbnailUrl\":\"https:\\\/\\\/ajatutaja.com\\\/wp-content\\\/uploads\\\/2021\\\/11\\\/ABS-komplet-za-plazenje-modri-kolencnik-ajatutaja.png\",\"datePublished\":\"2025-04-01T13:30:46+00:00\",\"dateModified\":\"2025-10-16T11:49:57+00:00\",\"description\":\"Na podplatih ABS-k in kolen\u010dnikih so posebni nedrsni elementi iz mehke silikonske gume, ki se odli\u010dno oprimejo podlage. Super komplet za plazenje!\",\"breadcrumb\":{\"@id\":\"https:\\\/\\\/ajatutaja.com\\\/izdelek\\\/abs-komplet-za-plazenje-lupo-baby-boy\\\/#breadcrumb\"},\"inLanguage\":\"hr\",\"potentialAction\":[{\"@type\":\"ReadAction\",\"target\":[\"https:\\\/\\\/ajatutaja.com\\\/izdelek\\\/abs-komplet-za-plazenje-lupo-baby-boy\\\/\"]}]},{\"@type\":\"ImageObject\",\"inLanguage\":\"hr\",\"@id\":\"https:\\\/\\\/ajatutaja.com\\\/izdelek\\\/abs-komplet-za-plazenje-lupo-baby-boy\\\/#primaryimage\",\"url\":\"https:\\\/\\\/ajatutaja.com\\\/wp-content\\\/uploads\\\/2021\\\/11\\\/ABS-komplet-za-plazenje-modri-kolencnik-ajatutaja.png\",\"contentUrl\":\"https:\\\/\\\/ajatutaja.com\\\/wp-content\\\/uploads\\\/2021\\\/11\\\/ABS-komplet-za-plazenje-modri-kolencnik-ajatutaja.png\",\"width\":600,\"height\":750},{\"@type\":\"BreadcrumbList\",\"@id\":\"https:\\\/\\\/ajatutaja.com\\\/izdelek\\\/abs-komplet-za-plazenje-lupo-baby-boy\\\/#breadcrumb\",\"itemListElement\":[{\"@type\":\"ListItem\",\"position\":1,\"name\":\"Home\",\"item\":\"https:\\\/\\\/ajatutaja.com\\\/hr\\\/\"},{\"@type\":\"ListItem\",\"position\":2,\"name\":\"Trgovina\",\"item\":\"https:\\\/\\\/ajatutaja.com\\\/hr\\\/trgovina\\\/\"},{\"@type\":\"ListItem\",\"position\":3,\"name\":\"ABS komplet za plazenje Lupo Baby boy\"}]},{\"@type\":\"WebSite\",\"@id\":\"https:\\\/\\\/ajatutaja.com\\\/#website\",\"url\":\"https:\\\/\\\/ajatutaja.com\\\/\",\"name\":\"Ajatutaja\",\"description\":\"Otro\u0161ka spletna trgovina AJATUTAJA\",\"publisher\":{\"@id\":\"https:\\\/\\\/ajatutaja.com\\\/#organization\"},\"potentialAction\":[{\"@type\":\"SearchAction\",\"target\":{\"@type\":\"EntryPoint\",\"urlTemplate\":\"https:\\\/\\\/ajatutaja.com\\\/?s={search_term_string}\"},\"query-input\":{\"@type\":\"PropertyValueSpecification\",\"valueRequired\":true,\"valueName\":\"search_term_string\"}}],\"inLanguage\":\"hr\"},{\"@type\":\"Organization\",\"@id\":\"https:\\\/\\\/ajatutaja.com\\\/#organization\",\"name\":\"Ajatutaja\",\"url\":\"https:\\\/\\\/ajatutaja.com\\\/\",\"logo\":{\"@type\":\"ImageObject\",\"inLanguage\":\"hr\",\"@id\":\"https:\\\/\\\/ajatutaja.com\\\/#\\\/schema\\\/logo\\\/image\\\/\",\"url\":\"https:\\\/\\\/ajatutaja.com\\\/wp-content\\\/uploads\\\/2021\\\/10\\\/logo.png\",\"contentUrl\":\"https:\\\/\\\/ajatutaja.com\\\/wp-content\\\/uploads\\\/2021\\\/10\\\/logo.png\",\"width\":555,\"height\":150,\"caption\":\"Ajatutaja\"},\"image\":{\"@id\":\"https:\\\/\\\/ajatutaja.com\\\/#\\\/schema\\\/logo\\\/image\\\/\"}}]}<\/script>\n<!-- \/ Yoast SEO plugin. -->","yoast_head_json":{"title":"ABS komplet za plazenje Lupo Baby boy | Ajatutaja","description":"Na podplatih ABS-k in kolen\u010dnikih so posebni nedrsni elementi iz mehke silikonske gume, ki se odli\u010dno oprimejo podlage. Super komplet za plazenje!","robots":{"index":"index","follow":"follow","max-snippet":"max-snippet:-1","max-image-preview":"max-image-preview:large","max-video-preview":"max-video-preview:-1"},"canonical":"https:\/\/ajatutaja.com\/izdelek\/abs-komplet-za-plazenje-lupo-baby-boy\/","og_locale":"hr_HR","og_type":"article","og_title":"ABS komplet za plazenje Lupo Baby boy | Ajatutaja","og_description":"Na podplatih ABS-k in kolen\u010dnikih so posebni nedrsni elementi iz mehke silikonske gume, ki se odli\u010dno oprimejo podlage. Super komplet za plazenje!","og_url":"https:\/\/ajatutaja.com\/izdelek\/abs-komplet-za-plazenje-lupo-baby-boy\/","og_site_name":"Ajatutaja","article_modified_time":"2025-10-16T11:49:57+00:00","og_image":[{"width":600,"height":750,"url":"https:\/\/ajatutaja.com\/wp-content\/uploads\/2021\/11\/ABS-komplet-za-plazenje-modri-kolencnik-ajatutaja.png","type":"image\/png"}],"twitter_card":"summary_large_image","twitter_misc":{"Procijenjeno vrijeme \u010ditanja":"1 minuta"},"schema":{"@context":"https:\/\/schema.org","@graph":[{"@type":"WebPage","@id":"https:\/\/ajatutaja.com\/izdelek\/abs-komplet-za-plazenje-lupo-baby-boy\/","url":"https:\/\/ajatutaja.com\/izdelek\/abs-komplet-za-plazenje-lupo-baby-boy\/","name":"ABS komplet za plazenje Lupo Baby boy | Ajatutaja","isPartOf":{"@id":"https:\/\/ajatutaja.com\/#website"},"primaryImageOfPage":{"@id":"https:\/\/ajatutaja.com\/izdelek\/abs-komplet-za-plazenje-lupo-baby-boy\/#primaryimage"},"image":{"@id":"https:\/\/ajatutaja.com\/izdelek\/abs-komplet-za-plazenje-lupo-baby-boy\/#primaryimage"},"thumbnailUrl":"https:\/\/ajatutaja.com\/wp-content\/uploads\/2021\/11\/ABS-komplet-za-plazenje-modri-kolencnik-ajatutaja.png","datePublished":"2025-04-01T13:30:46+00:00","dateModified":"2025-10-16T11:49:57+00:00","description":"Na podplatih ABS-k in kolen\u010dnikih so posebni nedrsni elementi iz mehke silikonske gume, ki se odli\u010dno oprimejo podlage. Super komplet za plazenje!","breadcrumb":{"@id":"https:\/\/ajatutaja.com\/izdelek\/abs-komplet-za-plazenje-lupo-baby-boy\/#breadcrumb"},"inLanguage":"hr","potentialAction":[{"@type":"ReadAction","target":["https:\/\/ajatutaja.com\/izdelek\/abs-komplet-za-plazenje-lupo-baby-boy\/"]}]},{"@type":"ImageObject","inLanguage":"hr","@id":"https:\/\/ajatutaja.com\/izdelek\/abs-komplet-za-plazenje-lupo-baby-boy\/#primaryimage","url":"https:\/\/ajatutaja.com\/wp-content\/uploads\/2021\/11\/ABS-komplet-za-plazenje-modri-kolencnik-ajatutaja.png","contentUrl":"https:\/\/ajatutaja.com\/wp-content\/uploads\/2021\/11\/ABS-komplet-za-plazenje-modri-kolencnik-ajatutaja.png","width":600,"height":750},{"@type":"BreadcrumbList","@id":"https:\/\/ajatutaja.com\/izdelek\/abs-komplet-za-plazenje-lupo-baby-boy\/#breadcrumb","itemListElement":[{"@type":"ListItem","position":1,"name":"Home","item":"https:\/\/ajatutaja.com\/hr\/"},{"@type":"ListItem","position":2,"name":"Trgovina","item":"https:\/\/ajatutaja.com\/hr\/trgovina\/"},{"@type":"ListItem","position":3,"name":"ABS komplet za plazenje Lupo Baby boy"}]},{"@type":"WebSite","@id":"https:\/\/ajatutaja.com\/#website","url":"https:\/\/ajatutaja.com\/","name":"Ajatutaja","description":"Otro\u0161ka spletna trgovina AJATUTAJA","publisher":{"@id":"https:\/\/ajatutaja.com\/#organization"},"potentialAction":[{"@type":"SearchAction","target":{"@type":"EntryPoint","urlTemplate":"https:\/\/ajatutaja.com\/?s={search_term_string}"},"query-input":{"@type":"PropertyValueSpecification","valueRequired":true,"valueName":"search_term_string"}}],"inLanguage":"hr"},{"@type":"Organization","@id":"https:\/\/ajatutaja.com\/#organization","name":"Ajatutaja","url":"https:\/\/ajatutaja.com\/","logo":{"@type":"ImageObject","inLanguage":"hr","@id":"https:\/\/ajatutaja.com\/#\/schema\/logo\/image\/","url":"https:\/\/ajatutaja.com\/wp-content\/uploads\/2021\/10\/logo.png","contentUrl":"https:\/\/ajatutaja.com\/wp-content\/uploads\/2021\/10\/logo.png","width":555,"height":150,"caption":"Ajatutaja"},"image":{"@id":"https:\/\/ajatutaja.com\/#\/schema\/logo\/image\/"}}]}},"brands":[{"id":2700,"name":"Lupo Baby","slug":"lupo-baby"},{"id":2696,"name":"Moda","slug":"moda"}],"_links":{"self":[{"href":"https:\/\/ajatutaja.com\/hr\/wp-json\/wp\/v2\/product\/23149","targetHints":{"allow":["GET"]}}],"collection":[{"href":"https:\/\/ajatutaja.com\/hr\/wp-json\/wp\/v2\/product"}],"about":[{"href":"https:\/\/ajatutaja.com\/hr\/wp-json\/wp\/v2\/types\/product"}],"wp:featuredmedia":[{"embeddable":true,"href":"https:\/\/ajatutaja.com\/hr\/wp-json\/wp\/v2\/media\/23150"}],"wp:attachment":[{"href":"https:\/\/ajatutaja.com\/hr\/wp-json\/wp\/v2\/media?parent=23149"}],"wp:term":[{"taxonomy":"pwb-brand","embeddable":true,"href":"https:\/\/ajatutaja.com\/hr\/wp-json\/wp\/v2\/pwb-brand?post=23149"},{"taxonomy":"product_brand","embeddable":true,"href":"https:\/\/ajatutaja.com\/hr\/wp-json\/wp\/v2\/product_brand?post=23149"},{"taxonomy":"product_cat","embeddable":true,"href":"https:\/\/ajatutaja.com\/hr\/wp-json\/wp\/v2\/product_cat?post=23149"},{"taxonomy":"product_tag","embeddable":true,"href":"https:\/\/ajatutaja.com\/hr\/wp-json\/wp\/v2\/product_tag?post=23149"}],"curies":[{"name":"wp","href":"https:\/\/api.w.org\/{rel}","templated":true}]}}