{"id":23131,"date":"2020-02-27T20:31:30","date_gmt":"2020-02-27T19:31:30","guid":{"rendered":"https:\/\/ajatutaja.com\/izdelek\/poporodni-steznik-hlacke-anita\/"},"modified":"2022-08-18T14:26:36","modified_gmt":"2022-08-18T12:26:36","slug":"poporodni-steznik-hlacke-anita","status":"publish","type":"product","link":"https:\/\/ajatutaja.com\/hr\/proizvod\/poporodni-steznik-hlacke-anita\/","title":{"rendered":"Poporodni steznik &#8211; hla\u010dke Anita"},"content":{"rendered":"<p style=\"text-align: justify\"><strong>Poporodni steznik Anita <\/strong>pomaga trebu\u0161\u010dku pridobiti videz kot pred porodom. Priporo\u010dljiva je uporaba steznika nekaj tednov po porodu.<\/p>\n<p style=\"text-align: justify\">Strokovnjaki opozarjajo, da steznik pomaga le preoblikovati trebuh, na noben na\u010din pa ne krepi trebu\u0161nih mi\u0161ic, za kar je potrebna vadba.<\/p>\n<p style=\"text-align: center\"><em><span style=\"color: #808080\">Surovinska sestava: 70%poliamid, 30% elastan<br \/>\n<\/span><\/em><\/p>\n<p style=\"text-align: center\"><a href=\"https:\/\/ajatutaja.com\/wp-content\/uploads\/2015\/09\/VZDRZEVANJE.png\"><img loading=\"lazy\" decoding=\"async\" class=\"alignnone size-full wp-image-8157\" src=\"https:\/\/ajatutaja.com\/wp-content\/uploads\/2015\/09\/VZDRZEVANJE.png\" alt=\"VZDRZEVANJE\" width=\"167\" height=\"22\" \/><\/a><\/p>\n","protected":false},"excerpt":{"rendered":"<div id=\"top-properties\">\n<p>Steznik hla\u010dke za oblikovanje postave so izdelane iz mehkih mikrovlaken. Hla\u010dke imajo visok pas in v pasu silikon, da se bolje oprimejo in ne lezejo navzdol. Okrog nog imajo pri\u0161ito elastiko. Na spodnji strani imajo pri\u0161it bomba\u017eni vlo\u017eek.<\/p>\n<\/div>\n<div id=\"top-properties\"><\/div>\n","protected":false},"featured_media":23132,"template":"","meta":[],"pwb-brand":[2295,2268],"product_brand":[],"product_cat":[2265,2286],"product_tag":[4027,4101],"class_list":{"0":"post-23131","1":"product","2":"type-product","3":"status-publish","4":"has-post-thumbnail","6":"pwb-brand-anita-maternity-dojenje","7":"pwb-brand-dojenje","8":"product_cat-dojenje","9":"product_cat-oblikovanje-postave","10":"product_tag-anita-maternity","11":"product_tag-steznik","13":"first","14":"instock","15":"taxable","16":"shipping-taxable","17":"purchasable","18":"product-type-variable","19":"add-to-wishlist-before_image"},"yoast_head":"<!-- This site is optimized with the Yoast SEO plugin v27.3 - https:\/\/yoast.com\/product\/yoast-seo-wordpress\/ -->\n<title>Poporodni steznik - hla\u010dke Anita | Ajatutaja<\/title>\n<meta name=\"description\" content=\"Poporodni steznik Anita pomaga trebu\u0161\u010dku pridobiti videz kot pred porodom. Priporo\u010dljiva je uporaba steznika nekaj tednov po porodu.\" \/>\n<meta name=\"robots\" content=\"index, follow, max-snippet:-1, max-image-preview:large, max-video-preview:-1\" \/>\n<link rel=\"canonical\" href=\"https:\/\/ajatutaja.com\/izdelek\/poporodni-steznik-hlacke-anita\/\" \/>\n<meta property=\"og:locale\" content=\"hr_HR\" \/>\n<meta property=\"og:type\" content=\"article\" \/>\n<meta property=\"og:title\" content=\"Poporodni steznik - hla\u010dke Anita | Ajatutaja\" \/>\n<meta property=\"og:description\" content=\"Poporodni steznik Anita pomaga trebu\u0161\u010dku pridobiti videz kot pred porodom. Priporo\u010dljiva je uporaba steznika nekaj tednov po porodu.\" \/>\n<meta property=\"og:url\" content=\"https:\/\/ajatutaja.com\/izdelek\/poporodni-steznik-hlacke-anita\/\" \/>\n<meta property=\"og:site_name\" content=\"Ajatutaja\" \/>\n<meta property=\"article:modified_time\" content=\"2022-08-18T12:26:36+00:00\" \/>\n<meta property=\"og:image\" content=\"https:\/\/ajatutaja.com\/wp-content\/uploads\/2021\/11\/5068_1783_722_0072_rgb_960.jpg\" \/>\n\t<meta property=\"og:image:width\" content=\"500\" \/>\n\t<meta property=\"og:image:height\" content=\"812\" \/>\n\t<meta property=\"og:image:type\" content=\"image\/jpeg\" \/>\n<meta name=\"twitter:card\" content=\"summary_large_image\" \/>\n<script type=\"application\/ld+json\" class=\"yoast-schema-graph\">{\"@context\":\"https:\\\/\\\/schema.org\",\"@graph\":[{\"@type\":\"WebPage\",\"@id\":\"https:\\\/\\\/ajatutaja.com\\\/izdelek\\\/poporodni-steznik-hlacke-anita\\\/\",\"url\":\"https:\\\/\\\/ajatutaja.com\\\/izdelek\\\/poporodni-steznik-hlacke-anita\\\/\",\"name\":\"Poporodni steznik - hla\u010dke Anita | Ajatutaja\",\"isPartOf\":{\"@id\":\"https:\\\/\\\/ajatutaja.com\\\/#website\"},\"primaryImageOfPage\":{\"@id\":\"https:\\\/\\\/ajatutaja.com\\\/izdelek\\\/poporodni-steznik-hlacke-anita\\\/#primaryimage\"},\"image\":{\"@id\":\"https:\\\/\\\/ajatutaja.com\\\/izdelek\\\/poporodni-steznik-hlacke-anita\\\/#primaryimage\"},\"thumbnailUrl\":\"https:\\\/\\\/ajatutaja.com\\\/wp-content\\\/uploads\\\/2021\\\/11\\\/5068_1783_722_0072_rgb_960.jpg\",\"datePublished\":\"2020-02-27T19:31:30+00:00\",\"dateModified\":\"2022-08-18T12:26:36+00:00\",\"description\":\"Poporodni steznik Anita pomaga trebu\u0161\u010dku pridobiti videz kot pred porodom. Priporo\u010dljiva je uporaba steznika nekaj tednov po porodu.\",\"breadcrumb\":{\"@id\":\"https:\\\/\\\/ajatutaja.com\\\/izdelek\\\/poporodni-steznik-hlacke-anita\\\/#breadcrumb\"},\"inLanguage\":\"hr\",\"potentialAction\":[{\"@type\":\"ReadAction\",\"target\":[\"https:\\\/\\\/ajatutaja.com\\\/izdelek\\\/poporodni-steznik-hlacke-anita\\\/\"]}]},{\"@type\":\"ImageObject\",\"inLanguage\":\"hr\",\"@id\":\"https:\\\/\\\/ajatutaja.com\\\/izdelek\\\/poporodni-steznik-hlacke-anita\\\/#primaryimage\",\"url\":\"https:\\\/\\\/ajatutaja.com\\\/wp-content\\\/uploads\\\/2021\\\/11\\\/5068_1783_722_0072_rgb_960.jpg\",\"contentUrl\":\"https:\\\/\\\/ajatutaja.com\\\/wp-content\\\/uploads\\\/2021\\\/11\\\/5068_1783_722_0072_rgb_960.jpg\",\"width\":500,\"height\":812},{\"@type\":\"BreadcrumbList\",\"@id\":\"https:\\\/\\\/ajatutaja.com\\\/izdelek\\\/poporodni-steznik-hlacke-anita\\\/#breadcrumb\",\"itemListElement\":[{\"@type\":\"ListItem\",\"position\":1,\"name\":\"Home\",\"item\":\"https:\\\/\\\/ajatutaja.com\\\/hr\\\/\"},{\"@type\":\"ListItem\",\"position\":2,\"name\":\"Trgovina\",\"item\":\"https:\\\/\\\/ajatutaja.com\\\/hr\\\/trgovina\\\/\"},{\"@type\":\"ListItem\",\"position\":3,\"name\":\"Poporodni steznik &#8211; hla\u010dke Anita\"}]},{\"@type\":\"WebSite\",\"@id\":\"https:\\\/\\\/ajatutaja.com\\\/#website\",\"url\":\"https:\\\/\\\/ajatutaja.com\\\/\",\"name\":\"Ajatutaja\",\"description\":\"Otro\u0161ka spletna trgovina AJATUTAJA\",\"publisher\":{\"@id\":\"https:\\\/\\\/ajatutaja.com\\\/#organization\"},\"potentialAction\":[{\"@type\":\"SearchAction\",\"target\":{\"@type\":\"EntryPoint\",\"urlTemplate\":\"https:\\\/\\\/ajatutaja.com\\\/?s={search_term_string}\"},\"query-input\":{\"@type\":\"PropertyValueSpecification\",\"valueRequired\":true,\"valueName\":\"search_term_string\"}}],\"inLanguage\":\"hr\"},{\"@type\":\"Organization\",\"@id\":\"https:\\\/\\\/ajatutaja.com\\\/#organization\",\"name\":\"Ajatutaja\",\"url\":\"https:\\\/\\\/ajatutaja.com\\\/\",\"logo\":{\"@type\":\"ImageObject\",\"inLanguage\":\"hr\",\"@id\":\"https:\\\/\\\/ajatutaja.com\\\/#\\\/schema\\\/logo\\\/image\\\/\",\"url\":\"https:\\\/\\\/ajatutaja.com\\\/wp-content\\\/uploads\\\/2021\\\/10\\\/logo.png\",\"contentUrl\":\"https:\\\/\\\/ajatutaja.com\\\/wp-content\\\/uploads\\\/2021\\\/10\\\/logo.png\",\"width\":555,\"height\":150,\"caption\":\"Ajatutaja\"},\"image\":{\"@id\":\"https:\\\/\\\/ajatutaja.com\\\/#\\\/schema\\\/logo\\\/image\\\/\"}}]}<\/script>\n<!-- \/ Yoast SEO plugin. -->","yoast_head_json":{"title":"Poporodni steznik - hla\u010dke Anita | Ajatutaja","description":"Poporodni steznik Anita pomaga trebu\u0161\u010dku pridobiti videz kot pred porodom. Priporo\u010dljiva je uporaba steznika nekaj tednov po porodu.","robots":{"index":"index","follow":"follow","max-snippet":"max-snippet:-1","max-image-preview":"max-image-preview:large","max-video-preview":"max-video-preview:-1"},"canonical":"https:\/\/ajatutaja.com\/izdelek\/poporodni-steznik-hlacke-anita\/","og_locale":"hr_HR","og_type":"article","og_title":"Poporodni steznik - hla\u010dke Anita | Ajatutaja","og_description":"Poporodni steznik Anita pomaga trebu\u0161\u010dku pridobiti videz kot pred porodom. Priporo\u010dljiva je uporaba steznika nekaj tednov po porodu.","og_url":"https:\/\/ajatutaja.com\/izdelek\/poporodni-steznik-hlacke-anita\/","og_site_name":"Ajatutaja","article_modified_time":"2022-08-18T12:26:36+00:00","og_image":[{"width":500,"height":812,"url":"https:\/\/ajatutaja.com\/wp-content\/uploads\/2021\/11\/5068_1783_722_0072_rgb_960.jpg","type":"image\/jpeg"}],"twitter_card":"summary_large_image","schema":{"@context":"https:\/\/schema.org","@graph":[{"@type":"WebPage","@id":"https:\/\/ajatutaja.com\/izdelek\/poporodni-steznik-hlacke-anita\/","url":"https:\/\/ajatutaja.com\/izdelek\/poporodni-steznik-hlacke-anita\/","name":"Poporodni steznik - hla\u010dke Anita | Ajatutaja","isPartOf":{"@id":"https:\/\/ajatutaja.com\/#website"},"primaryImageOfPage":{"@id":"https:\/\/ajatutaja.com\/izdelek\/poporodni-steznik-hlacke-anita\/#primaryimage"},"image":{"@id":"https:\/\/ajatutaja.com\/izdelek\/poporodni-steznik-hlacke-anita\/#primaryimage"},"thumbnailUrl":"https:\/\/ajatutaja.com\/wp-content\/uploads\/2021\/11\/5068_1783_722_0072_rgb_960.jpg","datePublished":"2020-02-27T19:31:30+00:00","dateModified":"2022-08-18T12:26:36+00:00","description":"Poporodni steznik Anita pomaga trebu\u0161\u010dku pridobiti videz kot pred porodom. Priporo\u010dljiva je uporaba steznika nekaj tednov po porodu.","breadcrumb":{"@id":"https:\/\/ajatutaja.com\/izdelek\/poporodni-steznik-hlacke-anita\/#breadcrumb"},"inLanguage":"hr","potentialAction":[{"@type":"ReadAction","target":["https:\/\/ajatutaja.com\/izdelek\/poporodni-steznik-hlacke-anita\/"]}]},{"@type":"ImageObject","inLanguage":"hr","@id":"https:\/\/ajatutaja.com\/izdelek\/poporodni-steznik-hlacke-anita\/#primaryimage","url":"https:\/\/ajatutaja.com\/wp-content\/uploads\/2021\/11\/5068_1783_722_0072_rgb_960.jpg","contentUrl":"https:\/\/ajatutaja.com\/wp-content\/uploads\/2021\/11\/5068_1783_722_0072_rgb_960.jpg","width":500,"height":812},{"@type":"BreadcrumbList","@id":"https:\/\/ajatutaja.com\/izdelek\/poporodni-steznik-hlacke-anita\/#breadcrumb","itemListElement":[{"@type":"ListItem","position":1,"name":"Home","item":"https:\/\/ajatutaja.com\/hr\/"},{"@type":"ListItem","position":2,"name":"Trgovina","item":"https:\/\/ajatutaja.com\/hr\/trgovina\/"},{"@type":"ListItem","position":3,"name":"Poporodni steznik &#8211; hla\u010dke Anita"}]},{"@type":"WebSite","@id":"https:\/\/ajatutaja.com\/#website","url":"https:\/\/ajatutaja.com\/","name":"Ajatutaja","description":"Otro\u0161ka spletna trgovina AJATUTAJA","publisher":{"@id":"https:\/\/ajatutaja.com\/#organization"},"potentialAction":[{"@type":"SearchAction","target":{"@type":"EntryPoint","urlTemplate":"https:\/\/ajatutaja.com\/?s={search_term_string}"},"query-input":{"@type":"PropertyValueSpecification","valueRequired":true,"valueName":"search_term_string"}}],"inLanguage":"hr"},{"@type":"Organization","@id":"https:\/\/ajatutaja.com\/#organization","name":"Ajatutaja","url":"https:\/\/ajatutaja.com\/","logo":{"@type":"ImageObject","inLanguage":"hr","@id":"https:\/\/ajatutaja.com\/#\/schema\/logo\/image\/","url":"https:\/\/ajatutaja.com\/wp-content\/uploads\/2021\/10\/logo.png","contentUrl":"https:\/\/ajatutaja.com\/wp-content\/uploads\/2021\/10\/logo.png","width":555,"height":150,"caption":"Ajatutaja"},"image":{"@id":"https:\/\/ajatutaja.com\/#\/schema\/logo\/image\/"}}]}},"brands":[{"id":2295,"name":"Anita Maternity","slug":"anita-maternity-dojenje"},{"id":2268,"name":"Dojenje","slug":"dojenje"}],"_links":{"self":[{"href":"https:\/\/ajatutaja.com\/hr\/wp-json\/wp\/v2\/product\/23131","targetHints":{"allow":["GET"]}}],"collection":[{"href":"https:\/\/ajatutaja.com\/hr\/wp-json\/wp\/v2\/product"}],"about":[{"href":"https:\/\/ajatutaja.com\/hr\/wp-json\/wp\/v2\/types\/product"}],"wp:featuredmedia":[{"embeddable":true,"href":"https:\/\/ajatutaja.com\/hr\/wp-json\/wp\/v2\/media\/23132"}],"wp:attachment":[{"href":"https:\/\/ajatutaja.com\/hr\/wp-json\/wp\/v2\/media?parent=23131"}],"wp:term":[{"taxonomy":"pwb-brand","embeddable":true,"href":"https:\/\/ajatutaja.com\/hr\/wp-json\/wp\/v2\/pwb-brand?post=23131"},{"taxonomy":"product_brand","embeddable":true,"href":"https:\/\/ajatutaja.com\/hr\/wp-json\/wp\/v2\/product_brand?post=23131"},{"taxonomy":"product_cat","embeddable":true,"href":"https:\/\/ajatutaja.com\/hr\/wp-json\/wp\/v2\/product_cat?post=23131"},{"taxonomy":"product_tag","embeddable":true,"href":"https:\/\/ajatutaja.com\/hr\/wp-json\/wp\/v2\/product_tag?post=23131"}],"curies":[{"name":"wp","href":"https:\/\/api.w.org\/{rel}","templated":true}]}}