{"id":23018,"date":"2024-01-16T15:34:07","date_gmt":"2024-01-16T14:34:07","guid":{"rendered":"https:\/\/ajatutaja.com\/izdelek\/bombazni-modrc-za-dojenje-s-kostjo-anita-5056-do-kosarice-j\/"},"modified":"2026-03-02T20:23:13","modified_gmt":"2026-03-02T19:23:13","slug":"bombazni-modrc-za-dojenje-s-kostjo-anita-5056-do-kosarice-j","status":"publish","type":"product","link":"https:\/\/ajatutaja.com\/hr\/proizvod\/bombazni-modrc-za-dojenje-s-kostjo-anita-5056-do-kosarice-j\/","title":{"rendered":"Bomba\u017eni modrc za dojenje s kostjo Anita 5056 &#8211; za ve\u010dje prsi"},"content":{"rendered":"<p>Bomba\u017eni modrc za dojenje s kostjo Anita 5056 je na voljo do ko\u0161arice J. Posebno primeren za velike dojke.<\/p>\n<p>Karakteristike nedr\u010dka Anita 5056:<\/p>\n<ul>\n<li>posebno oblikovane in zra\u010dne ko\u0161arice s kostjo<\/li>\n<li>nedr\u010dek je narejen iz zra\u010dnih bomba\u017enega materiala<\/li>\n<li>predel okoli prsi in zadnji del so narejeni iz zelo pro\u017ene, mehke tkanine<\/li>\n<li>Surovinska sestava: 70% bomba\u017e, 18% poliamid, 10% poliester, 5% bomba\u017e<\/li>\n<li><a href=\"https:\/\/ajatutaja.com\/wp-content\/uploads\/2015\/09\/VZDRZEVANJE1.png\"><img loading=\"lazy\" decoding=\"async\" class=\"size-full wp-image-8366 alignleft\" src=\"https:\/\/ajatutaja.com\/wp-content\/uploads\/2015\/09\/VZDRZEVANJE1.png\" alt=\"VZDRZEVANJE\" width=\"167\" height=\"22\" \/><\/a><\/li>\n<\/ul>\n","protected":false},"excerpt":{"rendered":"<p>Bomba\u017eni modrc za dojenje Miss Cotton Anita 5056 v beli barvi in sivimi pikicami,\u00a0 nudi izredno dobro oporo tudi ve\u010djim prsim s pomo\u010djo podpornega loka &#8211; kosti in\u00a0 posebno krojene ko\u0161arice, ki so izredno lahke in zra\u010dne, kar omogo\u010da izjemno udobje. Ve\u010dje ko\u0161arice so dodatno oja\u010dane. Oblikovane ko\u0161arice pripomorejo k bolj\u0161i opori in lep\u0161emu videzu. Primeren predvsem za ve\u010dje prsi, saj ima \u0161iroke in oja\u010dane naramnice.<\/p>\n","protected":false},"featured_media":23019,"template":"","meta":[],"pwb-brand":[2295,2268],"product_brand":[],"product_cat":[3975,2290,2265,2283,2289,2292],"product_tag":[4027],"class_list":{"0":"post-23018","1":"product","2":"type-product","3":"status-publish","4":"has-post-thumbnail","6":"pwb-brand-anita-maternity-dojenje","7":"pwb-brand-dojenje","8":"product_cat-akcija","9":"product_cat-bombazni-nedrcki-za-dojenje","10":"product_cat-dojenje","11":"product_cat-modrci-za-dojenje","12":"product_cat-nedrcki-za-dojenje-s-kostjo","13":"product_cat-nedrcki-za-vecje-prsi","14":"product_tag-anita-maternity","16":"first","17":"instock","18":"sale","19":"taxable","20":"shipping-taxable","21":"purchasable","22":"product-type-variable","23":"add-to-wishlist-before_image"},"yoast_head":"<!-- This site is optimized with the Yoast SEO plugin v27.3 - https:\/\/yoast.com\/product\/yoast-seo-wordpress\/ -->\n<title>Bomba\u017eni modrc za dojenje s kostjo Anita 5056 - za ve\u010dje prsi | Ajatutaja<\/title>\n<meta name=\"description\" content=\"Bomba\u017eni modrc za dojenje s kostjo Anita 5056 je na voljo do ko\u0161arice J. Primeren za velike prsi,saj je dodatno oja\u010dan in ima \u0161iroke in podlo\u017eene ko\u0161arice\" \/>\n<meta name=\"robots\" content=\"index, follow, max-snippet:-1, max-image-preview:large, max-video-preview:-1\" \/>\n<link rel=\"canonical\" href=\"https:\/\/ajatutaja.com\/izdelek\/bombazni-modrc-za-dojenje-s-kostjo-anita-5056-do-kosarice-j\/\" \/>\n<meta property=\"og:locale\" content=\"hr_HR\" \/>\n<meta property=\"og:type\" content=\"article\" \/>\n<meta property=\"og:title\" content=\"Bomba\u017eni modrc za dojenje s kostjo Anita 5056 - za ve\u010dje prsi | Ajatutaja\" \/>\n<meta property=\"og:description\" content=\"Bomba\u017eni modrc za dojenje s kostjo Anita 5056 je na voljo do ko\u0161arice J. Primeren za velike prsi,saj je dodatno oja\u010dan in ima \u0161iroke in podlo\u017eene ko\u0161arice\" \/>\n<meta property=\"og:url\" content=\"https:\/\/ajatutaja.com\/izdelek\/bombazni-modrc-za-dojenje-s-kostjo-anita-5056-do-kosarice-j\/\" \/>\n<meta property=\"og:site_name\" content=\"Ajatutaja\" \/>\n<meta property=\"article:modified_time\" content=\"2026-03-02T19:23:13+00:00\" \/>\n<meta property=\"og:image\" content=\"https:\/\/ajatutaja.com\/wp-content\/uploads\/2021\/11\/5056_671_01_12.jpg\" \/>\n\t<meta property=\"og:image:width\" content=\"600\" \/>\n\t<meta property=\"og:image:height\" content=\"600\" \/>\n\t<meta property=\"og:image:type\" content=\"image\/jpeg\" \/>\n<meta name=\"twitter:card\" content=\"summary_large_image\" \/>\n<script type=\"application\/ld+json\" class=\"yoast-schema-graph\">{\"@context\":\"https:\\\/\\\/schema.org\",\"@graph\":[{\"@type\":\"WebPage\",\"@id\":\"https:\\\/\\\/ajatutaja.com\\\/izdelek\\\/bombazni-modrc-za-dojenje-s-kostjo-anita-5056-do-kosarice-j\\\/\",\"url\":\"https:\\\/\\\/ajatutaja.com\\\/izdelek\\\/bombazni-modrc-za-dojenje-s-kostjo-anita-5056-do-kosarice-j\\\/\",\"name\":\"Bomba\u017eni modrc za dojenje s kostjo Anita 5056 - za ve\u010dje prsi | Ajatutaja\",\"isPartOf\":{\"@id\":\"https:\\\/\\\/ajatutaja.com\\\/#website\"},\"primaryImageOfPage\":{\"@id\":\"https:\\\/\\\/ajatutaja.com\\\/izdelek\\\/bombazni-modrc-za-dojenje-s-kostjo-anita-5056-do-kosarice-j\\\/#primaryimage\"},\"image\":{\"@id\":\"https:\\\/\\\/ajatutaja.com\\\/izdelek\\\/bombazni-modrc-za-dojenje-s-kostjo-anita-5056-do-kosarice-j\\\/#primaryimage\"},\"thumbnailUrl\":\"https:\\\/\\\/ajatutaja.com\\\/wp-content\\\/uploads\\\/2021\\\/11\\\/5056_671_01_12.jpg\",\"datePublished\":\"2024-01-16T14:34:07+00:00\",\"dateModified\":\"2026-03-02T19:23:13+00:00\",\"description\":\"Bomba\u017eni modrc za dojenje s kostjo Anita 5056 je na voljo do ko\u0161arice J. Primeren za velike prsi,saj je dodatno oja\u010dan in ima \u0161iroke in podlo\u017eene ko\u0161arice\",\"breadcrumb\":{\"@id\":\"https:\\\/\\\/ajatutaja.com\\\/izdelek\\\/bombazni-modrc-za-dojenje-s-kostjo-anita-5056-do-kosarice-j\\\/#breadcrumb\"},\"inLanguage\":\"hr\",\"potentialAction\":[{\"@type\":\"ReadAction\",\"target\":[\"https:\\\/\\\/ajatutaja.com\\\/izdelek\\\/bombazni-modrc-za-dojenje-s-kostjo-anita-5056-do-kosarice-j\\\/\"]}]},{\"@type\":\"ImageObject\",\"inLanguage\":\"hr\",\"@id\":\"https:\\\/\\\/ajatutaja.com\\\/izdelek\\\/bombazni-modrc-za-dojenje-s-kostjo-anita-5056-do-kosarice-j\\\/#primaryimage\",\"url\":\"https:\\\/\\\/ajatutaja.com\\\/wp-content\\\/uploads\\\/2021\\\/11\\\/5056_671_01_12.jpg\",\"contentUrl\":\"https:\\\/\\\/ajatutaja.com\\\/wp-content\\\/uploads\\\/2021\\\/11\\\/5056_671_01_12.jpg\",\"width\":600,\"height\":600},{\"@type\":\"BreadcrumbList\",\"@id\":\"https:\\\/\\\/ajatutaja.com\\\/izdelek\\\/bombazni-modrc-za-dojenje-s-kostjo-anita-5056-do-kosarice-j\\\/#breadcrumb\",\"itemListElement\":[{\"@type\":\"ListItem\",\"position\":1,\"name\":\"Home\",\"item\":\"https:\\\/\\\/ajatutaja.com\\\/hr\\\/\"},{\"@type\":\"ListItem\",\"position\":2,\"name\":\"Trgovina\",\"item\":\"https:\\\/\\\/ajatutaja.com\\\/hr\\\/trgovina\\\/\"},{\"@type\":\"ListItem\",\"position\":3,\"name\":\"Bomba\u017eni modrc za dojenje s kostjo Anita 5056 &#8211; za ve\u010dje prsi\"}]},{\"@type\":\"WebSite\",\"@id\":\"https:\\\/\\\/ajatutaja.com\\\/#website\",\"url\":\"https:\\\/\\\/ajatutaja.com\\\/\",\"name\":\"Ajatutaja\",\"description\":\"Otro\u0161ka spletna trgovina AJATUTAJA\",\"publisher\":{\"@id\":\"https:\\\/\\\/ajatutaja.com\\\/#organization\"},\"potentialAction\":[{\"@type\":\"SearchAction\",\"target\":{\"@type\":\"EntryPoint\",\"urlTemplate\":\"https:\\\/\\\/ajatutaja.com\\\/?s={search_term_string}\"},\"query-input\":{\"@type\":\"PropertyValueSpecification\",\"valueRequired\":true,\"valueName\":\"search_term_string\"}}],\"inLanguage\":\"hr\"},{\"@type\":\"Organization\",\"@id\":\"https:\\\/\\\/ajatutaja.com\\\/#organization\",\"name\":\"Ajatutaja\",\"url\":\"https:\\\/\\\/ajatutaja.com\\\/\",\"logo\":{\"@type\":\"ImageObject\",\"inLanguage\":\"hr\",\"@id\":\"https:\\\/\\\/ajatutaja.com\\\/#\\\/schema\\\/logo\\\/image\\\/\",\"url\":\"https:\\\/\\\/ajatutaja.com\\\/wp-content\\\/uploads\\\/2021\\\/10\\\/logo.png\",\"contentUrl\":\"https:\\\/\\\/ajatutaja.com\\\/wp-content\\\/uploads\\\/2021\\\/10\\\/logo.png\",\"width\":555,\"height\":150,\"caption\":\"Ajatutaja\"},\"image\":{\"@id\":\"https:\\\/\\\/ajatutaja.com\\\/#\\\/schema\\\/logo\\\/image\\\/\"}}]}<\/script>\n<!-- \/ Yoast SEO plugin. -->","yoast_head_json":{"title":"Bomba\u017eni modrc za dojenje s kostjo Anita 5056 - za ve\u010dje prsi | Ajatutaja","description":"Bomba\u017eni modrc za dojenje s kostjo Anita 5056 je na voljo do ko\u0161arice J. Primeren za velike prsi,saj je dodatno oja\u010dan in ima \u0161iroke in podlo\u017eene ko\u0161arice","robots":{"index":"index","follow":"follow","max-snippet":"max-snippet:-1","max-image-preview":"max-image-preview:large","max-video-preview":"max-video-preview:-1"},"canonical":"https:\/\/ajatutaja.com\/izdelek\/bombazni-modrc-za-dojenje-s-kostjo-anita-5056-do-kosarice-j\/","og_locale":"hr_HR","og_type":"article","og_title":"Bomba\u017eni modrc za dojenje s kostjo Anita 5056 - za ve\u010dje prsi | Ajatutaja","og_description":"Bomba\u017eni modrc za dojenje s kostjo Anita 5056 je na voljo do ko\u0161arice J. Primeren za velike prsi,saj je dodatno oja\u010dan in ima \u0161iroke in podlo\u017eene ko\u0161arice","og_url":"https:\/\/ajatutaja.com\/izdelek\/bombazni-modrc-za-dojenje-s-kostjo-anita-5056-do-kosarice-j\/","og_site_name":"Ajatutaja","article_modified_time":"2026-03-02T19:23:13+00:00","og_image":[{"width":600,"height":600,"url":"https:\/\/ajatutaja.com\/wp-content\/uploads\/2021\/11\/5056_671_01_12.jpg","type":"image\/jpeg"}],"twitter_card":"summary_large_image","schema":{"@context":"https:\/\/schema.org","@graph":[{"@type":"WebPage","@id":"https:\/\/ajatutaja.com\/izdelek\/bombazni-modrc-za-dojenje-s-kostjo-anita-5056-do-kosarice-j\/","url":"https:\/\/ajatutaja.com\/izdelek\/bombazni-modrc-za-dojenje-s-kostjo-anita-5056-do-kosarice-j\/","name":"Bomba\u017eni modrc za dojenje s kostjo Anita 5056 - za ve\u010dje prsi | Ajatutaja","isPartOf":{"@id":"https:\/\/ajatutaja.com\/#website"},"primaryImageOfPage":{"@id":"https:\/\/ajatutaja.com\/izdelek\/bombazni-modrc-za-dojenje-s-kostjo-anita-5056-do-kosarice-j\/#primaryimage"},"image":{"@id":"https:\/\/ajatutaja.com\/izdelek\/bombazni-modrc-za-dojenje-s-kostjo-anita-5056-do-kosarice-j\/#primaryimage"},"thumbnailUrl":"https:\/\/ajatutaja.com\/wp-content\/uploads\/2021\/11\/5056_671_01_12.jpg","datePublished":"2024-01-16T14:34:07+00:00","dateModified":"2026-03-02T19:23:13+00:00","description":"Bomba\u017eni modrc za dojenje s kostjo Anita 5056 je na voljo do ko\u0161arice J. Primeren za velike prsi,saj je dodatno oja\u010dan in ima \u0161iroke in podlo\u017eene ko\u0161arice","breadcrumb":{"@id":"https:\/\/ajatutaja.com\/izdelek\/bombazni-modrc-za-dojenje-s-kostjo-anita-5056-do-kosarice-j\/#breadcrumb"},"inLanguage":"hr","potentialAction":[{"@type":"ReadAction","target":["https:\/\/ajatutaja.com\/izdelek\/bombazni-modrc-za-dojenje-s-kostjo-anita-5056-do-kosarice-j\/"]}]},{"@type":"ImageObject","inLanguage":"hr","@id":"https:\/\/ajatutaja.com\/izdelek\/bombazni-modrc-za-dojenje-s-kostjo-anita-5056-do-kosarice-j\/#primaryimage","url":"https:\/\/ajatutaja.com\/wp-content\/uploads\/2021\/11\/5056_671_01_12.jpg","contentUrl":"https:\/\/ajatutaja.com\/wp-content\/uploads\/2021\/11\/5056_671_01_12.jpg","width":600,"height":600},{"@type":"BreadcrumbList","@id":"https:\/\/ajatutaja.com\/izdelek\/bombazni-modrc-za-dojenje-s-kostjo-anita-5056-do-kosarice-j\/#breadcrumb","itemListElement":[{"@type":"ListItem","position":1,"name":"Home","item":"https:\/\/ajatutaja.com\/hr\/"},{"@type":"ListItem","position":2,"name":"Trgovina","item":"https:\/\/ajatutaja.com\/hr\/trgovina\/"},{"@type":"ListItem","position":3,"name":"Bomba\u017eni modrc za dojenje s kostjo Anita 5056 &#8211; za ve\u010dje prsi"}]},{"@type":"WebSite","@id":"https:\/\/ajatutaja.com\/#website","url":"https:\/\/ajatutaja.com\/","name":"Ajatutaja","description":"Otro\u0161ka spletna trgovina AJATUTAJA","publisher":{"@id":"https:\/\/ajatutaja.com\/#organization"},"potentialAction":[{"@type":"SearchAction","target":{"@type":"EntryPoint","urlTemplate":"https:\/\/ajatutaja.com\/?s={search_term_string}"},"query-input":{"@type":"PropertyValueSpecification","valueRequired":true,"valueName":"search_term_string"}}],"inLanguage":"hr"},{"@type":"Organization","@id":"https:\/\/ajatutaja.com\/#organization","name":"Ajatutaja","url":"https:\/\/ajatutaja.com\/","logo":{"@type":"ImageObject","inLanguage":"hr","@id":"https:\/\/ajatutaja.com\/#\/schema\/logo\/image\/","url":"https:\/\/ajatutaja.com\/wp-content\/uploads\/2021\/10\/logo.png","contentUrl":"https:\/\/ajatutaja.com\/wp-content\/uploads\/2021\/10\/logo.png","width":555,"height":150,"caption":"Ajatutaja"},"image":{"@id":"https:\/\/ajatutaja.com\/#\/schema\/logo\/image\/"}}]}},"brands":[{"id":2295,"name":"Anita Maternity","slug":"anita-maternity-dojenje"},{"id":2268,"name":"Dojenje","slug":"dojenje"}],"_links":{"self":[{"href":"https:\/\/ajatutaja.com\/hr\/wp-json\/wp\/v2\/product\/23018","targetHints":{"allow":["GET"]}}],"collection":[{"href":"https:\/\/ajatutaja.com\/hr\/wp-json\/wp\/v2\/product"}],"about":[{"href":"https:\/\/ajatutaja.com\/hr\/wp-json\/wp\/v2\/types\/product"}],"wp:featuredmedia":[{"embeddable":true,"href":"https:\/\/ajatutaja.com\/hr\/wp-json\/wp\/v2\/media\/23019"}],"wp:attachment":[{"href":"https:\/\/ajatutaja.com\/hr\/wp-json\/wp\/v2\/media?parent=23018"}],"wp:term":[{"taxonomy":"pwb-brand","embeddable":true,"href":"https:\/\/ajatutaja.com\/hr\/wp-json\/wp\/v2\/pwb-brand?post=23018"},{"taxonomy":"product_brand","embeddable":true,"href":"https:\/\/ajatutaja.com\/hr\/wp-json\/wp\/v2\/product_brand?post=23018"},{"taxonomy":"product_cat","embeddable":true,"href":"https:\/\/ajatutaja.com\/hr\/wp-json\/wp\/v2\/product_cat?post=23018"},{"taxonomy":"product_tag","embeddable":true,"href":"https:\/\/ajatutaja.com\/hr\/wp-json\/wp\/v2\/product_tag?post=23018"}],"curies":[{"name":"wp","href":"https:\/\/api.w.org\/{rel}","templated":true}]}}