{"id":22751,"date":"2019-09-04T14:25:40","date_gmt":"2019-09-04T12:25:40","guid":{"rendered":"https:\/\/ajatutaja.com\/izdelek\/pizama-za-nosecnice-in-cas-dojenja-kratek-rokav\/"},"modified":"2025-09-10T14:50:20","modified_gmt":"2025-09-10T12:50:20","slug":"pizama-za-nosecnice-in-cas-dojenja-kratek-rokav","status":"publish","type":"product","link":"https:\/\/ajatutaja.com\/hr\/proizvod\/pizama-za-nosecnice-in-cas-dojenja-kratek-rokav\/","title":{"rendered":"Pi\u017eama za nose\u010dnice in \u010das dojenja &#8211; kratek rokav"},"content":{"rendered":"<p>[vc_row][vc_column][vc_column_text]<\/p>\n<p style=\"text-align: justify\">Pi\u017eama za nose\u010dnice in dojenje je izredno prijetna in mehka, saj je izdelana iz bomba\u017ea in elastana, ki nudita ko\u017ei prijazen in izjemno udoben ob\u010dutek. Predel okoli trebu\u0161\u010dka je krojen tako, da ne ti\u0161\u010di in se razteza.<\/p>\n<p style=\"text-align: justify\">Na prsnem delu je na\u0161it trak, ki ob straneh le privzdignete in pod njim se nahajata odprtini za dojenje. Pi\u017eamo lahko zaradi raztegljivega materiala nosite \u017ee v \u010dasu nose\u010dnosti ter tudi po koncu dojenja.<\/p>\n<p>Surovinska sestava: 92%bomba\u017e; 8% elastan[\/vc_column_text][\/vc_column][\/vc_row]<\/p>\n","protected":false},"excerpt":{"rendered":"<p>Pi\u017eama za nose\u010dnost in dojenje, komplet majice s kratkimi rokavi in dolgimi hla\u010dami, ti bo pomagala, da bo\u0161 zve\u010der la\u017eje dojila in imela bolj kvaliteten spanec. Narejena je iz mehkega, zra\u010dnega in elasti\u010dnega bomba\u017ea.<\/p>\n<p style=\"text-align: justify\">Predel okoli trebu\u0161\u010dka je krojen tako, da ne ti\u0161\u010di in se razteza. Ljubki rumeni potiski za popestritev \ud83d\ude42<\/p>\n","protected":false},"featured_media":22752,"template":"","meta":[],"pwb-brand":[2268,2294],"product_brand":[],"product_cat":[2262,2265,2250,2257,2285],"product_tag":[4098],"class_list":{"0":"post-22751","1":"product","2":"type-product","3":"status-publish","4":"has-post-thumbnail","6":"pwb-brand-dojenje","7":"pwb-brand-popek-dojenje","8":"product_cat-darilo-za-nosecnico","9":"product_cat-dojenje","10":"product_cat-nosecnost","11":"product_cat-pizame-za-nosecnice-in-mamice","12":"product_cat-spalne-srajce-in-pizame","13":"product_tag-popek","15":"first","16":"instock","17":"taxable","18":"shipping-taxable","19":"purchasable","20":"product-type-variable","21":"add-to-wishlist-before_image"},"yoast_head":"<!-- This site is optimized with the Yoast SEO plugin v27.3 - https:\/\/yoast.com\/product\/yoast-seo-wordpress\/ -->\n<title>Pi\u017eama za nose\u010dnice in \u010das dojenja - kratek rokav | Ajatutaja<\/title>\n<meta name=\"description\" content=\"Siva pi\u017eama za nose\u010dnice in dojenje je izredno prijetna in mehka, saj je izdelana iz bomba\u017ea in elastana,ki nudita ko\u017ei prijazen in izjemno udoben ob\u010dutek.\" \/>\n<meta name=\"robots\" content=\"index, follow, max-snippet:-1, max-image-preview:large, max-video-preview:-1\" \/>\n<link rel=\"canonical\" href=\"https:\/\/ajatutaja.com\/izdelek\/pizama-za-nosecnice-in-cas-dojenja-kratek-rokav\/\" \/>\n<meta property=\"og:locale\" content=\"hr_HR\" \/>\n<meta property=\"og:type\" content=\"article\" \/>\n<meta property=\"og:title\" content=\"Pi\u017eama za nose\u010dnice in \u010das dojenja - kratek rokav | Ajatutaja\" \/>\n<meta property=\"og:description\" content=\"Siva pi\u017eama za nose\u010dnice in dojenje je izredno prijetna in mehka, saj je izdelana iz bomba\u017ea in elastana,ki nudita ko\u017ei prijazen in izjemno udoben ob\u010dutek.\" \/>\n<meta property=\"og:url\" content=\"https:\/\/ajatutaja.com\/izdelek\/pizama-za-nosecnice-in-cas-dojenja-kratek-rokav\/\" \/>\n<meta property=\"og:site_name\" content=\"Ajatutaja\" \/>\n<meta property=\"article:modified_time\" content=\"2025-09-10T12:50:20+00:00\" \/>\n<meta property=\"og:image\" content=\"https:\/\/ajatutaja.com\/wp-content\/uploads\/2021\/11\/pizama-za-nosecnost-in-dojenje-kratka-majica-dolge-hlace.jpg\" \/>\n\t<meta property=\"og:image:width\" content=\"640\" \/>\n\t<meta property=\"og:image:height\" content=\"960\" \/>\n\t<meta property=\"og:image:type\" content=\"image\/jpeg\" \/>\n<meta name=\"twitter:card\" content=\"summary_large_image\" \/>\n<script type=\"application\/ld+json\" class=\"yoast-schema-graph\">{\"@context\":\"https:\\\/\\\/schema.org\",\"@graph\":[{\"@type\":\"WebPage\",\"@id\":\"https:\\\/\\\/ajatutaja.com\\\/izdelek\\\/pizama-za-nosecnice-in-cas-dojenja-kratek-rokav\\\/\",\"url\":\"https:\\\/\\\/ajatutaja.com\\\/izdelek\\\/pizama-za-nosecnice-in-cas-dojenja-kratek-rokav\\\/\",\"name\":\"Pi\u017eama za nose\u010dnice in \u010das dojenja - kratek rokav | Ajatutaja\",\"isPartOf\":{\"@id\":\"https:\\\/\\\/ajatutaja.com\\\/#website\"},\"primaryImageOfPage\":{\"@id\":\"https:\\\/\\\/ajatutaja.com\\\/izdelek\\\/pizama-za-nosecnice-in-cas-dojenja-kratek-rokav\\\/#primaryimage\"},\"image\":{\"@id\":\"https:\\\/\\\/ajatutaja.com\\\/izdelek\\\/pizama-za-nosecnice-in-cas-dojenja-kratek-rokav\\\/#primaryimage\"},\"thumbnailUrl\":\"https:\\\/\\\/ajatutaja.com\\\/wp-content\\\/uploads\\\/2021\\\/11\\\/pizama-za-nosecnost-in-dojenje-kratka-majica-dolge-hlace.jpg\",\"datePublished\":\"2019-09-04T12:25:40+00:00\",\"dateModified\":\"2025-09-10T12:50:20+00:00\",\"description\":\"Siva pi\u017eama za nose\u010dnice in dojenje je izredno prijetna in mehka, saj je izdelana iz bomba\u017ea in elastana,ki nudita ko\u017ei prijazen in izjemno udoben ob\u010dutek.\",\"breadcrumb\":{\"@id\":\"https:\\\/\\\/ajatutaja.com\\\/izdelek\\\/pizama-za-nosecnice-in-cas-dojenja-kratek-rokav\\\/#breadcrumb\"},\"inLanguage\":\"hr\",\"potentialAction\":[{\"@type\":\"ReadAction\",\"target\":[\"https:\\\/\\\/ajatutaja.com\\\/izdelek\\\/pizama-za-nosecnice-in-cas-dojenja-kratek-rokav\\\/\"]}]},{\"@type\":\"ImageObject\",\"inLanguage\":\"hr\",\"@id\":\"https:\\\/\\\/ajatutaja.com\\\/izdelek\\\/pizama-za-nosecnice-in-cas-dojenja-kratek-rokav\\\/#primaryimage\",\"url\":\"https:\\\/\\\/ajatutaja.com\\\/wp-content\\\/uploads\\\/2021\\\/11\\\/pizama-za-nosecnost-in-dojenje-kratka-majica-dolge-hlace.jpg\",\"contentUrl\":\"https:\\\/\\\/ajatutaja.com\\\/wp-content\\\/uploads\\\/2021\\\/11\\\/pizama-za-nosecnost-in-dojenje-kratka-majica-dolge-hlace.jpg\",\"width\":640,\"height\":960},{\"@type\":\"BreadcrumbList\",\"@id\":\"https:\\\/\\\/ajatutaja.com\\\/izdelek\\\/pizama-za-nosecnice-in-cas-dojenja-kratek-rokav\\\/#breadcrumb\",\"itemListElement\":[{\"@type\":\"ListItem\",\"position\":1,\"name\":\"Home\",\"item\":\"https:\\\/\\\/ajatutaja.com\\\/hr\\\/\"},{\"@type\":\"ListItem\",\"position\":2,\"name\":\"Trgovina\",\"item\":\"https:\\\/\\\/ajatutaja.com\\\/hr\\\/trgovina\\\/\"},{\"@type\":\"ListItem\",\"position\":3,\"name\":\"Pi\u017eama za nose\u010dnice in \u010das dojenja &#8211; kratek rokav\"}]},{\"@type\":\"WebSite\",\"@id\":\"https:\\\/\\\/ajatutaja.com\\\/#website\",\"url\":\"https:\\\/\\\/ajatutaja.com\\\/\",\"name\":\"Ajatutaja\",\"description\":\"Otro\u0161ka spletna trgovina AJATUTAJA\",\"publisher\":{\"@id\":\"https:\\\/\\\/ajatutaja.com\\\/#organization\"},\"potentialAction\":[{\"@type\":\"SearchAction\",\"target\":{\"@type\":\"EntryPoint\",\"urlTemplate\":\"https:\\\/\\\/ajatutaja.com\\\/?s={search_term_string}\"},\"query-input\":{\"@type\":\"PropertyValueSpecification\",\"valueRequired\":true,\"valueName\":\"search_term_string\"}}],\"inLanguage\":\"hr\"},{\"@type\":\"Organization\",\"@id\":\"https:\\\/\\\/ajatutaja.com\\\/#organization\",\"name\":\"Ajatutaja\",\"url\":\"https:\\\/\\\/ajatutaja.com\\\/\",\"logo\":{\"@type\":\"ImageObject\",\"inLanguage\":\"hr\",\"@id\":\"https:\\\/\\\/ajatutaja.com\\\/#\\\/schema\\\/logo\\\/image\\\/\",\"url\":\"https:\\\/\\\/ajatutaja.com\\\/wp-content\\\/uploads\\\/2021\\\/10\\\/logo.png\",\"contentUrl\":\"https:\\\/\\\/ajatutaja.com\\\/wp-content\\\/uploads\\\/2021\\\/10\\\/logo.png\",\"width\":555,\"height\":150,\"caption\":\"Ajatutaja\"},\"image\":{\"@id\":\"https:\\\/\\\/ajatutaja.com\\\/#\\\/schema\\\/logo\\\/image\\\/\"}}]}<\/script>\n<!-- \/ Yoast SEO plugin. -->","yoast_head_json":{"title":"Pi\u017eama za nose\u010dnice in \u010das dojenja - kratek rokav | Ajatutaja","description":"Siva pi\u017eama za nose\u010dnice in dojenje je izredno prijetna in mehka, saj je izdelana iz bomba\u017ea in elastana,ki nudita ko\u017ei prijazen in izjemno udoben ob\u010dutek.","robots":{"index":"index","follow":"follow","max-snippet":"max-snippet:-1","max-image-preview":"max-image-preview:large","max-video-preview":"max-video-preview:-1"},"canonical":"https:\/\/ajatutaja.com\/izdelek\/pizama-za-nosecnice-in-cas-dojenja-kratek-rokav\/","og_locale":"hr_HR","og_type":"article","og_title":"Pi\u017eama za nose\u010dnice in \u010das dojenja - kratek rokav | Ajatutaja","og_description":"Siva pi\u017eama za nose\u010dnice in dojenje je izredno prijetna in mehka, saj je izdelana iz bomba\u017ea in elastana,ki nudita ko\u017ei prijazen in izjemno udoben ob\u010dutek.","og_url":"https:\/\/ajatutaja.com\/izdelek\/pizama-za-nosecnice-in-cas-dojenja-kratek-rokav\/","og_site_name":"Ajatutaja","article_modified_time":"2025-09-10T12:50:20+00:00","og_image":[{"width":640,"height":960,"url":"https:\/\/ajatutaja.com\/wp-content\/uploads\/2021\/11\/pizama-za-nosecnost-in-dojenje-kratka-majica-dolge-hlace.jpg","type":"image\/jpeg"}],"twitter_card":"summary_large_image","schema":{"@context":"https:\/\/schema.org","@graph":[{"@type":"WebPage","@id":"https:\/\/ajatutaja.com\/izdelek\/pizama-za-nosecnice-in-cas-dojenja-kratek-rokav\/","url":"https:\/\/ajatutaja.com\/izdelek\/pizama-za-nosecnice-in-cas-dojenja-kratek-rokav\/","name":"Pi\u017eama za nose\u010dnice in \u010das dojenja - kratek rokav | Ajatutaja","isPartOf":{"@id":"https:\/\/ajatutaja.com\/#website"},"primaryImageOfPage":{"@id":"https:\/\/ajatutaja.com\/izdelek\/pizama-za-nosecnice-in-cas-dojenja-kratek-rokav\/#primaryimage"},"image":{"@id":"https:\/\/ajatutaja.com\/izdelek\/pizama-za-nosecnice-in-cas-dojenja-kratek-rokav\/#primaryimage"},"thumbnailUrl":"https:\/\/ajatutaja.com\/wp-content\/uploads\/2021\/11\/pizama-za-nosecnost-in-dojenje-kratka-majica-dolge-hlace.jpg","datePublished":"2019-09-04T12:25:40+00:00","dateModified":"2025-09-10T12:50:20+00:00","description":"Siva pi\u017eama za nose\u010dnice in dojenje je izredno prijetna in mehka, saj je izdelana iz bomba\u017ea in elastana,ki nudita ko\u017ei prijazen in izjemno udoben ob\u010dutek.","breadcrumb":{"@id":"https:\/\/ajatutaja.com\/izdelek\/pizama-za-nosecnice-in-cas-dojenja-kratek-rokav\/#breadcrumb"},"inLanguage":"hr","potentialAction":[{"@type":"ReadAction","target":["https:\/\/ajatutaja.com\/izdelek\/pizama-za-nosecnice-in-cas-dojenja-kratek-rokav\/"]}]},{"@type":"ImageObject","inLanguage":"hr","@id":"https:\/\/ajatutaja.com\/izdelek\/pizama-za-nosecnice-in-cas-dojenja-kratek-rokav\/#primaryimage","url":"https:\/\/ajatutaja.com\/wp-content\/uploads\/2021\/11\/pizama-za-nosecnost-in-dojenje-kratka-majica-dolge-hlace.jpg","contentUrl":"https:\/\/ajatutaja.com\/wp-content\/uploads\/2021\/11\/pizama-za-nosecnost-in-dojenje-kratka-majica-dolge-hlace.jpg","width":640,"height":960},{"@type":"BreadcrumbList","@id":"https:\/\/ajatutaja.com\/izdelek\/pizama-za-nosecnice-in-cas-dojenja-kratek-rokav\/#breadcrumb","itemListElement":[{"@type":"ListItem","position":1,"name":"Home","item":"https:\/\/ajatutaja.com\/hr\/"},{"@type":"ListItem","position":2,"name":"Trgovina","item":"https:\/\/ajatutaja.com\/hr\/trgovina\/"},{"@type":"ListItem","position":3,"name":"Pi\u017eama za nose\u010dnice in \u010das dojenja &#8211; kratek rokav"}]},{"@type":"WebSite","@id":"https:\/\/ajatutaja.com\/#website","url":"https:\/\/ajatutaja.com\/","name":"Ajatutaja","description":"Otro\u0161ka spletna trgovina AJATUTAJA","publisher":{"@id":"https:\/\/ajatutaja.com\/#organization"},"potentialAction":[{"@type":"SearchAction","target":{"@type":"EntryPoint","urlTemplate":"https:\/\/ajatutaja.com\/?s={search_term_string}"},"query-input":{"@type":"PropertyValueSpecification","valueRequired":true,"valueName":"search_term_string"}}],"inLanguage":"hr"},{"@type":"Organization","@id":"https:\/\/ajatutaja.com\/#organization","name":"Ajatutaja","url":"https:\/\/ajatutaja.com\/","logo":{"@type":"ImageObject","inLanguage":"hr","@id":"https:\/\/ajatutaja.com\/#\/schema\/logo\/image\/","url":"https:\/\/ajatutaja.com\/wp-content\/uploads\/2021\/10\/logo.png","contentUrl":"https:\/\/ajatutaja.com\/wp-content\/uploads\/2021\/10\/logo.png","width":555,"height":150,"caption":"Ajatutaja"},"image":{"@id":"https:\/\/ajatutaja.com\/#\/schema\/logo\/image\/"}}]}},"brands":[{"id":2268,"name":"Dojenje","slug":"dojenje"},{"id":2294,"name":"Popek","slug":"popek-dojenje"}],"_links":{"self":[{"href":"https:\/\/ajatutaja.com\/hr\/wp-json\/wp\/v2\/product\/22751","targetHints":{"allow":["GET"]}}],"collection":[{"href":"https:\/\/ajatutaja.com\/hr\/wp-json\/wp\/v2\/product"}],"about":[{"href":"https:\/\/ajatutaja.com\/hr\/wp-json\/wp\/v2\/types\/product"}],"wp:featuredmedia":[{"embeddable":true,"href":"https:\/\/ajatutaja.com\/hr\/wp-json\/wp\/v2\/media\/22752"}],"wp:attachment":[{"href":"https:\/\/ajatutaja.com\/hr\/wp-json\/wp\/v2\/media?parent=22751"}],"wp:term":[{"taxonomy":"pwb-brand","embeddable":true,"href":"https:\/\/ajatutaja.com\/hr\/wp-json\/wp\/v2\/pwb-brand?post=22751"},{"taxonomy":"product_brand","embeddable":true,"href":"https:\/\/ajatutaja.com\/hr\/wp-json\/wp\/v2\/product_brand?post=22751"},{"taxonomy":"product_cat","embeddable":true,"href":"https:\/\/ajatutaja.com\/hr\/wp-json\/wp\/v2\/product_cat?post=22751"},{"taxonomy":"product_tag","embeddable":true,"href":"https:\/\/ajatutaja.com\/hr\/wp-json\/wp\/v2\/product_tag?post=22751"}],"curies":[{"name":"wp","href":"https:\/\/api.w.org\/{rel}","templated":true}]}}