{"id":22700,"date":"2024-11-12T13:17:40","date_gmt":"2024-11-12T12:17:40","guid":{"rendered":"https:\/\/ajatutaja.com\/izdelek\/joie-chrome-dlx-komplet-i-gemm-3v1\/"},"modified":"2026-04-07T07:52:09","modified_gmt":"2026-04-07T05:52:09","slug":"joie-chrome-dlx-komplet-i-gemm-3v1","status":"publish","type":"product","link":"https:\/\/ajatutaja.com\/hr\/proizvod\/joie-chrome-dlx-komplet-i-gemm-3v1\/","title":{"rendered":"Joie\u00ae Chrome\u2122 DLX Trio komplet 3v1 &#8211; Moonlight"},"content":{"rendered":"<p>[vc_row][vc_column][vc_column_text]Joie\u00ae Otro\u0161ki vozi\u010dek Chrome\u2122 DLX:<\/p>\n<p>Uporaba vozi\u010dka od rojstva do 22 kg (za novorojen\u010dke je primeren popolnoma le\u017ee\u010d polo\u017eaj naslonjala \u0161portnega sede\u017ea)<br \/>\nUstvarjen za brezskrbna in enostavna dru\u017einska potepanja, popoln sopotnik za sprehode skozi mesto ali v osr\u010dje narave<\/p>\n<p>Dimenzije vozi\u010dka: 86 x 60 x 113 cm<br \/>\nDimenzije zlo\u017eenega vozi\u010dka: 93 x 60 x 38,5 cm<br \/>\nTe\u017ea: 12,7 kg<br \/>\nMaksimalna te\u017ea obremenitve vozi\u010dka: 22 kg<\/p>\n<p>Ogrodje in sede\u017e:<\/p>\n<p>Vzdr\u017eljivo ogrodje<br \/>\nHitro in kompaktno zlaganje vozi\u010dka skupaj s sede\u017eem, z eno roko<br \/>\nZlo\u017een vozi\u010dek samostojno stoji<br \/>\nOlaj\u0161an transport; zlo\u017een vozi\u010dek lahko peljete<br \/>\nEnostavno enoro\u010dno vodenje vozi\u010dka<br \/>\nPrilagodljiv naklon naslona sede\u017ea na poljubno stopnjo, tudi popolnoma le\u017ee\u010d za udoben spanec na poti<br \/>\nMo\u017enost namestitve sede\u017ea vozi\u010dka v obe smeri; v smer vo\u017enje in v nasprotno smer<br \/>\nXXL vodoodbojna za\u0161\u010ditna strehica UPF 50+ z mo\u017enostjo podalj\u0161anja s kukalom in z zra\u010dniki<br \/>\nNadvse udoben; mehka opora za noge z dvema mo\u017enima pozicijama<br \/>\nNadstandardno velika nakupovalna ko\u0161arica vozi\u010dka<br \/>\nOdli\u010dno vzmetenje koles za mirno in prijetno vo\u017enjo<br \/>\nMo\u017enost vo\u017enje tudi po bolj razgibanih terenih<br \/>\nMo\u017enost zaklepanja sprednjih koles za vo\u017enjo naravnost<br \/>\nOblazinjeno in po vi\u0161ini nastavljivo krmilo<br \/>\nHiter in enostaven zavorni sistem; aktivacija z nogo<br \/>\n5-to\u010dkovni varnostni pas brez vpenjanja<\/p>\n<p>Kolesa in vzmetenje:<br \/>\n\u0160tirikolesni vozi\u010dek<br \/>\nVzdr\u017eljiva gumijasta kolesa napolnjena s peno<br \/>\nMo\u017enost zaklepanja sprednjih koles<br \/>\nOdli\u010dna okretnost s sprednjima vrtljivima kolesoma<br \/>\nOdli\u010dno vzmetenje omogo\u010da mirno in varno vo\u017enjo<br \/>\nEnostavna in hitra zavora in sprostitev blokade koles<br \/>\nAktivacija zavore z eno nogo<\/p>\n<p>Testi in certifikati:<br \/>\nOtro\u0161ki vozi\u010dek Joie\u00ae Chrome\u2122 DLX je\u202fv skladu z evropskim standardom\u202fEN 1888-2:2018<\/p>\n<p>Joie\u00ae Ko\u0161ara za novorojen\u010dka Chrome\u2122:<br \/>\nUporaba vozi\u010dka s ko\u0161arico za novorojen\u010dka od otrokovega rojstva do 9 kg<br \/>\nKompaktno plo\u0161\u010dato zlaganje ko\u0161are za novorojen\u010dka omogo\u010da enostavno shranjevanje doma in na poti<br \/>\nVarno zavetje za prve prespane urice<br \/>\nMehka in udobna vzmetnica z odstranljivo prevleko<br \/>\nZagotavlja zra\u010dnost in odli\u010den pretok zraka<br \/>\nZa\u0161\u010ditna in vodoodbojna strehica<br \/>\nPrakti\u010den ro\u010daj za enostavno prena\u0161anje<br \/>\nKo\u0161ara z notranjim predal\u010dkom za mamine in dojen\u010dkove potreb\u0161\u010dine; klju\u010de, denarnico, telefon, dudo, igra\u010do in drugo<br \/>\nPrevleka za dodatno za\u0161\u010ditno pred mrazom in vetrom<br \/>\nNogice pod ko\u0161aro varujejo pred umazanijo<\/p>\n<p>Dimenzije ko\u0161are ko\u0161are za novorojen\u010dka: 84,5 x 42 x 58,5 cm.<br \/>\nTe\u017ea ko\u0161are za novorojen\u010dka: 2,85 kg.<\/p>\n<p>V skladu z evropskim standardom EN1466:2014\/ AC 2015<\/p>\n<p>Joie\u00ae Otro\u0161ki avtosede\u017e i-Snug\u2122 2 i-Size 0+ (40-75 cm):<br \/>\nSkupina 0+ avtosede\u017e<br \/>\nPriporo\u010dena uporaba od rojstva do 13 kg (40\u201375 cm)<br \/>\nNamestitev avtosede\u017ea v obratni smeri vo\u017enje<br \/>\nNamestitev avtosede\u017ea z Isofix sistemom z bazo (ki je na voljo lo\u010deno) baze Joie\u00ae i-Base 2, i-Base lx 2, i-Base Encore ali i-Base Advance<br \/>\nNamestitev avtosede\u017ea z avtomobilskim varnostnim pasom<br \/>\nKompatibilnost z vozi\u010dki Joie\u00ae in z drugimi vozi\u010dki s pomo\u010djo adapterjev Joie\u00ae<br \/>\nV kombinaciji z bazo Joie\u00ae i-Base Advance in avtosede\u017eem Joie\u00ae i-Venture gre za modularni sistem po principu 3v1; ta sistem sestavljajo baza Joie\u00ae i-Base Advance ter dva avtosede\u017ea (tj. lupinica Joie\u00ae i-Snug 2 za prvo obdobje in avtosede\u017e Joie\u00ae i-Venture za naslednje), ki sta zdru\u017eljiva s to bazo<br \/>\nV kombinaciji z bazo i-Base Encore pa je tudi del \u00bbEncore Spinning System\u00ab, ki raste z va\u0161im otrokom od rojstva do 4 leta<\/p>\n<p>Avtosede\u017e ustreza varnostnim standardom ECE R129<br \/>\nSede\u017e ima certifikat i-Size<\/p>\n<p>Dimenzije in te\u017ea:<br \/>\n65 x 43.5 x 57 cm<br \/>\n3,35 kg<br \/>\n[\/vc_column_text][\/vc_column][\/vc_row]<\/p>\n","protected":false},"excerpt":{"rendered":"<p>Otro\u0161ki All Terrain vozi\u010dek Joie\u00ae Chrome\u2122 DLX Trio je popolna izbira za potepanja v naravi z va\u0161im novorojen\u010dkom. Vozi\u010dek navdu\u0161uje z novimi sodobnimi in kvalitetnimi tkaninami, kolesa vozi\u010dka so ve\u010dja, napolnjena s peno in opremljena z mehkej\u0161im vzmetenjem, kar zagotavlja bolj gladko vo\u017enjo. V kombinaciji s ko\u0161aro za novorojen\u010dka Joie\u00ae Chrome\u2122 in lupinico Joie\u00ae i-Snug 2 zagotavlja udobje in varnost za va\u0161ega mal\u010dka.<\/p>\n","protected":false},"featured_media":62591,"template":"","meta":[],"pwb-brand":[4525,2374],"product_brand":[],"product_cat":[2364,2360],"product_tag":[4073,4195,4214],"class_list":{"0":"post-22700","1":"product","2":"type-product","3":"status-publish","4":"has-post-thumbnail","6":"pwb-brand-joie-vozicki","7":"pwb-brand-vozicki","8":"product_cat-otroski-vozicki-3v1","9":"product_cat-vozicki","10":"product_tag-joie","11":"product_tag-joie-chrome-dlx","12":"product_tag-vozicki-joie","14":"first","15":"instock","16":"taxable","17":"shipping-taxable","18":"purchasable","19":"product-type-simple","20":"add-to-wishlist-before_image"},"yoast_head":"<!-- This site is optimized with the Yoast SEO plugin v27.3 - https:\/\/yoast.com\/product\/yoast-seo-wordpress\/ -->\n<title>Joie\u00ae Chrome\u2122 DLX Trio komplet 3v1 - Moonlight | Ajatutaja<\/title>\n<meta name=\"description\" content=\"Otro\u0161ki All Terrain vozi\u010dek Joie\u00ae Chrome\u2122 DLX Trio je popolna izbira za potepanja v naravi z va\u0161im novorojen\u010dkom.\" \/>\n<meta name=\"robots\" content=\"index, follow, max-snippet:-1, max-image-preview:large, max-video-preview:-1\" \/>\n<link rel=\"canonical\" href=\"https:\/\/ajatutaja.com\/izdelek\/joie-chrome-dlx-komplet-i-gemm-3v1\/\" \/>\n<meta property=\"og:locale\" content=\"hr_HR\" \/>\n<meta property=\"og:type\" content=\"article\" \/>\n<meta property=\"og:title\" content=\"Joie\u00ae Chrome\u2122 DLX Trio komplet 3v1 - Moonlight | Ajatutaja\" \/>\n<meta property=\"og:description\" content=\"Otro\u0161ki All Terrain vozi\u010dek Joie\u00ae Chrome\u2122 DLX Trio je popolna izbira za potepanja v naravi z va\u0161im novorojen\u010dkom.\" \/>\n<meta property=\"og:url\" content=\"https:\/\/ajatutaja.com\/izdelek\/joie-chrome-dlx-komplet-i-gemm-3v1\/\" \/>\n<meta property=\"og:site_name\" content=\"Ajatutaja\" \/>\n<meta property=\"article:modified_time\" content=\"2026-04-07T05:52:09+00:00\" \/>\n<meta property=\"og:image\" content=\"https:\/\/ajatutaja.com\/wp-content\/uploads\/2019\/07\/Joie-chrome-dlx-moonlight-3v1.jpg\" \/>\n\t<meta property=\"og:image:width\" content=\"1000\" \/>\n\t<meta property=\"og:image:height\" content=\"1000\" \/>\n\t<meta property=\"og:image:type\" content=\"image\/jpeg\" \/>\n<meta name=\"twitter:card\" content=\"summary_large_image\" \/>\n<meta name=\"twitter:label1\" content=\"Procijenjeno vrijeme \u010ditanja\" \/>\n\t<meta name=\"twitter:data1\" content=\"3 minute\" \/>\n<script type=\"application\/ld+json\" class=\"yoast-schema-graph\">{\"@context\":\"https:\\\/\\\/schema.org\",\"@graph\":[{\"@type\":\"WebPage\",\"@id\":\"https:\\\/\\\/ajatutaja.com\\\/izdelek\\\/joie-chrome-dlx-komplet-i-gemm-3v1\\\/\",\"url\":\"https:\\\/\\\/ajatutaja.com\\\/izdelek\\\/joie-chrome-dlx-komplet-i-gemm-3v1\\\/\",\"name\":\"Joie\u00ae Chrome\u2122 DLX Trio komplet 3v1 - Moonlight | Ajatutaja\",\"isPartOf\":{\"@id\":\"https:\\\/\\\/ajatutaja.com\\\/#website\"},\"primaryImageOfPage\":{\"@id\":\"https:\\\/\\\/ajatutaja.com\\\/izdelek\\\/joie-chrome-dlx-komplet-i-gemm-3v1\\\/#primaryimage\"},\"image\":{\"@id\":\"https:\\\/\\\/ajatutaja.com\\\/izdelek\\\/joie-chrome-dlx-komplet-i-gemm-3v1\\\/#primaryimage\"},\"thumbnailUrl\":\"https:\\\/\\\/ajatutaja.com\\\/wp-content\\\/uploads\\\/2019\\\/07\\\/Joie-chrome-dlx-moonlight-3v1.jpg\",\"datePublished\":\"2024-11-12T12:17:40+00:00\",\"dateModified\":\"2026-04-07T05:52:09+00:00\",\"description\":\"Otro\u0161ki All Terrain vozi\u010dek Joie\u00ae Chrome\u2122 DLX Trio je popolna izbira za potepanja v naravi z va\u0161im novorojen\u010dkom.\",\"breadcrumb\":{\"@id\":\"https:\\\/\\\/ajatutaja.com\\\/izdelek\\\/joie-chrome-dlx-komplet-i-gemm-3v1\\\/#breadcrumb\"},\"inLanguage\":\"hr\",\"potentialAction\":[{\"@type\":\"ReadAction\",\"target\":[\"https:\\\/\\\/ajatutaja.com\\\/izdelek\\\/joie-chrome-dlx-komplet-i-gemm-3v1\\\/\"]}]},{\"@type\":\"ImageObject\",\"inLanguage\":\"hr\",\"@id\":\"https:\\\/\\\/ajatutaja.com\\\/izdelek\\\/joie-chrome-dlx-komplet-i-gemm-3v1\\\/#primaryimage\",\"url\":\"https:\\\/\\\/ajatutaja.com\\\/wp-content\\\/uploads\\\/2019\\\/07\\\/Joie-chrome-dlx-moonlight-3v1.jpg\",\"contentUrl\":\"https:\\\/\\\/ajatutaja.com\\\/wp-content\\\/uploads\\\/2019\\\/07\\\/Joie-chrome-dlx-moonlight-3v1.jpg\",\"width\":1000,\"height\":1000},{\"@type\":\"BreadcrumbList\",\"@id\":\"https:\\\/\\\/ajatutaja.com\\\/izdelek\\\/joie-chrome-dlx-komplet-i-gemm-3v1\\\/#breadcrumb\",\"itemListElement\":[{\"@type\":\"ListItem\",\"position\":1,\"name\":\"Home\",\"item\":\"https:\\\/\\\/ajatutaja.com\\\/hr\\\/\"},{\"@type\":\"ListItem\",\"position\":2,\"name\":\"Trgovina\",\"item\":\"https:\\\/\\\/ajatutaja.com\\\/hr\\\/trgovina\\\/\"},{\"@type\":\"ListItem\",\"position\":3,\"name\":\"Joie\u00ae Chrome\u2122 DLX Trio komplet 3v1 &#8211; Moonlight\"}]},{\"@type\":\"WebSite\",\"@id\":\"https:\\\/\\\/ajatutaja.com\\\/#website\",\"url\":\"https:\\\/\\\/ajatutaja.com\\\/\",\"name\":\"Ajatutaja\",\"description\":\"Otro\u0161ka spletna trgovina AJATUTAJA\",\"publisher\":{\"@id\":\"https:\\\/\\\/ajatutaja.com\\\/#organization\"},\"potentialAction\":[{\"@type\":\"SearchAction\",\"target\":{\"@type\":\"EntryPoint\",\"urlTemplate\":\"https:\\\/\\\/ajatutaja.com\\\/?s={search_term_string}\"},\"query-input\":{\"@type\":\"PropertyValueSpecification\",\"valueRequired\":true,\"valueName\":\"search_term_string\"}}],\"inLanguage\":\"hr\"},{\"@type\":\"Organization\",\"@id\":\"https:\\\/\\\/ajatutaja.com\\\/#organization\",\"name\":\"Ajatutaja\",\"url\":\"https:\\\/\\\/ajatutaja.com\\\/\",\"logo\":{\"@type\":\"ImageObject\",\"inLanguage\":\"hr\",\"@id\":\"https:\\\/\\\/ajatutaja.com\\\/#\\\/schema\\\/logo\\\/image\\\/\",\"url\":\"https:\\\/\\\/ajatutaja.com\\\/wp-content\\\/uploads\\\/2021\\\/10\\\/logo.png\",\"contentUrl\":\"https:\\\/\\\/ajatutaja.com\\\/wp-content\\\/uploads\\\/2021\\\/10\\\/logo.png\",\"width\":555,\"height\":150,\"caption\":\"Ajatutaja\"},\"image\":{\"@id\":\"https:\\\/\\\/ajatutaja.com\\\/#\\\/schema\\\/logo\\\/image\\\/\"}}]}<\/script>\n<!-- \/ Yoast SEO plugin. -->","yoast_head_json":{"title":"Joie\u00ae Chrome\u2122 DLX Trio komplet 3v1 - Moonlight | Ajatutaja","description":"Otro\u0161ki All Terrain vozi\u010dek Joie\u00ae Chrome\u2122 DLX Trio je popolna izbira za potepanja v naravi z va\u0161im novorojen\u010dkom.","robots":{"index":"index","follow":"follow","max-snippet":"max-snippet:-1","max-image-preview":"max-image-preview:large","max-video-preview":"max-video-preview:-1"},"canonical":"https:\/\/ajatutaja.com\/izdelek\/joie-chrome-dlx-komplet-i-gemm-3v1\/","og_locale":"hr_HR","og_type":"article","og_title":"Joie\u00ae Chrome\u2122 DLX Trio komplet 3v1 - Moonlight | Ajatutaja","og_description":"Otro\u0161ki All Terrain vozi\u010dek Joie\u00ae Chrome\u2122 DLX Trio je popolna izbira za potepanja v naravi z va\u0161im novorojen\u010dkom.","og_url":"https:\/\/ajatutaja.com\/izdelek\/joie-chrome-dlx-komplet-i-gemm-3v1\/","og_site_name":"Ajatutaja","article_modified_time":"2026-04-07T05:52:09+00:00","og_image":[{"width":1000,"height":1000,"url":"https:\/\/ajatutaja.com\/wp-content\/uploads\/2019\/07\/Joie-chrome-dlx-moonlight-3v1.jpg","type":"image\/jpeg"}],"twitter_card":"summary_large_image","twitter_misc":{"Procijenjeno vrijeme \u010ditanja":"3 minute"},"schema":{"@context":"https:\/\/schema.org","@graph":[{"@type":"WebPage","@id":"https:\/\/ajatutaja.com\/izdelek\/joie-chrome-dlx-komplet-i-gemm-3v1\/","url":"https:\/\/ajatutaja.com\/izdelek\/joie-chrome-dlx-komplet-i-gemm-3v1\/","name":"Joie\u00ae Chrome\u2122 DLX Trio komplet 3v1 - Moonlight | Ajatutaja","isPartOf":{"@id":"https:\/\/ajatutaja.com\/#website"},"primaryImageOfPage":{"@id":"https:\/\/ajatutaja.com\/izdelek\/joie-chrome-dlx-komplet-i-gemm-3v1\/#primaryimage"},"image":{"@id":"https:\/\/ajatutaja.com\/izdelek\/joie-chrome-dlx-komplet-i-gemm-3v1\/#primaryimage"},"thumbnailUrl":"https:\/\/ajatutaja.com\/wp-content\/uploads\/2019\/07\/Joie-chrome-dlx-moonlight-3v1.jpg","datePublished":"2024-11-12T12:17:40+00:00","dateModified":"2026-04-07T05:52:09+00:00","description":"Otro\u0161ki All Terrain vozi\u010dek Joie\u00ae Chrome\u2122 DLX Trio je popolna izbira za potepanja v naravi z va\u0161im novorojen\u010dkom.","breadcrumb":{"@id":"https:\/\/ajatutaja.com\/izdelek\/joie-chrome-dlx-komplet-i-gemm-3v1\/#breadcrumb"},"inLanguage":"hr","potentialAction":[{"@type":"ReadAction","target":["https:\/\/ajatutaja.com\/izdelek\/joie-chrome-dlx-komplet-i-gemm-3v1\/"]}]},{"@type":"ImageObject","inLanguage":"hr","@id":"https:\/\/ajatutaja.com\/izdelek\/joie-chrome-dlx-komplet-i-gemm-3v1\/#primaryimage","url":"https:\/\/ajatutaja.com\/wp-content\/uploads\/2019\/07\/Joie-chrome-dlx-moonlight-3v1.jpg","contentUrl":"https:\/\/ajatutaja.com\/wp-content\/uploads\/2019\/07\/Joie-chrome-dlx-moonlight-3v1.jpg","width":1000,"height":1000},{"@type":"BreadcrumbList","@id":"https:\/\/ajatutaja.com\/izdelek\/joie-chrome-dlx-komplet-i-gemm-3v1\/#breadcrumb","itemListElement":[{"@type":"ListItem","position":1,"name":"Home","item":"https:\/\/ajatutaja.com\/hr\/"},{"@type":"ListItem","position":2,"name":"Trgovina","item":"https:\/\/ajatutaja.com\/hr\/trgovina\/"},{"@type":"ListItem","position":3,"name":"Joie\u00ae Chrome\u2122 DLX Trio komplet 3v1 &#8211; Moonlight"}]},{"@type":"WebSite","@id":"https:\/\/ajatutaja.com\/#website","url":"https:\/\/ajatutaja.com\/","name":"Ajatutaja","description":"Otro\u0161ka spletna trgovina AJATUTAJA","publisher":{"@id":"https:\/\/ajatutaja.com\/#organization"},"potentialAction":[{"@type":"SearchAction","target":{"@type":"EntryPoint","urlTemplate":"https:\/\/ajatutaja.com\/?s={search_term_string}"},"query-input":{"@type":"PropertyValueSpecification","valueRequired":true,"valueName":"search_term_string"}}],"inLanguage":"hr"},{"@type":"Organization","@id":"https:\/\/ajatutaja.com\/#organization","name":"Ajatutaja","url":"https:\/\/ajatutaja.com\/","logo":{"@type":"ImageObject","inLanguage":"hr","@id":"https:\/\/ajatutaja.com\/#\/schema\/logo\/image\/","url":"https:\/\/ajatutaja.com\/wp-content\/uploads\/2021\/10\/logo.png","contentUrl":"https:\/\/ajatutaja.com\/wp-content\/uploads\/2021\/10\/logo.png","width":555,"height":150,"caption":"Ajatutaja"},"image":{"@id":"https:\/\/ajatutaja.com\/#\/schema\/logo\/image\/"}}]}},"brands":[{"id":4525,"name":"Joie","slug":"joie-vozicki"},{"id":2374,"name":"Vozi\u010dki","slug":"vozicki"}],"_links":{"self":[{"href":"https:\/\/ajatutaja.com\/hr\/wp-json\/wp\/v2\/product\/22700","targetHints":{"allow":["GET"]}}],"collection":[{"href":"https:\/\/ajatutaja.com\/hr\/wp-json\/wp\/v2\/product"}],"about":[{"href":"https:\/\/ajatutaja.com\/hr\/wp-json\/wp\/v2\/types\/product"}],"wp:featuredmedia":[{"embeddable":true,"href":"https:\/\/ajatutaja.com\/hr\/wp-json\/wp\/v2\/media\/62591"}],"wp:attachment":[{"href":"https:\/\/ajatutaja.com\/hr\/wp-json\/wp\/v2\/media?parent=22700"}],"wp:term":[{"taxonomy":"pwb-brand","embeddable":true,"href":"https:\/\/ajatutaja.com\/hr\/wp-json\/wp\/v2\/pwb-brand?post=22700"},{"taxonomy":"product_brand","embeddable":true,"href":"https:\/\/ajatutaja.com\/hr\/wp-json\/wp\/v2\/product_brand?post=22700"},{"taxonomy":"product_cat","embeddable":true,"href":"https:\/\/ajatutaja.com\/hr\/wp-json\/wp\/v2\/product_cat?post=22700"},{"taxonomy":"product_tag","embeddable":true,"href":"https:\/\/ajatutaja.com\/hr\/wp-json\/wp\/v2\/product_tag?post=22700"}],"curies":[{"name":"wp","href":"https:\/\/api.w.org\/{rel}","templated":true}]}}