{"id":22601,"date":"2025-03-21T15:50:01","date_gmt":"2025-03-21T14:50:01","guid":{"rendered":"https:\/\/ajatutaja.com\/izdelek\/glavnik-in-krtacka-iz-naravnih-scetin-baby-nova\/"},"modified":"2026-03-12T14:47:14","modified_gmt":"2026-03-12T13:47:14","slug":"glavnik-in-krtacka-iz-naravnih-scetin-baby-nova","status":"publish","type":"product","link":"https:\/\/ajatutaja.com\/hr\/proizvod\/glavnik-in-krtacka-iz-naravnih-scetin-baby-nova\/","title":{"rendered":"Glavnik in krta\u010dka iz naravnih \u0161\u010detin BABY NOVA"},"content":{"rendered":"<p>[vc_row][vc_column][vc_column_text]Komplet Baby nova vebuje glavnik in krta\u010da z izjemno mehkimi naravnimi \u0161\u010detinami. Izjemno mehka krta\u010da za ob\u010dutljivo glavico va\u0161ega dojen\u010dka. Va\u0161 dojen\u010dek bo zagotovo u\u017eival ob prvem \u010desanju las s krta\u010do in glavnikom.<\/p>\n<p>Lastnosti:<\/p>\n<ul>\n<li>2 delni komplet za nego las dojen\u010dka<\/li>\n<li>Krta\u010da ima izjemno mehke \u0161\u010detine.<\/li>\n<li>Glavnik in ro\u010daj krta\u010de sta izdelana iz plastike.<\/li>\n<li>Velikost: Krta\u010da: 15 cm; glavnik: 12 cm.<\/li>\n<\/ul>\n<p>Za varnost in zdravje va\u0161ega otroka: OPOZORILO! Izdelek ni igra\u010da. Dr\u017eati izven dosega otrok: nevarnost po\u0161kodb! Preverite izdelek pred vsako uporabo. Ob prvih znakih po\u0161kodbe izdelek zavrzite. Shranite navodila za uporabo.[\/vc_column_text][\/vc_column][\/vc_row]<\/p>\n","protected":false},"excerpt":{"rendered":"<p>Krta\u010dka z naravnimi \u0161\u010detinami in glavnik sta idealna za nego dojen\u010dkovega lasi\u0161\u010da. Mehke naravne \u0161\u010detine omogo\u010dajo ne\u017eno negovanje otro\u0161kih las in lasi\u0161\u010da.<\/p>\n","protected":false},"featured_media":84058,"template":"","meta":[],"pwb-brand":[2325,2658],"product_brand":[],"product_cat":[2608,2647],"product_tag":[3976],"class_list":{"0":"post-22601","1":"product","2":"type-product","3":"status-publish","4":"has-post-thumbnail","6":"pwb-brand-baby-nova-hranjenje","7":"pwb-brand-nega-in-kopanje","8":"product_cat-nega-in-kopanje","9":"product_cat-pripomocki-za-nego-kopanje","10":"product_tag-baby-nova","12":"first","13":"instock","14":"taxable","15":"shipping-taxable","16":"purchasable","17":"product-type-simple","18":"add-to-wishlist-before_image"},"yoast_head":"<!-- This site is optimized with the Yoast SEO plugin v27.3 - https:\/\/yoast.com\/product\/yoast-seo-wordpress\/ -->\n<title>Glavnik in krta\u010dka iz naravnih \u0161\u010detin BABY NOVA | Ajatutaja<\/title>\n<meta name=\"description\" content=\"Krta\u010dka z naravnimi \u0161\u010detinami in glavnik sta idealna za nego dojen\u010dkovega lasi\u0161\u010da. Mehke naravne \u0161\u010detine omogo\u010dajo ne\u017eno negovanje otro\u0161kih las in lasi\u0161\u010da.\" \/>\n<meta name=\"robots\" content=\"index, follow, max-snippet:-1, max-image-preview:large, max-video-preview:-1\" \/>\n<link rel=\"canonical\" href=\"https:\/\/ajatutaja.com\/izdelek\/glavnik-in-krtacka-iz-naravnih-scetin-baby-nova\/\" \/>\n<meta property=\"og:locale\" content=\"hr_HR\" \/>\n<meta property=\"og:type\" content=\"article\" \/>\n<meta property=\"og:title\" content=\"Glavnik in krta\u010dka iz naravnih \u0161\u010detin BABY NOVA | Ajatutaja\" \/>\n<meta property=\"og:description\" content=\"Krta\u010dka z naravnimi \u0161\u010detinami in glavnik sta idealna za nego dojen\u010dkovega lasi\u0161\u010da. Mehke naravne \u0161\u010detine omogo\u010dajo ne\u017eno negovanje otro\u0161kih las in lasi\u0161\u010da.\" \/>\n<meta property=\"og:url\" content=\"https:\/\/ajatutaja.com\/izdelek\/glavnik-in-krtacka-iz-naravnih-scetin-baby-nova\/\" \/>\n<meta property=\"og:site_name\" content=\"Ajatutaja\" \/>\n<meta property=\"article:modified_time\" content=\"2026-03-12T13:47:14+00:00\" \/>\n<meta name=\"twitter:card\" content=\"summary_large_image\" \/>\n<meta name=\"twitter:label1\" content=\"Procijenjeno vrijeme \u010ditanja\" \/>\n\t<meta name=\"twitter:data1\" content=\"1 minuta\" \/>\n<script type=\"application\/ld+json\" class=\"yoast-schema-graph\">{\"@context\":\"https:\\\/\\\/schema.org\",\"@graph\":[{\"@type\":\"WebPage\",\"@id\":\"https:\\\/\\\/ajatutaja.com\\\/izdelek\\\/glavnik-in-krtacka-iz-naravnih-scetin-baby-nova\\\/\",\"url\":\"https:\\\/\\\/ajatutaja.com\\\/izdelek\\\/glavnik-in-krtacka-iz-naravnih-scetin-baby-nova\\\/\",\"name\":\"Glavnik in krta\u010dka iz naravnih \u0161\u010detin BABY NOVA | Ajatutaja\",\"isPartOf\":{\"@id\":\"https:\\\/\\\/ajatutaja.com\\\/#website\"},\"primaryImageOfPage\":{\"@id\":\"https:\\\/\\\/ajatutaja.com\\\/izdelek\\\/glavnik-in-krtacka-iz-naravnih-scetin-baby-nova\\\/#primaryimage\"},\"image\":{\"@id\":\"https:\\\/\\\/ajatutaja.com\\\/izdelek\\\/glavnik-in-krtacka-iz-naravnih-scetin-baby-nova\\\/#primaryimage\"},\"thumbnailUrl\":\"https:\\\/\\\/ajatutaja.com\\\/wp-content\\\/uploads\\\/2025\\\/03\\\/Baby-nova-set-glavnik-krtacka-za-dojencka-1-scaled.avif\",\"datePublished\":\"2025-03-21T14:50:01+00:00\",\"dateModified\":\"2026-03-12T13:47:14+00:00\",\"description\":\"Krta\u010dka z naravnimi \u0161\u010detinami in glavnik sta idealna za nego dojen\u010dkovega lasi\u0161\u010da. Mehke naravne \u0161\u010detine omogo\u010dajo ne\u017eno negovanje otro\u0161kih las in lasi\u0161\u010da.\",\"breadcrumb\":{\"@id\":\"https:\\\/\\\/ajatutaja.com\\\/izdelek\\\/glavnik-in-krtacka-iz-naravnih-scetin-baby-nova\\\/#breadcrumb\"},\"inLanguage\":\"hr\",\"potentialAction\":[{\"@type\":\"ReadAction\",\"target\":[\"https:\\\/\\\/ajatutaja.com\\\/izdelek\\\/glavnik-in-krtacka-iz-naravnih-scetin-baby-nova\\\/\"]}]},{\"@type\":\"ImageObject\",\"inLanguage\":\"hr\",\"@id\":\"https:\\\/\\\/ajatutaja.com\\\/izdelek\\\/glavnik-in-krtacka-iz-naravnih-scetin-baby-nova\\\/#primaryimage\",\"url\":\"https:\\\/\\\/ajatutaja.com\\\/wp-content\\\/uploads\\\/2025\\\/03\\\/Baby-nova-set-glavnik-krtacka-za-dojencka-1-scaled.avif\",\"contentUrl\":\"https:\\\/\\\/ajatutaja.com\\\/wp-content\\\/uploads\\\/2025\\\/03\\\/Baby-nova-set-glavnik-krtacka-za-dojencka-1-scaled.avif\",\"width\":2536,\"height\":2560},{\"@type\":\"BreadcrumbList\",\"@id\":\"https:\\\/\\\/ajatutaja.com\\\/izdelek\\\/glavnik-in-krtacka-iz-naravnih-scetin-baby-nova\\\/#breadcrumb\",\"itemListElement\":[{\"@type\":\"ListItem\",\"position\":1,\"name\":\"Home\",\"item\":\"https:\\\/\\\/ajatutaja.com\\\/hr\\\/\"},{\"@type\":\"ListItem\",\"position\":2,\"name\":\"Trgovina\",\"item\":\"https:\\\/\\\/ajatutaja.com\\\/hr\\\/trgovina\\\/\"},{\"@type\":\"ListItem\",\"position\":3,\"name\":\"Glavnik in krta\u010dka iz naravnih \u0161\u010detin BABY NOVA\"}]},{\"@type\":\"WebSite\",\"@id\":\"https:\\\/\\\/ajatutaja.com\\\/#website\",\"url\":\"https:\\\/\\\/ajatutaja.com\\\/\",\"name\":\"Ajatutaja\",\"description\":\"Otro\u0161ka spletna trgovina AJATUTAJA\",\"publisher\":{\"@id\":\"https:\\\/\\\/ajatutaja.com\\\/#organization\"},\"potentialAction\":[{\"@type\":\"SearchAction\",\"target\":{\"@type\":\"EntryPoint\",\"urlTemplate\":\"https:\\\/\\\/ajatutaja.com\\\/?s={search_term_string}\"},\"query-input\":{\"@type\":\"PropertyValueSpecification\",\"valueRequired\":true,\"valueName\":\"search_term_string\"}}],\"inLanguage\":\"hr\"},{\"@type\":\"Organization\",\"@id\":\"https:\\\/\\\/ajatutaja.com\\\/#organization\",\"name\":\"Ajatutaja\",\"url\":\"https:\\\/\\\/ajatutaja.com\\\/\",\"logo\":{\"@type\":\"ImageObject\",\"inLanguage\":\"hr\",\"@id\":\"https:\\\/\\\/ajatutaja.com\\\/#\\\/schema\\\/logo\\\/image\\\/\",\"url\":\"https:\\\/\\\/ajatutaja.com\\\/wp-content\\\/uploads\\\/2021\\\/10\\\/logo.png\",\"contentUrl\":\"https:\\\/\\\/ajatutaja.com\\\/wp-content\\\/uploads\\\/2021\\\/10\\\/logo.png\",\"width\":555,\"height\":150,\"caption\":\"Ajatutaja\"},\"image\":{\"@id\":\"https:\\\/\\\/ajatutaja.com\\\/#\\\/schema\\\/logo\\\/image\\\/\"}}]}<\/script>\n<!-- \/ Yoast SEO plugin. -->","yoast_head_json":{"title":"Glavnik in krta\u010dka iz naravnih \u0161\u010detin BABY NOVA | Ajatutaja","description":"Krta\u010dka z naravnimi \u0161\u010detinami in glavnik sta idealna za nego dojen\u010dkovega lasi\u0161\u010da. Mehke naravne \u0161\u010detine omogo\u010dajo ne\u017eno negovanje otro\u0161kih las in lasi\u0161\u010da.","robots":{"index":"index","follow":"follow","max-snippet":"max-snippet:-1","max-image-preview":"max-image-preview:large","max-video-preview":"max-video-preview:-1"},"canonical":"https:\/\/ajatutaja.com\/izdelek\/glavnik-in-krtacka-iz-naravnih-scetin-baby-nova\/","og_locale":"hr_HR","og_type":"article","og_title":"Glavnik in krta\u010dka iz naravnih \u0161\u010detin BABY NOVA | Ajatutaja","og_description":"Krta\u010dka z naravnimi \u0161\u010detinami in glavnik sta idealna za nego dojen\u010dkovega lasi\u0161\u010da. Mehke naravne \u0161\u010detine omogo\u010dajo ne\u017eno negovanje otro\u0161kih las in lasi\u0161\u010da.","og_url":"https:\/\/ajatutaja.com\/izdelek\/glavnik-in-krtacka-iz-naravnih-scetin-baby-nova\/","og_site_name":"Ajatutaja","article_modified_time":"2026-03-12T13:47:14+00:00","twitter_card":"summary_large_image","twitter_misc":{"Procijenjeno vrijeme \u010ditanja":"1 minuta"},"schema":{"@context":"https:\/\/schema.org","@graph":[{"@type":"WebPage","@id":"https:\/\/ajatutaja.com\/izdelek\/glavnik-in-krtacka-iz-naravnih-scetin-baby-nova\/","url":"https:\/\/ajatutaja.com\/izdelek\/glavnik-in-krtacka-iz-naravnih-scetin-baby-nova\/","name":"Glavnik in krta\u010dka iz naravnih \u0161\u010detin BABY NOVA | Ajatutaja","isPartOf":{"@id":"https:\/\/ajatutaja.com\/#website"},"primaryImageOfPage":{"@id":"https:\/\/ajatutaja.com\/izdelek\/glavnik-in-krtacka-iz-naravnih-scetin-baby-nova\/#primaryimage"},"image":{"@id":"https:\/\/ajatutaja.com\/izdelek\/glavnik-in-krtacka-iz-naravnih-scetin-baby-nova\/#primaryimage"},"thumbnailUrl":"https:\/\/ajatutaja.com\/wp-content\/uploads\/2025\/03\/Baby-nova-set-glavnik-krtacka-za-dojencka-1-scaled.avif","datePublished":"2025-03-21T14:50:01+00:00","dateModified":"2026-03-12T13:47:14+00:00","description":"Krta\u010dka z naravnimi \u0161\u010detinami in glavnik sta idealna za nego dojen\u010dkovega lasi\u0161\u010da. Mehke naravne \u0161\u010detine omogo\u010dajo ne\u017eno negovanje otro\u0161kih las in lasi\u0161\u010da.","breadcrumb":{"@id":"https:\/\/ajatutaja.com\/izdelek\/glavnik-in-krtacka-iz-naravnih-scetin-baby-nova\/#breadcrumb"},"inLanguage":"hr","potentialAction":[{"@type":"ReadAction","target":["https:\/\/ajatutaja.com\/izdelek\/glavnik-in-krtacka-iz-naravnih-scetin-baby-nova\/"]}]},{"@type":"ImageObject","inLanguage":"hr","@id":"https:\/\/ajatutaja.com\/izdelek\/glavnik-in-krtacka-iz-naravnih-scetin-baby-nova\/#primaryimage","url":"https:\/\/ajatutaja.com\/wp-content\/uploads\/2025\/03\/Baby-nova-set-glavnik-krtacka-za-dojencka-1-scaled.avif","contentUrl":"https:\/\/ajatutaja.com\/wp-content\/uploads\/2025\/03\/Baby-nova-set-glavnik-krtacka-za-dojencka-1-scaled.avif","width":2536,"height":2560},{"@type":"BreadcrumbList","@id":"https:\/\/ajatutaja.com\/izdelek\/glavnik-in-krtacka-iz-naravnih-scetin-baby-nova\/#breadcrumb","itemListElement":[{"@type":"ListItem","position":1,"name":"Home","item":"https:\/\/ajatutaja.com\/hr\/"},{"@type":"ListItem","position":2,"name":"Trgovina","item":"https:\/\/ajatutaja.com\/hr\/trgovina\/"},{"@type":"ListItem","position":3,"name":"Glavnik in krta\u010dka iz naravnih \u0161\u010detin BABY NOVA"}]},{"@type":"WebSite","@id":"https:\/\/ajatutaja.com\/#website","url":"https:\/\/ajatutaja.com\/","name":"Ajatutaja","description":"Otro\u0161ka spletna trgovina AJATUTAJA","publisher":{"@id":"https:\/\/ajatutaja.com\/#organization"},"potentialAction":[{"@type":"SearchAction","target":{"@type":"EntryPoint","urlTemplate":"https:\/\/ajatutaja.com\/?s={search_term_string}"},"query-input":{"@type":"PropertyValueSpecification","valueRequired":true,"valueName":"search_term_string"}}],"inLanguage":"hr"},{"@type":"Organization","@id":"https:\/\/ajatutaja.com\/#organization","name":"Ajatutaja","url":"https:\/\/ajatutaja.com\/","logo":{"@type":"ImageObject","inLanguage":"hr","@id":"https:\/\/ajatutaja.com\/#\/schema\/logo\/image\/","url":"https:\/\/ajatutaja.com\/wp-content\/uploads\/2021\/10\/logo.png","contentUrl":"https:\/\/ajatutaja.com\/wp-content\/uploads\/2021\/10\/logo.png","width":555,"height":150,"caption":"Ajatutaja"},"image":{"@id":"https:\/\/ajatutaja.com\/#\/schema\/logo\/image\/"}}]}},"brands":[{"id":2325,"name":"Baby Nova","slug":"baby-nova-hranjenje"},{"id":2658,"name":"Nega in kopanje","slug":"nega-in-kopanje"}],"_links":{"self":[{"href":"https:\/\/ajatutaja.com\/hr\/wp-json\/wp\/v2\/product\/22601","targetHints":{"allow":["GET"]}}],"collection":[{"href":"https:\/\/ajatutaja.com\/hr\/wp-json\/wp\/v2\/product"}],"about":[{"href":"https:\/\/ajatutaja.com\/hr\/wp-json\/wp\/v2\/types\/product"}],"wp:featuredmedia":[{"embeddable":true,"href":"https:\/\/ajatutaja.com\/hr\/wp-json\/wp\/v2\/media\/84058"}],"wp:attachment":[{"href":"https:\/\/ajatutaja.com\/hr\/wp-json\/wp\/v2\/media?parent=22601"}],"wp:term":[{"taxonomy":"pwb-brand","embeddable":true,"href":"https:\/\/ajatutaja.com\/hr\/wp-json\/wp\/v2\/pwb-brand?post=22601"},{"taxonomy":"product_brand","embeddable":true,"href":"https:\/\/ajatutaja.com\/hr\/wp-json\/wp\/v2\/product_brand?post=22601"},{"taxonomy":"product_cat","embeddable":true,"href":"https:\/\/ajatutaja.com\/hr\/wp-json\/wp\/v2\/product_cat?post=22601"},{"taxonomy":"product_tag","embeddable":true,"href":"https:\/\/ajatutaja.com\/hr\/wp-json\/wp\/v2\/product_tag?post=22601"}],"curies":[{"name":"wp","href":"https:\/\/api.w.org\/{rel}","templated":true}]}}