{"id":22455,"date":"2024-05-07T16:03:44","date_gmt":"2024-05-07T14:03:44","guid":{"rendered":"https:\/\/ajatutaja.com\/izdelek\/bibs-okrogla-duda-iz-kavcuka-pak-2-cloud-blush\/"},"modified":"2026-01-05T07:43:50","modified_gmt":"2026-01-05T06:43:50","slug":"bibs-okrogla-duda-iz-kavcuka-pak-2-cloud-blush","status":"publish","type":"product","link":"https:\/\/ajatutaja.com\/hr\/proizvod\/bibs-okrogla-duda-iz-kavcuka-pak-2-cloud-blush\/","title":{"rendered":"BIBS okrogla duda iz kav\u010duka pak.2 &#8211; Butter\/Pink (6-18 mes)"},"content":{"rendered":"<p>[vc_row][vc_column][vc_column_text]Svetovno znane BIBS dude z zna\u010dilnim okroglim \u0161\u010ditom in vpojnim delom v obliki \u010de\u0161nje, dajejo otrokom udobje in varnost \u017ee skoraj 50 let.<\/p>\n<p>Sesalni del\u00a0 dude je izdelan iz 100% naravnega kav\u010duka. Naravni kav\u010duk je svilnat, mehak in fleksibilen ter daje otroku naravni ob\u010dutek sesanja. Okrogli zunanji del dude, pa je oblikovan tako, da je rahlo upognjen pro\u010d od obraza otroka. To zagotavlja oskrbo zraka z ob\u010dutljivo ko\u017eo v obmo\u010dju ust in zmanj\u0161a dra\u017eenje ne\u017ene dojen\u010dkove ko\u017ee.<\/p>\n<h4>Tola\u017eilna duda Bibs ima naslednje lastnosti:<\/h4>\n<ul>\n<li>MODEL BOHEME v obliki ro\u017eice<\/li>\n<li>OKROGLA OBLIKA dudice ponazarja mamino bradavico (zato jo imajo radi tudi dojeni otroci)<\/li>\n<li>NARAVNI MATERIAL (cucelj je iz naravnega kav\u010duka, ostali deli pa iz kvalitetnega polipropilena, brez BPA, PVC in ftalatov)<\/li>\n<li>EN 1400 + A1 (dude BIBS so izdelane v skladu z najnovej\u0161im evropskim standardom varnosti in kakovosti)<\/li>\n<li>Oblikovano in izdelano na Danskem.<\/li>\n<li>SKLADI\u0160\u010cENJE Duda naj bo vedno suha in za\u0161\u010ditena pred umazanijo, npr. v omari ali na dnu \u0161katle. Izogibajte se dajanju dude v neposredni son\u010dni svetlobi in vro\u010dini, saj lahko to oslabi naravni lateks. Prav tako ne shranjujte dude v razku\u017eilu \/ sterilizirajo\u010di teko\u010dini.<\/li>\n<li>\u010cI\u0160\u010cENJE: Pred prvo uporabo dude, dajte dudo v vrelo vodo za vsaj 5 minut. Dud ne kuhajte in ne uporabljajte sterilizatorja!<\/li>\n<\/ul>\n<p><em>BIBS dudice so na voljo tudi v trgovini Ajatutaja Koper!<\/em>[\/vc_column_text][\/vc_column][\/vc_row]<\/p>\n","protected":false},"excerpt":{"rendered":"<p>Okrogla tola\u017eilna dudica BIBS je varna, elegantna in trendi dudica iz 100% naravnega kav\u010duka. V paketu sta dve \u010dudoviti pastelni barvi, ki se jim mamice ne morejo upreti. In kar je najbolj pomembno &#8211; obo\u017eujejo jih vsi mal\u010dki. Upognjena oblika zunanjega dela dude in okrogla oblika cuclja iz latexa zelo spominja na mamine prsi. Zato jo sprejmejo tudi otroci, ki so izklju\u010dno dojeni in ne marajo dude.<\/p>\n","protected":false},"featured_media":64339,"template":"","meta":[],"pwb-brand":[2316,2269],"product_brand":[],"product_cat":[2306,2266],"product_tag":[4118,4456],"class_list":{"0":"post-22455","1":"product","2":"type-product","3":"status-publish","4":"has-post-thumbnail","6":"pwb-brand-bibs","7":"pwb-brand-hranjenje","8":"product_cat-dude-in-priponke","9":"product_cat-hranjenje","10":"product_tag-bibs","11":"product_tag-bibs-colour","13":"first","14":"instock","15":"taxable","16":"shipping-taxable","17":"purchasable","18":"product-type-variable","19":"add-to-wishlist-before_image"},"yoast_head":"<!-- This site is optimized with the Yoast SEO plugin v27.3 - https:\/\/yoast.com\/product\/yoast-seo-wordpress\/ -->\n<title>BIBS okrogla duda iz kav\u010duka pak.2 - Butter\/Pink (6-18 mes) | Ajatutaja<\/title>\n<meta name=\"description\" content=\"Okrogla tola\u017eilna dudica BIBS je varna, elegantna in trendi dudica iz 100% naravnega kav\u010duka. V paketu sta dve \u010dudoviti pastelni barvi, ki se jim mamice ne morejo upreti. In kar je najbolj pomembno - obo\u017eujejo jih vsi mal\u010dki.\" \/>\n<meta name=\"robots\" content=\"index, follow, max-snippet:-1, max-image-preview:large, max-video-preview:-1\" \/>\n<link rel=\"canonical\" href=\"https:\/\/ajatutaja.com\/izdelek\/bibs-okrogla-duda-iz-kavcuka-pak-2-cloud-blush\/\" \/>\n<meta property=\"og:locale\" content=\"hr_HR\" \/>\n<meta property=\"og:type\" content=\"article\" \/>\n<meta property=\"og:title\" content=\"BIBS okrogla duda iz kav\u010duka pak.2 - Butter\/Pink (6-18 mes) | Ajatutaja\" \/>\n<meta property=\"og:description\" content=\"Okrogla tola\u017eilna dudica BIBS je varna, elegantna in trendi dudica iz 100% naravnega kav\u010duka. V paketu sta dve \u010dudoviti pastelni barvi, ki se jim mamice ne morejo upreti. In kar je najbolj pomembno - obo\u017eujejo jih vsi mal\u010dki.\" \/>\n<meta property=\"og:url\" content=\"https:\/\/ajatutaja.com\/izdelek\/bibs-okrogla-duda-iz-kavcuka-pak-2-cloud-blush\/\" \/>\n<meta property=\"og:site_name\" content=\"Ajatutaja\" \/>\n<meta property=\"article:modified_time\" content=\"2026-01-05T06:43:50+00:00\" \/>\n<meta property=\"og:image\" content=\"https:\/\/ajatutaja.com\/wp-content\/uploads\/2019\/01\/bibs-pacifier-2-pk-pale-butter-dusty-pink-2.webp\" \/>\n\t<meta property=\"og:image:width\" content=\"600\" \/>\n\t<meta property=\"og:image:height\" content=\"600\" \/>\n\t<meta property=\"og:image:type\" content=\"image\/webp\" \/>\n<meta name=\"twitter:card\" content=\"summary_large_image\" \/>\n<meta name=\"twitter:label1\" content=\"Procijenjeno vrijeme \u010ditanja\" \/>\n\t<meta name=\"twitter:data1\" content=\"1 minuta\" \/>\n<script type=\"application\/ld+json\" class=\"yoast-schema-graph\">{\"@context\":\"https:\\\/\\\/schema.org\",\"@graph\":[{\"@type\":\"WebPage\",\"@id\":\"https:\\\/\\\/ajatutaja.com\\\/izdelek\\\/bibs-okrogla-duda-iz-kavcuka-pak-2-cloud-blush\\\/\",\"url\":\"https:\\\/\\\/ajatutaja.com\\\/izdelek\\\/bibs-okrogla-duda-iz-kavcuka-pak-2-cloud-blush\\\/\",\"name\":\"BIBS okrogla duda iz kav\u010duka pak.2 - Butter\\\/Pink (6-18 mes) | Ajatutaja\",\"isPartOf\":{\"@id\":\"https:\\\/\\\/ajatutaja.com\\\/#website\"},\"primaryImageOfPage\":{\"@id\":\"https:\\\/\\\/ajatutaja.com\\\/izdelek\\\/bibs-okrogla-duda-iz-kavcuka-pak-2-cloud-blush\\\/#primaryimage\"},\"image\":{\"@id\":\"https:\\\/\\\/ajatutaja.com\\\/izdelek\\\/bibs-okrogla-duda-iz-kavcuka-pak-2-cloud-blush\\\/#primaryimage\"},\"thumbnailUrl\":\"https:\\\/\\\/ajatutaja.com\\\/wp-content\\\/uploads\\\/2019\\\/01\\\/bibs-pacifier-2-pk-pale-butter-dusty-pink-2.webp\",\"datePublished\":\"2024-05-07T14:03:44+00:00\",\"dateModified\":\"2026-01-05T06:43:50+00:00\",\"description\":\"Okrogla tola\u017eilna dudica BIBS je varna, elegantna in trendi dudica iz 100% naravnega kav\u010duka. V paketu sta dve \u010dudoviti pastelni barvi, ki se jim mamice ne morejo upreti. In kar je najbolj pomembno - obo\u017eujejo jih vsi mal\u010dki.\",\"breadcrumb\":{\"@id\":\"https:\\\/\\\/ajatutaja.com\\\/izdelek\\\/bibs-okrogla-duda-iz-kavcuka-pak-2-cloud-blush\\\/#breadcrumb\"},\"inLanguage\":\"hr\",\"potentialAction\":[{\"@type\":\"ReadAction\",\"target\":[\"https:\\\/\\\/ajatutaja.com\\\/izdelek\\\/bibs-okrogla-duda-iz-kavcuka-pak-2-cloud-blush\\\/\"]}]},{\"@type\":\"ImageObject\",\"inLanguage\":\"hr\",\"@id\":\"https:\\\/\\\/ajatutaja.com\\\/izdelek\\\/bibs-okrogla-duda-iz-kavcuka-pak-2-cloud-blush\\\/#primaryimage\",\"url\":\"https:\\\/\\\/ajatutaja.com\\\/wp-content\\\/uploads\\\/2019\\\/01\\\/bibs-pacifier-2-pk-pale-butter-dusty-pink-2.webp\",\"contentUrl\":\"https:\\\/\\\/ajatutaja.com\\\/wp-content\\\/uploads\\\/2019\\\/01\\\/bibs-pacifier-2-pk-pale-butter-dusty-pink-2.webp\",\"width\":600,\"height\":600},{\"@type\":\"BreadcrumbList\",\"@id\":\"https:\\\/\\\/ajatutaja.com\\\/izdelek\\\/bibs-okrogla-duda-iz-kavcuka-pak-2-cloud-blush\\\/#breadcrumb\",\"itemListElement\":[{\"@type\":\"ListItem\",\"position\":1,\"name\":\"Home\",\"item\":\"https:\\\/\\\/ajatutaja.com\\\/hr\\\/\"},{\"@type\":\"ListItem\",\"position\":2,\"name\":\"Trgovina\",\"item\":\"https:\\\/\\\/ajatutaja.com\\\/hr\\\/trgovina\\\/\"},{\"@type\":\"ListItem\",\"position\":3,\"name\":\"BIBS okrogla duda iz kav\u010duka pak.2 &#8211; Butter\\\/Pink (6-18 mes)\"}]},{\"@type\":\"WebSite\",\"@id\":\"https:\\\/\\\/ajatutaja.com\\\/#website\",\"url\":\"https:\\\/\\\/ajatutaja.com\\\/\",\"name\":\"Ajatutaja\",\"description\":\"Otro\u0161ka spletna trgovina AJATUTAJA\",\"publisher\":{\"@id\":\"https:\\\/\\\/ajatutaja.com\\\/#organization\"},\"potentialAction\":[{\"@type\":\"SearchAction\",\"target\":{\"@type\":\"EntryPoint\",\"urlTemplate\":\"https:\\\/\\\/ajatutaja.com\\\/?s={search_term_string}\"},\"query-input\":{\"@type\":\"PropertyValueSpecification\",\"valueRequired\":true,\"valueName\":\"search_term_string\"}}],\"inLanguage\":\"hr\"},{\"@type\":\"Organization\",\"@id\":\"https:\\\/\\\/ajatutaja.com\\\/#organization\",\"name\":\"Ajatutaja\",\"url\":\"https:\\\/\\\/ajatutaja.com\\\/\",\"logo\":{\"@type\":\"ImageObject\",\"inLanguage\":\"hr\",\"@id\":\"https:\\\/\\\/ajatutaja.com\\\/#\\\/schema\\\/logo\\\/image\\\/\",\"url\":\"https:\\\/\\\/ajatutaja.com\\\/wp-content\\\/uploads\\\/2021\\\/10\\\/logo.png\",\"contentUrl\":\"https:\\\/\\\/ajatutaja.com\\\/wp-content\\\/uploads\\\/2021\\\/10\\\/logo.png\",\"width\":555,\"height\":150,\"caption\":\"Ajatutaja\"},\"image\":{\"@id\":\"https:\\\/\\\/ajatutaja.com\\\/#\\\/schema\\\/logo\\\/image\\\/\"}}]}<\/script>\n<!-- \/ Yoast SEO plugin. -->","yoast_head_json":{"title":"BIBS okrogla duda iz kav\u010duka pak.2 - Butter\/Pink (6-18 mes) | Ajatutaja","description":"Okrogla tola\u017eilna dudica BIBS je varna, elegantna in trendi dudica iz 100% naravnega kav\u010duka. V paketu sta dve \u010dudoviti pastelni barvi, ki se jim mamice ne morejo upreti. In kar je najbolj pomembno - obo\u017eujejo jih vsi mal\u010dki.","robots":{"index":"index","follow":"follow","max-snippet":"max-snippet:-1","max-image-preview":"max-image-preview:large","max-video-preview":"max-video-preview:-1"},"canonical":"https:\/\/ajatutaja.com\/izdelek\/bibs-okrogla-duda-iz-kavcuka-pak-2-cloud-blush\/","og_locale":"hr_HR","og_type":"article","og_title":"BIBS okrogla duda iz kav\u010duka pak.2 - Butter\/Pink (6-18 mes) | Ajatutaja","og_description":"Okrogla tola\u017eilna dudica BIBS je varna, elegantna in trendi dudica iz 100% naravnega kav\u010duka. V paketu sta dve \u010dudoviti pastelni barvi, ki se jim mamice ne morejo upreti. In kar je najbolj pomembno - obo\u017eujejo jih vsi mal\u010dki.","og_url":"https:\/\/ajatutaja.com\/izdelek\/bibs-okrogla-duda-iz-kavcuka-pak-2-cloud-blush\/","og_site_name":"Ajatutaja","article_modified_time":"2026-01-05T06:43:50+00:00","og_image":[{"width":600,"height":600,"url":"https:\/\/ajatutaja.com\/wp-content\/uploads\/2019\/01\/bibs-pacifier-2-pk-pale-butter-dusty-pink-2.webp","type":"image\/webp"}],"twitter_card":"summary_large_image","twitter_misc":{"Procijenjeno vrijeme \u010ditanja":"1 minuta"},"schema":{"@context":"https:\/\/schema.org","@graph":[{"@type":"WebPage","@id":"https:\/\/ajatutaja.com\/izdelek\/bibs-okrogla-duda-iz-kavcuka-pak-2-cloud-blush\/","url":"https:\/\/ajatutaja.com\/izdelek\/bibs-okrogla-duda-iz-kavcuka-pak-2-cloud-blush\/","name":"BIBS okrogla duda iz kav\u010duka pak.2 - Butter\/Pink (6-18 mes) | Ajatutaja","isPartOf":{"@id":"https:\/\/ajatutaja.com\/#website"},"primaryImageOfPage":{"@id":"https:\/\/ajatutaja.com\/izdelek\/bibs-okrogla-duda-iz-kavcuka-pak-2-cloud-blush\/#primaryimage"},"image":{"@id":"https:\/\/ajatutaja.com\/izdelek\/bibs-okrogla-duda-iz-kavcuka-pak-2-cloud-blush\/#primaryimage"},"thumbnailUrl":"https:\/\/ajatutaja.com\/wp-content\/uploads\/2019\/01\/bibs-pacifier-2-pk-pale-butter-dusty-pink-2.webp","datePublished":"2024-05-07T14:03:44+00:00","dateModified":"2026-01-05T06:43:50+00:00","description":"Okrogla tola\u017eilna dudica BIBS je varna, elegantna in trendi dudica iz 100% naravnega kav\u010duka. V paketu sta dve \u010dudoviti pastelni barvi, ki se jim mamice ne morejo upreti. In kar je najbolj pomembno - obo\u017eujejo jih vsi mal\u010dki.","breadcrumb":{"@id":"https:\/\/ajatutaja.com\/izdelek\/bibs-okrogla-duda-iz-kavcuka-pak-2-cloud-blush\/#breadcrumb"},"inLanguage":"hr","potentialAction":[{"@type":"ReadAction","target":["https:\/\/ajatutaja.com\/izdelek\/bibs-okrogla-duda-iz-kavcuka-pak-2-cloud-blush\/"]}]},{"@type":"ImageObject","inLanguage":"hr","@id":"https:\/\/ajatutaja.com\/izdelek\/bibs-okrogla-duda-iz-kavcuka-pak-2-cloud-blush\/#primaryimage","url":"https:\/\/ajatutaja.com\/wp-content\/uploads\/2019\/01\/bibs-pacifier-2-pk-pale-butter-dusty-pink-2.webp","contentUrl":"https:\/\/ajatutaja.com\/wp-content\/uploads\/2019\/01\/bibs-pacifier-2-pk-pale-butter-dusty-pink-2.webp","width":600,"height":600},{"@type":"BreadcrumbList","@id":"https:\/\/ajatutaja.com\/izdelek\/bibs-okrogla-duda-iz-kavcuka-pak-2-cloud-blush\/#breadcrumb","itemListElement":[{"@type":"ListItem","position":1,"name":"Home","item":"https:\/\/ajatutaja.com\/hr\/"},{"@type":"ListItem","position":2,"name":"Trgovina","item":"https:\/\/ajatutaja.com\/hr\/trgovina\/"},{"@type":"ListItem","position":3,"name":"BIBS okrogla duda iz kav\u010duka pak.2 &#8211; Butter\/Pink (6-18 mes)"}]},{"@type":"WebSite","@id":"https:\/\/ajatutaja.com\/#website","url":"https:\/\/ajatutaja.com\/","name":"Ajatutaja","description":"Otro\u0161ka spletna trgovina AJATUTAJA","publisher":{"@id":"https:\/\/ajatutaja.com\/#organization"},"potentialAction":[{"@type":"SearchAction","target":{"@type":"EntryPoint","urlTemplate":"https:\/\/ajatutaja.com\/?s={search_term_string}"},"query-input":{"@type":"PropertyValueSpecification","valueRequired":true,"valueName":"search_term_string"}}],"inLanguage":"hr"},{"@type":"Organization","@id":"https:\/\/ajatutaja.com\/#organization","name":"Ajatutaja","url":"https:\/\/ajatutaja.com\/","logo":{"@type":"ImageObject","inLanguage":"hr","@id":"https:\/\/ajatutaja.com\/#\/schema\/logo\/image\/","url":"https:\/\/ajatutaja.com\/wp-content\/uploads\/2021\/10\/logo.png","contentUrl":"https:\/\/ajatutaja.com\/wp-content\/uploads\/2021\/10\/logo.png","width":555,"height":150,"caption":"Ajatutaja"},"image":{"@id":"https:\/\/ajatutaja.com\/#\/schema\/logo\/image\/"}}]}},"brands":[{"id":2316,"name":"Bibs","slug":"bibs"},{"id":2269,"name":"Hranjenje","slug":"hranjenje"}],"_links":{"self":[{"href":"https:\/\/ajatutaja.com\/hr\/wp-json\/wp\/v2\/product\/22455","targetHints":{"allow":["GET"]}}],"collection":[{"href":"https:\/\/ajatutaja.com\/hr\/wp-json\/wp\/v2\/product"}],"about":[{"href":"https:\/\/ajatutaja.com\/hr\/wp-json\/wp\/v2\/types\/product"}],"wp:featuredmedia":[{"embeddable":true,"href":"https:\/\/ajatutaja.com\/hr\/wp-json\/wp\/v2\/media\/64339"}],"wp:attachment":[{"href":"https:\/\/ajatutaja.com\/hr\/wp-json\/wp\/v2\/media?parent=22455"}],"wp:term":[{"taxonomy":"pwb-brand","embeddable":true,"href":"https:\/\/ajatutaja.com\/hr\/wp-json\/wp\/v2\/pwb-brand?post=22455"},{"taxonomy":"product_brand","embeddable":true,"href":"https:\/\/ajatutaja.com\/hr\/wp-json\/wp\/v2\/product_brand?post=22455"},{"taxonomy":"product_cat","embeddable":true,"href":"https:\/\/ajatutaja.com\/hr\/wp-json\/wp\/v2\/product_cat?post=22455"},{"taxonomy":"product_tag","embeddable":true,"href":"https:\/\/ajatutaja.com\/hr\/wp-json\/wp\/v2\/product_tag?post=22455"}],"curies":[{"name":"wp","href":"https:\/\/api.w.org\/{rel}","templated":true}]}}