{"id":22323,"date":"2024-10-20T09:51:01","date_gmt":"2024-10-20T07:51:01","guid":{"rendered":"https:\/\/ajatutaja.com\/izdelek\/zimske-tople-pajkice-za-nosecnice-vienna\/"},"modified":"2025-09-10T12:54:45","modified_gmt":"2025-09-10T10:54:45","slug":"zimske-tople-pajkice-za-nosecnice-vienna","status":"publish","type":"product","link":"https:\/\/ajatutaja.com\/hr\/proizvod\/zimske-tople-pajkice-za-nosecnice-vienna\/","title":{"rendered":"Zimske tople pajkice za nose\u010dnice Vienna"},"content":{"rendered":"<p>[vc_row][vc_column][vc_column_text]Mehke in obenem tople nose\u010dni\u0161ke pajkice Vienna, se lepo prilegajo nose\u010dni\u0161kemu trebu\u0161ku. Ne ti\u0161\u010dijo in ne ve\u017eejo, ter obenem prijetno grejejo.<\/p>\n<p style=\"text-align: center\"><em>Surovinska sestava: 95% bomba\u017e; 5% elastan<\/em><\/p>\n<p>[\/vc_column_text][\/vc_column][\/vc_row]<\/p>\n","protected":false},"excerpt":{"rendered":"<p>Zimske tople pajkice za nose\u010dnice Vienna, so iz mehkega in zra\u010dnega bomba\u017ea z elastanom, ki je na notranji strani kosmaten in prijetno greje.Visok pas, se lepo prilega trebu\u0161\u010dku in zagotavlja udobje skozi celo nose\u010dnost. Uporabne so seveda tudi prve mesece po porodu.<\/p>\n<p>2 barvi na voljo!<\/p>\n","protected":false},"featured_media":22324,"template":"","meta":[],"pwb-brand":[2271,2267],"product_brand":[],"product_cat":[2252,2250],"product_tag":[4099],"class_list":{"0":"post-22323","1":"product","2":"type-product","3":"status-publish","4":"has-post-thumbnail","6":"pwb-brand-mama-jeans","7":"pwb-brand-nosecnost","8":"product_cat-nosecniske-pajkice","9":"product_cat-nosecnost","10":"product_tag-mama-jeans","12":"first","13":"instock","14":"taxable","15":"shipping-taxable","16":"purchasable","17":"product-type-variable","18":"add-to-wishlist-before_image"},"yoast_head":"<!-- This site is optimized with the Yoast SEO plugin v27.3 - https:\/\/yoast.com\/product\/yoast-seo-wordpress\/ -->\n<title>Zimske tople pajkice za nose\u010dnice Vienna | Ajatutaja<\/title>\n<meta name=\"description\" content=\"Zimske tople pajkice za nose\u010dnice Vienna, so izdelane in kosmatenega bomba\u017ea z elastanom. Lepo se prilegajo trebu\u0161\u010dku in prijetno grejejo.\" \/>\n<meta name=\"robots\" content=\"index, follow, max-snippet:-1, max-image-preview:large, max-video-preview:-1\" \/>\n<link rel=\"canonical\" href=\"https:\/\/ajatutaja.com\/izdelek\/zimske-tople-pajkice-za-nosecnice-vienna\/\" \/>\n<meta property=\"og:locale\" content=\"hr_HR\" \/>\n<meta property=\"og:type\" content=\"article\" \/>\n<meta property=\"og:title\" content=\"Zimske tople pajkice za nose\u010dnice Vienna | Ajatutaja\" \/>\n<meta property=\"og:description\" content=\"Zimske tople pajkice za nose\u010dnice Vienna, so izdelane in kosmatenega bomba\u017ea z elastanom. Lepo se prilegajo trebu\u0161\u010dku in prijetno grejejo.\" \/>\n<meta property=\"og:url\" content=\"https:\/\/ajatutaja.com\/izdelek\/zimske-tople-pajkice-za-nosecnice-vienna\/\" \/>\n<meta property=\"og:site_name\" content=\"Ajatutaja\" \/>\n<meta property=\"article:modified_time\" content=\"2025-09-10T10:54:45+00:00\" \/>\n<meta property=\"og:image\" content=\"https:\/\/ajatutaja.com\/wp-content\/uploads\/2021\/11\/Pajkice-Vienna-e1602842203204.jpg\" \/>\n\t<meta property=\"og:image:width\" content=\"600\" \/>\n\t<meta property=\"og:image:height\" content=\"604\" \/>\n\t<meta property=\"og:image:type\" content=\"image\/jpeg\" \/>\n<meta name=\"twitter:card\" content=\"summary_large_image\" \/>\n<script type=\"application\/ld+json\" class=\"yoast-schema-graph\">{\"@context\":\"https:\\\/\\\/schema.org\",\"@graph\":[{\"@type\":\"WebPage\",\"@id\":\"https:\\\/\\\/ajatutaja.com\\\/izdelek\\\/zimske-tople-pajkice-za-nosecnice-vienna\\\/\",\"url\":\"https:\\\/\\\/ajatutaja.com\\\/izdelek\\\/zimske-tople-pajkice-za-nosecnice-vienna\\\/\",\"name\":\"Zimske tople pajkice za nose\u010dnice Vienna | Ajatutaja\",\"isPartOf\":{\"@id\":\"https:\\\/\\\/ajatutaja.com\\\/#website\"},\"primaryImageOfPage\":{\"@id\":\"https:\\\/\\\/ajatutaja.com\\\/izdelek\\\/zimske-tople-pajkice-za-nosecnice-vienna\\\/#primaryimage\"},\"image\":{\"@id\":\"https:\\\/\\\/ajatutaja.com\\\/izdelek\\\/zimske-tople-pajkice-za-nosecnice-vienna\\\/#primaryimage\"},\"thumbnailUrl\":\"https:\\\/\\\/ajatutaja.com\\\/wp-content\\\/uploads\\\/2021\\\/11\\\/Pajkice-Vienna-e1602842203204.jpg\",\"datePublished\":\"2024-10-20T07:51:01+00:00\",\"dateModified\":\"2025-09-10T10:54:45+00:00\",\"description\":\"Zimske tople pajkice za nose\u010dnice Vienna, so izdelane in kosmatenega bomba\u017ea z elastanom. Lepo se prilegajo trebu\u0161\u010dku in prijetno grejejo.\",\"breadcrumb\":{\"@id\":\"https:\\\/\\\/ajatutaja.com\\\/izdelek\\\/zimske-tople-pajkice-za-nosecnice-vienna\\\/#breadcrumb\"},\"inLanguage\":\"hr\",\"potentialAction\":[{\"@type\":\"ReadAction\",\"target\":[\"https:\\\/\\\/ajatutaja.com\\\/izdelek\\\/zimske-tople-pajkice-za-nosecnice-vienna\\\/\"]}]},{\"@type\":\"ImageObject\",\"inLanguage\":\"hr\",\"@id\":\"https:\\\/\\\/ajatutaja.com\\\/izdelek\\\/zimske-tople-pajkice-za-nosecnice-vienna\\\/#primaryimage\",\"url\":\"https:\\\/\\\/ajatutaja.com\\\/wp-content\\\/uploads\\\/2021\\\/11\\\/Pajkice-Vienna-e1602842203204.jpg\",\"contentUrl\":\"https:\\\/\\\/ajatutaja.com\\\/wp-content\\\/uploads\\\/2021\\\/11\\\/Pajkice-Vienna-e1602842203204.jpg\",\"width\":600,\"height\":604},{\"@type\":\"BreadcrumbList\",\"@id\":\"https:\\\/\\\/ajatutaja.com\\\/izdelek\\\/zimske-tople-pajkice-za-nosecnice-vienna\\\/#breadcrumb\",\"itemListElement\":[{\"@type\":\"ListItem\",\"position\":1,\"name\":\"Home\",\"item\":\"https:\\\/\\\/ajatutaja.com\\\/hr\\\/\"},{\"@type\":\"ListItem\",\"position\":2,\"name\":\"Trgovina\",\"item\":\"https:\\\/\\\/ajatutaja.com\\\/hr\\\/trgovina\\\/\"},{\"@type\":\"ListItem\",\"position\":3,\"name\":\"Zimske tople pajkice za nose\u010dnice Vienna\"}]},{\"@type\":\"WebSite\",\"@id\":\"https:\\\/\\\/ajatutaja.com\\\/#website\",\"url\":\"https:\\\/\\\/ajatutaja.com\\\/\",\"name\":\"Ajatutaja\",\"description\":\"Otro\u0161ka spletna trgovina AJATUTAJA\",\"publisher\":{\"@id\":\"https:\\\/\\\/ajatutaja.com\\\/#organization\"},\"potentialAction\":[{\"@type\":\"SearchAction\",\"target\":{\"@type\":\"EntryPoint\",\"urlTemplate\":\"https:\\\/\\\/ajatutaja.com\\\/?s={search_term_string}\"},\"query-input\":{\"@type\":\"PropertyValueSpecification\",\"valueRequired\":true,\"valueName\":\"search_term_string\"}}],\"inLanguage\":\"hr\"},{\"@type\":\"Organization\",\"@id\":\"https:\\\/\\\/ajatutaja.com\\\/#organization\",\"name\":\"Ajatutaja\",\"url\":\"https:\\\/\\\/ajatutaja.com\\\/\",\"logo\":{\"@type\":\"ImageObject\",\"inLanguage\":\"hr\",\"@id\":\"https:\\\/\\\/ajatutaja.com\\\/#\\\/schema\\\/logo\\\/image\\\/\",\"url\":\"https:\\\/\\\/ajatutaja.com\\\/wp-content\\\/uploads\\\/2021\\\/10\\\/logo.png\",\"contentUrl\":\"https:\\\/\\\/ajatutaja.com\\\/wp-content\\\/uploads\\\/2021\\\/10\\\/logo.png\",\"width\":555,\"height\":150,\"caption\":\"Ajatutaja\"},\"image\":{\"@id\":\"https:\\\/\\\/ajatutaja.com\\\/#\\\/schema\\\/logo\\\/image\\\/\"}}]}<\/script>\n<!-- \/ Yoast SEO plugin. -->","yoast_head_json":{"title":"Zimske tople pajkice za nose\u010dnice Vienna | Ajatutaja","description":"Zimske tople pajkice za nose\u010dnice Vienna, so izdelane in kosmatenega bomba\u017ea z elastanom. Lepo se prilegajo trebu\u0161\u010dku in prijetno grejejo.","robots":{"index":"index","follow":"follow","max-snippet":"max-snippet:-1","max-image-preview":"max-image-preview:large","max-video-preview":"max-video-preview:-1"},"canonical":"https:\/\/ajatutaja.com\/izdelek\/zimske-tople-pajkice-za-nosecnice-vienna\/","og_locale":"hr_HR","og_type":"article","og_title":"Zimske tople pajkice za nose\u010dnice Vienna | Ajatutaja","og_description":"Zimske tople pajkice za nose\u010dnice Vienna, so izdelane in kosmatenega bomba\u017ea z elastanom. Lepo se prilegajo trebu\u0161\u010dku in prijetno grejejo.","og_url":"https:\/\/ajatutaja.com\/izdelek\/zimske-tople-pajkice-za-nosecnice-vienna\/","og_site_name":"Ajatutaja","article_modified_time":"2025-09-10T10:54:45+00:00","og_image":[{"width":600,"height":604,"url":"https:\/\/ajatutaja.com\/wp-content\/uploads\/2021\/11\/Pajkice-Vienna-e1602842203204.jpg","type":"image\/jpeg"}],"twitter_card":"summary_large_image","schema":{"@context":"https:\/\/schema.org","@graph":[{"@type":"WebPage","@id":"https:\/\/ajatutaja.com\/izdelek\/zimske-tople-pajkice-za-nosecnice-vienna\/","url":"https:\/\/ajatutaja.com\/izdelek\/zimske-tople-pajkice-za-nosecnice-vienna\/","name":"Zimske tople pajkice za nose\u010dnice Vienna | Ajatutaja","isPartOf":{"@id":"https:\/\/ajatutaja.com\/#website"},"primaryImageOfPage":{"@id":"https:\/\/ajatutaja.com\/izdelek\/zimske-tople-pajkice-za-nosecnice-vienna\/#primaryimage"},"image":{"@id":"https:\/\/ajatutaja.com\/izdelek\/zimske-tople-pajkice-za-nosecnice-vienna\/#primaryimage"},"thumbnailUrl":"https:\/\/ajatutaja.com\/wp-content\/uploads\/2021\/11\/Pajkice-Vienna-e1602842203204.jpg","datePublished":"2024-10-20T07:51:01+00:00","dateModified":"2025-09-10T10:54:45+00:00","description":"Zimske tople pajkice za nose\u010dnice Vienna, so izdelane in kosmatenega bomba\u017ea z elastanom. Lepo se prilegajo trebu\u0161\u010dku in prijetno grejejo.","breadcrumb":{"@id":"https:\/\/ajatutaja.com\/izdelek\/zimske-tople-pajkice-za-nosecnice-vienna\/#breadcrumb"},"inLanguage":"hr","potentialAction":[{"@type":"ReadAction","target":["https:\/\/ajatutaja.com\/izdelek\/zimske-tople-pajkice-za-nosecnice-vienna\/"]}]},{"@type":"ImageObject","inLanguage":"hr","@id":"https:\/\/ajatutaja.com\/izdelek\/zimske-tople-pajkice-za-nosecnice-vienna\/#primaryimage","url":"https:\/\/ajatutaja.com\/wp-content\/uploads\/2021\/11\/Pajkice-Vienna-e1602842203204.jpg","contentUrl":"https:\/\/ajatutaja.com\/wp-content\/uploads\/2021\/11\/Pajkice-Vienna-e1602842203204.jpg","width":600,"height":604},{"@type":"BreadcrumbList","@id":"https:\/\/ajatutaja.com\/izdelek\/zimske-tople-pajkice-za-nosecnice-vienna\/#breadcrumb","itemListElement":[{"@type":"ListItem","position":1,"name":"Home","item":"https:\/\/ajatutaja.com\/hr\/"},{"@type":"ListItem","position":2,"name":"Trgovina","item":"https:\/\/ajatutaja.com\/hr\/trgovina\/"},{"@type":"ListItem","position":3,"name":"Zimske tople pajkice za nose\u010dnice Vienna"}]},{"@type":"WebSite","@id":"https:\/\/ajatutaja.com\/#website","url":"https:\/\/ajatutaja.com\/","name":"Ajatutaja","description":"Otro\u0161ka spletna trgovina AJATUTAJA","publisher":{"@id":"https:\/\/ajatutaja.com\/#organization"},"potentialAction":[{"@type":"SearchAction","target":{"@type":"EntryPoint","urlTemplate":"https:\/\/ajatutaja.com\/?s={search_term_string}"},"query-input":{"@type":"PropertyValueSpecification","valueRequired":true,"valueName":"search_term_string"}}],"inLanguage":"hr"},{"@type":"Organization","@id":"https:\/\/ajatutaja.com\/#organization","name":"Ajatutaja","url":"https:\/\/ajatutaja.com\/","logo":{"@type":"ImageObject","inLanguage":"hr","@id":"https:\/\/ajatutaja.com\/#\/schema\/logo\/image\/","url":"https:\/\/ajatutaja.com\/wp-content\/uploads\/2021\/10\/logo.png","contentUrl":"https:\/\/ajatutaja.com\/wp-content\/uploads\/2021\/10\/logo.png","width":555,"height":150,"caption":"Ajatutaja"},"image":{"@id":"https:\/\/ajatutaja.com\/#\/schema\/logo\/image\/"}}]}},"brands":[{"id":2271,"name":"Mama Jeans","slug":"mama-jeans"},{"id":2267,"name":"Nose\u010dnost","slug":"nosecnost"}],"_links":{"self":[{"href":"https:\/\/ajatutaja.com\/hr\/wp-json\/wp\/v2\/product\/22323","targetHints":{"allow":["GET"]}}],"collection":[{"href":"https:\/\/ajatutaja.com\/hr\/wp-json\/wp\/v2\/product"}],"about":[{"href":"https:\/\/ajatutaja.com\/hr\/wp-json\/wp\/v2\/types\/product"}],"wp:featuredmedia":[{"embeddable":true,"href":"https:\/\/ajatutaja.com\/hr\/wp-json\/wp\/v2\/media\/22324"}],"wp:attachment":[{"href":"https:\/\/ajatutaja.com\/hr\/wp-json\/wp\/v2\/media?parent=22323"}],"wp:term":[{"taxonomy":"pwb-brand","embeddable":true,"href":"https:\/\/ajatutaja.com\/hr\/wp-json\/wp\/v2\/pwb-brand?post=22323"},{"taxonomy":"product_brand","embeddable":true,"href":"https:\/\/ajatutaja.com\/hr\/wp-json\/wp\/v2\/product_brand?post=22323"},{"taxonomy":"product_cat","embeddable":true,"href":"https:\/\/ajatutaja.com\/hr\/wp-json\/wp\/v2\/product_cat?post=22323"},{"taxonomy":"product_tag","embeddable":true,"href":"https:\/\/ajatutaja.com\/hr\/wp-json\/wp\/v2\/product_tag?post=22323"}],"curies":[{"name":"wp","href":"https:\/\/api.w.org\/{rel}","templated":true}]}}