{"id":22200,"date":"2018-06-13T13:50:42","date_gmt":"2018-06-13T11:50:42","guid":{"rendered":"https:\/\/ajatutaja.com\/izdelek\/omara-lip-satler-luka\/"},"modified":"2026-04-01T09:44:04","modified_gmt":"2026-04-01T07:44:04","slug":"omara-lip-satler-luka","status":"publish","type":"product","link":"https:\/\/ajatutaja.com\/hr\/proizvod\/omara-lip-satler-luka\/","title":{"rendered":"Omara LIP Satler LUKA"},"content":{"rendered":"<p style=\"text-align: justify\">Otro\u0161ko pohi\u0161tvo Lip Satler so rezultat slovenskega znanja in oblikovanja ter so izdelane v Sloveniji. Lip Polj\u010dane \u017ee ve\u010d kot 40 let oblikuje in proizvaja leseno otro\u0161ko pohi\u0161tvo. Izdelki so plod njihovih dolgoletnih izku\u0161enj.<\/p>\n<p style=\"text-align: justify\">Otro\u0161ki program Luka vklju\u010duje otro\u0161ko posteljo v dveh dimenzijah, previjalno komodo in omaro. Vse iz kvalitetnega bukovega lesa in z uporabljenimi laki na vodni osnovi.<\/p>\n<p>Lastnosti otro\u0161ke omare Luka:<br \/>\n\u2022 Dvokrilna omara s predalom z mehkim zapiranjem<br \/>\n\u2022 Notranja polica s palico za obe\u0161anje in predal<br \/>\n\u2022 Dimenzije: \u0160IRINA 98cm x VI\u0160INA 195 cm x GLOBINA 59 cm<br \/>\n\u2022 Bukov les, MDF, umetno usnje<\/p>\n","protected":false},"excerpt":{"rendered":"<p>Lesena omara Lip Satler LUKA je izdelana iz bukovega lesa in je pobarvana z laki na vodni osnovi. Omara je prakti\u010dna in prostorna in vklju\u010duje 1 notranjo polico, palica za obe\u0161anje obla\u010dil, 1 predal s sistemom za mehko zapiranje.<\/p>\n","protected":false},"featured_media":22201,"template":"","meta":[],"pwb-brand":[2615,2611],"product_brand":[],"product_cat":[2594,2593],"product_tag":[4003,4009],"class_list":{"0":"post-22200","1":"product","2":"type-product","3":"status-publish","4":"has-post-thumbnail","6":"pwb-brand-lip-satler","7":"pwb-brand-spanje","8":"product_cat-otroska-sobica","9":"product_cat-spanje","10":"product_tag-lip-satler","11":"product_tag-luka","13":"first","14":"onbackorder","15":"taxable","16":"shipping-taxable","17":"purchasable","18":"product-type-simple","19":"add-to-wishlist-before_image"},"yoast_head":"<!-- This site is optimized with the Yoast SEO plugin v27.3 - https:\/\/yoast.com\/product\/yoast-seo-wordpress\/ -->\n<title>Omara LIP Satler LUKA | Ajatutaja<\/title>\n<meta name=\"description\" content=\"Otro\u0161ki program Luka, slovenskega proizvajalca Lip Satler vklju\u010duje otro\u0161ko posteljo v dveh dimenzijah, previjalno komodo in omaro. Vse iz kvalitetnega bukovega lesa. Barve in laki na vodni osnovi. Slovenski proizvod.\" \/>\n<meta name=\"robots\" content=\"index, follow, max-snippet:-1, max-image-preview:large, max-video-preview:-1\" \/>\n<link rel=\"canonical\" href=\"https:\/\/ajatutaja.com\/izdelek\/omara-lip-satler-luka\/\" \/>\n<meta property=\"og:locale\" content=\"hr_HR\" \/>\n<meta property=\"og:type\" content=\"article\" \/>\n<meta property=\"og:title\" content=\"Omara LIP Satler LUKA | Ajatutaja\" \/>\n<meta property=\"og:description\" content=\"Otro\u0161ki program Luka, slovenskega proizvajalca Lip Satler vklju\u010duje otro\u0161ko posteljo v dveh dimenzijah, previjalno komodo in omaro. Vse iz kvalitetnega bukovega lesa. Barve in laki na vodni osnovi. Slovenski proizvod.\" \/>\n<meta property=\"og:url\" content=\"https:\/\/ajatutaja.com\/izdelek\/omara-lip-satler-luka\/\" \/>\n<meta property=\"og:site_name\" content=\"Ajatutaja\" \/>\n<meta property=\"article:modified_time\" content=\"2026-04-01T07:44:04+00:00\" \/>\n<meta property=\"og:image\" content=\"https:\/\/ajatutaja.com\/wp-content\/uploads\/2021\/11\/luka-white-satler-lip-omara-1.jpg\" \/>\n\t<meta property=\"og:image:width\" content=\"705\" \/>\n\t<meta property=\"og:image:height\" content=\"705\" \/>\n\t<meta property=\"og:image:type\" content=\"image\/jpeg\" \/>\n<meta name=\"twitter:card\" content=\"summary_large_image\" \/>\n<meta name=\"twitter:label1\" content=\"Procijenjeno vrijeme \u010ditanja\" \/>\n\t<meta name=\"twitter:data1\" content=\"1 minuta\" \/>\n<script type=\"application\/ld+json\" class=\"yoast-schema-graph\">{\"@context\":\"https:\\\/\\\/schema.org\",\"@graph\":[{\"@type\":\"WebPage\",\"@id\":\"https:\\\/\\\/ajatutaja.com\\\/izdelek\\\/omara-lip-satler-luka\\\/\",\"url\":\"https:\\\/\\\/ajatutaja.com\\\/izdelek\\\/omara-lip-satler-luka\\\/\",\"name\":\"Omara LIP Satler LUKA | Ajatutaja\",\"isPartOf\":{\"@id\":\"https:\\\/\\\/ajatutaja.com\\\/#website\"},\"primaryImageOfPage\":{\"@id\":\"https:\\\/\\\/ajatutaja.com\\\/izdelek\\\/omara-lip-satler-luka\\\/#primaryimage\"},\"image\":{\"@id\":\"https:\\\/\\\/ajatutaja.com\\\/izdelek\\\/omara-lip-satler-luka\\\/#primaryimage\"},\"thumbnailUrl\":\"https:\\\/\\\/ajatutaja.com\\\/wp-content\\\/uploads\\\/2021\\\/11\\\/luka-white-satler-lip-omara-1.jpg\",\"datePublished\":\"2018-06-13T11:50:42+00:00\",\"dateModified\":\"2026-04-01T07:44:04+00:00\",\"description\":\"Otro\u0161ki program Luka, slovenskega proizvajalca Lip Satler vklju\u010duje otro\u0161ko posteljo v dveh dimenzijah, previjalno komodo in omaro. Vse iz kvalitetnega bukovega lesa. Barve in laki na vodni osnovi. Slovenski proizvod.\",\"breadcrumb\":{\"@id\":\"https:\\\/\\\/ajatutaja.com\\\/izdelek\\\/omara-lip-satler-luka\\\/#breadcrumb\"},\"inLanguage\":\"hr\",\"potentialAction\":[{\"@type\":\"ReadAction\",\"target\":[\"https:\\\/\\\/ajatutaja.com\\\/izdelek\\\/omara-lip-satler-luka\\\/\"]}]},{\"@type\":\"ImageObject\",\"inLanguage\":\"hr\",\"@id\":\"https:\\\/\\\/ajatutaja.com\\\/izdelek\\\/omara-lip-satler-luka\\\/#primaryimage\",\"url\":\"https:\\\/\\\/ajatutaja.com\\\/wp-content\\\/uploads\\\/2021\\\/11\\\/luka-white-satler-lip-omara-1.jpg\",\"contentUrl\":\"https:\\\/\\\/ajatutaja.com\\\/wp-content\\\/uploads\\\/2021\\\/11\\\/luka-white-satler-lip-omara-1.jpg\",\"width\":705,\"height\":705},{\"@type\":\"BreadcrumbList\",\"@id\":\"https:\\\/\\\/ajatutaja.com\\\/izdelek\\\/omara-lip-satler-luka\\\/#breadcrumb\",\"itemListElement\":[{\"@type\":\"ListItem\",\"position\":1,\"name\":\"Home\",\"item\":\"https:\\\/\\\/ajatutaja.com\\\/hr\\\/\"},{\"@type\":\"ListItem\",\"position\":2,\"name\":\"Trgovina\",\"item\":\"https:\\\/\\\/ajatutaja.com\\\/hr\\\/trgovina\\\/\"},{\"@type\":\"ListItem\",\"position\":3,\"name\":\"Omara LIP Satler LUKA\"}]},{\"@type\":\"WebSite\",\"@id\":\"https:\\\/\\\/ajatutaja.com\\\/#website\",\"url\":\"https:\\\/\\\/ajatutaja.com\\\/\",\"name\":\"Ajatutaja\",\"description\":\"Otro\u0161ka spletna trgovina AJATUTAJA\",\"publisher\":{\"@id\":\"https:\\\/\\\/ajatutaja.com\\\/#organization\"},\"potentialAction\":[{\"@type\":\"SearchAction\",\"target\":{\"@type\":\"EntryPoint\",\"urlTemplate\":\"https:\\\/\\\/ajatutaja.com\\\/?s={search_term_string}\"},\"query-input\":{\"@type\":\"PropertyValueSpecification\",\"valueRequired\":true,\"valueName\":\"search_term_string\"}}],\"inLanguage\":\"hr\"},{\"@type\":\"Organization\",\"@id\":\"https:\\\/\\\/ajatutaja.com\\\/#organization\",\"name\":\"Ajatutaja\",\"url\":\"https:\\\/\\\/ajatutaja.com\\\/\",\"logo\":{\"@type\":\"ImageObject\",\"inLanguage\":\"hr\",\"@id\":\"https:\\\/\\\/ajatutaja.com\\\/#\\\/schema\\\/logo\\\/image\\\/\",\"url\":\"https:\\\/\\\/ajatutaja.com\\\/wp-content\\\/uploads\\\/2021\\\/10\\\/logo.png\",\"contentUrl\":\"https:\\\/\\\/ajatutaja.com\\\/wp-content\\\/uploads\\\/2021\\\/10\\\/logo.png\",\"width\":555,\"height\":150,\"caption\":\"Ajatutaja\"},\"image\":{\"@id\":\"https:\\\/\\\/ajatutaja.com\\\/#\\\/schema\\\/logo\\\/image\\\/\"}}]}<\/script>\n<!-- \/ Yoast SEO plugin. -->","yoast_head_json":{"title":"Omara LIP Satler LUKA | Ajatutaja","description":"Otro\u0161ki program Luka, slovenskega proizvajalca Lip Satler vklju\u010duje otro\u0161ko posteljo v dveh dimenzijah, previjalno komodo in omaro. Vse iz kvalitetnega bukovega lesa. Barve in laki na vodni osnovi. Slovenski proizvod.","robots":{"index":"index","follow":"follow","max-snippet":"max-snippet:-1","max-image-preview":"max-image-preview:large","max-video-preview":"max-video-preview:-1"},"canonical":"https:\/\/ajatutaja.com\/izdelek\/omara-lip-satler-luka\/","og_locale":"hr_HR","og_type":"article","og_title":"Omara LIP Satler LUKA | Ajatutaja","og_description":"Otro\u0161ki program Luka, slovenskega proizvajalca Lip Satler vklju\u010duje otro\u0161ko posteljo v dveh dimenzijah, previjalno komodo in omaro. Vse iz kvalitetnega bukovega lesa. Barve in laki na vodni osnovi. Slovenski proizvod.","og_url":"https:\/\/ajatutaja.com\/izdelek\/omara-lip-satler-luka\/","og_site_name":"Ajatutaja","article_modified_time":"2026-04-01T07:44:04+00:00","og_image":[{"width":705,"height":705,"url":"https:\/\/ajatutaja.com\/wp-content\/uploads\/2021\/11\/luka-white-satler-lip-omara-1.jpg","type":"image\/jpeg"}],"twitter_card":"summary_large_image","twitter_misc":{"Procijenjeno vrijeme \u010ditanja":"1 minuta"},"schema":{"@context":"https:\/\/schema.org","@graph":[{"@type":"WebPage","@id":"https:\/\/ajatutaja.com\/izdelek\/omara-lip-satler-luka\/","url":"https:\/\/ajatutaja.com\/izdelek\/omara-lip-satler-luka\/","name":"Omara LIP Satler LUKA | Ajatutaja","isPartOf":{"@id":"https:\/\/ajatutaja.com\/#website"},"primaryImageOfPage":{"@id":"https:\/\/ajatutaja.com\/izdelek\/omara-lip-satler-luka\/#primaryimage"},"image":{"@id":"https:\/\/ajatutaja.com\/izdelek\/omara-lip-satler-luka\/#primaryimage"},"thumbnailUrl":"https:\/\/ajatutaja.com\/wp-content\/uploads\/2021\/11\/luka-white-satler-lip-omara-1.jpg","datePublished":"2018-06-13T11:50:42+00:00","dateModified":"2026-04-01T07:44:04+00:00","description":"Otro\u0161ki program Luka, slovenskega proizvajalca Lip Satler vklju\u010duje otro\u0161ko posteljo v dveh dimenzijah, previjalno komodo in omaro. Vse iz kvalitetnega bukovega lesa. Barve in laki na vodni osnovi. Slovenski proizvod.","breadcrumb":{"@id":"https:\/\/ajatutaja.com\/izdelek\/omara-lip-satler-luka\/#breadcrumb"},"inLanguage":"hr","potentialAction":[{"@type":"ReadAction","target":["https:\/\/ajatutaja.com\/izdelek\/omara-lip-satler-luka\/"]}]},{"@type":"ImageObject","inLanguage":"hr","@id":"https:\/\/ajatutaja.com\/izdelek\/omara-lip-satler-luka\/#primaryimage","url":"https:\/\/ajatutaja.com\/wp-content\/uploads\/2021\/11\/luka-white-satler-lip-omara-1.jpg","contentUrl":"https:\/\/ajatutaja.com\/wp-content\/uploads\/2021\/11\/luka-white-satler-lip-omara-1.jpg","width":705,"height":705},{"@type":"BreadcrumbList","@id":"https:\/\/ajatutaja.com\/izdelek\/omara-lip-satler-luka\/#breadcrumb","itemListElement":[{"@type":"ListItem","position":1,"name":"Home","item":"https:\/\/ajatutaja.com\/hr\/"},{"@type":"ListItem","position":2,"name":"Trgovina","item":"https:\/\/ajatutaja.com\/hr\/trgovina\/"},{"@type":"ListItem","position":3,"name":"Omara LIP Satler LUKA"}]},{"@type":"WebSite","@id":"https:\/\/ajatutaja.com\/#website","url":"https:\/\/ajatutaja.com\/","name":"Ajatutaja","description":"Otro\u0161ka spletna trgovina AJATUTAJA","publisher":{"@id":"https:\/\/ajatutaja.com\/#organization"},"potentialAction":[{"@type":"SearchAction","target":{"@type":"EntryPoint","urlTemplate":"https:\/\/ajatutaja.com\/?s={search_term_string}"},"query-input":{"@type":"PropertyValueSpecification","valueRequired":true,"valueName":"search_term_string"}}],"inLanguage":"hr"},{"@type":"Organization","@id":"https:\/\/ajatutaja.com\/#organization","name":"Ajatutaja","url":"https:\/\/ajatutaja.com\/","logo":{"@type":"ImageObject","inLanguage":"hr","@id":"https:\/\/ajatutaja.com\/#\/schema\/logo\/image\/","url":"https:\/\/ajatutaja.com\/wp-content\/uploads\/2021\/10\/logo.png","contentUrl":"https:\/\/ajatutaja.com\/wp-content\/uploads\/2021\/10\/logo.png","width":555,"height":150,"caption":"Ajatutaja"},"image":{"@id":"https:\/\/ajatutaja.com\/#\/schema\/logo\/image\/"}}]}},"brands":[{"id":2615,"name":"Lip Satler","slug":"lip-satler"},{"id":2611,"name":"Spanje","slug":"spanje"}],"_links":{"self":[{"href":"https:\/\/ajatutaja.com\/hr\/wp-json\/wp\/v2\/product\/22200","targetHints":{"allow":["GET"]}}],"collection":[{"href":"https:\/\/ajatutaja.com\/hr\/wp-json\/wp\/v2\/product"}],"about":[{"href":"https:\/\/ajatutaja.com\/hr\/wp-json\/wp\/v2\/types\/product"}],"wp:featuredmedia":[{"embeddable":true,"href":"https:\/\/ajatutaja.com\/hr\/wp-json\/wp\/v2\/media\/22201"}],"wp:attachment":[{"href":"https:\/\/ajatutaja.com\/hr\/wp-json\/wp\/v2\/media?parent=22200"}],"wp:term":[{"taxonomy":"pwb-brand","embeddable":true,"href":"https:\/\/ajatutaja.com\/hr\/wp-json\/wp\/v2\/pwb-brand?post=22200"},{"taxonomy":"product_brand","embeddable":true,"href":"https:\/\/ajatutaja.com\/hr\/wp-json\/wp\/v2\/product_brand?post=22200"},{"taxonomy":"product_cat","embeddable":true,"href":"https:\/\/ajatutaja.com\/hr\/wp-json\/wp\/v2\/product_cat?post=22200"},{"taxonomy":"product_tag","embeddable":true,"href":"https:\/\/ajatutaja.com\/hr\/wp-json\/wp\/v2\/product_tag?post=22200"}],"curies":[{"name":"wp","href":"https:\/\/api.w.org\/{rel}","templated":true}]}}