{"id":22194,"date":"2018-06-13T13:37:07","date_gmt":"2018-06-13T11:37:07","guid":{"rendered":"https:\/\/ajatutaja.com\/izdelek\/otroska-postelja-lip-satler-luka-120x60cm\/"},"modified":"2026-04-01T10:00:32","modified_gmt":"2026-04-01T08:00:32","slug":"otroska-postelja-lip-satler-luka-120x60cm","status":"publish","type":"product","link":"https:\/\/ajatutaja.com\/hr\/proizvod\/otroska-postelja-lip-satler-luka-120x60cm\/","title":{"rendered":"Otro\u0161ka postelja LIP Satler LUKA 120x60cm"},"content":{"rendered":"<p style=\"text-align: justify\">Otro\u0161ke postelje podjetja Lip Satler so rezultat slovenskega znanja in oblikovanja ter so izdelane v Sloveniji. Lip Polj\u010dane \u017ee ve\u010d kot 40 let oblikuje in proizvaja leseno otro\u0161ko pohi\u0161tvo. Izdelki so plod njihovih dolgoletnih izku\u0161enj.<\/p>\n<p style=\"text-align: justify\">Otro\u0161ki program Luka vklju\u010duje otro\u0161ko posteljo v dveh dimenzijah, previjalno komodo in omaro. Vse iz kvalitetnega bukovega lesa in z uporabljenimi laki na vodni osnovi.<\/p>\n<p>Lastnosti otro\u0161ke posteljice LIP Satler Luka:<br \/>\n\u2022 Zunanja dimenzija: D: 139 cm \/ \u0160: 67cm \/ V: 100 cm<br \/>\n\u2022 Dimenzija le\u017ei\u0161\u010da: D: 120 cm \/ \u0160:60 cm<br \/>\n\u2022 Bukov les, MDF, umetno usnje<br \/>\n\u2022 Nastavljivost dna na 3 vi\u0161ine<br \/>\n\u2022 Mo\u017enost preureditve v zofo<\/p>\n<p><em>Vzmetnica, lok in posteljnina za otro\u0161ko posteljo se kupi lo\u010deno.<\/em><\/p>\n","protected":false},"excerpt":{"rendered":"<p style=\"text-align: justify\">Otro\u0161ka postelja Lip Satler LUKA je izdelana iz bukovega lesa in je pobarvana z laki na vodni osnovi. Na voljo v beli ali natur barvi. Ima nastavljivo vi\u0161ino le\u017ei\u0161\u010da na 3 pozicije.<\/p>\n","protected":false},"featured_media":87929,"template":"","meta":[],"pwb-brand":[2615,2611],"product_brand":[],"product_cat":[2594,2593],"product_tag":[4005,4003,4009],"class_list":{"0":"post-22194","1":"product","2":"type-product","3":"status-publish","4":"has-post-thumbnail","6":"pwb-brand-lip-satler","7":"pwb-brand-spanje","8":"product_cat-otroska-sobica","9":"product_cat-spanje","10":"product_tag-120x60","11":"product_tag-lip-satler","12":"product_tag-luka","14":"first","15":"onbackorder","16":"taxable","17":"shipping-taxable","18":"purchasable","19":"product-type-simple","20":"add-to-wishlist-before_image"},"yoast_head":"<!-- This site is optimized with the Yoast SEO plugin v27.3 - https:\/\/yoast.com\/product\/yoast-seo-wordpress\/ -->\n<title>Otro\u0161ka postelja LIP Satler LUKA 120x60cm | Ajatutaja<\/title>\n<meta name=\"description\" content=\"Otro\u0161ki program LUKA slovenskega proizvajalca Lip Satler vklju\u010duje otro\u0161ko posteljo v dveh dimenzijah, previjalno komodo in omaro. Vse iz kvalitetnega bukovega lesa. Na voljo v treh barvah.\" \/>\n<meta name=\"robots\" content=\"index, follow, max-snippet:-1, max-image-preview:large, max-video-preview:-1\" \/>\n<link rel=\"canonical\" href=\"https:\/\/ajatutaja.com\/izdelek\/otroska-postelja-lip-satler-luka-120x60cm\/\" \/>\n<meta property=\"og:locale\" content=\"hr_HR\" \/>\n<meta property=\"og:type\" content=\"article\" \/>\n<meta property=\"og:title\" content=\"Otro\u0161ka postelja LIP Satler LUKA 120x60cm | Ajatutaja\" \/>\n<meta property=\"og:description\" content=\"Otro\u0161ki program LUKA slovenskega proizvajalca Lip Satler vklju\u010duje otro\u0161ko posteljo v dveh dimenzijah, previjalno komodo in omaro. Vse iz kvalitetnega bukovega lesa. Na voljo v treh barvah.\" \/>\n<meta property=\"og:url\" content=\"https:\/\/ajatutaja.com\/izdelek\/otroska-postelja-lip-satler-luka-120x60cm\/\" \/>\n<meta property=\"og:site_name\" content=\"Ajatutaja\" \/>\n<meta property=\"article:modified_time\" content=\"2026-04-01T08:00:32+00:00\" \/>\n<meta property=\"og:image\" content=\"https:\/\/ajatutaja.com\/wp-content\/uploads\/2018\/06\/0000970_otroska-postelja-luka_600.jpeg\" \/>\n\t<meta property=\"og:image:width\" content=\"600\" \/>\n\t<meta property=\"og:image:height\" content=\"600\" \/>\n\t<meta property=\"og:image:type\" content=\"image\/jpeg\" \/>\n<meta name=\"twitter:card\" content=\"summary_large_image\" \/>\n<meta name=\"twitter:label1\" content=\"Procijenjeno vrijeme \u010ditanja\" \/>\n\t<meta name=\"twitter:data1\" content=\"1 minuta\" \/>\n<script type=\"application\/ld+json\" class=\"yoast-schema-graph\">{\"@context\":\"https:\\\/\\\/schema.org\",\"@graph\":[{\"@type\":\"WebPage\",\"@id\":\"https:\\\/\\\/ajatutaja.com\\\/izdelek\\\/otroska-postelja-lip-satler-luka-120x60cm\\\/\",\"url\":\"https:\\\/\\\/ajatutaja.com\\\/izdelek\\\/otroska-postelja-lip-satler-luka-120x60cm\\\/\",\"name\":\"Otro\u0161ka postelja LIP Satler LUKA 120x60cm | Ajatutaja\",\"isPartOf\":{\"@id\":\"https:\\\/\\\/ajatutaja.com\\\/#website\"},\"primaryImageOfPage\":{\"@id\":\"https:\\\/\\\/ajatutaja.com\\\/izdelek\\\/otroska-postelja-lip-satler-luka-120x60cm\\\/#primaryimage\"},\"image\":{\"@id\":\"https:\\\/\\\/ajatutaja.com\\\/izdelek\\\/otroska-postelja-lip-satler-luka-120x60cm\\\/#primaryimage\"},\"thumbnailUrl\":\"https:\\\/\\\/ajatutaja.com\\\/wp-content\\\/uploads\\\/2018\\\/06\\\/0000970_otroska-postelja-luka_600.jpeg\",\"datePublished\":\"2018-06-13T11:37:07+00:00\",\"dateModified\":\"2026-04-01T08:00:32+00:00\",\"description\":\"Otro\u0161ki program LUKA slovenskega proizvajalca Lip Satler vklju\u010duje otro\u0161ko posteljo v dveh dimenzijah, previjalno komodo in omaro. Vse iz kvalitetnega bukovega lesa. Na voljo v treh barvah.\",\"breadcrumb\":{\"@id\":\"https:\\\/\\\/ajatutaja.com\\\/izdelek\\\/otroska-postelja-lip-satler-luka-120x60cm\\\/#breadcrumb\"},\"inLanguage\":\"hr\",\"potentialAction\":[{\"@type\":\"ReadAction\",\"target\":[\"https:\\\/\\\/ajatutaja.com\\\/izdelek\\\/otroska-postelja-lip-satler-luka-120x60cm\\\/\"]}]},{\"@type\":\"ImageObject\",\"inLanguage\":\"hr\",\"@id\":\"https:\\\/\\\/ajatutaja.com\\\/izdelek\\\/otroska-postelja-lip-satler-luka-120x60cm\\\/#primaryimage\",\"url\":\"https:\\\/\\\/ajatutaja.com\\\/wp-content\\\/uploads\\\/2018\\\/06\\\/0000970_otroska-postelja-luka_600.jpeg\",\"contentUrl\":\"https:\\\/\\\/ajatutaja.com\\\/wp-content\\\/uploads\\\/2018\\\/06\\\/0000970_otroska-postelja-luka_600.jpeg\",\"width\":600,\"height\":600},{\"@type\":\"BreadcrumbList\",\"@id\":\"https:\\\/\\\/ajatutaja.com\\\/izdelek\\\/otroska-postelja-lip-satler-luka-120x60cm\\\/#breadcrumb\",\"itemListElement\":[{\"@type\":\"ListItem\",\"position\":1,\"name\":\"Home\",\"item\":\"https:\\\/\\\/ajatutaja.com\\\/hr\\\/\"},{\"@type\":\"ListItem\",\"position\":2,\"name\":\"Trgovina\",\"item\":\"https:\\\/\\\/ajatutaja.com\\\/hr\\\/trgovina\\\/\"},{\"@type\":\"ListItem\",\"position\":3,\"name\":\"Otro\u0161ka postelja LIP Satler LUKA 120x60cm\"}]},{\"@type\":\"WebSite\",\"@id\":\"https:\\\/\\\/ajatutaja.com\\\/#website\",\"url\":\"https:\\\/\\\/ajatutaja.com\\\/\",\"name\":\"Ajatutaja\",\"description\":\"Otro\u0161ka spletna trgovina AJATUTAJA\",\"publisher\":{\"@id\":\"https:\\\/\\\/ajatutaja.com\\\/#organization\"},\"potentialAction\":[{\"@type\":\"SearchAction\",\"target\":{\"@type\":\"EntryPoint\",\"urlTemplate\":\"https:\\\/\\\/ajatutaja.com\\\/?s={search_term_string}\"},\"query-input\":{\"@type\":\"PropertyValueSpecification\",\"valueRequired\":true,\"valueName\":\"search_term_string\"}}],\"inLanguage\":\"hr\"},{\"@type\":\"Organization\",\"@id\":\"https:\\\/\\\/ajatutaja.com\\\/#organization\",\"name\":\"Ajatutaja\",\"url\":\"https:\\\/\\\/ajatutaja.com\\\/\",\"logo\":{\"@type\":\"ImageObject\",\"inLanguage\":\"hr\",\"@id\":\"https:\\\/\\\/ajatutaja.com\\\/#\\\/schema\\\/logo\\\/image\\\/\",\"url\":\"https:\\\/\\\/ajatutaja.com\\\/wp-content\\\/uploads\\\/2021\\\/10\\\/logo.png\",\"contentUrl\":\"https:\\\/\\\/ajatutaja.com\\\/wp-content\\\/uploads\\\/2021\\\/10\\\/logo.png\",\"width\":555,\"height\":150,\"caption\":\"Ajatutaja\"},\"image\":{\"@id\":\"https:\\\/\\\/ajatutaja.com\\\/#\\\/schema\\\/logo\\\/image\\\/\"}}]}<\/script>\n<!-- \/ Yoast SEO plugin. -->","yoast_head_json":{"title":"Otro\u0161ka postelja LIP Satler LUKA 120x60cm | Ajatutaja","description":"Otro\u0161ki program LUKA slovenskega proizvajalca Lip Satler vklju\u010duje otro\u0161ko posteljo v dveh dimenzijah, previjalno komodo in omaro. Vse iz kvalitetnega bukovega lesa. Na voljo v treh barvah.","robots":{"index":"index","follow":"follow","max-snippet":"max-snippet:-1","max-image-preview":"max-image-preview:large","max-video-preview":"max-video-preview:-1"},"canonical":"https:\/\/ajatutaja.com\/izdelek\/otroska-postelja-lip-satler-luka-120x60cm\/","og_locale":"hr_HR","og_type":"article","og_title":"Otro\u0161ka postelja LIP Satler LUKA 120x60cm | Ajatutaja","og_description":"Otro\u0161ki program LUKA slovenskega proizvajalca Lip Satler vklju\u010duje otro\u0161ko posteljo v dveh dimenzijah, previjalno komodo in omaro. Vse iz kvalitetnega bukovega lesa. Na voljo v treh barvah.","og_url":"https:\/\/ajatutaja.com\/izdelek\/otroska-postelja-lip-satler-luka-120x60cm\/","og_site_name":"Ajatutaja","article_modified_time":"2026-04-01T08:00:32+00:00","og_image":[{"width":600,"height":600,"url":"https:\/\/ajatutaja.com\/wp-content\/uploads\/2018\/06\/0000970_otroska-postelja-luka_600.jpeg","type":"image\/jpeg"}],"twitter_card":"summary_large_image","twitter_misc":{"Procijenjeno vrijeme \u010ditanja":"1 minuta"},"schema":{"@context":"https:\/\/schema.org","@graph":[{"@type":"WebPage","@id":"https:\/\/ajatutaja.com\/izdelek\/otroska-postelja-lip-satler-luka-120x60cm\/","url":"https:\/\/ajatutaja.com\/izdelek\/otroska-postelja-lip-satler-luka-120x60cm\/","name":"Otro\u0161ka postelja LIP Satler LUKA 120x60cm | Ajatutaja","isPartOf":{"@id":"https:\/\/ajatutaja.com\/#website"},"primaryImageOfPage":{"@id":"https:\/\/ajatutaja.com\/izdelek\/otroska-postelja-lip-satler-luka-120x60cm\/#primaryimage"},"image":{"@id":"https:\/\/ajatutaja.com\/izdelek\/otroska-postelja-lip-satler-luka-120x60cm\/#primaryimage"},"thumbnailUrl":"https:\/\/ajatutaja.com\/wp-content\/uploads\/2018\/06\/0000970_otroska-postelja-luka_600.jpeg","datePublished":"2018-06-13T11:37:07+00:00","dateModified":"2026-04-01T08:00:32+00:00","description":"Otro\u0161ki program LUKA slovenskega proizvajalca Lip Satler vklju\u010duje otro\u0161ko posteljo v dveh dimenzijah, previjalno komodo in omaro. Vse iz kvalitetnega bukovega lesa. Na voljo v treh barvah.","breadcrumb":{"@id":"https:\/\/ajatutaja.com\/izdelek\/otroska-postelja-lip-satler-luka-120x60cm\/#breadcrumb"},"inLanguage":"hr","potentialAction":[{"@type":"ReadAction","target":["https:\/\/ajatutaja.com\/izdelek\/otroska-postelja-lip-satler-luka-120x60cm\/"]}]},{"@type":"ImageObject","inLanguage":"hr","@id":"https:\/\/ajatutaja.com\/izdelek\/otroska-postelja-lip-satler-luka-120x60cm\/#primaryimage","url":"https:\/\/ajatutaja.com\/wp-content\/uploads\/2018\/06\/0000970_otroska-postelja-luka_600.jpeg","contentUrl":"https:\/\/ajatutaja.com\/wp-content\/uploads\/2018\/06\/0000970_otroska-postelja-luka_600.jpeg","width":600,"height":600},{"@type":"BreadcrumbList","@id":"https:\/\/ajatutaja.com\/izdelek\/otroska-postelja-lip-satler-luka-120x60cm\/#breadcrumb","itemListElement":[{"@type":"ListItem","position":1,"name":"Home","item":"https:\/\/ajatutaja.com\/hr\/"},{"@type":"ListItem","position":2,"name":"Trgovina","item":"https:\/\/ajatutaja.com\/hr\/trgovina\/"},{"@type":"ListItem","position":3,"name":"Otro\u0161ka postelja LIP Satler LUKA 120x60cm"}]},{"@type":"WebSite","@id":"https:\/\/ajatutaja.com\/#website","url":"https:\/\/ajatutaja.com\/","name":"Ajatutaja","description":"Otro\u0161ka spletna trgovina AJATUTAJA","publisher":{"@id":"https:\/\/ajatutaja.com\/#organization"},"potentialAction":[{"@type":"SearchAction","target":{"@type":"EntryPoint","urlTemplate":"https:\/\/ajatutaja.com\/?s={search_term_string}"},"query-input":{"@type":"PropertyValueSpecification","valueRequired":true,"valueName":"search_term_string"}}],"inLanguage":"hr"},{"@type":"Organization","@id":"https:\/\/ajatutaja.com\/#organization","name":"Ajatutaja","url":"https:\/\/ajatutaja.com\/","logo":{"@type":"ImageObject","inLanguage":"hr","@id":"https:\/\/ajatutaja.com\/#\/schema\/logo\/image\/","url":"https:\/\/ajatutaja.com\/wp-content\/uploads\/2021\/10\/logo.png","contentUrl":"https:\/\/ajatutaja.com\/wp-content\/uploads\/2021\/10\/logo.png","width":555,"height":150,"caption":"Ajatutaja"},"image":{"@id":"https:\/\/ajatutaja.com\/#\/schema\/logo\/image\/"}}]}},"brands":[{"id":2615,"name":"Lip Satler","slug":"lip-satler"},{"id":2611,"name":"Spanje","slug":"spanje"}],"_links":{"self":[{"href":"https:\/\/ajatutaja.com\/hr\/wp-json\/wp\/v2\/product\/22194","targetHints":{"allow":["GET"]}}],"collection":[{"href":"https:\/\/ajatutaja.com\/hr\/wp-json\/wp\/v2\/product"}],"about":[{"href":"https:\/\/ajatutaja.com\/hr\/wp-json\/wp\/v2\/types\/product"}],"wp:featuredmedia":[{"embeddable":true,"href":"https:\/\/ajatutaja.com\/hr\/wp-json\/wp\/v2\/media\/87929"}],"wp:attachment":[{"href":"https:\/\/ajatutaja.com\/hr\/wp-json\/wp\/v2\/media?parent=22194"}],"wp:term":[{"taxonomy":"pwb-brand","embeddable":true,"href":"https:\/\/ajatutaja.com\/hr\/wp-json\/wp\/v2\/pwb-brand?post=22194"},{"taxonomy":"product_brand","embeddable":true,"href":"https:\/\/ajatutaja.com\/hr\/wp-json\/wp\/v2\/product_brand?post=22194"},{"taxonomy":"product_cat","embeddable":true,"href":"https:\/\/ajatutaja.com\/hr\/wp-json\/wp\/v2\/product_cat?post=22194"},{"taxonomy":"product_tag","embeddable":true,"href":"https:\/\/ajatutaja.com\/hr\/wp-json\/wp\/v2\/product_tag?post=22194"}],"curies":[{"name":"wp","href":"https:\/\/api.w.org\/{rel}","templated":true}]}}