{"id":22149,"date":"2024-05-17T11:27:16","date_gmt":"2024-05-17T09:27:16","guid":{"rendered":"https:\/\/ajatutaja.com\/izdelek\/baby-nova-cucelj-za-steklenicko-silikon\/"},"modified":"2026-04-14T10:46:40","modified_gmt":"2026-04-14T08:46:40","slug":"baby-nova-cucelj-za-steklenicko-silikon","status":"publish","type":"product","link":"https:\/\/ajatutaja.com\/hr\/proizvod\/baby-nova-cucelj-za-steklenicko-silikon\/","title":{"rendered":"Cucelj za stekleni\u010dko z ozkim grlom Baby Nova &#8211; Silikon (Pak.2)"},"content":{"rendered":"<p>[vc_row][vc_column][vc_column_text]Lastnosti:<\/p>\n<ul>\n<li>Ustreza vsem Baby Nova stekleni\u010dkam oz. fla\u0161kam z ozkim grlom<\/li>\n<li>Okrogla oblika cuclja iz mehkega silikona<\/li>\n<li>UNI\u00ab velikosti, primerno za dojen\u010dke in mal\u010dke v starosti 0-24 mesecev<\/li>\n<li>Vgrajen \u00bbanti-colic ventil\u010dek\u00ab, ki zmanj\u0161uje tlak v stekelni\u010dki in tako vnos zraka<\/li>\n<li>3 pretoki na voljo: \u010caj (velkost S), Mleko (velikost M) ali Gosto hrano (velikost L)<\/li>\n<li>Ustreza Evropskemu standardu EN 14350<\/li>\n<li>BPA free<\/li>\n<\/ul>\n<p><span style=\"color: #999999\"><em><strong>O blagovni znamki BABY-NOVA<\/strong><\/em><\/span><\/p>\n<p style=\"text-align: justify\"><span style=\"color: #999999\"><em>Za izdelki BABY-NOVA stoji nem\u0161ko dru\u017einsko podjetje Novatex GmbH, ki v sodelovanju z zobozdravniki, ortodonti, znanstveniki in star\u0161i \u017ee ve\u010d kot 25 let raziskuje in razvija inovativne re\u0161itve za otro\u0161ko nego in hranjenje. V lasti imajo tovarno v mestu Langenstein v Nem\u010diji.<\/em><\/span><\/p>\n<p style=\"text-align: justify\"><span style=\"color: #999999\"><em>\u0160tevilni izdelki BABY-NOVA so prejemniki ocene \u201codli\u010dno\u201d (Sehr gut), ki jo podeljuje nem\u0161ka revija za potro\u0161nike <span lang=\"SL\"><span lang=\"SL\">\u00d6<\/span>KO<\/span> TEST, duda BABY-NOVA Dentistar pa je prva duda na svetu nagrajena s nazivom \u201czobom prijazna\u201d (Toothfriendly).<\/em><\/span><\/p>\n<p>[\/vc_column_text][\/vc_column][\/vc_row]<\/p>\n","protected":false},"excerpt":{"rendered":"<p>Cucelj iz mehkega silikona ima &#8220;ANTI COLIC&#8221; ventil\u010dek in ga lahko namestimo na vse stekleni\u010dke Baby Nova z ozkim grlom (125 ml ali 240ml). V kompletu dobite 2 cuclja z istim pretokom.<\/p>\n","protected":false},"featured_media":22148,"template":"","meta":[],"pwb-brand":[2325,2269],"product_brand":[],"product_cat":[2307,2266],"product_tag":[3976],"class_list":{"0":"post-22149","1":"product","2":"type-product","3":"status-publish","4":"has-post-thumbnail","6":"pwb-brand-baby-nova-hranjenje","7":"pwb-brand-hranjenje","8":"product_cat-flaske-in-steklenicke","9":"product_cat-hranjenje","10":"product_tag-baby-nova","12":"first","13":"instock","14":"taxable","15":"shipping-taxable","16":"purchasable","17":"product-type-variable","18":"add-to-wishlist-before_image"},"yoast_head":"<!-- This site is optimized with the Yoast SEO plugin v27.3 - https:\/\/yoast.com\/product\/yoast-seo-wordpress\/ -->\n<title>Cucelj za stekleni\u010dko z ozkim grlom Baby Nova - Silikon (Pak.2) | Ajatutaja<\/title>\n<meta name=\"description\" content=\"Cucelj iz mehkega silikona lahko namestimo na vse stekleni\u010dke Baby Nova z ozkim grlom (125 ml ali 240ml). BabyNova stekleni\u010dka s cucljem univerzalne velikosti 0-24 mes.\" \/>\n<meta name=\"robots\" content=\"index, follow, max-snippet:-1, max-image-preview:large, max-video-preview:-1\" \/>\n<link rel=\"canonical\" href=\"https:\/\/ajatutaja.com\/izdelek\/baby-nova-cucelj-za-steklenicko-silikon\/\" \/>\n<meta property=\"og:locale\" content=\"hr_HR\" \/>\n<meta property=\"og:type\" content=\"article\" \/>\n<meta property=\"og:title\" content=\"Cucelj za stekleni\u010dko z ozkim grlom Baby Nova - Silikon (Pak.2) | Ajatutaja\" \/>\n<meta property=\"og:description\" content=\"Cucelj iz mehkega silikona lahko namestimo na vse stekleni\u010dke Baby Nova z ozkim grlom (125 ml ali 240ml). BabyNova stekleni\u010dka s cucljem univerzalne velikosti 0-24 mes.\" \/>\n<meta property=\"og:url\" content=\"https:\/\/ajatutaja.com\/izdelek\/baby-nova-cucelj-za-steklenicko-silikon\/\" \/>\n<meta property=\"og:site_name\" content=\"Ajatutaja\" \/>\n<meta property=\"article:modified_time\" content=\"2026-04-14T08:46:40+00:00\" \/>\n<meta property=\"og:image\" content=\"https:\/\/ajatutaja.com\/wp-content\/uploads\/2021\/11\/baby-nova-cucelj-silikon-1.jpg\" \/>\n\t<meta property=\"og:image:width\" content=\"500\" \/>\n\t<meta property=\"og:image:height\" content=\"500\" \/>\n\t<meta property=\"og:image:type\" content=\"image\/jpeg\" \/>\n<meta name=\"twitter:card\" content=\"summary_large_image\" \/>\n<meta name=\"twitter:label1\" content=\"Procijenjeno vrijeme \u010ditanja\" \/>\n\t<meta name=\"twitter:data1\" content=\"1 minuta\" \/>\n<script type=\"application\/ld+json\" class=\"yoast-schema-graph\">{\"@context\":\"https:\\\/\\\/schema.org\",\"@graph\":[{\"@type\":\"WebPage\",\"@id\":\"https:\\\/\\\/ajatutaja.com\\\/izdelek\\\/baby-nova-cucelj-za-steklenicko-silikon\\\/\",\"url\":\"https:\\\/\\\/ajatutaja.com\\\/izdelek\\\/baby-nova-cucelj-za-steklenicko-silikon\\\/\",\"name\":\"Cucelj za stekleni\u010dko z ozkim grlom Baby Nova - Silikon (Pak.2) | Ajatutaja\",\"isPartOf\":{\"@id\":\"https:\\\/\\\/ajatutaja.com\\\/#website\"},\"primaryImageOfPage\":{\"@id\":\"https:\\\/\\\/ajatutaja.com\\\/izdelek\\\/baby-nova-cucelj-za-steklenicko-silikon\\\/#primaryimage\"},\"image\":{\"@id\":\"https:\\\/\\\/ajatutaja.com\\\/izdelek\\\/baby-nova-cucelj-za-steklenicko-silikon\\\/#primaryimage\"},\"thumbnailUrl\":\"https:\\\/\\\/ajatutaja.com\\\/wp-content\\\/uploads\\\/2021\\\/11\\\/baby-nova-cucelj-silikon-1.jpg\",\"datePublished\":\"2024-05-17T09:27:16+00:00\",\"dateModified\":\"2026-04-14T08:46:40+00:00\",\"description\":\"Cucelj iz mehkega silikona lahko namestimo na vse stekleni\u010dke Baby Nova z ozkim grlom (125 ml ali 240ml). BabyNova stekleni\u010dka s cucljem univerzalne velikosti 0-24 mes.\",\"breadcrumb\":{\"@id\":\"https:\\\/\\\/ajatutaja.com\\\/izdelek\\\/baby-nova-cucelj-za-steklenicko-silikon\\\/#breadcrumb\"},\"inLanguage\":\"hr\",\"potentialAction\":[{\"@type\":\"ReadAction\",\"target\":[\"https:\\\/\\\/ajatutaja.com\\\/izdelek\\\/baby-nova-cucelj-za-steklenicko-silikon\\\/\"]}]},{\"@type\":\"ImageObject\",\"inLanguage\":\"hr\",\"@id\":\"https:\\\/\\\/ajatutaja.com\\\/izdelek\\\/baby-nova-cucelj-za-steklenicko-silikon\\\/#primaryimage\",\"url\":\"https:\\\/\\\/ajatutaja.com\\\/wp-content\\\/uploads\\\/2021\\\/11\\\/baby-nova-cucelj-silikon-1.jpg\",\"contentUrl\":\"https:\\\/\\\/ajatutaja.com\\\/wp-content\\\/uploads\\\/2021\\\/11\\\/baby-nova-cucelj-silikon-1.jpg\",\"width\":500,\"height\":500},{\"@type\":\"BreadcrumbList\",\"@id\":\"https:\\\/\\\/ajatutaja.com\\\/izdelek\\\/baby-nova-cucelj-za-steklenicko-silikon\\\/#breadcrumb\",\"itemListElement\":[{\"@type\":\"ListItem\",\"position\":1,\"name\":\"Home\",\"item\":\"https:\\\/\\\/ajatutaja.com\\\/hr\\\/\"},{\"@type\":\"ListItem\",\"position\":2,\"name\":\"Trgovina\",\"item\":\"https:\\\/\\\/ajatutaja.com\\\/hr\\\/trgovina\\\/\"},{\"@type\":\"ListItem\",\"position\":3,\"name\":\"Cucelj za stekleni\u010dko z ozkim grlom Baby Nova &#8211; Silikon (Pak.2)\"}]},{\"@type\":\"WebSite\",\"@id\":\"https:\\\/\\\/ajatutaja.com\\\/#website\",\"url\":\"https:\\\/\\\/ajatutaja.com\\\/\",\"name\":\"Ajatutaja\",\"description\":\"Otro\u0161ka spletna trgovina AJATUTAJA\",\"publisher\":{\"@id\":\"https:\\\/\\\/ajatutaja.com\\\/#organization\"},\"potentialAction\":[{\"@type\":\"SearchAction\",\"target\":{\"@type\":\"EntryPoint\",\"urlTemplate\":\"https:\\\/\\\/ajatutaja.com\\\/?s={search_term_string}\"},\"query-input\":{\"@type\":\"PropertyValueSpecification\",\"valueRequired\":true,\"valueName\":\"search_term_string\"}}],\"inLanguage\":\"hr\"},{\"@type\":\"Organization\",\"@id\":\"https:\\\/\\\/ajatutaja.com\\\/#organization\",\"name\":\"Ajatutaja\",\"url\":\"https:\\\/\\\/ajatutaja.com\\\/\",\"logo\":{\"@type\":\"ImageObject\",\"inLanguage\":\"hr\",\"@id\":\"https:\\\/\\\/ajatutaja.com\\\/#\\\/schema\\\/logo\\\/image\\\/\",\"url\":\"https:\\\/\\\/ajatutaja.com\\\/wp-content\\\/uploads\\\/2021\\\/10\\\/logo.png\",\"contentUrl\":\"https:\\\/\\\/ajatutaja.com\\\/wp-content\\\/uploads\\\/2021\\\/10\\\/logo.png\",\"width\":555,\"height\":150,\"caption\":\"Ajatutaja\"},\"image\":{\"@id\":\"https:\\\/\\\/ajatutaja.com\\\/#\\\/schema\\\/logo\\\/image\\\/\"}}]}<\/script>\n<!-- \/ Yoast SEO plugin. -->","yoast_head_json":{"title":"Cucelj za stekleni\u010dko z ozkim grlom Baby Nova - Silikon (Pak.2) | Ajatutaja","description":"Cucelj iz mehkega silikona lahko namestimo na vse stekleni\u010dke Baby Nova z ozkim grlom (125 ml ali 240ml). BabyNova stekleni\u010dka s cucljem univerzalne velikosti 0-24 mes.","robots":{"index":"index","follow":"follow","max-snippet":"max-snippet:-1","max-image-preview":"max-image-preview:large","max-video-preview":"max-video-preview:-1"},"canonical":"https:\/\/ajatutaja.com\/izdelek\/baby-nova-cucelj-za-steklenicko-silikon\/","og_locale":"hr_HR","og_type":"article","og_title":"Cucelj za stekleni\u010dko z ozkim grlom Baby Nova - Silikon (Pak.2) | Ajatutaja","og_description":"Cucelj iz mehkega silikona lahko namestimo na vse stekleni\u010dke Baby Nova z ozkim grlom (125 ml ali 240ml). BabyNova stekleni\u010dka s cucljem univerzalne velikosti 0-24 mes.","og_url":"https:\/\/ajatutaja.com\/izdelek\/baby-nova-cucelj-za-steklenicko-silikon\/","og_site_name":"Ajatutaja","article_modified_time":"2026-04-14T08:46:40+00:00","og_image":[{"width":500,"height":500,"url":"https:\/\/ajatutaja.com\/wp-content\/uploads\/2021\/11\/baby-nova-cucelj-silikon-1.jpg","type":"image\/jpeg"}],"twitter_card":"summary_large_image","twitter_misc":{"Procijenjeno vrijeme \u010ditanja":"1 minuta"},"schema":{"@context":"https:\/\/schema.org","@graph":[{"@type":"WebPage","@id":"https:\/\/ajatutaja.com\/izdelek\/baby-nova-cucelj-za-steklenicko-silikon\/","url":"https:\/\/ajatutaja.com\/izdelek\/baby-nova-cucelj-za-steklenicko-silikon\/","name":"Cucelj za stekleni\u010dko z ozkim grlom Baby Nova - Silikon (Pak.2) | Ajatutaja","isPartOf":{"@id":"https:\/\/ajatutaja.com\/#website"},"primaryImageOfPage":{"@id":"https:\/\/ajatutaja.com\/izdelek\/baby-nova-cucelj-za-steklenicko-silikon\/#primaryimage"},"image":{"@id":"https:\/\/ajatutaja.com\/izdelek\/baby-nova-cucelj-za-steklenicko-silikon\/#primaryimage"},"thumbnailUrl":"https:\/\/ajatutaja.com\/wp-content\/uploads\/2021\/11\/baby-nova-cucelj-silikon-1.jpg","datePublished":"2024-05-17T09:27:16+00:00","dateModified":"2026-04-14T08:46:40+00:00","description":"Cucelj iz mehkega silikona lahko namestimo na vse stekleni\u010dke Baby Nova z ozkim grlom (125 ml ali 240ml). BabyNova stekleni\u010dka s cucljem univerzalne velikosti 0-24 mes.","breadcrumb":{"@id":"https:\/\/ajatutaja.com\/izdelek\/baby-nova-cucelj-za-steklenicko-silikon\/#breadcrumb"},"inLanguage":"hr","potentialAction":[{"@type":"ReadAction","target":["https:\/\/ajatutaja.com\/izdelek\/baby-nova-cucelj-za-steklenicko-silikon\/"]}]},{"@type":"ImageObject","inLanguage":"hr","@id":"https:\/\/ajatutaja.com\/izdelek\/baby-nova-cucelj-za-steklenicko-silikon\/#primaryimage","url":"https:\/\/ajatutaja.com\/wp-content\/uploads\/2021\/11\/baby-nova-cucelj-silikon-1.jpg","contentUrl":"https:\/\/ajatutaja.com\/wp-content\/uploads\/2021\/11\/baby-nova-cucelj-silikon-1.jpg","width":500,"height":500},{"@type":"BreadcrumbList","@id":"https:\/\/ajatutaja.com\/izdelek\/baby-nova-cucelj-za-steklenicko-silikon\/#breadcrumb","itemListElement":[{"@type":"ListItem","position":1,"name":"Home","item":"https:\/\/ajatutaja.com\/hr\/"},{"@type":"ListItem","position":2,"name":"Trgovina","item":"https:\/\/ajatutaja.com\/hr\/trgovina\/"},{"@type":"ListItem","position":3,"name":"Cucelj za stekleni\u010dko z ozkim grlom Baby Nova &#8211; Silikon (Pak.2)"}]},{"@type":"WebSite","@id":"https:\/\/ajatutaja.com\/#website","url":"https:\/\/ajatutaja.com\/","name":"Ajatutaja","description":"Otro\u0161ka spletna trgovina AJATUTAJA","publisher":{"@id":"https:\/\/ajatutaja.com\/#organization"},"potentialAction":[{"@type":"SearchAction","target":{"@type":"EntryPoint","urlTemplate":"https:\/\/ajatutaja.com\/?s={search_term_string}"},"query-input":{"@type":"PropertyValueSpecification","valueRequired":true,"valueName":"search_term_string"}}],"inLanguage":"hr"},{"@type":"Organization","@id":"https:\/\/ajatutaja.com\/#organization","name":"Ajatutaja","url":"https:\/\/ajatutaja.com\/","logo":{"@type":"ImageObject","inLanguage":"hr","@id":"https:\/\/ajatutaja.com\/#\/schema\/logo\/image\/","url":"https:\/\/ajatutaja.com\/wp-content\/uploads\/2021\/10\/logo.png","contentUrl":"https:\/\/ajatutaja.com\/wp-content\/uploads\/2021\/10\/logo.png","width":555,"height":150,"caption":"Ajatutaja"},"image":{"@id":"https:\/\/ajatutaja.com\/#\/schema\/logo\/image\/"}}]}},"brands":[{"id":2325,"name":"Baby Nova","slug":"baby-nova-hranjenje"},{"id":2269,"name":"Hranjenje","slug":"hranjenje"}],"_links":{"self":[{"href":"https:\/\/ajatutaja.com\/hr\/wp-json\/wp\/v2\/product\/22149","targetHints":{"allow":["GET"]}}],"collection":[{"href":"https:\/\/ajatutaja.com\/hr\/wp-json\/wp\/v2\/product"}],"about":[{"href":"https:\/\/ajatutaja.com\/hr\/wp-json\/wp\/v2\/types\/product"}],"wp:featuredmedia":[{"embeddable":true,"href":"https:\/\/ajatutaja.com\/hr\/wp-json\/wp\/v2\/media\/22148"}],"wp:attachment":[{"href":"https:\/\/ajatutaja.com\/hr\/wp-json\/wp\/v2\/media?parent=22149"}],"wp:term":[{"taxonomy":"pwb-brand","embeddable":true,"href":"https:\/\/ajatutaja.com\/hr\/wp-json\/wp\/v2\/pwb-brand?post=22149"},{"taxonomy":"product_brand","embeddable":true,"href":"https:\/\/ajatutaja.com\/hr\/wp-json\/wp\/v2\/product_brand?post=22149"},{"taxonomy":"product_cat","embeddable":true,"href":"https:\/\/ajatutaja.com\/hr\/wp-json\/wp\/v2\/product_cat?post=22149"},{"taxonomy":"product_tag","embeddable":true,"href":"https:\/\/ajatutaja.com\/hr\/wp-json\/wp\/v2\/product_tag?post=22149"}],"curies":[{"name":"wp","href":"https:\/\/api.w.org\/{rel}","templated":true}]}}