{"id":22113,"date":"2022-05-06T08:23:50","date_gmt":"2022-05-06T06:23:50","guid":{"rendered":"https:\/\/ajatutaja.com\/izdelek\/baby-nova-flaska-za-ucenje-pitja-125-ml\/"},"modified":"2026-04-17T15:09:48","modified_gmt":"2026-04-17T13:09:48","slug":"baby-nova-flaska-za-ucenje-pitja-125-ml","status":"publish","type":"product","link":"https:\/\/ajatutaja.com\/hr\/proizvod\/baby-nova-flaska-za-ucenje-pitja-125-ml\/","title":{"rendered":"Baby Nova fla\u0161ka za u\u010denje pitja 125ml"},"content":{"rendered":"<p>Baby Nova fla\u0161ka z ro\u010daji 125 ml ne vsebuje vsebuje BPA (Bisfenola-A) in ustrezajo Evropskemu standardu EN 14350. Proizvedeno v EU!<\/p>\n<p>PP stekleni\u010dka se lahko uporablja kot u\u010dna stekleni\u010dka s katero se\u00a0 otrok u\u010di samostojnega pitja teko\u010din. Opremljena je s\u00a0 trdim nastavkom &#8211; ustnikom in ergonomi\u010dnimi \u00a0ro\u010daji,\u00a0ki omogo\u010dajo otroku \u00a0enostavno samostojno pitje teko\u010din.<\/p>\n<p><span style=\"color: #ff9900\"><em>Izdelki Baby Nova so na voljo tudi v na\u0161i trgovini Ajatutaja Koper.<\/em><\/span><\/p>\n<p style=\"text-align: justify\">Steklenice so odporne na kuhanje in \u010di\u0161\u010denje v pomivalnem stroju. Steklenice so zelo vzdr\u017eljive in ne absorbirajo vonja ali made\u017eev \u010daja\/mleka\/soka, seveda ob pravilnem vzdr\u017eevanju!<\/p>\n<p><span style=\"color: #999999\"><em><strong>O blagovni znamki BABY-NOVA<\/strong><\/em><\/span><\/p>\n<p style=\"text-align: justify\"><span style=\"color: #999999\"><em>Za izdelki BABY-NOVA stoji nem\u0161ko dru\u017einsko podjetje Novatex GmbH, ki v sodelovanju z zobozdravniki, ortodonti, znanstveniki in star\u0161i \u017ee ve\u010d kot 25 let raziskuje in razvija inovativne re\u0161itve za otro\u0161ko nego in hranjenje. V lasti imajo tovarno v mestu Langenstein v Nem\u010diji.<\/em><\/span><\/p>\n<p style=\"text-align: justify\"><span style=\"color: #999999\"><em>\u0160tevilni izdelki BABY-NOVA so prejemniki ocene \u201codli\u010dno\u201d (Sehr gut), ki jo podeljuje nem\u0161ka revija za potro\u0161nike <span lang=\"SL\"><span lang=\"SL\">\u00d6<\/span>KO<\/span> TEST, duda BABY-NOVA Dentistar pa je prva duda na svetu nagrajena s nazivom \u201czobom prijazna\u201d (Toothfriendly).<\/em><\/span><\/p>\n","protected":false},"excerpt":{"rendered":"<p>Baby Nova fla\u0161ka za u\u010denje pitja z ro\u010daji 125 ml se je opremljena s\u00a0 trdim nastavkom &#8211; ustnikom in ergonomi\u010dnimi ro\u010daji, ki omogo\u010dajo otroku enostavno in samostojno pitje teko\u010din. Nanjo lahko namestite tudi klasi\u010dne cuclje Baby Nova, ki se kupijo lo\u010deno.<\/p>\n","protected":false},"featured_media":21722,"template":"","meta":[],"pwb-brand":[2325,2269],"product_brand":[],"product_cat":[2307,2266,2742],"product_tag":[3976],"class_list":{"0":"post-22113","1":"product","2":"type-product","3":"status-publish","4":"has-post-thumbnail","6":"pwb-brand-baby-nova-hranjenje","7":"pwb-brand-hranjenje","8":"product_cat-flaske-in-steklenicke","9":"product_cat-hranjenje","10":"product_cat-outlet","11":"product_tag-baby-nova","13":"first","14":"instock","15":"sale","16":"taxable","17":"shipping-taxable","18":"purchasable","19":"product-type-simple","20":"add-to-wishlist-before_image"},"yoast_head":"<!-- This site is optimized with the Yoast SEO plugin v27.3 - https:\/\/yoast.com\/product\/yoast-seo-wordpress\/ -->\n<title>Baby Nova fla\u0161ka za u\u010denje pitja 125ml | Ajatutaja<\/title>\n<meta name=\"description\" content=\"Baby Nova fla\u0161ka za u\u010denje pitja z ro\u010daji 125 ml se je opremljena s trdim nastavkom - ustnikom in ergonomi\u010dnimi ro\u010daji, ki omogo\u010dajo otroku enostavno in samostojno pitje teko\u010din.\" \/>\n<meta name=\"robots\" content=\"index, follow, max-snippet:-1, max-image-preview:large, max-video-preview:-1\" \/>\n<link rel=\"canonical\" href=\"https:\/\/ajatutaja.com\/izdelek\/baby-nova-flaska-za-ucenje-pitja-125-ml\/\" \/>\n<meta property=\"og:locale\" content=\"hr_HR\" \/>\n<meta property=\"og:type\" content=\"article\" \/>\n<meta property=\"og:title\" content=\"Baby Nova fla\u0161ka za u\u010denje pitja 125ml | Ajatutaja\" \/>\n<meta property=\"og:description\" content=\"Baby Nova fla\u0161ka za u\u010denje pitja z ro\u010daji 125 ml se je opremljena s trdim nastavkom - ustnikom in ergonomi\u010dnimi ro\u010daji, ki omogo\u010dajo otroku enostavno in samostojno pitje teko\u010din.\" \/>\n<meta property=\"og:url\" content=\"https:\/\/ajatutaja.com\/izdelek\/baby-nova-flaska-za-ucenje-pitja-125-ml\/\" \/>\n<meta property=\"og:site_name\" content=\"Ajatutaja\" \/>\n<meta property=\"article:modified_time\" content=\"2026-04-17T13:09:48+00:00\" \/>\n<meta property=\"og:image\" content=\"https:\/\/ajatutaja.com\/wp-content\/uploads\/2021\/11\/Babynova-flaska-za-ucenje-pitja-rocaji-46003-modra.jpg\" \/>\n\t<meta property=\"og:image:width\" content=\"1000\" \/>\n\t<meta property=\"og:image:height\" content=\"1000\" \/>\n\t<meta property=\"og:image:type\" content=\"image\/jpeg\" \/>\n<meta name=\"twitter:card\" content=\"summary_large_image\" \/>\n<meta name=\"twitter:label1\" content=\"Procijenjeno vrijeme \u010ditanja\" \/>\n\t<meta name=\"twitter:data1\" content=\"1 minuta\" \/>\n<script type=\"application\/ld+json\" class=\"yoast-schema-graph\">{\"@context\":\"https:\\\/\\\/schema.org\",\"@graph\":[{\"@type\":\"WebPage\",\"@id\":\"https:\\\/\\\/ajatutaja.com\\\/izdelek\\\/baby-nova-flaska-za-ucenje-pitja-125-ml\\\/\",\"url\":\"https:\\\/\\\/ajatutaja.com\\\/izdelek\\\/baby-nova-flaska-za-ucenje-pitja-125-ml\\\/\",\"name\":\"Baby Nova fla\u0161ka za u\u010denje pitja 125ml | Ajatutaja\",\"isPartOf\":{\"@id\":\"https:\\\/\\\/ajatutaja.com\\\/#website\"},\"primaryImageOfPage\":{\"@id\":\"https:\\\/\\\/ajatutaja.com\\\/izdelek\\\/baby-nova-flaska-za-ucenje-pitja-125-ml\\\/#primaryimage\"},\"image\":{\"@id\":\"https:\\\/\\\/ajatutaja.com\\\/izdelek\\\/baby-nova-flaska-za-ucenje-pitja-125-ml\\\/#primaryimage\"},\"thumbnailUrl\":\"https:\\\/\\\/ajatutaja.com\\\/wp-content\\\/uploads\\\/2021\\\/11\\\/Babynova-flaska-za-ucenje-pitja-rocaji-46003-modra.jpg\",\"datePublished\":\"2022-05-06T06:23:50+00:00\",\"dateModified\":\"2026-04-17T13:09:48+00:00\",\"description\":\"Baby Nova fla\u0161ka za u\u010denje pitja z ro\u010daji 125 ml se je opremljena s trdim nastavkom - ustnikom in ergonomi\u010dnimi ro\u010daji, ki omogo\u010dajo otroku enostavno in samostojno pitje teko\u010din.\",\"breadcrumb\":{\"@id\":\"https:\\\/\\\/ajatutaja.com\\\/izdelek\\\/baby-nova-flaska-za-ucenje-pitja-125-ml\\\/#breadcrumb\"},\"inLanguage\":\"hr\",\"potentialAction\":[{\"@type\":\"ReadAction\",\"target\":[\"https:\\\/\\\/ajatutaja.com\\\/izdelek\\\/baby-nova-flaska-za-ucenje-pitja-125-ml\\\/\"]}]},{\"@type\":\"ImageObject\",\"inLanguage\":\"hr\",\"@id\":\"https:\\\/\\\/ajatutaja.com\\\/izdelek\\\/baby-nova-flaska-za-ucenje-pitja-125-ml\\\/#primaryimage\",\"url\":\"https:\\\/\\\/ajatutaja.com\\\/wp-content\\\/uploads\\\/2021\\\/11\\\/Babynova-flaska-za-ucenje-pitja-rocaji-46003-modra.jpg\",\"contentUrl\":\"https:\\\/\\\/ajatutaja.com\\\/wp-content\\\/uploads\\\/2021\\\/11\\\/Babynova-flaska-za-ucenje-pitja-rocaji-46003-modra.jpg\",\"width\":1000,\"height\":1000},{\"@type\":\"BreadcrumbList\",\"@id\":\"https:\\\/\\\/ajatutaja.com\\\/izdelek\\\/baby-nova-flaska-za-ucenje-pitja-125-ml\\\/#breadcrumb\",\"itemListElement\":[{\"@type\":\"ListItem\",\"position\":1,\"name\":\"Home\",\"item\":\"https:\\\/\\\/ajatutaja.com\\\/hr\\\/\"},{\"@type\":\"ListItem\",\"position\":2,\"name\":\"Trgovina\",\"item\":\"https:\\\/\\\/ajatutaja.com\\\/hr\\\/trgovina\\\/\"},{\"@type\":\"ListItem\",\"position\":3,\"name\":\"Baby Nova fla\u0161ka za u\u010denje pitja 125ml\"}]},{\"@type\":\"WebSite\",\"@id\":\"https:\\\/\\\/ajatutaja.com\\\/#website\",\"url\":\"https:\\\/\\\/ajatutaja.com\\\/\",\"name\":\"Ajatutaja\",\"description\":\"Otro\u0161ka spletna trgovina AJATUTAJA\",\"publisher\":{\"@id\":\"https:\\\/\\\/ajatutaja.com\\\/#organization\"},\"potentialAction\":[{\"@type\":\"SearchAction\",\"target\":{\"@type\":\"EntryPoint\",\"urlTemplate\":\"https:\\\/\\\/ajatutaja.com\\\/?s={search_term_string}\"},\"query-input\":{\"@type\":\"PropertyValueSpecification\",\"valueRequired\":true,\"valueName\":\"search_term_string\"}}],\"inLanguage\":\"hr\"},{\"@type\":\"Organization\",\"@id\":\"https:\\\/\\\/ajatutaja.com\\\/#organization\",\"name\":\"Ajatutaja\",\"url\":\"https:\\\/\\\/ajatutaja.com\\\/\",\"logo\":{\"@type\":\"ImageObject\",\"inLanguage\":\"hr\",\"@id\":\"https:\\\/\\\/ajatutaja.com\\\/#\\\/schema\\\/logo\\\/image\\\/\",\"url\":\"https:\\\/\\\/ajatutaja.com\\\/wp-content\\\/uploads\\\/2021\\\/10\\\/logo.png\",\"contentUrl\":\"https:\\\/\\\/ajatutaja.com\\\/wp-content\\\/uploads\\\/2021\\\/10\\\/logo.png\",\"width\":555,\"height\":150,\"caption\":\"Ajatutaja\"},\"image\":{\"@id\":\"https:\\\/\\\/ajatutaja.com\\\/#\\\/schema\\\/logo\\\/image\\\/\"}}]}<\/script>\n<!-- \/ Yoast SEO plugin. -->","yoast_head_json":{"title":"Baby Nova fla\u0161ka za u\u010denje pitja 125ml | Ajatutaja","description":"Baby Nova fla\u0161ka za u\u010denje pitja z ro\u010daji 125 ml se je opremljena s trdim nastavkom - ustnikom in ergonomi\u010dnimi ro\u010daji, ki omogo\u010dajo otroku enostavno in samostojno pitje teko\u010din.","robots":{"index":"index","follow":"follow","max-snippet":"max-snippet:-1","max-image-preview":"max-image-preview:large","max-video-preview":"max-video-preview:-1"},"canonical":"https:\/\/ajatutaja.com\/izdelek\/baby-nova-flaska-za-ucenje-pitja-125-ml\/","og_locale":"hr_HR","og_type":"article","og_title":"Baby Nova fla\u0161ka za u\u010denje pitja 125ml | Ajatutaja","og_description":"Baby Nova fla\u0161ka za u\u010denje pitja z ro\u010daji 125 ml se je opremljena s trdim nastavkom - ustnikom in ergonomi\u010dnimi ro\u010daji, ki omogo\u010dajo otroku enostavno in samostojno pitje teko\u010din.","og_url":"https:\/\/ajatutaja.com\/izdelek\/baby-nova-flaska-za-ucenje-pitja-125-ml\/","og_site_name":"Ajatutaja","article_modified_time":"2026-04-17T13:09:48+00:00","og_image":[{"width":1000,"height":1000,"url":"https:\/\/ajatutaja.com\/wp-content\/uploads\/2021\/11\/Babynova-flaska-za-ucenje-pitja-rocaji-46003-modra.jpg","type":"image\/jpeg"}],"twitter_card":"summary_large_image","twitter_misc":{"Procijenjeno vrijeme \u010ditanja":"1 minuta"},"schema":{"@context":"https:\/\/schema.org","@graph":[{"@type":"WebPage","@id":"https:\/\/ajatutaja.com\/izdelek\/baby-nova-flaska-za-ucenje-pitja-125-ml\/","url":"https:\/\/ajatutaja.com\/izdelek\/baby-nova-flaska-za-ucenje-pitja-125-ml\/","name":"Baby Nova fla\u0161ka za u\u010denje pitja 125ml | Ajatutaja","isPartOf":{"@id":"https:\/\/ajatutaja.com\/#website"},"primaryImageOfPage":{"@id":"https:\/\/ajatutaja.com\/izdelek\/baby-nova-flaska-za-ucenje-pitja-125-ml\/#primaryimage"},"image":{"@id":"https:\/\/ajatutaja.com\/izdelek\/baby-nova-flaska-za-ucenje-pitja-125-ml\/#primaryimage"},"thumbnailUrl":"https:\/\/ajatutaja.com\/wp-content\/uploads\/2021\/11\/Babynova-flaska-za-ucenje-pitja-rocaji-46003-modra.jpg","datePublished":"2022-05-06T06:23:50+00:00","dateModified":"2026-04-17T13:09:48+00:00","description":"Baby Nova fla\u0161ka za u\u010denje pitja z ro\u010daji 125 ml se je opremljena s trdim nastavkom - ustnikom in ergonomi\u010dnimi ro\u010daji, ki omogo\u010dajo otroku enostavno in samostojno pitje teko\u010din.","breadcrumb":{"@id":"https:\/\/ajatutaja.com\/izdelek\/baby-nova-flaska-za-ucenje-pitja-125-ml\/#breadcrumb"},"inLanguage":"hr","potentialAction":[{"@type":"ReadAction","target":["https:\/\/ajatutaja.com\/izdelek\/baby-nova-flaska-za-ucenje-pitja-125-ml\/"]}]},{"@type":"ImageObject","inLanguage":"hr","@id":"https:\/\/ajatutaja.com\/izdelek\/baby-nova-flaska-za-ucenje-pitja-125-ml\/#primaryimage","url":"https:\/\/ajatutaja.com\/wp-content\/uploads\/2021\/11\/Babynova-flaska-za-ucenje-pitja-rocaji-46003-modra.jpg","contentUrl":"https:\/\/ajatutaja.com\/wp-content\/uploads\/2021\/11\/Babynova-flaska-za-ucenje-pitja-rocaji-46003-modra.jpg","width":1000,"height":1000},{"@type":"BreadcrumbList","@id":"https:\/\/ajatutaja.com\/izdelek\/baby-nova-flaska-za-ucenje-pitja-125-ml\/#breadcrumb","itemListElement":[{"@type":"ListItem","position":1,"name":"Home","item":"https:\/\/ajatutaja.com\/hr\/"},{"@type":"ListItem","position":2,"name":"Trgovina","item":"https:\/\/ajatutaja.com\/hr\/trgovina\/"},{"@type":"ListItem","position":3,"name":"Baby Nova fla\u0161ka za u\u010denje pitja 125ml"}]},{"@type":"WebSite","@id":"https:\/\/ajatutaja.com\/#website","url":"https:\/\/ajatutaja.com\/","name":"Ajatutaja","description":"Otro\u0161ka spletna trgovina AJATUTAJA","publisher":{"@id":"https:\/\/ajatutaja.com\/#organization"},"potentialAction":[{"@type":"SearchAction","target":{"@type":"EntryPoint","urlTemplate":"https:\/\/ajatutaja.com\/?s={search_term_string}"},"query-input":{"@type":"PropertyValueSpecification","valueRequired":true,"valueName":"search_term_string"}}],"inLanguage":"hr"},{"@type":"Organization","@id":"https:\/\/ajatutaja.com\/#organization","name":"Ajatutaja","url":"https:\/\/ajatutaja.com\/","logo":{"@type":"ImageObject","inLanguage":"hr","@id":"https:\/\/ajatutaja.com\/#\/schema\/logo\/image\/","url":"https:\/\/ajatutaja.com\/wp-content\/uploads\/2021\/10\/logo.png","contentUrl":"https:\/\/ajatutaja.com\/wp-content\/uploads\/2021\/10\/logo.png","width":555,"height":150,"caption":"Ajatutaja"},"image":{"@id":"https:\/\/ajatutaja.com\/#\/schema\/logo\/image\/"}}]}},"brands":[{"id":2325,"name":"Baby Nova","slug":"baby-nova-hranjenje"},{"id":2269,"name":"Hranjenje","slug":"hranjenje"}],"_links":{"self":[{"href":"https:\/\/ajatutaja.com\/hr\/wp-json\/wp\/v2\/product\/22113","targetHints":{"allow":["GET"]}}],"collection":[{"href":"https:\/\/ajatutaja.com\/hr\/wp-json\/wp\/v2\/product"}],"about":[{"href":"https:\/\/ajatutaja.com\/hr\/wp-json\/wp\/v2\/types\/product"}],"wp:featuredmedia":[{"embeddable":true,"href":"https:\/\/ajatutaja.com\/hr\/wp-json\/wp\/v2\/media\/21722"}],"wp:attachment":[{"href":"https:\/\/ajatutaja.com\/hr\/wp-json\/wp\/v2\/media?parent=22113"}],"wp:term":[{"taxonomy":"pwb-brand","embeddable":true,"href":"https:\/\/ajatutaja.com\/hr\/wp-json\/wp\/v2\/pwb-brand?post=22113"},{"taxonomy":"product_brand","embeddable":true,"href":"https:\/\/ajatutaja.com\/hr\/wp-json\/wp\/v2\/product_brand?post=22113"},{"taxonomy":"product_cat","embeddable":true,"href":"https:\/\/ajatutaja.com\/hr\/wp-json\/wp\/v2\/product_cat?post=22113"},{"taxonomy":"product_tag","embeddable":true,"href":"https:\/\/ajatutaja.com\/hr\/wp-json\/wp\/v2\/product_tag?post=22113"}],"curies":[{"name":"wp","href":"https:\/\/api.w.org\/{rel}","templated":true}]}}