{"id":22055,"date":"2024-02-13T20:28:18","date_gmt":"2024-02-13T19:28:18","guid":{"rendered":"https:\/\/ajatutaja.com\/izdelek\/done-by-deer-komplet-2-povijalnih-plenic-happy-dots-120x120cm\/"},"modified":"2026-03-12T14:47:23","modified_gmt":"2026-03-12T13:47:23","slug":"done-by-deer-komplet-2-povijalnih-plenic-happy-dots-120x120cm","status":"publish","type":"product","link":"https:\/\/ajatutaja.com\/hr\/proizvod\/done-by-deer-komplet-2-povijalnih-plenic-happy-dots-120x120cm\/","title":{"rendered":"Done by Deer komplet 2 povijalnih plenic HAPPY DOTS (120x120cm)"},"content":{"rendered":"<p>[vc_row][vc_column][vc_column_text]<\/p>\n<h4>Done by Deer povijalne plenice imajo naslednje lastnosti:<\/h4>\n<ul>\n<li>Material: 100% Oeko-Tex certificiran bomba\u017e<\/li>\n<li>2 plenici v kompletu<\/li>\n<li>Uporabne kot povijalne plenice ali lahka odejica v poletnih mesecih<\/li>\n<li>Velikost posamezne pleni\u010dke: 120 x 120 cm<\/li>\n<li>Pranje na 60\u00b0C, su\u0161enje na zraku ali naizki temperaturi v su\u0161ilnem stroju, prepovedano beliti<\/li>\n<\/ul>\n<p>Done by Deer povijalne pleni\u010dke iz 100 % bomba\u017ea so obvezen pripomo\u010dek vsakega star\u0161a! Prekrivajo pri dojenju, z njimi lahko pokrijete dojen\u010dka med vo\u017enjo v vozi\u010dku ali na prostem, jih uporabite kot podlago na sede\u017eu v avtomobilu ali kot krpico za podiranje kup\u010dka&#8230; Mehek material bo va\u0161ega mal\u010dka zazibal v dreme\u017e.[\/vc_column_text][\/vc_column][\/vc_row]<\/p>\n","protected":false},"excerpt":{"rendered":"<p>Vsestransko uporabne in zelo lepe povijalne plenice Doone by Deer s \u010drnimi kontrastnimi pikami happy dots na beli in sivi podlagi. Komplet 2 povijalnih plenic je lahko tudi prakti\u010dno in\u010dudovito darilo ob rojstvu otroka.<\/p>\n","protected":false},"featured_media":22050,"template":"","meta":[],"pwb-brand":[4516,2625,2658,2611],"product_brand":[],"product_cat":[2716,2608,2601,2593,2649],"product_tag":[3978],"class_list":{"0":"post-22055","1":"product","2":"type-product","3":"status-publish","4":"has-post-thumbnail","6":"pwb-brand-done-by-deer-nega-in-kopanje","7":"pwb-brand-done-by-deer-spanje","8":"pwb-brand-nega-in-kopanje","9":"pwb-brand-spanje","10":"product_cat-darilo-do-30e","11":"product_cat-nega-in-kopanje","12":"product_cat-povijalne-plenice","13":"product_cat-spanje","14":"product_cat-tetra-in-muslin-plenice","15":"product_tag-done-by-deer","17":"first","18":"instock","19":"taxable","20":"shipping-taxable","21":"purchasable","22":"product-type-simple","23":"add-to-wishlist-before_image"},"yoast_head":"<!-- This site is optimized with the Yoast SEO plugin v27.3 - https:\/\/yoast.com\/product\/yoast-seo-wordpress\/ -->\n<title>Done by Deer komplet 2 povijalnih plenic HAPPY DOTS (120x120cm) | Ajatutaja<\/title>\n<meta name=\"description\" content=\"Vsestransko uporabne in zelo lepe povijalne pleni\u010dke Done by Deer s \u010drnimi pikicami so resni\u010dno vsestranske.\" \/>\n<meta name=\"robots\" content=\"index, follow, max-snippet:-1, max-image-preview:large, max-video-preview:-1\" \/>\n<link rel=\"canonical\" href=\"https:\/\/ajatutaja.com\/hr\/proizvod\/done-by-deer-komplet-2-povijalnih-plenic-happy-dots-120x120cm\/\" \/>\n<meta property=\"og:locale\" content=\"hr_HR\" \/>\n<meta property=\"og:type\" content=\"article\" \/>\n<meta property=\"og:title\" content=\"Done by Deer komplet 2 povijalnih plenic HAPPY DOTS (120x120cm) | Ajatutaja\" \/>\n<meta property=\"og:description\" content=\"Vsestransko uporabne in zelo lepe povijalne pleni\u010dke Done by Deer s \u010drnimi pikicami so resni\u010dno vsestranske.\" \/>\n<meta property=\"og:url\" content=\"https:\/\/ajatutaja.com\/hr\/proizvod\/done-by-deer-komplet-2-povijalnih-plenic-happy-dots-120x120cm\/\" \/>\n<meta property=\"og:site_name\" content=\"Ajatutaja\" \/>\n<meta property=\"article:modified_time\" content=\"2026-03-12T13:47:23+00:00\" \/>\n<meta property=\"og:image\" content=\"https:\/\/ajatutaja.com\/wp-content\/uploads\/2021\/11\/Komplet-krpice-done-by-deer-happy-dots-powder-grey.jpg\" \/>\n\t<meta property=\"og:image:width\" content=\"650\" \/>\n\t<meta property=\"og:image:height\" content=\"650\" \/>\n\t<meta property=\"og:image:type\" content=\"image\/jpeg\" \/>\n<meta name=\"twitter:card\" content=\"summary_large_image\" \/>\n<meta name=\"twitter:label1\" content=\"Procijenjeno vrijeme \u010ditanja\" \/>\n\t<meta name=\"twitter:data1\" content=\"1 minuta\" \/>\n<script type=\"application\/ld+json\" class=\"yoast-schema-graph\">{\"@context\":\"https:\\\/\\\/schema.org\",\"@graph\":[{\"@type\":\"WebPage\",\"@id\":\"https:\\\/\\\/ajatutaja.com\\\/hr\\\/proizvod\\\/done-by-deer-komplet-2-povijalnih-plenic-happy-dots-120x120cm\\\/\",\"url\":\"https:\\\/\\\/ajatutaja.com\\\/hr\\\/proizvod\\\/done-by-deer-komplet-2-povijalnih-plenic-happy-dots-120x120cm\\\/\",\"name\":\"Done by Deer komplet 2 povijalnih plenic HAPPY DOTS (120x120cm) | Ajatutaja\",\"isPartOf\":{\"@id\":\"https:\\\/\\\/ajatutaja.com\\\/#website\"},\"primaryImageOfPage\":{\"@id\":\"https:\\\/\\\/ajatutaja.com\\\/hr\\\/proizvod\\\/done-by-deer-komplet-2-povijalnih-plenic-happy-dots-120x120cm\\\/#primaryimage\"},\"image\":{\"@id\":\"https:\\\/\\\/ajatutaja.com\\\/hr\\\/proizvod\\\/done-by-deer-komplet-2-povijalnih-plenic-happy-dots-120x120cm\\\/#primaryimage\"},\"thumbnailUrl\":\"https:\\\/\\\/ajatutaja.com\\\/wp-content\\\/uploads\\\/2021\\\/11\\\/Komplet-krpice-done-by-deer-happy-dots-powder-grey.jpg\",\"datePublished\":\"2024-02-13T19:28:18+00:00\",\"dateModified\":\"2026-03-12T13:47:23+00:00\",\"description\":\"Vsestransko uporabne in zelo lepe povijalne pleni\u010dke Done by Deer s \u010drnimi pikicami so resni\u010dno vsestranske.\",\"breadcrumb\":{\"@id\":\"https:\\\/\\\/ajatutaja.com\\\/hr\\\/proizvod\\\/done-by-deer-komplet-2-povijalnih-plenic-happy-dots-120x120cm\\\/#breadcrumb\"},\"inLanguage\":\"hr\",\"potentialAction\":[{\"@type\":\"ReadAction\",\"target\":[\"https:\\\/\\\/ajatutaja.com\\\/hr\\\/proizvod\\\/done-by-deer-komplet-2-povijalnih-plenic-happy-dots-120x120cm\\\/\"]}]},{\"@type\":\"ImageObject\",\"inLanguage\":\"hr\",\"@id\":\"https:\\\/\\\/ajatutaja.com\\\/hr\\\/proizvod\\\/done-by-deer-komplet-2-povijalnih-plenic-happy-dots-120x120cm\\\/#primaryimage\",\"url\":\"https:\\\/\\\/ajatutaja.com\\\/wp-content\\\/uploads\\\/2021\\\/11\\\/Komplet-krpice-done-by-deer-happy-dots-powder-grey.jpg\",\"contentUrl\":\"https:\\\/\\\/ajatutaja.com\\\/wp-content\\\/uploads\\\/2021\\\/11\\\/Komplet-krpice-done-by-deer-happy-dots-powder-grey.jpg\",\"width\":650,\"height\":650},{\"@type\":\"BreadcrumbList\",\"@id\":\"https:\\\/\\\/ajatutaja.com\\\/hr\\\/proizvod\\\/done-by-deer-komplet-2-povijalnih-plenic-happy-dots-120x120cm\\\/#breadcrumb\",\"itemListElement\":[{\"@type\":\"ListItem\",\"position\":1,\"name\":\"Home\",\"item\":\"https:\\\/\\\/ajatutaja.com\\\/hr\\\/\"},{\"@type\":\"ListItem\",\"position\":2,\"name\":\"Trgovina\",\"item\":\"https:\\\/\\\/ajatutaja.com\\\/hr\\\/trgovina\\\/\"},{\"@type\":\"ListItem\",\"position\":3,\"name\":\"Done by Deer komplet 2 povijalnih plenic HAPPY DOTS (120x120cm)\"}]},{\"@type\":\"WebSite\",\"@id\":\"https:\\\/\\\/ajatutaja.com\\\/#website\",\"url\":\"https:\\\/\\\/ajatutaja.com\\\/\",\"name\":\"Ajatutaja\",\"description\":\"Otro\u0161ka spletna trgovina AJATUTAJA\",\"publisher\":{\"@id\":\"https:\\\/\\\/ajatutaja.com\\\/#organization\"},\"potentialAction\":[{\"@type\":\"SearchAction\",\"target\":{\"@type\":\"EntryPoint\",\"urlTemplate\":\"https:\\\/\\\/ajatutaja.com\\\/?s={search_term_string}\"},\"query-input\":{\"@type\":\"PropertyValueSpecification\",\"valueRequired\":true,\"valueName\":\"search_term_string\"}}],\"inLanguage\":\"hr\"},{\"@type\":\"Organization\",\"@id\":\"https:\\\/\\\/ajatutaja.com\\\/#organization\",\"name\":\"Ajatutaja\",\"url\":\"https:\\\/\\\/ajatutaja.com\\\/\",\"logo\":{\"@type\":\"ImageObject\",\"inLanguage\":\"hr\",\"@id\":\"https:\\\/\\\/ajatutaja.com\\\/#\\\/schema\\\/logo\\\/image\\\/\",\"url\":\"https:\\\/\\\/ajatutaja.com\\\/wp-content\\\/uploads\\\/2021\\\/10\\\/logo.png\",\"contentUrl\":\"https:\\\/\\\/ajatutaja.com\\\/wp-content\\\/uploads\\\/2021\\\/10\\\/logo.png\",\"width\":555,\"height\":150,\"caption\":\"Ajatutaja\"},\"image\":{\"@id\":\"https:\\\/\\\/ajatutaja.com\\\/#\\\/schema\\\/logo\\\/image\\\/\"}}]}<\/script>\n<!-- \/ Yoast SEO plugin. -->","yoast_head_json":{"title":"Done by Deer komplet 2 povijalnih plenic HAPPY DOTS (120x120cm) | Ajatutaja","description":"Vsestransko uporabne in zelo lepe povijalne pleni\u010dke Done by Deer s \u010drnimi pikicami so resni\u010dno vsestranske.","robots":{"index":"index","follow":"follow","max-snippet":"max-snippet:-1","max-image-preview":"max-image-preview:large","max-video-preview":"max-video-preview:-1"},"canonical":"https:\/\/ajatutaja.com\/hr\/proizvod\/done-by-deer-komplet-2-povijalnih-plenic-happy-dots-120x120cm\/","og_locale":"hr_HR","og_type":"article","og_title":"Done by Deer komplet 2 povijalnih plenic HAPPY DOTS (120x120cm) | Ajatutaja","og_description":"Vsestransko uporabne in zelo lepe povijalne pleni\u010dke Done by Deer s \u010drnimi pikicami so resni\u010dno vsestranske.","og_url":"https:\/\/ajatutaja.com\/hr\/proizvod\/done-by-deer-komplet-2-povijalnih-plenic-happy-dots-120x120cm\/","og_site_name":"Ajatutaja","article_modified_time":"2026-03-12T13:47:23+00:00","og_image":[{"width":650,"height":650,"url":"https:\/\/ajatutaja.com\/wp-content\/uploads\/2021\/11\/Komplet-krpice-done-by-deer-happy-dots-powder-grey.jpg","type":"image\/jpeg"}],"twitter_card":"summary_large_image","twitter_misc":{"Procijenjeno vrijeme \u010ditanja":"1 minuta"},"schema":{"@context":"https:\/\/schema.org","@graph":[{"@type":"WebPage","@id":"https:\/\/ajatutaja.com\/hr\/proizvod\/done-by-deer-komplet-2-povijalnih-plenic-happy-dots-120x120cm\/","url":"https:\/\/ajatutaja.com\/hr\/proizvod\/done-by-deer-komplet-2-povijalnih-plenic-happy-dots-120x120cm\/","name":"Done by Deer komplet 2 povijalnih plenic HAPPY DOTS (120x120cm) | Ajatutaja","isPartOf":{"@id":"https:\/\/ajatutaja.com\/#website"},"primaryImageOfPage":{"@id":"https:\/\/ajatutaja.com\/hr\/proizvod\/done-by-deer-komplet-2-povijalnih-plenic-happy-dots-120x120cm\/#primaryimage"},"image":{"@id":"https:\/\/ajatutaja.com\/hr\/proizvod\/done-by-deer-komplet-2-povijalnih-plenic-happy-dots-120x120cm\/#primaryimage"},"thumbnailUrl":"https:\/\/ajatutaja.com\/wp-content\/uploads\/2021\/11\/Komplet-krpice-done-by-deer-happy-dots-powder-grey.jpg","datePublished":"2024-02-13T19:28:18+00:00","dateModified":"2026-03-12T13:47:23+00:00","description":"Vsestransko uporabne in zelo lepe povijalne pleni\u010dke Done by Deer s \u010drnimi pikicami so resni\u010dno vsestranske.","breadcrumb":{"@id":"https:\/\/ajatutaja.com\/hr\/proizvod\/done-by-deer-komplet-2-povijalnih-plenic-happy-dots-120x120cm\/#breadcrumb"},"inLanguage":"hr","potentialAction":[{"@type":"ReadAction","target":["https:\/\/ajatutaja.com\/hr\/proizvod\/done-by-deer-komplet-2-povijalnih-plenic-happy-dots-120x120cm\/"]}]},{"@type":"ImageObject","inLanguage":"hr","@id":"https:\/\/ajatutaja.com\/hr\/proizvod\/done-by-deer-komplet-2-povijalnih-plenic-happy-dots-120x120cm\/#primaryimage","url":"https:\/\/ajatutaja.com\/wp-content\/uploads\/2021\/11\/Komplet-krpice-done-by-deer-happy-dots-powder-grey.jpg","contentUrl":"https:\/\/ajatutaja.com\/wp-content\/uploads\/2021\/11\/Komplet-krpice-done-by-deer-happy-dots-powder-grey.jpg","width":650,"height":650},{"@type":"BreadcrumbList","@id":"https:\/\/ajatutaja.com\/hr\/proizvod\/done-by-deer-komplet-2-povijalnih-plenic-happy-dots-120x120cm\/#breadcrumb","itemListElement":[{"@type":"ListItem","position":1,"name":"Home","item":"https:\/\/ajatutaja.com\/hr\/"},{"@type":"ListItem","position":2,"name":"Trgovina","item":"https:\/\/ajatutaja.com\/hr\/trgovina\/"},{"@type":"ListItem","position":3,"name":"Done by Deer komplet 2 povijalnih plenic HAPPY DOTS (120x120cm)"}]},{"@type":"WebSite","@id":"https:\/\/ajatutaja.com\/#website","url":"https:\/\/ajatutaja.com\/","name":"Ajatutaja","description":"Otro\u0161ka spletna trgovina AJATUTAJA","publisher":{"@id":"https:\/\/ajatutaja.com\/#organization"},"potentialAction":[{"@type":"SearchAction","target":{"@type":"EntryPoint","urlTemplate":"https:\/\/ajatutaja.com\/?s={search_term_string}"},"query-input":{"@type":"PropertyValueSpecification","valueRequired":true,"valueName":"search_term_string"}}],"inLanguage":"hr"},{"@type":"Organization","@id":"https:\/\/ajatutaja.com\/#organization","name":"Ajatutaja","url":"https:\/\/ajatutaja.com\/","logo":{"@type":"ImageObject","inLanguage":"hr","@id":"https:\/\/ajatutaja.com\/#\/schema\/logo\/image\/","url":"https:\/\/ajatutaja.com\/wp-content\/uploads\/2021\/10\/logo.png","contentUrl":"https:\/\/ajatutaja.com\/wp-content\/uploads\/2021\/10\/logo.png","width":555,"height":150,"caption":"Ajatutaja"},"image":{"@id":"https:\/\/ajatutaja.com\/#\/schema\/logo\/image\/"}}]}},"brands":[{"id":2625,"name":"Done by Deer","slug":"done-by-deer-spanje"},{"id":4516,"name":"Done by Deer","slug":"done-by-deer-nega-in-kopanje"},{"id":2658,"name":"Nega in kopanje","slug":"nega-in-kopanje"},{"id":2611,"name":"Spanje","slug":"spanje"}],"_links":{"self":[{"href":"https:\/\/ajatutaja.com\/hr\/wp-json\/wp\/v2\/product\/22055","targetHints":{"allow":["GET"]}}],"collection":[{"href":"https:\/\/ajatutaja.com\/hr\/wp-json\/wp\/v2\/product"}],"about":[{"href":"https:\/\/ajatutaja.com\/hr\/wp-json\/wp\/v2\/types\/product"}],"wp:featuredmedia":[{"embeddable":true,"href":"https:\/\/ajatutaja.com\/hr\/wp-json\/wp\/v2\/media\/22050"}],"wp:attachment":[{"href":"https:\/\/ajatutaja.com\/hr\/wp-json\/wp\/v2\/media?parent=22055"}],"wp:term":[{"taxonomy":"pwb-brand","embeddable":true,"href":"https:\/\/ajatutaja.com\/hr\/wp-json\/wp\/v2\/pwb-brand?post=22055"},{"taxonomy":"product_brand","embeddable":true,"href":"https:\/\/ajatutaja.com\/hr\/wp-json\/wp\/v2\/product_brand?post=22055"},{"taxonomy":"product_cat","embeddable":true,"href":"https:\/\/ajatutaja.com\/hr\/wp-json\/wp\/v2\/product_cat?post=22055"},{"taxonomy":"product_tag","embeddable":true,"href":"https:\/\/ajatutaja.com\/hr\/wp-json\/wp\/v2\/product_tag?post=22055"}],"curies":[{"name":"wp","href":"https:\/\/api.w.org\/{rel}","templated":true}]}}