{"id":22003,"date":"2017-11-26T20:06:04","date_gmt":"2017-11-26T19:06:04","guid":{"rendered":"https:\/\/ajatutaja.com\/izdelek\/brezsivni-podlozeni-modrc-za-dojenje-z-gelwire-oporo-velike-st\/"},"modified":"2026-02-10T16:03:13","modified_gmt":"2026-02-10T15:03:13","slug":"brezsivni-podlozeni-modrc-za-dojenje-z-gelwire-oporo-za-velike-prsi","status":"publish","type":"product","link":"https:\/\/ajatutaja.com\/hr\/proizvod\/brezsivni-podlozeni-modrc-za-dojenje-z-gelwire-oporo-za-velike-prsi\/","title":{"rendered":"Brez\u0161ivni podlo\u017eeni modrc za dojenje z GelWire\u2122 oporo za velike prsi &#8211; Black"},"content":{"rendered":"<p>[vc_row][vc_column][vc_column_text]<\/p>\n<h4>Zna\u010dilnosti podlo\u017eenega nedr\u010dka za dojenje Carriwell:<strong><br \/>\n<\/strong><\/h4>\n<ul>\n<li>popolnoma brez \u0161ivov<\/li>\n<li>primeren za velike prsi<\/li>\n<li>z GelWire oporo pod prsmi<\/li>\n<li>odstranlive blazinice<\/li>\n<li>primeren za vsakodnevno no\u0161enje in tudi za spanje<\/li>\n<li>enostavno enoro\u010dno odpenjanje za la\u017eje dojenje<\/li>\n<li>prilagaja se va\u0161em telesu<\/li>\n<li>mehke in raztegljive ko\u0161arice za prsi, ki jih strokovnjaki za laktacijo priporo\u010dajo<\/li>\n<li>stranski neraztegljivi del za bolj\u0161o oporo<\/li>\n<li>brezpla\u010dni hrbtni podalj\u0161ek\u00a0 (3 zaponke na hrbtu) za ve\u010dje udobje in podporo<\/li>\n<li>brezpla\u010dne svilene blazinice<\/li>\n<li>idealen za no\u0161enje pod majico zaradi nevidnega, brez\u0161ivnega in diskretnega dizajna<\/li>\n<li>pod ko\u0161aricami je \u0161irok podporni pas, ki nadome\u0161\u010da \u017ei\u010dko &#8211; kost, ter ustvari obliko va\u0161ih prsi, jih dvigne in dr\u017ei pod nadzorom<\/li>\n<\/ul>\n<p><img loading=\"lazy\" decoding=\"async\" class=\"size-medium wp-image-26088 aligncenter\" src=\"https:\/\/ajatutaja.com\/wp-content\/uploads\/2017\/11\/3400-300x257.png\" alt=\"\" width=\"300\" height=\"257\" srcset=\"https:\/\/ajatutaja.com\/wp-content\/uploads\/2017\/11\/3400-300x257.png 300w, https:\/\/ajatutaja.com\/wp-content\/uploads\/2017\/11\/3400-70x60.png 70w, https:\/\/ajatutaja.com\/wp-content\/uploads\/2017\/11\/3400-105x90.png 105w, https:\/\/ajatutaja.com\/wp-content\/uploads\/2017\/11\/3400.png 762w\" sizes=\"auto, (max-width: 300px) 100vw, 300px\" \/><\/p>\n<p><a href=\"https:\/\/ajatutaja.com\/wp-content\/uploads\/2015\/09\/carriwell-nedrcek-za-cas-nosecnosti-in-dojenja-brezsivni-z-blazinicami-3005-lastnosti.jpg\"><img loading=\"lazy\" decoding=\"async\" class=\"size-full wp-image-10087 aligncenter\" src=\"https:\/\/ajatutaja.com\/wp-content\/uploads\/2015\/09\/carriwell-nedrcek-za-cas-nosecnosti-in-dojenja-brezsivni-z-blazinicami-3005-lastnosti.jpg\" alt=\"Carriwell nedrcek za cas nosecnosti in dojenja brezsivni 3005\" width=\"497\" height=\"202\" \/><\/a><\/p>\n<p>(1) \u0160iroke naramnice se odli\u010dno prilegajo in ne ti\u0161\u010dijo ramen<br \/>\n(2) Enostavno odpenjanje za la\u017eje dojenje<br \/>\n(3) Trojne zaponke na hrbtu za ve\u010djo podporo in udobje<br \/>\n(4) Prilo\u017een podalj\u0161ek v kolikor se vam bo obseg \u0161e pove\u010dal<\/p>\n<p>&nbsp;<\/p>\n<p>[\/vc_column_text][\/vc_column][\/vc_row]<\/p>\n","protected":false},"excerpt":{"rendered":"<p style=\"text-align: justify\">Brez\u0161ivni podlo\u017eeni modrc za dojenje z GelWire\u2122 oporo v \u010drni barvi je primeren za mamice, ki potrebujejo velike \u0161tevilke nedr\u010dka &#8211; do obsega 115cm.<\/p>\n<p style=\"text-align: justify\">Brez\u0161ivni podlo\u017eeni nedr\u010dek za dojenje Carriwell z Gelwire oporo namesto klasi\u010dne \u017ei\u010dke oz. tako imenovane kosti,\u00a0 izpolnjuje vse va\u0161e potrebe &#8211; udobje, podporo, stil, kakovost, odli\u010dno prilagajanje. Uporaben je \u017ee med nose\u010dnostjo in takoj po porodu. Nedr\u010dek je popolnoma brez \u0161ivov in kljub temu nudi izvrstno oporo prsim, zaradi razli\u010dne jakosti tkanja in GelWire oporo namesto kosti na dnu ko\u0161arice.<\/p>\n","protected":false},"featured_media":22004,"template":"","meta":[],"pwb-brand":[2296,2273,2268,2267],"product_brand":[],"product_cat":[2265,2283,2292,2258,2250,2291],"product_tag":[4100,4472],"class_list":{"0":"post-22003","1":"product","2":"type-product","3":"status-publish","4":"has-post-thumbnail","6":"pwb-brand-carriwell-dojenje","7":"pwb-brand-carriwell","8":"pwb-brand-dojenje","9":"pwb-brand-nosecnost","10":"product_cat-dojenje","11":"product_cat-modrci-za-dojenje","12":"product_cat-nedrcki-za-vecje-prsi","13":"product_cat-nosecnisko-spodnje-perilo","14":"product_cat-nosecnost","15":"product_cat-podlozeni-nedrcki-za-dojenje","16":"product_tag-carriwell","17":"product_tag-gelwire","19":"first","20":"instock","21":"taxable","22":"shipping-taxable","23":"purchasable","24":"product-type-variable","25":"add-to-wishlist-before_image"},"yoast_head":"<!-- This site is optimized with the Yoast SEO plugin v27.3 - https:\/\/yoast.com\/product\/yoast-seo-wordpress\/ -->\n<title>Brez\u0161ivni podlo\u017eeni modrc za dojenje z GelWire\u2122 oporo za velike prsi - Black | Ajatutaja<\/title>\n<meta name=\"description\" content=\"Brez\u0161ivni nedr\u010dek za dojenje Carriwell z Gelwire oporo namesto klasi\u010dne \u017ei\u010dke oz. takoimenovane kosti, izpolnjuje vse va\u0161e potrebe.\" \/>\n<meta name=\"robots\" content=\"index, follow, max-snippet:-1, max-image-preview:large, max-video-preview:-1\" \/>\n<link rel=\"canonical\" href=\"https:\/\/ajatutaja.com\/izdelek\/brezsivni-podlozeni-modrc-za-dojenje-z-gelwire-oporo-za-velike-prsi\/\" \/>\n<meta property=\"og:locale\" content=\"hr_HR\" \/>\n<meta property=\"og:type\" content=\"article\" \/>\n<meta property=\"og:title\" content=\"Brez\u0161ivni podlo\u017eeni modrc za dojenje z GelWire\u2122 oporo za velike prsi - Black | Ajatutaja\" \/>\n<meta property=\"og:description\" content=\"Brez\u0161ivni nedr\u010dek za dojenje Carriwell z Gelwire oporo namesto klasi\u010dne \u017ei\u010dke oz. takoimenovane kosti, izpolnjuje vse va\u0161e potrebe.\" \/>\n<meta property=\"og:url\" content=\"https:\/\/ajatutaja.com\/izdelek\/brezsivni-podlozeni-modrc-za-dojenje-z-gelwire-oporo-za-velike-prsi\/\" \/>\n<meta property=\"og:site_name\" content=\"Ajatutaja\" \/>\n<meta property=\"article:modified_time\" content=\"2026-02-10T15:03:13+00:00\" \/>\n<meta property=\"og:image\" content=\"https:\/\/ajatutaja.com\/wp-content\/uploads\/2021\/11\/Podlozeni.modrc-za-dojenje-carriwell-velike-1.jpg\" \/>\n\t<meta property=\"og:image:width\" content=\"529\" \/>\n\t<meta property=\"og:image:height\" content=\"517\" \/>\n\t<meta property=\"og:image:type\" content=\"image\/jpeg\" \/>\n<meta name=\"twitter:card\" content=\"summary_large_image\" \/>\n<meta name=\"twitter:label1\" content=\"Procijenjeno vrijeme \u010ditanja\" \/>\n\t<meta name=\"twitter:data1\" content=\"1 minuta\" \/>\n<script type=\"application\/ld+json\" class=\"yoast-schema-graph\">{\"@context\":\"https:\\\/\\\/schema.org\",\"@graph\":[{\"@type\":\"WebPage\",\"@id\":\"https:\\\/\\\/ajatutaja.com\\\/izdelek\\\/brezsivni-podlozeni-modrc-za-dojenje-z-gelwire-oporo-za-velike-prsi\\\/\",\"url\":\"https:\\\/\\\/ajatutaja.com\\\/izdelek\\\/brezsivni-podlozeni-modrc-za-dojenje-z-gelwire-oporo-za-velike-prsi\\\/\",\"name\":\"Brez\u0161ivni podlo\u017eeni modrc za dojenje z GelWire\u2122 oporo za velike prsi - Black | Ajatutaja\",\"isPartOf\":{\"@id\":\"https:\\\/\\\/ajatutaja.com\\\/#website\"},\"primaryImageOfPage\":{\"@id\":\"https:\\\/\\\/ajatutaja.com\\\/izdelek\\\/brezsivni-podlozeni-modrc-za-dojenje-z-gelwire-oporo-za-velike-prsi\\\/#primaryimage\"},\"image\":{\"@id\":\"https:\\\/\\\/ajatutaja.com\\\/izdelek\\\/brezsivni-podlozeni-modrc-za-dojenje-z-gelwire-oporo-za-velike-prsi\\\/#primaryimage\"},\"thumbnailUrl\":\"https:\\\/\\\/ajatutaja.com\\\/wp-content\\\/uploads\\\/2021\\\/11\\\/Podlozeni.modrc-za-dojenje-carriwell-velike-1.jpg\",\"datePublished\":\"2017-11-26T19:06:04+00:00\",\"dateModified\":\"2026-02-10T15:03:13+00:00\",\"description\":\"Brez\u0161ivni nedr\u010dek za dojenje Carriwell z Gelwire oporo namesto klasi\u010dne \u017ei\u010dke oz. takoimenovane kosti, izpolnjuje vse va\u0161e potrebe.\",\"breadcrumb\":{\"@id\":\"https:\\\/\\\/ajatutaja.com\\\/izdelek\\\/brezsivni-podlozeni-modrc-za-dojenje-z-gelwire-oporo-za-velike-prsi\\\/#breadcrumb\"},\"inLanguage\":\"hr\",\"potentialAction\":[{\"@type\":\"ReadAction\",\"target\":[\"https:\\\/\\\/ajatutaja.com\\\/izdelek\\\/brezsivni-podlozeni-modrc-za-dojenje-z-gelwire-oporo-za-velike-prsi\\\/\"]}]},{\"@type\":\"ImageObject\",\"inLanguage\":\"hr\",\"@id\":\"https:\\\/\\\/ajatutaja.com\\\/izdelek\\\/brezsivni-podlozeni-modrc-za-dojenje-z-gelwire-oporo-za-velike-prsi\\\/#primaryimage\",\"url\":\"https:\\\/\\\/ajatutaja.com\\\/wp-content\\\/uploads\\\/2021\\\/11\\\/Podlozeni.modrc-za-dojenje-carriwell-velike-1.jpg\",\"contentUrl\":\"https:\\\/\\\/ajatutaja.com\\\/wp-content\\\/uploads\\\/2021\\\/11\\\/Podlozeni.modrc-za-dojenje-carriwell-velike-1.jpg\",\"width\":529,\"height\":517},{\"@type\":\"BreadcrumbList\",\"@id\":\"https:\\\/\\\/ajatutaja.com\\\/izdelek\\\/brezsivni-podlozeni-modrc-za-dojenje-z-gelwire-oporo-za-velike-prsi\\\/#breadcrumb\",\"itemListElement\":[{\"@type\":\"ListItem\",\"position\":1,\"name\":\"Home\",\"item\":\"https:\\\/\\\/ajatutaja.com\\\/hr\\\/\"},{\"@type\":\"ListItem\",\"position\":2,\"name\":\"Trgovina\",\"item\":\"https:\\\/\\\/ajatutaja.com\\\/hr\\\/trgovina\\\/\"},{\"@type\":\"ListItem\",\"position\":3,\"name\":\"Brez\u0161ivni podlo\u017eeni modrc za dojenje z GelWire\u2122 oporo za velike prsi &#8211; Black\"}]},{\"@type\":\"WebSite\",\"@id\":\"https:\\\/\\\/ajatutaja.com\\\/#website\",\"url\":\"https:\\\/\\\/ajatutaja.com\\\/\",\"name\":\"Ajatutaja\",\"description\":\"Otro\u0161ka spletna trgovina AJATUTAJA\",\"publisher\":{\"@id\":\"https:\\\/\\\/ajatutaja.com\\\/#organization\"},\"potentialAction\":[{\"@type\":\"SearchAction\",\"target\":{\"@type\":\"EntryPoint\",\"urlTemplate\":\"https:\\\/\\\/ajatutaja.com\\\/?s={search_term_string}\"},\"query-input\":{\"@type\":\"PropertyValueSpecification\",\"valueRequired\":true,\"valueName\":\"search_term_string\"}}],\"inLanguage\":\"hr\"},{\"@type\":\"Organization\",\"@id\":\"https:\\\/\\\/ajatutaja.com\\\/#organization\",\"name\":\"Ajatutaja\",\"url\":\"https:\\\/\\\/ajatutaja.com\\\/\",\"logo\":{\"@type\":\"ImageObject\",\"inLanguage\":\"hr\",\"@id\":\"https:\\\/\\\/ajatutaja.com\\\/#\\\/schema\\\/logo\\\/image\\\/\",\"url\":\"https:\\\/\\\/ajatutaja.com\\\/wp-content\\\/uploads\\\/2021\\\/10\\\/logo.png\",\"contentUrl\":\"https:\\\/\\\/ajatutaja.com\\\/wp-content\\\/uploads\\\/2021\\\/10\\\/logo.png\",\"width\":555,\"height\":150,\"caption\":\"Ajatutaja\"},\"image\":{\"@id\":\"https:\\\/\\\/ajatutaja.com\\\/#\\\/schema\\\/logo\\\/image\\\/\"}}]}<\/script>\n<!-- \/ Yoast SEO plugin. -->","yoast_head_json":{"title":"Brez\u0161ivni podlo\u017eeni modrc za dojenje z GelWire\u2122 oporo za velike prsi - Black | Ajatutaja","description":"Brez\u0161ivni nedr\u010dek za dojenje Carriwell z Gelwire oporo namesto klasi\u010dne \u017ei\u010dke oz. takoimenovane kosti, izpolnjuje vse va\u0161e potrebe.","robots":{"index":"index","follow":"follow","max-snippet":"max-snippet:-1","max-image-preview":"max-image-preview:large","max-video-preview":"max-video-preview:-1"},"canonical":"https:\/\/ajatutaja.com\/izdelek\/brezsivni-podlozeni-modrc-za-dojenje-z-gelwire-oporo-za-velike-prsi\/","og_locale":"hr_HR","og_type":"article","og_title":"Brez\u0161ivni podlo\u017eeni modrc za dojenje z GelWire\u2122 oporo za velike prsi - Black | Ajatutaja","og_description":"Brez\u0161ivni nedr\u010dek za dojenje Carriwell z Gelwire oporo namesto klasi\u010dne \u017ei\u010dke oz. takoimenovane kosti, izpolnjuje vse va\u0161e potrebe.","og_url":"https:\/\/ajatutaja.com\/izdelek\/brezsivni-podlozeni-modrc-za-dojenje-z-gelwire-oporo-za-velike-prsi\/","og_site_name":"Ajatutaja","article_modified_time":"2026-02-10T15:03:13+00:00","og_image":[{"width":529,"height":517,"url":"https:\/\/ajatutaja.com\/wp-content\/uploads\/2021\/11\/Podlozeni.modrc-za-dojenje-carriwell-velike-1.jpg","type":"image\/jpeg"}],"twitter_card":"summary_large_image","twitter_misc":{"Procijenjeno vrijeme \u010ditanja":"1 minuta"},"schema":{"@context":"https:\/\/schema.org","@graph":[{"@type":"WebPage","@id":"https:\/\/ajatutaja.com\/izdelek\/brezsivni-podlozeni-modrc-za-dojenje-z-gelwire-oporo-za-velike-prsi\/","url":"https:\/\/ajatutaja.com\/izdelek\/brezsivni-podlozeni-modrc-za-dojenje-z-gelwire-oporo-za-velike-prsi\/","name":"Brez\u0161ivni podlo\u017eeni modrc za dojenje z GelWire\u2122 oporo za velike prsi - Black | Ajatutaja","isPartOf":{"@id":"https:\/\/ajatutaja.com\/#website"},"primaryImageOfPage":{"@id":"https:\/\/ajatutaja.com\/izdelek\/brezsivni-podlozeni-modrc-za-dojenje-z-gelwire-oporo-za-velike-prsi\/#primaryimage"},"image":{"@id":"https:\/\/ajatutaja.com\/izdelek\/brezsivni-podlozeni-modrc-za-dojenje-z-gelwire-oporo-za-velike-prsi\/#primaryimage"},"thumbnailUrl":"https:\/\/ajatutaja.com\/wp-content\/uploads\/2021\/11\/Podlozeni.modrc-za-dojenje-carriwell-velike-1.jpg","datePublished":"2017-11-26T19:06:04+00:00","dateModified":"2026-02-10T15:03:13+00:00","description":"Brez\u0161ivni nedr\u010dek za dojenje Carriwell z Gelwire oporo namesto klasi\u010dne \u017ei\u010dke oz. takoimenovane kosti, izpolnjuje vse va\u0161e potrebe.","breadcrumb":{"@id":"https:\/\/ajatutaja.com\/izdelek\/brezsivni-podlozeni-modrc-za-dojenje-z-gelwire-oporo-za-velike-prsi\/#breadcrumb"},"inLanguage":"hr","potentialAction":[{"@type":"ReadAction","target":["https:\/\/ajatutaja.com\/izdelek\/brezsivni-podlozeni-modrc-za-dojenje-z-gelwire-oporo-za-velike-prsi\/"]}]},{"@type":"ImageObject","inLanguage":"hr","@id":"https:\/\/ajatutaja.com\/izdelek\/brezsivni-podlozeni-modrc-za-dojenje-z-gelwire-oporo-za-velike-prsi\/#primaryimage","url":"https:\/\/ajatutaja.com\/wp-content\/uploads\/2021\/11\/Podlozeni.modrc-za-dojenje-carriwell-velike-1.jpg","contentUrl":"https:\/\/ajatutaja.com\/wp-content\/uploads\/2021\/11\/Podlozeni.modrc-za-dojenje-carriwell-velike-1.jpg","width":529,"height":517},{"@type":"BreadcrumbList","@id":"https:\/\/ajatutaja.com\/izdelek\/brezsivni-podlozeni-modrc-za-dojenje-z-gelwire-oporo-za-velike-prsi\/#breadcrumb","itemListElement":[{"@type":"ListItem","position":1,"name":"Home","item":"https:\/\/ajatutaja.com\/hr\/"},{"@type":"ListItem","position":2,"name":"Trgovina","item":"https:\/\/ajatutaja.com\/hr\/trgovina\/"},{"@type":"ListItem","position":3,"name":"Brez\u0161ivni podlo\u017eeni modrc za dojenje z GelWire\u2122 oporo za velike prsi &#8211; Black"}]},{"@type":"WebSite","@id":"https:\/\/ajatutaja.com\/#website","url":"https:\/\/ajatutaja.com\/","name":"Ajatutaja","description":"Otro\u0161ka spletna trgovina AJATUTAJA","publisher":{"@id":"https:\/\/ajatutaja.com\/#organization"},"potentialAction":[{"@type":"SearchAction","target":{"@type":"EntryPoint","urlTemplate":"https:\/\/ajatutaja.com\/?s={search_term_string}"},"query-input":{"@type":"PropertyValueSpecification","valueRequired":true,"valueName":"search_term_string"}}],"inLanguage":"hr"},{"@type":"Organization","@id":"https:\/\/ajatutaja.com\/#organization","name":"Ajatutaja","url":"https:\/\/ajatutaja.com\/","logo":{"@type":"ImageObject","inLanguage":"hr","@id":"https:\/\/ajatutaja.com\/#\/schema\/logo\/image\/","url":"https:\/\/ajatutaja.com\/wp-content\/uploads\/2021\/10\/logo.png","contentUrl":"https:\/\/ajatutaja.com\/wp-content\/uploads\/2021\/10\/logo.png","width":555,"height":150,"caption":"Ajatutaja"},"image":{"@id":"https:\/\/ajatutaja.com\/#\/schema\/logo\/image\/"}}]}},"brands":[{"id":2273,"name":"Carriwell","slug":"carriwell"},{"id":2296,"name":"Carriwell","slug":"carriwell-dojenje"},{"id":2268,"name":"Dojenje","slug":"dojenje"},{"id":2267,"name":"Nose\u010dnost","slug":"nosecnost"}],"_links":{"self":[{"href":"https:\/\/ajatutaja.com\/hr\/wp-json\/wp\/v2\/product\/22003","targetHints":{"allow":["GET"]}}],"collection":[{"href":"https:\/\/ajatutaja.com\/hr\/wp-json\/wp\/v2\/product"}],"about":[{"href":"https:\/\/ajatutaja.com\/hr\/wp-json\/wp\/v2\/types\/product"}],"wp:featuredmedia":[{"embeddable":true,"href":"https:\/\/ajatutaja.com\/hr\/wp-json\/wp\/v2\/media\/22004"}],"wp:attachment":[{"href":"https:\/\/ajatutaja.com\/hr\/wp-json\/wp\/v2\/media?parent=22003"}],"wp:term":[{"taxonomy":"pwb-brand","embeddable":true,"href":"https:\/\/ajatutaja.com\/hr\/wp-json\/wp\/v2\/pwb-brand?post=22003"},{"taxonomy":"product_brand","embeddable":true,"href":"https:\/\/ajatutaja.com\/hr\/wp-json\/wp\/v2\/product_brand?post=22003"},{"taxonomy":"product_cat","embeddable":true,"href":"https:\/\/ajatutaja.com\/hr\/wp-json\/wp\/v2\/product_cat?post=22003"},{"taxonomy":"product_tag","embeddable":true,"href":"https:\/\/ajatutaja.com\/hr\/wp-json\/wp\/v2\/product_tag?post=22003"}],"curies":[{"name":"wp","href":"https:\/\/api.w.org\/{rel}","templated":true}]}}