{"id":21971,"date":"2017-11-12T08:42:40","date_gmt":"2017-11-12T07:42:40","guid":{"rendered":"https:\/\/ajatutaja.com\/izdelek\/tunika-metulj-crna\/"},"modified":"2022-04-26T17:25:55","modified_gmt":"2022-04-26T15:25:55","slug":"tunika-metulj-crna","status":"publish","type":"product","link":"https:\/\/ajatutaja.com\/hr\/proizvod\/tunika-metulj-crna\/","title":{"rendered":"Tunika za nose\u010dnice dolg rokav Metulj &#8211; \u010drna"},"content":{"rendered":"<p>[vc_row][vc_column][vc_column_text]<\/p>\n<p style=\"text-align: justify\">Tunika iz viskoze in elastana, se ne\u017eno oprime telesa in poudari trebu\u0161\u010dek. Z modnimi \u017eepi. Lepo se kombinira z nose\u010dni\u0161kimi pajkicami ali\u00a0 jeans hla\u010dami. Odvisno od tega, je tunika lahko primerna za vsakodnevne opravke, za posebne prilo\u017enosti, za obisk prijateljice ali za v slu\u017ebo.<\/p>\n<p style=\"text-align: center\"><span style=\"color: #00ccff\"><span style=\"color: #999999\">Surovinska sestava: 92% viskoza, 8% elastan<\/span><br \/>\n<\/span><\/p>\n<p style=\"text-align: center\"><a href=\"https:\/\/ajatutaja.com\/wp-content\/uploads\/2015\/09\/VZDRZEVANJE1.png\"><img loading=\"lazy\" decoding=\"async\" class=\"alignnone size-full wp-image-8366\" src=\"https:\/\/ajatutaja.com\/wp-content\/uploads\/2015\/09\/VZDRZEVANJE1.png\" alt=\"VZDRZEVANJE\" width=\"167\" height=\"22\" \/><\/a><\/p>\n<p>[\/vc_column_text][\/vc_column][\/vc_row]<\/p>\n","protected":false},"excerpt":{"rendered":"<p style=\"text-align: justify\">Tunika Metulj modernega kroja je izdelana iz viskoze in elastana. V \u010drni barvi.\u00a0 Lepo se oprime telesa in mehko pada \u010dez trebu\u0161\u010dek. Uporabna je tudi po porodu.<\/p>\n","protected":false},"featured_media":21972,"template":"","meta":[],"pwb-brand":[2267,2270],"product_brand":[],"product_cat":[2254,2250],"product_tag":[4098],"class_list":{"0":"post-21971","1":"product","2":"type-product","3":"status-publish","4":"has-post-thumbnail","6":"pwb-brand-nosecnost","7":"pwb-brand-popek","8":"product_cat-nosecniske-tunike","9":"product_cat-nosecnost","10":"product_tag-popek","12":"first","13":"instock","14":"taxable","15":"shipping-taxable","16":"purchasable","17":"product-type-variable","18":"add-to-wishlist-before_image"},"yoast_head":"<!-- This site is optimized with the Yoast SEO plugin v27.3 - https:\/\/yoast.com\/product\/yoast-seo-wordpress\/ -->\n<title>Tunika za nose\u010dnice dolg rokav Metulj - \u010drna | Ajatutaja<\/title>\n<meta name=\"description\" content=\"Dalj\u0161a tunika iz viskoze in elastana, se ne\u017eno oprime telesa in poudari trebu\u0161\u010dek. Uporabna je tudi po porodu. Lepo se poda na nose\u010dni\u0161ke pajkice ali hla\u010de\" \/>\n<meta name=\"robots\" content=\"index, follow, max-snippet:-1, max-image-preview:large, max-video-preview:-1\" \/>\n<link rel=\"canonical\" href=\"https:\/\/ajatutaja.com\/izdelek\/tunika-metulj-crna\/\" \/>\n<meta property=\"og:locale\" content=\"hr_HR\" \/>\n<meta property=\"og:type\" content=\"article\" \/>\n<meta property=\"og:title\" content=\"Tunika za nose\u010dnice dolg rokav Metulj - \u010drna | Ajatutaja\" \/>\n<meta property=\"og:description\" content=\"Dalj\u0161a tunika iz viskoze in elastana, se ne\u017eno oprime telesa in poudari trebu\u0161\u010dek. Uporabna je tudi po porodu. Lepo se poda na nose\u010dni\u0161ke pajkice ali hla\u010de\" \/>\n<meta property=\"og:url\" content=\"https:\/\/ajatutaja.com\/izdelek\/tunika-metulj-crna\/\" \/>\n<meta property=\"og:site_name\" content=\"Ajatutaja\" \/>\n<meta property=\"article:modified_time\" content=\"2022-04-26T15:25:55+00:00\" \/>\n<meta property=\"og:image\" content=\"https:\/\/ajatutaja.com\/wp-content\/uploads\/2021\/11\/popek-nosecniska-oblacila-tunika-crna_1__1.jpg\" \/>\n\t<meta property=\"og:image:width\" content=\"662\" \/>\n\t<meta property=\"og:image:height\" content=\"1000\" \/>\n\t<meta property=\"og:image:type\" content=\"image\/jpeg\" \/>\n<meta name=\"twitter:card\" content=\"summary_large_image\" \/>\n<script type=\"application\/ld+json\" class=\"yoast-schema-graph\">{\"@context\":\"https:\\\/\\\/schema.org\",\"@graph\":[{\"@type\":\"WebPage\",\"@id\":\"https:\\\/\\\/ajatutaja.com\\\/izdelek\\\/tunika-metulj-crna\\\/\",\"url\":\"https:\\\/\\\/ajatutaja.com\\\/izdelek\\\/tunika-metulj-crna\\\/\",\"name\":\"Tunika za nose\u010dnice dolg rokav Metulj - \u010drna | Ajatutaja\",\"isPartOf\":{\"@id\":\"https:\\\/\\\/ajatutaja.com\\\/#website\"},\"primaryImageOfPage\":{\"@id\":\"https:\\\/\\\/ajatutaja.com\\\/izdelek\\\/tunika-metulj-crna\\\/#primaryimage\"},\"image\":{\"@id\":\"https:\\\/\\\/ajatutaja.com\\\/izdelek\\\/tunika-metulj-crna\\\/#primaryimage\"},\"thumbnailUrl\":\"https:\\\/\\\/ajatutaja.com\\\/wp-content\\\/uploads\\\/2021\\\/11\\\/popek-nosecniska-oblacila-tunika-crna_1__1.jpg\",\"datePublished\":\"2017-11-12T07:42:40+00:00\",\"dateModified\":\"2022-04-26T15:25:55+00:00\",\"description\":\"Dalj\u0161a tunika iz viskoze in elastana, se ne\u017eno oprime telesa in poudari trebu\u0161\u010dek. Uporabna je tudi po porodu. Lepo se poda na nose\u010dni\u0161ke pajkice ali hla\u010de\",\"breadcrumb\":{\"@id\":\"https:\\\/\\\/ajatutaja.com\\\/izdelek\\\/tunika-metulj-crna\\\/#breadcrumb\"},\"inLanguage\":\"hr\",\"potentialAction\":[{\"@type\":\"ReadAction\",\"target\":[\"https:\\\/\\\/ajatutaja.com\\\/izdelek\\\/tunika-metulj-crna\\\/\"]}]},{\"@type\":\"ImageObject\",\"inLanguage\":\"hr\",\"@id\":\"https:\\\/\\\/ajatutaja.com\\\/izdelek\\\/tunika-metulj-crna\\\/#primaryimage\",\"url\":\"https:\\\/\\\/ajatutaja.com\\\/wp-content\\\/uploads\\\/2021\\\/11\\\/popek-nosecniska-oblacila-tunika-crna_1__1.jpg\",\"contentUrl\":\"https:\\\/\\\/ajatutaja.com\\\/wp-content\\\/uploads\\\/2021\\\/11\\\/popek-nosecniska-oblacila-tunika-crna_1__1.jpg\",\"width\":662,\"height\":1000},{\"@type\":\"BreadcrumbList\",\"@id\":\"https:\\\/\\\/ajatutaja.com\\\/izdelek\\\/tunika-metulj-crna\\\/#breadcrumb\",\"itemListElement\":[{\"@type\":\"ListItem\",\"position\":1,\"name\":\"Home\",\"item\":\"https:\\\/\\\/ajatutaja.com\\\/hr\\\/\"},{\"@type\":\"ListItem\",\"position\":2,\"name\":\"Trgovina\",\"item\":\"https:\\\/\\\/ajatutaja.com\\\/hr\\\/trgovina\\\/\"},{\"@type\":\"ListItem\",\"position\":3,\"name\":\"Tunika za nose\u010dnice dolg rokav Metulj &#8211; \u010drna\"}]},{\"@type\":\"WebSite\",\"@id\":\"https:\\\/\\\/ajatutaja.com\\\/#website\",\"url\":\"https:\\\/\\\/ajatutaja.com\\\/\",\"name\":\"Ajatutaja\",\"description\":\"Otro\u0161ka spletna trgovina AJATUTAJA\",\"publisher\":{\"@id\":\"https:\\\/\\\/ajatutaja.com\\\/#organization\"},\"potentialAction\":[{\"@type\":\"SearchAction\",\"target\":{\"@type\":\"EntryPoint\",\"urlTemplate\":\"https:\\\/\\\/ajatutaja.com\\\/?s={search_term_string}\"},\"query-input\":{\"@type\":\"PropertyValueSpecification\",\"valueRequired\":true,\"valueName\":\"search_term_string\"}}],\"inLanguage\":\"hr\"},{\"@type\":\"Organization\",\"@id\":\"https:\\\/\\\/ajatutaja.com\\\/#organization\",\"name\":\"Ajatutaja\",\"url\":\"https:\\\/\\\/ajatutaja.com\\\/\",\"logo\":{\"@type\":\"ImageObject\",\"inLanguage\":\"hr\",\"@id\":\"https:\\\/\\\/ajatutaja.com\\\/#\\\/schema\\\/logo\\\/image\\\/\",\"url\":\"https:\\\/\\\/ajatutaja.com\\\/wp-content\\\/uploads\\\/2021\\\/10\\\/logo.png\",\"contentUrl\":\"https:\\\/\\\/ajatutaja.com\\\/wp-content\\\/uploads\\\/2021\\\/10\\\/logo.png\",\"width\":555,\"height\":150,\"caption\":\"Ajatutaja\"},\"image\":{\"@id\":\"https:\\\/\\\/ajatutaja.com\\\/#\\\/schema\\\/logo\\\/image\\\/\"}}]}<\/script>\n<!-- \/ Yoast SEO plugin. -->","yoast_head_json":{"title":"Tunika za nose\u010dnice dolg rokav Metulj - \u010drna | Ajatutaja","description":"Dalj\u0161a tunika iz viskoze in elastana, se ne\u017eno oprime telesa in poudari trebu\u0161\u010dek. Uporabna je tudi po porodu. Lepo se poda na nose\u010dni\u0161ke pajkice ali hla\u010de","robots":{"index":"index","follow":"follow","max-snippet":"max-snippet:-1","max-image-preview":"max-image-preview:large","max-video-preview":"max-video-preview:-1"},"canonical":"https:\/\/ajatutaja.com\/izdelek\/tunika-metulj-crna\/","og_locale":"hr_HR","og_type":"article","og_title":"Tunika za nose\u010dnice dolg rokav Metulj - \u010drna | Ajatutaja","og_description":"Dalj\u0161a tunika iz viskoze in elastana, se ne\u017eno oprime telesa in poudari trebu\u0161\u010dek. Uporabna je tudi po porodu. Lepo se poda na nose\u010dni\u0161ke pajkice ali hla\u010de","og_url":"https:\/\/ajatutaja.com\/izdelek\/tunika-metulj-crna\/","og_site_name":"Ajatutaja","article_modified_time":"2022-04-26T15:25:55+00:00","og_image":[{"width":662,"height":1000,"url":"https:\/\/ajatutaja.com\/wp-content\/uploads\/2021\/11\/popek-nosecniska-oblacila-tunika-crna_1__1.jpg","type":"image\/jpeg"}],"twitter_card":"summary_large_image","schema":{"@context":"https:\/\/schema.org","@graph":[{"@type":"WebPage","@id":"https:\/\/ajatutaja.com\/izdelek\/tunika-metulj-crna\/","url":"https:\/\/ajatutaja.com\/izdelek\/tunika-metulj-crna\/","name":"Tunika za nose\u010dnice dolg rokav Metulj - \u010drna | Ajatutaja","isPartOf":{"@id":"https:\/\/ajatutaja.com\/#website"},"primaryImageOfPage":{"@id":"https:\/\/ajatutaja.com\/izdelek\/tunika-metulj-crna\/#primaryimage"},"image":{"@id":"https:\/\/ajatutaja.com\/izdelek\/tunika-metulj-crna\/#primaryimage"},"thumbnailUrl":"https:\/\/ajatutaja.com\/wp-content\/uploads\/2021\/11\/popek-nosecniska-oblacila-tunika-crna_1__1.jpg","datePublished":"2017-11-12T07:42:40+00:00","dateModified":"2022-04-26T15:25:55+00:00","description":"Dalj\u0161a tunika iz viskoze in elastana, se ne\u017eno oprime telesa in poudari trebu\u0161\u010dek. Uporabna je tudi po porodu. Lepo se poda na nose\u010dni\u0161ke pajkice ali hla\u010de","breadcrumb":{"@id":"https:\/\/ajatutaja.com\/izdelek\/tunika-metulj-crna\/#breadcrumb"},"inLanguage":"hr","potentialAction":[{"@type":"ReadAction","target":["https:\/\/ajatutaja.com\/izdelek\/tunika-metulj-crna\/"]}]},{"@type":"ImageObject","inLanguage":"hr","@id":"https:\/\/ajatutaja.com\/izdelek\/tunika-metulj-crna\/#primaryimage","url":"https:\/\/ajatutaja.com\/wp-content\/uploads\/2021\/11\/popek-nosecniska-oblacila-tunika-crna_1__1.jpg","contentUrl":"https:\/\/ajatutaja.com\/wp-content\/uploads\/2021\/11\/popek-nosecniska-oblacila-tunika-crna_1__1.jpg","width":662,"height":1000},{"@type":"BreadcrumbList","@id":"https:\/\/ajatutaja.com\/izdelek\/tunika-metulj-crna\/#breadcrumb","itemListElement":[{"@type":"ListItem","position":1,"name":"Home","item":"https:\/\/ajatutaja.com\/hr\/"},{"@type":"ListItem","position":2,"name":"Trgovina","item":"https:\/\/ajatutaja.com\/hr\/trgovina\/"},{"@type":"ListItem","position":3,"name":"Tunika za nose\u010dnice dolg rokav Metulj &#8211; \u010drna"}]},{"@type":"WebSite","@id":"https:\/\/ajatutaja.com\/#website","url":"https:\/\/ajatutaja.com\/","name":"Ajatutaja","description":"Otro\u0161ka spletna trgovina AJATUTAJA","publisher":{"@id":"https:\/\/ajatutaja.com\/#organization"},"potentialAction":[{"@type":"SearchAction","target":{"@type":"EntryPoint","urlTemplate":"https:\/\/ajatutaja.com\/?s={search_term_string}"},"query-input":{"@type":"PropertyValueSpecification","valueRequired":true,"valueName":"search_term_string"}}],"inLanguage":"hr"},{"@type":"Organization","@id":"https:\/\/ajatutaja.com\/#organization","name":"Ajatutaja","url":"https:\/\/ajatutaja.com\/","logo":{"@type":"ImageObject","inLanguage":"hr","@id":"https:\/\/ajatutaja.com\/#\/schema\/logo\/image\/","url":"https:\/\/ajatutaja.com\/wp-content\/uploads\/2021\/10\/logo.png","contentUrl":"https:\/\/ajatutaja.com\/wp-content\/uploads\/2021\/10\/logo.png","width":555,"height":150,"caption":"Ajatutaja"},"image":{"@id":"https:\/\/ajatutaja.com\/#\/schema\/logo\/image\/"}}]}},"brands":[{"id":2267,"name":"Nose\u010dnost","slug":"nosecnost"},{"id":2270,"name":"Popek","slug":"popek"}],"_links":{"self":[{"href":"https:\/\/ajatutaja.com\/hr\/wp-json\/wp\/v2\/product\/21971","targetHints":{"allow":["GET"]}}],"collection":[{"href":"https:\/\/ajatutaja.com\/hr\/wp-json\/wp\/v2\/product"}],"about":[{"href":"https:\/\/ajatutaja.com\/hr\/wp-json\/wp\/v2\/types\/product"}],"wp:featuredmedia":[{"embeddable":true,"href":"https:\/\/ajatutaja.com\/hr\/wp-json\/wp\/v2\/media\/21972"}],"wp:attachment":[{"href":"https:\/\/ajatutaja.com\/hr\/wp-json\/wp\/v2\/media?parent=21971"}],"wp:term":[{"taxonomy":"pwb-brand","embeddable":true,"href":"https:\/\/ajatutaja.com\/hr\/wp-json\/wp\/v2\/pwb-brand?post=21971"},{"taxonomy":"product_brand","embeddable":true,"href":"https:\/\/ajatutaja.com\/hr\/wp-json\/wp\/v2\/product_brand?post=21971"},{"taxonomy":"product_cat","embeddable":true,"href":"https:\/\/ajatutaja.com\/hr\/wp-json\/wp\/v2\/product_cat?post=21971"},{"taxonomy":"product_tag","embeddable":true,"href":"https:\/\/ajatutaja.com\/hr\/wp-json\/wp\/v2\/product_tag?post=21971"}],"curies":[{"name":"wp","href":"https:\/\/api.w.org\/{rel}","templated":true}]}}