{"id":21687,"date":"2017-03-15T20:18:38","date_gmt":"2017-03-15T19:18:38","guid":{"rendered":"https:\/\/ajatutaja.com\/izdelek\/spalna-srajca-za-nosecnice-in-cas-dojenja-kratek-rokav\/"},"modified":"2025-09-10T14:46:44","modified_gmt":"2025-09-10T12:46:44","slug":"spalna-srajca-za-nosecnice-in-cas-dojenja-kratek-rokav","status":"publish","type":"product","link":"https:\/\/ajatutaja.com\/hr\/proizvod\/spalna-srajca-za-nosecnice-in-cas-dojenja-kratek-rokav\/","title":{"rendered":"Spalna srajca za nose\u010dnice in \u010das dojenja &#8211; kratek rokav"},"content":{"rendered":"<p>[vc_row][vc_column][vc_column_text]<\/p>\n<div style=\"text-align: justify\">Spalna srajca za nose\u010dnost in dojenje je prijetno\u00a0<b>mehka in resni\u010dno raztegljiva<\/b>, zato je primerna za<b>\u00a0celo nose\u010dnost. <\/b>Nepogre\u0161ljiva v poletnih mesecih!<b><br \/>\n<\/b><\/div>\n<p style=\"text-align: justify\">Na prsnem delu je na\u0161it trak, ki ob straneh le privzdignete in pod njim se nahajata odprtini za dojenje. Pi\u017eamo lahko zaradi raztegljivega materiala nosite \u017ee v \u010dasu nose\u010dnosti ter tudi po koncu dojenja.<\/p>\n<p style=\"text-align: justify\">Surovinska sestava: 92%bomba\u017e; 8% elastan<\/p>\n<p>[\/vc_column_text][\/vc_column][\/vc_row]<\/p>\n","protected":false},"excerpt":{"rendered":"<p>Siva spalna srajca za nose\u010dnice in doje\u010de mamice je izdelana iz mehkega in elasti\u010dnega bomba\u017enega pletiva,\u00a0ki nudi ko\u017ei prijazen in izjemno udoben objem. Trak pod prsmi ob straneh le privzdignete in pod njim se nahajajo odprtine za dojenje. Kratek rokav.<\/p>\n","protected":false},"featured_media":21688,"template":"","meta":[],"pwb-brand":[2268,2294],"product_brand":[],"product_cat":[2262,2265,2250,2257,2285],"product_tag":[4098],"class_list":{"0":"post-21687","1":"product","2":"type-product","3":"status-publish","4":"has-post-thumbnail","6":"pwb-brand-dojenje","7":"pwb-brand-popek-dojenje","8":"product_cat-darilo-za-nosecnico","9":"product_cat-dojenje","10":"product_cat-nosecnost","11":"product_cat-pizame-za-nosecnice-in-mamice","12":"product_cat-spalne-srajce-in-pizame","13":"product_tag-popek","15":"first","16":"instock","17":"taxable","18":"shipping-taxable","19":"purchasable","20":"product-type-variable","21":"add-to-wishlist-before_image"},"yoast_head":"<!-- This site is optimized with the Yoast SEO plugin v27.3 - https:\/\/yoast.com\/product\/yoast-seo-wordpress\/ -->\n<title>Spalna srajca za nose\u010dnice in \u010das dojenja - kratek rokav | Ajatutaja<\/title>\n<meta name=\"description\" content=\"Spalna srajca za nose\u010dnice in dojenje je izredno prijetna in mehka, saj je izdelana iz bomba\u017ea in elastana, ki nudita izjemno udoben ob\u010dutek med spanjem\" \/>\n<meta name=\"robots\" content=\"index, follow, max-snippet:-1, max-image-preview:large, max-video-preview:-1\" \/>\n<link rel=\"canonical\" href=\"https:\/\/ajatutaja.com\/izdelek\/spalna-srajca-za-nosecnice-in-cas-dojenja-kratek-rokav\/\" \/>\n<meta property=\"og:locale\" content=\"hr_HR\" \/>\n<meta property=\"og:type\" content=\"article\" \/>\n<meta property=\"og:title\" content=\"Spalna srajca za nose\u010dnice in \u010das dojenja - kratek rokav | Ajatutaja\" \/>\n<meta property=\"og:description\" content=\"Spalna srajca za nose\u010dnice in dojenje je izredno prijetna in mehka, saj je izdelana iz bomba\u017ea in elastana, ki nudita izjemno udoben ob\u010dutek med spanjem\" \/>\n<meta property=\"og:url\" content=\"https:\/\/ajatutaja.com\/izdelek\/spalna-srajca-za-nosecnice-in-cas-dojenja-kratek-rokav\/\" \/>\n<meta property=\"og:site_name\" content=\"Ajatutaja\" \/>\n<meta property=\"article:modified_time\" content=\"2025-09-10T12:46:44+00:00\" \/>\n<meta property=\"og:image\" content=\"https:\/\/ajatutaja.com\/wp-content\/uploads\/2021\/11\/spalna-srajca-za-nosecnost-in-dojenje-kratek-rokav-popek.jpg\" \/>\n\t<meta property=\"og:image:width\" content=\"640\" \/>\n\t<meta property=\"og:image:height\" content=\"960\" \/>\n\t<meta property=\"og:image:type\" content=\"image\/jpeg\" \/>\n<meta name=\"twitter:card\" content=\"summary_large_image\" \/>\n<script type=\"application\/ld+json\" class=\"yoast-schema-graph\">{\"@context\":\"https:\\\/\\\/schema.org\",\"@graph\":[{\"@type\":\"WebPage\",\"@id\":\"https:\\\/\\\/ajatutaja.com\\\/izdelek\\\/spalna-srajca-za-nosecnice-in-cas-dojenja-kratek-rokav\\\/\",\"url\":\"https:\\\/\\\/ajatutaja.com\\\/izdelek\\\/spalna-srajca-za-nosecnice-in-cas-dojenja-kratek-rokav\\\/\",\"name\":\"Spalna srajca za nose\u010dnice in \u010das dojenja - kratek rokav | Ajatutaja\",\"isPartOf\":{\"@id\":\"https:\\\/\\\/ajatutaja.com\\\/#website\"},\"primaryImageOfPage\":{\"@id\":\"https:\\\/\\\/ajatutaja.com\\\/izdelek\\\/spalna-srajca-za-nosecnice-in-cas-dojenja-kratek-rokav\\\/#primaryimage\"},\"image\":{\"@id\":\"https:\\\/\\\/ajatutaja.com\\\/izdelek\\\/spalna-srajca-za-nosecnice-in-cas-dojenja-kratek-rokav\\\/#primaryimage\"},\"thumbnailUrl\":\"https:\\\/\\\/ajatutaja.com\\\/wp-content\\\/uploads\\\/2021\\\/11\\\/spalna-srajca-za-nosecnost-in-dojenje-kratek-rokav-popek.jpg\",\"datePublished\":\"2017-03-15T19:18:38+00:00\",\"dateModified\":\"2025-09-10T12:46:44+00:00\",\"description\":\"Spalna srajca za nose\u010dnice in dojenje je izredno prijetna in mehka, saj je izdelana iz bomba\u017ea in elastana, ki nudita izjemno udoben ob\u010dutek med spanjem\",\"breadcrumb\":{\"@id\":\"https:\\\/\\\/ajatutaja.com\\\/izdelek\\\/spalna-srajca-za-nosecnice-in-cas-dojenja-kratek-rokav\\\/#breadcrumb\"},\"inLanguage\":\"hr\",\"potentialAction\":[{\"@type\":\"ReadAction\",\"target\":[\"https:\\\/\\\/ajatutaja.com\\\/izdelek\\\/spalna-srajca-za-nosecnice-in-cas-dojenja-kratek-rokav\\\/\"]}]},{\"@type\":\"ImageObject\",\"inLanguage\":\"hr\",\"@id\":\"https:\\\/\\\/ajatutaja.com\\\/izdelek\\\/spalna-srajca-za-nosecnice-in-cas-dojenja-kratek-rokav\\\/#primaryimage\",\"url\":\"https:\\\/\\\/ajatutaja.com\\\/wp-content\\\/uploads\\\/2021\\\/11\\\/spalna-srajca-za-nosecnost-in-dojenje-kratek-rokav-popek.jpg\",\"contentUrl\":\"https:\\\/\\\/ajatutaja.com\\\/wp-content\\\/uploads\\\/2021\\\/11\\\/spalna-srajca-za-nosecnost-in-dojenje-kratek-rokav-popek.jpg\",\"width\":640,\"height\":960},{\"@type\":\"BreadcrumbList\",\"@id\":\"https:\\\/\\\/ajatutaja.com\\\/izdelek\\\/spalna-srajca-za-nosecnice-in-cas-dojenja-kratek-rokav\\\/#breadcrumb\",\"itemListElement\":[{\"@type\":\"ListItem\",\"position\":1,\"name\":\"Home\",\"item\":\"https:\\\/\\\/ajatutaja.com\\\/hr\\\/\"},{\"@type\":\"ListItem\",\"position\":2,\"name\":\"Trgovina\",\"item\":\"https:\\\/\\\/ajatutaja.com\\\/hr\\\/trgovina\\\/\"},{\"@type\":\"ListItem\",\"position\":3,\"name\":\"Spalna srajca za nose\u010dnice in \u010das dojenja &#8211; kratek rokav\"}]},{\"@type\":\"WebSite\",\"@id\":\"https:\\\/\\\/ajatutaja.com\\\/#website\",\"url\":\"https:\\\/\\\/ajatutaja.com\\\/\",\"name\":\"Ajatutaja\",\"description\":\"Otro\u0161ka spletna trgovina AJATUTAJA\",\"publisher\":{\"@id\":\"https:\\\/\\\/ajatutaja.com\\\/#organization\"},\"potentialAction\":[{\"@type\":\"SearchAction\",\"target\":{\"@type\":\"EntryPoint\",\"urlTemplate\":\"https:\\\/\\\/ajatutaja.com\\\/?s={search_term_string}\"},\"query-input\":{\"@type\":\"PropertyValueSpecification\",\"valueRequired\":true,\"valueName\":\"search_term_string\"}}],\"inLanguage\":\"hr\"},{\"@type\":\"Organization\",\"@id\":\"https:\\\/\\\/ajatutaja.com\\\/#organization\",\"name\":\"Ajatutaja\",\"url\":\"https:\\\/\\\/ajatutaja.com\\\/\",\"logo\":{\"@type\":\"ImageObject\",\"inLanguage\":\"hr\",\"@id\":\"https:\\\/\\\/ajatutaja.com\\\/#\\\/schema\\\/logo\\\/image\\\/\",\"url\":\"https:\\\/\\\/ajatutaja.com\\\/wp-content\\\/uploads\\\/2021\\\/10\\\/logo.png\",\"contentUrl\":\"https:\\\/\\\/ajatutaja.com\\\/wp-content\\\/uploads\\\/2021\\\/10\\\/logo.png\",\"width\":555,\"height\":150,\"caption\":\"Ajatutaja\"},\"image\":{\"@id\":\"https:\\\/\\\/ajatutaja.com\\\/#\\\/schema\\\/logo\\\/image\\\/\"}}]}<\/script>\n<!-- \/ Yoast SEO plugin. -->","yoast_head_json":{"title":"Spalna srajca za nose\u010dnice in \u010das dojenja - kratek rokav | Ajatutaja","description":"Spalna srajca za nose\u010dnice in dojenje je izredno prijetna in mehka, saj je izdelana iz bomba\u017ea in elastana, ki nudita izjemno udoben ob\u010dutek med spanjem","robots":{"index":"index","follow":"follow","max-snippet":"max-snippet:-1","max-image-preview":"max-image-preview:large","max-video-preview":"max-video-preview:-1"},"canonical":"https:\/\/ajatutaja.com\/izdelek\/spalna-srajca-za-nosecnice-in-cas-dojenja-kratek-rokav\/","og_locale":"hr_HR","og_type":"article","og_title":"Spalna srajca za nose\u010dnice in \u010das dojenja - kratek rokav | Ajatutaja","og_description":"Spalna srajca za nose\u010dnice in dojenje je izredno prijetna in mehka, saj je izdelana iz bomba\u017ea in elastana, ki nudita izjemno udoben ob\u010dutek med spanjem","og_url":"https:\/\/ajatutaja.com\/izdelek\/spalna-srajca-za-nosecnice-in-cas-dojenja-kratek-rokav\/","og_site_name":"Ajatutaja","article_modified_time":"2025-09-10T12:46:44+00:00","og_image":[{"width":640,"height":960,"url":"https:\/\/ajatutaja.com\/wp-content\/uploads\/2021\/11\/spalna-srajca-za-nosecnost-in-dojenje-kratek-rokav-popek.jpg","type":"image\/jpeg"}],"twitter_card":"summary_large_image","schema":{"@context":"https:\/\/schema.org","@graph":[{"@type":"WebPage","@id":"https:\/\/ajatutaja.com\/izdelek\/spalna-srajca-za-nosecnice-in-cas-dojenja-kratek-rokav\/","url":"https:\/\/ajatutaja.com\/izdelek\/spalna-srajca-za-nosecnice-in-cas-dojenja-kratek-rokav\/","name":"Spalna srajca za nose\u010dnice in \u010das dojenja - kratek rokav | Ajatutaja","isPartOf":{"@id":"https:\/\/ajatutaja.com\/#website"},"primaryImageOfPage":{"@id":"https:\/\/ajatutaja.com\/izdelek\/spalna-srajca-za-nosecnice-in-cas-dojenja-kratek-rokav\/#primaryimage"},"image":{"@id":"https:\/\/ajatutaja.com\/izdelek\/spalna-srajca-za-nosecnice-in-cas-dojenja-kratek-rokav\/#primaryimage"},"thumbnailUrl":"https:\/\/ajatutaja.com\/wp-content\/uploads\/2021\/11\/spalna-srajca-za-nosecnost-in-dojenje-kratek-rokav-popek.jpg","datePublished":"2017-03-15T19:18:38+00:00","dateModified":"2025-09-10T12:46:44+00:00","description":"Spalna srajca za nose\u010dnice in dojenje je izredno prijetna in mehka, saj je izdelana iz bomba\u017ea in elastana, ki nudita izjemno udoben ob\u010dutek med spanjem","breadcrumb":{"@id":"https:\/\/ajatutaja.com\/izdelek\/spalna-srajca-za-nosecnice-in-cas-dojenja-kratek-rokav\/#breadcrumb"},"inLanguage":"hr","potentialAction":[{"@type":"ReadAction","target":["https:\/\/ajatutaja.com\/izdelek\/spalna-srajca-za-nosecnice-in-cas-dojenja-kratek-rokav\/"]}]},{"@type":"ImageObject","inLanguage":"hr","@id":"https:\/\/ajatutaja.com\/izdelek\/spalna-srajca-za-nosecnice-in-cas-dojenja-kratek-rokav\/#primaryimage","url":"https:\/\/ajatutaja.com\/wp-content\/uploads\/2021\/11\/spalna-srajca-za-nosecnost-in-dojenje-kratek-rokav-popek.jpg","contentUrl":"https:\/\/ajatutaja.com\/wp-content\/uploads\/2021\/11\/spalna-srajca-za-nosecnost-in-dojenje-kratek-rokav-popek.jpg","width":640,"height":960},{"@type":"BreadcrumbList","@id":"https:\/\/ajatutaja.com\/izdelek\/spalna-srajca-za-nosecnice-in-cas-dojenja-kratek-rokav\/#breadcrumb","itemListElement":[{"@type":"ListItem","position":1,"name":"Home","item":"https:\/\/ajatutaja.com\/hr\/"},{"@type":"ListItem","position":2,"name":"Trgovina","item":"https:\/\/ajatutaja.com\/hr\/trgovina\/"},{"@type":"ListItem","position":3,"name":"Spalna srajca za nose\u010dnice in \u010das dojenja &#8211; kratek rokav"}]},{"@type":"WebSite","@id":"https:\/\/ajatutaja.com\/#website","url":"https:\/\/ajatutaja.com\/","name":"Ajatutaja","description":"Otro\u0161ka spletna trgovina AJATUTAJA","publisher":{"@id":"https:\/\/ajatutaja.com\/#organization"},"potentialAction":[{"@type":"SearchAction","target":{"@type":"EntryPoint","urlTemplate":"https:\/\/ajatutaja.com\/?s={search_term_string}"},"query-input":{"@type":"PropertyValueSpecification","valueRequired":true,"valueName":"search_term_string"}}],"inLanguage":"hr"},{"@type":"Organization","@id":"https:\/\/ajatutaja.com\/#organization","name":"Ajatutaja","url":"https:\/\/ajatutaja.com\/","logo":{"@type":"ImageObject","inLanguage":"hr","@id":"https:\/\/ajatutaja.com\/#\/schema\/logo\/image\/","url":"https:\/\/ajatutaja.com\/wp-content\/uploads\/2021\/10\/logo.png","contentUrl":"https:\/\/ajatutaja.com\/wp-content\/uploads\/2021\/10\/logo.png","width":555,"height":150,"caption":"Ajatutaja"},"image":{"@id":"https:\/\/ajatutaja.com\/#\/schema\/logo\/image\/"}}]}},"brands":[{"id":2268,"name":"Dojenje","slug":"dojenje"},{"id":2294,"name":"Popek","slug":"popek-dojenje"}],"_links":{"self":[{"href":"https:\/\/ajatutaja.com\/hr\/wp-json\/wp\/v2\/product\/21687","targetHints":{"allow":["GET"]}}],"collection":[{"href":"https:\/\/ajatutaja.com\/hr\/wp-json\/wp\/v2\/product"}],"about":[{"href":"https:\/\/ajatutaja.com\/hr\/wp-json\/wp\/v2\/types\/product"}],"wp:featuredmedia":[{"embeddable":true,"href":"https:\/\/ajatutaja.com\/hr\/wp-json\/wp\/v2\/media\/21688"}],"wp:attachment":[{"href":"https:\/\/ajatutaja.com\/hr\/wp-json\/wp\/v2\/media?parent=21687"}],"wp:term":[{"taxonomy":"pwb-brand","embeddable":true,"href":"https:\/\/ajatutaja.com\/hr\/wp-json\/wp\/v2\/pwb-brand?post=21687"},{"taxonomy":"product_brand","embeddable":true,"href":"https:\/\/ajatutaja.com\/hr\/wp-json\/wp\/v2\/product_brand?post=21687"},{"taxonomy":"product_cat","embeddable":true,"href":"https:\/\/ajatutaja.com\/hr\/wp-json\/wp\/v2\/product_cat?post=21687"},{"taxonomy":"product_tag","embeddable":true,"href":"https:\/\/ajatutaja.com\/hr\/wp-json\/wp\/v2\/product_tag?post=21687"}],"curies":[{"name":"wp","href":"https:\/\/api.w.org\/{rel}","templated":true}]}}