{"id":21625,"date":"2017-01-11T10:48:10","date_gmt":"2017-01-11T09:48:10","guid":{"rendered":"https:\/\/ajatutaja.com\/izdelek\/nosecniski-pas-carriwell-bela\/"},"modified":"2025-03-03T12:39:45","modified_gmt":"2025-03-03T11:39:45","slug":"nosecniski-pas-carriwell-bela","status":"publish","type":"product","link":"https:\/\/ajatutaja.com\/hr\/proizvod\/nosecniski-pas-carriwell-bela\/","title":{"rendered":"Nose\u010dni\u0161ki podporni pas Carriwell &#8211; White"},"content":{"rendered":"<p>[vc_row][vc_column][vc_column_text]Nose\u010dni\u0161ki podporni pas Carriwell v beli barvi je zasnovan tako, da deluje preventivno in terapevtsko. Uporaba nose\u010dni\u0161kega pasu zmanj\u0161uje tveganje za nateg mi\u0161ice in pomaga sprostiti obstoje\u010de bole\u010dine in nelagodje, ker ne\u017eno dvigne te\u017eo iz medenice in spodnjega dela hrbta, ki je najbolj obremenjen. Diskretna in topla podpora hrbta in trebuha.<\/p>\n<ul>\n<li><strong>Olaj\u0161ava:<\/strong> Toplota in podpora spodnjega dela hrbta zaradi posebne tkanine, ki sprosti pritisk na spodnjem delu hrbta in trebuhu.<\/li>\n<li><strong>Diskretnost:<\/strong> Diskretni in brez\u0161ivni dizajn vam omogo\u010da no\u0161enje tudi pod ozkimi obla\u010dili.<\/li>\n<li><strong>Podpora:<\/strong> Kako raste va\u0161 trebuh tako vam nose\u010dni\u0161ki pas pro\u017ea ve\u010djo podporo.<\/li>\n<li><strong>Ne\u017enost:<\/strong> Lepo se prilega trebuhu in daje ne\u017eno, ter \u010dvrsto podporo pod trebuhom in ob straneh.<\/li>\n<\/ul>\n<ul>\n<li><strong>Udobnost:<\/strong> Edinstven proces izdelave omogo\u010da, da vam pas ne bo lezel navzdol in vedno stal na pravem mestu.<\/li>\n<li><strong>Mehkost:<\/strong> Gladka in zra\u010dna mikrovlakna ne dra\u017eijo ko\u017ee.<\/li>\n<li><strong>Fiksira hla\u010de:<\/strong> Enostavno potegnete pas \u010dez pas in tako prekrijete odpeti del in obdr\u017eite obla\u010dilo na mestu.<\/li>\n<\/ul>\n<p style=\"text-align: center\"><em>Surovinska sestava: 92% poliamid, 8% elastan<\/em><\/p>\n<p>[\/vc_column_text][\/vc_column][\/vc_row]<\/p>\n","protected":false},"excerpt":{"rendered":"<p style=\"text-align: justify\">Nose\u010dni\u0161ki podporni pas Carriwell greje in podpira trebu\u0161\u010dek v \u010dasu nose\u010dnosti, ter obenem slu\u017ei kot opora in razbremenjuje kri\u017eni del hrbta. Pameten dizajn in podporna vlakna tkanine, vam pomagajo popraviti dr\u017eo in odpraviti bole\u010dine v hrbtu. Lepo se prilega trebuhu in daje ne\u017eno, ter \u010dvrsto podporo pod trebuhom in ob straneh. Odli\u010dno se prilega vsakemu trebu\u0161\u010dku zaradi svoje izredne pro\u017enosti.<\/p>\n","protected":false},"featured_media":21626,"template":"","meta":[],"pwb-brand":[2273,2267],"product_brand":[],"product_cat":[2258,2250],"product_tag":[4100,4483],"class_list":{"0":"post-21625","1":"product","2":"type-product","3":"status-publish","4":"has-post-thumbnail","6":"pwb-brand-carriwell","7":"pwb-brand-nosecnost","8":"product_cat-nosecnisko-spodnje-perilo","9":"product_cat-nosecnost","10":"product_tag-carriwell","11":"product_tag-podporni-pas","13":"first","14":"instock","15":"taxable","16":"shipping-taxable","17":"purchasable","18":"product-type-variable","19":"add-to-wishlist-before_image"},"yoast_head":"<!-- This site is optimized with the Yoast SEO plugin v27.3 - https:\/\/yoast.com\/product\/yoast-seo-wordpress\/ -->\n<title>Nose\u010dni\u0161ki podporni pas Carriwell - White | Ajatutaja<\/title>\n<meta name=\"description\" content=\"Nose\u010dni\u0161ki podporni pas Carriwell greje in podpira trebu\u0161\u010dek v \u010dasu nose\u010dnosti, ter obenem slu\u017ei kot opora in razbremenjuje kri\u017eni del hrbta, da manj boli.\" \/>\n<meta name=\"robots\" content=\"index, follow, max-snippet:-1, max-image-preview:large, max-video-preview:-1\" \/>\n<link rel=\"canonical\" href=\"https:\/\/ajatutaja.com\/izdelek\/nosecniski-pas-carriwell-bela\/\" \/>\n<meta property=\"og:locale\" content=\"hr_HR\" \/>\n<meta property=\"og:type\" content=\"article\" \/>\n<meta property=\"og:title\" content=\"Nose\u010dni\u0161ki podporni pas Carriwell - White | Ajatutaja\" \/>\n<meta property=\"og:description\" content=\"Nose\u010dni\u0161ki podporni pas Carriwell greje in podpira trebu\u0161\u010dek v \u010dasu nose\u010dnosti, ter obenem slu\u017ei kot opora in razbremenjuje kri\u017eni del hrbta, da manj boli.\" \/>\n<meta property=\"og:url\" content=\"https:\/\/ajatutaja.com\/izdelek\/nosecniski-pas-carriwell-bela\/\" \/>\n<meta property=\"og:site_name\" content=\"Ajatutaja\" \/>\n<meta property=\"article:modified_time\" content=\"2025-03-03T11:39:45+00:00\" \/>\n<meta property=\"og:image\" content=\"https:\/\/ajatutaja.com\/wp-content\/uploads\/2021\/11\/Wrap-Your-Love-Soft-Support-Band-white.jpg\" \/>\n\t<meta property=\"og:image:width\" content=\"380\" \/>\n\t<meta property=\"og:image:height\" content=\"470\" \/>\n\t<meta property=\"og:image:type\" content=\"image\/jpeg\" \/>\n<meta name=\"twitter:card\" content=\"summary_large_image\" \/>\n<meta name=\"twitter:label1\" content=\"Procijenjeno vrijeme \u010ditanja\" \/>\n\t<meta name=\"twitter:data1\" content=\"1 minuta\" \/>\n<script type=\"application\/ld+json\" class=\"yoast-schema-graph\">{\"@context\":\"https:\\\/\\\/schema.org\",\"@graph\":[{\"@type\":\"WebPage\",\"@id\":\"https:\\\/\\\/ajatutaja.com\\\/izdelek\\\/nosecniski-pas-carriwell-bela\\\/\",\"url\":\"https:\\\/\\\/ajatutaja.com\\\/izdelek\\\/nosecniski-pas-carriwell-bela\\\/\",\"name\":\"Nose\u010dni\u0161ki podporni pas Carriwell - White | Ajatutaja\",\"isPartOf\":{\"@id\":\"https:\\\/\\\/ajatutaja.com\\\/#website\"},\"primaryImageOfPage\":{\"@id\":\"https:\\\/\\\/ajatutaja.com\\\/izdelek\\\/nosecniski-pas-carriwell-bela\\\/#primaryimage\"},\"image\":{\"@id\":\"https:\\\/\\\/ajatutaja.com\\\/izdelek\\\/nosecniski-pas-carriwell-bela\\\/#primaryimage\"},\"thumbnailUrl\":\"https:\\\/\\\/ajatutaja.com\\\/wp-content\\\/uploads\\\/2021\\\/11\\\/Wrap-Your-Love-Soft-Support-Band-white.jpg\",\"datePublished\":\"2017-01-11T09:48:10+00:00\",\"dateModified\":\"2025-03-03T11:39:45+00:00\",\"description\":\"Nose\u010dni\u0161ki podporni pas Carriwell greje in podpira trebu\u0161\u010dek v \u010dasu nose\u010dnosti, ter obenem slu\u017ei kot opora in razbremenjuje kri\u017eni del hrbta, da manj boli.\",\"breadcrumb\":{\"@id\":\"https:\\\/\\\/ajatutaja.com\\\/izdelek\\\/nosecniski-pas-carriwell-bela\\\/#breadcrumb\"},\"inLanguage\":\"hr\",\"potentialAction\":[{\"@type\":\"ReadAction\",\"target\":[\"https:\\\/\\\/ajatutaja.com\\\/izdelek\\\/nosecniski-pas-carriwell-bela\\\/\"]}]},{\"@type\":\"ImageObject\",\"inLanguage\":\"hr\",\"@id\":\"https:\\\/\\\/ajatutaja.com\\\/izdelek\\\/nosecniski-pas-carriwell-bela\\\/#primaryimage\",\"url\":\"https:\\\/\\\/ajatutaja.com\\\/wp-content\\\/uploads\\\/2021\\\/11\\\/Wrap-Your-Love-Soft-Support-Band-white.jpg\",\"contentUrl\":\"https:\\\/\\\/ajatutaja.com\\\/wp-content\\\/uploads\\\/2021\\\/11\\\/Wrap-Your-Love-Soft-Support-Band-white.jpg\",\"width\":380,\"height\":470},{\"@type\":\"BreadcrumbList\",\"@id\":\"https:\\\/\\\/ajatutaja.com\\\/izdelek\\\/nosecniski-pas-carriwell-bela\\\/#breadcrumb\",\"itemListElement\":[{\"@type\":\"ListItem\",\"position\":1,\"name\":\"Home\",\"item\":\"https:\\\/\\\/ajatutaja.com\\\/hr\\\/\"},{\"@type\":\"ListItem\",\"position\":2,\"name\":\"Trgovina\",\"item\":\"https:\\\/\\\/ajatutaja.com\\\/hr\\\/trgovina\\\/\"},{\"@type\":\"ListItem\",\"position\":3,\"name\":\"Nose\u010dni\u0161ki podporni pas Carriwell &#8211; White\"}]},{\"@type\":\"WebSite\",\"@id\":\"https:\\\/\\\/ajatutaja.com\\\/#website\",\"url\":\"https:\\\/\\\/ajatutaja.com\\\/\",\"name\":\"Ajatutaja\",\"description\":\"Otro\u0161ka spletna trgovina AJATUTAJA\",\"publisher\":{\"@id\":\"https:\\\/\\\/ajatutaja.com\\\/#organization\"},\"potentialAction\":[{\"@type\":\"SearchAction\",\"target\":{\"@type\":\"EntryPoint\",\"urlTemplate\":\"https:\\\/\\\/ajatutaja.com\\\/?s={search_term_string}\"},\"query-input\":{\"@type\":\"PropertyValueSpecification\",\"valueRequired\":true,\"valueName\":\"search_term_string\"}}],\"inLanguage\":\"hr\"},{\"@type\":\"Organization\",\"@id\":\"https:\\\/\\\/ajatutaja.com\\\/#organization\",\"name\":\"Ajatutaja\",\"url\":\"https:\\\/\\\/ajatutaja.com\\\/\",\"logo\":{\"@type\":\"ImageObject\",\"inLanguage\":\"hr\",\"@id\":\"https:\\\/\\\/ajatutaja.com\\\/#\\\/schema\\\/logo\\\/image\\\/\",\"url\":\"https:\\\/\\\/ajatutaja.com\\\/wp-content\\\/uploads\\\/2021\\\/10\\\/logo.png\",\"contentUrl\":\"https:\\\/\\\/ajatutaja.com\\\/wp-content\\\/uploads\\\/2021\\\/10\\\/logo.png\",\"width\":555,\"height\":150,\"caption\":\"Ajatutaja\"},\"image\":{\"@id\":\"https:\\\/\\\/ajatutaja.com\\\/#\\\/schema\\\/logo\\\/image\\\/\"}}]}<\/script>\n<!-- \/ Yoast SEO plugin. -->","yoast_head_json":{"title":"Nose\u010dni\u0161ki podporni pas Carriwell - White | Ajatutaja","description":"Nose\u010dni\u0161ki podporni pas Carriwell greje in podpira trebu\u0161\u010dek v \u010dasu nose\u010dnosti, ter obenem slu\u017ei kot opora in razbremenjuje kri\u017eni del hrbta, da manj boli.","robots":{"index":"index","follow":"follow","max-snippet":"max-snippet:-1","max-image-preview":"max-image-preview:large","max-video-preview":"max-video-preview:-1"},"canonical":"https:\/\/ajatutaja.com\/izdelek\/nosecniski-pas-carriwell-bela\/","og_locale":"hr_HR","og_type":"article","og_title":"Nose\u010dni\u0161ki podporni pas Carriwell - White | Ajatutaja","og_description":"Nose\u010dni\u0161ki podporni pas Carriwell greje in podpira trebu\u0161\u010dek v \u010dasu nose\u010dnosti, ter obenem slu\u017ei kot opora in razbremenjuje kri\u017eni del hrbta, da manj boli.","og_url":"https:\/\/ajatutaja.com\/izdelek\/nosecniski-pas-carriwell-bela\/","og_site_name":"Ajatutaja","article_modified_time":"2025-03-03T11:39:45+00:00","og_image":[{"width":380,"height":470,"url":"https:\/\/ajatutaja.com\/wp-content\/uploads\/2021\/11\/Wrap-Your-Love-Soft-Support-Band-white.jpg","type":"image\/jpeg"}],"twitter_card":"summary_large_image","twitter_misc":{"Procijenjeno vrijeme \u010ditanja":"1 minuta"},"schema":{"@context":"https:\/\/schema.org","@graph":[{"@type":"WebPage","@id":"https:\/\/ajatutaja.com\/izdelek\/nosecniski-pas-carriwell-bela\/","url":"https:\/\/ajatutaja.com\/izdelek\/nosecniski-pas-carriwell-bela\/","name":"Nose\u010dni\u0161ki podporni pas Carriwell - White | Ajatutaja","isPartOf":{"@id":"https:\/\/ajatutaja.com\/#website"},"primaryImageOfPage":{"@id":"https:\/\/ajatutaja.com\/izdelek\/nosecniski-pas-carriwell-bela\/#primaryimage"},"image":{"@id":"https:\/\/ajatutaja.com\/izdelek\/nosecniski-pas-carriwell-bela\/#primaryimage"},"thumbnailUrl":"https:\/\/ajatutaja.com\/wp-content\/uploads\/2021\/11\/Wrap-Your-Love-Soft-Support-Band-white.jpg","datePublished":"2017-01-11T09:48:10+00:00","dateModified":"2025-03-03T11:39:45+00:00","description":"Nose\u010dni\u0161ki podporni pas Carriwell greje in podpira trebu\u0161\u010dek v \u010dasu nose\u010dnosti, ter obenem slu\u017ei kot opora in razbremenjuje kri\u017eni del hrbta, da manj boli.","breadcrumb":{"@id":"https:\/\/ajatutaja.com\/izdelek\/nosecniski-pas-carriwell-bela\/#breadcrumb"},"inLanguage":"hr","potentialAction":[{"@type":"ReadAction","target":["https:\/\/ajatutaja.com\/izdelek\/nosecniski-pas-carriwell-bela\/"]}]},{"@type":"ImageObject","inLanguage":"hr","@id":"https:\/\/ajatutaja.com\/izdelek\/nosecniski-pas-carriwell-bela\/#primaryimage","url":"https:\/\/ajatutaja.com\/wp-content\/uploads\/2021\/11\/Wrap-Your-Love-Soft-Support-Band-white.jpg","contentUrl":"https:\/\/ajatutaja.com\/wp-content\/uploads\/2021\/11\/Wrap-Your-Love-Soft-Support-Band-white.jpg","width":380,"height":470},{"@type":"BreadcrumbList","@id":"https:\/\/ajatutaja.com\/izdelek\/nosecniski-pas-carriwell-bela\/#breadcrumb","itemListElement":[{"@type":"ListItem","position":1,"name":"Home","item":"https:\/\/ajatutaja.com\/hr\/"},{"@type":"ListItem","position":2,"name":"Trgovina","item":"https:\/\/ajatutaja.com\/hr\/trgovina\/"},{"@type":"ListItem","position":3,"name":"Nose\u010dni\u0161ki podporni pas Carriwell &#8211; White"}]},{"@type":"WebSite","@id":"https:\/\/ajatutaja.com\/#website","url":"https:\/\/ajatutaja.com\/","name":"Ajatutaja","description":"Otro\u0161ka spletna trgovina AJATUTAJA","publisher":{"@id":"https:\/\/ajatutaja.com\/#organization"},"potentialAction":[{"@type":"SearchAction","target":{"@type":"EntryPoint","urlTemplate":"https:\/\/ajatutaja.com\/?s={search_term_string}"},"query-input":{"@type":"PropertyValueSpecification","valueRequired":true,"valueName":"search_term_string"}}],"inLanguage":"hr"},{"@type":"Organization","@id":"https:\/\/ajatutaja.com\/#organization","name":"Ajatutaja","url":"https:\/\/ajatutaja.com\/","logo":{"@type":"ImageObject","inLanguage":"hr","@id":"https:\/\/ajatutaja.com\/#\/schema\/logo\/image\/","url":"https:\/\/ajatutaja.com\/wp-content\/uploads\/2021\/10\/logo.png","contentUrl":"https:\/\/ajatutaja.com\/wp-content\/uploads\/2021\/10\/logo.png","width":555,"height":150,"caption":"Ajatutaja"},"image":{"@id":"https:\/\/ajatutaja.com\/#\/schema\/logo\/image\/"}}]}},"brands":[{"id":2273,"name":"Carriwell","slug":"carriwell"},{"id":2267,"name":"Nose\u010dnost","slug":"nosecnost"}],"_links":{"self":[{"href":"https:\/\/ajatutaja.com\/hr\/wp-json\/wp\/v2\/product\/21625","targetHints":{"allow":["GET"]}}],"collection":[{"href":"https:\/\/ajatutaja.com\/hr\/wp-json\/wp\/v2\/product"}],"about":[{"href":"https:\/\/ajatutaja.com\/hr\/wp-json\/wp\/v2\/types\/product"}],"wp:featuredmedia":[{"embeddable":true,"href":"https:\/\/ajatutaja.com\/hr\/wp-json\/wp\/v2\/media\/21626"}],"wp:attachment":[{"href":"https:\/\/ajatutaja.com\/hr\/wp-json\/wp\/v2\/media?parent=21625"}],"wp:term":[{"taxonomy":"pwb-brand","embeddable":true,"href":"https:\/\/ajatutaja.com\/hr\/wp-json\/wp\/v2\/pwb-brand?post=21625"},{"taxonomy":"product_brand","embeddable":true,"href":"https:\/\/ajatutaja.com\/hr\/wp-json\/wp\/v2\/product_brand?post=21625"},{"taxonomy":"product_cat","embeddable":true,"href":"https:\/\/ajatutaja.com\/hr\/wp-json\/wp\/v2\/product_cat?post=21625"},{"taxonomy":"product_tag","embeddable":true,"href":"https:\/\/ajatutaja.com\/hr\/wp-json\/wp\/v2\/product_tag?post=21625"}],"curies":[{"name":"wp","href":"https:\/\/api.w.org\/{rel}","templated":true}]}}