{"id":21606,"date":"2016-11-13T18:17:42","date_gmt":"2016-11-13T17:17:42","guid":{"rendered":"https:\/\/ajatutaja.com\/izdelek\/avtosedez-besafe-izi-modular-i-size-61-105-cm\/"},"modified":"2025-08-31T07:37:33","modified_gmt":"2025-08-31T05:37:33","slug":"avtosedez-besafe-izi-modular-i-size-61-105-cm","status":"publish","type":"product","link":"https:\/\/ajatutaja.com\/hr\/proizvod\/avtosedez-besafe-izi-modular-i-size-61-105-cm\/","title":{"rendered":"Avtosede\u017e BeSafe iZi Modular A X1 i-Size (61-105 cm)"},"content":{"rendered":"<p>[vc_row][vc_column][vc_column_text]<\/p>\n<div><strong>BeSafe\u00ae Otro\u0161ki avtosede\u017e iZi Modular A X1 i-Size <\/strong>je prestal je najte\u017eji test na svetu \u2013 Plus Test. Avtosede\u017e ima funkcijo BeSafe Active Retract Harness\u2122, ki pomaga star\u0161em pri zapenjanju otroka. Ta sistem ima napredno konstrukcijo napenjalca pasu v notranjosti sede\u017ea, ki neprekinjeno vle\u010de pasove. Star\u0161i lahko enostavno preverijo \u010de se pasovi tesno prilegajo, tako da povle\u010dejo ramenski del pasu, ki se nahaja znotraj ramenskih blazinic, navzgor.<\/div>\n<div><\/div>\n<div class=\"attribute-short\" style=\"text-align: justify\"><span id=\"result_box\" class=\"\" lang=\"sl\"><span title=\"BeSafe iZi Modular is a modular child seat system, consisting of one ISOfix compatible base and two child seats which conform to the new EU standard R-129 (i-Size).\">BeSafe iZi Modular je modularni sistem otro\u0161kega sede\u017ea, ki je sestavljena iz ene ISOfix baze in dveh otro\u0161kih sede\u017eev, ki so v skladu s standardom R 129 novih EU (i-Size). <\/span><span title=\"When the child grows out of the baby seat, the next seat is used on the same base.\">Ko otrok preraste prvi sede\u017e se naslednji sede\u017e uporablja na isti bazi. <\/span><span title=\"The base module can be extended to allow more legroom for the child, which means children up to the age of about four years (105 cm tall) can travel rear-facing.\">Osnovi modul se lahko podalj\u0161a, da se omogo\u010di ve\u010d prostora za noge za otroka, kar pomeni, da sede\u017e ustreza otroku do starosti pribli\u017eno \u0161tirih let (105 cm visok).<\/span><\/span><\/div>\n<div><strong><span id=\"result_box\" class=\"\" lang=\"sl\"><span title=\"The BeSafe iZi Go Modular i-Size can easily be installed on the iZi Modular i-Size base.\">BeSafe iZi Go Modularni i-Size se enostavno namesti na izi Modular i-Size bazo IsoFix, ki se kupi lo\u010deno !<\/span><\/span><\/strong><\/div>\n<div class=\"attribute-short\" style=\"text-align: justify\">\n<p><span id=\"result_box\" class=\"\" lang=\"sl\"><span title=\"The unique combination of EPS and foam in the seatshell together with soft padding, makes BeSafe iZi Go a very comfortable babyseat for your child.\">Edinstvena kombinacija EPS in pene v lupini skupaj z mehkim oblazinjenjem, naredi BeSafe iZi Modular zelo udoben sede\u017e za va\u0161ega otroka.<\/span><\/span><span id=\"result_box\" class=\"\" lang=\"sl\"> <span title=\"With the padding in the head area used for the first months, improved Side Impact Protection (SIP+) and the baby cushions the seat truly offers superior safety for your baby.\">Z oblazinjenjem v predelu glave, ki se uporablja v prvih mesecih je izbolj\u0161ano z Side Protection Impact (SIP +) kar otroku ponuja resni\u010dno vrhunsko varnost.<\/span><\/span><\/p>\n<p>Nadgrajen je s 3 novimi funkcijami:<\/p>\n<p>Dynamic Force Absorber\u2122 name\u0161\u010den je v vzglavniku in nudi bolj\u0161o za\u0161\u010dito v primeru stranskih trkov<br \/>\nDodatna za\u0161\u010dita pred stranskimi udarci SIP+ je zdaj zasnovana z drsno konstrukcijo za hitro in varno pritrditev na sede\u017e<br \/>\nErgo-Move Shoulder Pads\u2122 razviti na podlagi vpogleda strokovnjakov nem\u0161ke organizacije AGR (Aktion Gesunder R\u00fccken) in otroku nudijo dodaten prostor za gibanje rok<\/p>\n<p>LASTNOSTI:<\/p>\n<ol>\n<li>Namestitev v smeri vo\u017enje ali v nasprotno smer<\/li>\n<li>Po vi\u0161ini nastavljiv vzglavnik<\/li>\n<li>Odstanljiva prednja podpora za \u0161e ve\u010d prostora pri nogah<\/li>\n<li>Magneti ki zadr\u017eijo varnostne pasove na straneh<\/li>\n<li>Varnostna zaponka z enostavnim odpiranjem<\/li>\n<li><span id=\"result_box\" class=\"\" lang=\"sl\">Podporna noga navzdol z <span class=\"\">zvo\u010dnim alarmom<\/span>, ki ozna\u010duje <span class=\"\">pravilne namestitve<\/span><\/span><\/li>\n<li>Udobne blazinice za otroka<\/li>\n<\/ol>\n<p>TEHNI\u010cNE LASTNOSTI:<\/p>\n<ul>\n<li>Namestitev nazaj: 61 \u2013 105 cm<\/li>\n<li>Namestitev naprej: 88 \u2013 105 cm<\/li>\n<li>Starostna meja: 6 months \u2013 4 years<\/li>\n<li>Namestitev v smeri vo\u017enje in nasprotno smer samo z iZi Modular i-Size ISOfix bazo (baza ni v kompletu in se dokupi lo\u010deno!)<\/li>\n<li>Odobren: UN r 129 (i-Size)<\/li>\n<\/ul>\n<\/div>\n<p>[\/vc_column_text][\/vc_column][\/vc_row]<\/p>\n","protected":false},"excerpt":{"rendered":"<p style=\"text-align: justify\"><span id=\"result_box\" class=\"\" lang=\"sl\"><span title=\"The iZi Modular Family is the new innovative child safety system from BeSafe, from newborn to approximately 4 years!\"> BeSafe iZi modular A X1 i-Size je nov sistem varnosti avtosede\u017eev BESAFE, od novorojen\u010dka do pribli\u017eno 4 leta!<\/span><span title=\"BeSafe iZi Modular is a modular child seat system, consisting of one ISOfix compatible base and two child seats which conform to the new EU standard R-129 (i-Size).\"> BeSafe iZi Modular je modularni sistem otro\u0161kega sede\u017ea, ki je sestavljena iz ene ISOfix baze in dveh otro\u0161kih sede\u017eev, ki so v skladu s standardom R 129 novih EU (i-Size). <\/span><span title=\"When the child grows out of the baby seat, the next seat is used on the same base.\">Ko otrok preraste prvi sede\u017e se naslednji sede\u017e uporablja na isti bazi. <\/span><span title=\"The base module can be extended to allow more legroom for the child, which means children up to the age of about four years (105 cm tall) can travel rear-facing.\">Osnovi modul se lahko podalj\u0161a, da se omogo\u010di ve\u010d prostora za noge za otroka, kar pomeni, da sede\u017e ustreza otroku do starosti pribli\u017eno \u0161tirih let (105 cm visok).<\/span><\/span><span id=\"result_box\" class=\"\" lang=\"sl\"><\/span><\/p>\n","protected":false},"featured_media":79686,"template":"","meta":[],"pwb-brand":[2351,2352],"product_brand":[],"product_cat":[2339,4477],"product_tag":[4117,4535],"class_list":{"0":"post-21606","1":"product","2":"type-product","3":"status-publish","4":"has-post-thumbnail","6":"pwb-brand-avtosedezi","7":"pwb-brand-besafe","8":"product_cat-avtosedezi","9":"product_cat-i-size-61-105-cm","10":"product_tag-besafe","11":"product_tag-izigo-modular","13":"first","14":"instock","15":"taxable","16":"shipping-taxable","17":"purchasable","18":"product-type-simple","19":"add-to-wishlist-before_image"},"yoast_head":"<!-- This site is optimized with the Yoast SEO plugin v27.3 - https:\/\/yoast.com\/product\/yoast-seo-wordpress\/ -->\n<title>Avtosede\u017e BeSafe iZi Modular A X1 i-Size (61-105 cm) | Ajatutaja<\/title>\n<meta name=\"description\" content=\"BeSafe iZi Modular je modularni sistem otro\u0161kega sede\u017ea, ki je sestavljena iz ene ISOfix baze in dveh otro\u0161kih sede\u017eev, ki so v skladu s standardom i-Size\" \/>\n<meta name=\"robots\" content=\"index, follow, max-snippet:-1, max-image-preview:large, max-video-preview:-1\" \/>\n<link rel=\"canonical\" href=\"https:\/\/ajatutaja.com\/izdelek\/avtosedez-besafe-izi-modular-i-size-61-105-cm\/\" \/>\n<meta property=\"og:locale\" content=\"hr_HR\" \/>\n<meta property=\"og:type\" content=\"article\" \/>\n<meta property=\"og:title\" content=\"Avtosede\u017e BeSafe iZi Modular A X1 i-Size (61-105 cm) | Ajatutaja\" \/>\n<meta property=\"og:description\" content=\"BeSafe iZi Modular je modularni sistem otro\u0161kega sede\u017ea, ki je sestavljena iz ene ISOfix baze in dveh otro\u0161kih sede\u017eev, ki so v skladu s standardom i-Size\" \/>\n<meta property=\"og:url\" content=\"https:\/\/ajatutaja.com\/izdelek\/avtosedez-besafe-izi-modular-i-size-61-105-cm\/\" \/>\n<meta property=\"og:site_name\" content=\"Ajatutaja\" \/>\n<meta property=\"article:modified_time\" content=\"2025-08-31T05:37:33+00:00\" \/>\n<meta property=\"og:image\" content=\"https:\/\/ajatutaja.com\/wp-content\/uploads\/2016\/11\/11008691_BeSafe_iZi-Modular-X1-i-Size_Fresh-Black-Cab.webp\" \/>\n\t<meta property=\"og:image:width\" content=\"1440\" \/>\n\t<meta property=\"og:image:height\" content=\"1440\" \/>\n\t<meta property=\"og:image:type\" content=\"image\/webp\" \/>\n<meta name=\"twitter:card\" content=\"summary_large_image\" \/>\n<meta name=\"twitter:label1\" content=\"Procijenjeno vrijeme \u010ditanja\" \/>\n\t<meta name=\"twitter:data1\" content=\"2 minute\" \/>\n<script type=\"application\/ld+json\" class=\"yoast-schema-graph\">{\"@context\":\"https:\\\/\\\/schema.org\",\"@graph\":[{\"@type\":\"WebPage\",\"@id\":\"https:\\\/\\\/ajatutaja.com\\\/izdelek\\\/avtosedez-besafe-izi-modular-i-size-61-105-cm\\\/\",\"url\":\"https:\\\/\\\/ajatutaja.com\\\/izdelek\\\/avtosedez-besafe-izi-modular-i-size-61-105-cm\\\/\",\"name\":\"Avtosede\u017e BeSafe iZi Modular A X1 i-Size (61-105 cm) | Ajatutaja\",\"isPartOf\":{\"@id\":\"https:\\\/\\\/ajatutaja.com\\\/#website\"},\"primaryImageOfPage\":{\"@id\":\"https:\\\/\\\/ajatutaja.com\\\/izdelek\\\/avtosedez-besafe-izi-modular-i-size-61-105-cm\\\/#primaryimage\"},\"image\":{\"@id\":\"https:\\\/\\\/ajatutaja.com\\\/izdelek\\\/avtosedez-besafe-izi-modular-i-size-61-105-cm\\\/#primaryimage\"},\"thumbnailUrl\":\"https:\\\/\\\/ajatutaja.com\\\/wp-content\\\/uploads\\\/2016\\\/11\\\/11008691_BeSafe_iZi-Modular-X1-i-Size_Fresh-Black-Cab.webp\",\"datePublished\":\"2016-11-13T17:17:42+00:00\",\"dateModified\":\"2025-08-31T05:37:33+00:00\",\"description\":\"BeSafe iZi Modular je modularni sistem otro\u0161kega sede\u017ea, ki je sestavljena iz ene ISOfix baze in dveh otro\u0161kih sede\u017eev, ki so v skladu s standardom i-Size\",\"breadcrumb\":{\"@id\":\"https:\\\/\\\/ajatutaja.com\\\/izdelek\\\/avtosedez-besafe-izi-modular-i-size-61-105-cm\\\/#breadcrumb\"},\"inLanguage\":\"hr\",\"potentialAction\":[{\"@type\":\"ReadAction\",\"target\":[\"https:\\\/\\\/ajatutaja.com\\\/izdelek\\\/avtosedez-besafe-izi-modular-i-size-61-105-cm\\\/\"]}]},{\"@type\":\"ImageObject\",\"inLanguage\":\"hr\",\"@id\":\"https:\\\/\\\/ajatutaja.com\\\/izdelek\\\/avtosedez-besafe-izi-modular-i-size-61-105-cm\\\/#primaryimage\",\"url\":\"https:\\\/\\\/ajatutaja.com\\\/wp-content\\\/uploads\\\/2016\\\/11\\\/11008691_BeSafe_iZi-Modular-X1-i-Size_Fresh-Black-Cab.webp\",\"contentUrl\":\"https:\\\/\\\/ajatutaja.com\\\/wp-content\\\/uploads\\\/2016\\\/11\\\/11008691_BeSafe_iZi-Modular-X1-i-Size_Fresh-Black-Cab.webp\",\"width\":1440,\"height\":1440},{\"@type\":\"BreadcrumbList\",\"@id\":\"https:\\\/\\\/ajatutaja.com\\\/izdelek\\\/avtosedez-besafe-izi-modular-i-size-61-105-cm\\\/#breadcrumb\",\"itemListElement\":[{\"@type\":\"ListItem\",\"position\":1,\"name\":\"Home\",\"item\":\"https:\\\/\\\/ajatutaja.com\\\/hr\\\/\"},{\"@type\":\"ListItem\",\"position\":2,\"name\":\"Trgovina\",\"item\":\"https:\\\/\\\/ajatutaja.com\\\/hr\\\/trgovina\\\/\"},{\"@type\":\"ListItem\",\"position\":3,\"name\":\"Avtosede\u017e BeSafe iZi Modular A X1 i-Size (61-105 cm)\"}]},{\"@type\":\"WebSite\",\"@id\":\"https:\\\/\\\/ajatutaja.com\\\/#website\",\"url\":\"https:\\\/\\\/ajatutaja.com\\\/\",\"name\":\"Ajatutaja\",\"description\":\"Otro\u0161ka spletna trgovina AJATUTAJA\",\"publisher\":{\"@id\":\"https:\\\/\\\/ajatutaja.com\\\/#organization\"},\"potentialAction\":[{\"@type\":\"SearchAction\",\"target\":{\"@type\":\"EntryPoint\",\"urlTemplate\":\"https:\\\/\\\/ajatutaja.com\\\/?s={search_term_string}\"},\"query-input\":{\"@type\":\"PropertyValueSpecification\",\"valueRequired\":true,\"valueName\":\"search_term_string\"}}],\"inLanguage\":\"hr\"},{\"@type\":\"Organization\",\"@id\":\"https:\\\/\\\/ajatutaja.com\\\/#organization\",\"name\":\"Ajatutaja\",\"url\":\"https:\\\/\\\/ajatutaja.com\\\/\",\"logo\":{\"@type\":\"ImageObject\",\"inLanguage\":\"hr\",\"@id\":\"https:\\\/\\\/ajatutaja.com\\\/#\\\/schema\\\/logo\\\/image\\\/\",\"url\":\"https:\\\/\\\/ajatutaja.com\\\/wp-content\\\/uploads\\\/2021\\\/10\\\/logo.png\",\"contentUrl\":\"https:\\\/\\\/ajatutaja.com\\\/wp-content\\\/uploads\\\/2021\\\/10\\\/logo.png\",\"width\":555,\"height\":150,\"caption\":\"Ajatutaja\"},\"image\":{\"@id\":\"https:\\\/\\\/ajatutaja.com\\\/#\\\/schema\\\/logo\\\/image\\\/\"}}]}<\/script>\n<!-- \/ Yoast SEO plugin. -->","yoast_head_json":{"title":"Avtosede\u017e BeSafe iZi Modular A X1 i-Size (61-105 cm) | Ajatutaja","description":"BeSafe iZi Modular je modularni sistem otro\u0161kega sede\u017ea, ki je sestavljena iz ene ISOfix baze in dveh otro\u0161kih sede\u017eev, ki so v skladu s standardom i-Size","robots":{"index":"index","follow":"follow","max-snippet":"max-snippet:-1","max-image-preview":"max-image-preview:large","max-video-preview":"max-video-preview:-1"},"canonical":"https:\/\/ajatutaja.com\/izdelek\/avtosedez-besafe-izi-modular-i-size-61-105-cm\/","og_locale":"hr_HR","og_type":"article","og_title":"Avtosede\u017e BeSafe iZi Modular A X1 i-Size (61-105 cm) | Ajatutaja","og_description":"BeSafe iZi Modular je modularni sistem otro\u0161kega sede\u017ea, ki je sestavljena iz ene ISOfix baze in dveh otro\u0161kih sede\u017eev, ki so v skladu s standardom i-Size","og_url":"https:\/\/ajatutaja.com\/izdelek\/avtosedez-besafe-izi-modular-i-size-61-105-cm\/","og_site_name":"Ajatutaja","article_modified_time":"2025-08-31T05:37:33+00:00","og_image":[{"width":1440,"height":1440,"url":"https:\/\/ajatutaja.com\/wp-content\/uploads\/2016\/11\/11008691_BeSafe_iZi-Modular-X1-i-Size_Fresh-Black-Cab.webp","type":"image\/webp"}],"twitter_card":"summary_large_image","twitter_misc":{"Procijenjeno vrijeme \u010ditanja":"2 minute"},"schema":{"@context":"https:\/\/schema.org","@graph":[{"@type":"WebPage","@id":"https:\/\/ajatutaja.com\/izdelek\/avtosedez-besafe-izi-modular-i-size-61-105-cm\/","url":"https:\/\/ajatutaja.com\/izdelek\/avtosedez-besafe-izi-modular-i-size-61-105-cm\/","name":"Avtosede\u017e BeSafe iZi Modular A X1 i-Size (61-105 cm) | Ajatutaja","isPartOf":{"@id":"https:\/\/ajatutaja.com\/#website"},"primaryImageOfPage":{"@id":"https:\/\/ajatutaja.com\/izdelek\/avtosedez-besafe-izi-modular-i-size-61-105-cm\/#primaryimage"},"image":{"@id":"https:\/\/ajatutaja.com\/izdelek\/avtosedez-besafe-izi-modular-i-size-61-105-cm\/#primaryimage"},"thumbnailUrl":"https:\/\/ajatutaja.com\/wp-content\/uploads\/2016\/11\/11008691_BeSafe_iZi-Modular-X1-i-Size_Fresh-Black-Cab.webp","datePublished":"2016-11-13T17:17:42+00:00","dateModified":"2025-08-31T05:37:33+00:00","description":"BeSafe iZi Modular je modularni sistem otro\u0161kega sede\u017ea, ki je sestavljena iz ene ISOfix baze in dveh otro\u0161kih sede\u017eev, ki so v skladu s standardom i-Size","breadcrumb":{"@id":"https:\/\/ajatutaja.com\/izdelek\/avtosedez-besafe-izi-modular-i-size-61-105-cm\/#breadcrumb"},"inLanguage":"hr","potentialAction":[{"@type":"ReadAction","target":["https:\/\/ajatutaja.com\/izdelek\/avtosedez-besafe-izi-modular-i-size-61-105-cm\/"]}]},{"@type":"ImageObject","inLanguage":"hr","@id":"https:\/\/ajatutaja.com\/izdelek\/avtosedez-besafe-izi-modular-i-size-61-105-cm\/#primaryimage","url":"https:\/\/ajatutaja.com\/wp-content\/uploads\/2016\/11\/11008691_BeSafe_iZi-Modular-X1-i-Size_Fresh-Black-Cab.webp","contentUrl":"https:\/\/ajatutaja.com\/wp-content\/uploads\/2016\/11\/11008691_BeSafe_iZi-Modular-X1-i-Size_Fresh-Black-Cab.webp","width":1440,"height":1440},{"@type":"BreadcrumbList","@id":"https:\/\/ajatutaja.com\/izdelek\/avtosedez-besafe-izi-modular-i-size-61-105-cm\/#breadcrumb","itemListElement":[{"@type":"ListItem","position":1,"name":"Home","item":"https:\/\/ajatutaja.com\/hr\/"},{"@type":"ListItem","position":2,"name":"Trgovina","item":"https:\/\/ajatutaja.com\/hr\/trgovina\/"},{"@type":"ListItem","position":3,"name":"Avtosede\u017e BeSafe iZi Modular A X1 i-Size (61-105 cm)"}]},{"@type":"WebSite","@id":"https:\/\/ajatutaja.com\/#website","url":"https:\/\/ajatutaja.com\/","name":"Ajatutaja","description":"Otro\u0161ka spletna trgovina AJATUTAJA","publisher":{"@id":"https:\/\/ajatutaja.com\/#organization"},"potentialAction":[{"@type":"SearchAction","target":{"@type":"EntryPoint","urlTemplate":"https:\/\/ajatutaja.com\/?s={search_term_string}"},"query-input":{"@type":"PropertyValueSpecification","valueRequired":true,"valueName":"search_term_string"}}],"inLanguage":"hr"},{"@type":"Organization","@id":"https:\/\/ajatutaja.com\/#organization","name":"Ajatutaja","url":"https:\/\/ajatutaja.com\/","logo":{"@type":"ImageObject","inLanguage":"hr","@id":"https:\/\/ajatutaja.com\/#\/schema\/logo\/image\/","url":"https:\/\/ajatutaja.com\/wp-content\/uploads\/2021\/10\/logo.png","contentUrl":"https:\/\/ajatutaja.com\/wp-content\/uploads\/2021\/10\/logo.png","width":555,"height":150,"caption":"Ajatutaja"},"image":{"@id":"https:\/\/ajatutaja.com\/#\/schema\/logo\/image\/"}}]}},"brands":[{"id":2351,"name":"Avtosede\u017ei","slug":"avtosedezi"},{"id":2352,"name":"BeSafe","slug":"besafe"}],"_links":{"self":[{"href":"https:\/\/ajatutaja.com\/hr\/wp-json\/wp\/v2\/product\/21606","targetHints":{"allow":["GET"]}}],"collection":[{"href":"https:\/\/ajatutaja.com\/hr\/wp-json\/wp\/v2\/product"}],"about":[{"href":"https:\/\/ajatutaja.com\/hr\/wp-json\/wp\/v2\/types\/product"}],"wp:featuredmedia":[{"embeddable":true,"href":"https:\/\/ajatutaja.com\/hr\/wp-json\/wp\/v2\/media\/79686"}],"wp:attachment":[{"href":"https:\/\/ajatutaja.com\/hr\/wp-json\/wp\/v2\/media?parent=21606"}],"wp:term":[{"taxonomy":"pwb-brand","embeddable":true,"href":"https:\/\/ajatutaja.com\/hr\/wp-json\/wp\/v2\/pwb-brand?post=21606"},{"taxonomy":"product_brand","embeddable":true,"href":"https:\/\/ajatutaja.com\/hr\/wp-json\/wp\/v2\/product_brand?post=21606"},{"taxonomy":"product_cat","embeddable":true,"href":"https:\/\/ajatutaja.com\/hr\/wp-json\/wp\/v2\/product_cat?post=21606"},{"taxonomy":"product_tag","embeddable":true,"href":"https:\/\/ajatutaja.com\/hr\/wp-json\/wp\/v2\/product_tag?post=21606"}],"curies":[{"name":"wp","href":"https:\/\/api.w.org\/{rel}","templated":true}]}}